{"id":57416,"date":"2022-04-21T16:09:47","date_gmt":"2022-04-21T20:09:47","guid":{"rendered":"http:\/\/xactskateshop.com\/product\/protege-lames-skate-bont-pour-adultes\/"},"modified":"2022-04-21T16:09:47","modified_gmt":"2022-04-21T20:09:47","slug":"protege-lames-skate-bont-pour-adultes","status":"publish","type":"product","link":"https:\/\/xactskateshop.com\/fr\/produit\/protege-lames-skate-bont-pour-adultes\/","title":{"rendered":"Prot\u00e8ge-lames Skate BONT pour adultes"},"content":{"rendered":"<p><strong>Prot\u00e8ge-poignets Skate-lames pour jeunes et adultes<\/strong><\/p>\n<p>Le prot\u00e8ge-poignet Bont pour jeunes et adultes est con\u00e7u pour offrir un maximum de confort et de soutien. Ce prot\u00e8ge-poignet robuste convient \u00e0 tous les types de patinage et de sports d&#8217;action en plein air : roller, roller derby, park skating, inline, skateboard, BMX et trottinette. <\/p>\n<p>Con\u00e7u pour un maximum de confort et de soutien, ce prot\u00e8ge-poignet est dot\u00e9 d&#8217;un manchon coulissant. Fabriqu\u00e9 avec une maille de nylon extensible dans les 4 sens et une sangle centrale, il offre un ajustement serr\u00e9 mais confortable. Les doubles attelles en ABS moul\u00e9, de haute densit\u00e9 et r\u00e9sistantes aux chocs, offrent une protection \u00e0 l&#8217;avant et \u00e0 l&#8217;arri\u00e8re. La mousse EVA absorbant les chocs entre les attelles de soutien permet d&#8217;amortir le poignet.   <\/p>\n<p>Vous recherchez d&#8217;autres \u00e9quipements de protection ? Consultez nos genouill\u00e8res pour jeunes et adultes, nos coudi\u00e8res et nos genouill\u00e8res professionnelles. <\/p>\n<p>Taille : Petit, Moyen, Grand<br \/>\nCouleur : Noir<br \/>\nD\u00e9velopp\u00e9 par des patineurs professionnels<br \/>\nL&#8217;\u00e9quipe Bont est compos\u00e9e de certains des meilleurs patineurs de roller derby et de park au monde. Chacun de nos patineurs a des ann\u00e9es de patinage \u00e0 son actif et, au cours de cette p\u00e9riode, ils ont tous utilis\u00e9 un certain nombre de prot\u00e8ges-lames et de protections diff\u00e9rents. Nous avons demand\u00e9 \u00e0 tous nos patineurs du monde entier de nous indiquer ce qu&#8217;ils aimaient et ce qu&#8217;ils n&#8217;aimaient pas dans les protections et les prot\u00e8ge-poignets qu&#8217;ils ont utilis\u00e9s au fil des ans et nous leur avons demand\u00e9 de nous faire part de leurs id\u00e9es sur la fa\u00e7on dont nous pourrions fabriquer un prot\u00e8ge-poignet encore plus performant. Nous avons pris en compte tous les commentaires et d\u00e9velopp\u00e9 ce que nous pensons \u00eatre le meilleur prot\u00e8ge-poignet du march\u00e9. Ce projet a \u00e9t\u00e9 dirig\u00e9 par Christine (Shorty) Murray, qui a \u00e9t\u00e9 l&#8217;une des meilleures joueuses de roller derby au monde et qui est aujourd&#8217;hui l&#8217;une des meilleures patineuses de park au monde. Elle sait donc parfaitement ce qu&#8217;il faut faire pour fabriquer le meilleur prot\u00e8ge-poignet de skate.    <\/p>\n<p>Sports pour Coudi\u00e8res<br \/>\nRoller Derby<br \/>\nRoller Skate<br \/>\nIce Skate<br \/>\nPark Skate<br \/>\nScooter<br \/>\nSkateboard<\/p>\n<div>\n<p><img decoding=\"async\" src=\"https:\/\/cdn.shopify.com\/s\/files\/1\/0048\/6242\/files\/Sizing_INCH_Red.png?v=1640058125\" alt=\"Tableau des tailles des coussins de protection Bont, dimensions et informations\"><\/p>\n<\/div>\n","protected":false},"excerpt":{"rendered":"<p><strong>Prot\u00e8ge-poignets Skate-lames pour jeunes et adultes<\/strong><\/p>\n<p>Le prot\u00e8ge-poignet Bont pour jeunes et adultes est con\u00e7u pour offrir un maximum de confort et de soutien. Ce prot\u00e8ge-poignet robuste convient \u00e0 tous les types de patinage et de sports d&#8217;action en plein air : roller, roller derby, park skating, inline, skateboard, BMX et trottinette. <\/p>\n","protected":false},"featured_media":29626,"comment_status":"closed","ping_status":"closed","template":"","meta":{"site-sidebar-layout":"default","site-content-layout":"default","ast-site-content-layout":"default","site-content-style":"default","site-sidebar-style":"default","ast-global-header-display":"","ast-banner-title-visibility":"","ast-main-header-display":"","ast-hfb-above-header-display":"","ast-hfb-below-header-display":"","ast-hfb-mobile-header-display":"","site-post-title":"","ast-breadcrumbs-content":"","ast-featured-img":"","footer-sml-layout":"","theme-transparent-header-meta":"default","adv-header-id-meta":"","stick-header-meta":"","header-above-stick-meta":"","header-main-stick-meta":"","header-below-stick-meta":"","astra-migrate-meta-layouts":"default","ast-page-background-enabled":"default","ast-page-background-meta":{"desktop":{"background-color":"","background-image":"","background-repeat":"repeat","background-position":"center center","background-size":"auto","background-attachment":"scroll","background-type":"","background-media":"","overlay-type":"","overlay-color":"","overlay-opacity":"","overlay-gradient":""},"tablet":{"background-color":"","background-image":"","background-repeat":"repeat","background-position":"center center","background-size":"auto","background-attachment":"scroll","background-type":"","background-media":"","overlay-type":"","overlay-color":"","overlay-opacity":"","overlay-gradient":""},"mobile":{"background-color":"","background-image":"","background-repeat":"repeat","background-position":"center center","background-size":"auto","background-attachment":"scroll","background-type":"","background-media":"","overlay-type":"","overlay-color":"","overlay-opacity":"","overlay-gradient":""}},"ast-content-background-meta":{"desktop":{"background-color":"var(--ast-global-color-5)","background-image":"","background-repeat":"repeat","background-position":"center center","background-size":"auto","background-attachment":"scroll","background-type":"","background-media":"","overlay-type":"","overlay-color":"","overlay-opacity":"","overlay-gradient":""},"tablet":{"background-color":"var(--ast-global-color-5)","background-image":"","background-repeat":"repeat","background-position":"center center","background-size":"auto","background-attachment":"scroll","background-type":"","background-media":"","overlay-type":"","overlay-color":"","overlay-opacity":"","overlay-gradient":""},"mobile":{"background-color":"var(--ast-global-color-5)","background-image":"","background-repeat":"repeat","background-position":"center center","background-size":"auto","background-attachment":"scroll","background-type":"","background-media":"","overlay-type":"","overlay-color":"","overlay-opacity":"","overlay-gradient":""}}},"product_brand":[],"product_cat":[1733,1652,1755],"product_tag":[],"class_list":{"0":"post-57416","1":"product","2":"type-product","3":"status-publish","4":"has-post-thumbnail","6":"product_cat-equipement-de-protection","7":"product_cat-patins-a-roulettes","8":"product_cat-protection-patins-a-roulettes","9":"desktop-align-center","10":"tablet-align-center","11":"mobile-align-center","12":"ast-product-gallery-layout-horizontal","13":"ast-product-single-variable","14":"ast-product-tabs-layout-horizontal","15":"ast-qv-on-image","17":"first","18":"instock","19":"sale","20":"taxable","21":"shipping-taxable","22":"purchasable","23":"product-type-variable"},"bundled_by":[],"bundle_stock_status":"instock","bundle_stock_quantity":null,"bundle_virtual":false,"bundle_layout":"","bundle_add_to_cart_form_location":"","bundle_editable_in_cart":false,"bundle_sold_individually_context":"","bundle_item_grouping":"","bundle_min_size":"","bundle_max_size":"","bundle_price":[],"bundled_items":[],"bundle_sell_ids":[],"yoast_head":"<!-- This site is optimized with the Yoast SEO plugin v27.4 - https:\/\/yoast.com\/product\/yoast-seo-wordpress\/ -->\n<title>Prot\u00e8ge-lames Skate BONT pour adultes - Xact Skate Shop<\/title>\n<meta name=\"description\" content=\"Prot\u00e8ge-lames pour jeunes et adultesLe prot\u00e8ge-lames pour jeunes et adultes de Bont est con\u00e7u pour offrir un maximum de confort et de soutien. Achetez le v\u00f4tre ici !\" \/>\n<meta name=\"robots\" content=\"index, follow, max-snippet:-1, max-image-preview:large, max-video-preview:-1\" \/>\n<link rel=\"canonical\" href=\"https:\/\/xactskateshop.com\/fr\/produit\/protege-lames-skate-bont-pour-adultes\/\" \/>\n<meta property=\"og:locale\" content=\"fr_FR\" \/>\n<meta property=\"og:type\" content=\"article\" \/>\n<meta property=\"og:title\" content=\"Prot\u00e8ge-lames Skate BONT pour adultes - Xact Skate Shop\" \/>\n<meta property=\"og:description\" content=\"Prot\u00e8ge-lames pour jeunes et adultesLe prot\u00e8ge-lames pour jeunes et adultes de Bont est con\u00e7u pour offrir un maximum de confort et de soutien. Achetez le v\u00f4tre ici !\" \/>\n<meta property=\"og:url\" content=\"https:\/\/xactskateshop.com\/fr\/produit\/protege-lames-skate-bont-pour-adultes\/\" \/>\n<meta property=\"og:site_name\" content=\"Xact Skate Shop\" \/>\n<meta property=\"article:publisher\" content=\"https:\/\/www.facebook.com\/JeanLouiskateshop\" \/>\n<meta property=\"og:image\" content=\"https:\/\/xactskateshop.com\/wp-content\/uploads\/2022\/04\/Adult-wrists-Pad_4.jpg\" \/>\n\t<meta property=\"og:image:width\" content=\"1000\" \/>\n\t<meta property=\"og:image:height\" content=\"1000\" \/>\n\t<meta property=\"og:image:type\" content=\"image\/jpeg\" \/>\n<meta name=\"twitter:card\" content=\"summary_large_image\" \/>\n<meta name=\"twitter:label1\" content=\"Dur\u00e9e de lecture estim\u00e9e\" \/>\n\t<meta name=\"twitter:data1\" content=\"2 minutes\" \/>\n<script type=\"application\/ld+json\" class=\"yoast-schema-graph\">{\"@context\":\"https:\\\/\\\/schema.org\",\"@graph\":[{\"@type\":\"WebPage\",\"@id\":\"https:\\\/\\\/xactskateshop.com\\\/fr\\\/produit\\\/protege-lames-skate-bont-pour-adultes\\\/\",\"url\":\"https:\\\/\\\/xactskateshop.com\\\/fr\\\/produit\\\/protege-lames-skate-bont-pour-adultes\\\/\",\"name\":\"Prot\u00e8ge-lames Skate BONT pour adultes - Xact Skate Shop\",\"isPartOf\":{\"@id\":\"http:\\\/\\\/xactskateshop.com\\\/fr\\\/#website\"},\"primaryImageOfPage\":{\"@id\":\"https:\\\/\\\/xactskateshop.com\\\/fr\\\/produit\\\/protege-lames-skate-bont-pour-adultes\\\/#primaryimage\"},\"image\":{\"@id\":\"https:\\\/\\\/xactskateshop.com\\\/fr\\\/produit\\\/protege-lames-skate-bont-pour-adultes\\\/#primaryimage\"},\"thumbnailUrl\":\"https:\\\/\\\/xactskateshop.com\\\/wp-content\\\/uploads\\\/2022\\\/04\\\/Adult-wrists-Pad_4.jpg\",\"datePublished\":\"2022-04-21T20:09:47+00:00\",\"description\":\"Prot\u00e8ge-lames pour jeunes et adultesLe prot\u00e8ge-lames pour jeunes et adultes de Bont est con\u00e7u pour offrir un maximum de confort et de soutien. Achetez le v\u00f4tre ici !\",\"breadcrumb\":{\"@id\":\"https:\\\/\\\/xactskateshop.com\\\/fr\\\/produit\\\/protege-lames-skate-bont-pour-adultes\\\/#breadcrumb\"},\"inLanguage\":\"fr-FR\",\"potentialAction\":[{\"@type\":\"ReadAction\",\"target\":[\"https:\\\/\\\/xactskateshop.com\\\/fr\\\/produit\\\/protege-lames-skate-bont-pour-adultes\\\/\"]}]},{\"@type\":\"ImageObject\",\"inLanguage\":\"fr-FR\",\"@id\":\"https:\\\/\\\/xactskateshop.com\\\/fr\\\/produit\\\/protege-lames-skate-bont-pour-adultes\\\/#primaryimage\",\"url\":\"https:\\\/\\\/xactskateshop.com\\\/wp-content\\\/uploads\\\/2022\\\/04\\\/Adult-wrists-Pad_4.jpg\",\"contentUrl\":\"https:\\\/\\\/xactskateshop.com\\\/wp-content\\\/uploads\\\/2022\\\/04\\\/Adult-wrists-Pad_4.jpg\",\"width\":1000,\"height\":1000},{\"@type\":\"BreadcrumbList\",\"@id\":\"https:\\\/\\\/xactskateshop.com\\\/fr\\\/produit\\\/protege-lames-skate-bont-pour-adultes\\\/#breadcrumb\",\"itemListElement\":[{\"@type\":\"ListItem\",\"position\":1,\"name\":\"Home\",\"item\":\"https:\\\/\\\/xactskateshop.com\\\/fr\\\/accueil\\\/\"},{\"@type\":\"ListItem\",\"position\":2,\"name\":\"Boutique\",\"item\":\"https:\\\/\\\/xactskateshop.com\\\/shop\\\/\"},{\"@type\":\"ListItem\",\"position\":3,\"name\":\"Prot\u00e8ge-lames Skate BONT pour adultes\"}]},{\"@type\":\"WebSite\",\"@id\":\"http:\\\/\\\/xactskateshop.com\\\/fr\\\/#website\",\"url\":\"http:\\\/\\\/xactskateshop.com\\\/fr\\\/\",\"name\":\"Xact Skate Shop\",\"description\":\"Un site utilisant WordPress\",\"publisher\":{\"@id\":\"http:\\\/\\\/xactskateshop.com\\\/fr\\\/#organization\"},\"potentialAction\":[{\"@type\":\"SearchAction\",\"target\":{\"@type\":\"EntryPoint\",\"urlTemplate\":\"http:\\\/\\\/xactskateshop.com\\\/fr\\\/?s={search_term_string}\"},\"query-input\":{\"@type\":\"PropertyValueSpecification\",\"valueRequired\":true,\"valueName\":\"search_term_string\"}}],\"inLanguage\":\"fr-FR\"},{\"@type\":\"Organization\",\"@id\":\"http:\\\/\\\/xactskateshop.com\\\/fr\\\/#organization\",\"name\":\"XACT Skate Shop\",\"url\":\"http:\\\/\\\/xactskateshop.com\\\/fr\\\/\",\"logo\":{\"@type\":\"ImageObject\",\"inLanguage\":\"fr-FR\",\"@id\":\"http:\\\/\\\/xactskateshop.com\\\/fr\\\/#\\\/schema\\\/logo\\\/image\\\/\",\"url\":\"http:\\\/\\\/xactskateshop.com\\\/wp-content\\\/uploads\\\/2024\\\/04\\\/xactskateshop-dot-com-avec-contour-noir-sans-fond-675x.jpg\",\"contentUrl\":\"http:\\\/\\\/xactskateshop.com\\\/wp-content\\\/uploads\\\/2024\\\/04\\\/xactskateshop-dot-com-avec-contour-noir-sans-fond-675x.jpg\",\"width\":675,\"height\":247,\"caption\":\"XACT Skate Shop\"},\"image\":{\"@id\":\"http:\\\/\\\/xactskateshop.com\\\/fr\\\/#\\\/schema\\\/logo\\\/image\\\/\"},\"sameAs\":[\"https:\\\/\\\/www.facebook.com\\\/JeanLouiskateshop\"]}]}<\/script>\n<!-- \/ Yoast SEO plugin. -->","yoast_head_json":{"title":"Prot\u00e8ge-lames Skate BONT pour adultes - Xact Skate Shop","description":"Prot\u00e8ge-lames pour jeunes et adultesLe prot\u00e8ge-lames pour jeunes et adultes de Bont est con\u00e7u pour offrir un maximum de confort et de soutien. Achetez le v\u00f4tre ici !","robots":{"index":"index","follow":"follow","max-snippet":"max-snippet:-1","max-image-preview":"max-image-preview:large","max-video-preview":"max-video-preview:-1"},"canonical":"https:\/\/xactskateshop.com\/fr\/produit\/protege-lames-skate-bont-pour-adultes\/","og_locale":"fr_FR","og_type":"article","og_title":"Prot\u00e8ge-lames Skate BONT pour adultes - Xact Skate Shop","og_description":"Prot\u00e8ge-lames pour jeunes et adultesLe prot\u00e8ge-lames pour jeunes et adultes de Bont est con\u00e7u pour offrir un maximum de confort et de soutien. Achetez le v\u00f4tre ici !","og_url":"https:\/\/xactskateshop.com\/fr\/produit\/protege-lames-skate-bont-pour-adultes\/","og_site_name":"Xact Skate Shop","article_publisher":"https:\/\/www.facebook.com\/JeanLouiskateshop","og_image":[{"width":1000,"height":1000,"url":"https:\/\/xactskateshop.com\/wp-content\/uploads\/2022\/04\/Adult-wrists-Pad_4.jpg","type":"image\/jpeg"}],"twitter_card":"summary_large_image","twitter_misc":{"Dur\u00e9e de lecture estim\u00e9e":"2 minutes"},"schema":{"@context":"https:\/\/schema.org","@graph":[{"@type":"WebPage","@id":"https:\/\/xactskateshop.com\/fr\/produit\/protege-lames-skate-bont-pour-adultes\/","url":"https:\/\/xactskateshop.com\/fr\/produit\/protege-lames-skate-bont-pour-adultes\/","name":"Prot\u00e8ge-lames Skate BONT pour adultes - Xact Skate Shop","isPartOf":{"@id":"http:\/\/xactskateshop.com\/fr\/#website"},"primaryImageOfPage":{"@id":"https:\/\/xactskateshop.com\/fr\/produit\/protege-lames-skate-bont-pour-adultes\/#primaryimage"},"image":{"@id":"https:\/\/xactskateshop.com\/fr\/produit\/protege-lames-skate-bont-pour-adultes\/#primaryimage"},"thumbnailUrl":"https:\/\/xactskateshop.com\/wp-content\/uploads\/2022\/04\/Adult-wrists-Pad_4.jpg","datePublished":"2022-04-21T20:09:47+00:00","description":"Prot\u00e8ge-lames pour jeunes et adultesLe prot\u00e8ge-lames pour jeunes et adultes de Bont est con\u00e7u pour offrir un maximum de confort et de soutien. Achetez le v\u00f4tre ici !","breadcrumb":{"@id":"https:\/\/xactskateshop.com\/fr\/produit\/protege-lames-skate-bont-pour-adultes\/#breadcrumb"},"inLanguage":"fr-FR","potentialAction":[{"@type":"ReadAction","target":["https:\/\/xactskateshop.com\/fr\/produit\/protege-lames-skate-bont-pour-adultes\/"]}]},{"@type":"ImageObject","inLanguage":"fr-FR","@id":"https:\/\/xactskateshop.com\/fr\/produit\/protege-lames-skate-bont-pour-adultes\/#primaryimage","url":"https:\/\/xactskateshop.com\/wp-content\/uploads\/2022\/04\/Adult-wrists-Pad_4.jpg","contentUrl":"https:\/\/xactskateshop.com\/wp-content\/uploads\/2022\/04\/Adult-wrists-Pad_4.jpg","width":1000,"height":1000},{"@type":"BreadcrumbList","@id":"https:\/\/xactskateshop.com\/fr\/produit\/protege-lames-skate-bont-pour-adultes\/#breadcrumb","itemListElement":[{"@type":"ListItem","position":1,"name":"Home","item":"https:\/\/xactskateshop.com\/fr\/accueil\/"},{"@type":"ListItem","position":2,"name":"Boutique","item":"https:\/\/xactskateshop.com\/shop\/"},{"@type":"ListItem","position":3,"name":"Prot\u00e8ge-lames Skate BONT pour adultes"}]},{"@type":"WebSite","@id":"http:\/\/xactskateshop.com\/fr\/#website","url":"http:\/\/xactskateshop.com\/fr\/","name":"Xact Skate Shop","description":"Un site utilisant WordPress","publisher":{"@id":"http:\/\/xactskateshop.com\/fr\/#organization"},"potentialAction":[{"@type":"SearchAction","target":{"@type":"EntryPoint","urlTemplate":"http:\/\/xactskateshop.com\/fr\/?s={search_term_string}"},"query-input":{"@type":"PropertyValueSpecification","valueRequired":true,"valueName":"search_term_string"}}],"inLanguage":"fr-FR"},{"@type":"Organization","@id":"http:\/\/xactskateshop.com\/fr\/#organization","name":"XACT Skate Shop","url":"http:\/\/xactskateshop.com\/fr\/","logo":{"@type":"ImageObject","inLanguage":"fr-FR","@id":"http:\/\/xactskateshop.com\/fr\/#\/schema\/logo\/image\/","url":"http:\/\/xactskateshop.com\/wp-content\/uploads\/2024\/04\/xactskateshop-dot-com-avec-contour-noir-sans-fond-675x.jpg","contentUrl":"http:\/\/xactskateshop.com\/wp-content\/uploads\/2024\/04\/xactskateshop-dot-com-avec-contour-noir-sans-fond-675x.jpg","width":675,"height":247,"caption":"XACT Skate Shop"},"image":{"@id":"http:\/\/xactskateshop.com\/fr\/#\/schema\/logo\/image\/"},"sameAs":["https:\/\/www.facebook.com\/JeanLouiskateshop"]}]}},"_links":{"self":[{"href":"https:\/\/xactskateshop.com\/fr\/wp-json\/wp\/v2\/product\/57416","targetHints":{"allow":["GET"]}}],"collection":[{"href":"https:\/\/xactskateshop.com\/fr\/wp-json\/wp\/v2\/product"}],"about":[{"href":"https:\/\/xactskateshop.com\/fr\/wp-json\/wp\/v2\/types\/product"}],"replies":[{"embeddable":true,"href":"https:\/\/xactskateshop.com\/fr\/wp-json\/wp\/v2\/comments?post=57416"}],"wp:featuredmedia":[{"embeddable":true,"href":"https:\/\/xactskateshop.com\/fr\/wp-json\/wp\/v2\/media\/29626"}],"wp:attachment":[{"href":"https:\/\/xactskateshop.com\/fr\/wp-json\/wp\/v2\/media?parent=57416"}],"wp:term":[{"taxonomy":"product_brand","embeddable":true,"href":"https:\/\/xactskateshop.com\/fr\/wp-json\/wp\/v2\/product_brand?post=57416"},{"taxonomy":"product_cat","embeddable":true,"href":"https:\/\/xactskateshop.com\/fr\/wp-json\/wp\/v2\/product_cat?post=57416"},{"taxonomy":"product_tag","embeddable":true,"href":"https:\/\/xactskateshop.com\/fr\/wp-json\/wp\/v2\/product_tag?post=57416"}],"curies":[{"name":"wp","href":"https:\/\/api.w.org\/{rel}","templated":true}]}}