{"id":57410,"date":"2022-04-26T15:09:06","date_gmt":"2022-04-26T19:09:06","guid":{"rendered":"http:\/\/xactskateshop.com\/product\/bont-patriot-carbon-boa-gt3-package\/"},"modified":"2026-03-13T17:14:29","modified_gmt":"2026-03-13T21:14:29","slug":"ensemble-bont-patriot-carbon-boa-gt3","status":"publish","type":"product","link":"https:\/\/xactskateshop.com\/fr\/produit\/ensemble-bont-patriot-carbon-boa-gt3\/","title":{"rendered":"Ensemble BONT Patriot Carbon BOA\/GT3"},"content":{"rendered":"<p><strong>Un prolongement naturel de votre corps<\/strong><\/p>\n<p>Plus rigide que la Patriot, la Patriot Carbon Boa offre plus de soutien aux patineurs qui cherchent \u00e0 atteindre des vitesses plus \u00e9lev\u00e9es. Ajoutez une molette Boa pour ajuster le serrage de votre chaussure entre les s\u00e9ries.<\/p>\n<p><strong>Caract\u00e9ristiques des bottes :<\/strong><\/p>\n<ul>\n<li>Base en composite de carbone pos\u00e9e \u00e0 la main<\/li>\n<li>R\u00e9sine \u00e9poxy<\/li>\n<li>Languette Orifices d&#8217;a\u00e9ration<\/li>\n<li>Doublure en microfibre<\/li>\n<li>Un cadran Boa + une couverture en dentelle + une sangle velcro sup\u00e9rieure<\/li>\n<li>Construction monocoque faite \u00e0 la main<\/li>\n<li>Languette thermoformable<\/li>\n<li>Lacets cir\u00e9s<\/li>\n<\/ul>\n<div>\n<p><b>Caract\u00e9ristiques<\/b><\/p>\n<div>\n<ul>\n<li><strong>Base :<\/strong> Base en composite de carbone pos\u00e9e \u00e0 la main<\/li>\n<li><strong>Rev\u00eatement ext\u00e9rieur :<\/strong> Microfibre \/ microfibre mate<\/li>\n<li><strong>Doublure :<\/strong> Microfibre<\/li>\n<li><strong>Semelle int\u00e9rieure :<\/strong> Cuir<\/li>\n<li><strong>Thermoformable :<\/strong> Base enti\u00e8rement thermoformable utilisant une r\u00e9sine \u00e9poxy thermodurcissable.<\/li>\n<li><strong>Rembourrage :<\/strong> Mousse \u00e0 m\u00e9moire de forme haute densit\u00e9<\/li>\n<li><strong>Options de fermeture<\/strong>: Cadran BOA, cache-lacet et deux sangles velcro<\/li>\n<li><strong>Options d&#8217;ajustement :<\/strong> Standard, \u00c9troit (+80$), Large (+80$)<strong> (Les options \u00c9troit ou Large peuvent prendre jusqu&#8217;\u00e0 4-6 semaines pour \u00eatre livr\u00e9es, sera factur\u00e9 s\u00e9par\u00e9ment).<\/strong><\/li>\n<li><strong>Monture : <\/strong>165mm<\/li>\n<\/ul>\n<\/div>\n<\/div>\n<p><strong>Lames GT3<\/strong>:<\/p>\n<p>Le GT3 est fabriqu\u00e9 avec le meilleur acier \u00e0 couteau japonais. Elle b\u00e9n\u00e9ficie \u00e9galement de toute la technologie, de la recherche et du d\u00e9veloppement de la nouvelle lame Platinum. Cette lame est fabriqu\u00e9e avec les m\u00eames mat\u00e9riaux que la Platinum, \u00e0 l&#8217;exception de l&#8217;acier. L&#8217;acier de la GT3 est tremp\u00e9 gr\u00e2ce \u00e0 notre expertise de plus de 20 ans dans la fabrication de lames courtes.<\/p>\n<p><strong>Sp\u00e9cifications :<\/strong><\/p>\n<p><strong>Coupe : Mat\u00e9riau : aluminium 7075 T6<\/strong><\/p>\n<p><strong>Rayon : 8m<\/strong><\/p>\n<p><strong>Longueur : 14&#8243;, 14.5&#8243;, 15&#8243;, 15.5&#8243;, 16&#8243;, 16.5&#8243;, 17&#8243;, 17.5&#8243;<\/strong><\/p>\n<p><strong>\u00c9paisseur de la lame : 1,1 mm<\/strong><\/p>\n<p><strong>Duret\u00e9 : 62 Rockwell<\/strong><\/p>\n<p><strong>Cintrage : Cintrage \u00e0 la machine<\/strong><\/p>\n<p><strong><em>LA LONGUEUR DE LA LAME PEUT \u00caTRE MODIFI\u00c9E, VEUILLEZ PR\u00c9CISER LA MODIFICATION DANS LA CASE COMMENTAIRE LORSQUE VOUS PASSEZ VOTRE COMMANDE.<\/em><\/strong><\/p>\n<p><strong>L&#8217;avantage Boa<\/strong><\/p>\n<ul>\n<li>Ajustement semblable \u00e0 un gant<\/li>\n<li>Le syst\u00e8me de fermeture Boa offre un confort personnalis\u00e9 avec une fermeture r\u00e9guli\u00e8re et sans points de pression.<\/li>\n<li>\u00c0 la vol\u00e9e<\/li>\n<li>Ajustez-le facilement d&#8217;une seule main en tournant rapidement la molette Boa. Plus besoin de s&#8217;agenouiller sur la glace mouill\u00e9e.<\/li>\n<li>Une fermeture efficace<\/li>\n<li>Une fois verrouill\u00e9s, les enrouleurs et les lacets Boa restent en place. Les lacets de skate normaux s&#8217;\u00e9tirent de 7 \u00e0 10 %, ce qui explique pourquoi vous devez resserrer vos lacets.<\/li>\n<li>Durable<\/li>\n<li>Fabriqu\u00e9s en acier inoxydable de qualit\u00e9 a\u00e9ronautique, les lacets Boa sont plus r\u00e9sistants au gramme qu&#8217;un blindage de char d&#8217;assaut.<\/li>\n<li>Micro-ajustement<\/li>\n<li>Les moulinets Boa offrent des possibilit\u00e9s de r\u00e9glage infinies.<\/li>\n<li>L\u00e9ger<\/li>\n<li>Les fermetures Boa \u00e9vacuent l&#8217;eau et la glace, ce qui permet de gagner un poids pr\u00e9cieux.<\/li>\n<li>Rapide<\/li>\n<li>Rapidement en marche. Rapide \u00e0 enlever. Le Boa vous permet de gagner du temps pour chausser vos patins.<\/li>\n<\/ul>\n<p><strong><em>LA LONGUEUR DE LA LAME PEUT \u00caTRE MODIFI\u00c9E, VEUILLEZ PR\u00c9CISER LA MODIFICATION DANS LA CASE COMMENTAIRE LORSQUE VOUS PASSEZ VOTRE COMMANDE.<\/em><\/strong><\/p>\n<p>TROUVEZ VOTRE TAILLE <a href=\"https:\/\/canada.bont.com\/pages\/sizing\">ici<\/a><\/p>\n","protected":false},"excerpt":{"rendered":"<hr \/>\n<p style=\"text-align: center;\"><strong>****** veuillez nous contacter \u00e0 info@xactskateshop.com pour conna\u00eetre la disponibilit\u00e9 des tailles\/couleurs avant de passer commande.<\/strong><\/p>\n<hr \/>\n<p>&nbsp;<\/p>\n","protected":false},"featured_media":29646,"comment_status":"open","ping_status":"closed","template":"","meta":{"site-sidebar-layout":"default","site-content-layout":"default","ast-site-content-layout":"default","site-content-style":"default","site-sidebar-style":"default","ast-global-header-display":"","ast-banner-title-visibility":"","ast-main-header-display":"","ast-hfb-above-header-display":"","ast-hfb-below-header-display":"","ast-hfb-mobile-header-display":"","site-post-title":"","ast-breadcrumbs-content":"","ast-featured-img":"","footer-sml-layout":"","theme-transparent-header-meta":"default","adv-header-id-meta":"","stick-header-meta":"","header-above-stick-meta":"","header-main-stick-meta":"","header-below-stick-meta":"","astra-migrate-meta-layouts":"set","ast-page-background-enabled":"default","ast-page-background-meta":{"desktop":{"background-color":"","background-image":"","background-repeat":"repeat","background-position":"center center","background-size":"auto","background-attachment":"scroll","background-type":"","background-media":"","overlay-type":"","overlay-color":"","overlay-opacity":"","overlay-gradient":""},"tablet":{"background-color":"","background-image":"","background-repeat":"repeat","background-position":"center center","background-size":"auto","background-attachment":"scroll","background-type":"","background-media":"","overlay-type":"","overlay-color":"","overlay-opacity":"","overlay-gradient":""},"mobile":{"background-color":"","background-image":"","background-repeat":"repeat","background-position":"center center","background-size":"auto","background-attachment":"scroll","background-type":"","background-media":"","overlay-type":"","overlay-color":"","overlay-opacity":"","overlay-gradient":""}},"ast-content-background-meta":{"desktop":{"background-color":"var(--ast-global-color-5)","background-image":"","background-repeat":"repeat","background-position":"center center","background-size":"auto","background-attachment":"scroll","background-type":"","background-media":"","overlay-type":"","overlay-color":"","overlay-opacity":"","overlay-gradient":""},"tablet":{"background-color":"var(--ast-global-color-5)","background-image":"","background-repeat":"repeat","background-position":"center center","background-size":"auto","background-attachment":"scroll","background-type":"","background-media":"","overlay-type":"","overlay-color":"","overlay-opacity":"","overlay-gradient":""},"mobile":{"background-color":"var(--ast-global-color-5)","background-image":"","background-repeat":"repeat","background-position":"center center","background-size":"auto","background-attachment":"scroll","background-type":"","background-media":"","overlay-type":"","overlay-color":"","overlay-opacity":"","overlay-gradient":""}}},"product_brand":[],"product_cat":[1354,1355,1353],"product_tag":[1436,1390,1468,1356,2060,1382],"class_list":{"0":"post-57410","1":"product","2":"type-product","3":"status-publish","4":"has-post-thumbnail","6":"product_cat-courte-piste","7":"product_cat-ensembles-bottines-et-lames-courte-piste","8":"product_cat-patinage-de-vitesse","9":"product_tag-bottes-boa","10":"product_tag-bottes-bont","11":"product_tag-bottes-st","12":"product_tag-courte-piste-fr","13":"product_tag-lacage-boa","14":"product_tag-patins-a-glace","15":"desktop-align-center","16":"tablet-align-center","17":"mobile-align-center","18":"ast-product-gallery-layout-horizontal","19":"ast-product-single-variable","20":"ast-product-tabs-layout-horizontal","21":"ast-qv-on-image","23":"first","24":"instock","25":"sale","26":"taxable","27":"shipping-taxable","28":"purchasable","29":"product-type-variable"},"bundled_by":[],"bundle_stock_status":"instock","bundle_stock_quantity":null,"bundle_virtual":false,"bundle_layout":"","bundle_add_to_cart_form_location":"","bundle_editable_in_cart":false,"bundle_sold_individually_context":"","bundle_item_grouping":"","bundle_min_size":"","bundle_max_size":"","bundle_price":[],"bundled_items":[],"bundle_sell_ids":[],"yoast_head":"<!-- This site is optimized with the Yoast SEO plugin v27.4 - https:\/\/yoast.com\/product\/yoast-seo-wordpress\/ -->\n<title>Ensemble BONT Patriot Carbon BOA\/GT3 - Xact Skate Shop<\/title>\n<meta name=\"description\" content=\"BONT Patriot Carbon BOA\/GT3. Il offre plus de soutien aux patineurs qui cherchent \u00e0 atteindre des vitesses plus \u00e9lev\u00e9es. Procurez-vous les v\u00f4tres ici!\" \/>\n<meta name=\"robots\" content=\"index, follow, max-snippet:-1, max-image-preview:large, max-video-preview:-1\" \/>\n<link rel=\"canonical\" href=\"https:\/\/xactskateshop.com\/fr\/produit\/ensemble-bont-patriot-carbon-boa-gt3\/\" \/>\n<meta property=\"og:locale\" content=\"fr_FR\" \/>\n<meta property=\"og:type\" content=\"article\" \/>\n<meta property=\"og:title\" content=\"Ensemble BONT Patriot Carbon BOA\/GT3 - Xact Skate Shop\" \/>\n<meta property=\"og:description\" content=\"BONT Patriot Carbon BOA\/GT3. Il offre plus de soutien aux patineurs qui cherchent \u00e0 atteindre des vitesses plus \u00e9lev\u00e9es. Procurez-vous les v\u00f4tres ici!\" \/>\n<meta property=\"og:url\" content=\"https:\/\/xactskateshop.com\/fr\/produit\/ensemble-bont-patriot-carbon-boa-gt3\/\" \/>\n<meta property=\"og:site_name\" content=\"Xact Skate Shop\" \/>\n<meta property=\"article:publisher\" content=\"https:\/\/www.facebook.com\/JeanLouiskateshop\" \/>\n<meta property=\"article:modified_time\" content=\"2026-03-13T21:14:29+00:00\" \/>\n<meta property=\"og:image\" content=\"https:\/\/xactskateshop.com\/wp-content\/uploads\/2022\/04\/patriot-c-boa-lilac-gt3.jpg\" \/>\n\t<meta property=\"og:image:width\" content=\"1000\" \/>\n\t<meta property=\"og:image:height\" content=\"1000\" \/>\n\t<meta property=\"og:image:type\" content=\"image\/jpeg\" \/>\n<meta name=\"twitter:card\" content=\"summary_large_image\" \/>\n<meta name=\"twitter:label1\" content=\"Dur\u00e9e de lecture estim\u00e9e\" \/>\n\t<meta name=\"twitter:data1\" content=\"3 minutes\" \/>\n<script type=\"application\/ld+json\" class=\"yoast-schema-graph\">{\"@context\":\"https:\\\/\\\/schema.org\",\"@graph\":[{\"@type\":\"WebPage\",\"@id\":\"https:\\\/\\\/xactskateshop.com\\\/fr\\\/produit\\\/ensemble-bont-patriot-carbon-boa-gt3\\\/\",\"url\":\"https:\\\/\\\/xactskateshop.com\\\/fr\\\/produit\\\/ensemble-bont-patriot-carbon-boa-gt3\\\/\",\"name\":\"Ensemble BONT Patriot Carbon BOA\\\/GT3 - Xact Skate Shop\",\"isPartOf\":{\"@id\":\"http:\\\/\\\/xactskateshop.com\\\/fr\\\/#website\"},\"primaryImageOfPage\":{\"@id\":\"https:\\\/\\\/xactskateshop.com\\\/fr\\\/produit\\\/ensemble-bont-patriot-carbon-boa-gt3\\\/#primaryimage\"},\"image\":{\"@id\":\"https:\\\/\\\/xactskateshop.com\\\/fr\\\/produit\\\/ensemble-bont-patriot-carbon-boa-gt3\\\/#primaryimage\"},\"thumbnailUrl\":\"https:\\\/\\\/xactskateshop.com\\\/wp-content\\\/uploads\\\/2022\\\/04\\\/patriot-c-boa-lilac-gt3.jpg\",\"datePublished\":\"2022-04-26T19:09:06+00:00\",\"dateModified\":\"2026-03-13T21:14:29+00:00\",\"description\":\"BONT Patriot Carbon BOA\\\/GT3. Il offre plus de soutien aux patineurs qui cherchent \u00e0 atteindre des vitesses plus \u00e9lev\u00e9es. Procurez-vous les v\u00f4tres ici!\",\"breadcrumb\":{\"@id\":\"https:\\\/\\\/xactskateshop.com\\\/fr\\\/produit\\\/ensemble-bont-patriot-carbon-boa-gt3\\\/#breadcrumb\"},\"inLanguage\":\"fr-FR\",\"potentialAction\":[{\"@type\":\"ReadAction\",\"target\":[\"https:\\\/\\\/xactskateshop.com\\\/fr\\\/produit\\\/ensemble-bont-patriot-carbon-boa-gt3\\\/\"]}]},{\"@type\":\"ImageObject\",\"inLanguage\":\"fr-FR\",\"@id\":\"https:\\\/\\\/xactskateshop.com\\\/fr\\\/produit\\\/ensemble-bont-patriot-carbon-boa-gt3\\\/#primaryimage\",\"url\":\"https:\\\/\\\/xactskateshop.com\\\/wp-content\\\/uploads\\\/2022\\\/04\\\/patriot-c-boa-lilac-gt3.jpg\",\"contentUrl\":\"https:\\\/\\\/xactskateshop.com\\\/wp-content\\\/uploads\\\/2022\\\/04\\\/patriot-c-boa-lilac-gt3.jpg\",\"width\":1000,\"height\":1000,\"caption\":\"Boa carbone lilas GT3\"},{\"@type\":\"BreadcrumbList\",\"@id\":\"https:\\\/\\\/xactskateshop.com\\\/fr\\\/produit\\\/ensemble-bont-patriot-carbon-boa-gt3\\\/#breadcrumb\",\"itemListElement\":[{\"@type\":\"ListItem\",\"position\":1,\"name\":\"Home\",\"item\":\"https:\\\/\\\/xactskateshop.com\\\/fr\\\/accueil\\\/\"},{\"@type\":\"ListItem\",\"position\":2,\"name\":\"Boutique\",\"item\":\"https:\\\/\\\/xactskateshop.com\\\/shop\\\/\"},{\"@type\":\"ListItem\",\"position\":3,\"name\":\"Ensemble BONT Patriot Carbon BOA\\\/GT3\"}]},{\"@type\":\"WebSite\",\"@id\":\"http:\\\/\\\/xactskateshop.com\\\/fr\\\/#website\",\"url\":\"http:\\\/\\\/xactskateshop.com\\\/fr\\\/\",\"name\":\"Xact Skate Shop\",\"description\":\"Un site utilisant WordPress\",\"publisher\":{\"@id\":\"http:\\\/\\\/xactskateshop.com\\\/fr\\\/#organization\"},\"potentialAction\":[{\"@type\":\"SearchAction\",\"target\":{\"@type\":\"EntryPoint\",\"urlTemplate\":\"http:\\\/\\\/xactskateshop.com\\\/fr\\\/?s={search_term_string}\"},\"query-input\":{\"@type\":\"PropertyValueSpecification\",\"valueRequired\":true,\"valueName\":\"search_term_string\"}}],\"inLanguage\":\"fr-FR\"},{\"@type\":\"Organization\",\"@id\":\"http:\\\/\\\/xactskateshop.com\\\/fr\\\/#organization\",\"name\":\"XACT Skate Shop\",\"url\":\"http:\\\/\\\/xactskateshop.com\\\/fr\\\/\",\"logo\":{\"@type\":\"ImageObject\",\"inLanguage\":\"fr-FR\",\"@id\":\"http:\\\/\\\/xactskateshop.com\\\/fr\\\/#\\\/schema\\\/logo\\\/image\\\/\",\"url\":\"http:\\\/\\\/xactskateshop.com\\\/wp-content\\\/uploads\\\/2024\\\/04\\\/xactskateshop-dot-com-avec-contour-noir-sans-fond-675x.jpg\",\"contentUrl\":\"http:\\\/\\\/xactskateshop.com\\\/wp-content\\\/uploads\\\/2024\\\/04\\\/xactskateshop-dot-com-avec-contour-noir-sans-fond-675x.jpg\",\"width\":675,\"height\":247,\"caption\":\"XACT Skate Shop\"},\"image\":{\"@id\":\"http:\\\/\\\/xactskateshop.com\\\/fr\\\/#\\\/schema\\\/logo\\\/image\\\/\"},\"sameAs\":[\"https:\\\/\\\/www.facebook.com\\\/JeanLouiskateshop\"]}]}<\/script>\n<!-- \/ Yoast SEO plugin. -->","yoast_head_json":{"title":"Ensemble BONT Patriot Carbon BOA\/GT3 - Xact Skate Shop","description":"BONT Patriot Carbon BOA\/GT3. Il offre plus de soutien aux patineurs qui cherchent \u00e0 atteindre des vitesses plus \u00e9lev\u00e9es. Procurez-vous les v\u00f4tres ici!","robots":{"index":"index","follow":"follow","max-snippet":"max-snippet:-1","max-image-preview":"max-image-preview:large","max-video-preview":"max-video-preview:-1"},"canonical":"https:\/\/xactskateshop.com\/fr\/produit\/ensemble-bont-patriot-carbon-boa-gt3\/","og_locale":"fr_FR","og_type":"article","og_title":"Ensemble BONT Patriot Carbon BOA\/GT3 - Xact Skate Shop","og_description":"BONT Patriot Carbon BOA\/GT3. Il offre plus de soutien aux patineurs qui cherchent \u00e0 atteindre des vitesses plus \u00e9lev\u00e9es. Procurez-vous les v\u00f4tres ici!","og_url":"https:\/\/xactskateshop.com\/fr\/produit\/ensemble-bont-patriot-carbon-boa-gt3\/","og_site_name":"Xact Skate Shop","article_publisher":"https:\/\/www.facebook.com\/JeanLouiskateshop","article_modified_time":"2026-03-13T21:14:29+00:00","og_image":[{"width":1000,"height":1000,"url":"https:\/\/xactskateshop.com\/wp-content\/uploads\/2022\/04\/patriot-c-boa-lilac-gt3.jpg","type":"image\/jpeg"}],"twitter_card":"summary_large_image","twitter_misc":{"Dur\u00e9e de lecture estim\u00e9e":"3 minutes"},"schema":{"@context":"https:\/\/schema.org","@graph":[{"@type":"WebPage","@id":"https:\/\/xactskateshop.com\/fr\/produit\/ensemble-bont-patriot-carbon-boa-gt3\/","url":"https:\/\/xactskateshop.com\/fr\/produit\/ensemble-bont-patriot-carbon-boa-gt3\/","name":"Ensemble BONT Patriot Carbon BOA\/GT3 - Xact Skate Shop","isPartOf":{"@id":"http:\/\/xactskateshop.com\/fr\/#website"},"primaryImageOfPage":{"@id":"https:\/\/xactskateshop.com\/fr\/produit\/ensemble-bont-patriot-carbon-boa-gt3\/#primaryimage"},"image":{"@id":"https:\/\/xactskateshop.com\/fr\/produit\/ensemble-bont-patriot-carbon-boa-gt3\/#primaryimage"},"thumbnailUrl":"https:\/\/xactskateshop.com\/wp-content\/uploads\/2022\/04\/patriot-c-boa-lilac-gt3.jpg","datePublished":"2022-04-26T19:09:06+00:00","dateModified":"2026-03-13T21:14:29+00:00","description":"BONT Patriot Carbon BOA\/GT3. Il offre plus de soutien aux patineurs qui cherchent \u00e0 atteindre des vitesses plus \u00e9lev\u00e9es. Procurez-vous les v\u00f4tres ici!","breadcrumb":{"@id":"https:\/\/xactskateshop.com\/fr\/produit\/ensemble-bont-patriot-carbon-boa-gt3\/#breadcrumb"},"inLanguage":"fr-FR","potentialAction":[{"@type":"ReadAction","target":["https:\/\/xactskateshop.com\/fr\/produit\/ensemble-bont-patriot-carbon-boa-gt3\/"]}]},{"@type":"ImageObject","inLanguage":"fr-FR","@id":"https:\/\/xactskateshop.com\/fr\/produit\/ensemble-bont-patriot-carbon-boa-gt3\/#primaryimage","url":"https:\/\/xactskateshop.com\/wp-content\/uploads\/2022\/04\/patriot-c-boa-lilac-gt3.jpg","contentUrl":"https:\/\/xactskateshop.com\/wp-content\/uploads\/2022\/04\/patriot-c-boa-lilac-gt3.jpg","width":1000,"height":1000,"caption":"Boa carbone lilas GT3"},{"@type":"BreadcrumbList","@id":"https:\/\/xactskateshop.com\/fr\/produit\/ensemble-bont-patriot-carbon-boa-gt3\/#breadcrumb","itemListElement":[{"@type":"ListItem","position":1,"name":"Home","item":"https:\/\/xactskateshop.com\/fr\/accueil\/"},{"@type":"ListItem","position":2,"name":"Boutique","item":"https:\/\/xactskateshop.com\/shop\/"},{"@type":"ListItem","position":3,"name":"Ensemble BONT Patriot Carbon BOA\/GT3"}]},{"@type":"WebSite","@id":"http:\/\/xactskateshop.com\/fr\/#website","url":"http:\/\/xactskateshop.com\/fr\/","name":"Xact Skate Shop","description":"Un site utilisant WordPress","publisher":{"@id":"http:\/\/xactskateshop.com\/fr\/#organization"},"potentialAction":[{"@type":"SearchAction","target":{"@type":"EntryPoint","urlTemplate":"http:\/\/xactskateshop.com\/fr\/?s={search_term_string}"},"query-input":{"@type":"PropertyValueSpecification","valueRequired":true,"valueName":"search_term_string"}}],"inLanguage":"fr-FR"},{"@type":"Organization","@id":"http:\/\/xactskateshop.com\/fr\/#organization","name":"XACT Skate Shop","url":"http:\/\/xactskateshop.com\/fr\/","logo":{"@type":"ImageObject","inLanguage":"fr-FR","@id":"http:\/\/xactskateshop.com\/fr\/#\/schema\/logo\/image\/","url":"http:\/\/xactskateshop.com\/wp-content\/uploads\/2024\/04\/xactskateshop-dot-com-avec-contour-noir-sans-fond-675x.jpg","contentUrl":"http:\/\/xactskateshop.com\/wp-content\/uploads\/2024\/04\/xactskateshop-dot-com-avec-contour-noir-sans-fond-675x.jpg","width":675,"height":247,"caption":"XACT Skate Shop"},"image":{"@id":"http:\/\/xactskateshop.com\/fr\/#\/schema\/logo\/image\/"},"sameAs":["https:\/\/www.facebook.com\/JeanLouiskateshop"]}]}},"_links":{"self":[{"href":"https:\/\/xactskateshop.com\/fr\/wp-json\/wp\/v2\/product\/57410","targetHints":{"allow":["GET"]}}],"collection":[{"href":"https:\/\/xactskateshop.com\/fr\/wp-json\/wp\/v2\/product"}],"about":[{"href":"https:\/\/xactskateshop.com\/fr\/wp-json\/wp\/v2\/types\/product"}],"replies":[{"embeddable":true,"href":"https:\/\/xactskateshop.com\/fr\/wp-json\/wp\/v2\/comments?post=57410"}],"wp:featuredmedia":[{"embeddable":true,"href":"https:\/\/xactskateshop.com\/fr\/wp-json\/wp\/v2\/media\/29646"}],"wp:attachment":[{"href":"https:\/\/xactskateshop.com\/fr\/wp-json\/wp\/v2\/media?parent=57410"}],"wp:term":[{"taxonomy":"product_brand","embeddable":true,"href":"https:\/\/xactskateshop.com\/fr\/wp-json\/wp\/v2\/product_brand?post=57410"},{"taxonomy":"product_cat","embeddable":true,"href":"https:\/\/xactskateshop.com\/fr\/wp-json\/wp\/v2\/product_cat?post=57410"},{"taxonomy":"product_tag","embeddable":true,"href":"https:\/\/xactskateshop.com\/fr\/wp-json\/wp\/v2\/product_tag?post=57410"}],"curies":[{"name":"wp","href":"https:\/\/api.w.org\/{rel}","templated":true}]}}