{"id":57203,"date":"2022-04-21T13:27:57","date_gmt":"2022-04-21T17:27:57","guid":{"rendered":"http:\/\/xactskateshop.com\/product\/kit-de-protection-triple-bont-kids\/"},"modified":"2022-04-21T13:27:57","modified_gmt":"2022-04-21T17:27:57","slug":"kit-de-protection-triple-bont-kids","status":"publish","type":"product","link":"https:\/\/xactskateshop.com\/fr\/produit\/kit-de-protection-triple-bont-kids\/","title":{"rendered":"Kit de protection triple BONT Kids"},"content":{"rendered":"<p>Le kit de triple protection Junior \/ Kids Skate comprend des genouill\u00e8res, des coudi\u00e8res et des prot\u00e8ge-poignets tr\u00e8s r\u00e9sistants. Con\u00e7u pour offrir un maximum de confort et de soutien, cet ensemble de protections convient \u00e0 tous les types de patinage et de sports d&#8217;action en plein air : roller, roller derby, park skating, inline, skateboard, BMX et scooter. <\/p>\n<p>Les genouill\u00e8res et les coudi\u00e8res sont dot\u00e9es de capuchons r\u00e9sistants aux chocs et d&#8217;un rembourrage en mousse EVA pour une protection sup\u00e9rieure. La conception ergonomique permet un ajustement parfait. Les prot\u00e8ge-poignets sont dot\u00e9s d&#8217;une double attelle pour une protection avant et arri\u00e8re et de trois sangles robustes pour un ajustement s\u00fbr et confortable.  <\/p>\n<p>Disponible en deux tailles, Small et Medium, et en deux couleurs, Black et Pink\/Teal. Pour plus d&#8217;informations sur les tailles, veuillez utiliser le tableau ci-dessous. <\/p>\n<p>Si vous recherchez des tailles plus grandes, consultez nos genouill\u00e8res, coudi\u00e8res, prot\u00e8ge-poignets et genouill\u00e8res Pro pour les jeunes et les adultes.<\/p>\n<ul>\n<li><span style=\"font-size: 16px;\">Taille : Petit, Moyen<\/span><\/li>\n<li>Couleur : Noir, Rose\/Teal<\/li>\n<\/ul>\n<div><b>D\u00e9velopp\u00e9 par des patineurs professionnels<\/b><\/div>\n<div>L&#8217;\u00e9quipe Bont est compos\u00e9e de quelques-uns des meilleurs patineurs de roller derby et de park au monde. Chacun de nos patineurs a des ann\u00e9es de patinage \u00e0 son actif et, au cours de cette p\u00e9riode, ils ont tous utilis\u00e9 un certain nombre de protections diff\u00e9rentes pour les coudes, les genoux et les poignets. Nous avons demand\u00e9 \u00e0 tous nos patineurs du monde entier de nous indiquer ce qu&#8217;ils aimaient et ce qu&#8217;ils n&#8217;aimaient pas dans les protections qu&#8217;ils ont utilis\u00e9es au fil des ans et nous leur avons demand\u00e9 de nous faire part de leurs id\u00e9es sur la fa\u00e7on dont nous pourrions fabriquer des protections encore meilleures. Nous avons pris en compte tous les commentaires et d\u00e9velopp\u00e9 ce que nous pensons \u00eatre le meilleur ensemble de protections pour enfants sur le march\u00e9. Ce projet a \u00e9t\u00e9 dirig\u00e9 par Christine (Shorty) Murray, qui a \u00e9t\u00e9 l&#8217;une des meilleures joueuses de roller derby au monde et qui est aujourd&#8217;hui l&#8217;une des meilleures patineuses de park au monde. Elle sait donc parfaitement ce qu&#8217;il faut faire pour fabriquer les meilleures protections de patins.    <\/div>\n<div><\/div>\n<div><b>Sports pour Coudi\u00e8res<\/b><\/div>\n<div>\n<ul>\n<li>Roller Derby<\/li>\n<li>Patin \u00e0 roulettes<\/li>\n<li>Patin \u00e0 glace<\/li>\n<li>Park Skate<\/li>\n<li>Scooter<\/li>\n<li>Planche \u00e0 roulettes<\/li>\n<\/ul>\n<p><b>Convient aux patineurs :<br \/>\n<\/b><\/p>\n<ul>\n<li>genouill\u00e8res et coudi\u00e8res pour les enfants de 8 \u00e0 14 ans<\/li>\n<li>genouill\u00e8res et coudi\u00e8res pour les enfants de 8 \u00e0 12 ans<\/li>\n<li>genouill\u00e8res et coudi\u00e8res pour les enfants de 5 \u00e0 8 ans<\/li>\n<li>genouill\u00e8res et coudi\u00e8res pour enfants 6-8<\/li>\n<li>genouill\u00e8res pour enfants<\/li>\n<li>genouill\u00e8res de patinage<\/li>\n<li>Ensemble de genouill\u00e8res et coudi\u00e8res pour enfants<\/li>\n<li>genouill\u00e8res pour enfants<\/li>\n<li>coudi\u00e8res et genouill\u00e8res pour enfants<\/li>\n<\/ul>\n<p><img decoding=\"async\" src=\"https:\/\/cdn.shopify.com\/s\/files\/1\/0048\/6242\/files\/Sizing_INCH_Red.png?v=1640058125\" alt=\"Tableau des tailles des coussins de protection Bont, dimensions et informations\"><\/p>\n<\/div>\n","protected":false},"excerpt":{"rendered":"<p>Le kit de triple protection Junior \/ Kids Skate comprend des genouill\u00e8res, des coudi\u00e8res et des prot\u00e8ge-poignets tr\u00e8s r\u00e9sistants. Con\u00e7u pour offrir un maximum de confort et de soutien, cet ensemble de protections convient \u00e0 tous les types de patinage et de sports d&#8217;action en plein air : roller, roller derby, park skating, inline, skateboard, BMX et scooter. <\/p>\n","protected":false},"featured_media":29622,"comment_status":"closed","ping_status":"closed","template":"","meta":{"site-sidebar-layout":"default","site-content-layout":"default","ast-site-content-layout":"default","site-content-style":"default","site-sidebar-style":"default","ast-global-header-display":"","ast-banner-title-visibility":"","ast-main-header-display":"","ast-hfb-above-header-display":"","ast-hfb-below-header-display":"","ast-hfb-mobile-header-display":"","site-post-title":"","ast-breadcrumbs-content":"","ast-featured-img":"","footer-sml-layout":"","theme-transparent-header-meta":"default","adv-header-id-meta":"","stick-header-meta":"","header-above-stick-meta":"","header-main-stick-meta":"","header-below-stick-meta":"","astra-migrate-meta-layouts":"default","ast-page-background-enabled":"default","ast-page-background-meta":{"desktop":{"background-color":"","background-image":"","background-repeat":"repeat","background-position":"center center","background-size":"auto","background-attachment":"scroll","background-type":"","background-media":"","overlay-type":"","overlay-color":"","overlay-opacity":"","overlay-gradient":""},"tablet":{"background-color":"","background-image":"","background-repeat":"repeat","background-position":"center center","background-size":"auto","background-attachment":"scroll","background-type":"","background-media":"","overlay-type":"","overlay-color":"","overlay-opacity":"","overlay-gradient":""},"mobile":{"background-color":"","background-image":"","background-repeat":"repeat","background-position":"center center","background-size":"auto","background-attachment":"scroll","background-type":"","background-media":"","overlay-type":"","overlay-color":"","overlay-opacity":"","overlay-gradient":""}},"ast-content-background-meta":{"desktop":{"background-color":"var(--ast-global-color-5)","background-image":"","background-repeat":"repeat","background-position":"center center","background-size":"auto","background-attachment":"scroll","background-type":"","background-media":"","overlay-type":"","overlay-color":"","overlay-opacity":"","overlay-gradient":""},"tablet":{"background-color":"var(--ast-global-color-5)","background-image":"","background-repeat":"repeat","background-position":"center center","background-size":"auto","background-attachment":"scroll","background-type":"","background-media":"","overlay-type":"","overlay-color":"","overlay-opacity":"","overlay-gradient":""},"mobile":{"background-color":"var(--ast-global-color-5)","background-image":"","background-repeat":"repeat","background-position":"center center","background-size":"auto","background-attachment":"scroll","background-type":"","background-media":"","overlay-type":"","overlay-color":"","overlay-opacity":"","overlay-gradient":""}}},"product_brand":[],"product_cat":[1529,1733,1652,1755],"product_tag":[2021,1786],"class_list":{"0":"post-57203","1":"product","2":"type-product","3":"status-publish","4":"has-post-thumbnail","6":"product_cat-accessoires-de-patinage-a-roues-alignees","7":"product_cat-equipement-de-protection","8":"product_cat-patins-a-roulettes","9":"product_cat-protection-patins-a-roulettes","10":"product_tag-coussinets-de-bonte","11":"product_tag-equipement-de-protection-fr","12":"desktop-align-center","13":"tablet-align-center","14":"mobile-align-center","15":"ast-product-gallery-layout-horizontal","16":"ast-product-single-variable","17":"ast-product-tabs-layout-horizontal","18":"ast-qv-on-image","20":"first","21":"instock","22":"sale","23":"taxable","24":"shipping-taxable","25":"purchasable","26":"product-type-variable"},"bundled_by":[],"bundle_stock_status":"instock","bundle_stock_quantity":null,"bundle_virtual":false,"bundle_layout":"","bundle_add_to_cart_form_location":"","bundle_editable_in_cart":false,"bundle_sold_individually_context":"","bundle_item_grouping":"","bundle_min_size":"","bundle_max_size":"","bundle_price":[],"bundled_items":[],"bundle_sell_ids":[],"yoast_head":"<!-- This site is optimized with the Yoast SEO plugin v27.4 - https:\/\/yoast.com\/product\/yoast-seo-wordpress\/ -->\n<title>Kit de protection triple BONT Kids - Xact Skate Shop<\/title>\n<meta name=\"description\" content=\"Le Junior \/ Kids Skate Triple Pad Protection Set comprend des genouill\u00e8res, des coudi\u00e8res et des prot\u00e8ge-poignets tr\u00e8s r\u00e9sistants. Achetez le v\u00f4tre ici !\" \/>\n<meta name=\"robots\" content=\"index, follow, max-snippet:-1, max-image-preview:large, max-video-preview:-1\" \/>\n<link rel=\"canonical\" href=\"https:\/\/xactskateshop.com\/fr\/produit\/kit-de-protection-triple-bont-kids\/\" \/>\n<meta property=\"og:locale\" content=\"fr_FR\" \/>\n<meta property=\"og:type\" content=\"article\" \/>\n<meta property=\"og:title\" content=\"Kit de protection triple BONT Kids - Xact Skate Shop\" \/>\n<meta property=\"og:description\" content=\"Le Junior \/ Kids Skate Triple Pad Protection Set comprend des genouill\u00e8res, des coudi\u00e8res et des prot\u00e8ge-poignets tr\u00e8s r\u00e9sistants. Achetez le v\u00f4tre ici !\" \/>\n<meta property=\"og:url\" content=\"https:\/\/xactskateshop.com\/fr\/produit\/kit-de-protection-triple-bont-kids\/\" \/>\n<meta property=\"og:site_name\" content=\"Xact Skate Shop\" \/>\n<meta property=\"article:publisher\" content=\"https:\/\/www.facebook.com\/JeanLouiskateshop\" \/>\n<meta property=\"og:image\" content=\"https:\/\/xactskateshop.com\/wp-content\/uploads\/2022\/04\/Kids-pads-Pink-Teal_M-1.jpg\" \/>\n\t<meta property=\"og:image:width\" content=\"1000\" \/>\n\t<meta property=\"og:image:height\" content=\"1000\" \/>\n\t<meta property=\"og:image:type\" content=\"image\/jpeg\" \/>\n<meta name=\"twitter:card\" content=\"summary_large_image\" \/>\n<meta name=\"twitter:label1\" content=\"Dur\u00e9e de lecture estim\u00e9e\" \/>\n\t<meta name=\"twitter:data1\" content=\"2 minutes\" \/>\n<script type=\"application\/ld+json\" class=\"yoast-schema-graph\">{\"@context\":\"https:\\\/\\\/schema.org\",\"@graph\":[{\"@type\":\"WebPage\",\"@id\":\"https:\\\/\\\/xactskateshop.com\\\/fr\\\/produit\\\/kit-de-protection-triple-bont-kids\\\/\",\"url\":\"https:\\\/\\\/xactskateshop.com\\\/fr\\\/produit\\\/kit-de-protection-triple-bont-kids\\\/\",\"name\":\"Kit de protection triple BONT Kids - Xact Skate Shop\",\"isPartOf\":{\"@id\":\"http:\\\/\\\/xactskateshop.com\\\/fr\\\/#website\"},\"primaryImageOfPage\":{\"@id\":\"https:\\\/\\\/xactskateshop.com\\\/fr\\\/produit\\\/kit-de-protection-triple-bont-kids\\\/#primaryimage\"},\"image\":{\"@id\":\"https:\\\/\\\/xactskateshop.com\\\/fr\\\/produit\\\/kit-de-protection-triple-bont-kids\\\/#primaryimage\"},\"thumbnailUrl\":\"https:\\\/\\\/xactskateshop.com\\\/wp-content\\\/uploads\\\/2022\\\/04\\\/Kids-pads-Pink-Teal_M-1.jpg\",\"datePublished\":\"2022-04-21T17:27:57+00:00\",\"description\":\"Le Junior \\\/ Kids Skate Triple Pad Protection Set comprend des genouill\u00e8res, des coudi\u00e8res et des prot\u00e8ge-poignets tr\u00e8s r\u00e9sistants. Achetez le v\u00f4tre ici !\",\"breadcrumb\":{\"@id\":\"https:\\\/\\\/xactskateshop.com\\\/fr\\\/produit\\\/kit-de-protection-triple-bont-kids\\\/#breadcrumb\"},\"inLanguage\":\"fr-FR\",\"potentialAction\":[{\"@type\":\"ReadAction\",\"target\":[\"https:\\\/\\\/xactskateshop.com\\\/fr\\\/produit\\\/kit-de-protection-triple-bont-kids\\\/\"]}]},{\"@type\":\"ImageObject\",\"inLanguage\":\"fr-FR\",\"@id\":\"https:\\\/\\\/xactskateshop.com\\\/fr\\\/produit\\\/kit-de-protection-triple-bont-kids\\\/#primaryimage\",\"url\":\"https:\\\/\\\/xactskateshop.com\\\/wp-content\\\/uploads\\\/2022\\\/04\\\/Kids-pads-Pink-Teal_M-1.jpg\",\"contentUrl\":\"https:\\\/\\\/xactskateshop.com\\\/wp-content\\\/uploads\\\/2022\\\/04\\\/Kids-pads-Pink-Teal_M-1.jpg\",\"width\":1000,\"height\":1000},{\"@type\":\"BreadcrumbList\",\"@id\":\"https:\\\/\\\/xactskateshop.com\\\/fr\\\/produit\\\/kit-de-protection-triple-bont-kids\\\/#breadcrumb\",\"itemListElement\":[{\"@type\":\"ListItem\",\"position\":1,\"name\":\"Home\",\"item\":\"https:\\\/\\\/xactskateshop.com\\\/fr\\\/accueil\\\/\"},{\"@type\":\"ListItem\",\"position\":2,\"name\":\"Boutique\",\"item\":\"https:\\\/\\\/xactskateshop.com\\\/shop\\\/\"},{\"@type\":\"ListItem\",\"position\":3,\"name\":\"Kit de protection triple BONT Kids\"}]},{\"@type\":\"WebSite\",\"@id\":\"http:\\\/\\\/xactskateshop.com\\\/fr\\\/#website\",\"url\":\"http:\\\/\\\/xactskateshop.com\\\/fr\\\/\",\"name\":\"Xact Skate Shop\",\"description\":\"Un site utilisant WordPress\",\"publisher\":{\"@id\":\"http:\\\/\\\/xactskateshop.com\\\/fr\\\/#organization\"},\"potentialAction\":[{\"@type\":\"SearchAction\",\"target\":{\"@type\":\"EntryPoint\",\"urlTemplate\":\"http:\\\/\\\/xactskateshop.com\\\/fr\\\/?s={search_term_string}\"},\"query-input\":{\"@type\":\"PropertyValueSpecification\",\"valueRequired\":true,\"valueName\":\"search_term_string\"}}],\"inLanguage\":\"fr-FR\"},{\"@type\":\"Organization\",\"@id\":\"http:\\\/\\\/xactskateshop.com\\\/fr\\\/#organization\",\"name\":\"XACT Skate Shop\",\"url\":\"http:\\\/\\\/xactskateshop.com\\\/fr\\\/\",\"logo\":{\"@type\":\"ImageObject\",\"inLanguage\":\"fr-FR\",\"@id\":\"http:\\\/\\\/xactskateshop.com\\\/fr\\\/#\\\/schema\\\/logo\\\/image\\\/\",\"url\":\"http:\\\/\\\/xactskateshop.com\\\/wp-content\\\/uploads\\\/2024\\\/04\\\/xactskateshop-dot-com-avec-contour-noir-sans-fond-675x.jpg\",\"contentUrl\":\"http:\\\/\\\/xactskateshop.com\\\/wp-content\\\/uploads\\\/2024\\\/04\\\/xactskateshop-dot-com-avec-contour-noir-sans-fond-675x.jpg\",\"width\":675,\"height\":247,\"caption\":\"XACT Skate Shop\"},\"image\":{\"@id\":\"http:\\\/\\\/xactskateshop.com\\\/fr\\\/#\\\/schema\\\/logo\\\/image\\\/\"},\"sameAs\":[\"https:\\\/\\\/www.facebook.com\\\/JeanLouiskateshop\"]}]}<\/script>\n<!-- \/ Yoast SEO plugin. -->","yoast_head_json":{"title":"Kit de protection triple BONT Kids - Xact Skate Shop","description":"Le Junior \/ Kids Skate Triple Pad Protection Set comprend des genouill\u00e8res, des coudi\u00e8res et des prot\u00e8ge-poignets tr\u00e8s r\u00e9sistants. Achetez le v\u00f4tre ici !","robots":{"index":"index","follow":"follow","max-snippet":"max-snippet:-1","max-image-preview":"max-image-preview:large","max-video-preview":"max-video-preview:-1"},"canonical":"https:\/\/xactskateshop.com\/fr\/produit\/kit-de-protection-triple-bont-kids\/","og_locale":"fr_FR","og_type":"article","og_title":"Kit de protection triple BONT Kids - Xact Skate Shop","og_description":"Le Junior \/ Kids Skate Triple Pad Protection Set comprend des genouill\u00e8res, des coudi\u00e8res et des prot\u00e8ge-poignets tr\u00e8s r\u00e9sistants. Achetez le v\u00f4tre ici !","og_url":"https:\/\/xactskateshop.com\/fr\/produit\/kit-de-protection-triple-bont-kids\/","og_site_name":"Xact Skate Shop","article_publisher":"https:\/\/www.facebook.com\/JeanLouiskateshop","og_image":[{"width":1000,"height":1000,"url":"https:\/\/xactskateshop.com\/wp-content\/uploads\/2022\/04\/Kids-pads-Pink-Teal_M-1.jpg","type":"image\/jpeg"}],"twitter_card":"summary_large_image","twitter_misc":{"Dur\u00e9e de lecture estim\u00e9e":"2 minutes"},"schema":{"@context":"https:\/\/schema.org","@graph":[{"@type":"WebPage","@id":"https:\/\/xactskateshop.com\/fr\/produit\/kit-de-protection-triple-bont-kids\/","url":"https:\/\/xactskateshop.com\/fr\/produit\/kit-de-protection-triple-bont-kids\/","name":"Kit de protection triple BONT Kids - Xact Skate Shop","isPartOf":{"@id":"http:\/\/xactskateshop.com\/fr\/#website"},"primaryImageOfPage":{"@id":"https:\/\/xactskateshop.com\/fr\/produit\/kit-de-protection-triple-bont-kids\/#primaryimage"},"image":{"@id":"https:\/\/xactskateshop.com\/fr\/produit\/kit-de-protection-triple-bont-kids\/#primaryimage"},"thumbnailUrl":"https:\/\/xactskateshop.com\/wp-content\/uploads\/2022\/04\/Kids-pads-Pink-Teal_M-1.jpg","datePublished":"2022-04-21T17:27:57+00:00","description":"Le Junior \/ Kids Skate Triple Pad Protection Set comprend des genouill\u00e8res, des coudi\u00e8res et des prot\u00e8ge-poignets tr\u00e8s r\u00e9sistants. Achetez le v\u00f4tre ici !","breadcrumb":{"@id":"https:\/\/xactskateshop.com\/fr\/produit\/kit-de-protection-triple-bont-kids\/#breadcrumb"},"inLanguage":"fr-FR","potentialAction":[{"@type":"ReadAction","target":["https:\/\/xactskateshop.com\/fr\/produit\/kit-de-protection-triple-bont-kids\/"]}]},{"@type":"ImageObject","inLanguage":"fr-FR","@id":"https:\/\/xactskateshop.com\/fr\/produit\/kit-de-protection-triple-bont-kids\/#primaryimage","url":"https:\/\/xactskateshop.com\/wp-content\/uploads\/2022\/04\/Kids-pads-Pink-Teal_M-1.jpg","contentUrl":"https:\/\/xactskateshop.com\/wp-content\/uploads\/2022\/04\/Kids-pads-Pink-Teal_M-1.jpg","width":1000,"height":1000},{"@type":"BreadcrumbList","@id":"https:\/\/xactskateshop.com\/fr\/produit\/kit-de-protection-triple-bont-kids\/#breadcrumb","itemListElement":[{"@type":"ListItem","position":1,"name":"Home","item":"https:\/\/xactskateshop.com\/fr\/accueil\/"},{"@type":"ListItem","position":2,"name":"Boutique","item":"https:\/\/xactskateshop.com\/shop\/"},{"@type":"ListItem","position":3,"name":"Kit de protection triple BONT Kids"}]},{"@type":"WebSite","@id":"http:\/\/xactskateshop.com\/fr\/#website","url":"http:\/\/xactskateshop.com\/fr\/","name":"Xact Skate Shop","description":"Un site utilisant WordPress","publisher":{"@id":"http:\/\/xactskateshop.com\/fr\/#organization"},"potentialAction":[{"@type":"SearchAction","target":{"@type":"EntryPoint","urlTemplate":"http:\/\/xactskateshop.com\/fr\/?s={search_term_string}"},"query-input":{"@type":"PropertyValueSpecification","valueRequired":true,"valueName":"search_term_string"}}],"inLanguage":"fr-FR"},{"@type":"Organization","@id":"http:\/\/xactskateshop.com\/fr\/#organization","name":"XACT Skate Shop","url":"http:\/\/xactskateshop.com\/fr\/","logo":{"@type":"ImageObject","inLanguage":"fr-FR","@id":"http:\/\/xactskateshop.com\/fr\/#\/schema\/logo\/image\/","url":"http:\/\/xactskateshop.com\/wp-content\/uploads\/2024\/04\/xactskateshop-dot-com-avec-contour-noir-sans-fond-675x.jpg","contentUrl":"http:\/\/xactskateshop.com\/wp-content\/uploads\/2024\/04\/xactskateshop-dot-com-avec-contour-noir-sans-fond-675x.jpg","width":675,"height":247,"caption":"XACT Skate Shop"},"image":{"@id":"http:\/\/xactskateshop.com\/fr\/#\/schema\/logo\/image\/"},"sameAs":["https:\/\/www.facebook.com\/JeanLouiskateshop"]}]}},"_links":{"self":[{"href":"https:\/\/xactskateshop.com\/fr\/wp-json\/wp\/v2\/product\/57203","targetHints":{"allow":["GET"]}}],"collection":[{"href":"https:\/\/xactskateshop.com\/fr\/wp-json\/wp\/v2\/product"}],"about":[{"href":"https:\/\/xactskateshop.com\/fr\/wp-json\/wp\/v2\/types\/product"}],"replies":[{"embeddable":true,"href":"https:\/\/xactskateshop.com\/fr\/wp-json\/wp\/v2\/comments?post=57203"}],"wp:featuredmedia":[{"embeddable":true,"href":"https:\/\/xactskateshop.com\/fr\/wp-json\/wp\/v2\/media\/29622"}],"wp:attachment":[{"href":"https:\/\/xactskateshop.com\/fr\/wp-json\/wp\/v2\/media?parent=57203"}],"wp:term":[{"taxonomy":"product_brand","embeddable":true,"href":"https:\/\/xactskateshop.com\/fr\/wp-json\/wp\/v2\/product_brand?post=57203"},{"taxonomy":"product_cat","embeddable":true,"href":"https:\/\/xactskateshop.com\/fr\/wp-json\/wp\/v2\/product_cat?post=57203"},{"taxonomy":"product_tag","embeddable":true,"href":"https:\/\/xactskateshop.com\/fr\/wp-json\/wp\/v2\/product_tag?post=57203"}],"curies":[{"name":"wp","href":"https:\/\/api.w.org\/{rel}","templated":true}]}}