{"id":57179,"date":"2022-04-07T16:22:21","date_gmt":"2022-04-07T20:22:21","guid":{"rendered":"http:\/\/xactskateshop.com\/product\/skate-tec-m-wave-180-lames-fermes\/"},"modified":"2025-10-04T13:37:15","modified_gmt":"2025-10-04T17:37:15","slug":"skate-tec-m-wave-180-lames-fermes","status":"publish","type":"product","link":"https:\/\/xactskateshop.com\/fr\/produit\/skate-tec-m-wave-180-lames-fermes\/","title":{"rendered":"SKATE-TEC M-Wave 180 Lames fermes"},"content":{"rendered":"<h2>SKATE-TEC M-Wave 180 Lames fermes<\/h2>\n<p><span style=\"font-size: 16px; font-style: normal; font-weight: 400;\">SKATE-TEC M-Wave 180 Courte Piste Ferme<\/span><span style=\"font-size: 16px; font-style: normal; font-weight: 400;\"> patinage<\/span><span style=\"font-size: 16px; font-style: normal; font-weight: 400;\"> lames<\/span><span style=\"font-size: 16px;\"> a \u00e9norm\u00e9ment \u00e9volu\u00e9 au cours des derni\u00e8res ann\u00e9es. Les athl\u00e8tes atteignent des vitesses plus \u00e9lev\u00e9es et repoussent les limites de leur \u00e9quipement sur la glace. La recherche d&#8217;une plus grande stabilit\u00e9 et d&#8217;une plus grande s\u00e9curit\u00e9 a conduit les athl\u00e8tes \u00e0 demander des coupes de lames plus \u00e9lev\u00e9es, afin de minimiser le contact de la botte avec la glace dans les virages. La gamme de lames M-Wave de Skate-Tec r\u00e9pond \u00e0 cette demande. <\/span><\/p>\n<p>Les lames Courte Piste Mwave se distinguent par leur fourche en forme de &#8220;M&#8221;. Cette construction permet un meilleur transfert des charges \u00e9lev\u00e9es pendant le patinage. Elles r\u00e9partissent \u00e9galement la rigidit\u00e9 de mani\u00e8re plus homog\u00e8ne sur le tube. Il en r\u00e9sulte une plus grande stabilit\u00e9 et donc plus de vitesse.<\/p>\n<p>Le tube Firm a un peu plus de mati\u00e8re \u00e0 la base du tube. Cela rend le patin plus rigide, de sorte qu&#8217;il peut garder sa courbure avec des forces plus \u00e9lev\u00e9es. Les tubes fermes conviennent mieux aux patineurs plus lourds.<\/p>\n<p>Les tubes standard ont une section transversale plus \u00e9lev\u00e9e au milieu du tube. Cela rend le tube standard plus rigide dans la direction normale. Un tube standard maintiendra mieux son rocker.<\/p>\n<p>La tendance en shorttrack est d&#8217;aller plus haut. Les bonnets de +10mm ne sont plus une raret\u00e9. La M-Wave Firm est donc par d\u00e9faut 5mm plus haute que la normale. Le M-Wave Flex est par d\u00e9faut 3mm plus haut. La hauteur est mesur\u00e9e sur la base de la hauteur de bonnet par d\u00e9faut des autres marques.<\/p>\n<p>&nbsp;<\/p>\n<h3>Sp\u00e9cifications M-Wave 180 Firm<\/h3>\n<ul>\n<li>Tube : Tube anodis\u00e9 en aluminium 7000<\/li>\n<li>Hauteur du pilier : 59 mm<\/li>\n<li>Lame : 1,1 mm d&#8217;\u00e9paisseur<\/li>\n<li>62HRC Bi-M\u00e9tal<\/li>\n<li>Pr\u00e9-courb\u00e9<\/li>\n<\/ul>\n<h6>Rigidit\u00e9 : Ferme pour les patineurs de 145lbs &#8211; +<\/h6>\n<h6><\/h6>\n<h6><span style=\"color: #ff0000;\">Pr\u00e9paration des lames : Nous faisons un rocker progressif ST-9 sur ces lames.<\/span><span style=\"color: #0000ff;\"> <a style=\"color: #0000ff;\" href=\"http:\/\/xactskateshop.com\/product\/short-track-blade-rockering\/\">(voir les num\u00e9ros ici)<\/a> <\/span><span style=\"color: #ff0000;\">ainsi que le bend correspondant<\/span><\/h6>\n<h3 style=\"text-align: center;\"><\/h3>\n<p>&nbsp;<\/p>\n","protected":false},"excerpt":{"rendered":"<p>&nbsp;<\/p>\n<hr \/>\n<p style=\"text-align: center;\">Le M-Wave se distingue par ses fourches en forme de &#8220;M&#8221;. Cette construction permet un meilleur transfert des charges \u00e9lev\u00e9es pendant le patinage. La rigidit\u00e9 est \u00e9galement mieux r\u00e9partie sur le tube. Il en r\u00e9sulte une plus grande stabilit\u00e9 et donc plus de vitesse.<\/p>\n<hr \/>\n<p>&nbsp;<\/p>\n","protected":false},"featured_media":29540,"comment_status":"open","ping_status":"closed","template":"","meta":{"site-sidebar-layout":"default","site-content-layout":"default","ast-site-content-layout":"default","site-content-style":"default","site-sidebar-style":"default","ast-global-header-display":"","ast-banner-title-visibility":"","ast-main-header-display":"","ast-hfb-above-header-display":"","ast-hfb-below-header-display":"","ast-hfb-mobile-header-display":"","site-post-title":"","ast-breadcrumbs-content":"","ast-featured-img":"","footer-sml-layout":"","theme-transparent-header-meta":"default","adv-header-id-meta":"","stick-header-meta":"","header-above-stick-meta":"","header-main-stick-meta":"","header-below-stick-meta":"","astra-migrate-meta-layouts":"set","ast-page-background-enabled":"default","ast-page-background-meta":{"desktop":{"background-color":"","background-image":"","background-repeat":"repeat","background-position":"center center","background-size":"auto","background-attachment":"scroll","background-type":"","background-media":"","overlay-type":"","overlay-color":"","overlay-opacity":"","overlay-gradient":""},"tablet":{"background-color":"","background-image":"","background-repeat":"repeat","background-position":"center center","background-size":"auto","background-attachment":"scroll","background-type":"","background-media":"","overlay-type":"","overlay-color":"","overlay-opacity":"","overlay-gradient":""},"mobile":{"background-color":"","background-image":"","background-repeat":"repeat","background-position":"center center","background-size":"auto","background-attachment":"scroll","background-type":"","background-media":"","overlay-type":"","overlay-color":"","overlay-opacity":"","overlay-gradient":""}},"ast-content-background-meta":{"desktop":{"background-color":"var(--ast-global-color-5)","background-image":"","background-repeat":"repeat","background-position":"center center","background-size":"auto","background-attachment":"scroll","background-type":"","background-media":"","overlay-type":"","overlay-color":"","overlay-opacity":"","overlay-gradient":""},"tablet":{"background-color":"var(--ast-global-color-5)","background-image":"","background-repeat":"repeat","background-position":"center center","background-size":"auto","background-attachment":"scroll","background-type":"","background-media":"","overlay-type":"","overlay-color":"","overlay-opacity":"","overlay-gradient":""},"mobile":{"background-color":"var(--ast-global-color-5)","background-image":"","background-repeat":"repeat","background-position":"center center","background-size":"auto","background-attachment":"scroll","background-type":"","background-media":"","overlay-type":"","overlay-color":"","overlay-opacity":"","overlay-gradient":""}}},"product_brand":[],"product_cat":[1354,1457,1353],"product_tag":[1356,1397,2010,2011],"class_list":{"0":"post-57179","1":"product","2":"type-product","3":"status-publish","4":"has-post-thumbnail","6":"product_cat-courte-piste","7":"product_cat-lames-et-pieces-patinage-de-vitesse-courte-piste","8":"product_cat-patinage-de-vitesse","9":"product_tag-courte-piste-fr","10":"product_tag-lames-de-st","11":"product_tag-lames-mwave","12":"product_tag-lames-skate-tec","13":"desktop-align-center","14":"tablet-align-center","15":"mobile-align-center","16":"ast-product-gallery-layout-horizontal","17":"ast-product-gallery-with-no-image","18":"ast-product-single-variable","19":"ast-product-tabs-layout-horizontal","20":"ast-qv-on-image","22":"first","23":"instock","24":"sale","25":"taxable","26":"shipping-taxable","27":"purchasable","28":"product-type-variable"},"bundled_by":[],"bundle_stock_status":"instock","bundle_stock_quantity":null,"bundle_virtual":false,"bundle_layout":"","bundle_add_to_cart_form_location":"","bundle_editable_in_cart":false,"bundle_sold_individually_context":"","bundle_item_grouping":"","bundle_min_size":"","bundle_max_size":"","bundle_price":[],"bundled_items":[],"bundle_sell_ids":[],"yoast_head":"<!-- This site is optimized with the Yoast SEO plugin v27.4 - https:\/\/yoast.com\/product\/yoast-seo-wordpress\/ -->\n<title>SKATE-TEC M-Wave 180 Firm Blades - Xact Skate Shop.<\/title>\n<meta name=\"description\" content=\"SKATE-TEC M-Wave 180 Lames fermes. Les M-Wave sont des fourches en forme de &quot;M&quot;. La construction permet un meilleur transfert des charges \u00e9lev\u00e9es pendant le patinage.\" \/>\n<meta name=\"robots\" content=\"index, follow, max-snippet:-1, max-image-preview:large, max-video-preview:-1\" \/>\n<link rel=\"canonical\" href=\"https:\/\/xactskateshop.com\/fr\/produit\/skate-tec-m-wave-180-lames-fermes\/\" \/>\n<meta property=\"og:locale\" content=\"fr_FR\" \/>\n<meta property=\"og:type\" content=\"article\" \/>\n<meta property=\"og:title\" content=\"SKATE-TEC M-Wave 180 Firm Blades - Xact Skate Shop.\" \/>\n<meta property=\"og:description\" content=\"SKATE-TEC M-Wave 180 Lames fermes. Les M-Wave sont des fourches en forme de &quot;M&quot;. La construction permet un meilleur transfert des charges \u00e9lev\u00e9es pendant le patinage.\" \/>\n<meta property=\"og:url\" content=\"https:\/\/xactskateshop.com\/fr\/produit\/skate-tec-m-wave-180-lames-fermes\/\" \/>\n<meta property=\"og:site_name\" content=\"Xact Skate Shop\" \/>\n<meta property=\"article:publisher\" content=\"https:\/\/www.facebook.com\/JeanLouiskateshop\" \/>\n<meta property=\"article:modified_time\" content=\"2025-10-04T17:37:15+00:00\" \/>\n<meta property=\"og:image\" content=\"https:\/\/xactskateshop.com\/wp-content\/uploads\/2022\/04\/M-Wave-Firm-low-noise-95.png\" \/>\n\t<meta property=\"og:image:width\" content=\"1000\" \/>\n\t<meta property=\"og:image:height\" content=\"1000\" \/>\n\t<meta property=\"og:image:type\" content=\"image\/png\" \/>\n<meta name=\"twitter:card\" content=\"summary_large_image\" \/>\n<meta name=\"twitter:label1\" content=\"Dur\u00e9e de lecture estim\u00e9e\" \/>\n\t<meta name=\"twitter:data1\" content=\"2 minutes\" \/>\n<script type=\"application\/ld+json\" class=\"yoast-schema-graph\">{\"@context\":\"https:\\\/\\\/schema.org\",\"@graph\":[{\"@type\":\"WebPage\",\"@id\":\"https:\\\/\\\/xactskateshop.com\\\/fr\\\/produit\\\/skate-tec-m-wave-180-lames-fermes\\\/\",\"url\":\"https:\\\/\\\/xactskateshop.com\\\/fr\\\/produit\\\/skate-tec-m-wave-180-lames-fermes\\\/\",\"name\":\"SKATE-TEC M-Wave 180 Firm Blades - Xact Skate Shop.\",\"isPartOf\":{\"@id\":\"http:\\\/\\\/xactskateshop.com\\\/fr\\\/#website\"},\"primaryImageOfPage\":{\"@id\":\"https:\\\/\\\/xactskateshop.com\\\/fr\\\/produit\\\/skate-tec-m-wave-180-lames-fermes\\\/#primaryimage\"},\"image\":{\"@id\":\"https:\\\/\\\/xactskateshop.com\\\/fr\\\/produit\\\/skate-tec-m-wave-180-lames-fermes\\\/#primaryimage\"},\"thumbnailUrl\":\"https:\\\/\\\/xactskateshop.com\\\/wp-content\\\/uploads\\\/2022\\\/04\\\/M-Wave-Firm-low-noise-95.png\",\"datePublished\":\"2022-04-07T20:22:21+00:00\",\"dateModified\":\"2025-10-04T17:37:15+00:00\",\"description\":\"SKATE-TEC M-Wave 180 Lames fermes. Les M-Wave sont des fourches en forme de \\\"M\\\". La construction permet un meilleur transfert des charges \u00e9lev\u00e9es pendant le patinage.\",\"breadcrumb\":{\"@id\":\"https:\\\/\\\/xactskateshop.com\\\/fr\\\/produit\\\/skate-tec-m-wave-180-lames-fermes\\\/#breadcrumb\"},\"inLanguage\":\"fr-FR\",\"potentialAction\":[{\"@type\":\"ReadAction\",\"target\":[\"https:\\\/\\\/xactskateshop.com\\\/fr\\\/produit\\\/skate-tec-m-wave-180-lames-fermes\\\/\"]}]},{\"@type\":\"ImageObject\",\"inLanguage\":\"fr-FR\",\"@id\":\"https:\\\/\\\/xactskateshop.com\\\/fr\\\/produit\\\/skate-tec-m-wave-180-lames-fermes\\\/#primaryimage\",\"url\":\"https:\\\/\\\/xactskateshop.com\\\/wp-content\\\/uploads\\\/2022\\\/04\\\/M-Wave-Firm-low-noise-95.png\",\"contentUrl\":\"https:\\\/\\\/xactskateshop.com\\\/wp-content\\\/uploads\\\/2022\\\/04\\\/M-Wave-Firm-low-noise-95.png\",\"width\":1000,\"height\":1000,\"caption\":\"Courte Piste Lames d'ondes moyennes\"},{\"@type\":\"BreadcrumbList\",\"@id\":\"https:\\\/\\\/xactskateshop.com\\\/fr\\\/produit\\\/skate-tec-m-wave-180-lames-fermes\\\/#breadcrumb\",\"itemListElement\":[{\"@type\":\"ListItem\",\"position\":1,\"name\":\"Home\",\"item\":\"https:\\\/\\\/xactskateshop.com\\\/fr\\\/accueil\\\/\"},{\"@type\":\"ListItem\",\"position\":2,\"name\":\"Boutique\",\"item\":\"https:\\\/\\\/xactskateshop.com\\\/shop\\\/\"},{\"@type\":\"ListItem\",\"position\":3,\"name\":\"SKATE-TEC M-Wave 180 Lames fermes\"}]},{\"@type\":\"WebSite\",\"@id\":\"http:\\\/\\\/xactskateshop.com\\\/fr\\\/#website\",\"url\":\"http:\\\/\\\/xactskateshop.com\\\/fr\\\/\",\"name\":\"Xact Skate Shop\",\"description\":\"Un site utilisant WordPress\",\"publisher\":{\"@id\":\"http:\\\/\\\/xactskateshop.com\\\/fr\\\/#organization\"},\"potentialAction\":[{\"@type\":\"SearchAction\",\"target\":{\"@type\":\"EntryPoint\",\"urlTemplate\":\"http:\\\/\\\/xactskateshop.com\\\/fr\\\/?s={search_term_string}\"},\"query-input\":{\"@type\":\"PropertyValueSpecification\",\"valueRequired\":true,\"valueName\":\"search_term_string\"}}],\"inLanguage\":\"fr-FR\"},{\"@type\":\"Organization\",\"@id\":\"http:\\\/\\\/xactskateshop.com\\\/fr\\\/#organization\",\"name\":\"XACT Skate Shop\",\"url\":\"http:\\\/\\\/xactskateshop.com\\\/fr\\\/\",\"logo\":{\"@type\":\"ImageObject\",\"inLanguage\":\"fr-FR\",\"@id\":\"http:\\\/\\\/xactskateshop.com\\\/fr\\\/#\\\/schema\\\/logo\\\/image\\\/\",\"url\":\"http:\\\/\\\/xactskateshop.com\\\/wp-content\\\/uploads\\\/2024\\\/04\\\/xactskateshop-dot-com-avec-contour-noir-sans-fond-675x.jpg\",\"contentUrl\":\"http:\\\/\\\/xactskateshop.com\\\/wp-content\\\/uploads\\\/2024\\\/04\\\/xactskateshop-dot-com-avec-contour-noir-sans-fond-675x.jpg\",\"width\":675,\"height\":247,\"caption\":\"XACT Skate Shop\"},\"image\":{\"@id\":\"http:\\\/\\\/xactskateshop.com\\\/fr\\\/#\\\/schema\\\/logo\\\/image\\\/\"},\"sameAs\":[\"https:\\\/\\\/www.facebook.com\\\/JeanLouiskateshop\"]}]}<\/script>\n<!-- \/ Yoast SEO plugin. -->","yoast_head_json":{"title":"SKATE-TEC M-Wave 180 Firm Blades - Xact Skate Shop.","description":"SKATE-TEC M-Wave 180 Lames fermes. Les M-Wave sont des fourches en forme de \"M\". La construction permet un meilleur transfert des charges \u00e9lev\u00e9es pendant le patinage.","robots":{"index":"index","follow":"follow","max-snippet":"max-snippet:-1","max-image-preview":"max-image-preview:large","max-video-preview":"max-video-preview:-1"},"canonical":"https:\/\/xactskateshop.com\/fr\/produit\/skate-tec-m-wave-180-lames-fermes\/","og_locale":"fr_FR","og_type":"article","og_title":"SKATE-TEC M-Wave 180 Firm Blades - Xact Skate Shop.","og_description":"SKATE-TEC M-Wave 180 Lames fermes. Les M-Wave sont des fourches en forme de \"M\". La construction permet un meilleur transfert des charges \u00e9lev\u00e9es pendant le patinage.","og_url":"https:\/\/xactskateshop.com\/fr\/produit\/skate-tec-m-wave-180-lames-fermes\/","og_site_name":"Xact Skate Shop","article_publisher":"https:\/\/www.facebook.com\/JeanLouiskateshop","article_modified_time":"2025-10-04T17:37:15+00:00","og_image":[{"width":1000,"height":1000,"url":"https:\/\/xactskateshop.com\/wp-content\/uploads\/2022\/04\/M-Wave-Firm-low-noise-95.png","type":"image\/png"}],"twitter_card":"summary_large_image","twitter_misc":{"Dur\u00e9e de lecture estim\u00e9e":"2 minutes"},"schema":{"@context":"https:\/\/schema.org","@graph":[{"@type":"WebPage","@id":"https:\/\/xactskateshop.com\/fr\/produit\/skate-tec-m-wave-180-lames-fermes\/","url":"https:\/\/xactskateshop.com\/fr\/produit\/skate-tec-m-wave-180-lames-fermes\/","name":"SKATE-TEC M-Wave 180 Firm Blades - Xact Skate Shop.","isPartOf":{"@id":"http:\/\/xactskateshop.com\/fr\/#website"},"primaryImageOfPage":{"@id":"https:\/\/xactskateshop.com\/fr\/produit\/skate-tec-m-wave-180-lames-fermes\/#primaryimage"},"image":{"@id":"https:\/\/xactskateshop.com\/fr\/produit\/skate-tec-m-wave-180-lames-fermes\/#primaryimage"},"thumbnailUrl":"https:\/\/xactskateshop.com\/wp-content\/uploads\/2022\/04\/M-Wave-Firm-low-noise-95.png","datePublished":"2022-04-07T20:22:21+00:00","dateModified":"2025-10-04T17:37:15+00:00","description":"SKATE-TEC M-Wave 180 Lames fermes. Les M-Wave sont des fourches en forme de \"M\". La construction permet un meilleur transfert des charges \u00e9lev\u00e9es pendant le patinage.","breadcrumb":{"@id":"https:\/\/xactskateshop.com\/fr\/produit\/skate-tec-m-wave-180-lames-fermes\/#breadcrumb"},"inLanguage":"fr-FR","potentialAction":[{"@type":"ReadAction","target":["https:\/\/xactskateshop.com\/fr\/produit\/skate-tec-m-wave-180-lames-fermes\/"]}]},{"@type":"ImageObject","inLanguage":"fr-FR","@id":"https:\/\/xactskateshop.com\/fr\/produit\/skate-tec-m-wave-180-lames-fermes\/#primaryimage","url":"https:\/\/xactskateshop.com\/wp-content\/uploads\/2022\/04\/M-Wave-Firm-low-noise-95.png","contentUrl":"https:\/\/xactskateshop.com\/wp-content\/uploads\/2022\/04\/M-Wave-Firm-low-noise-95.png","width":1000,"height":1000,"caption":"Courte Piste Lames d'ondes moyennes"},{"@type":"BreadcrumbList","@id":"https:\/\/xactskateshop.com\/fr\/produit\/skate-tec-m-wave-180-lames-fermes\/#breadcrumb","itemListElement":[{"@type":"ListItem","position":1,"name":"Home","item":"https:\/\/xactskateshop.com\/fr\/accueil\/"},{"@type":"ListItem","position":2,"name":"Boutique","item":"https:\/\/xactskateshop.com\/shop\/"},{"@type":"ListItem","position":3,"name":"SKATE-TEC M-Wave 180 Lames fermes"}]},{"@type":"WebSite","@id":"http:\/\/xactskateshop.com\/fr\/#website","url":"http:\/\/xactskateshop.com\/fr\/","name":"Xact Skate Shop","description":"Un site utilisant WordPress","publisher":{"@id":"http:\/\/xactskateshop.com\/fr\/#organization"},"potentialAction":[{"@type":"SearchAction","target":{"@type":"EntryPoint","urlTemplate":"http:\/\/xactskateshop.com\/fr\/?s={search_term_string}"},"query-input":{"@type":"PropertyValueSpecification","valueRequired":true,"valueName":"search_term_string"}}],"inLanguage":"fr-FR"},{"@type":"Organization","@id":"http:\/\/xactskateshop.com\/fr\/#organization","name":"XACT Skate Shop","url":"http:\/\/xactskateshop.com\/fr\/","logo":{"@type":"ImageObject","inLanguage":"fr-FR","@id":"http:\/\/xactskateshop.com\/fr\/#\/schema\/logo\/image\/","url":"http:\/\/xactskateshop.com\/wp-content\/uploads\/2024\/04\/xactskateshop-dot-com-avec-contour-noir-sans-fond-675x.jpg","contentUrl":"http:\/\/xactskateshop.com\/wp-content\/uploads\/2024\/04\/xactskateshop-dot-com-avec-contour-noir-sans-fond-675x.jpg","width":675,"height":247,"caption":"XACT Skate Shop"},"image":{"@id":"http:\/\/xactskateshop.com\/fr\/#\/schema\/logo\/image\/"},"sameAs":["https:\/\/www.facebook.com\/JeanLouiskateshop"]}]}},"_links":{"self":[{"href":"https:\/\/xactskateshop.com\/fr\/wp-json\/wp\/v2\/product\/57179","targetHints":{"allow":["GET"]}}],"collection":[{"href":"https:\/\/xactskateshop.com\/fr\/wp-json\/wp\/v2\/product"}],"about":[{"href":"https:\/\/xactskateshop.com\/fr\/wp-json\/wp\/v2\/types\/product"}],"replies":[{"embeddable":true,"href":"https:\/\/xactskateshop.com\/fr\/wp-json\/wp\/v2\/comments?post=57179"}],"wp:featuredmedia":[{"embeddable":true,"href":"https:\/\/xactskateshop.com\/fr\/wp-json\/wp\/v2\/media\/29540"}],"wp:attachment":[{"href":"https:\/\/xactskateshop.com\/fr\/wp-json\/wp\/v2\/media?parent=57179"}],"wp:term":[{"taxonomy":"product_brand","embeddable":true,"href":"https:\/\/xactskateshop.com\/fr\/wp-json\/wp\/v2\/product_brand?post=57179"},{"taxonomy":"product_cat","embeddable":true,"href":"https:\/\/xactskateshop.com\/fr\/wp-json\/wp\/v2\/product_cat?post=57179"},{"taxonomy":"product_tag","embeddable":true,"href":"https:\/\/xactskateshop.com\/fr\/wp-json\/wp\/v2\/product_tag?post=57179"}],"curies":[{"name":"wp","href":"https:\/\/api.w.org\/{rel}","templated":true}]}}