{"id":57177,"date":"2022-04-16T11:48:34","date_gmt":"2022-04-16T15:48:34","guid":{"rendered":"http:\/\/xactskateshop.com\/product\/roues-k2-strobe-pack-de-2-roues\/"},"modified":"2022-04-16T11:48:34","modified_gmt":"2022-04-16T15:48:34","slug":"roues-k2-strobe-pack-de-2-roues","status":"publish","type":"product","link":"https:\/\/xactskateshop.com\/fr\/produit\/roues-k2-strobe-pack-de-2-roues\/","title":{"rendered":"Roues K2 Strobe (PACK DE 2 roues)"},"content":{"rendered":"<div class=\"description\" data-v-542275e2=\"\">\n<div data-v-542275e2=\"\">roues k2 strobe<\/div>\n<div class=\"description\" data-v-542275e2=\"\">Illuminez vos patins ! Les NOUVELLES roues Strobe \u00e9clairent la chauss\u00e9e lorsqu&#8217;elles sont en mouvement gr\u00e2ce \u00e0 des LED rouges aliment\u00e9es par des entretoises \u00e0 bande magn\u00e9tique. Disponibles en 2 paquets de 72mm, 80mm, 84mm et 90mm. Donnez un nouveau look \u00e0 vos patins et illuminez la nuit !   <\/div>\n<div data-v-542275e2=\"\"><\/div>\n<div data-v-542275e2=\"\">Les roues de skate LED utilisent un syst\u00e8me de dynamo magn\u00e9tique pour g\u00e9n\u00e9rer de l&#8217;\u00e9lectricit\u00e9 \u00e0 partir de la rotation de la roue, qui alimente ensuite les lumi\u00e8res LED. Une entretoise magn\u00e9tique situ\u00e9e \u00e0 l&#8217;int\u00e9rieur de la roue agit comme un g\u00e9n\u00e9rateur, transformant l&#8217;\u00e9nergie m\u00e9canique de la roue en \u00e9lectricit\u00e9. Aucune pile n&#8217;est n\u00e9cessaire et les roues s&#8217;allument automatiquement lorsqu&#8217;elles roulent.<br \/>\nVoici une explication plus d\u00e9taill\u00e9e :<br \/>\nMagnetic Spacer : Ces roues sont \u00e9quip\u00e9es d&#8217;une entretoise magn\u00e9tique sp\u00e9ciale \u00e0 l&#8217;int\u00e9rieur du moyeu de la roue, entre les roulements.<br \/>\nSyst\u00e8me de dynamo : Lorsque la roue tourne, l&#8217;entretoise magn\u00e9tique interagit avec le moyeu, g\u00e9n\u00e9rant de l&#8217;\u00e9lectricit\u00e9, \u00e0 l&#8217;instar d&#8217;une dynamo.<br \/>\nLumi\u00e8res LED : L&#8217;\u00e9lectricit\u00e9 g\u00e9n\u00e9r\u00e9e alimente ensuite les lumi\u00e8res LED de la roue.<br \/>\nPas de piles : Les roues n&#8217;ont pas besoin de piles ; elles sont enti\u00e8rement aliment\u00e9es par le mouvement de la roue.<br \/>\nIntensit\u00e9 : Plus les lumi\u00e8res sont vives, plus la roue tourne vite.<br \/>\nPoints cl\u00e9s \u00e0 retenir :<br \/>\nL&#8217;entretoise magn\u00e9tique est l&#8217;\u00e9l\u00e9ment cl\u00e9 qui permet \u00e0 ces roues de fonctionner.<br \/>\nCes roues sont con\u00e7ues pour assurer la s\u00e9curit\u00e9 et la visibilit\u00e9, en particulier la nuit.<br \/>\nLes roues peuvent parfois n\u00e9cessiter le poids du corps de l&#8217;utilisateur pour activer les lumi\u00e8res ou une pression d&#8217;appui sp\u00e9cifique.<br \/>\nLe moyeu de ces roues est souvent plus \u00e9pais que celui des roues ordinaires, ce qui peut n\u00e9cessiter un axe plus long ou l&#8217;inversion de l&#8217;\u00e9crou de l&#8217;axe.<\/div>\n<div class=\"specs\" data-v-542275e2=\"\">\n<div class=\"list-group\" data-v-542275e2=\"\">\n<h4 data-v-542275e2=\"\"><\/h4>\n<\/div>\n<\/div>\n<\/div>\n<div class=\"specs\" data-v-542275e2=\"\">\n<div class=\"list-group\" data-v-542275e2=\"\">\n<h4 data-v-542275e2=\"\">TAILLE<\/h4>\n<p>Pack 2 roues<span class=\"comma\" data-v-542275e2=\"\">,<\/span><\/p>\n<p>Voir d&#8217;autres roues <a href=\"http:\/\/xactskateshop.com\/product-category\/inline-speed-skating\/inline-speed-skating-wheels\/\">ici<\/a><\/p>\n<p>Pour en savoir plus sur les patins K2, <a href=\"https:\/\/k2skates.com\/en-ca\/?tw_source=google&amp;tw_adid=&amp;tw_campaign=21137230700&amp;gad_source=1&amp;gad_campaignid=21140728498&amp;gbraid=0AAAAADPp6u4t1SXAR1jZvXRDXxdnGlZBI&amp;gclid=Cj0KCQjw8cHABhC-ARIsAJnY12yYCmbLdNFC1Sh1lGojQwnyQJljowaTRqe7SJWyjzh3Cq-AGs933_IaAiQSEALw_wcB\">cliquez ici<\/a><\/p>\n<\/div>\n<\/div>\n","protected":false},"excerpt":{"rendered":"<hr>\n<p style=\"text-align: center;\">Illuminez vos patins ! Les NOUVELLES roues Strobe \u00e9clairent la chauss\u00e9e lorsqu&#8217;elles sont en mouvement gr\u00e2ce \u00e0 des LED rouges aliment\u00e9es par des entretoises \u00e0 bande magn\u00e9tique. <\/p>\n<hr>\n<p>&nbsp;<\/p>\n","protected":false},"featured_media":29573,"comment_status":"closed","ping_status":"closed","template":"","meta":{"site-sidebar-layout":"default","site-content-layout":"default","ast-site-content-layout":"default","site-content-style":"default","site-sidebar-style":"default","ast-global-header-display":"","ast-banner-title-visibility":"","ast-main-header-display":"","ast-hfb-above-header-display":"","ast-hfb-below-header-display":"","ast-hfb-mobile-header-display":"","site-post-title":"","ast-breadcrumbs-content":"","ast-featured-img":"","footer-sml-layout":"","theme-transparent-header-meta":"default","adv-header-id-meta":"","stick-header-meta":"","header-above-stick-meta":"","header-main-stick-meta":"","header-below-stick-meta":"","astra-migrate-meta-layouts":"default","ast-page-background-enabled":"default","ast-page-background-meta":{"desktop":{"background-color":"","background-image":"","background-repeat":"repeat","background-position":"center center","background-size":"auto","background-attachment":"scroll","background-type":"","background-media":"","overlay-type":"","overlay-color":"","overlay-opacity":"","overlay-gradient":""},"tablet":{"background-color":"","background-image":"","background-repeat":"repeat","background-position":"center center","background-size":"auto","background-attachment":"scroll","background-type":"","background-media":"","overlay-type":"","overlay-color":"","overlay-opacity":"","overlay-gradient":""},"mobile":{"background-color":"","background-image":"","background-repeat":"repeat","background-position":"center center","background-size":"auto","background-attachment":"scroll","background-type":"","background-media":"","overlay-type":"","overlay-color":"","overlay-opacity":"","overlay-gradient":""}},"ast-content-background-meta":{"desktop":{"background-color":"var(--ast-global-color-5)","background-image":"","background-repeat":"repeat","background-position":"center center","background-size":"auto","background-attachment":"scroll","background-type":"","background-media":"","overlay-type":"","overlay-color":"","overlay-opacity":"","overlay-gradient":""},"tablet":{"background-color":"var(--ast-global-color-5)","background-image":"","background-repeat":"repeat","background-position":"center center","background-size":"auto","background-attachment":"scroll","background-type":"","background-media":"","overlay-type":"","overlay-color":"","overlay-opacity":"","overlay-gradient":""},"mobile":{"background-color":"var(--ast-global-color-5)","background-image":"","background-repeat":"repeat","background-position":"center center","background-size":"auto","background-attachment":"scroll","background-type":"","background-media":"","overlay-type":"","overlay-color":"","overlay-opacity":"","overlay-gradient":""}}},"product_brand":[],"product_cat":[1589,2020],"product_tag":[2022,2024],"class_list":{"0":"post-57177","1":"product","2":"type-product","3":"status-publish","4":"has-post-thumbnail","6":"product_cat-patinage-de-vitesse-a-roues-alignees","7":"product_cat-roues-fr","8":"product_tag-roue-inline","9":"product_tag-roues-toutes-surfaces","10":"desktop-align-center","11":"tablet-align-center","12":"mobile-align-center","13":"ast-product-gallery-layout-horizontal","14":"ast-product-single-variable","15":"ast-product-tabs-layout-horizontal","16":"ast-qv-on-image","18":"first","19":"instock","20":"taxable","21":"shipping-taxable","22":"purchasable","23":"product-type-variable"},"bundled_by":[],"bundle_stock_status":"instock","bundle_stock_quantity":null,"bundle_virtual":false,"bundle_layout":"","bundle_add_to_cart_form_location":"","bundle_editable_in_cart":false,"bundle_sold_individually_context":"","bundle_item_grouping":"","bundle_min_size":"","bundle_max_size":"","bundle_price":[],"bundled_items":[],"bundle_sell_ids":[],"yoast_head":"<!-- This site is optimized with the Yoast SEO plugin v27.4 - https:\/\/yoast.com\/product\/yoast-seo-wordpress\/ -->\n<title>Roues K2 Strobe (PACK DE 2 roues) - Xact Skate Shop<\/title>\n<meta name=\"description\" content=\"Roues K2 strobe. Les NOUVELLES roues Strobe \u00e9clairent la chauss\u00e9e lorsqu&#039;elles sont en mouvement gr\u00e2ce \u00e0 des LED rouges aliment\u00e9es par des entretoises \u00e0 bande magn\u00e9tique. Achetez les v\u00f4tres ici !\" \/>\n<meta name=\"robots\" content=\"index, follow, max-snippet:-1, max-image-preview:large, max-video-preview:-1\" \/>\n<link rel=\"canonical\" href=\"https:\/\/xactskateshop.com\/fr\/produit\/roues-k2-strobe-pack-de-2-roues\/\" \/>\n<meta property=\"og:locale\" content=\"fr_FR\" \/>\n<meta property=\"og:type\" content=\"article\" \/>\n<meta property=\"og:title\" content=\"Roues K2 Strobe (PACK DE 2 roues) - Xact Skate Shop\" \/>\n<meta property=\"og:description\" content=\"Roues K2 strobe. Les NOUVELLES roues Strobe \u00e9clairent la chauss\u00e9e lorsqu&#039;elles sont en mouvement gr\u00e2ce \u00e0 des LED rouges aliment\u00e9es par des entretoises \u00e0 bande magn\u00e9tique. Achetez les v\u00f4tres ici !\" \/>\n<meta property=\"og:url\" content=\"https:\/\/xactskateshop.com\/fr\/produit\/roues-k2-strobe-pack-de-2-roues\/\" \/>\n<meta property=\"og:site_name\" content=\"Xact Skate Shop\" \/>\n<meta property=\"article:publisher\" content=\"https:\/\/www.facebook.com\/JeanLouiskateshop\" \/>\n<meta property=\"og:image\" content=\"https:\/\/xactskateshop.com\/wp-content\/uploads\/2022\/04\/S22_K2SKATE_STROBEWHEEL_80.jpg\" \/>\n\t<meta property=\"og:image:width\" content=\"1000\" \/>\n\t<meta property=\"og:image:height\" content=\"1000\" \/>\n\t<meta property=\"og:image:type\" content=\"image\/jpeg\" \/>\n<meta name=\"twitter:card\" content=\"summary_large_image\" \/>\n<meta name=\"twitter:label1\" content=\"Dur\u00e9e de lecture estim\u00e9e\" \/>\n\t<meta name=\"twitter:data1\" content=\"2 minutes\" \/>\n<script type=\"application\/ld+json\" class=\"yoast-schema-graph\">{\"@context\":\"https:\\\/\\\/schema.org\",\"@graph\":[{\"@type\":\"WebPage\",\"@id\":\"https:\\\/\\\/xactskateshop.com\\\/fr\\\/produit\\\/roues-k2-strobe-pack-de-2-roues\\\/\",\"url\":\"https:\\\/\\\/xactskateshop.com\\\/fr\\\/produit\\\/roues-k2-strobe-pack-de-2-roues\\\/\",\"name\":\"Roues K2 Strobe (PACK DE 2 roues) - Xact Skate Shop\",\"isPartOf\":{\"@id\":\"http:\\\/\\\/xactskateshop.com\\\/fr\\\/#website\"},\"primaryImageOfPage\":{\"@id\":\"https:\\\/\\\/xactskateshop.com\\\/fr\\\/produit\\\/roues-k2-strobe-pack-de-2-roues\\\/#primaryimage\"},\"image\":{\"@id\":\"https:\\\/\\\/xactskateshop.com\\\/fr\\\/produit\\\/roues-k2-strobe-pack-de-2-roues\\\/#primaryimage\"},\"thumbnailUrl\":\"https:\\\/\\\/xactskateshop.com\\\/wp-content\\\/uploads\\\/2022\\\/04\\\/S22_K2SKATE_STROBEWHEEL_80.jpg\",\"datePublished\":\"2022-04-16T15:48:34+00:00\",\"description\":\"Roues K2 strobe. Les NOUVELLES roues Strobe \u00e9clairent la chauss\u00e9e lorsqu'elles sont en mouvement gr\u00e2ce \u00e0 des LED rouges aliment\u00e9es par des entretoises \u00e0 bande magn\u00e9tique. Achetez les v\u00f4tres ici !\",\"breadcrumb\":{\"@id\":\"https:\\\/\\\/xactskateshop.com\\\/fr\\\/produit\\\/roues-k2-strobe-pack-de-2-roues\\\/#breadcrumb\"},\"inLanguage\":\"fr-FR\",\"potentialAction\":[{\"@type\":\"ReadAction\",\"target\":[\"https:\\\/\\\/xactskateshop.com\\\/fr\\\/produit\\\/roues-k2-strobe-pack-de-2-roues\\\/\"]}]},{\"@type\":\"ImageObject\",\"inLanguage\":\"fr-FR\",\"@id\":\"https:\\\/\\\/xactskateshop.com\\\/fr\\\/produit\\\/roues-k2-strobe-pack-de-2-roues\\\/#primaryimage\",\"url\":\"https:\\\/\\\/xactskateshop.com\\\/wp-content\\\/uploads\\\/2022\\\/04\\\/S22_K2SKATE_STROBEWHEEL_80.jpg\",\"contentUrl\":\"https:\\\/\\\/xactskateshop.com\\\/wp-content\\\/uploads\\\/2022\\\/04\\\/S22_K2SKATE_STROBEWHEEL_80.jpg\",\"width\":1000,\"height\":1000,\"caption\":\"roues k2 strobe\"},{\"@type\":\"BreadcrumbList\",\"@id\":\"https:\\\/\\\/xactskateshop.com\\\/fr\\\/produit\\\/roues-k2-strobe-pack-de-2-roues\\\/#breadcrumb\",\"itemListElement\":[{\"@type\":\"ListItem\",\"position\":1,\"name\":\"Home\",\"item\":\"https:\\\/\\\/xactskateshop.com\\\/fr\\\/accueil\\\/\"},{\"@type\":\"ListItem\",\"position\":2,\"name\":\"Boutique\",\"item\":\"https:\\\/\\\/xactskateshop.com\\\/shop\\\/\"},{\"@type\":\"ListItem\",\"position\":3,\"name\":\"Roues K2 Strobe (PACK DE 2 roues)\"}]},{\"@type\":\"WebSite\",\"@id\":\"http:\\\/\\\/xactskateshop.com\\\/fr\\\/#website\",\"url\":\"http:\\\/\\\/xactskateshop.com\\\/fr\\\/\",\"name\":\"Xact Skate Shop\",\"description\":\"Un site utilisant WordPress\",\"publisher\":{\"@id\":\"http:\\\/\\\/xactskateshop.com\\\/fr\\\/#organization\"},\"potentialAction\":[{\"@type\":\"SearchAction\",\"target\":{\"@type\":\"EntryPoint\",\"urlTemplate\":\"http:\\\/\\\/xactskateshop.com\\\/fr\\\/?s={search_term_string}\"},\"query-input\":{\"@type\":\"PropertyValueSpecification\",\"valueRequired\":true,\"valueName\":\"search_term_string\"}}],\"inLanguage\":\"fr-FR\"},{\"@type\":\"Organization\",\"@id\":\"http:\\\/\\\/xactskateshop.com\\\/fr\\\/#organization\",\"name\":\"XACT Skate Shop\",\"url\":\"http:\\\/\\\/xactskateshop.com\\\/fr\\\/\",\"logo\":{\"@type\":\"ImageObject\",\"inLanguage\":\"fr-FR\",\"@id\":\"http:\\\/\\\/xactskateshop.com\\\/fr\\\/#\\\/schema\\\/logo\\\/image\\\/\",\"url\":\"http:\\\/\\\/xactskateshop.com\\\/wp-content\\\/uploads\\\/2024\\\/04\\\/xactskateshop-dot-com-avec-contour-noir-sans-fond-675x.jpg\",\"contentUrl\":\"http:\\\/\\\/xactskateshop.com\\\/wp-content\\\/uploads\\\/2024\\\/04\\\/xactskateshop-dot-com-avec-contour-noir-sans-fond-675x.jpg\",\"width\":675,\"height\":247,\"caption\":\"XACT Skate Shop\"},\"image\":{\"@id\":\"http:\\\/\\\/xactskateshop.com\\\/fr\\\/#\\\/schema\\\/logo\\\/image\\\/\"},\"sameAs\":[\"https:\\\/\\\/www.facebook.com\\\/JeanLouiskateshop\"]}]}<\/script>\n<!-- \/ Yoast SEO plugin. -->","yoast_head_json":{"title":"Roues K2 Strobe (PACK DE 2 roues) - Xact Skate Shop","description":"Roues K2 strobe. Les NOUVELLES roues Strobe \u00e9clairent la chauss\u00e9e lorsqu'elles sont en mouvement gr\u00e2ce \u00e0 des LED rouges aliment\u00e9es par des entretoises \u00e0 bande magn\u00e9tique. Achetez les v\u00f4tres ici !","robots":{"index":"index","follow":"follow","max-snippet":"max-snippet:-1","max-image-preview":"max-image-preview:large","max-video-preview":"max-video-preview:-1"},"canonical":"https:\/\/xactskateshop.com\/fr\/produit\/roues-k2-strobe-pack-de-2-roues\/","og_locale":"fr_FR","og_type":"article","og_title":"Roues K2 Strobe (PACK DE 2 roues) - Xact Skate Shop","og_description":"Roues K2 strobe. Les NOUVELLES roues Strobe \u00e9clairent la chauss\u00e9e lorsqu'elles sont en mouvement gr\u00e2ce \u00e0 des LED rouges aliment\u00e9es par des entretoises \u00e0 bande magn\u00e9tique. Achetez les v\u00f4tres ici !","og_url":"https:\/\/xactskateshop.com\/fr\/produit\/roues-k2-strobe-pack-de-2-roues\/","og_site_name":"Xact Skate Shop","article_publisher":"https:\/\/www.facebook.com\/JeanLouiskateshop","og_image":[{"width":1000,"height":1000,"url":"https:\/\/xactskateshop.com\/wp-content\/uploads\/2022\/04\/S22_K2SKATE_STROBEWHEEL_80.jpg","type":"image\/jpeg"}],"twitter_card":"summary_large_image","twitter_misc":{"Dur\u00e9e de lecture estim\u00e9e":"2 minutes"},"schema":{"@context":"https:\/\/schema.org","@graph":[{"@type":"WebPage","@id":"https:\/\/xactskateshop.com\/fr\/produit\/roues-k2-strobe-pack-de-2-roues\/","url":"https:\/\/xactskateshop.com\/fr\/produit\/roues-k2-strobe-pack-de-2-roues\/","name":"Roues K2 Strobe (PACK DE 2 roues) - Xact Skate Shop","isPartOf":{"@id":"http:\/\/xactskateshop.com\/fr\/#website"},"primaryImageOfPage":{"@id":"https:\/\/xactskateshop.com\/fr\/produit\/roues-k2-strobe-pack-de-2-roues\/#primaryimage"},"image":{"@id":"https:\/\/xactskateshop.com\/fr\/produit\/roues-k2-strobe-pack-de-2-roues\/#primaryimage"},"thumbnailUrl":"https:\/\/xactskateshop.com\/wp-content\/uploads\/2022\/04\/S22_K2SKATE_STROBEWHEEL_80.jpg","datePublished":"2022-04-16T15:48:34+00:00","description":"Roues K2 strobe. Les NOUVELLES roues Strobe \u00e9clairent la chauss\u00e9e lorsqu'elles sont en mouvement gr\u00e2ce \u00e0 des LED rouges aliment\u00e9es par des entretoises \u00e0 bande magn\u00e9tique. Achetez les v\u00f4tres ici !","breadcrumb":{"@id":"https:\/\/xactskateshop.com\/fr\/produit\/roues-k2-strobe-pack-de-2-roues\/#breadcrumb"},"inLanguage":"fr-FR","potentialAction":[{"@type":"ReadAction","target":["https:\/\/xactskateshop.com\/fr\/produit\/roues-k2-strobe-pack-de-2-roues\/"]}]},{"@type":"ImageObject","inLanguage":"fr-FR","@id":"https:\/\/xactskateshop.com\/fr\/produit\/roues-k2-strobe-pack-de-2-roues\/#primaryimage","url":"https:\/\/xactskateshop.com\/wp-content\/uploads\/2022\/04\/S22_K2SKATE_STROBEWHEEL_80.jpg","contentUrl":"https:\/\/xactskateshop.com\/wp-content\/uploads\/2022\/04\/S22_K2SKATE_STROBEWHEEL_80.jpg","width":1000,"height":1000,"caption":"roues k2 strobe"},{"@type":"BreadcrumbList","@id":"https:\/\/xactskateshop.com\/fr\/produit\/roues-k2-strobe-pack-de-2-roues\/#breadcrumb","itemListElement":[{"@type":"ListItem","position":1,"name":"Home","item":"https:\/\/xactskateshop.com\/fr\/accueil\/"},{"@type":"ListItem","position":2,"name":"Boutique","item":"https:\/\/xactskateshop.com\/shop\/"},{"@type":"ListItem","position":3,"name":"Roues K2 Strobe (PACK DE 2 roues)"}]},{"@type":"WebSite","@id":"http:\/\/xactskateshop.com\/fr\/#website","url":"http:\/\/xactskateshop.com\/fr\/","name":"Xact Skate Shop","description":"Un site utilisant WordPress","publisher":{"@id":"http:\/\/xactskateshop.com\/fr\/#organization"},"potentialAction":[{"@type":"SearchAction","target":{"@type":"EntryPoint","urlTemplate":"http:\/\/xactskateshop.com\/fr\/?s={search_term_string}"},"query-input":{"@type":"PropertyValueSpecification","valueRequired":true,"valueName":"search_term_string"}}],"inLanguage":"fr-FR"},{"@type":"Organization","@id":"http:\/\/xactskateshop.com\/fr\/#organization","name":"XACT Skate Shop","url":"http:\/\/xactskateshop.com\/fr\/","logo":{"@type":"ImageObject","inLanguage":"fr-FR","@id":"http:\/\/xactskateshop.com\/fr\/#\/schema\/logo\/image\/","url":"http:\/\/xactskateshop.com\/wp-content\/uploads\/2024\/04\/xactskateshop-dot-com-avec-contour-noir-sans-fond-675x.jpg","contentUrl":"http:\/\/xactskateshop.com\/wp-content\/uploads\/2024\/04\/xactskateshop-dot-com-avec-contour-noir-sans-fond-675x.jpg","width":675,"height":247,"caption":"XACT Skate Shop"},"image":{"@id":"http:\/\/xactskateshop.com\/fr\/#\/schema\/logo\/image\/"},"sameAs":["https:\/\/www.facebook.com\/JeanLouiskateshop"]}]}},"_links":{"self":[{"href":"https:\/\/xactskateshop.com\/fr\/wp-json\/wp\/v2\/product\/57177","targetHints":{"allow":["GET"]}}],"collection":[{"href":"https:\/\/xactskateshop.com\/fr\/wp-json\/wp\/v2\/product"}],"about":[{"href":"https:\/\/xactskateshop.com\/fr\/wp-json\/wp\/v2\/types\/product"}],"replies":[{"embeddable":true,"href":"https:\/\/xactskateshop.com\/fr\/wp-json\/wp\/v2\/comments?post=57177"}],"wp:featuredmedia":[{"embeddable":true,"href":"https:\/\/xactskateshop.com\/fr\/wp-json\/wp\/v2\/media\/29573"}],"wp:attachment":[{"href":"https:\/\/xactskateshop.com\/fr\/wp-json\/wp\/v2\/media?parent=57177"}],"wp:term":[{"taxonomy":"product_brand","embeddable":true,"href":"https:\/\/xactskateshop.com\/fr\/wp-json\/wp\/v2\/product_brand?post=57177"},{"taxonomy":"product_cat","embeddable":true,"href":"https:\/\/xactskateshop.com\/fr\/wp-json\/wp\/v2\/product_cat?post=57177"},{"taxonomy":"product_tag","embeddable":true,"href":"https:\/\/xactskateshop.com\/fr\/wp-json\/wp\/v2\/product_tag?post=57177"}],"curies":[{"name":"wp","href":"https:\/\/api.w.org\/{rel}","templated":true}]}}