{"id":57155,"date":"2022-03-22T13:20:21","date_gmt":"2022-03-22T17:20:21","guid":{"rendered":"http:\/\/xactskateshop.com\/product\/ensemble-skate-tec-n98-futuro\/"},"modified":"2026-03-19T13:54:32","modified_gmt":"2026-03-19T17:54:32","slug":"ensemble-skate-tec-n98-futuro","status":"publish","type":"product","link":"https:\/\/xactskateshop.com\/fr\/produit\/ensemble-skate-tec-n98-futuro\/","title":{"rendered":"Ensemble SKATE-TEC N98\/Futuro"},"content":{"rendered":"<p><strong>*** PR\u00c9CISEZ LA LONGUEUR DE LA LAME DANS LA CASE COMMENTAIRE<\/strong><\/p>\n<p>BOTTES SKATE-TEC N98 ST<\/p>\n<ul>\n<li>Coque en fibre de carbone \/ rh\u00e9noplastique thermoformable<\/li>\n<li>Coque l\u00e9g\u00e8re offrant une excellente rigidit\u00e9 et un bon soutien<\/li>\n<li>La mousse thermo dans le compartiment de la cheville et la languette offre une personnalisation suppl\u00e9mentaire.<\/li>\n<li>Sangles velcro sup\u00e9rieures et inf\u00e9rieures renforc\u00e9es pour un meilleur soutien<\/li>\n<li>Lacets cir\u00e9s<\/li>\n<li>Protection du lacet par velcro<\/li>\n<li>Airmesh int\u00e9rieur<\/li>\n<li>Double sangle<\/li>\n<\/ul>\n<p>Notre ensemble Skate-tec N98 comprend les lames Evo Futuro<\/p>\n<ul>\n<li>La lame Evo Futuro offre une adh\u00e9rence sup\u00e9rieure tout en maintenant des niveaux \u00e9lev\u00e9s de contr\u00f4le et de sensation.<\/li>\n<li>Le BiMetal 58HRC maintient une excellente qualit\u00e9 de tranchant et d&#8217;aff\u00fbtage<\/li>\n<li>7000 Aluminium<\/li>\n<li>Pr\u00e9-courb\u00e9<\/li>\n<li>Le syst\u00e8me de coupelles innovant d&#8217;Evo offre une interface de montage solide pour une mise en place et un r\u00e9glage simples et efficaces.<\/li>\n<li>13,14,14.5,15,15.5,16,16.5,17,17.5<\/li>\n<\/ul>\n<p>Qu&#8217;est-ce que l&#8217;acier 12c27 ?<\/p>\n<p>Le Sandvik 12c27 est un acier inoxydable su\u00e9dois martensitique au chrome de bas de gamme, courroie et optimis\u00e9 pour les couteaux, que vous trouverez donc g\u00e9n\u00e9ralement dans les couteaux de cuisine, les couteaux de chasse, les couteaux de p\u00eache et \u00e9galement pour les perceuses \u00e0 glace et les <strong>lames de patins \u00e0 glace<\/strong>.<\/p>\n<p>Qu&#8217;est-ce que la s\u00e9rie d&#8217;aluminium 7000 ?<\/p>\n<p>La s\u00e9rie d&#8217;aluminium 7000 est un groupe d&#8217;alliages d&#8217;aluminium connus pour leur r\u00e9sistance exceptionnelle et leur haute t\u00e9nacit\u00e9. Ces alliages sont principalement compos\u00e9s d&#8217;aluminium, avec l&#8217;ajout de zinc comme principal \u00e9l\u00e9ment d&#8217;alliage. D&#8217;autres \u00e9l\u00e9ments tels que le cuivre et le magn\u00e9sium sont \u00e9galement ajout\u00e9s pour am\u00e9liorer la r\u00e9sistance et les performances globales de l&#8217;alliage.<\/p>\n<p>Les alliages d&#8217;aluminium de la s\u00e9rie 7000 pr\u00e9sentent d&#8217;excellentes propri\u00e9t\u00e9s m\u00e9caniques, ce qui les rend adapt\u00e9s aux applications n\u00e9cessitant une r\u00e9sistance \u00e9lev\u00e9e. Ils offrent une excellente combinaison de solidit\u00e9, de t\u00e9nacit\u00e9 et de r\u00e9sistance \u00e0 la fatigue, ce qui les rend populaires dans des industries telles que l&#8217;a\u00e9rospatiale, l&#8217;automobile et les articles de sport.<\/p>\n<p><strong>Pr\u00e9paration des lames : Nous r\u00e9alisons un berceau progressif ST-3 sur ces lames.\u00a0<a href=\"https:\/\/xactskateshop.com\/fr\/produit\/berceau-sur-lame-de-courte-piste\/\">(voir les num\u00e9ros ici)<\/a>\u00a0ainsi que la courbure correspondante<\/strong><\/p>\n<p>Vous achetez pour un club ? Trouvez notre offre pour les clubs <a href=\"https:\/\/xactskateshop.com\/fr\/produit\/skate-tec-n98-futuro-package-club-commande-5-paires\/\">ici !<\/a><\/p>\n<p>Pour en savoir plus sur Skate-Tec <a href=\"https:\/\/skate-tec.com\/about.html\">, cliquez ici !<\/a><\/p>\n<p><img fetchpriority=\"high\" decoding=\"async\" class=\"alignnone size-medium wp-image-20599\" style=\"font-style: inherit; font-weight: inherit;\" src=\"http:\/\/xactskateshop.com\/wp-content\/uploads\/2022\/04\/TctT11lWwLRJOACT-1-257x300.png\" alt=\"\" width=\"257\" height=\"300\" srcset=\"https:\/\/xactskateshop.com\/wp-content\/uploads\/2022\/04\/TctT11lWwLRJOACT-1-257x300.png 257w, https:\/\/xactskateshop.com\/wp-content\/uploads\/2022\/04\/TctT11lWwLRJOACT-1.png 508w\" sizes=\"(max-width: 257px) 100vw, 257px\" \/><\/p>\n","protected":false},"excerpt":{"rendered":"<hr \/>\n<p style=\"text-align: center;\"><strong>****** Veuillez nous contacter \u00e0 l\u2019adresse info@xactskateshop.com pour conna\u00eetre la disponibilit\u00e9 des tailles\/couleurs avant de passer commande******<\/strong><\/p>\n<hr \/>\n<p>&nbsp;<\/p>\n","protected":false},"featured_media":29533,"comment_status":"open","ping_status":"closed","template":"","meta":{"site-sidebar-layout":"default","site-content-layout":"default","ast-site-content-layout":"default","site-content-style":"default","site-sidebar-style":"default","ast-global-header-display":"","ast-banner-title-visibility":"","ast-main-header-display":"","ast-hfb-above-header-display":"","ast-hfb-below-header-display":"","ast-hfb-mobile-header-display":"","site-post-title":"","ast-breadcrumbs-content":"","ast-featured-img":"","footer-sml-layout":"","theme-transparent-header-meta":"default","adv-header-id-meta":"","stick-header-meta":"","header-above-stick-meta":"","header-main-stick-meta":"","header-below-stick-meta":"","astra-migrate-meta-layouts":"set","ast-page-background-enabled":"default","ast-page-background-meta":{"desktop":{"background-color":"","background-image":"","background-repeat":"repeat","background-position":"center center","background-size":"auto","background-attachment":"scroll","background-type":"","background-media":"","overlay-type":"","overlay-color":"","overlay-opacity":"","overlay-gradient":""},"tablet":{"background-color":"","background-image":"","background-repeat":"repeat","background-position":"center center","background-size":"auto","background-attachment":"scroll","background-type":"","background-media":"","overlay-type":"","overlay-color":"","overlay-opacity":"","overlay-gradient":""},"mobile":{"background-color":"","background-image":"","background-repeat":"repeat","background-position":"center center","background-size":"auto","background-attachment":"scroll","background-type":"","background-media":"","overlay-type":"","overlay-color":"","overlay-opacity":"","overlay-gradient":""}},"ast-content-background-meta":{"desktop":{"background-color":"var(--ast-global-color-5)","background-image":"","background-repeat":"repeat","background-position":"center center","background-size":"auto","background-attachment":"scroll","background-type":"","background-media":"","overlay-type":"","overlay-color":"","overlay-opacity":"","overlay-gradient":""},"tablet":{"background-color":"var(--ast-global-color-5)","background-image":"","background-repeat":"repeat","background-position":"center center","background-size":"auto","background-attachment":"scroll","background-type":"","background-media":"","overlay-type":"","overlay-color":"","overlay-opacity":"","overlay-gradient":""},"mobile":{"background-color":"var(--ast-global-color-5)","background-image":"","background-repeat":"repeat","background-position":"center center","background-size":"auto","background-attachment":"scroll","background-type":"","background-media":"","overlay-type":"","overlay-color":"","overlay-opacity":"","overlay-gradient":""}}},"product_brand":[],"product_cat":[1354,1355,1353],"product_tag":[1356,2054,2009,2055],"class_list":{"0":"post-57155","1":"product","2":"type-product","3":"status-publish","4":"has-post-thumbnail","6":"product_cat-courte-piste","7":"product_cat-ensembles-bottines-et-lames-courte-piste","8":"product_cat-patinage-de-vitesse","9":"product_tag-courte-piste-fr","10":"product_tag-n98-futuro-fr","11":"product_tag-paquet-de-st","12":"product_tag-paquet-n98","13":"desktop-align-center","14":"tablet-align-center","15":"mobile-align-center","16":"ast-product-gallery-layout-horizontal","17":"ast-product-single-variable","18":"ast-product-tabs-layout-horizontal","19":"ast-qv-on-image","21":"first","22":"instock","23":"sale","24":"taxable","25":"shipping-taxable","26":"purchasable","27":"product-type-variable"},"bundled_by":[],"bundle_stock_status":"instock","bundle_stock_quantity":null,"bundle_virtual":false,"bundle_layout":"","bundle_add_to_cart_form_location":"","bundle_editable_in_cart":false,"bundle_sold_individually_context":"","bundle_item_grouping":"","bundle_min_size":"","bundle_max_size":"","bundle_price":[],"bundled_items":[],"bundle_sell_ids":[],"yoast_head":"<!-- This site is optimized with the Yoast SEO plugin v27.4 - https:\/\/yoast.com\/product\/yoast-seo-wordpress\/ -->\n<title>Ensemble SKATE-TEC N98\/Futuro - Xact Skate Shop.<\/title>\n<meta name=\"description\" content=\"Skate-tec N98\/futuro. Notre ensemble comprend les bottines SKATE-TEC N98 ST et les lames EVO Futuro. Obtenez le v\u00f4tre ici \u00e0 Xact Skate Shop !\" \/>\n<meta name=\"robots\" content=\"index, follow, max-snippet:-1, max-image-preview:large, max-video-preview:-1\" \/>\n<link rel=\"canonical\" href=\"https:\/\/xactskateshop.com\/fr\/produit\/ensemble-skate-tec-n98-futuro\/\" \/>\n<meta property=\"og:locale\" content=\"fr_FR\" \/>\n<meta property=\"og:type\" content=\"article\" \/>\n<meta property=\"og:title\" content=\"Ensemble SKATE-TEC N98\/Futuro - Xact Skate Shop.\" \/>\n<meta property=\"og:description\" content=\"Skate-tec N98\/futuro. Notre ensemble comprend les bottines SKATE-TEC N98 ST et les lames EVO Futuro. Obtenez le v\u00f4tre ici \u00e0 Xact Skate Shop !\" \/>\n<meta property=\"og:url\" content=\"https:\/\/xactskateshop.com\/fr\/produit\/ensemble-skate-tec-n98-futuro\/\" \/>\n<meta property=\"og:site_name\" content=\"Xact Skate Shop\" \/>\n<meta property=\"article:publisher\" content=\"https:\/\/www.facebook.com\/JeanLouiskateshop\" \/>\n<meta property=\"article:modified_time\" content=\"2026-03-19T17:54:32+00:00\" \/>\n<meta property=\"og:image\" content=\"https:\/\/xactskateshop.com\/wp-content\/uploads\/2022\/03\/n98-futuro.jpg\" \/>\n\t<meta property=\"og:image:width\" content=\"1000\" \/>\n\t<meta property=\"og:image:height\" content=\"1000\" \/>\n\t<meta property=\"og:image:type\" content=\"image\/jpeg\" \/>\n<meta name=\"twitter:card\" content=\"summary_large_image\" \/>\n<meta name=\"twitter:label1\" content=\"Dur\u00e9e de lecture estim\u00e9e\" \/>\n\t<meta name=\"twitter:data1\" content=\"2 minutes\" \/>\n<script type=\"application\/ld+json\" class=\"yoast-schema-graph\">{\"@context\":\"https:\\\/\\\/schema.org\",\"@graph\":[{\"@type\":\"WebPage\",\"@id\":\"https:\\\/\\\/xactskateshop.com\\\/fr\\\/produit\\\/ensemble-skate-tec-n98-futuro\\\/\",\"url\":\"https:\\\/\\\/xactskateshop.com\\\/fr\\\/produit\\\/ensemble-skate-tec-n98-futuro\\\/\",\"name\":\"Ensemble SKATE-TEC N98\\\/Futuro - Xact Skate Shop.\",\"isPartOf\":{\"@id\":\"http:\\\/\\\/xactskateshop.com\\\/fr\\\/#website\"},\"primaryImageOfPage\":{\"@id\":\"https:\\\/\\\/xactskateshop.com\\\/fr\\\/produit\\\/ensemble-skate-tec-n98-futuro\\\/#primaryimage\"},\"image\":{\"@id\":\"https:\\\/\\\/xactskateshop.com\\\/fr\\\/produit\\\/ensemble-skate-tec-n98-futuro\\\/#primaryimage\"},\"thumbnailUrl\":\"https:\\\/\\\/xactskateshop.com\\\/wp-content\\\/uploads\\\/2022\\\/03\\\/n98-futuro.jpg\",\"datePublished\":\"2022-03-22T17:20:21+00:00\",\"dateModified\":\"2026-03-19T17:54:32+00:00\",\"description\":\"Skate-tec N98\\\/futuro. Notre ensemble comprend les bottines SKATE-TEC N98 ST et les lames EVO Futuro. Obtenez le v\u00f4tre ici \u00e0 Xact Skate Shop !\",\"breadcrumb\":{\"@id\":\"https:\\\/\\\/xactskateshop.com\\\/fr\\\/produit\\\/ensemble-skate-tec-n98-futuro\\\/#breadcrumb\"},\"inLanguage\":\"fr-FR\",\"potentialAction\":[{\"@type\":\"ReadAction\",\"target\":[\"https:\\\/\\\/xactskateshop.com\\\/fr\\\/produit\\\/ensemble-skate-tec-n98-futuro\\\/\"]}]},{\"@type\":\"ImageObject\",\"inLanguage\":\"fr-FR\",\"@id\":\"https:\\\/\\\/xactskateshop.com\\\/fr\\\/produit\\\/ensemble-skate-tec-n98-futuro\\\/#primaryimage\",\"url\":\"https:\\\/\\\/xactskateshop.com\\\/wp-content\\\/uploads\\\/2022\\\/03\\\/n98-futuro.jpg\",\"contentUrl\":\"https:\\\/\\\/xactskateshop.com\\\/wp-content\\\/uploads\\\/2022\\\/03\\\/n98-futuro.jpg\",\"width\":1000,\"height\":1000,\"caption\":\"Paquet Skate-tec N98\"},{\"@type\":\"BreadcrumbList\",\"@id\":\"https:\\\/\\\/xactskateshop.com\\\/fr\\\/produit\\\/ensemble-skate-tec-n98-futuro\\\/#breadcrumb\",\"itemListElement\":[{\"@type\":\"ListItem\",\"position\":1,\"name\":\"Home\",\"item\":\"https:\\\/\\\/xactskateshop.com\\\/fr\\\/accueil\\\/\"},{\"@type\":\"ListItem\",\"position\":2,\"name\":\"Boutique\",\"item\":\"https:\\\/\\\/xactskateshop.com\\\/shop\\\/\"},{\"@type\":\"ListItem\",\"position\":3,\"name\":\"Ensemble SKATE-TEC N98\\\/Futuro\"}]},{\"@type\":\"WebSite\",\"@id\":\"http:\\\/\\\/xactskateshop.com\\\/fr\\\/#website\",\"url\":\"http:\\\/\\\/xactskateshop.com\\\/fr\\\/\",\"name\":\"Xact Skate Shop\",\"description\":\"Un site utilisant WordPress\",\"publisher\":{\"@id\":\"http:\\\/\\\/xactskateshop.com\\\/fr\\\/#organization\"},\"potentialAction\":[{\"@type\":\"SearchAction\",\"target\":{\"@type\":\"EntryPoint\",\"urlTemplate\":\"http:\\\/\\\/xactskateshop.com\\\/fr\\\/?s={search_term_string}\"},\"query-input\":{\"@type\":\"PropertyValueSpecification\",\"valueRequired\":true,\"valueName\":\"search_term_string\"}}],\"inLanguage\":\"fr-FR\"},{\"@type\":\"Organization\",\"@id\":\"http:\\\/\\\/xactskateshop.com\\\/fr\\\/#organization\",\"name\":\"XACT Skate Shop\",\"url\":\"http:\\\/\\\/xactskateshop.com\\\/fr\\\/\",\"logo\":{\"@type\":\"ImageObject\",\"inLanguage\":\"fr-FR\",\"@id\":\"http:\\\/\\\/xactskateshop.com\\\/fr\\\/#\\\/schema\\\/logo\\\/image\\\/\",\"url\":\"http:\\\/\\\/xactskateshop.com\\\/wp-content\\\/uploads\\\/2024\\\/04\\\/xactskateshop-dot-com-avec-contour-noir-sans-fond-675x.jpg\",\"contentUrl\":\"http:\\\/\\\/xactskateshop.com\\\/wp-content\\\/uploads\\\/2024\\\/04\\\/xactskateshop-dot-com-avec-contour-noir-sans-fond-675x.jpg\",\"width\":675,\"height\":247,\"caption\":\"XACT Skate Shop\"},\"image\":{\"@id\":\"http:\\\/\\\/xactskateshop.com\\\/fr\\\/#\\\/schema\\\/logo\\\/image\\\/\"},\"sameAs\":[\"https:\\\/\\\/www.facebook.com\\\/JeanLouiskateshop\"]}]}<\/script>\n<!-- \/ Yoast SEO plugin. -->","yoast_head_json":{"title":"Ensemble SKATE-TEC N98\/Futuro - Xact Skate Shop.","description":"Skate-tec N98\/futuro. Notre ensemble comprend les bottines SKATE-TEC N98 ST et les lames EVO Futuro. Obtenez le v\u00f4tre ici \u00e0 Xact Skate Shop !","robots":{"index":"index","follow":"follow","max-snippet":"max-snippet:-1","max-image-preview":"max-image-preview:large","max-video-preview":"max-video-preview:-1"},"canonical":"https:\/\/xactskateshop.com\/fr\/produit\/ensemble-skate-tec-n98-futuro\/","og_locale":"fr_FR","og_type":"article","og_title":"Ensemble SKATE-TEC N98\/Futuro - Xact Skate Shop.","og_description":"Skate-tec N98\/futuro. Notre ensemble comprend les bottines SKATE-TEC N98 ST et les lames EVO Futuro. Obtenez le v\u00f4tre ici \u00e0 Xact Skate Shop !","og_url":"https:\/\/xactskateshop.com\/fr\/produit\/ensemble-skate-tec-n98-futuro\/","og_site_name":"Xact Skate Shop","article_publisher":"https:\/\/www.facebook.com\/JeanLouiskateshop","article_modified_time":"2026-03-19T17:54:32+00:00","og_image":[{"width":1000,"height":1000,"url":"https:\/\/xactskateshop.com\/wp-content\/uploads\/2022\/03\/n98-futuro.jpg","type":"image\/jpeg"}],"twitter_card":"summary_large_image","twitter_misc":{"Dur\u00e9e de lecture estim\u00e9e":"2 minutes"},"schema":{"@context":"https:\/\/schema.org","@graph":[{"@type":"WebPage","@id":"https:\/\/xactskateshop.com\/fr\/produit\/ensemble-skate-tec-n98-futuro\/","url":"https:\/\/xactskateshop.com\/fr\/produit\/ensemble-skate-tec-n98-futuro\/","name":"Ensemble SKATE-TEC N98\/Futuro - Xact Skate Shop.","isPartOf":{"@id":"http:\/\/xactskateshop.com\/fr\/#website"},"primaryImageOfPage":{"@id":"https:\/\/xactskateshop.com\/fr\/produit\/ensemble-skate-tec-n98-futuro\/#primaryimage"},"image":{"@id":"https:\/\/xactskateshop.com\/fr\/produit\/ensemble-skate-tec-n98-futuro\/#primaryimage"},"thumbnailUrl":"https:\/\/xactskateshop.com\/wp-content\/uploads\/2022\/03\/n98-futuro.jpg","datePublished":"2022-03-22T17:20:21+00:00","dateModified":"2026-03-19T17:54:32+00:00","description":"Skate-tec N98\/futuro. Notre ensemble comprend les bottines SKATE-TEC N98 ST et les lames EVO Futuro. Obtenez le v\u00f4tre ici \u00e0 Xact Skate Shop !","breadcrumb":{"@id":"https:\/\/xactskateshop.com\/fr\/produit\/ensemble-skate-tec-n98-futuro\/#breadcrumb"},"inLanguage":"fr-FR","potentialAction":[{"@type":"ReadAction","target":["https:\/\/xactskateshop.com\/fr\/produit\/ensemble-skate-tec-n98-futuro\/"]}]},{"@type":"ImageObject","inLanguage":"fr-FR","@id":"https:\/\/xactskateshop.com\/fr\/produit\/ensemble-skate-tec-n98-futuro\/#primaryimage","url":"https:\/\/xactskateshop.com\/wp-content\/uploads\/2022\/03\/n98-futuro.jpg","contentUrl":"https:\/\/xactskateshop.com\/wp-content\/uploads\/2022\/03\/n98-futuro.jpg","width":1000,"height":1000,"caption":"Paquet Skate-tec N98"},{"@type":"BreadcrumbList","@id":"https:\/\/xactskateshop.com\/fr\/produit\/ensemble-skate-tec-n98-futuro\/#breadcrumb","itemListElement":[{"@type":"ListItem","position":1,"name":"Home","item":"https:\/\/xactskateshop.com\/fr\/accueil\/"},{"@type":"ListItem","position":2,"name":"Boutique","item":"https:\/\/xactskateshop.com\/shop\/"},{"@type":"ListItem","position":3,"name":"Ensemble SKATE-TEC N98\/Futuro"}]},{"@type":"WebSite","@id":"http:\/\/xactskateshop.com\/fr\/#website","url":"http:\/\/xactskateshop.com\/fr\/","name":"Xact Skate Shop","description":"Un site utilisant WordPress","publisher":{"@id":"http:\/\/xactskateshop.com\/fr\/#organization"},"potentialAction":[{"@type":"SearchAction","target":{"@type":"EntryPoint","urlTemplate":"http:\/\/xactskateshop.com\/fr\/?s={search_term_string}"},"query-input":{"@type":"PropertyValueSpecification","valueRequired":true,"valueName":"search_term_string"}}],"inLanguage":"fr-FR"},{"@type":"Organization","@id":"http:\/\/xactskateshop.com\/fr\/#organization","name":"XACT Skate Shop","url":"http:\/\/xactskateshop.com\/fr\/","logo":{"@type":"ImageObject","inLanguage":"fr-FR","@id":"http:\/\/xactskateshop.com\/fr\/#\/schema\/logo\/image\/","url":"http:\/\/xactskateshop.com\/wp-content\/uploads\/2024\/04\/xactskateshop-dot-com-avec-contour-noir-sans-fond-675x.jpg","contentUrl":"http:\/\/xactskateshop.com\/wp-content\/uploads\/2024\/04\/xactskateshop-dot-com-avec-contour-noir-sans-fond-675x.jpg","width":675,"height":247,"caption":"XACT Skate Shop"},"image":{"@id":"http:\/\/xactskateshop.com\/fr\/#\/schema\/logo\/image\/"},"sameAs":["https:\/\/www.facebook.com\/JeanLouiskateshop"]}]}},"_links":{"self":[{"href":"https:\/\/xactskateshop.com\/fr\/wp-json\/wp\/v2\/product\/57155","targetHints":{"allow":["GET"]}}],"collection":[{"href":"https:\/\/xactskateshop.com\/fr\/wp-json\/wp\/v2\/product"}],"about":[{"href":"https:\/\/xactskateshop.com\/fr\/wp-json\/wp\/v2\/types\/product"}],"replies":[{"embeddable":true,"href":"https:\/\/xactskateshop.com\/fr\/wp-json\/wp\/v2\/comments?post=57155"}],"wp:featuredmedia":[{"embeddable":true,"href":"https:\/\/xactskateshop.com\/fr\/wp-json\/wp\/v2\/media\/29533"}],"wp:attachment":[{"href":"https:\/\/xactskateshop.com\/fr\/wp-json\/wp\/v2\/media?parent=57155"}],"wp:term":[{"taxonomy":"product_brand","embeddable":true,"href":"https:\/\/xactskateshop.com\/fr\/wp-json\/wp\/v2\/product_brand?post=57155"},{"taxonomy":"product_cat","embeddable":true,"href":"https:\/\/xactskateshop.com\/fr\/wp-json\/wp\/v2\/product_cat?post=57155"},{"taxonomy":"product_tag","embeddable":true,"href":"https:\/\/xactskateshop.com\/fr\/wp-json\/wp\/v2\/product_tag?post=57155"}],"curies":[{"name":"wp","href":"https:\/\/api.w.org\/{rel}","templated":true}]}}