{"id":57133,"date":"2022-03-19T14:59:56","date_gmt":"2022-03-19T18:59:56","guid":{"rendered":"http:\/\/xactskateshop.com\/product\/k2-alexis-boa-90\/"},"modified":"2025-10-17T16:03:05","modified_gmt":"2025-10-17T20:03:05","slug":"k2-alexis-boa-90","status":"publish","type":"product","link":"https:\/\/xactskateshop.com\/fr\/produit\/k2-alexis-boa-90\/","title":{"rendered":"Patins K2 ALEXIS BOA 90"},"content":{"rendered":"<div class=\"description\" data-v-6653ebab=\"\">L&#8217;Alexis 90 BOA\u00ae est con\u00e7u pour r\u00e9pondre aux besoins des passionn\u00e9s de fitness. Le BOA\u00ae Fit System offre aux patineurs un ajustement personnalis\u00e9 et pr\u00e9cis et la possibilit\u00e9 de faire des ajustements \u00e0 la vol\u00e9e. Le confort et la stabilit\u00e9 sont de s\u00e9rie gr\u00e2ce \u00e0 l&#8217;Original Softboot\u00ae, au cadre en aluminium D.C. et au brassard Stability Plus. Les roulements ILQ-7 et les roues de 90 mm compl\u00e8tent le design et garantissent une conduite souple et rapide. Pour l&#8217;exp\u00e9rience ultime du patinage de mise en forme, composez avec l&#8217;Alexis 90 BOA\u00ae et roulez !<br \/>\n*Roues de 84 mm 80A sur les tailles 4-5 pour femmes<br \/>\n**Taille maximale des roues de 84 mm sur les tailles 4-5 pour femmes<\/div>\n<div data-v-6653ebab=\"\">\n<p>&nbsp;<\/p>\n<p>Voir d&#8217;autres mod\u00e8les <a href=\"http:\/\/xactskateshop.com\/product-category\/recrational-skating\/recreational-inline-skates\/\">ici !<\/a><\/p>\n<p>Vous cherchez des patins de vitesse ? Voyez ce que nous avons <a href=\"https:\/\/bont.ca\/pages\/inline-skates\">ici !<\/a><\/p>\n<p><span style=\"font-size: 1.3em; font-weight: bold;\">TAILLE<\/span><\/p>\n<\/div>\n<div class=\"specs\" data-v-6653ebab=\"\">\n<div class=\"list-group\" data-v-6653ebab=\"\">\n<p>4<span class=\"comma\" data-v-6653ebab=\"\">,<\/span>5 <span class=\"comma\" data-v-6653ebab=\"\">,<\/span>6 <span class=\"comma\" data-v-6653ebab=\"\">,<\/span>6.5 <span class=\"comma\" data-v-6653ebab=\"\">,<\/span>7 <span class=\"comma\" data-v-6653ebab=\"\">,<\/span>7.5 <span class=\"comma\" data-v-6653ebab=\"\">,<\/span>8 <span class=\"comma\" data-v-6653ebab=\"\">,<\/span>8.5 <span class=\"comma\" data-v-6653ebab=\"\">,<\/span>9 <span class=\"comma\" data-v-6653ebab=\"\">,<\/span>9.5 <span class=\"comma\" data-v-6653ebab=\"\">,<\/span>10 <span class=\"comma\" data-v-6653ebab=\"\">,<\/span>10.5 <span class=\"comma\" data-v-6653ebab=\"\">,<\/span>11<\/p>\n<\/div>\n<div data-v-6653ebab=\"\">\n<h4 data-v-6653ebab=\"\">LA\u00c7AGE DES PATINS<\/h4>\n<p data-v-6653ebab=\"\"><span class=\"array-item\" data-v-6653ebab=\"\">Syst\u00e8me BOA\u00ae Fit<\/span><\/p>\n<\/div>\n<div data-v-6653ebab=\"\">\n<h4 data-v-6653ebab=\"\">CAT\u00c9GORIE DE PATINAGE<\/h4>\n<p data-v-6653ebab=\"\"><span class=\"array-item\" data-v-6653ebab=\"\">Fitness<\/span><\/p>\n<\/div>\n<div data-v-6653ebab=\"\">\n<h4 data-v-6653ebab=\"\">TAILLE DES ROUES DE PATINS<\/h4>\n<p data-v-6653ebab=\"\"><span class=\"array-item\" data-v-6653ebab=\"\">90 mm<\/span><\/p>\n<\/div>\n<div data-v-6653ebab=\"\">\n<h4 data-v-6653ebab=\"\">CADRE DE PATINAGE<\/h4>\n<p data-v-6653ebab=\"\"><span class=\"array-item\" data-v-6653ebab=\"\">Cadre en aluminium DC<\/span><\/p>\n<\/div>\n<div data-v-6653ebab=\"\">\n<h4 data-v-6653ebab=\"\">TAPIS DE PATINAGE<\/h4>\n<p data-v-6653ebab=\"\"><span class=\"array-item\" data-v-6653ebab=\"\">Brassard Stability Plus<\/span><\/p>\n<\/div>\n<div data-v-6653ebab=\"\">\n<h4 data-v-6653ebab=\"\">ROULEMENTS DE PATINS<\/h4>\n<p data-v-6653ebab=\"\"><span class=\"array-item\" data-v-6653ebab=\"\">ILQ 7<\/span><\/p>\n<section class=\"main-content\" data-v-6653ebab=\"\">\n<div class=\"product-details\" data-v-6653ebab=\"\">\n<div id=\"size-chart\" class=\"size-chart collapsible-container content-open\" data-v-4c5cb2f1=\"\" data-v-6653ebab=\"\">\n<div class=\"collapsible-content\" data-v-4c5cb2f1=\"\">\n<div id=\"size-chart-tab\" class=\"content\" data-v-6653ebab=\"\" aria-expanded=\"true\">\n<div data-v-6653ebab=\"\">\n<div class=\"size-chart-container\" data-v-65e682ee=\"\" data-v-6653ebab=\"\">\n<div class=\"size-chart-description\" data-v-65e682ee=\"\">\n<p><strong>Tableau des tailles de patins pour femmes<\/strong><\/p>\n<\/div>\n<table data-v-65e682ee=\"\">\n<thead data-v-65e682ee=\"\">\n<tr data-v-65e682ee=\"\">\n<th data-v-65e682ee=\"\">Taille de patin\/ Taille de chaussure US<\/th>\n<th data-v-65e682ee=\"\">Pointure UK<\/th>\n<th data-v-65e682ee=\"\">Pointure europ\u00e9enne<\/th>\n<th data-v-65e682ee=\"\">Longueur du pied (in)<\/th>\n<th data-v-65e682ee=\"\">Longueur du pied (cm)<\/th>\n<\/tr>\n<\/thead>\n<tbody data-v-65e682ee=\"\">\n<tr data-v-65e682ee=\"\">\n<td class=\"\" data-v-65e682ee=\"\"><span class=\"mobile-text\" data-v-65e682ee=\"\">4<\/span><\/td>\n<td class=\"\" data-v-65e682ee=\"\"><span class=\"mobile-text\" data-v-65e682ee=\"\">1.5<\/span><\/td>\n<td class=\"\" data-v-65e682ee=\"\"><span class=\"mobile-text\" data-v-65e682ee=\"\">34<\/span><\/td>\n<td class=\"\" data-v-65e682ee=\"\"><span class=\"mobile-text\" data-v-65e682ee=\"\">8.27<\/span><\/td>\n<td class=\"\" data-v-65e682ee=\"\"><span class=\"mobile-text\" data-v-65e682ee=\"\">21<\/span><\/td>\n<\/tr>\n<tr data-v-65e682ee=\"\">\n<td class=\"\" data-v-65e682ee=\"\"><span class=\"mobile-text\" data-v-65e682ee=\"\">5<\/span><\/td>\n<td class=\"\" data-v-65e682ee=\"\"><span class=\"mobile-text\" data-v-65e682ee=\"\">2<\/span><\/td>\n<td class=\"\" data-v-65e682ee=\"\"><span class=\"mobile-text\" data-v-65e682ee=\"\">35<\/span><\/td>\n<td class=\"\" data-v-65e682ee=\"\"><span class=\"mobile-text\" data-v-65e682ee=\"\">8.66<\/span><\/td>\n<td class=\"\" data-v-65e682ee=\"\"><span class=\"mobile-text\" data-v-65e682ee=\"\">22<\/span><\/td>\n<\/tr>\n<tr data-v-65e682ee=\"\">\n<td class=\"\" data-v-65e682ee=\"\"><span class=\"mobile-text\" data-v-65e682ee=\"\">6<\/span><\/td>\n<td class=\"\" data-v-65e682ee=\"\"><span class=\"mobile-text\" data-v-65e682ee=\"\">3.5<\/span><\/td>\n<td class=\"\" data-v-65e682ee=\"\"><span class=\"mobile-text\" data-v-65e682ee=\"\">36<\/span><\/td>\n<td class=\"\" data-v-65e682ee=\"\"><span class=\"mobile-text\" data-v-65e682ee=\"\">9.06<\/span><\/td>\n<td class=\"\" data-v-65e682ee=\"\"><span class=\"mobile-text\" data-v-65e682ee=\"\">23<\/span><\/td>\n<\/tr>\n<tr data-v-65e682ee=\"\">\n<td class=\"\" data-v-65e682ee=\"\"><span class=\"mobile-text\" data-v-65e682ee=\"\">6.5<\/span><\/td>\n<td class=\"\" data-v-65e682ee=\"\"><span class=\"mobile-text\" data-v-65e682ee=\"\">4<\/span><\/td>\n<td class=\"\" data-v-65e682ee=\"\"><span class=\"mobile-text\" data-v-65e682ee=\"\">36.5<\/span><\/td>\n<td class=\"\" data-v-65e682ee=\"\"><span class=\"mobile-text\" data-v-65e682ee=\"\">9.25<\/span><\/td>\n<td class=\"\" data-v-65e682ee=\"\"><span class=\"mobile-text\" data-v-65e682ee=\"\">23.5<\/span><\/td>\n<\/tr>\n<tr data-v-65e682ee=\"\">\n<td class=\"\" data-v-65e682ee=\"\"><span class=\"mobile-text\" data-v-65e682ee=\"\">7<\/span><\/td>\n<td class=\"\" data-v-65e682ee=\"\"><span class=\"mobile-text\" data-v-65e682ee=\"\">4.5<\/span><\/td>\n<td class=\"\" data-v-65e682ee=\"\"><span class=\"mobile-text\" data-v-65e682ee=\"\">37<\/span><\/td>\n<td class=\"\" data-v-65e682ee=\"\"><span class=\"mobile-text\" data-v-65e682ee=\"\">9.45<\/span><\/td>\n<td class=\"\" data-v-65e682ee=\"\"><span class=\"mobile-text\" data-v-65e682ee=\"\">24<\/span><\/td>\n<\/tr>\n<tr data-v-65e682ee=\"\">\n<td class=\"\" data-v-65e682ee=\"\"><span class=\"mobile-text\" data-v-65e682ee=\"\">7.5<\/span><\/td>\n<td class=\"\" data-v-65e682ee=\"\"><span class=\"mobile-text\" data-v-65e682ee=\"\">5<\/span><\/td>\n<td class=\"\" data-v-65e682ee=\"\"><span class=\"mobile-text\" data-v-65e682ee=\"\">38<\/span><\/td>\n<td class=\"\" data-v-65e682ee=\"\"><span class=\"mobile-text\" data-v-65e682ee=\"\">9.65<\/span><\/td>\n<td class=\"\" data-v-65e682ee=\"\"><span class=\"mobile-text\" data-v-65e682ee=\"\">24.5<\/span><\/td>\n<\/tr>\n<tr data-v-65e682ee=\"\">\n<td class=\"\" data-v-65e682ee=\"\"><span class=\"mobile-text\" data-v-65e682ee=\"\">8<\/span><\/td>\n<td class=\"\" data-v-65e682ee=\"\"><span class=\"mobile-text\" data-v-65e682ee=\"\">5.5<\/span><\/td>\n<td class=\"\" data-v-65e682ee=\"\"><span class=\"mobile-text\" data-v-65e682ee=\"\">39<\/span><\/td>\n<td class=\"\" data-v-65e682ee=\"\"><span class=\"mobile-text\" data-v-65e682ee=\"\">9.84<\/span><\/td>\n<td class=\"\" data-v-65e682ee=\"\"><span class=\"mobile-text\" data-v-65e682ee=\"\">25<\/span><\/td>\n<\/tr>\n<tr data-v-65e682ee=\"\">\n<td class=\"\" data-v-65e682ee=\"\"><span class=\"mobile-text\" data-v-65e682ee=\"\">8.5<\/span><\/td>\n<td class=\"\" data-v-65e682ee=\"\"><span class=\"mobile-text\" data-v-65e682ee=\"\">6<\/span><\/td>\n<td class=\"\" data-v-65e682ee=\"\"><span class=\"mobile-text\" data-v-65e682ee=\"\">39.5<\/span><\/td>\n<td class=\"\" data-v-65e682ee=\"\"><span class=\"mobile-text\" data-v-65e682ee=\"\">10.04<\/span><\/td>\n<td class=\"\" data-v-65e682ee=\"\"><span class=\"mobile-text\" data-v-65e682ee=\"\">25.5<\/span><\/td>\n<\/tr>\n<tr data-v-65e682ee=\"\">\n<td class=\"\" data-v-65e682ee=\"\"><span class=\"mobile-text\" data-v-65e682ee=\"\">9<\/span><\/td>\n<td class=\"\" data-v-65e682ee=\"\"><span class=\"mobile-text\" data-v-65e682ee=\"\">6.5<\/span><\/td>\n<td class=\"\" data-v-65e682ee=\"\"><span class=\"mobile-text\" data-v-65e682ee=\"\">40<\/span><\/td>\n<td class=\"\" data-v-65e682ee=\"\"><span class=\"mobile-text\" data-v-65e682ee=\"\">10.24<\/span><\/td>\n<td class=\"\" data-v-65e682ee=\"\"><span class=\"mobile-text\" data-v-65e682ee=\"\">26<\/span><\/td>\n<\/tr>\n<tr data-v-65e682ee=\"\">\n<td class=\"\" data-v-65e682ee=\"\"><span class=\"mobile-text\" data-v-65e682ee=\"\">9.5<\/span><\/td>\n<td class=\"\" data-v-65e682ee=\"\"><span class=\"mobile-text\" data-v-65e682ee=\"\">7<\/span><\/td>\n<td class=\"\" data-v-65e682ee=\"\"><span class=\"mobile-text\" data-v-65e682ee=\"\">40.5<\/span><\/td>\n<td class=\"\" data-v-65e682ee=\"\"><span class=\"mobile-text\" data-v-65e682ee=\"\">10.43<\/span><\/td>\n<td class=\"\" data-v-65e682ee=\"\"><span class=\"mobile-text\" data-v-65e682ee=\"\">26.5<\/span><\/td>\n<\/tr>\n<tr data-v-65e682ee=\"\">\n<td class=\"\" data-v-65e682ee=\"\"><span class=\"mobile-text\" data-v-65e682ee=\"\">10<\/span><\/td>\n<td class=\"\" data-v-65e682ee=\"\"><span class=\"mobile-text\" data-v-65e682ee=\"\">7.5<\/span><\/td>\n<td class=\"\" data-v-65e682ee=\"\"><span class=\"mobile-text\" data-v-65e682ee=\"\">41.5<\/span><\/td>\n<td class=\"\" data-v-65e682ee=\"\"><span class=\"mobile-text\" data-v-65e682ee=\"\">10.63<\/span><\/td>\n<td class=\"\" data-v-65e682ee=\"\"><span class=\"mobile-text\" data-v-65e682ee=\"\">27<\/span><\/td>\n<\/tr>\n<tr data-v-65e682ee=\"\">\n<td class=\"\" data-v-65e682ee=\"\"><span class=\"mobile-text\" data-v-65e682ee=\"\">10.5<\/span><\/td>\n<td class=\"\" data-v-65e682ee=\"\"><span class=\"mobile-text\" data-v-65e682ee=\"\">8<\/span><\/td>\n<td class=\"\" data-v-65e682ee=\"\"><span class=\"mobile-text\" data-v-65e682ee=\"\">42<\/span><\/td>\n<td class=\"\" data-v-65e682ee=\"\"><span class=\"mobile-text\" data-v-65e682ee=\"\">10.83<\/span><\/td>\n<td class=\"\" data-v-65e682ee=\"\"><span class=\"mobile-text\" data-v-65e682ee=\"\">27.5<\/span><\/td>\n<\/tr>\n<tr data-v-65e682ee=\"\">\n<td class=\"\" data-v-65e682ee=\"\"><span class=\"mobile-text\" data-v-65e682ee=\"\">11<\/span><\/td>\n<td class=\"\" data-v-65e682ee=\"\"><span class=\"mobile-text\" data-v-65e682ee=\"\">8.5<\/span><\/td>\n<td class=\"\" data-v-65e682ee=\"\"><span class=\"mobile-text\" data-v-65e682ee=\"\">42.5<\/span><\/td>\n<td class=\"\" data-v-65e682ee=\"\"><span class=\"mobile-text\" data-v-65e682ee=\"\">11.02<\/span><\/td>\n<td class=\"\" data-v-65e682ee=\"\"><span class=\"mobile-text\" data-v-65e682ee=\"\">28<\/span><\/td>\n<\/tr>\n<\/tbody>\n<\/table>\n<\/div>\n<\/div>\n<\/div>\n<\/div>\n<\/div>\n<\/div>\n<\/section>\n<\/div>\n<\/div>\n","protected":false},"excerpt":{"rendered":"<hr \/>\n<p style=\"text-align: center;\">K2 BOA patins \u00e0 roues align\u00e9es femmes. L&#8217;Alexis 90 BOA\u00ae est con\u00e7u pour r\u00e9pondre aux besoins des passionn\u00e9s de fitness. Le BOA\u00ae Fit System offre aux patineurs un ajustement personnalis\u00e9 et pr\u00e9cis et la possibilit\u00e9 de faire des ajustements \u00e0 la vol\u00e9e. Le confort et la stabilit\u00e9 sont de s\u00e9rie gr\u00e2ce \u00e0 l&#8217;Original Softboot\u00ae, au cadre en aluminium D.C. et au brassard Stability Plus. Les roulements ILQ-7 et les roues de 90 mm compl\u00e8tent le design et garantissent une conduite souple et rapide. Pour l&#8217;exp\u00e9rience ultime du patinage de remise en forme, choisissez l&#8217;Alexis 90 BOA\u00ae et commencez \u00e0 rouler !<\/p>\n<hr \/>\n<p>&nbsp;<\/p>\n","protected":false},"featured_media":29523,"comment_status":"closed","ping_status":"closed","template":"","meta":{"site-sidebar-layout":"default","site-content-layout":"default","ast-site-content-layout":"default","site-content-style":"default","site-sidebar-style":"default","ast-global-header-display":"","ast-banner-title-visibility":"","ast-main-header-display":"","ast-hfb-above-header-display":"","ast-hfb-below-header-display":"","ast-hfb-mobile-header-display":"","site-post-title":"","ast-breadcrumbs-content":"","ast-featured-img":"","footer-sml-layout":"","theme-transparent-header-meta":"default","adv-header-id-meta":"","stick-header-meta":"","header-above-stick-meta":"","header-main-stick-meta":"","header-below-stick-meta":"","astra-migrate-meta-layouts":"set","ast-page-background-enabled":"default","ast-page-background-meta":{"desktop":{"background-color":"","background-image":"","background-repeat":"repeat","background-position":"center center","background-size":"auto","background-attachment":"scroll","background-type":"","background-media":"","overlay-type":"","overlay-color":"","overlay-opacity":"","overlay-gradient":""},"tablet":{"background-color":"","background-image":"","background-repeat":"repeat","background-position":"center center","background-size":"auto","background-attachment":"scroll","background-type":"","background-media":"","overlay-type":"","overlay-color":"","overlay-opacity":"","overlay-gradient":""},"mobile":{"background-color":"","background-image":"","background-repeat":"repeat","background-position":"center center","background-size":"auto","background-attachment":"scroll","background-type":"","background-media":"","overlay-type":"","overlay-color":"","overlay-opacity":"","overlay-gradient":""}},"ast-content-background-meta":{"desktop":{"background-color":"var(--ast-global-color-5)","background-image":"","background-repeat":"repeat","background-position":"center center","background-size":"auto","background-attachment":"scroll","background-type":"","background-media":"","overlay-type":"","overlay-color":"","overlay-opacity":"","overlay-gradient":""},"tablet":{"background-color":"var(--ast-global-color-5)","background-image":"","background-repeat":"repeat","background-position":"center center","background-size":"auto","background-attachment":"scroll","background-type":"","background-media":"","overlay-type":"","overlay-color":"","overlay-opacity":"","overlay-gradient":""},"mobile":{"background-color":"var(--ast-global-color-5)","background-image":"","background-repeat":"repeat","background-position":"center center","background-size":"auto","background-attachment":"scroll","background-type":"","background-media":"","overlay-type":"","overlay-color":"","overlay-opacity":"","overlay-gradient":""}}},"product_brand":[],"product_cat":[1662,1661],"product_tag":[],"class_list":{"0":"post-57133","1":"product","2":"type-product","3":"status-publish","4":"has-post-thumbnail","6":"product_cat-patinage-de-loisir","7":"product_cat-patins-a-roues-alignees-de-loisir","8":"desktop-align-center","9":"tablet-align-center","10":"mobile-align-center","11":"ast-product-gallery-layout-horizontal","12":"ast-product-single-variable","13":"ast-product-tabs-layout-horizontal","14":"ast-qv-on-image","16":"first","17":"instock","18":"taxable","19":"shipping-taxable","20":"purchasable","21":"product-type-variable"},"bundled_by":[],"bundle_stock_status":"instock","bundle_stock_quantity":null,"bundle_virtual":false,"bundle_layout":"","bundle_add_to_cart_form_location":"","bundle_editable_in_cart":false,"bundle_sold_individually_context":"","bundle_item_grouping":"","bundle_min_size":"","bundle_max_size":"","bundle_price":[],"bundled_items":[],"bundle_sell_ids":[],"yoast_head":"<!-- This site is optimized with the Yoast SEO plugin v27.4 - https:\/\/yoast.com\/product\/yoast-seo-wordpress\/ -->\n<title>Patins K2 ALEXIS BOA 90 - Xact Skate Shop<\/title>\n<meta name=\"description\" content=\"L&#039;Alexis 90 BOA\u00ae. Le BOA\u00ae Fit System permet un ajustement personnalis\u00e9 et pr\u00e9cis et la possibilit\u00e9 de faire des ajustements \u00e0 la vol\u00e9e.\" \/>\n<meta name=\"robots\" content=\"index, follow, max-snippet:-1, max-image-preview:large, max-video-preview:-1\" \/>\n<link rel=\"canonical\" href=\"https:\/\/xactskateshop.com\/fr\/produit\/k2-alexis-boa-90\/\" \/>\n<meta property=\"og:locale\" content=\"fr_FR\" \/>\n<meta property=\"og:type\" content=\"article\" \/>\n<meta property=\"og:title\" content=\"Patins K2 ALEXIS BOA 90 - Xact Skate Shop\" \/>\n<meta property=\"og:description\" content=\"L&#039;Alexis 90 BOA\u00ae. Le BOA\u00ae Fit System permet un ajustement personnalis\u00e9 et pr\u00e9cis et la possibilit\u00e9 de faire des ajustements \u00e0 la vol\u00e9e.\" \/>\n<meta property=\"og:url\" content=\"https:\/\/xactskateshop.com\/fr\/produit\/k2-alexis-boa-90\/\" \/>\n<meta property=\"og:site_name\" content=\"Xact Skate Shop\" \/>\n<meta property=\"article:publisher\" content=\"https:\/\/www.facebook.com\/JeanLouiskateshop\" \/>\n<meta property=\"article:modified_time\" content=\"2025-10-17T20:03:05+00:00\" \/>\n<meta property=\"og:image\" content=\"https:\/\/xactskateshop.com\/wp-content\/uploads\/2022\/03\/S22_K2SKATE_ALEXIS90_BOA_02.jpg\" \/>\n\t<meta property=\"og:image:width\" content=\"1000\" \/>\n\t<meta property=\"og:image:height\" content=\"1000\" \/>\n\t<meta property=\"og:image:type\" content=\"image\/jpeg\" \/>\n<meta name=\"twitter:card\" content=\"summary_large_image\" \/>\n<meta name=\"twitter:label1\" content=\"Dur\u00e9e de lecture estim\u00e9e\" \/>\n\t<meta name=\"twitter:data1\" content=\"2 minutes\" \/>\n<script type=\"application\/ld+json\" class=\"yoast-schema-graph\">{\"@context\":\"https:\\\/\\\/schema.org\",\"@graph\":[{\"@type\":\"WebPage\",\"@id\":\"https:\\\/\\\/xactskateshop.com\\\/fr\\\/produit\\\/k2-alexis-boa-90\\\/\",\"url\":\"https:\\\/\\\/xactskateshop.com\\\/fr\\\/produit\\\/k2-alexis-boa-90\\\/\",\"name\":\"Patins K2 ALEXIS BOA 90 - Xact Skate Shop\",\"isPartOf\":{\"@id\":\"http:\\\/\\\/xactskateshop.com\\\/fr\\\/#website\"},\"primaryImageOfPage\":{\"@id\":\"https:\\\/\\\/xactskateshop.com\\\/fr\\\/produit\\\/k2-alexis-boa-90\\\/#primaryimage\"},\"image\":{\"@id\":\"https:\\\/\\\/xactskateshop.com\\\/fr\\\/produit\\\/k2-alexis-boa-90\\\/#primaryimage\"},\"thumbnailUrl\":\"https:\\\/\\\/xactskateshop.com\\\/wp-content\\\/uploads\\\/2022\\\/03\\\/S22_K2SKATE_ALEXIS90_BOA_02.jpg\",\"datePublished\":\"2022-03-19T18:59:56+00:00\",\"dateModified\":\"2025-10-17T20:03:05+00:00\",\"description\":\"L'Alexis 90 BOA\u00ae. Le BOA\u00ae Fit System permet un ajustement personnalis\u00e9 et pr\u00e9cis et la possibilit\u00e9 de faire des ajustements \u00e0 la vol\u00e9e.\",\"breadcrumb\":{\"@id\":\"https:\\\/\\\/xactskateshop.com\\\/fr\\\/produit\\\/k2-alexis-boa-90\\\/#breadcrumb\"},\"inLanguage\":\"fr-FR\",\"potentialAction\":[{\"@type\":\"ReadAction\",\"target\":[\"https:\\\/\\\/xactskateshop.com\\\/fr\\\/produit\\\/k2-alexis-boa-90\\\/\"]}]},{\"@type\":\"ImageObject\",\"inLanguage\":\"fr-FR\",\"@id\":\"https:\\\/\\\/xactskateshop.com\\\/fr\\\/produit\\\/k2-alexis-boa-90\\\/#primaryimage\",\"url\":\"https:\\\/\\\/xactskateshop.com\\\/wp-content\\\/uploads\\\/2022\\\/03\\\/S22_K2SKATE_ALEXIS90_BOA_02.jpg\",\"contentUrl\":\"https:\\\/\\\/xactskateshop.com\\\/wp-content\\\/uploads\\\/2022\\\/03\\\/S22_K2SKATE_ALEXIS90_BOA_02.jpg\",\"width\":1000,\"height\":1000,\"caption\":\"K2 femmes Alexis boa\"},{\"@type\":\"BreadcrumbList\",\"@id\":\"https:\\\/\\\/xactskateshop.com\\\/fr\\\/produit\\\/k2-alexis-boa-90\\\/#breadcrumb\",\"itemListElement\":[{\"@type\":\"ListItem\",\"position\":1,\"name\":\"Home\",\"item\":\"https:\\\/\\\/xactskateshop.com\\\/fr\\\/accueil\\\/\"},{\"@type\":\"ListItem\",\"position\":2,\"name\":\"Boutique\",\"item\":\"https:\\\/\\\/xactskateshop.com\\\/shop\\\/\"},{\"@type\":\"ListItem\",\"position\":3,\"name\":\"Patins K2 ALEXIS BOA 90\"}]},{\"@type\":\"WebSite\",\"@id\":\"http:\\\/\\\/xactskateshop.com\\\/fr\\\/#website\",\"url\":\"http:\\\/\\\/xactskateshop.com\\\/fr\\\/\",\"name\":\"Xact Skate Shop\",\"description\":\"Un site utilisant WordPress\",\"publisher\":{\"@id\":\"http:\\\/\\\/xactskateshop.com\\\/fr\\\/#organization\"},\"potentialAction\":[{\"@type\":\"SearchAction\",\"target\":{\"@type\":\"EntryPoint\",\"urlTemplate\":\"http:\\\/\\\/xactskateshop.com\\\/fr\\\/?s={search_term_string}\"},\"query-input\":{\"@type\":\"PropertyValueSpecification\",\"valueRequired\":true,\"valueName\":\"search_term_string\"}}],\"inLanguage\":\"fr-FR\"},{\"@type\":\"Organization\",\"@id\":\"http:\\\/\\\/xactskateshop.com\\\/fr\\\/#organization\",\"name\":\"XACT Skate Shop\",\"url\":\"http:\\\/\\\/xactskateshop.com\\\/fr\\\/\",\"logo\":{\"@type\":\"ImageObject\",\"inLanguage\":\"fr-FR\",\"@id\":\"http:\\\/\\\/xactskateshop.com\\\/fr\\\/#\\\/schema\\\/logo\\\/image\\\/\",\"url\":\"http:\\\/\\\/xactskateshop.com\\\/wp-content\\\/uploads\\\/2024\\\/04\\\/xactskateshop-dot-com-avec-contour-noir-sans-fond-675x.jpg\",\"contentUrl\":\"http:\\\/\\\/xactskateshop.com\\\/wp-content\\\/uploads\\\/2024\\\/04\\\/xactskateshop-dot-com-avec-contour-noir-sans-fond-675x.jpg\",\"width\":675,\"height\":247,\"caption\":\"XACT Skate Shop\"},\"image\":{\"@id\":\"http:\\\/\\\/xactskateshop.com\\\/fr\\\/#\\\/schema\\\/logo\\\/image\\\/\"},\"sameAs\":[\"https:\\\/\\\/www.facebook.com\\\/JeanLouiskateshop\"]}]}<\/script>\n<!-- \/ Yoast SEO plugin. -->","yoast_head_json":{"title":"Patins K2 ALEXIS BOA 90 - Xact Skate Shop","description":"L'Alexis 90 BOA\u00ae. Le BOA\u00ae Fit System permet un ajustement personnalis\u00e9 et pr\u00e9cis et la possibilit\u00e9 de faire des ajustements \u00e0 la vol\u00e9e.","robots":{"index":"index","follow":"follow","max-snippet":"max-snippet:-1","max-image-preview":"max-image-preview:large","max-video-preview":"max-video-preview:-1"},"canonical":"https:\/\/xactskateshop.com\/fr\/produit\/k2-alexis-boa-90\/","og_locale":"fr_FR","og_type":"article","og_title":"Patins K2 ALEXIS BOA 90 - Xact Skate Shop","og_description":"L'Alexis 90 BOA\u00ae. Le BOA\u00ae Fit System permet un ajustement personnalis\u00e9 et pr\u00e9cis et la possibilit\u00e9 de faire des ajustements \u00e0 la vol\u00e9e.","og_url":"https:\/\/xactskateshop.com\/fr\/produit\/k2-alexis-boa-90\/","og_site_name":"Xact Skate Shop","article_publisher":"https:\/\/www.facebook.com\/JeanLouiskateshop","article_modified_time":"2025-10-17T20:03:05+00:00","og_image":[{"width":1000,"height":1000,"url":"https:\/\/xactskateshop.com\/wp-content\/uploads\/2022\/03\/S22_K2SKATE_ALEXIS90_BOA_02.jpg","type":"image\/jpeg"}],"twitter_card":"summary_large_image","twitter_misc":{"Dur\u00e9e de lecture estim\u00e9e":"2 minutes"},"schema":{"@context":"https:\/\/schema.org","@graph":[{"@type":"WebPage","@id":"https:\/\/xactskateshop.com\/fr\/produit\/k2-alexis-boa-90\/","url":"https:\/\/xactskateshop.com\/fr\/produit\/k2-alexis-boa-90\/","name":"Patins K2 ALEXIS BOA 90 - Xact Skate Shop","isPartOf":{"@id":"http:\/\/xactskateshop.com\/fr\/#website"},"primaryImageOfPage":{"@id":"https:\/\/xactskateshop.com\/fr\/produit\/k2-alexis-boa-90\/#primaryimage"},"image":{"@id":"https:\/\/xactskateshop.com\/fr\/produit\/k2-alexis-boa-90\/#primaryimage"},"thumbnailUrl":"https:\/\/xactskateshop.com\/wp-content\/uploads\/2022\/03\/S22_K2SKATE_ALEXIS90_BOA_02.jpg","datePublished":"2022-03-19T18:59:56+00:00","dateModified":"2025-10-17T20:03:05+00:00","description":"L'Alexis 90 BOA\u00ae. Le BOA\u00ae Fit System permet un ajustement personnalis\u00e9 et pr\u00e9cis et la possibilit\u00e9 de faire des ajustements \u00e0 la vol\u00e9e.","breadcrumb":{"@id":"https:\/\/xactskateshop.com\/fr\/produit\/k2-alexis-boa-90\/#breadcrumb"},"inLanguage":"fr-FR","potentialAction":[{"@type":"ReadAction","target":["https:\/\/xactskateshop.com\/fr\/produit\/k2-alexis-boa-90\/"]}]},{"@type":"ImageObject","inLanguage":"fr-FR","@id":"https:\/\/xactskateshop.com\/fr\/produit\/k2-alexis-boa-90\/#primaryimage","url":"https:\/\/xactskateshop.com\/wp-content\/uploads\/2022\/03\/S22_K2SKATE_ALEXIS90_BOA_02.jpg","contentUrl":"https:\/\/xactskateshop.com\/wp-content\/uploads\/2022\/03\/S22_K2SKATE_ALEXIS90_BOA_02.jpg","width":1000,"height":1000,"caption":"K2 femmes Alexis boa"},{"@type":"BreadcrumbList","@id":"https:\/\/xactskateshop.com\/fr\/produit\/k2-alexis-boa-90\/#breadcrumb","itemListElement":[{"@type":"ListItem","position":1,"name":"Home","item":"https:\/\/xactskateshop.com\/fr\/accueil\/"},{"@type":"ListItem","position":2,"name":"Boutique","item":"https:\/\/xactskateshop.com\/shop\/"},{"@type":"ListItem","position":3,"name":"Patins K2 ALEXIS BOA 90"}]},{"@type":"WebSite","@id":"http:\/\/xactskateshop.com\/fr\/#website","url":"http:\/\/xactskateshop.com\/fr\/","name":"Xact Skate Shop","description":"Un site utilisant WordPress","publisher":{"@id":"http:\/\/xactskateshop.com\/fr\/#organization"},"potentialAction":[{"@type":"SearchAction","target":{"@type":"EntryPoint","urlTemplate":"http:\/\/xactskateshop.com\/fr\/?s={search_term_string}"},"query-input":{"@type":"PropertyValueSpecification","valueRequired":true,"valueName":"search_term_string"}}],"inLanguage":"fr-FR"},{"@type":"Organization","@id":"http:\/\/xactskateshop.com\/fr\/#organization","name":"XACT Skate Shop","url":"http:\/\/xactskateshop.com\/fr\/","logo":{"@type":"ImageObject","inLanguage":"fr-FR","@id":"http:\/\/xactskateshop.com\/fr\/#\/schema\/logo\/image\/","url":"http:\/\/xactskateshop.com\/wp-content\/uploads\/2024\/04\/xactskateshop-dot-com-avec-contour-noir-sans-fond-675x.jpg","contentUrl":"http:\/\/xactskateshop.com\/wp-content\/uploads\/2024\/04\/xactskateshop-dot-com-avec-contour-noir-sans-fond-675x.jpg","width":675,"height":247,"caption":"XACT Skate Shop"},"image":{"@id":"http:\/\/xactskateshop.com\/fr\/#\/schema\/logo\/image\/"},"sameAs":["https:\/\/www.facebook.com\/JeanLouiskateshop"]}]}},"_links":{"self":[{"href":"https:\/\/xactskateshop.com\/fr\/wp-json\/wp\/v2\/product\/57133","targetHints":{"allow":["GET"]}}],"collection":[{"href":"https:\/\/xactskateshop.com\/fr\/wp-json\/wp\/v2\/product"}],"about":[{"href":"https:\/\/xactskateshop.com\/fr\/wp-json\/wp\/v2\/types\/product"}],"replies":[{"embeddable":true,"href":"https:\/\/xactskateshop.com\/fr\/wp-json\/wp\/v2\/comments?post=57133"}],"wp:featuredmedia":[{"embeddable":true,"href":"https:\/\/xactskateshop.com\/fr\/wp-json\/wp\/v2\/media\/29523"}],"wp:attachment":[{"href":"https:\/\/xactskateshop.com\/fr\/wp-json\/wp\/v2\/media?parent=57133"}],"wp:term":[{"taxonomy":"product_brand","embeddable":true,"href":"https:\/\/xactskateshop.com\/fr\/wp-json\/wp\/v2\/product_brand?post=57133"},{"taxonomy":"product_cat","embeddable":true,"href":"https:\/\/xactskateshop.com\/fr\/wp-json\/wp\/v2\/product_cat?post=57133"},{"taxonomy":"product_tag","embeddable":true,"href":"https:\/\/xactskateshop.com\/fr\/wp-json\/wp\/v2\/product_tag?post=57133"}],"curies":[{"name":"wp","href":"https:\/\/api.w.org\/{rel}","templated":true}]}}