{"id":57125,"date":"2022-03-19T14:45:36","date_gmt":"2022-03-19T18:45:36","guid":{"rendered":"http:\/\/xactskateshop.com\/product\/k2-raider\/"},"modified":"2025-10-17T16:05:48","modified_gmt":"2025-10-17T20:05:48","slug":"k2-raider","status":"publish","type":"product","link":"https:\/\/xactskateshop.com\/fr\/produit\/k2-raider\/","title":{"rendered":"Patins K2 RAIDER"},"content":{"rendered":"<div class=\"description\" data-v-6653ebab=\"\">\n<p>Une excellente premi\u00e8re paire de patins pour les enfants ! Le Raider poss\u00e8de toutes les caract\u00e9ristiques n\u00e9cessaires pour garantir une exp\u00e9rience de patinage amusante. Le la\u00e7age traditionnel et la manchette Stability Plus assurent un ajustement s\u00fbr avec un soutien important, tandis que les cinq tailles ajustables permettent aux patins de suivre la croissance rapide des enfants. Le cadre composite F.B.I. absorbant les vibrations est imbriqu\u00e9 dans la base, ce qui permet aux enfants d&#8217;\u00eatre plus \u00e9quilibr\u00e9s en \u00e9tant plus bas sur le sol.<\/p>\n<p>*Taille maximale des roues 72mm sur la taille S<\/p>\n<\/div>\n<div class=\"specs\" data-v-6653ebab=\"\">\n<div class=\"list-group\" data-v-6653ebab=\"\">\n<h4 data-v-6653ebab=\"\">TAILLE<\/h4>\n<p>11-2,1-5 <span class=\"comma\" data-v-6653ebab=\"\">,<\/span>4-8<\/p>\n<\/div>\n<div data-v-6653ebab=\"\">\n<h4 data-v-6653ebab=\"\">CAT\u00c9GORIE DE PATINAGE<\/h4>\n<p data-v-6653ebab=\"\"><span class=\"array-item\" data-v-6653ebab=\"\">La jeunesse<\/span><\/p>\n<\/div>\n<div data-v-6653ebab=\"\">\n<h4 data-v-6653ebab=\"\">LA\u00c7AGE DES PATINS<\/h4>\n<p data-v-6653ebab=\"\"><span class=\"array-item\" data-v-6653ebab=\"\">La\u00e7age traditionnel<\/span><\/p>\n<\/div>\n<div data-v-6653ebab=\"\">\n<h4 data-v-6653ebab=\"\">CADRE DE PATINAGE<\/h4>\n<p data-v-6653ebab=\"\"><span class=\"array-item\" data-v-6653ebab=\"\">Cadre FBI<\/span><\/p>\n<\/div>\n<div data-v-6653ebab=\"\">\n<h4 data-v-6653ebab=\"\">ROULEMENTS DE PATINS<\/h4>\n<p data-v-6653ebab=\"\"><span class=\"array-item\" data-v-6653ebab=\"\">ABEC 3<\/span><\/p>\n<\/div>\n<div data-v-6653ebab=\"\">\n<h4 data-v-6653ebab=\"\">CARACT\u00c9RISTIQUES DE LA PATINOIRE<\/h4>\n<p data-v-6653ebab=\"\"><span class=\"array-item\" data-v-6653ebab=\"\">5 Ajustement de la taille<\/span><\/p>\n<\/div>\n<div data-v-6653ebab=\"\">\n<h4 data-v-6653ebab=\"\">TAPIS DE PATINAGE<\/h4>\n<p data-v-6653ebab=\"\"><span class=\"array-item\" data-v-6653ebab=\"\">Brassard Stability Plus<\/span><\/p>\n<\/div>\n<div data-v-6653ebab=\"\">\n<h4 data-v-6653ebab=\"\">TAILLE DES ROUES DE PATINS<\/h4>\n<p data-v-6653ebab=\"\"><span class=\"array-item\" data-v-6653ebab=\"\">70 mm<\/span><\/p>\n<div class=\"size-chart-description\" data-v-65e682ee=\"\">\n<p><strong>Tableau des tailles de patins pour jeunes<\/strong><\/p>\n<\/div>\n<table data-v-65e682ee=\"\">\n<thead data-v-65e682ee=\"\">\n<tr data-v-65e682ee=\"\">\n<th data-v-65e682ee=\"\">Taille de patin\/ Taille de chaussure US<\/th>\n<th data-v-65e682ee=\"\">Pointure UK<\/th>\n<th data-v-65e682ee=\"\">Pointure europ\u00e9enne<\/th>\n<th data-v-65e682ee=\"\">Longueur du pied (in)<\/th>\n<th data-v-65e682ee=\"\">Longueur du pied (cm)<\/th>\n<\/tr>\n<\/thead>\n<tbody data-v-65e682ee=\"\">\n<tr data-v-65e682ee=\"\">\n<td class=\"\" data-v-65e682ee=\"\"><span class=\"mobile-text\" data-v-65e682ee=\"\">11 &#8211; 2<\/span><\/td>\n<td class=\"\" data-v-65e682ee=\"\"><span class=\"mobile-text\" data-v-65e682ee=\"\">10 &#8211; 1<\/span><\/td>\n<td class=\"\" data-v-65e682ee=\"\"><span class=\"mobile-text\" data-v-65e682ee=\"\">29 &#8211; 34<\/span><\/td>\n<td class=\"\" data-v-65e682ee=\"\"><span class=\"mobile-text\" data-v-65e682ee=\"\">6.69 &#8211; 8.07<\/span><\/td>\n<td class=\"\" data-v-65e682ee=\"\"><span class=\"mobile-text\" data-v-65e682ee=\"\">17 &#8211; 20.5<\/span><\/td>\n<\/tr>\n<tr data-v-65e682ee=\"\">\n<td class=\"\" data-v-65e682ee=\"\"><span class=\"mobile-text\" data-v-65e682ee=\"\">1 &#8211; 5<\/span><\/td>\n<td class=\"\" data-v-65e682ee=\"\"><span class=\"mobile-text\" data-v-65e682ee=\"\">13 &#8211; 4<\/span><\/td>\n<td class=\"\" data-v-65e682ee=\"\"><span class=\"mobile-text\" data-v-65e682ee=\"\">32 &#8211; 37<\/span><\/td>\n<td class=\"\" data-v-65e682ee=\"\"><span class=\"mobile-text\" data-v-65e682ee=\"\">7.68 &#8211; 9.06<\/span><\/td>\n<td class=\"\" data-v-65e682ee=\"\"><span class=\"mobile-text\" data-v-65e682ee=\"\">19.5 &#8211; 23<\/span><\/td>\n<\/tr>\n<tr data-v-65e682ee=\"\">\n<td class=\"\" data-v-65e682ee=\"\"><span class=\"mobile-text\" data-v-65e682ee=\"\">4 &#8211; 8<\/span><\/td>\n<td class=\"\" data-v-65e682ee=\"\"><span class=\"mobile-text\" data-v-65e682ee=\"\">3 &#8211; 7<\/span><\/td>\n<td class=\"\" data-v-65e682ee=\"\"><span class=\"mobile-text\" data-v-65e682ee=\"\">35 &#8211; 40<\/span><\/td>\n<td class=\"\" data-v-65e682ee=\"\"><span class=\"mobile-text\" data-v-65e682ee=\"\">8.66 &#8211; 10.04<\/span><\/td>\n<td class=\"\" data-v-65e682ee=\"\"><span class=\"mobile-text\" data-v-65e682ee=\"\">22 &#8211; 25.5<\/span><\/td>\n<\/tr>\n<\/tbody>\n<\/table>\n<p>Voir d\u2019autres mod\u00e8les\u00a0<a href=\"http:\/\/xactskateshop.com\/product-category\/recrational-skating\/recreational-inline-skates\/\">ici !<\/a><\/p>\n<p>Vous cherchez des patins de vitesse ? Voyez ce que nous avons\u00a0<a href=\"https:\/\/bont.ca\/pages\/inline-skates\">ici !<\/a><\/p>\n<\/div>\n<\/div>\n","protected":false},"excerpt":{"rendered":"<hr \/>\n<p style=\"text-align: center;\">Patins K2 ajustables pour enfants. Une excellente premi\u00e8re paire de patins pour les enfants ! Le Raider poss\u00e8de toutes les caract\u00e9ristiques n\u00e9cessaires pour garantir une exp\u00e9rience de patinage amusante. Le la\u00e7age traditionnel et la manchette Stability Plus assurent un ajustement s\u00fbr avec un soutien important, tandis que les cinq tailles ajustables permettent aux patins de suivre la croissance rapide des enfants. Le cadre composite F.B.I., qui absorbe les vibrations, est imbriqu\u00e9 dans la base, ce qui permet aux enfants d&#8217;\u00eatre plus \u00e9quilibr\u00e9s en \u00e9tant plus bas sur le sol.<\/p>\n<hr \/>\n<p>&nbsp;<\/p>\n","protected":false},"featured_media":29517,"comment_status":"closed","ping_status":"closed","template":"","meta":{"site-sidebar-layout":"default","site-content-layout":"default","ast-site-content-layout":"default","site-content-style":"default","site-sidebar-style":"default","ast-global-header-display":"","ast-banner-title-visibility":"","ast-main-header-display":"","ast-hfb-above-header-display":"","ast-hfb-below-header-display":"","ast-hfb-mobile-header-display":"","site-post-title":"","ast-breadcrumbs-content":"","ast-featured-img":"","footer-sml-layout":"","theme-transparent-header-meta":"default","adv-header-id-meta":"","stick-header-meta":"","header-above-stick-meta":"","header-main-stick-meta":"","header-below-stick-meta":"","astra-migrate-meta-layouts":"set","ast-page-background-enabled":"default","ast-page-background-meta":{"desktop":{"background-color":"","background-image":"","background-repeat":"repeat","background-position":"center center","background-size":"auto","background-attachment":"scroll","background-type":"","background-media":"","overlay-type":"","overlay-color":"","overlay-opacity":"","overlay-gradient":""},"tablet":{"background-color":"","background-image":"","background-repeat":"repeat","background-position":"center center","background-size":"auto","background-attachment":"scroll","background-type":"","background-media":"","overlay-type":"","overlay-color":"","overlay-opacity":"","overlay-gradient":""},"mobile":{"background-color":"","background-image":"","background-repeat":"repeat","background-position":"center center","background-size":"auto","background-attachment":"scroll","background-type":"","background-media":"","overlay-type":"","overlay-color":"","overlay-opacity":"","overlay-gradient":""}},"ast-content-background-meta":{"desktop":{"background-color":"var(--ast-global-color-5)","background-image":"","background-repeat":"repeat","background-position":"center center","background-size":"auto","background-attachment":"scroll","background-type":"","background-media":"","overlay-type":"","overlay-color":"","overlay-opacity":"","overlay-gradient":""},"tablet":{"background-color":"var(--ast-global-color-5)","background-image":"","background-repeat":"repeat","background-position":"center center","background-size":"auto","background-attachment":"scroll","background-type":"","background-media":"","overlay-type":"","overlay-color":"","overlay-opacity":"","overlay-gradient":""},"mobile":{"background-color":"var(--ast-global-color-5)","background-image":"","background-repeat":"repeat","background-position":"center center","background-size":"auto","background-attachment":"scroll","background-type":"","background-media":"","overlay-type":"","overlay-color":"","overlay-opacity":"","overlay-gradient":""}}},"product_brand":[],"product_cat":[1662,1661],"product_tag":[],"class_list":{"0":"post-57125","1":"product","2":"type-product","3":"status-publish","4":"has-post-thumbnail","6":"product_cat-patinage-de-loisir","7":"product_cat-patins-a-roues-alignees-de-loisir","8":"desktop-align-center","9":"tablet-align-center","10":"mobile-align-center","11":"ast-product-gallery-layout-horizontal","12":"ast-product-single-variable","13":"ast-product-tabs-layout-horizontal","14":"ast-qv-on-image","16":"first","17":"outofstock","18":"taxable","19":"shipping-taxable","20":"purchasable","21":"product-type-variable"},"bundled_by":[],"bundle_stock_status":"outofstock","bundle_stock_quantity":null,"bundle_virtual":false,"bundle_layout":"","bundle_add_to_cart_form_location":"","bundle_editable_in_cart":false,"bundle_sold_individually_context":"","bundle_item_grouping":"","bundle_min_size":"","bundle_max_size":"","bundle_price":[],"bundled_items":[],"bundle_sell_ids":[],"yoast_head":"<!-- This site is optimized with the Yoast SEO plugin v27.4 - https:\/\/yoast.com\/product\/yoast-seo-wordpress\/ -->\n<title>Patins K2 RAIDER- Xact Skate Shop<\/title>\n<meta name=\"description\" content=\"Une excellente premi\u00e8re paire de patins pour les enfants ! Les cinq tailles ajustables permettent aux patins de suivre la croissance rapide des enfants.\" \/>\n<meta name=\"robots\" content=\"index, follow, max-snippet:-1, max-image-preview:large, max-video-preview:-1\" \/>\n<link rel=\"canonical\" href=\"https:\/\/xactskateshop.com\/fr\/produit\/k2-raider\/\" \/>\n<meta property=\"og:locale\" content=\"fr_FR\" \/>\n<meta property=\"og:type\" content=\"article\" \/>\n<meta property=\"og:title\" content=\"Patins K2 RAIDER- Xact Skate Shop\" \/>\n<meta property=\"og:description\" content=\"Une excellente premi\u00e8re paire de patins pour les enfants ! Les cinq tailles ajustables permettent aux patins de suivre la croissance rapide des enfants.\" \/>\n<meta property=\"og:url\" content=\"https:\/\/xactskateshop.com\/fr\/produit\/k2-raider\/\" \/>\n<meta property=\"og:site_name\" content=\"Xact Skate Shop\" \/>\n<meta property=\"article:publisher\" content=\"https:\/\/www.facebook.com\/JeanLouiskateshop\" \/>\n<meta property=\"article:modified_time\" content=\"2025-10-17T20:05:48+00:00\" \/>\n<meta property=\"og:image\" content=\"https:\/\/xactskateshop.com\/wp-content\/uploads\/2022\/03\/S22_K2SKATE_RAIDER_02.jpg\" \/>\n\t<meta property=\"og:image:width\" content=\"1000\" \/>\n\t<meta property=\"og:image:height\" content=\"1000\" \/>\n\t<meta property=\"og:image:type\" content=\"image\/jpeg\" \/>\n<meta name=\"twitter:card\" content=\"summary_large_image\" \/>\n<meta name=\"twitter:label1\" content=\"Dur\u00e9e de lecture estim\u00e9e\" \/>\n\t<meta name=\"twitter:data1\" content=\"2 minutes\" \/>\n<script type=\"application\/ld+json\" class=\"yoast-schema-graph\">{\"@context\":\"https:\\\/\\\/schema.org\",\"@graph\":[{\"@type\":\"WebPage\",\"@id\":\"https:\\\/\\\/xactskateshop.com\\\/fr\\\/produit\\\/k2-raider\\\/\",\"url\":\"https:\\\/\\\/xactskateshop.com\\\/fr\\\/produit\\\/k2-raider\\\/\",\"name\":\"Patins K2 RAIDER- Xact Skate Shop\",\"isPartOf\":{\"@id\":\"http:\\\/\\\/xactskateshop.com\\\/fr\\\/#website\"},\"primaryImageOfPage\":{\"@id\":\"https:\\\/\\\/xactskateshop.com\\\/fr\\\/produit\\\/k2-raider\\\/#primaryimage\"},\"image\":{\"@id\":\"https:\\\/\\\/xactskateshop.com\\\/fr\\\/produit\\\/k2-raider\\\/#primaryimage\"},\"thumbnailUrl\":\"https:\\\/\\\/xactskateshop.com\\\/wp-content\\\/uploads\\\/2022\\\/03\\\/S22_K2SKATE_RAIDER_02.jpg\",\"datePublished\":\"2022-03-19T18:45:36+00:00\",\"dateModified\":\"2025-10-17T20:05:48+00:00\",\"description\":\"Une excellente premi\u00e8re paire de patins pour les enfants ! Les cinq tailles ajustables permettent aux patins de suivre la croissance rapide des enfants.\",\"breadcrumb\":{\"@id\":\"https:\\\/\\\/xactskateshop.com\\\/fr\\\/produit\\\/k2-raider\\\/#breadcrumb\"},\"inLanguage\":\"fr-FR\",\"potentialAction\":[{\"@type\":\"ReadAction\",\"target\":[\"https:\\\/\\\/xactskateshop.com\\\/fr\\\/produit\\\/k2-raider\\\/\"]}]},{\"@type\":\"ImageObject\",\"inLanguage\":\"fr-FR\",\"@id\":\"https:\\\/\\\/xactskateshop.com\\\/fr\\\/produit\\\/k2-raider\\\/#primaryimage\",\"url\":\"https:\\\/\\\/xactskateshop.com\\\/wp-content\\\/uploads\\\/2022\\\/03\\\/S22_K2SKATE_RAIDER_02.jpg\",\"contentUrl\":\"https:\\\/\\\/xactskateshop.com\\\/wp-content\\\/uploads\\\/2022\\\/03\\\/S22_K2SKATE_RAIDER_02.jpg\",\"width\":1000,\"height\":1000,\"caption\":\"K2 RAIDER\"},{\"@type\":\"BreadcrumbList\",\"@id\":\"https:\\\/\\\/xactskateshop.com\\\/fr\\\/produit\\\/k2-raider\\\/#breadcrumb\",\"itemListElement\":[{\"@type\":\"ListItem\",\"position\":1,\"name\":\"Home\",\"item\":\"https:\\\/\\\/xactskateshop.com\\\/fr\\\/accueil\\\/\"},{\"@type\":\"ListItem\",\"position\":2,\"name\":\"Boutique\",\"item\":\"https:\\\/\\\/xactskateshop.com\\\/shop\\\/\"},{\"@type\":\"ListItem\",\"position\":3,\"name\":\"Patins K2 RAIDER\"}]},{\"@type\":\"WebSite\",\"@id\":\"http:\\\/\\\/xactskateshop.com\\\/fr\\\/#website\",\"url\":\"http:\\\/\\\/xactskateshop.com\\\/fr\\\/\",\"name\":\"Xact Skate Shop\",\"description\":\"Un site utilisant WordPress\",\"publisher\":{\"@id\":\"http:\\\/\\\/xactskateshop.com\\\/fr\\\/#organization\"},\"potentialAction\":[{\"@type\":\"SearchAction\",\"target\":{\"@type\":\"EntryPoint\",\"urlTemplate\":\"http:\\\/\\\/xactskateshop.com\\\/fr\\\/?s={search_term_string}\"},\"query-input\":{\"@type\":\"PropertyValueSpecification\",\"valueRequired\":true,\"valueName\":\"search_term_string\"}}],\"inLanguage\":\"fr-FR\"},{\"@type\":\"Organization\",\"@id\":\"http:\\\/\\\/xactskateshop.com\\\/fr\\\/#organization\",\"name\":\"XACT Skate Shop\",\"url\":\"http:\\\/\\\/xactskateshop.com\\\/fr\\\/\",\"logo\":{\"@type\":\"ImageObject\",\"inLanguage\":\"fr-FR\",\"@id\":\"http:\\\/\\\/xactskateshop.com\\\/fr\\\/#\\\/schema\\\/logo\\\/image\\\/\",\"url\":\"http:\\\/\\\/xactskateshop.com\\\/wp-content\\\/uploads\\\/2024\\\/04\\\/xactskateshop-dot-com-avec-contour-noir-sans-fond-675x.jpg\",\"contentUrl\":\"http:\\\/\\\/xactskateshop.com\\\/wp-content\\\/uploads\\\/2024\\\/04\\\/xactskateshop-dot-com-avec-contour-noir-sans-fond-675x.jpg\",\"width\":675,\"height\":247,\"caption\":\"XACT Skate Shop\"},\"image\":{\"@id\":\"http:\\\/\\\/xactskateshop.com\\\/fr\\\/#\\\/schema\\\/logo\\\/image\\\/\"},\"sameAs\":[\"https:\\\/\\\/www.facebook.com\\\/JeanLouiskateshop\"]}]}<\/script>\n<!-- \/ Yoast SEO plugin. -->","yoast_head_json":{"title":"Patins K2 RAIDER- Xact Skate Shop","description":"Une excellente premi\u00e8re paire de patins pour les enfants ! Les cinq tailles ajustables permettent aux patins de suivre la croissance rapide des enfants.","robots":{"index":"index","follow":"follow","max-snippet":"max-snippet:-1","max-image-preview":"max-image-preview:large","max-video-preview":"max-video-preview:-1"},"canonical":"https:\/\/xactskateshop.com\/fr\/produit\/k2-raider\/","og_locale":"fr_FR","og_type":"article","og_title":"Patins K2 RAIDER- Xact Skate Shop","og_description":"Une excellente premi\u00e8re paire de patins pour les enfants ! Les cinq tailles ajustables permettent aux patins de suivre la croissance rapide des enfants.","og_url":"https:\/\/xactskateshop.com\/fr\/produit\/k2-raider\/","og_site_name":"Xact Skate Shop","article_publisher":"https:\/\/www.facebook.com\/JeanLouiskateshop","article_modified_time":"2025-10-17T20:05:48+00:00","og_image":[{"width":1000,"height":1000,"url":"https:\/\/xactskateshop.com\/wp-content\/uploads\/2022\/03\/S22_K2SKATE_RAIDER_02.jpg","type":"image\/jpeg"}],"twitter_card":"summary_large_image","twitter_misc":{"Dur\u00e9e de lecture estim\u00e9e":"2 minutes"},"schema":{"@context":"https:\/\/schema.org","@graph":[{"@type":"WebPage","@id":"https:\/\/xactskateshop.com\/fr\/produit\/k2-raider\/","url":"https:\/\/xactskateshop.com\/fr\/produit\/k2-raider\/","name":"Patins K2 RAIDER- Xact Skate Shop","isPartOf":{"@id":"http:\/\/xactskateshop.com\/fr\/#website"},"primaryImageOfPage":{"@id":"https:\/\/xactskateshop.com\/fr\/produit\/k2-raider\/#primaryimage"},"image":{"@id":"https:\/\/xactskateshop.com\/fr\/produit\/k2-raider\/#primaryimage"},"thumbnailUrl":"https:\/\/xactskateshop.com\/wp-content\/uploads\/2022\/03\/S22_K2SKATE_RAIDER_02.jpg","datePublished":"2022-03-19T18:45:36+00:00","dateModified":"2025-10-17T20:05:48+00:00","description":"Une excellente premi\u00e8re paire de patins pour les enfants ! Les cinq tailles ajustables permettent aux patins de suivre la croissance rapide des enfants.","breadcrumb":{"@id":"https:\/\/xactskateshop.com\/fr\/produit\/k2-raider\/#breadcrumb"},"inLanguage":"fr-FR","potentialAction":[{"@type":"ReadAction","target":["https:\/\/xactskateshop.com\/fr\/produit\/k2-raider\/"]}]},{"@type":"ImageObject","inLanguage":"fr-FR","@id":"https:\/\/xactskateshop.com\/fr\/produit\/k2-raider\/#primaryimage","url":"https:\/\/xactskateshop.com\/wp-content\/uploads\/2022\/03\/S22_K2SKATE_RAIDER_02.jpg","contentUrl":"https:\/\/xactskateshop.com\/wp-content\/uploads\/2022\/03\/S22_K2SKATE_RAIDER_02.jpg","width":1000,"height":1000,"caption":"K2 RAIDER"},{"@type":"BreadcrumbList","@id":"https:\/\/xactskateshop.com\/fr\/produit\/k2-raider\/#breadcrumb","itemListElement":[{"@type":"ListItem","position":1,"name":"Home","item":"https:\/\/xactskateshop.com\/fr\/accueil\/"},{"@type":"ListItem","position":2,"name":"Boutique","item":"https:\/\/xactskateshop.com\/shop\/"},{"@type":"ListItem","position":3,"name":"Patins K2 RAIDER"}]},{"@type":"WebSite","@id":"http:\/\/xactskateshop.com\/fr\/#website","url":"http:\/\/xactskateshop.com\/fr\/","name":"Xact Skate Shop","description":"Un site utilisant WordPress","publisher":{"@id":"http:\/\/xactskateshop.com\/fr\/#organization"},"potentialAction":[{"@type":"SearchAction","target":{"@type":"EntryPoint","urlTemplate":"http:\/\/xactskateshop.com\/fr\/?s={search_term_string}"},"query-input":{"@type":"PropertyValueSpecification","valueRequired":true,"valueName":"search_term_string"}}],"inLanguage":"fr-FR"},{"@type":"Organization","@id":"http:\/\/xactskateshop.com\/fr\/#organization","name":"XACT Skate Shop","url":"http:\/\/xactskateshop.com\/fr\/","logo":{"@type":"ImageObject","inLanguage":"fr-FR","@id":"http:\/\/xactskateshop.com\/fr\/#\/schema\/logo\/image\/","url":"http:\/\/xactskateshop.com\/wp-content\/uploads\/2024\/04\/xactskateshop-dot-com-avec-contour-noir-sans-fond-675x.jpg","contentUrl":"http:\/\/xactskateshop.com\/wp-content\/uploads\/2024\/04\/xactskateshop-dot-com-avec-contour-noir-sans-fond-675x.jpg","width":675,"height":247,"caption":"XACT Skate Shop"},"image":{"@id":"http:\/\/xactskateshop.com\/fr\/#\/schema\/logo\/image\/"},"sameAs":["https:\/\/www.facebook.com\/JeanLouiskateshop"]}]}},"_links":{"self":[{"href":"https:\/\/xactskateshop.com\/fr\/wp-json\/wp\/v2\/product\/57125","targetHints":{"allow":["GET"]}}],"collection":[{"href":"https:\/\/xactskateshop.com\/fr\/wp-json\/wp\/v2\/product"}],"about":[{"href":"https:\/\/xactskateshop.com\/fr\/wp-json\/wp\/v2\/types\/product"}],"replies":[{"embeddable":true,"href":"https:\/\/xactskateshop.com\/fr\/wp-json\/wp\/v2\/comments?post=57125"}],"wp:featuredmedia":[{"embeddable":true,"href":"https:\/\/xactskateshop.com\/fr\/wp-json\/wp\/v2\/media\/29517"}],"wp:attachment":[{"href":"https:\/\/xactskateshop.com\/fr\/wp-json\/wp\/v2\/media?parent=57125"}],"wp:term":[{"taxonomy":"product_brand","embeddable":true,"href":"https:\/\/xactskateshop.com\/fr\/wp-json\/wp\/v2\/product_brand?post=57125"},{"taxonomy":"product_cat","embeddable":true,"href":"https:\/\/xactskateshop.com\/fr\/wp-json\/wp\/v2\/product_cat?post=57125"},{"taxonomy":"product_tag","embeddable":true,"href":"https:\/\/xactskateshop.com\/fr\/wp-json\/wp\/v2\/product_tag?post=57125"}],"curies":[{"name":"wp","href":"https:\/\/api.w.org\/{rel}","templated":true}]}}