{"id":56569,"date":"2023-05-02T14:47:44","date_gmt":"2023-05-02T18:47:44","guid":{"rendered":"http:\/\/xactskateshop.com\/product\/bont-patriot-mb-v2-evo-krypton-package\/"},"modified":"2026-03-19T13:21:10","modified_gmt":"2026-03-19T17:21:10","slug":"bont-patriot-mb-v2-evo-krypton-package","status":"publish","type":"product","link":"https:\/\/xactskateshop.com\/fr\/produit\/bont-patriot-mb-v2-evo-krypton-package\/","title":{"rendered":"Ensemble BONT Patriot MB V2\/EVO Krypton"},"content":{"rendered":"<h5>BONT Patriot bleu nuit V2\/EVO Krypton<\/h5>\n<h6><strong>Patriot Carbon V2\/EVO Krypton\u00a0<\/strong><\/h6>\n<p>Le BONT Patriot MB V2\/EVO Krypton est notre patin \u00e0 glace courte piste d&#8217;entr\u00e9e de gamme qui offre un rapport qualit\u00e9-prix exceptionnel. Une base en carbone pos\u00e9e \u00e0 la main vous donne une botte super rigide qui est enti\u00e8rement moulable \u00e0 la chaleur en utilisant une r\u00e9sine \u00e9poxy thermodurcissable. Combin\u00e9e \u00e0 la forme anatomique de la chaussure et \u00e0 la mousse \u00e0 m\u00e9moire de forme haute densit\u00e9, cette chaussure est d&#8217;un rapport qualit\u00e9-prix in\u00e9gal\u00e9.<\/p>\n<h3><strong>Les nouvelles caract\u00e9ristiques sont les suivantes<\/strong><\/h3>\n<ul>\n<li>Derni\u00e8re mise \u00e0 jour,<\/li>\n<li>Am\u00e9lioration de la production d&#8217;une botte en une seule pi\u00e8ce,<\/li>\n<li>Manchette plus haute et angle de manchette modifi\u00e9,<\/li>\n<li>Rembourrage plus \u00e9pais au niveau du col,<\/li>\n<li>Plus de carbone dans la base de la botte,<\/li>\n<li>Doublure en daim.<\/li>\n<\/ul>\n<h3><strong>Sp\u00e9cifications de la botte V2<\/strong><\/h3>\n<ul>\n<li><strong>Base :<\/strong> Carbone composite pos\u00e9 \u00e0 la main<\/li>\n<li><strong>Rev\u00eatement ext\u00e9rieur :<\/strong> Microfibre<\/li>\n<li><strong>Doublure :<\/strong> Microfibre<\/li>\n<li><strong>Semelle int\u00e9rieure :<\/strong> Microfibre<\/li>\n<li><strong>Thermo-moulable :<\/strong> Base enti\u00e8rement thermo-moulable utilisant une r\u00e9sine \u00e9poxy thermodurcissable.<\/li>\n<li><strong>Rembourrage :<\/strong> Mousse \u00e0 m\u00e9moire de forme haute densit\u00e9<\/li>\n<li><strong>Options de fermeture :<\/strong> 2 sangles velcro r\u00e9glables + lacet Options de taille : 9\/27 &#8211; 13.5\/51<\/li>\n<li><strong>Options de montage :<\/strong> Standard<\/li>\n<\/ul>\n<div>\n<h3>Caract\u00e9ristiques de la lame EVO Krypton<\/h3>\n<\/div>\n<ul>\n<li>Con\u00e7ue comme une lame agile, r\u00e9active et durable,<\/li>\n<li>Un produit de grande valeur offrant une excellente qualit\u00e9 \u00e0 un prix plus abordable,<\/li>\n<li>La technologie du tube Krypton a \u00e9t\u00e9 mise en \u0153uvre dans le mod\u00e8le 12C27,<\/li>\n<li>Le 12C27 est un acier durable, qui conserve un tranchant et une qualit\u00e9 d&#8217;ar\u00eate excellents,<\/li>\n<li>Le 12C27 est fabriqu\u00e9 selon les m\u00eames sp\u00e9cifications et tol\u00e9rances que nos patins PM et bi-m\u00e9tal,<\/li>\n<li>Aluminium de premi\u00e8re qualit\u00e9 d&#8217;origine n\u00e9erlandaise et acier 12C27,<\/li>\n<li>Le syst\u00e8me de coupelles innovant d&#8217;Evo offre une interface de montage solide avec une mise en place et un r\u00e9glage simples et efficaces,<\/li>\n<li>Des coupes plus hautes de 5 mm sont \u00e9galement disponibles sur demande sp\u00e9ciale,<\/li>\n<li>Cintrage : Cintrage \u00e0 la machine,<\/li>\n<li>Tailles : 14.0\u2033, 14.5\u2033, 15.0\u2033, 15.5\u2033, 16.0\u2033, 16.5\u2033, 17.0\u2033, 17.5\u2033.<\/li>\n<\/ul>\n<p><strong><em>LA LONGUEUR DE LA LAME PEUT \u00caTRE MODIFI\u00c9E, VEUILLEZ PR\u00c9CISER LA LONGUEUR SOUHAIT\u00c9E DANS LA CASE COMMENTAIRE LORS DE VOTRE COMMANDE.<\/em><\/strong><\/p>\n<p><span style=\"font-size: 16px; font-style: normal; font-weight: 400;\">AUTRES COULEURS DISPONIBLES <\/span><a style=\"font-size: 16px; font-style: normal; font-weight: 400; background-color: #ffffff;\" href=\"http:\/\/xactskateshop.com\/product\/bont-patriot-version-2-krypton-blades-package\/\">ICI<\/a><\/p>\n<p>POUR EN SAVOIR PLUS SUR LES TECHNOLOGIES DE L&#8217;\u00c9QUIPEMENT DE PATINAGE DE VITESSE SUR PISTE COURTE, <a href=\"https:\/\/canada.bont.com\/pages\/ice-skates\">CLIQUEZ ICI.<\/a><\/p>\n<h6><span style=\"color: #ff0000;\">Pr\u00e9paration des lames : Nous r\u00e9alisons un rocker progressif ST-3 sur ces lames.<\/span><span style=\"color: #0000ff;\"> <a style=\"color: #0000ff;\" href=\"https:\/\/xactskateshop.com\/fr\/produit\/berceau-sur-lame-de-courte-piste\/\">(voir les num\u00e9ros ici)<\/a> <\/span><span style=\"color: #ff0000;\">ainsi que le bend correspondant<\/span><\/h6>\n<h3 style=\"text-align: center;\"><\/h3>\n","protected":false},"excerpt":{"rendered":"<p>&nbsp;<\/p>\n<hr \/>\n<p style=\"text-align: center;\"><strong>****** veuillez nous contacter \u00e0 info@xactskateshop.com pour conna\u00eetre la disponibilit\u00e9 de la taille avant de passer commande pour une mise \u00e0 jour pr\u00e9cise******<\/strong><\/p>\n<hr \/>\n<p>&nbsp;<\/p>\n","protected":false},"featured_media":30155,"comment_status":"open","ping_status":"closed","template":"","meta":{"site-sidebar-layout":"default","site-content-layout":"default","ast-site-content-layout":"default","site-content-style":"default","site-sidebar-style":"default","ast-global-header-display":"","ast-banner-title-visibility":"","ast-main-header-display":"","ast-hfb-above-header-display":"","ast-hfb-below-header-display":"","ast-hfb-mobile-header-display":"","site-post-title":"","ast-breadcrumbs-content":"","ast-featured-img":"","footer-sml-layout":"","theme-transparent-header-meta":"default","adv-header-id-meta":"","stick-header-meta":"","header-above-stick-meta":"","header-main-stick-meta":"","header-below-stick-meta":"","astra-migrate-meta-layouts":"set","ast-page-background-enabled":"default","ast-page-background-meta":{"desktop":{"background-color":"","background-image":"","background-repeat":"repeat","background-position":"center center","background-size":"auto","background-attachment":"scroll","background-type":"","background-media":"","overlay-type":"","overlay-color":"","overlay-opacity":"","overlay-gradient":""},"tablet":{"background-color":"","background-image":"","background-repeat":"repeat","background-position":"center center","background-size":"auto","background-attachment":"scroll","background-type":"","background-media":"","overlay-type":"","overlay-color":"","overlay-opacity":"","overlay-gradient":""},"mobile":{"background-color":"","background-image":"","background-repeat":"repeat","background-position":"center center","background-size":"auto","background-attachment":"scroll","background-type":"","background-media":"","overlay-type":"","overlay-color":"","overlay-opacity":"","overlay-gradient":""}},"ast-content-background-meta":{"desktop":{"background-color":"var(--ast-global-color-5)","background-image":"","background-repeat":"repeat","background-position":"center center","background-size":"auto","background-attachment":"scroll","background-type":"","background-media":"","overlay-type":"","overlay-color":"","overlay-opacity":"","overlay-gradient":""},"tablet":{"background-color":"var(--ast-global-color-5)","background-image":"","background-repeat":"repeat","background-position":"center center","background-size":"auto","background-attachment":"scroll","background-type":"","background-media":"","overlay-type":"","overlay-color":"","overlay-opacity":"","overlay-gradient":""},"mobile":{"background-color":"var(--ast-global-color-5)","background-image":"","background-repeat":"repeat","background-position":"center center","background-size":"auto","background-attachment":"scroll","background-type":"","background-media":"","overlay-type":"","overlay-color":"","overlay-opacity":"","overlay-gradient":""}}},"product_brand":[],"product_cat":[1354,1355,1353],"product_tag":[2298,1391,1385,1356,1389,1784,1386,1387,1388,1403,1885],"class_list":{"0":"post-56569","1":"product","2":"type-product","3":"status-publish","4":"has-post-thumbnail","6":"product_cat-courte-piste","7":"product_cat-ensembles-bottines-et-lames-courte-piste","8":"product_cat-patinage-de-vitesse","9":"product_tag-base-thermo-moulable","10":"product_tag-botte-en-carbone","11":"product_tag-boutique-xactskate","12":"product_tag-courte-piste-fr","13":"product_tag-lames-bont-fr","14":"product_tag-materiel-de-sport","15":"product_tag-paquet","16":"product_tag-paquet-bont","17":"product_tag-paquet-court-circuit","18":"product_tag-patinage-de-vitesse","19":"product_tag-sports-fr","20":"desktop-align-center","21":"tablet-align-center","22":"mobile-align-center","23":"ast-product-gallery-layout-horizontal","24":"ast-product-single-variable","25":"ast-product-tabs-layout-horizontal","26":"ast-qv-on-image","28":"first","29":"instock","30":"sale","31":"taxable","32":"shipping-taxable","33":"purchasable","34":"product-type-variable"},"bundled_by":[],"bundle_stock_status":"instock","bundle_stock_quantity":null,"bundle_virtual":false,"bundle_layout":"","bundle_add_to_cart_form_location":"","bundle_editable_in_cart":false,"bundle_sold_individually_context":"","bundle_item_grouping":"","bundle_min_size":"","bundle_max_size":"","bundle_price":[],"bundled_items":[],"bundle_sell_ids":[],"yoast_head":"<!-- This site is optimized with the Yoast SEO plugin v27.4 - https:\/\/yoast.com\/product\/yoast-seo-wordpress\/ -->\n<title>Ensemble BONT Patriot MB V2\/EVO Krypton - Xact Skate Shop<\/title>\n<meta name=\"description\" content=\"BONT Patriot MB V2\/EVO Krypton. Le Bont Patriot est notre patin \u00e0 glace courte piste d&#039;entr\u00e9e de gamme qui offre un rapport qualit\u00e9-prix exceptionnel.\" \/>\n<meta name=\"robots\" content=\"index, follow, max-snippet:-1, max-image-preview:large, max-video-preview:-1\" \/>\n<link rel=\"canonical\" href=\"https:\/\/xactskateshop.com\/fr\/produit\/bont-patriot-mb-v2-evo-krypton-package\/\" \/>\n<meta property=\"og:locale\" content=\"fr_FR\" \/>\n<meta property=\"og:type\" content=\"article\" \/>\n<meta property=\"og:title\" content=\"Ensemble BONT Patriot MB V2\/EVO Krypton - Xact Skate Shop\" \/>\n<meta property=\"og:description\" content=\"BONT Patriot MB V2\/EVO Krypton. Le Bont Patriot est notre patin \u00e0 glace courte piste d&#039;entr\u00e9e de gamme qui offre un rapport qualit\u00e9-prix exceptionnel.\" \/>\n<meta property=\"og:url\" content=\"https:\/\/xactskateshop.com\/fr\/produit\/bont-patriot-mb-v2-evo-krypton-package\/\" \/>\n<meta property=\"og:site_name\" content=\"Xact Skate Shop\" \/>\n<meta property=\"article:publisher\" content=\"https:\/\/www.facebook.com\/JeanLouiskateshop\" \/>\n<meta property=\"article:modified_time\" content=\"2026-03-19T17:21:10+00:00\" \/>\n<meta property=\"og:image\" content=\"https:\/\/xactskateshop.com\/wp-content\/uploads\/2023\/05\/patriot-V2-MB-krypton.jpg\" \/>\n\t<meta property=\"og:image:width\" content=\"1000\" \/>\n\t<meta property=\"og:image:height\" content=\"1000\" \/>\n\t<meta property=\"og:image:type\" content=\"image\/jpeg\" \/>\n<meta name=\"twitter:card\" content=\"summary_large_image\" \/>\n<meta name=\"twitter:label1\" content=\"Dur\u00e9e de lecture estim\u00e9e\" \/>\n\t<meta name=\"twitter:data1\" content=\"2 minutes\" \/>\n<script type=\"application\/ld+json\" class=\"yoast-schema-graph\">{\"@context\":\"https:\\\/\\\/schema.org\",\"@graph\":[{\"@type\":\"WebPage\",\"@id\":\"https:\\\/\\\/xactskateshop.com\\\/fr\\\/produit\\\/bont-patriot-mb-v2-evo-krypton-package\\\/\",\"url\":\"https:\\\/\\\/xactskateshop.com\\\/fr\\\/produit\\\/bont-patriot-mb-v2-evo-krypton-package\\\/\",\"name\":\"Ensemble BONT Patriot MB V2\\\/EVO Krypton - Xact Skate Shop\",\"isPartOf\":{\"@id\":\"http:\\\/\\\/xactskateshop.com\\\/fr\\\/#website\"},\"primaryImageOfPage\":{\"@id\":\"https:\\\/\\\/xactskateshop.com\\\/fr\\\/produit\\\/bont-patriot-mb-v2-evo-krypton-package\\\/#primaryimage\"},\"image\":{\"@id\":\"https:\\\/\\\/xactskateshop.com\\\/fr\\\/produit\\\/bont-patriot-mb-v2-evo-krypton-package\\\/#primaryimage\"},\"thumbnailUrl\":\"https:\\\/\\\/xactskateshop.com\\\/wp-content\\\/uploads\\\/2023\\\/05\\\/patriot-V2-MB-krypton.jpg\",\"datePublished\":\"2023-05-02T18:47:44+00:00\",\"dateModified\":\"2026-03-19T17:21:10+00:00\",\"description\":\"BONT Patriot MB V2\\\/EVO Krypton. Le Bont Patriot est notre patin \u00e0 glace courte piste d'entr\u00e9e de gamme qui offre un rapport qualit\u00e9-prix exceptionnel.\",\"breadcrumb\":{\"@id\":\"https:\\\/\\\/xactskateshop.com\\\/fr\\\/produit\\\/bont-patriot-mb-v2-evo-krypton-package\\\/#breadcrumb\"},\"inLanguage\":\"fr-FR\",\"potentialAction\":[{\"@type\":\"ReadAction\",\"target\":[\"https:\\\/\\\/xactskateshop.com\\\/fr\\\/produit\\\/bont-patriot-mb-v2-evo-krypton-package\\\/\"]}]},{\"@type\":\"ImageObject\",\"inLanguage\":\"fr-FR\",\"@id\":\"https:\\\/\\\/xactskateshop.com\\\/fr\\\/produit\\\/bont-patriot-mb-v2-evo-krypton-package\\\/#primaryimage\",\"url\":\"https:\\\/\\\/xactskateshop.com\\\/wp-content\\\/uploads\\\/2023\\\/05\\\/patriot-V2-MB-krypton.jpg\",\"contentUrl\":\"https:\\\/\\\/xactskateshop.com\\\/wp-content\\\/uploads\\\/2023\\\/05\\\/patriot-V2-MB-krypton.jpg\",\"width\":1000,\"height\":1000,\"caption\":\"Exif_JPEG_PICTURE\"},{\"@type\":\"BreadcrumbList\",\"@id\":\"https:\\\/\\\/xactskateshop.com\\\/fr\\\/produit\\\/bont-patriot-mb-v2-evo-krypton-package\\\/#breadcrumb\",\"itemListElement\":[{\"@type\":\"ListItem\",\"position\":1,\"name\":\"Home\",\"item\":\"https:\\\/\\\/xactskateshop.com\\\/fr\\\/accueil\\\/\"},{\"@type\":\"ListItem\",\"position\":2,\"name\":\"Boutique\",\"item\":\"https:\\\/\\\/xactskateshop.com\\\/shop\\\/\"},{\"@type\":\"ListItem\",\"position\":3,\"name\":\"Ensemble BONT Patriot MB V2\\\/EVO Krypton\"}]},{\"@type\":\"WebSite\",\"@id\":\"http:\\\/\\\/xactskateshop.com\\\/fr\\\/#website\",\"url\":\"http:\\\/\\\/xactskateshop.com\\\/fr\\\/\",\"name\":\"Xact Skate Shop\",\"description\":\"Un site utilisant WordPress\",\"publisher\":{\"@id\":\"http:\\\/\\\/xactskateshop.com\\\/fr\\\/#organization\"},\"potentialAction\":[{\"@type\":\"SearchAction\",\"target\":{\"@type\":\"EntryPoint\",\"urlTemplate\":\"http:\\\/\\\/xactskateshop.com\\\/fr\\\/?s={search_term_string}\"},\"query-input\":{\"@type\":\"PropertyValueSpecification\",\"valueRequired\":true,\"valueName\":\"search_term_string\"}}],\"inLanguage\":\"fr-FR\"},{\"@type\":\"Organization\",\"@id\":\"http:\\\/\\\/xactskateshop.com\\\/fr\\\/#organization\",\"name\":\"XACT Skate Shop\",\"url\":\"http:\\\/\\\/xactskateshop.com\\\/fr\\\/\",\"logo\":{\"@type\":\"ImageObject\",\"inLanguage\":\"fr-FR\",\"@id\":\"http:\\\/\\\/xactskateshop.com\\\/fr\\\/#\\\/schema\\\/logo\\\/image\\\/\",\"url\":\"http:\\\/\\\/xactskateshop.com\\\/wp-content\\\/uploads\\\/2024\\\/04\\\/xactskateshop-dot-com-avec-contour-noir-sans-fond-675x.jpg\",\"contentUrl\":\"http:\\\/\\\/xactskateshop.com\\\/wp-content\\\/uploads\\\/2024\\\/04\\\/xactskateshop-dot-com-avec-contour-noir-sans-fond-675x.jpg\",\"width\":675,\"height\":247,\"caption\":\"XACT Skate Shop\"},\"image\":{\"@id\":\"http:\\\/\\\/xactskateshop.com\\\/fr\\\/#\\\/schema\\\/logo\\\/image\\\/\"},\"sameAs\":[\"https:\\\/\\\/www.facebook.com\\\/JeanLouiskateshop\"]}]}<\/script>\n<!-- \/ Yoast SEO plugin. -->","yoast_head_json":{"title":"Ensemble BONT Patriot MB V2\/EVO Krypton - Xact Skate Shop","description":"BONT Patriot MB V2\/EVO Krypton. Le Bont Patriot est notre patin \u00e0 glace courte piste d'entr\u00e9e de gamme qui offre un rapport qualit\u00e9-prix exceptionnel.","robots":{"index":"index","follow":"follow","max-snippet":"max-snippet:-1","max-image-preview":"max-image-preview:large","max-video-preview":"max-video-preview:-1"},"canonical":"https:\/\/xactskateshop.com\/fr\/produit\/bont-patriot-mb-v2-evo-krypton-package\/","og_locale":"fr_FR","og_type":"article","og_title":"Ensemble BONT Patriot MB V2\/EVO Krypton - Xact Skate Shop","og_description":"BONT Patriot MB V2\/EVO Krypton. Le Bont Patriot est notre patin \u00e0 glace courte piste d'entr\u00e9e de gamme qui offre un rapport qualit\u00e9-prix exceptionnel.","og_url":"https:\/\/xactskateshop.com\/fr\/produit\/bont-patriot-mb-v2-evo-krypton-package\/","og_site_name":"Xact Skate Shop","article_publisher":"https:\/\/www.facebook.com\/JeanLouiskateshop","article_modified_time":"2026-03-19T17:21:10+00:00","og_image":[{"width":1000,"height":1000,"url":"https:\/\/xactskateshop.com\/wp-content\/uploads\/2023\/05\/patriot-V2-MB-krypton.jpg","type":"image\/jpeg"}],"twitter_card":"summary_large_image","twitter_misc":{"Dur\u00e9e de lecture estim\u00e9e":"2 minutes"},"schema":{"@context":"https:\/\/schema.org","@graph":[{"@type":"WebPage","@id":"https:\/\/xactskateshop.com\/fr\/produit\/bont-patriot-mb-v2-evo-krypton-package\/","url":"https:\/\/xactskateshop.com\/fr\/produit\/bont-patriot-mb-v2-evo-krypton-package\/","name":"Ensemble BONT Patriot MB V2\/EVO Krypton - Xact Skate Shop","isPartOf":{"@id":"http:\/\/xactskateshop.com\/fr\/#website"},"primaryImageOfPage":{"@id":"https:\/\/xactskateshop.com\/fr\/produit\/bont-patriot-mb-v2-evo-krypton-package\/#primaryimage"},"image":{"@id":"https:\/\/xactskateshop.com\/fr\/produit\/bont-patriot-mb-v2-evo-krypton-package\/#primaryimage"},"thumbnailUrl":"https:\/\/xactskateshop.com\/wp-content\/uploads\/2023\/05\/patriot-V2-MB-krypton.jpg","datePublished":"2023-05-02T18:47:44+00:00","dateModified":"2026-03-19T17:21:10+00:00","description":"BONT Patriot MB V2\/EVO Krypton. Le Bont Patriot est notre patin \u00e0 glace courte piste d'entr\u00e9e de gamme qui offre un rapport qualit\u00e9-prix exceptionnel.","breadcrumb":{"@id":"https:\/\/xactskateshop.com\/fr\/produit\/bont-patriot-mb-v2-evo-krypton-package\/#breadcrumb"},"inLanguage":"fr-FR","potentialAction":[{"@type":"ReadAction","target":["https:\/\/xactskateshop.com\/fr\/produit\/bont-patriot-mb-v2-evo-krypton-package\/"]}]},{"@type":"ImageObject","inLanguage":"fr-FR","@id":"https:\/\/xactskateshop.com\/fr\/produit\/bont-patriot-mb-v2-evo-krypton-package\/#primaryimage","url":"https:\/\/xactskateshop.com\/wp-content\/uploads\/2023\/05\/patriot-V2-MB-krypton.jpg","contentUrl":"https:\/\/xactskateshop.com\/wp-content\/uploads\/2023\/05\/patriot-V2-MB-krypton.jpg","width":1000,"height":1000,"caption":"Exif_JPEG_PICTURE"},{"@type":"BreadcrumbList","@id":"https:\/\/xactskateshop.com\/fr\/produit\/bont-patriot-mb-v2-evo-krypton-package\/#breadcrumb","itemListElement":[{"@type":"ListItem","position":1,"name":"Home","item":"https:\/\/xactskateshop.com\/fr\/accueil\/"},{"@type":"ListItem","position":2,"name":"Boutique","item":"https:\/\/xactskateshop.com\/shop\/"},{"@type":"ListItem","position":3,"name":"Ensemble BONT Patriot MB V2\/EVO Krypton"}]},{"@type":"WebSite","@id":"http:\/\/xactskateshop.com\/fr\/#website","url":"http:\/\/xactskateshop.com\/fr\/","name":"Xact Skate Shop","description":"Un site utilisant WordPress","publisher":{"@id":"http:\/\/xactskateshop.com\/fr\/#organization"},"potentialAction":[{"@type":"SearchAction","target":{"@type":"EntryPoint","urlTemplate":"http:\/\/xactskateshop.com\/fr\/?s={search_term_string}"},"query-input":{"@type":"PropertyValueSpecification","valueRequired":true,"valueName":"search_term_string"}}],"inLanguage":"fr-FR"},{"@type":"Organization","@id":"http:\/\/xactskateshop.com\/fr\/#organization","name":"XACT Skate Shop","url":"http:\/\/xactskateshop.com\/fr\/","logo":{"@type":"ImageObject","inLanguage":"fr-FR","@id":"http:\/\/xactskateshop.com\/fr\/#\/schema\/logo\/image\/","url":"http:\/\/xactskateshop.com\/wp-content\/uploads\/2024\/04\/xactskateshop-dot-com-avec-contour-noir-sans-fond-675x.jpg","contentUrl":"http:\/\/xactskateshop.com\/wp-content\/uploads\/2024\/04\/xactskateshop-dot-com-avec-contour-noir-sans-fond-675x.jpg","width":675,"height":247,"caption":"XACT Skate Shop"},"image":{"@id":"http:\/\/xactskateshop.com\/fr\/#\/schema\/logo\/image\/"},"sameAs":["https:\/\/www.facebook.com\/JeanLouiskateshop"]}]}},"_links":{"self":[{"href":"https:\/\/xactskateshop.com\/fr\/wp-json\/wp\/v2\/product\/56569","targetHints":{"allow":["GET"]}}],"collection":[{"href":"https:\/\/xactskateshop.com\/fr\/wp-json\/wp\/v2\/product"}],"about":[{"href":"https:\/\/xactskateshop.com\/fr\/wp-json\/wp\/v2\/types\/product"}],"replies":[{"embeddable":true,"href":"https:\/\/xactskateshop.com\/fr\/wp-json\/wp\/v2\/comments?post=56569"}],"wp:featuredmedia":[{"embeddable":true,"href":"https:\/\/xactskateshop.com\/fr\/wp-json\/wp\/v2\/media\/30155"}],"wp:attachment":[{"href":"https:\/\/xactskateshop.com\/fr\/wp-json\/wp\/v2\/media?parent=56569"}],"wp:term":[{"taxonomy":"product_brand","embeddable":true,"href":"https:\/\/xactskateshop.com\/fr\/wp-json\/wp\/v2\/product_brand?post=56569"},{"taxonomy":"product_cat","embeddable":true,"href":"https:\/\/xactskateshop.com\/fr\/wp-json\/wp\/v2\/product_cat?post=56569"},{"taxonomy":"product_tag","embeddable":true,"href":"https:\/\/xactskateshop.com\/fr\/wp-json\/wp\/v2\/product_tag?post=56569"}],"curies":[{"name":"wp","href":"https:\/\/api.w.org\/{rel}","templated":true}]}}