{"id":56516,"date":"2023-04-27T15:46:44","date_gmt":"2023-04-27T19:46:44","guid":{"rendered":"http:\/\/xactskateshop.com\/product\/lames-skate-tec-otto-t2-flex-lames-uniquement\/"},"modified":"2025-10-04T12:55:54","modified_gmt":"2025-10-04T16:55:54","slug":"lames-skate-tec-otto-t2-flex-lames-uniquement","status":"publish","type":"product","link":"https:\/\/xactskateshop.com\/fr\/produit\/lames-skate-tec-otto-t2-flex-lames-uniquement\/","title":{"rendered":"Lames SKATE-TEC OTTO T2 Flex (Lames uniquement)"},"content":{"rendered":"<h2>Lames Courte Piste Otto (Bridge vendu s\u00e9par\u00e9ment)<\/h2>\n<p>Lames SKATE-TEC OTTO T2 Flex &#8211; La nouvelle g\u00e9n\u00e9ration de lames pour la Courte Piste<\/p>\n<h3><\/h3>\n<h3 style=\"font-style: normal;\">Sp\u00e9cifications :<\/h3>\n<ul style=\"font-size: 16px; font-style: normal; font-weight: 400;\">\n<li style=\"font-size: 16px;\"><strong>Tube :<\/strong> Tube anodis\u00e9 en aluminium 7000<\/li>\n<li style=\"font-size: 16px;\"><strong>Lame :<\/strong> 1,1 mm d&#8217;\u00e9paisseur<\/li>\n<li style=\"font-size: 16px;\"><strong>Mat\u00e9riau :<\/strong> Bi-m\u00e9tal 62HRC<\/li>\n<li style=\"font-size: 16px;\"><strong>Pr\u00e9-courb\u00e9<\/strong><\/li>\n<\/ul>\n<h6>Rigidit\u00e9 : Flex pour les patineurs entre 110lbs et 145lbs<\/h6>\n<p>&nbsp;<\/p>\n<h3><strong>Introduction<\/strong><\/h3>\n<p>L&#8217;augmentation de cette distance permet au tube de fl\u00e9chir davantage et vous pouvez l&#8217;utiliser avec moins de courbure. Une courbure moindre r\u00e9duit les frottements et augmente les capacit\u00e9s de glisse \u00e0 des vitesses plus \u00e9lev\u00e9es. Ce r\u00e9sultat a \u00e9t\u00e9 obtenu gr\u00e2ce \u00e0 l&#8217;utilisation d&#8217;un pont reliant l&#8217;avant et l&#8217;arri\u00e8re avec une port\u00e9e de 215 mm tout en conservant les points de montage de 165 mm sur la botte. Un autre avantage significatif de la lame est qu&#8217;avec la conception du pont, la courbure change beaucoup moins &#8211; jusqu&#8217;\u00e0 presque rien au d\u00e9part.<\/p>\n<h3><strong>Style de tube<\/strong><\/h3>\n<p>Nous disposons de plusieurs variantes, toutes avec un espacement de 215 mm. Cela semble \u00eatre le point id\u00e9al pour le moment, mais nous pourrions opter pour un espacement plus large \u00e0 l&#8217;avenir. Les tubes sont disponibles en Flex et Firm. Le Flex est disponible en Flex normal et Flex Flat Top. Le Firm donne le plus de pression, le Flex le moins. La diff\u00e9rence de pression entre un Firm et un Flex est un peu plus visible qu&#8217;avec les tubes MWave.<\/p>\n<h3><strong>Accorder<\/strong><\/h3>\n<p>Apr\u00e8s d&#8217;excellents retours de la part de patineurs comme Shaolin Liu, Wu Dajing et Victor Ahn, nous avons constat\u00e9 qu&#8217;il n&#8217;y avait pas de configuration optimale par d\u00e9faut pour le patin. Vous pouvez l&#8217;adapter \u00e0 votre go\u00fbt. Si vous voulez de longs et puissants coups, vous pouvez opter pour un rocker plus plat au milieu, et un peu moins de courbure que la normale (environ 2 de moins que le M-Wave sur une jauge de style Marchese). Si vous pr\u00e9f\u00e9rez avoir une bonne direction et une sensation plus agile, vous pouvez garder un rocker normal avec beaucoup moins de courbure (environ 5 de moins). Vous pouvez \u00e9galement laisser la courbure augmenter moins vers l&#8217;avant. Certains patineurs ont l&#8217;impression que la lame s&#8217;enfonce dans l&#8217;avant lors des tours \u00e0 grande vitesse. Vous pouvez r\u00e9soudre ce probl\u00e8me en arrondissant l&#8217;avant ou en r\u00e9duisant la courbure (cette derni\u00e8re solution \u00e9tant la plus facile).<\/p>\n<h3><strong>Hauteur<\/strong><\/h3>\n<p>Nous avons utilis\u00e9 une m\u00e9thode diff\u00e9rente pour d\u00e9terminer la hauteur du chevalet (avant les coupelles). Au lieu de +1 etc, nous mesurons maintenant la distance entre le point de montage arri\u00e8re et le bas de la l\u00e8vre. Pour la hauteur, il est conseill\u00e9 d&#8217;aller 1 \u00e0 2 mm plus haut que vous ne le feriez normalement, car vous pourrez vous pencher davantage et votre chaussure touchera donc la glace plus rapidement.<\/p>\n<p><img fetchpriority=\"high\" decoding=\"async\" class=\"alignnone wp-image-17728\" src=\"http:\/\/xactskateshop.com\/wp-content\/uploads\/2022\/04\/otto-height-300x202.jpg\" alt=\"\" width=\"315\" height=\"212\" srcset=\"https:\/\/xactskateshop.com\/wp-content\/uploads\/2022\/04\/otto-height-300x202.jpg 300w, https:\/\/xactskateshop.com\/wp-content\/uploads\/2022\/04\/otto-height-1024x690.jpg 1024w, https:\/\/xactskateshop.com\/wp-content\/uploads\/2022\/04\/otto-height-768x517.jpg 768w, https:\/\/xactskateshop.com\/wp-content\/uploads\/2022\/04\/otto-height-1536x1035.jpg 1536w, https:\/\/xactskateshop.com\/wp-content\/uploads\/2022\/04\/otto-height-1600x1078.jpg 1600w, https:\/\/xactskateshop.com\/wp-content\/uploads\/2022\/04\/otto-height.jpg 1710w\" sizes=\"(max-width: 315px) 100vw, 315px\" \/> <img decoding=\"async\" class=\"alignnone size-medium wp-image-17727\" src=\"http:\/\/xactskateshop.com\/wp-content\/uploads\/2022\/04\/height-259x300.jpg\" alt=\"\" width=\"259\" height=\"300\" srcset=\"https:\/\/xactskateshop.com\/wp-content\/uploads\/2022\/04\/height-259x300.jpg 259w, https:\/\/xactskateshop.com\/wp-content\/uploads\/2022\/04\/height.jpg 690w\" sizes=\"(max-width: 259px) 100vw, 259px\" \/><\/p>\n<p>&nbsp;<\/p>\n<h6><span style=\"color: #ff0000;\">Pr\u00e9paration des lames : Nous faisons un rocker progressif ST-9 sur ces lames.<\/span><span style=\"color: #0000ff;\"> <a style=\"color: #0000ff;\" href=\"http:\/\/xactskateshop.com\/product\/short-track-blade-rockering\/\">(voir les num\u00e9ros ici)<\/a> <\/span><span style=\"color: #ff0000;\">ainsi que le bend correspondant<\/span><\/h6>\n<h3 style=\"text-align: center;\"><\/h3>\n<p>&nbsp;<\/p>\n<p>&nbsp;<\/p>\n<p>Pour en savoir plus sur Skate-Tec<a href=\"https:\/\/skate-tec.com\/about.html\">, cliquez ici !<\/a><\/p>\n","protected":false},"excerpt":{"rendered":"<p>&nbsp;<\/p>\n<hr \/>\n<p style=\"text-align: center;\">Lames SKATE-TEC OTTO T2 Flex &#8211; La nouvelle g\u00e9n\u00e9ration de lames pour la Courte Piste<\/p>\n<p style=\"text-align: center;\">L&#8217;Otto a \u00e9t\u00e9 con\u00e7u dans l&#8217;id\u00e9e de remettre en question la distance fixe de 165 mm entre les coupes.<\/p>\n<hr \/>\n<p>&nbsp;<\/p>\n","protected":false},"featured_media":30151,"comment_status":"open","ping_status":"closed","template":"","meta":{"site-sidebar-layout":"default","site-content-layout":"default","ast-site-content-layout":"default","site-content-style":"default","site-sidebar-style":"default","ast-global-header-display":"","ast-banner-title-visibility":"","ast-main-header-display":"","ast-hfb-above-header-display":"","ast-hfb-below-header-display":"","ast-hfb-mobile-header-display":"","site-post-title":"","ast-breadcrumbs-content":"","ast-featured-img":"","footer-sml-layout":"","theme-transparent-header-meta":"default","adv-header-id-meta":"","stick-header-meta":"","header-above-stick-meta":"","header-main-stick-meta":"","header-below-stick-meta":"","astra-migrate-meta-layouts":"set","ast-page-background-enabled":"default","ast-page-background-meta":{"desktop":{"background-color":"","background-image":"","background-repeat":"repeat","background-position":"center center","background-size":"auto","background-attachment":"scroll","background-type":"","background-media":"","overlay-type":"","overlay-color":"","overlay-opacity":"","overlay-gradient":""},"tablet":{"background-color":"","background-image":"","background-repeat":"repeat","background-position":"center center","background-size":"auto","background-attachment":"scroll","background-type":"","background-media":"","overlay-type":"","overlay-color":"","overlay-opacity":"","overlay-gradient":""},"mobile":{"background-color":"","background-image":"","background-repeat":"repeat","background-position":"center center","background-size":"auto","background-attachment":"scroll","background-type":"","background-media":"","overlay-type":"","overlay-color":"","overlay-opacity":"","overlay-gradient":""}},"ast-content-background-meta":{"desktop":{"background-color":"var(--ast-global-color-5)","background-image":"","background-repeat":"repeat","background-position":"center center","background-size":"auto","background-attachment":"scroll","background-type":"","background-media":"","overlay-type":"","overlay-color":"","overlay-opacity":"","overlay-gradient":""},"tablet":{"background-color":"var(--ast-global-color-5)","background-image":"","background-repeat":"repeat","background-position":"center center","background-size":"auto","background-attachment":"scroll","background-type":"","background-media":"","overlay-type":"","overlay-color":"","overlay-opacity":"","overlay-gradient":""},"mobile":{"background-color":"var(--ast-global-color-5)","background-image":"","background-repeat":"repeat","background-position":"center center","background-size":"auto","background-attachment":"scroll","background-type":"","background-media":"","overlay-type":"","overlay-color":"","overlay-opacity":"","overlay-gradient":""}}},"product_brand":[],"product_cat":[1354,1457,1435,1353],"product_tag":[1356,2040,2355,1397,2011],"class_list":{"0":"post-56516","1":"product","2":"type-product","3":"status-publish","4":"has-post-thumbnail","6":"product_cat-courte-piste","7":"product_cat-lames-et-pieces-patinage-de-vitesse-courte-piste","8":"product_cat-liquidation","9":"product_cat-patinage-de-vitesse","10":"product_tag-courte-piste-fr","11":"product_tag-lames-dotto","12":"product_tag-lames-de-pont","13":"product_tag-lames-de-st","14":"product_tag-lames-skate-tec","15":"desktop-align-center","16":"tablet-align-center","17":"mobile-align-center","18":"ast-product-gallery-layout-horizontal","19":"ast-product-gallery-with-no-image","20":"ast-product-single-variable","21":"ast-product-tabs-layout-horizontal","22":"ast-qv-on-image","24":"first","25":"instock","26":"sale","27":"taxable","28":"shipping-taxable","29":"purchasable","30":"product-type-variable"},"bundled_by":[],"bundle_stock_status":"instock","bundle_stock_quantity":null,"bundle_virtual":false,"bundle_layout":"","bundle_add_to_cart_form_location":"","bundle_editable_in_cart":false,"bundle_sold_individually_context":"","bundle_item_grouping":"","bundle_min_size":"","bundle_max_size":"","bundle_price":[],"bundled_items":[],"bundle_sell_ids":[],"yoast_head":"<!-- This site is optimized with the Yoast SEO plugin v27.4 - https:\/\/yoast.com\/product\/yoast-seo-wordpress\/ -->\n<title>Lames SKATE-TEC OTTO T2 Flex - Xact Skate Shop.<\/title>\n<meta name=\"description\" content=\"Lames SKATE-TEC OTTO T2 Flex - La nouvelle g\u00e9n\u00e9ration de lames Courte Piste. L&#039;Otto a \u00e9t\u00e9 con\u00e7u pour d\u00e9fier la distance fixe de 165 mm entre les coupes.\" \/>\n<meta name=\"robots\" content=\"index, follow, max-snippet:-1, max-image-preview:large, max-video-preview:-1\" \/>\n<link rel=\"canonical\" href=\"https:\/\/xactskateshop.com\/fr\/produit\/lames-skate-tec-otto-t2-flex-lames-uniquement\/\" \/>\n<meta property=\"og:locale\" content=\"fr_FR\" \/>\n<meta property=\"og:type\" content=\"article\" \/>\n<meta property=\"og:title\" content=\"Lames SKATE-TEC OTTO T2 Flex - Xact Skate Shop.\" \/>\n<meta property=\"og:description\" content=\"Lames SKATE-TEC OTTO T2 Flex - La nouvelle g\u00e9n\u00e9ration de lames Courte Piste. L&#039;Otto a \u00e9t\u00e9 con\u00e7u pour d\u00e9fier la distance fixe de 165 mm entre les coupes.\" \/>\n<meta property=\"og:url\" content=\"https:\/\/xactskateshop.com\/fr\/produit\/lames-skate-tec-otto-t2-flex-lames-uniquement\/\" \/>\n<meta property=\"og:site_name\" content=\"Xact Skate Shop\" \/>\n<meta property=\"article:publisher\" content=\"https:\/\/www.facebook.com\/JeanLouiskateshop\" \/>\n<meta property=\"article:modified_time\" content=\"2025-10-04T16:55:54+00:00\" \/>\n<meta property=\"og:image\" content=\"https:\/\/xactskateshop.com\/wp-content\/uploads\/2023\/04\/T2-215-Flex-no-bridge.png\" \/>\n\t<meta property=\"og:image:width\" content=\"1000\" \/>\n\t<meta property=\"og:image:height\" content=\"1000\" \/>\n\t<meta property=\"og:image:type\" content=\"image\/png\" \/>\n<meta name=\"twitter:card\" content=\"summary_large_image\" \/>\n<meta name=\"twitter:label1\" content=\"Dur\u00e9e de lecture estim\u00e9e\" \/>\n\t<meta name=\"twitter:data1\" content=\"3 minutes\" \/>\n<script type=\"application\/ld+json\" class=\"yoast-schema-graph\">{\"@context\":\"https:\\\/\\\/schema.org\",\"@graph\":[{\"@type\":\"WebPage\",\"@id\":\"https:\\\/\\\/xactskateshop.com\\\/fr\\\/produit\\\/lames-skate-tec-otto-t2-flex-lames-uniquement\\\/\",\"url\":\"https:\\\/\\\/xactskateshop.com\\\/fr\\\/produit\\\/lames-skate-tec-otto-t2-flex-lames-uniquement\\\/\",\"name\":\"Lames SKATE-TEC OTTO T2 Flex - Xact Skate Shop.\",\"isPartOf\":{\"@id\":\"http:\\\/\\\/xactskateshop.com\\\/fr\\\/#website\"},\"primaryImageOfPage\":{\"@id\":\"https:\\\/\\\/xactskateshop.com\\\/fr\\\/produit\\\/lames-skate-tec-otto-t2-flex-lames-uniquement\\\/#primaryimage\"},\"image\":{\"@id\":\"https:\\\/\\\/xactskateshop.com\\\/fr\\\/produit\\\/lames-skate-tec-otto-t2-flex-lames-uniquement\\\/#primaryimage\"},\"thumbnailUrl\":\"https:\\\/\\\/xactskateshop.com\\\/wp-content\\\/uploads\\\/2023\\\/04\\\/T2-215-Flex-no-bridge.png\",\"datePublished\":\"2023-04-27T19:46:44+00:00\",\"dateModified\":\"2025-10-04T16:55:54+00:00\",\"description\":\"Lames SKATE-TEC OTTO T2 Flex - La nouvelle g\u00e9n\u00e9ration de lames Courte Piste. L'Otto a \u00e9t\u00e9 con\u00e7u pour d\u00e9fier la distance fixe de 165 mm entre les coupes.\",\"breadcrumb\":{\"@id\":\"https:\\\/\\\/xactskateshop.com\\\/fr\\\/produit\\\/lames-skate-tec-otto-t2-flex-lames-uniquement\\\/#breadcrumb\"},\"inLanguage\":\"fr-FR\",\"potentialAction\":[{\"@type\":\"ReadAction\",\"target\":[\"https:\\\/\\\/xactskateshop.com\\\/fr\\\/produit\\\/lames-skate-tec-otto-t2-flex-lames-uniquement\\\/\"]}]},{\"@type\":\"ImageObject\",\"inLanguage\":\"fr-FR\",\"@id\":\"https:\\\/\\\/xactskateshop.com\\\/fr\\\/produit\\\/lames-skate-tec-otto-t2-flex-lames-uniquement\\\/#primaryimage\",\"url\":\"https:\\\/\\\/xactskateshop.com\\\/wp-content\\\/uploads\\\/2023\\\/04\\\/T2-215-Flex-no-bridge.png\",\"contentUrl\":\"https:\\\/\\\/xactskateshop.com\\\/wp-content\\\/uploads\\\/2023\\\/04\\\/T2-215-Flex-no-bridge.png\",\"width\":1000,\"height\":1000,\"caption\":\"Lames SKATE-TEC OTTO T2 Flex\"},{\"@type\":\"BreadcrumbList\",\"@id\":\"https:\\\/\\\/xactskateshop.com\\\/fr\\\/produit\\\/lames-skate-tec-otto-t2-flex-lames-uniquement\\\/#breadcrumb\",\"itemListElement\":[{\"@type\":\"ListItem\",\"position\":1,\"name\":\"Home\",\"item\":\"https:\\\/\\\/xactskateshop.com\\\/fr\\\/accueil\\\/\"},{\"@type\":\"ListItem\",\"position\":2,\"name\":\"Boutique\",\"item\":\"https:\\\/\\\/xactskateshop.com\\\/shop\\\/\"},{\"@type\":\"ListItem\",\"position\":3,\"name\":\"Lames SKATE-TEC OTTO T2 Flex (Lames uniquement)\"}]},{\"@type\":\"WebSite\",\"@id\":\"http:\\\/\\\/xactskateshop.com\\\/fr\\\/#website\",\"url\":\"http:\\\/\\\/xactskateshop.com\\\/fr\\\/\",\"name\":\"Xact Skate Shop\",\"description\":\"Un site utilisant WordPress\",\"publisher\":{\"@id\":\"http:\\\/\\\/xactskateshop.com\\\/fr\\\/#organization\"},\"potentialAction\":[{\"@type\":\"SearchAction\",\"target\":{\"@type\":\"EntryPoint\",\"urlTemplate\":\"http:\\\/\\\/xactskateshop.com\\\/fr\\\/?s={search_term_string}\"},\"query-input\":{\"@type\":\"PropertyValueSpecification\",\"valueRequired\":true,\"valueName\":\"search_term_string\"}}],\"inLanguage\":\"fr-FR\"},{\"@type\":\"Organization\",\"@id\":\"http:\\\/\\\/xactskateshop.com\\\/fr\\\/#organization\",\"name\":\"XACT Skate Shop\",\"url\":\"http:\\\/\\\/xactskateshop.com\\\/fr\\\/\",\"logo\":{\"@type\":\"ImageObject\",\"inLanguage\":\"fr-FR\",\"@id\":\"http:\\\/\\\/xactskateshop.com\\\/fr\\\/#\\\/schema\\\/logo\\\/image\\\/\",\"url\":\"http:\\\/\\\/xactskateshop.com\\\/wp-content\\\/uploads\\\/2024\\\/04\\\/xactskateshop-dot-com-avec-contour-noir-sans-fond-675x.jpg\",\"contentUrl\":\"http:\\\/\\\/xactskateshop.com\\\/wp-content\\\/uploads\\\/2024\\\/04\\\/xactskateshop-dot-com-avec-contour-noir-sans-fond-675x.jpg\",\"width\":675,\"height\":247,\"caption\":\"XACT Skate Shop\"},\"image\":{\"@id\":\"http:\\\/\\\/xactskateshop.com\\\/fr\\\/#\\\/schema\\\/logo\\\/image\\\/\"},\"sameAs\":[\"https:\\\/\\\/www.facebook.com\\\/JeanLouiskateshop\"]}]}<\/script>\n<!-- \/ Yoast SEO plugin. -->","yoast_head_json":{"title":"Lames SKATE-TEC OTTO T2 Flex - Xact Skate Shop.","description":"Lames SKATE-TEC OTTO T2 Flex - La nouvelle g\u00e9n\u00e9ration de lames Courte Piste. L'Otto a \u00e9t\u00e9 con\u00e7u pour d\u00e9fier la distance fixe de 165 mm entre les coupes.","robots":{"index":"index","follow":"follow","max-snippet":"max-snippet:-1","max-image-preview":"max-image-preview:large","max-video-preview":"max-video-preview:-1"},"canonical":"https:\/\/xactskateshop.com\/fr\/produit\/lames-skate-tec-otto-t2-flex-lames-uniquement\/","og_locale":"fr_FR","og_type":"article","og_title":"Lames SKATE-TEC OTTO T2 Flex - Xact Skate Shop.","og_description":"Lames SKATE-TEC OTTO T2 Flex - La nouvelle g\u00e9n\u00e9ration de lames Courte Piste. L'Otto a \u00e9t\u00e9 con\u00e7u pour d\u00e9fier la distance fixe de 165 mm entre les coupes.","og_url":"https:\/\/xactskateshop.com\/fr\/produit\/lames-skate-tec-otto-t2-flex-lames-uniquement\/","og_site_name":"Xact Skate Shop","article_publisher":"https:\/\/www.facebook.com\/JeanLouiskateshop","article_modified_time":"2025-10-04T16:55:54+00:00","og_image":[{"width":1000,"height":1000,"url":"https:\/\/xactskateshop.com\/wp-content\/uploads\/2023\/04\/T2-215-Flex-no-bridge.png","type":"image\/png"}],"twitter_card":"summary_large_image","twitter_misc":{"Dur\u00e9e de lecture estim\u00e9e":"3 minutes"},"schema":{"@context":"https:\/\/schema.org","@graph":[{"@type":"WebPage","@id":"https:\/\/xactskateshop.com\/fr\/produit\/lames-skate-tec-otto-t2-flex-lames-uniquement\/","url":"https:\/\/xactskateshop.com\/fr\/produit\/lames-skate-tec-otto-t2-flex-lames-uniquement\/","name":"Lames SKATE-TEC OTTO T2 Flex - Xact Skate Shop.","isPartOf":{"@id":"http:\/\/xactskateshop.com\/fr\/#website"},"primaryImageOfPage":{"@id":"https:\/\/xactskateshop.com\/fr\/produit\/lames-skate-tec-otto-t2-flex-lames-uniquement\/#primaryimage"},"image":{"@id":"https:\/\/xactskateshop.com\/fr\/produit\/lames-skate-tec-otto-t2-flex-lames-uniquement\/#primaryimage"},"thumbnailUrl":"https:\/\/xactskateshop.com\/wp-content\/uploads\/2023\/04\/T2-215-Flex-no-bridge.png","datePublished":"2023-04-27T19:46:44+00:00","dateModified":"2025-10-04T16:55:54+00:00","description":"Lames SKATE-TEC OTTO T2 Flex - La nouvelle g\u00e9n\u00e9ration de lames Courte Piste. L'Otto a \u00e9t\u00e9 con\u00e7u pour d\u00e9fier la distance fixe de 165 mm entre les coupes.","breadcrumb":{"@id":"https:\/\/xactskateshop.com\/fr\/produit\/lames-skate-tec-otto-t2-flex-lames-uniquement\/#breadcrumb"},"inLanguage":"fr-FR","potentialAction":[{"@type":"ReadAction","target":["https:\/\/xactskateshop.com\/fr\/produit\/lames-skate-tec-otto-t2-flex-lames-uniquement\/"]}]},{"@type":"ImageObject","inLanguage":"fr-FR","@id":"https:\/\/xactskateshop.com\/fr\/produit\/lames-skate-tec-otto-t2-flex-lames-uniquement\/#primaryimage","url":"https:\/\/xactskateshop.com\/wp-content\/uploads\/2023\/04\/T2-215-Flex-no-bridge.png","contentUrl":"https:\/\/xactskateshop.com\/wp-content\/uploads\/2023\/04\/T2-215-Flex-no-bridge.png","width":1000,"height":1000,"caption":"Lames SKATE-TEC OTTO T2 Flex"},{"@type":"BreadcrumbList","@id":"https:\/\/xactskateshop.com\/fr\/produit\/lames-skate-tec-otto-t2-flex-lames-uniquement\/#breadcrumb","itemListElement":[{"@type":"ListItem","position":1,"name":"Home","item":"https:\/\/xactskateshop.com\/fr\/accueil\/"},{"@type":"ListItem","position":2,"name":"Boutique","item":"https:\/\/xactskateshop.com\/shop\/"},{"@type":"ListItem","position":3,"name":"Lames SKATE-TEC OTTO T2 Flex (Lames uniquement)"}]},{"@type":"WebSite","@id":"http:\/\/xactskateshop.com\/fr\/#website","url":"http:\/\/xactskateshop.com\/fr\/","name":"Xact Skate Shop","description":"Un site utilisant WordPress","publisher":{"@id":"http:\/\/xactskateshop.com\/fr\/#organization"},"potentialAction":[{"@type":"SearchAction","target":{"@type":"EntryPoint","urlTemplate":"http:\/\/xactskateshop.com\/fr\/?s={search_term_string}"},"query-input":{"@type":"PropertyValueSpecification","valueRequired":true,"valueName":"search_term_string"}}],"inLanguage":"fr-FR"},{"@type":"Organization","@id":"http:\/\/xactskateshop.com\/fr\/#organization","name":"XACT Skate Shop","url":"http:\/\/xactskateshop.com\/fr\/","logo":{"@type":"ImageObject","inLanguage":"fr-FR","@id":"http:\/\/xactskateshop.com\/fr\/#\/schema\/logo\/image\/","url":"http:\/\/xactskateshop.com\/wp-content\/uploads\/2024\/04\/xactskateshop-dot-com-avec-contour-noir-sans-fond-675x.jpg","contentUrl":"http:\/\/xactskateshop.com\/wp-content\/uploads\/2024\/04\/xactskateshop-dot-com-avec-contour-noir-sans-fond-675x.jpg","width":675,"height":247,"caption":"XACT Skate Shop"},"image":{"@id":"http:\/\/xactskateshop.com\/fr\/#\/schema\/logo\/image\/"},"sameAs":["https:\/\/www.facebook.com\/JeanLouiskateshop"]}]}},"_links":{"self":[{"href":"https:\/\/xactskateshop.com\/fr\/wp-json\/wp\/v2\/product\/56516","targetHints":{"allow":["GET"]}}],"collection":[{"href":"https:\/\/xactskateshop.com\/fr\/wp-json\/wp\/v2\/product"}],"about":[{"href":"https:\/\/xactskateshop.com\/fr\/wp-json\/wp\/v2\/types\/product"}],"replies":[{"embeddable":true,"href":"https:\/\/xactskateshop.com\/fr\/wp-json\/wp\/v2\/comments?post=56516"}],"wp:featuredmedia":[{"embeddable":true,"href":"https:\/\/xactskateshop.com\/fr\/wp-json\/wp\/v2\/media\/30151"}],"wp:attachment":[{"href":"https:\/\/xactskateshop.com\/fr\/wp-json\/wp\/v2\/media?parent=56516"}],"wp:term":[{"taxonomy":"product_brand","embeddable":true,"href":"https:\/\/xactskateshop.com\/fr\/wp-json\/wp\/v2\/product_brand?post=56516"},{"taxonomy":"product_cat","embeddable":true,"href":"https:\/\/xactskateshop.com\/fr\/wp-json\/wp\/v2\/product_cat?post=56516"},{"taxonomy":"product_tag","embeddable":true,"href":"https:\/\/xactskateshop.com\/fr\/wp-json\/wp\/v2\/product_tag?post=56516"}],"curies":[{"name":"wp","href":"https:\/\/api.w.org\/{rel}","templated":true}]}}