{"id":56414,"date":"2023-04-19T11:50:34","date_gmt":"2023-04-19T15:50:34","guid":{"rendered":"http:\/\/xactskateshop.com\/product\/protege-tibias-bont-pro-en-carbone-thermo-moulable\/"},"modified":"2023-04-19T11:50:34","modified_gmt":"2023-04-19T15:50:34","slug":"protege-tibias-bont-pro-en-carbone-thermo-moulable","status":"publish","type":"product","link":"https:\/\/xactskateshop.com\/fr\/produit\/protege-tibias-bont-pro-en-carbone-thermo-moulable\/","title":{"rendered":"Prot\u00e8ge-tibias BONT Pro en carbone thermo-moulable"},"content":{"rendered":"<div id=\"product-content\" class=\"product-content general-content content-col mobile-popup\" data-popup=\"product-content\">\n<div class=\"popup-inner\">\n<div id=\"product-content\" class=\"product-content general-content content-col mobile-popup\" data-popup=\"product-content\">\n<p>Prot\u00e8ge-tibias pro<\/p>\n<p>Le prot\u00e8ge-tibia thermo-moulable Bont PRO est con\u00e7u pour les athl\u00e8tes professionnels mais convient \u00e0 tous les niveaux. Ils sont fabriqu\u00e9s avec des couches de carbone de performance sup\u00e9rieure qui dispersent l&#8217;impact. <\/p>\n<p>Ces prot\u00e8ge-tibias PRO sont thermo-moulables comme les bottes BONT.<\/p>\n<p>Le design fin et la protection sup\u00e9rieure permettent un confort maximal.<\/p>\n<p>Le prot\u00e8ge-tibia PRO convient au patinage sur piste courte et aux sports d&#8217;action en plein air : patinage \u00e0 roulettes, roller derby, park skating, inline, skateboard, BMX, Soccer et trottinette.<\/p>\n<p>Les prot\u00e8ge-tibias sont munis d&#8217;une sangle \u00e9lastique amovible en velcro.<\/p>\n<p>Taille : Petit (14cm), Moyen (17cm), Grand (20cm)<\/p>\n<p>Couleur : Noir<\/p>\n<div class=\"\">\n<div class=\"grid__item\">\n<h4 class=\"h1\">FIBRES DE CARBONE<\/h4>\n<\/div>\n<\/div>\n<div class=\"\">\n<div class=\"grid__item medium-up--two-thirds medium-up--one-whole \">\n<div class=\"rte-setting\">\n<p>Nous nous approvisionnons en carbone pour patins de vitesse exclusivement aupr\u00e8s du premier fabricant mondial de carbone, Toray, au Japon. La base en carbone des chaussures Bont pour le short track et le long track est fabriqu\u00e9e \u00e0 la main en prenant en sandwich diff\u00e9rents types de carbone. Les fibres sont dispos\u00e9es \u00e0 la main dans la matrice en fonction de la tension qu&#8217;elles devront supporter. Le carbone est enrob\u00e9 de r\u00e9sine \u00e9poxy thermodurcissable.   <\/p>\n<div class=\"\">\n<div class=\"grid__item\">\n<h4 class=\"h1\">D\u00c9VELOPPEMENT DES R\u00c9SINES<\/h4>\n<\/div>\n<\/div>\n<div class=\"\">\n<div class=\"grid__item medium-up--two-thirds medium-up--one-whole \">\n<div class=\"rte-setting\">\n<p>La formulation d&#8217;une r\u00e9sine pour les patins de vitesse sur glace qui est super rigide, mais qui devient moulable \u00e0 basse temp\u00e9rature et qui a un temps de durcissement rapide est essentielle pour notre exigence unique. C&#8217;est pourquoi nous sommes probablement le seul fabricant de patins courte piste ou longue piste qui d\u00e9veloppe ses propres r\u00e9sines en interne. Notre r\u00e9sine devient souple \u00e0 seulement 60\u00b0C (140\u00b0F), ce qui est la temp\u00e9rature la plus basse de l&#8217;industrie. Une fois que vous avez chauff\u00e9 la r\u00e9sine, moul\u00e9 la chaussure et l&#8217;avez laiss\u00e9e durcir, elle est fix\u00e9e de fa\u00e7on permanente sans qu&#8217;il soit n\u00e9cessaire de la remouler. Vous pouvez \u00e9galement r\u00e9chauffer la r\u00e9sine autant de fois que vous le souhaitez. La temp\u00e9rature de l&#8217;air et le taux d&#8217;humidit\u00e9 sont essentiels pour d\u00e9terminer la quantit\u00e9 de durcisseur \u00e0 ajouter \u00e0 la r\u00e9sine. C&#8217;est pourquoi nous disposons d&#8217;un ordinateur qui m\u00e9lange la r\u00e9sine et le durcisseur et distribue la r\u00e9sine apr\u00e8s avoir mesur\u00e9 la temp\u00e9rature et l&#8217;humidit\u00e9 de l&#8217;air. La plupart des fabricants utilisent un proc\u00e9d\u00e9 connu dans l&#8217;industrie sous le nom de pr\u00e9-impr\u00e9gnation. La r\u00e9sine est alors &#8220;pr\u00e9-impr\u00e9gn\u00e9e&#8221; dans la fibre de carbone. Dans pratiquement toutes les applications, la r\u00e9sine est choisie par le fabricant de fibres de carbone et non par le fabricant de patins. Le fabricant de chaussures n&#8217;a aucun moyen de modifier la r\u00e9sine pour qu&#8217;elle r\u00e9ponde aux exigences de moulage \u00e0 chaud des chaussures modernes et c&#8217;est pourquoi il faut des temp\u00e9ratures tr\u00e8s \u00e9lev\u00e9es pour rendre les chaussures l\u00e9g\u00e8rement moulables \u00e0 chaud.         <\/p>\n<\/div>\n<\/div>\n<\/div>\n<\/div>\n<\/div>\n<\/div>\n<p>Vous trouverez les instructions de moulage \u00e0 chaud <a href=\"http:\/\/xactskateshop.com\/heat-molding-instructions\/\">ici<\/a><\/p>\n<p>Vous pouvez \u00e9galement les acheter <a href=\"https:\/\/bont.ca\/collections\/short-track-equipment\/products\/pro-thermo-mouldable-carbon-shin-guards\">ici !<\/a><\/p>\n<\/div>\n<\/div>\n<\/div>\n","protected":false},"excerpt":{"rendered":"<p>Prot\u00e8ge-tibias professionnels<\/p>\n<p>Le prot\u00e8ge-tibia thermo-moulable Bont PRO est con\u00e7u pour les athl\u00e8tes professionnels mais convient \u00e0 tous les niveaux. Ils sont fabriqu\u00e9s avec des couches de carbone de performance sup\u00e9rieure qui dispersent l&#8217;impact. <\/p>\n","protected":false},"featured_media":30144,"comment_status":"open","ping_status":"closed","template":"","meta":{"site-sidebar-layout":"default","site-content-layout":"default","ast-site-content-layout":"default","site-content-style":"default","site-sidebar-style":"default","ast-global-header-display":"","ast-banner-title-visibility":"","ast-main-header-display":"","ast-hfb-above-header-display":"","ast-hfb-below-header-display":"","ast-hfb-mobile-header-display":"","site-post-title":"","ast-breadcrumbs-content":"","ast-featured-img":"","footer-sml-layout":"","theme-transparent-header-meta":"default","adv-header-id-meta":"","stick-header-meta":"","header-above-stick-meta":"","header-main-stick-meta":"","header-below-stick-meta":"","astra-migrate-meta-layouts":"default","ast-page-background-enabled":"default","ast-page-background-meta":{"desktop":{"background-color":"","background-image":"","background-repeat":"repeat","background-position":"center center","background-size":"auto","background-attachment":"scroll","background-type":"","background-media":"","overlay-type":"","overlay-color":"","overlay-opacity":"","overlay-gradient":""},"tablet":{"background-color":"","background-image":"","background-repeat":"repeat","background-position":"center center","background-size":"auto","background-attachment":"scroll","background-type":"","background-media":"","overlay-type":"","overlay-color":"","overlay-opacity":"","overlay-gradient":""},"mobile":{"background-color":"","background-image":"","background-repeat":"repeat","background-position":"center center","background-size":"auto","background-attachment":"scroll","background-type":"","background-media":"","overlay-type":"","overlay-color":"","overlay-opacity":"","overlay-gradient":""}},"ast-content-background-meta":{"desktop":{"background-color":"var(--ast-global-color-5)","background-image":"","background-repeat":"repeat","background-position":"center center","background-size":"auto","background-attachment":"scroll","background-type":"","background-media":"","overlay-type":"","overlay-color":"","overlay-opacity":"","overlay-gradient":""},"tablet":{"background-color":"var(--ast-global-color-5)","background-image":"","background-repeat":"repeat","background-position":"center center","background-size":"auto","background-attachment":"scroll","background-type":"","background-media":"","overlay-type":"","overlay-color":"","overlay-opacity":"","overlay-gradient":""},"mobile":{"background-color":"var(--ast-global-color-5)","background-image":"","background-repeat":"repeat","background-position":"center center","background-size":"auto","background-attachment":"scroll","background-type":"","background-media":"","overlay-type":"","overlay-color":"","overlay-opacity":"","overlay-gradient":""}}},"product_brand":[],"product_cat":[1612,1353,1640],"product_tag":[1396,1356,2339],"class_list":{"0":"post-56414","1":"product","2":"type-product","3":"status-publish","4":"has-post-thumbnail","6":"product_cat-equipement-de-protection-patinage-de-vitesse-courte-piste","7":"product_cat-patinage-de-vitesse","8":"product_cat-protege-tibias","9":"product_tag-bont-skates-fr","10":"product_tag-courte-piste-fr","11":"product_tag-protege-tibias","12":"desktop-align-center","13":"tablet-align-center","14":"mobile-align-center","15":"ast-product-gallery-layout-horizontal","16":"ast-product-gallery-with-no-image","17":"ast-product-single-variable","18":"ast-product-tabs-layout-horizontal","19":"ast-qv-on-image","21":"first","22":"instock","23":"sale","24":"taxable","25":"shipping-taxable","26":"purchasable","27":"product-type-variable"},"bundled_by":[],"bundle_stock_status":"instock","bundle_stock_quantity":null,"bundle_virtual":false,"bundle_layout":"","bundle_add_to_cart_form_location":"","bundle_editable_in_cart":false,"bundle_sold_individually_context":"","bundle_item_grouping":"","bundle_min_size":"","bundle_max_size":"","bundle_price":[],"bundled_items":[],"bundle_sell_ids":[],"yoast_head":"<!-- This site is optimized with the Yoast SEO plugin v27.4 - https:\/\/yoast.com\/product\/yoast-seo-wordpress\/ -->\n<title>Prot\u00e8ge-tibias pro - Xact Skate Shop<\/title>\n<meta name=\"description\" content=\"Prot\u00e8ge-tibias professionnels. Le prot\u00e8ge-tibia Bont PRO est con\u00e7u pour les athl\u00e8tes professionnels et de tous niveaux. Compos\u00e9 de couches de carbone performantes qui dispersent l&#039;impact.\" \/>\n<meta name=\"robots\" content=\"index, follow, max-snippet:-1, max-image-preview:large, max-video-preview:-1\" \/>\n<link rel=\"canonical\" href=\"https:\/\/xactskateshop.com\/fr\/produit\/protege-tibias-bont-pro-en-carbone-thermo-moulable\/\" \/>\n<meta property=\"og:locale\" content=\"fr_FR\" \/>\n<meta property=\"og:type\" content=\"article\" \/>\n<meta property=\"og:title\" content=\"Prot\u00e8ge-tibias pro - Xact Skate Shop\" \/>\n<meta property=\"og:description\" content=\"Prot\u00e8ge-tibias professionnels. Le prot\u00e8ge-tibia Bont PRO est con\u00e7u pour les athl\u00e8tes professionnels et de tous niveaux. Compos\u00e9 de couches de carbone performantes qui dispersent l&#039;impact.\" \/>\n<meta property=\"og:url\" content=\"https:\/\/xactskateshop.com\/fr\/produit\/protege-tibias-bont-pro-en-carbone-thermo-moulable\/\" \/>\n<meta property=\"og:site_name\" content=\"Xact Skate Shop\" \/>\n<meta property=\"article:publisher\" content=\"https:\/\/www.facebook.com\/JeanLouiskateshop\" \/>\n<meta property=\"og:image\" content=\"https:\/\/xactskateshop.com\/wp-content\/uploads\/2023\/04\/shinguard-final.jpg\" \/>\n\t<meta property=\"og:image:width\" content=\"1000\" \/>\n\t<meta property=\"og:image:height\" content=\"1000\" \/>\n\t<meta property=\"og:image:type\" content=\"image\/jpeg\" \/>\n<meta name=\"twitter:card\" content=\"summary_large_image\" \/>\n<meta name=\"twitter:label1\" content=\"Dur\u00e9e de lecture estim\u00e9e\" \/>\n\t<meta name=\"twitter:data1\" content=\"2 minutes\" \/>\n<script type=\"application\/ld+json\" class=\"yoast-schema-graph\">{\"@context\":\"https:\\\/\\\/schema.org\",\"@graph\":[{\"@type\":\"WebPage\",\"@id\":\"https:\\\/\\\/xactskateshop.com\\\/fr\\\/produit\\\/protege-tibias-bont-pro-en-carbone-thermo-moulable\\\/\",\"url\":\"https:\\\/\\\/xactskateshop.com\\\/fr\\\/produit\\\/protege-tibias-bont-pro-en-carbone-thermo-moulable\\\/\",\"name\":\"Prot\u00e8ge-tibias pro - Xact Skate Shop\",\"isPartOf\":{\"@id\":\"http:\\\/\\\/xactskateshop.com\\\/fr\\\/#website\"},\"primaryImageOfPage\":{\"@id\":\"https:\\\/\\\/xactskateshop.com\\\/fr\\\/produit\\\/protege-tibias-bont-pro-en-carbone-thermo-moulable\\\/#primaryimage\"},\"image\":{\"@id\":\"https:\\\/\\\/xactskateshop.com\\\/fr\\\/produit\\\/protege-tibias-bont-pro-en-carbone-thermo-moulable\\\/#primaryimage\"},\"thumbnailUrl\":\"https:\\\/\\\/xactskateshop.com\\\/wp-content\\\/uploads\\\/2023\\\/04\\\/shinguard-final.jpg\",\"datePublished\":\"2023-04-19T15:50:34+00:00\",\"description\":\"Prot\u00e8ge-tibias professionnels. Le prot\u00e8ge-tibia Bont PRO est con\u00e7u pour les athl\u00e8tes professionnels et de tous niveaux. Compos\u00e9 de couches de carbone performantes qui dispersent l'impact.\",\"breadcrumb\":{\"@id\":\"https:\\\/\\\/xactskateshop.com\\\/fr\\\/produit\\\/protege-tibias-bont-pro-en-carbone-thermo-moulable\\\/#breadcrumb\"},\"inLanguage\":\"fr-FR\",\"potentialAction\":[{\"@type\":\"ReadAction\",\"target\":[\"https:\\\/\\\/xactskateshop.com\\\/fr\\\/produit\\\/protege-tibias-bont-pro-en-carbone-thermo-moulable\\\/\"]}]},{\"@type\":\"ImageObject\",\"inLanguage\":\"fr-FR\",\"@id\":\"https:\\\/\\\/xactskateshop.com\\\/fr\\\/produit\\\/protege-tibias-bont-pro-en-carbone-thermo-moulable\\\/#primaryimage\",\"url\":\"https:\\\/\\\/xactskateshop.com\\\/wp-content\\\/uploads\\\/2023\\\/04\\\/shinguard-final.jpg\",\"contentUrl\":\"https:\\\/\\\/xactskateshop.com\\\/wp-content\\\/uploads\\\/2023\\\/04\\\/shinguard-final.jpg\",\"width\":1000,\"height\":1000,\"caption\":\"prot\u00e8ge-tibias pro\"},{\"@type\":\"BreadcrumbList\",\"@id\":\"https:\\\/\\\/xactskateshop.com\\\/fr\\\/produit\\\/protege-tibias-bont-pro-en-carbone-thermo-moulable\\\/#breadcrumb\",\"itemListElement\":[{\"@type\":\"ListItem\",\"position\":1,\"name\":\"Home\",\"item\":\"https:\\\/\\\/xactskateshop.com\\\/fr\\\/accueil\\\/\"},{\"@type\":\"ListItem\",\"position\":2,\"name\":\"Boutique\",\"item\":\"https:\\\/\\\/xactskateshop.com\\\/shop\\\/\"},{\"@type\":\"ListItem\",\"position\":3,\"name\":\"Prot\u00e8ge-tibias BONT Pro en carbone thermo-moulable\"}]},{\"@type\":\"WebSite\",\"@id\":\"http:\\\/\\\/xactskateshop.com\\\/fr\\\/#website\",\"url\":\"http:\\\/\\\/xactskateshop.com\\\/fr\\\/\",\"name\":\"Xact Skate Shop\",\"description\":\"Un site utilisant WordPress\",\"publisher\":{\"@id\":\"http:\\\/\\\/xactskateshop.com\\\/fr\\\/#organization\"},\"potentialAction\":[{\"@type\":\"SearchAction\",\"target\":{\"@type\":\"EntryPoint\",\"urlTemplate\":\"http:\\\/\\\/xactskateshop.com\\\/fr\\\/?s={search_term_string}\"},\"query-input\":{\"@type\":\"PropertyValueSpecification\",\"valueRequired\":true,\"valueName\":\"search_term_string\"}}],\"inLanguage\":\"fr-FR\"},{\"@type\":\"Organization\",\"@id\":\"http:\\\/\\\/xactskateshop.com\\\/fr\\\/#organization\",\"name\":\"XACT Skate Shop\",\"url\":\"http:\\\/\\\/xactskateshop.com\\\/fr\\\/\",\"logo\":{\"@type\":\"ImageObject\",\"inLanguage\":\"fr-FR\",\"@id\":\"http:\\\/\\\/xactskateshop.com\\\/fr\\\/#\\\/schema\\\/logo\\\/image\\\/\",\"url\":\"http:\\\/\\\/xactskateshop.com\\\/wp-content\\\/uploads\\\/2024\\\/04\\\/xactskateshop-dot-com-avec-contour-noir-sans-fond-675x.jpg\",\"contentUrl\":\"http:\\\/\\\/xactskateshop.com\\\/wp-content\\\/uploads\\\/2024\\\/04\\\/xactskateshop-dot-com-avec-contour-noir-sans-fond-675x.jpg\",\"width\":675,\"height\":247,\"caption\":\"XACT Skate Shop\"},\"image\":{\"@id\":\"http:\\\/\\\/xactskateshop.com\\\/fr\\\/#\\\/schema\\\/logo\\\/image\\\/\"},\"sameAs\":[\"https:\\\/\\\/www.facebook.com\\\/JeanLouiskateshop\"]}]}<\/script>\n<!-- \/ Yoast SEO plugin. -->","yoast_head_json":{"title":"Prot\u00e8ge-tibias pro - Xact Skate Shop","description":"Prot\u00e8ge-tibias professionnels. Le prot\u00e8ge-tibia Bont PRO est con\u00e7u pour les athl\u00e8tes professionnels et de tous niveaux. Compos\u00e9 de couches de carbone performantes qui dispersent l'impact.","robots":{"index":"index","follow":"follow","max-snippet":"max-snippet:-1","max-image-preview":"max-image-preview:large","max-video-preview":"max-video-preview:-1"},"canonical":"https:\/\/xactskateshop.com\/fr\/produit\/protege-tibias-bont-pro-en-carbone-thermo-moulable\/","og_locale":"fr_FR","og_type":"article","og_title":"Prot\u00e8ge-tibias pro - Xact Skate Shop","og_description":"Prot\u00e8ge-tibias professionnels. Le prot\u00e8ge-tibia Bont PRO est con\u00e7u pour les athl\u00e8tes professionnels et de tous niveaux. Compos\u00e9 de couches de carbone performantes qui dispersent l'impact.","og_url":"https:\/\/xactskateshop.com\/fr\/produit\/protege-tibias-bont-pro-en-carbone-thermo-moulable\/","og_site_name":"Xact Skate Shop","article_publisher":"https:\/\/www.facebook.com\/JeanLouiskateshop","og_image":[{"width":1000,"height":1000,"url":"https:\/\/xactskateshop.com\/wp-content\/uploads\/2023\/04\/shinguard-final.jpg","type":"image\/jpeg"}],"twitter_card":"summary_large_image","twitter_misc":{"Dur\u00e9e de lecture estim\u00e9e":"2 minutes"},"schema":{"@context":"https:\/\/schema.org","@graph":[{"@type":"WebPage","@id":"https:\/\/xactskateshop.com\/fr\/produit\/protege-tibias-bont-pro-en-carbone-thermo-moulable\/","url":"https:\/\/xactskateshop.com\/fr\/produit\/protege-tibias-bont-pro-en-carbone-thermo-moulable\/","name":"Prot\u00e8ge-tibias pro - Xact Skate Shop","isPartOf":{"@id":"http:\/\/xactskateshop.com\/fr\/#website"},"primaryImageOfPage":{"@id":"https:\/\/xactskateshop.com\/fr\/produit\/protege-tibias-bont-pro-en-carbone-thermo-moulable\/#primaryimage"},"image":{"@id":"https:\/\/xactskateshop.com\/fr\/produit\/protege-tibias-bont-pro-en-carbone-thermo-moulable\/#primaryimage"},"thumbnailUrl":"https:\/\/xactskateshop.com\/wp-content\/uploads\/2023\/04\/shinguard-final.jpg","datePublished":"2023-04-19T15:50:34+00:00","description":"Prot\u00e8ge-tibias professionnels. Le prot\u00e8ge-tibia Bont PRO est con\u00e7u pour les athl\u00e8tes professionnels et de tous niveaux. Compos\u00e9 de couches de carbone performantes qui dispersent l'impact.","breadcrumb":{"@id":"https:\/\/xactskateshop.com\/fr\/produit\/protege-tibias-bont-pro-en-carbone-thermo-moulable\/#breadcrumb"},"inLanguage":"fr-FR","potentialAction":[{"@type":"ReadAction","target":["https:\/\/xactskateshop.com\/fr\/produit\/protege-tibias-bont-pro-en-carbone-thermo-moulable\/"]}]},{"@type":"ImageObject","inLanguage":"fr-FR","@id":"https:\/\/xactskateshop.com\/fr\/produit\/protege-tibias-bont-pro-en-carbone-thermo-moulable\/#primaryimage","url":"https:\/\/xactskateshop.com\/wp-content\/uploads\/2023\/04\/shinguard-final.jpg","contentUrl":"https:\/\/xactskateshop.com\/wp-content\/uploads\/2023\/04\/shinguard-final.jpg","width":1000,"height":1000,"caption":"prot\u00e8ge-tibias pro"},{"@type":"BreadcrumbList","@id":"https:\/\/xactskateshop.com\/fr\/produit\/protege-tibias-bont-pro-en-carbone-thermo-moulable\/#breadcrumb","itemListElement":[{"@type":"ListItem","position":1,"name":"Home","item":"https:\/\/xactskateshop.com\/fr\/accueil\/"},{"@type":"ListItem","position":2,"name":"Boutique","item":"https:\/\/xactskateshop.com\/shop\/"},{"@type":"ListItem","position":3,"name":"Prot\u00e8ge-tibias BONT Pro en carbone thermo-moulable"}]},{"@type":"WebSite","@id":"http:\/\/xactskateshop.com\/fr\/#website","url":"http:\/\/xactskateshop.com\/fr\/","name":"Xact Skate Shop","description":"Un site utilisant WordPress","publisher":{"@id":"http:\/\/xactskateshop.com\/fr\/#organization"},"potentialAction":[{"@type":"SearchAction","target":{"@type":"EntryPoint","urlTemplate":"http:\/\/xactskateshop.com\/fr\/?s={search_term_string}"},"query-input":{"@type":"PropertyValueSpecification","valueRequired":true,"valueName":"search_term_string"}}],"inLanguage":"fr-FR"},{"@type":"Organization","@id":"http:\/\/xactskateshop.com\/fr\/#organization","name":"XACT Skate Shop","url":"http:\/\/xactskateshop.com\/fr\/","logo":{"@type":"ImageObject","inLanguage":"fr-FR","@id":"http:\/\/xactskateshop.com\/fr\/#\/schema\/logo\/image\/","url":"http:\/\/xactskateshop.com\/wp-content\/uploads\/2024\/04\/xactskateshop-dot-com-avec-contour-noir-sans-fond-675x.jpg","contentUrl":"http:\/\/xactskateshop.com\/wp-content\/uploads\/2024\/04\/xactskateshop-dot-com-avec-contour-noir-sans-fond-675x.jpg","width":675,"height":247,"caption":"XACT Skate Shop"},"image":{"@id":"http:\/\/xactskateshop.com\/fr\/#\/schema\/logo\/image\/"},"sameAs":["https:\/\/www.facebook.com\/JeanLouiskateshop"]}]}},"_links":{"self":[{"href":"https:\/\/xactskateshop.com\/fr\/wp-json\/wp\/v2\/product\/56414","targetHints":{"allow":["GET"]}}],"collection":[{"href":"https:\/\/xactskateshop.com\/fr\/wp-json\/wp\/v2\/product"}],"about":[{"href":"https:\/\/xactskateshop.com\/fr\/wp-json\/wp\/v2\/types\/product"}],"replies":[{"embeddable":true,"href":"https:\/\/xactskateshop.com\/fr\/wp-json\/wp\/v2\/comments?post=56414"}],"wp:featuredmedia":[{"embeddable":true,"href":"https:\/\/xactskateshop.com\/fr\/wp-json\/wp\/v2\/media\/30144"}],"wp:attachment":[{"href":"https:\/\/xactskateshop.com\/fr\/wp-json\/wp\/v2\/media?parent=56414"}],"wp:term":[{"taxonomy":"product_brand","embeddable":true,"href":"https:\/\/xactskateshop.com\/fr\/wp-json\/wp\/v2\/product_brand?post=56414"},{"taxonomy":"product_cat","embeddable":true,"href":"https:\/\/xactskateshop.com\/fr\/wp-json\/wp\/v2\/product_cat?post=56414"},{"taxonomy":"product_tag","embeddable":true,"href":"https:\/\/xactskateshop.com\/fr\/wp-json\/wp\/v2\/product_tag?post=56414"}],"curies":[{"name":"wp","href":"https:\/\/api.w.org\/{rel}","templated":true}]}}