{"id":56413,"date":"2023-04-07T17:53:06","date_gmt":"2023-04-07T21:53:06","guid":{"rendered":"http:\/\/xactskateshop.com\/product\/bont-white-patriot-carbon-boa-boot\/"},"modified":"2025-10-03T13:42:16","modified_gmt":"2025-10-03T17:42:16","slug":"bont-patriot-carbon-boa-2","status":"publish","type":"product","link":"https:\/\/xactskateshop.com\/fr\/produit\/bont-patriot-carbon-boa-2\/","title":{"rendered":"BONT Patriot Carbon BOA"},"content":{"rendered":"<h2>Bont Patriot Carbon Boa<\/h2>\n<p>Plus rigide que la Patriot, la chaussure BONT Patriot Carbon BOA offre plus de soutien aux patineurs qui cherchent \u00e0 atteindre des vitesses plus \u00e9lev\u00e9es. Ajoutez un cadran Boa pour ajuster le serrage de votre chaussure entre les s\u00e9ries.<\/p>\n<h3>Sp\u00e9cifications :<\/h3>\n<ul>\n<li><strong>Base :<\/strong> Base en composite de carbone pos\u00e9e \u00e0 la main<\/li>\n<li><strong>Rev\u00eatement ext\u00e9rieur :<\/strong> Microfibre<\/li>\n<li><strong>Doublure :<\/strong> Microfibre<\/li>\n<li><strong>Semelle int\u00e9rieure :<\/strong> Cuir<\/li>\n<li><strong>Thermo-moulable :<\/strong> Base enti\u00e8rement thermo-moulable utilisant de la r\u00e9sine \u00e9poxy thermodurcissable (voir les instructions <a style=\"font-size: 16px; transition-property: all;\" href=\"http:\/\/xactskateshop.com\/heat-molding-instructions\/\">ici)<\/a>.<\/li>\n<li><strong>Rembourrage :<\/strong> Mousse \u00e0 m\u00e9moire de forme haute densit\u00e9<\/li>\n<li><strong>Options de fermeture :<\/strong> Double cadran Boa + cache-lacet<\/li>\n<li><strong>Options d&#8217;ajustement :<\/strong> Standard, Etroite (4-6 SEMAINES), Large (4-6 SEMAINES)<\/li>\n<\/ul>\n<h3>Technologie &#8211; Anti Stretch<\/h3>\n<p>Notre mat\u00e9riau anti-\u00e9tirement exclusif pr\u00e9sente des caract\u00e9ristiques de r\u00e9sistance similaires \u00e0 celles du Kevlar. Nous ajoutons ce mat\u00e9riau entre la couche ext\u00e9rieure et la peau, ce qui emp\u00eache la botte de s&#8217;\u00e9tirer. Pour que le mat\u00e9riau ne bouge pas, nous le cousons \u00e0 la couche ext\u00e9rieure et le collons \u00e0 la doublure. En bref, ce mat\u00e9riau anti-\u00e9tirement fait partie int\u00e9grante de la structure de la botte. Par cons\u00e9quent, les bottes Bont ne s&#8217;\u00e9tirent pas autant que les bottes concurrentes.<\/p>\n<p>Qu&#8217;est-ce qu&#8217;une forme ? La forme est une r\u00e9plique en plastique d&#8217;un pied autour duquel la botte est construite. Chez Bont, nous perfectionnons nos formes depuis 1975 ! et le processus se poursuit. Contrairement \u00e0 la forme standard utilis\u00e9e par de nombreuses entreprises, Bont se concentre continuellement sur le d\u00e9veloppement et l&#8217;am\u00e9lioration de ses formes afin que vos bottes vous aillent bien d\u00e8s la sortie de la bo\u00eete.<\/p>\n<p>Vous pouvez \u00e9galement l&#8217;acheter <a href=\"https:\/\/canada.bont.com\/collections\/short-track-skates\/products\/short-track-patriot-c-boa-boot\">ici !<\/a><\/p>\n","protected":false},"excerpt":{"rendered":"<p>&nbsp;<\/p>\n<h4 style=\"text-align: center;\"><strong>Un prolongement naturel de votre corps<\/strong><\/h4>\n<hr \/>\n<p style=\"text-align: center;\">Plus rigide que la Patriot, la Patriot Carbon Boa offre plus de soutien aux patineurs qui cherchent \u00e0 atteindre des vitesses plus \u00e9lev\u00e9es. Ajoutez une molette Boa pour ajuster le serrage de votre chaussure entre les s\u00e9ries.<\/p>\n<p style=\"text-align: center;\"><strong style=\"font-size: 16px; font-style: normal;\">****** veuillez nous contacter \u00e0 info@xactskateshop.com pour conna\u00eetre la disponibilit\u00e9 de la taille avant de passer commande******<\/strong><\/p>\n<hr \/>\n<p>&nbsp;<\/p>\n","protected":false},"featured_media":30126,"comment_status":"open","ping_status":"closed","template":"","meta":{"site-sidebar-layout":"default","site-content-layout":"default","ast-site-content-layout":"default","site-content-style":"default","site-sidebar-style":"default","ast-global-header-display":"","ast-banner-title-visibility":"","ast-main-header-display":"","ast-hfb-above-header-display":"","ast-hfb-below-header-display":"","ast-hfb-mobile-header-display":"","site-post-title":"","ast-breadcrumbs-content":"","ast-featured-img":"","footer-sml-layout":"","theme-transparent-header-meta":"default","adv-header-id-meta":"","stick-header-meta":"","header-above-stick-meta":"","header-main-stick-meta":"","header-below-stick-meta":"","astra-migrate-meta-layouts":"set","ast-page-background-enabled":"default","ast-page-background-meta":{"desktop":{"background-color":"","background-image":"","background-repeat":"repeat","background-position":"center center","background-size":"auto","background-attachment":"scroll","background-type":"","background-media":"","overlay-type":"","overlay-color":"","overlay-opacity":"","overlay-gradient":""},"tablet":{"background-color":"","background-image":"","background-repeat":"repeat","background-position":"center center","background-size":"auto","background-attachment":"scroll","background-type":"","background-media":"","overlay-type":"","overlay-color":"","overlay-opacity":"","overlay-gradient":""},"mobile":{"background-color":"","background-image":"","background-repeat":"repeat","background-position":"center center","background-size":"auto","background-attachment":"scroll","background-type":"","background-media":"","overlay-type":"","overlay-color":"","overlay-opacity":"","overlay-gradient":""}},"ast-content-background-meta":{"desktop":{"background-color":"var(--ast-global-color-5)","background-image":"","background-repeat":"repeat","background-position":"center center","background-size":"auto","background-attachment":"scroll","background-type":"","background-media":"","overlay-type":"","overlay-color":"","overlay-opacity":"","overlay-gradient":""},"tablet":{"background-color":"var(--ast-global-color-5)","background-image":"","background-repeat":"repeat","background-position":"center center","background-size":"auto","background-attachment":"scroll","background-type":"","background-media":"","overlay-type":"","overlay-color":"","overlay-opacity":"","overlay-gradient":""},"mobile":{"background-color":"var(--ast-global-color-5)","background-image":"","background-repeat":"repeat","background-position":"center center","background-size":"auto","background-attachment":"scroll","background-type":"","background-media":"","overlay-type":"","overlay-color":"","overlay-opacity":"","overlay-gradient":""}}},"product_brand":[],"product_cat":[1430,1354,1353],"product_tag":[1396,1390,1383,1356],"class_list":{"0":"post-56413","1":"product","2":"type-product","3":"status-publish","4":"has-post-thumbnail","6":"product_cat-bottines-de-patinage-de-vitesse-courte-piste","7":"product_cat-courte-piste","8":"product_cat-patinage-de-vitesse","9":"product_tag-bont-skates-fr","10":"product_tag-bottes-bont","11":"product_tag-bottes-courtes","12":"product_tag-courte-piste-fr","13":"desktop-align-center","14":"tablet-align-center","15":"mobile-align-center","16":"ast-product-gallery-layout-horizontal","17":"ast-product-gallery-with-no-image","18":"ast-product-single-variable","19":"ast-product-tabs-layout-horizontal","20":"ast-qv-on-image","22":"first","23":"instock","24":"sale","25":"taxable","26":"shipping-taxable","27":"purchasable","28":"product-type-variable"},"bundled_by":[],"bundle_stock_status":"instock","bundle_stock_quantity":null,"bundle_virtual":false,"bundle_layout":"","bundle_add_to_cart_form_location":"","bundle_editable_in_cart":false,"bundle_sold_individually_context":"","bundle_item_grouping":"","bundle_min_size":"","bundle_max_size":"","bundle_price":[],"bundled_items":[],"bundle_sell_ids":[],"yoast_head":"<!-- This site is optimized with the Yoast SEO plugin v27.4 - https:\/\/yoast.com\/product\/yoast-seo-wordpress\/ -->\n<title>BONT Patriot Carbon BOA - Xact Skate Shop.<\/title>\n<meta name=\"description\" content=\"BONT Patriot Carbon BOA. La Patriot Carbon Boa offre plus de soutien. Ajoutez une molette Boa pour ajuster le serrage de votre chaussure. Achetez la v\u00f4tre ici !\" \/>\n<meta name=\"robots\" content=\"index, follow, max-snippet:-1, max-image-preview:large, max-video-preview:-1\" \/>\n<link rel=\"canonical\" href=\"https:\/\/xactskateshop.com\/fr\/produit\/bont-patriot-carbon-boa-2\/\" \/>\n<meta property=\"og:locale\" content=\"fr_FR\" \/>\n<meta property=\"og:type\" content=\"article\" \/>\n<meta property=\"og:title\" content=\"BONT Patriot Carbon BOA - Xact Skate Shop.\" \/>\n<meta property=\"og:description\" content=\"BONT Patriot Carbon BOA. La Patriot Carbon Boa offre plus de soutien. Ajoutez une molette Boa pour ajuster le serrage de votre chaussure. Achetez la v\u00f4tre ici !\" \/>\n<meta property=\"og:url\" content=\"https:\/\/xactskateshop.com\/fr\/produit\/bont-patriot-carbon-boa-2\/\" \/>\n<meta property=\"og:site_name\" content=\"Xact Skate Shop\" \/>\n<meta property=\"article:publisher\" content=\"https:\/\/www.facebook.com\/JeanLouiskateshop\" \/>\n<meta property=\"article:modified_time\" content=\"2025-10-03T17:42:16+00:00\" \/>\n<meta property=\"og:image\" content=\"https:\/\/xactskateshop.com\/wp-content\/uploads\/2023\/04\/ST-Patriot-C-BOA-V2-Black-White-Red.jpg\" \/>\n\t<meta property=\"og:image:width\" content=\"1000\" \/>\n\t<meta property=\"og:image:height\" content=\"1000\" \/>\n\t<meta property=\"og:image:type\" content=\"image\/jpeg\" \/>\n<meta name=\"twitter:card\" content=\"summary_large_image\" \/>\n<meta name=\"twitter:label1\" content=\"Dur\u00e9e de lecture estim\u00e9e\" \/>\n\t<meta name=\"twitter:data1\" content=\"2 minutes\" \/>\n<script type=\"application\/ld+json\" class=\"yoast-schema-graph\">{\"@context\":\"https:\\\/\\\/schema.org\",\"@graph\":[{\"@type\":\"WebPage\",\"@id\":\"https:\\\/\\\/xactskateshop.com\\\/fr\\\/produit\\\/bont-patriot-carbon-boa-2\\\/\",\"url\":\"https:\\\/\\\/xactskateshop.com\\\/fr\\\/produit\\\/bont-patriot-carbon-boa-2\\\/\",\"name\":\"BONT Patriot Carbon BOA - Xact Skate Shop.\",\"isPartOf\":{\"@id\":\"http:\\\/\\\/xactskateshop.com\\\/fr\\\/#website\"},\"primaryImageOfPage\":{\"@id\":\"https:\\\/\\\/xactskateshop.com\\\/fr\\\/produit\\\/bont-patriot-carbon-boa-2\\\/#primaryimage\"},\"image\":{\"@id\":\"https:\\\/\\\/xactskateshop.com\\\/fr\\\/produit\\\/bont-patriot-carbon-boa-2\\\/#primaryimage\"},\"thumbnailUrl\":\"https:\\\/\\\/xactskateshop.com\\\/wp-content\\\/uploads\\\/2023\\\/04\\\/ST-Patriot-C-BOA-V2-Black-White-Red.jpg\",\"datePublished\":\"2023-04-07T21:53:06+00:00\",\"dateModified\":\"2025-10-03T17:42:16+00:00\",\"description\":\"BONT Patriot Carbon BOA. La Patriot Carbon Boa offre plus de soutien. Ajoutez une molette Boa pour ajuster le serrage de votre chaussure. Achetez la v\u00f4tre ici !\",\"breadcrumb\":{\"@id\":\"https:\\\/\\\/xactskateshop.com\\\/fr\\\/produit\\\/bont-patriot-carbon-boa-2\\\/#breadcrumb\"},\"inLanguage\":\"fr-FR\",\"potentialAction\":[{\"@type\":\"ReadAction\",\"target\":[\"https:\\\/\\\/xactskateshop.com\\\/fr\\\/produit\\\/bont-patriot-carbon-boa-2\\\/\"]}]},{\"@type\":\"ImageObject\",\"inLanguage\":\"fr-FR\",\"@id\":\"https:\\\/\\\/xactskateshop.com\\\/fr\\\/produit\\\/bont-patriot-carbon-boa-2\\\/#primaryimage\",\"url\":\"https:\\\/\\\/xactskateshop.com\\\/wp-content\\\/uploads\\\/2023\\\/04\\\/ST-Patriot-C-BOA-V2-Black-White-Red.jpg\",\"contentUrl\":\"https:\\\/\\\/xactskateshop.com\\\/wp-content\\\/uploads\\\/2023\\\/04\\\/ST-Patriot-C-BOA-V2-Black-White-Red.jpg\",\"width\":1000,\"height\":1000,\"caption\":\"Bont Carbon boa blanc\"},{\"@type\":\"BreadcrumbList\",\"@id\":\"https:\\\/\\\/xactskateshop.com\\\/fr\\\/produit\\\/bont-patriot-carbon-boa-2\\\/#breadcrumb\",\"itemListElement\":[{\"@type\":\"ListItem\",\"position\":1,\"name\":\"Home\",\"item\":\"https:\\\/\\\/xactskateshop.com\\\/fr\\\/accueil\\\/\"},{\"@type\":\"ListItem\",\"position\":2,\"name\":\"Boutique\",\"item\":\"https:\\\/\\\/xactskateshop.com\\\/shop\\\/\"},{\"@type\":\"ListItem\",\"position\":3,\"name\":\"BONT Patriot Carbon BOA\"}]},{\"@type\":\"WebSite\",\"@id\":\"http:\\\/\\\/xactskateshop.com\\\/fr\\\/#website\",\"url\":\"http:\\\/\\\/xactskateshop.com\\\/fr\\\/\",\"name\":\"Xact Skate Shop\",\"description\":\"Un site utilisant WordPress\",\"publisher\":{\"@id\":\"http:\\\/\\\/xactskateshop.com\\\/fr\\\/#organization\"},\"potentialAction\":[{\"@type\":\"SearchAction\",\"target\":{\"@type\":\"EntryPoint\",\"urlTemplate\":\"http:\\\/\\\/xactskateshop.com\\\/fr\\\/?s={search_term_string}\"},\"query-input\":{\"@type\":\"PropertyValueSpecification\",\"valueRequired\":true,\"valueName\":\"search_term_string\"}}],\"inLanguage\":\"fr-FR\"},{\"@type\":\"Organization\",\"@id\":\"http:\\\/\\\/xactskateshop.com\\\/fr\\\/#organization\",\"name\":\"XACT Skate Shop\",\"url\":\"http:\\\/\\\/xactskateshop.com\\\/fr\\\/\",\"logo\":{\"@type\":\"ImageObject\",\"inLanguage\":\"fr-FR\",\"@id\":\"http:\\\/\\\/xactskateshop.com\\\/fr\\\/#\\\/schema\\\/logo\\\/image\\\/\",\"url\":\"http:\\\/\\\/xactskateshop.com\\\/wp-content\\\/uploads\\\/2024\\\/04\\\/xactskateshop-dot-com-avec-contour-noir-sans-fond-675x.jpg\",\"contentUrl\":\"http:\\\/\\\/xactskateshop.com\\\/wp-content\\\/uploads\\\/2024\\\/04\\\/xactskateshop-dot-com-avec-contour-noir-sans-fond-675x.jpg\",\"width\":675,\"height\":247,\"caption\":\"XACT Skate Shop\"},\"image\":{\"@id\":\"http:\\\/\\\/xactskateshop.com\\\/fr\\\/#\\\/schema\\\/logo\\\/image\\\/\"},\"sameAs\":[\"https:\\\/\\\/www.facebook.com\\\/JeanLouiskateshop\"]}]}<\/script>\n<!-- \/ Yoast SEO plugin. -->","yoast_head_json":{"title":"BONT Patriot Carbon BOA - Xact Skate Shop.","description":"BONT Patriot Carbon BOA. La Patriot Carbon Boa offre plus de soutien. Ajoutez une molette Boa pour ajuster le serrage de votre chaussure. Achetez la v\u00f4tre ici !","robots":{"index":"index","follow":"follow","max-snippet":"max-snippet:-1","max-image-preview":"max-image-preview:large","max-video-preview":"max-video-preview:-1"},"canonical":"https:\/\/xactskateshop.com\/fr\/produit\/bont-patriot-carbon-boa-2\/","og_locale":"fr_FR","og_type":"article","og_title":"BONT Patriot Carbon BOA - Xact Skate Shop.","og_description":"BONT Patriot Carbon BOA. La Patriot Carbon Boa offre plus de soutien. Ajoutez une molette Boa pour ajuster le serrage de votre chaussure. Achetez la v\u00f4tre ici !","og_url":"https:\/\/xactskateshop.com\/fr\/produit\/bont-patriot-carbon-boa-2\/","og_site_name":"Xact Skate Shop","article_publisher":"https:\/\/www.facebook.com\/JeanLouiskateshop","article_modified_time":"2025-10-03T17:42:16+00:00","og_image":[{"width":1000,"height":1000,"url":"https:\/\/xactskateshop.com\/wp-content\/uploads\/2023\/04\/ST-Patriot-C-BOA-V2-Black-White-Red.jpg","type":"image\/jpeg"}],"twitter_card":"summary_large_image","twitter_misc":{"Dur\u00e9e de lecture estim\u00e9e":"2 minutes"},"schema":{"@context":"https:\/\/schema.org","@graph":[{"@type":"WebPage","@id":"https:\/\/xactskateshop.com\/fr\/produit\/bont-patriot-carbon-boa-2\/","url":"https:\/\/xactskateshop.com\/fr\/produit\/bont-patriot-carbon-boa-2\/","name":"BONT Patriot Carbon BOA - Xact Skate Shop.","isPartOf":{"@id":"http:\/\/xactskateshop.com\/fr\/#website"},"primaryImageOfPage":{"@id":"https:\/\/xactskateshop.com\/fr\/produit\/bont-patriot-carbon-boa-2\/#primaryimage"},"image":{"@id":"https:\/\/xactskateshop.com\/fr\/produit\/bont-patriot-carbon-boa-2\/#primaryimage"},"thumbnailUrl":"https:\/\/xactskateshop.com\/wp-content\/uploads\/2023\/04\/ST-Patriot-C-BOA-V2-Black-White-Red.jpg","datePublished":"2023-04-07T21:53:06+00:00","dateModified":"2025-10-03T17:42:16+00:00","description":"BONT Patriot Carbon BOA. La Patriot Carbon Boa offre plus de soutien. Ajoutez une molette Boa pour ajuster le serrage de votre chaussure. Achetez la v\u00f4tre ici !","breadcrumb":{"@id":"https:\/\/xactskateshop.com\/fr\/produit\/bont-patriot-carbon-boa-2\/#breadcrumb"},"inLanguage":"fr-FR","potentialAction":[{"@type":"ReadAction","target":["https:\/\/xactskateshop.com\/fr\/produit\/bont-patriot-carbon-boa-2\/"]}]},{"@type":"ImageObject","inLanguage":"fr-FR","@id":"https:\/\/xactskateshop.com\/fr\/produit\/bont-patriot-carbon-boa-2\/#primaryimage","url":"https:\/\/xactskateshop.com\/wp-content\/uploads\/2023\/04\/ST-Patriot-C-BOA-V2-Black-White-Red.jpg","contentUrl":"https:\/\/xactskateshop.com\/wp-content\/uploads\/2023\/04\/ST-Patriot-C-BOA-V2-Black-White-Red.jpg","width":1000,"height":1000,"caption":"Bont Carbon boa blanc"},{"@type":"BreadcrumbList","@id":"https:\/\/xactskateshop.com\/fr\/produit\/bont-patriot-carbon-boa-2\/#breadcrumb","itemListElement":[{"@type":"ListItem","position":1,"name":"Home","item":"https:\/\/xactskateshop.com\/fr\/accueil\/"},{"@type":"ListItem","position":2,"name":"Boutique","item":"https:\/\/xactskateshop.com\/shop\/"},{"@type":"ListItem","position":3,"name":"BONT Patriot Carbon BOA"}]},{"@type":"WebSite","@id":"http:\/\/xactskateshop.com\/fr\/#website","url":"http:\/\/xactskateshop.com\/fr\/","name":"Xact Skate Shop","description":"Un site utilisant WordPress","publisher":{"@id":"http:\/\/xactskateshop.com\/fr\/#organization"},"potentialAction":[{"@type":"SearchAction","target":{"@type":"EntryPoint","urlTemplate":"http:\/\/xactskateshop.com\/fr\/?s={search_term_string}"},"query-input":{"@type":"PropertyValueSpecification","valueRequired":true,"valueName":"search_term_string"}}],"inLanguage":"fr-FR"},{"@type":"Organization","@id":"http:\/\/xactskateshop.com\/fr\/#organization","name":"XACT Skate Shop","url":"http:\/\/xactskateshop.com\/fr\/","logo":{"@type":"ImageObject","inLanguage":"fr-FR","@id":"http:\/\/xactskateshop.com\/fr\/#\/schema\/logo\/image\/","url":"http:\/\/xactskateshop.com\/wp-content\/uploads\/2024\/04\/xactskateshop-dot-com-avec-contour-noir-sans-fond-675x.jpg","contentUrl":"http:\/\/xactskateshop.com\/wp-content\/uploads\/2024\/04\/xactskateshop-dot-com-avec-contour-noir-sans-fond-675x.jpg","width":675,"height":247,"caption":"XACT Skate Shop"},"image":{"@id":"http:\/\/xactskateshop.com\/fr\/#\/schema\/logo\/image\/"},"sameAs":["https:\/\/www.facebook.com\/JeanLouiskateshop"]}]}},"_links":{"self":[{"href":"https:\/\/xactskateshop.com\/fr\/wp-json\/wp\/v2\/product\/56413","targetHints":{"allow":["GET"]}}],"collection":[{"href":"https:\/\/xactskateshop.com\/fr\/wp-json\/wp\/v2\/product"}],"about":[{"href":"https:\/\/xactskateshop.com\/fr\/wp-json\/wp\/v2\/types\/product"}],"replies":[{"embeddable":true,"href":"https:\/\/xactskateshop.com\/fr\/wp-json\/wp\/v2\/comments?post=56413"}],"wp:featuredmedia":[{"embeddable":true,"href":"https:\/\/xactskateshop.com\/fr\/wp-json\/wp\/v2\/media\/30126"}],"wp:attachment":[{"href":"https:\/\/xactskateshop.com\/fr\/wp-json\/wp\/v2\/media?parent=56413"}],"wp:term":[{"taxonomy":"product_brand","embeddable":true,"href":"https:\/\/xactskateshop.com\/fr\/wp-json\/wp\/v2\/product_brand?post=56413"},{"taxonomy":"product_cat","embeddable":true,"href":"https:\/\/xactskateshop.com\/fr\/wp-json\/wp\/v2\/product_cat?post=56413"},{"taxonomy":"product_tag","embeddable":true,"href":"https:\/\/xactskateshop.com\/fr\/wp-json\/wp\/v2\/product_tag?post=56413"}],"curies":[{"name":"wp","href":"https:\/\/api.w.org\/{rel}","templated":true}]}}