{"id":56396,"date":"2023-04-13T14:19:42","date_gmt":"2023-04-13T18:19:42","guid":{"rendered":"http:\/\/xactskateshop.com\/product\/couvre-lames-skate-tec-paire\/"},"modified":"2023-04-13T14:19:42","modified_gmt":"2023-04-13T18:19:42","slug":"couvre-lames-skate-tec-paire","status":"publish","type":"product","link":"https:\/\/xactskateshop.com\/fr\/produit\/couvre-lames-skate-tec-paire\/","title":{"rendered":"Couvre-lames SKATE-TEC (paire)"},"content":{"rendered":"<p>Couvre-lames SKATE-TEC fabriqu\u00e9s en molleton de coton<\/p>\n<p>Ils sont dot\u00e9s d&#8217;un mat\u00e9riau r\u00e9sistant aux coupures pour renforcer les extr\u00e9mit\u00e9s et d&#8217;un mat\u00e9riau r\u00e9sistant aux coupures \u00e0 l&#8217;ext\u00e9rieur pour que vous puissiez marcher avec.<\/p>\n<p>&nbsp;<\/p>\n","protected":false},"excerpt":{"rendered":"<p>Les couvre-lames Couvre-lames sont fabriqu\u00e9s en coton molletonn\u00e9<\/p>\n<p>. Ils sont dot\u00e9s d&#8217;un mat\u00e9riau r\u00e9sistant aux coupures pour renforcer les extr\u00e9mit\u00e9s et d&#8217;un mat\u00e9riau r\u00e9sistant aux coupures \u00e0 l&#8217;ext\u00e9rieur pour que vous puissiez marcher avec ces couvre-lames.<\/p>\n","protected":false},"featured_media":30137,"comment_status":"open","ping_status":"closed","template":"","meta":{"site-sidebar-layout":"default","site-content-layout":"default","ast-site-content-layout":"default","site-content-style":"default","site-sidebar-style":"default","ast-global-header-display":"","ast-banner-title-visibility":"","ast-main-header-display":"","ast-hfb-above-header-display":"","ast-hfb-below-header-display":"","ast-hfb-mobile-header-display":"","site-post-title":"","ast-breadcrumbs-content":"","ast-featured-img":"","footer-sml-layout":"","theme-transparent-header-meta":"default","adv-header-id-meta":"","stick-header-meta":"","header-above-stick-meta":"","header-main-stick-meta":"","header-below-stick-meta":"","astra-migrate-meta-layouts":"default","ast-page-background-enabled":"default","ast-page-background-meta":{"desktop":{"background-color":"","background-image":"","background-repeat":"repeat","background-position":"center center","background-size":"auto","background-attachment":"scroll","background-type":"","background-media":"","overlay-type":"","overlay-color":"","overlay-opacity":"","overlay-gradient":""},"tablet":{"background-color":"","background-image":"","background-repeat":"repeat","background-position":"center center","background-size":"auto","background-attachment":"scroll","background-type":"","background-media":"","overlay-type":"","overlay-color":"","overlay-opacity":"","overlay-gradient":""},"mobile":{"background-color":"","background-image":"","background-repeat":"repeat","background-position":"center center","background-size":"auto","background-attachment":"scroll","background-type":"","background-media":"","overlay-type":"","overlay-color":"","overlay-opacity":"","overlay-gradient":""}},"ast-content-background-meta":{"desktop":{"background-color":"var(--ast-global-color-5)","background-image":"","background-repeat":"repeat","background-position":"center center","background-size":"auto","background-attachment":"scroll","background-type":"","background-media":"","overlay-type":"","overlay-color":"","overlay-opacity":"","overlay-gradient":""},"tablet":{"background-color":"var(--ast-global-color-5)","background-image":"","background-repeat":"repeat","background-position":"center center","background-size":"auto","background-attachment":"scroll","background-type":"","background-media":"","overlay-type":"","overlay-color":"","overlay-opacity":"","overlay-gradient":""},"mobile":{"background-color":"var(--ast-global-color-5)","background-image":"","background-repeat":"repeat","background-position":"center center","background-size":"auto","background-attachment":"scroll","background-type":"","background-media":"","overlay-type":"","overlay-color":"","overlay-opacity":"","overlay-gradient":""}}},"product_brand":[],"product_cat":[1353,1514,1513],"product_tag":[],"class_list":{"0":"post-56396","1":"product","2":"type-product","3":"status-publish","4":"has-post-thumbnail","6":"product_cat-patinage-de-vitesse","7":"product_cat-protections-pour-patins-et-couvre-lames","8":"product_cat-sacs-et-accessoires","9":"desktop-align-center","10":"tablet-align-center","11":"mobile-align-center","12":"ast-product-gallery-layout-horizontal","13":"ast-product-gallery-with-no-image","14":"ast-product-tabs-layout-horizontal","15":"ast-qv-on-image","17":"first","18":"outofstock","19":"sale","20":"taxable","21":"shipping-taxable","22":"purchasable","23":"product-type-simple"},"bundled_by":[],"bundle_stock_status":"outofstock","bundle_stock_quantity":0,"bundle_virtual":false,"bundle_layout":"","bundle_add_to_cart_form_location":"","bundle_editable_in_cart":false,"bundle_sold_individually_context":"","bundle_item_grouping":"","bundle_min_size":"","bundle_max_size":"","bundle_price":[],"bundled_items":[],"bundle_sell_ids":[],"yoast_head":"<!-- This site is optimized with the Yoast SEO plugin v27.4 - https:\/\/yoast.com\/product\/yoast-seo-wordpress\/ -->\n<title>Couvre-lames SKATE-TEC - Xact Skate Shop<\/title>\n<meta name=\"description\" content=\"Les couvre-lames SKATE-TEC couvrent les lames. Elles sont dot\u00e9es d&#039;un mat\u00e9riau r\u00e9sistant aux coupures pour renforcer les extr\u00e9mit\u00e9s et d&#039;un mat\u00e9riau r\u00e9sistant aux coupures \u00e0 l&#039;ext\u00e9rieur pour que vous puissiez marcher avec.\" \/>\n<meta name=\"robots\" content=\"index, follow, max-snippet:-1, max-image-preview:large, max-video-preview:-1\" \/>\n<link rel=\"canonical\" href=\"https:\/\/xactskateshop.com\/fr\/produit\/couvre-lames-skate-tec-paire\/\" \/>\n<meta property=\"og:locale\" content=\"fr_FR\" \/>\n<meta property=\"og:type\" content=\"article\" \/>\n<meta property=\"og:title\" content=\"Couvre-lames SKATE-TEC - Xact Skate Shop\" \/>\n<meta property=\"og:description\" content=\"Les couvre-lames SKATE-TEC couvrent les lames. Elles sont dot\u00e9es d&#039;un mat\u00e9riau r\u00e9sistant aux coupures pour renforcer les extr\u00e9mit\u00e9s et d&#039;un mat\u00e9riau r\u00e9sistant aux coupures \u00e0 l&#039;ext\u00e9rieur pour que vous puissiez marcher avec.\" \/>\n<meta property=\"og:url\" content=\"https:\/\/xactskateshop.com\/fr\/produit\/couvre-lames-skate-tec-paire\/\" \/>\n<meta property=\"og:site_name\" content=\"Xact Skate Shop\" \/>\n<meta property=\"article:publisher\" content=\"https:\/\/www.facebook.com\/JeanLouiskateshop\" \/>\n<meta property=\"og:image\" content=\"https:\/\/xactskateshop.com\/wp-content\/uploads\/2023\/04\/soakers.jpg\" \/>\n\t<meta property=\"og:image:width\" content=\"1000\" \/>\n\t<meta property=\"og:image:height\" content=\"1000\" \/>\n\t<meta property=\"og:image:type\" content=\"image\/jpeg\" \/>\n<meta name=\"twitter:card\" content=\"summary_large_image\" \/>\n<script type=\"application\/ld+json\" class=\"yoast-schema-graph\">{\"@context\":\"https:\\\/\\\/schema.org\",\"@graph\":[{\"@type\":\"WebPage\",\"@id\":\"https:\\\/\\\/xactskateshop.com\\\/fr\\\/produit\\\/couvre-lames-skate-tec-paire\\\/\",\"url\":\"https:\\\/\\\/xactskateshop.com\\\/fr\\\/produit\\\/couvre-lames-skate-tec-paire\\\/\",\"name\":\"Couvre-lames SKATE-TEC - Xact Skate Shop\",\"isPartOf\":{\"@id\":\"http:\\\/\\\/xactskateshop.com\\\/fr\\\/#website\"},\"primaryImageOfPage\":{\"@id\":\"https:\\\/\\\/xactskateshop.com\\\/fr\\\/produit\\\/couvre-lames-skate-tec-paire\\\/#primaryimage\"},\"image\":{\"@id\":\"https:\\\/\\\/xactskateshop.com\\\/fr\\\/produit\\\/couvre-lames-skate-tec-paire\\\/#primaryimage\"},\"thumbnailUrl\":\"https:\\\/\\\/xactskateshop.com\\\/wp-content\\\/uploads\\\/2023\\\/04\\\/soakers.jpg\",\"datePublished\":\"2023-04-13T18:19:42+00:00\",\"description\":\"Les couvre-lames SKATE-TEC couvrent les lames. Elles sont dot\u00e9es d'un mat\u00e9riau r\u00e9sistant aux coupures pour renforcer les extr\u00e9mit\u00e9s et d'un mat\u00e9riau r\u00e9sistant aux coupures \u00e0 l'ext\u00e9rieur pour que vous puissiez marcher avec.\",\"breadcrumb\":{\"@id\":\"https:\\\/\\\/xactskateshop.com\\\/fr\\\/produit\\\/couvre-lames-skate-tec-paire\\\/#breadcrumb\"},\"inLanguage\":\"fr-FR\",\"potentialAction\":[{\"@type\":\"ReadAction\",\"target\":[\"https:\\\/\\\/xactskateshop.com\\\/fr\\\/produit\\\/couvre-lames-skate-tec-paire\\\/\"]}]},{\"@type\":\"ImageObject\",\"inLanguage\":\"fr-FR\",\"@id\":\"https:\\\/\\\/xactskateshop.com\\\/fr\\\/produit\\\/couvre-lames-skate-tec-paire\\\/#primaryimage\",\"url\":\"https:\\\/\\\/xactskateshop.com\\\/wp-content\\\/uploads\\\/2023\\\/04\\\/soakers.jpg\",\"contentUrl\":\"https:\\\/\\\/xactskateshop.com\\\/wp-content\\\/uploads\\\/2023\\\/04\\\/soakers.jpg\",\"width\":1000,\"height\":1000,\"caption\":\"Les couvre-lames recouvrent les lames\"},{\"@type\":\"BreadcrumbList\",\"@id\":\"https:\\\/\\\/xactskateshop.com\\\/fr\\\/produit\\\/couvre-lames-skate-tec-paire\\\/#breadcrumb\",\"itemListElement\":[{\"@type\":\"ListItem\",\"position\":1,\"name\":\"Home\",\"item\":\"https:\\\/\\\/xactskateshop.com\\\/fr\\\/accueil\\\/\"},{\"@type\":\"ListItem\",\"position\":2,\"name\":\"Boutique\",\"item\":\"https:\\\/\\\/xactskateshop.com\\\/shop\\\/\"},{\"@type\":\"ListItem\",\"position\":3,\"name\":\"Couvre-lames SKATE-TEC (paire)\"}]},{\"@type\":\"WebSite\",\"@id\":\"http:\\\/\\\/xactskateshop.com\\\/fr\\\/#website\",\"url\":\"http:\\\/\\\/xactskateshop.com\\\/fr\\\/\",\"name\":\"Xact Skate Shop\",\"description\":\"Un site utilisant WordPress\",\"publisher\":{\"@id\":\"http:\\\/\\\/xactskateshop.com\\\/fr\\\/#organization\"},\"potentialAction\":[{\"@type\":\"SearchAction\",\"target\":{\"@type\":\"EntryPoint\",\"urlTemplate\":\"http:\\\/\\\/xactskateshop.com\\\/fr\\\/?s={search_term_string}\"},\"query-input\":{\"@type\":\"PropertyValueSpecification\",\"valueRequired\":true,\"valueName\":\"search_term_string\"}}],\"inLanguage\":\"fr-FR\"},{\"@type\":\"Organization\",\"@id\":\"http:\\\/\\\/xactskateshop.com\\\/fr\\\/#organization\",\"name\":\"XACT Skate Shop\",\"url\":\"http:\\\/\\\/xactskateshop.com\\\/fr\\\/\",\"logo\":{\"@type\":\"ImageObject\",\"inLanguage\":\"fr-FR\",\"@id\":\"http:\\\/\\\/xactskateshop.com\\\/fr\\\/#\\\/schema\\\/logo\\\/image\\\/\",\"url\":\"http:\\\/\\\/xactskateshop.com\\\/wp-content\\\/uploads\\\/2024\\\/04\\\/xactskateshop-dot-com-avec-contour-noir-sans-fond-675x.jpg\",\"contentUrl\":\"http:\\\/\\\/xactskateshop.com\\\/wp-content\\\/uploads\\\/2024\\\/04\\\/xactskateshop-dot-com-avec-contour-noir-sans-fond-675x.jpg\",\"width\":675,\"height\":247,\"caption\":\"XACT Skate Shop\"},\"image\":{\"@id\":\"http:\\\/\\\/xactskateshop.com\\\/fr\\\/#\\\/schema\\\/logo\\\/image\\\/\"},\"sameAs\":[\"https:\\\/\\\/www.facebook.com\\\/JeanLouiskateshop\"]}]}<\/script>\n<!-- \/ Yoast SEO plugin. -->","yoast_head_json":{"title":"Couvre-lames SKATE-TEC - Xact Skate Shop","description":"Les couvre-lames SKATE-TEC couvrent les lames. Elles sont dot\u00e9es d'un mat\u00e9riau r\u00e9sistant aux coupures pour renforcer les extr\u00e9mit\u00e9s et d'un mat\u00e9riau r\u00e9sistant aux coupures \u00e0 l'ext\u00e9rieur pour que vous puissiez marcher avec.","robots":{"index":"index","follow":"follow","max-snippet":"max-snippet:-1","max-image-preview":"max-image-preview:large","max-video-preview":"max-video-preview:-1"},"canonical":"https:\/\/xactskateshop.com\/fr\/produit\/couvre-lames-skate-tec-paire\/","og_locale":"fr_FR","og_type":"article","og_title":"Couvre-lames SKATE-TEC - Xact Skate Shop","og_description":"Les couvre-lames SKATE-TEC couvrent les lames. Elles sont dot\u00e9es d'un mat\u00e9riau r\u00e9sistant aux coupures pour renforcer les extr\u00e9mit\u00e9s et d'un mat\u00e9riau r\u00e9sistant aux coupures \u00e0 l'ext\u00e9rieur pour que vous puissiez marcher avec.","og_url":"https:\/\/xactskateshop.com\/fr\/produit\/couvre-lames-skate-tec-paire\/","og_site_name":"Xact Skate Shop","article_publisher":"https:\/\/www.facebook.com\/JeanLouiskateshop","og_image":[{"width":1000,"height":1000,"url":"https:\/\/xactskateshop.com\/wp-content\/uploads\/2023\/04\/soakers.jpg","type":"image\/jpeg"}],"twitter_card":"summary_large_image","schema":{"@context":"https:\/\/schema.org","@graph":[{"@type":"WebPage","@id":"https:\/\/xactskateshop.com\/fr\/produit\/couvre-lames-skate-tec-paire\/","url":"https:\/\/xactskateshop.com\/fr\/produit\/couvre-lames-skate-tec-paire\/","name":"Couvre-lames SKATE-TEC - Xact Skate Shop","isPartOf":{"@id":"http:\/\/xactskateshop.com\/fr\/#website"},"primaryImageOfPage":{"@id":"https:\/\/xactskateshop.com\/fr\/produit\/couvre-lames-skate-tec-paire\/#primaryimage"},"image":{"@id":"https:\/\/xactskateshop.com\/fr\/produit\/couvre-lames-skate-tec-paire\/#primaryimage"},"thumbnailUrl":"https:\/\/xactskateshop.com\/wp-content\/uploads\/2023\/04\/soakers.jpg","datePublished":"2023-04-13T18:19:42+00:00","description":"Les couvre-lames SKATE-TEC couvrent les lames. Elles sont dot\u00e9es d'un mat\u00e9riau r\u00e9sistant aux coupures pour renforcer les extr\u00e9mit\u00e9s et d'un mat\u00e9riau r\u00e9sistant aux coupures \u00e0 l'ext\u00e9rieur pour que vous puissiez marcher avec.","breadcrumb":{"@id":"https:\/\/xactskateshop.com\/fr\/produit\/couvre-lames-skate-tec-paire\/#breadcrumb"},"inLanguage":"fr-FR","potentialAction":[{"@type":"ReadAction","target":["https:\/\/xactskateshop.com\/fr\/produit\/couvre-lames-skate-tec-paire\/"]}]},{"@type":"ImageObject","inLanguage":"fr-FR","@id":"https:\/\/xactskateshop.com\/fr\/produit\/couvre-lames-skate-tec-paire\/#primaryimage","url":"https:\/\/xactskateshop.com\/wp-content\/uploads\/2023\/04\/soakers.jpg","contentUrl":"https:\/\/xactskateshop.com\/wp-content\/uploads\/2023\/04\/soakers.jpg","width":1000,"height":1000,"caption":"Les couvre-lames recouvrent les lames"},{"@type":"BreadcrumbList","@id":"https:\/\/xactskateshop.com\/fr\/produit\/couvre-lames-skate-tec-paire\/#breadcrumb","itemListElement":[{"@type":"ListItem","position":1,"name":"Home","item":"https:\/\/xactskateshop.com\/fr\/accueil\/"},{"@type":"ListItem","position":2,"name":"Boutique","item":"https:\/\/xactskateshop.com\/shop\/"},{"@type":"ListItem","position":3,"name":"Couvre-lames SKATE-TEC (paire)"}]},{"@type":"WebSite","@id":"http:\/\/xactskateshop.com\/fr\/#website","url":"http:\/\/xactskateshop.com\/fr\/","name":"Xact Skate Shop","description":"Un site utilisant WordPress","publisher":{"@id":"http:\/\/xactskateshop.com\/fr\/#organization"},"potentialAction":[{"@type":"SearchAction","target":{"@type":"EntryPoint","urlTemplate":"http:\/\/xactskateshop.com\/fr\/?s={search_term_string}"},"query-input":{"@type":"PropertyValueSpecification","valueRequired":true,"valueName":"search_term_string"}}],"inLanguage":"fr-FR"},{"@type":"Organization","@id":"http:\/\/xactskateshop.com\/fr\/#organization","name":"XACT Skate Shop","url":"http:\/\/xactskateshop.com\/fr\/","logo":{"@type":"ImageObject","inLanguage":"fr-FR","@id":"http:\/\/xactskateshop.com\/fr\/#\/schema\/logo\/image\/","url":"http:\/\/xactskateshop.com\/wp-content\/uploads\/2024\/04\/xactskateshop-dot-com-avec-contour-noir-sans-fond-675x.jpg","contentUrl":"http:\/\/xactskateshop.com\/wp-content\/uploads\/2024\/04\/xactskateshop-dot-com-avec-contour-noir-sans-fond-675x.jpg","width":675,"height":247,"caption":"XACT Skate Shop"},"image":{"@id":"http:\/\/xactskateshop.com\/fr\/#\/schema\/logo\/image\/"},"sameAs":["https:\/\/www.facebook.com\/JeanLouiskateshop"]}]}},"_links":{"self":[{"href":"https:\/\/xactskateshop.com\/fr\/wp-json\/wp\/v2\/product\/56396","targetHints":{"allow":["GET"]}}],"collection":[{"href":"https:\/\/xactskateshop.com\/fr\/wp-json\/wp\/v2\/product"}],"about":[{"href":"https:\/\/xactskateshop.com\/fr\/wp-json\/wp\/v2\/types\/product"}],"replies":[{"embeddable":true,"href":"https:\/\/xactskateshop.com\/fr\/wp-json\/wp\/v2\/comments?post=56396"}],"wp:featuredmedia":[{"embeddable":true,"href":"https:\/\/xactskateshop.com\/fr\/wp-json\/wp\/v2\/media\/30137"}],"wp:attachment":[{"href":"https:\/\/xactskateshop.com\/fr\/wp-json\/wp\/v2\/media?parent=56396"}],"wp:term":[{"taxonomy":"product_brand","embeddable":true,"href":"https:\/\/xactskateshop.com\/fr\/wp-json\/wp\/v2\/product_brand?post=56396"},{"taxonomy":"product_cat","embeddable":true,"href":"https:\/\/xactskateshop.com\/fr\/wp-json\/wp\/v2\/product_cat?post=56396"},{"taxonomy":"product_tag","embeddable":true,"href":"https:\/\/xactskateshop.com\/fr\/wp-json\/wp\/v2\/product_tag?post=56396"}],"curies":[{"name":"wp","href":"https:\/\/api.w.org\/{rel}","templated":true}]}}