{"id":56341,"date":"2022-08-03T11:57:57","date_gmt":"2022-08-03T15:57:57","guid":{"rendered":"http:\/\/xactskateshop.com\/product\/apogee-junior-sous-combinaison-resistante-aux-coupures\/"},"modified":"2022-08-03T11:57:57","modified_gmt":"2022-08-03T15:57:57","slug":"apogee-junior-sous-combinaison-resistante-aux-coupures","status":"publish","type":"product","link":"https:\/\/xactskateshop.com\/fr\/produit\/apogee-junior-sous-combinaison-resistante-aux-coupures\/","title":{"rendered":"APOGEE JUNIOR Sous-combinaison r\u00e9sistante aux coupures"},"content":{"rendered":"<div id=\"product-content\" class=\"product-content general-content content-col mobile-popup\" data-popup=\"product-content\">\n<div class=\"popup-inner\">\n<div id=\"product-content\" class=\"product-content general-content content-col mobile-popup\" data-popup=\"product-content\">\n<p>Combinaison r\u00e9sistante aux coupures Apogee<\/p>\n<p class=\"product_name\">COMBINAISON R\u00c9SISTANTE \u00c0 LA COUPURE D&#8217;UNE SEULE PI\u00c8CE<\/p>\n<div class=\"description\">\n<ul>\n<li>Unisexe<\/li>\n<li>Le mat\u00e9riel Dynamix est une exclusivit\u00e9 d&#8217;Apogee<\/li>\n<li>Fermeture \u00e0 glissi\u00e8re auto-lock YKK<\/li>\n<li>La combinaison Apogee r\u00e9sistante aux coupures est test\u00e9e pour satisfaire et surpasser les normes ISU &#8211; <strong>R\u00e9sistance au niveau de coupure : 5<\/strong> <strong>EN-388 test<\/strong> <strong>le plus \u00e9lev\u00e9 du march\u00e9 !<\/strong><\/li>\n<li>Chaque rouleau de mat\u00e9riau est test\u00e9 avant d&#8217;\u00eatre utilis\u00e9.<\/li>\n<li>Fabriqu\u00e9 au Canada &#8211; la plus haute qualit\u00e9<\/li>\n<\/ul>\n<p>Apogee Sports est une entreprise canadienne qui se consacre \u00e0 la production de v\u00eatements et d&#8217;accessoires personnalis\u00e9s pour les \u00e9quipes et les organisations sportives \u00e0 tous les niveaux, des clubs locaux aux champions olympiques.  <span class=\"\">Depuis sa cr\u00e9ation en 1998, Apogee est un acteur cl\u00e9 dans la communaut\u00e9 du cyclisme, de la course \u00e0 pied, du triathlon, du cano\u00eb-kayak, du ski de fond, du ski alpin et du patinage de vitesse au Canada et dans le monde. monde. <\/span><\/p>\n<p>Apogee Sports se concentre sur l&#8217;innovation, la qualit\u00e9 et la collaboration pour rester un leader dans l&#8217;industrie. La volont\u00e9 de concevoir des \u00e9quipements adapt\u00e9s et s\u00fbrs pour les athl\u00e8tes est louable, car elle donne la priorit\u00e9 \u00e0 la s\u00e9curit\u00e9 pour les aider \u00e0 atteindre leurs objectifs sportifs. <\/p>\n<p>Promouvoir l&#8217;importance du sport et du bien-\u00eatre est notre mission. La pratique d&#8217;un sport et le maintien d&#8217;un mode de vie sain pr\u00e9sentent de nombreux avantages, tant sur le plan physique que mental. En mettant l&#8217;accent sur ces aspects, Apogee Sports ne se contente pas de fournir des v\u00eatements de haute qualit\u00e9, mais encourage \u00e9galement les individus \u00e0 pratiquer des activit\u00e9s physiques qui contribuent \u00e0 leur bien-\u00eatre g\u00e9n\u00e9ral.  <\/p>\n<p>En continuant \u00e0 travailler en \u00e9troite collaboration avec les athl\u00e8tes d&#8217;\u00e9lite, nous nous assurons que nos produits r\u00e9pondent aux besoins et aux exigences de ceux qui en d\u00e9pendent. En tenant compte de leurs commentaires et en les impliquant dans le processus de d\u00e9veloppement, Apogee Sports peut cr\u00e9er des solutions qui soutiennent r\u00e9ellement leurs performances et am\u00e9liorent leurs efforts sportifs. <\/p>\n<p>Dans l&#8217;ensemble, l&#8217;engagement de votre entreprise \u00e0 fournir des produits innovants et de haute qualit\u00e9 tout en donnant la priorit\u00e9 \u00e0 la s\u00e9curit\u00e9 et \u00e0 la r\u00e9ussite des athl\u00e8tes t\u00e9moigne d&#8217;une forte volont\u00e9 d&#8217;excellence et de satisfaction du client.<\/p>\n<h5><span style=\"color: #ff0000;\">******** <strong>disclaimer :<\/strong><\/span><\/h5>\n<p><span style=\"color: #ff0000;\">Aucun tissu ne peut \u00eatre \u00e0 l&#8217;\u00e9preuve des coupures &#8211; le niveau de r\u00e9sistance est l&#8217;indicateur de la r\u00e9sistance du tissu. Cette combinaison r\u00e9duira le risque de coupure, mais ne sera pas totalement \u00e0 l&#8217;\u00e9preuve des coupures. <\/span><\/p>\n<p>Pour en savoir plus sur Apogee <a href=\"https:\/\/apogee-sports.com\/pages\/nous-sommes-apogee\">, cliquez ici !<\/a><\/p>\n<p>Trouvez d&#8217;autres produits r\u00e9sistants aux coupures <a href=\"http:\/\/xactskateshop.com\/product\/double-layer-cut-resistant-ankle-cuff-cut-resistant-ankle-cuffs-double-layer\/\">ici !<\/a><\/p>\n<\/div>\n<p><strong>GUIDE DE TAILLE<\/strong><\/p>\n<div class=\"description\">\n<table border=\"1\" width=\"100%\" cellpadding=\"2\" align=\"left\">\n<tbody>\n<tr>\n<th scope=\"col\">Taille du costume<\/th>\n<th scope=\"col\"><\/th>\n<th scope=\"col\">6 ans<\/th>\n<th scope=\"col\">8 ans<\/th>\n<th scope=\"col\">10 ans<\/th>\n<th scope=\"col\">12 ans<\/th>\n<th scope=\"col\">14 ans<\/th>\n<th scope=\"col\">16 ans<\/th>\n<\/tr>\n<\/tbody>\n<\/table>\n<table border=\"1\" width=\"100%\" cellpadding=\"2\" align=\"left\">\n<tbody>\n<tr>\n<th scope=\"row\">  Taille<\/th>\n<td><\/td>\n<td>117 &#8211; 119 cm<br \/>\n46 &#8211; 47 in<\/td>\n<td>119 &#8211; 124 cm<br \/>\n47 &#8211; 49 in<\/td>\n<td>124 &#8211; 134 cm<br \/>\n49 &#8211; 53 in<\/td>\n<td>134 &#8211; 145 cm<br \/>\n53 &#8211; 57 in<\/td>\n<td>145 &#8211; 152 cm<br \/>\n57 &#8211; 60 in<\/td>\n<td>152 &#8211; 160 cm<br \/>\n60 &#8211; 63 in<\/td>\n<\/tr>\n<\/tbody>\n<\/table>\n<\/div>\n<\/div>\n<p>&nbsp;<\/p>\n<\/div>\n<\/div>\n","protected":false},"excerpt":{"rendered":"<hr>\n<p style=\"text-align: center;\">Combinaison r\u00e9sistante aux coupures Apogee<\/p>\n<p style=\"text-align: center;\">Unisexe &#8211; Mat\u00e9riau Dynamix exclusif \u00e0 Apogee<\/p>\n<p style=\"text-align: center;\">Fermeture \u00e0 glissi\u00e8re auto-lock YKK<\/p>\n<p style=\"text-align: center;\">Test\u00e9 pour satisfaire et d\u00e9passer les normes de l&#8217;ISU &#8211; <strong>EN 388 niveau de coupe 5 le plus \u00e9lev\u00e9 du march\u00e9 !<\/strong><\/p>\n<p style=\"text-align: center;\">Fabriqu\u00e9 au Canada &#8211; Plus \u00e9lastique, plus confortable, tr\u00e8s bien ajust\u00e9 !<\/p>\n<hr>\n<p style=\"text-align: center;\">\n","protected":false},"featured_media":29451,"comment_status":"open","ping_status":"closed","template":"","meta":{"site-sidebar-layout":"default","site-content-layout":"default","ast-site-content-layout":"default","site-content-style":"default","site-sidebar-style":"default","ast-global-header-display":"","ast-banner-title-visibility":"","ast-main-header-display":"","ast-hfb-above-header-display":"","ast-hfb-below-header-display":"","ast-hfb-mobile-header-display":"","site-post-title":"","ast-breadcrumbs-content":"","ast-featured-img":"","footer-sml-layout":"","theme-transparent-header-meta":"default","adv-header-id-meta":"","stick-header-meta":"","header-above-stick-meta":"","header-main-stick-meta":"","header-below-stick-meta":"","astra-migrate-meta-layouts":"default","ast-page-background-enabled":"default","ast-page-background-meta":{"desktop":{"background-color":"","background-image":"","background-repeat":"repeat","background-position":"center center","background-size":"auto","background-attachment":"scroll","background-type":"","background-media":"","overlay-type":"","overlay-color":"","overlay-opacity":"","overlay-gradient":""},"tablet":{"background-color":"","background-image":"","background-repeat":"repeat","background-position":"center center","background-size":"auto","background-attachment":"scroll","background-type":"","background-media":"","overlay-type":"","overlay-color":"","overlay-opacity":"","overlay-gradient":""},"mobile":{"background-color":"","background-image":"","background-repeat":"repeat","background-position":"center center","background-size":"auto","background-attachment":"scroll","background-type":"","background-media":"","overlay-type":"","overlay-color":"","overlay-opacity":"","overlay-gradient":""}},"ast-content-background-meta":{"desktop":{"background-color":"var(--ast-global-color-5)","background-image":"","background-repeat":"repeat","background-position":"center center","background-size":"auto","background-attachment":"scroll","background-type":"","background-media":"","overlay-type":"","overlay-color":"","overlay-opacity":"","overlay-gradient":""},"tablet":{"background-color":"var(--ast-global-color-5)","background-image":"","background-repeat":"repeat","background-position":"center center","background-size":"auto","background-attachment":"scroll","background-type":"","background-media":"","overlay-type":"","overlay-color":"","overlay-opacity":"","overlay-gradient":""},"mobile":{"background-color":"var(--ast-global-color-5)","background-image":"","background-repeat":"repeat","background-position":"center center","background-size":"auto","background-attachment":"scroll","background-type":"","background-media":"","overlay-type":"","overlay-color":"","overlay-opacity":"","overlay-gradient":""}}},"product_brand":[],"product_cat":[1642,1612,1353],"product_tag":[1972,1385,2192,2203,2194,1971,2199,1394,1356,1395],"class_list":{"0":"post-56341","1":"product","2":"type-product","3":"status-publish","4":"has-post-thumbnail","6":"product_cat-combinaisons-anti-lacerations","7":"product_cat-equipement-de-protection-patinage-de-vitesse-courte-piste","8":"product_cat-patinage-de-vitesse","9":"product_tag-apogee-fr","10":"product_tag-boutique-xactskate","11":"product_tag-combinaison-fr","12":"product_tag-combinaison-anti-coupures-fr","13":"product_tag-combinaison-de-vitesse","14":"product_tag-combinaison-resistante-aux-coupures","15":"product_tag-costume","16":"product_tag-courte-piste-fr-2","17":"product_tag-courte-piste-fr","18":"product_tag-patin-de-vitesse-fr","19":"desktop-align-center","20":"tablet-align-center","21":"mobile-align-center","22":"ast-product-gallery-layout-horizontal","23":"ast-product-gallery-with-no-image","24":"ast-product-single-variable","25":"ast-product-tabs-layout-horizontal","26":"ast-qv-on-image","28":"first","29":"instock","30":"taxable","31":"shipping-taxable","32":"purchasable","33":"product-type-variable"},"bundled_by":[],"bundle_stock_status":"instock","bundle_stock_quantity":null,"bundle_virtual":false,"bundle_layout":"","bundle_add_to_cart_form_location":"","bundle_editable_in_cart":false,"bundle_sold_individually_context":"","bundle_item_grouping":"","bundle_min_size":"","bundle_max_size":"","bundle_price":[],"bundled_items":[],"bundle_sell_ids":[],"yoast_head":"<!-- This site is optimized with the Yoast SEO plugin v27.4 - https:\/\/yoast.com\/product\/yoast-seo-wordpress\/ -->\n<title>Combinaison r\u00e9sistante aux coupures Apogee - Xact Skate Shop.<\/title>\n<meta name=\"description\" content=\"Combinaison Apogee r\u00e9sistante aux coupures. Mat\u00e9riau Dynamix exclusif \u00e0 Apogee Test\u00e9 pour satisfaire et surpasser les normes ISU - EN-388 niveau 5. Fabriqu\u00e9 au Canada.\" \/>\n<meta name=\"robots\" content=\"index, follow, max-snippet:-1, max-image-preview:large, max-video-preview:-1\" \/>\n<link rel=\"canonical\" href=\"https:\/\/xactskateshop.com\/fr\/produit\/apogee-junior-sous-combinaison-resistante-aux-coupures\/\" \/>\n<meta property=\"og:locale\" content=\"fr_FR\" \/>\n<meta property=\"og:type\" content=\"article\" \/>\n<meta property=\"og:title\" content=\"Combinaison r\u00e9sistante aux coupures Apogee - Xact Skate Shop.\" \/>\n<meta property=\"og:description\" content=\"Combinaison Apogee r\u00e9sistante aux coupures. Mat\u00e9riau Dynamix exclusif \u00e0 Apogee Test\u00e9 pour satisfaire et surpasser les normes ISU - EN-388 niveau 5. Fabriqu\u00e9 au Canada.\" \/>\n<meta property=\"og:url\" content=\"https:\/\/xactskateshop.com\/fr\/produit\/apogee-junior-sous-combinaison-resistante-aux-coupures\/\" \/>\n<meta property=\"og:site_name\" content=\"Xact Skate Shop\" \/>\n<meta property=\"article:publisher\" content=\"https:\/\/www.facebook.com\/JeanLouiskateshop\" \/>\n<meta property=\"og:image\" content=\"https:\/\/xactskateshop.com\/wp-content\/uploads\/2021\/12\/combinaison-dynamix-gris_2000x.png\" \/>\n\t<meta property=\"og:image:width\" content=\"1000\" \/>\n\t<meta property=\"og:image:height\" content=\"1000\" \/>\n\t<meta property=\"og:image:type\" content=\"image\/png\" \/>\n<meta name=\"twitter:card\" content=\"summary_large_image\" \/>\n<meta name=\"twitter:label1\" content=\"Dur\u00e9e de lecture estim\u00e9e\" \/>\n\t<meta name=\"twitter:data1\" content=\"2 minutes\" \/>\n<script type=\"application\/ld+json\" class=\"yoast-schema-graph\">{\"@context\":\"https:\\\/\\\/schema.org\",\"@graph\":[{\"@type\":\"WebPage\",\"@id\":\"https:\\\/\\\/xactskateshop.com\\\/fr\\\/produit\\\/apogee-junior-sous-combinaison-resistante-aux-coupures\\\/\",\"url\":\"https:\\\/\\\/xactskateshop.com\\\/fr\\\/produit\\\/apogee-junior-sous-combinaison-resistante-aux-coupures\\\/\",\"name\":\"Combinaison r\u00e9sistante aux coupures Apogee - Xact Skate Shop.\",\"isPartOf\":{\"@id\":\"http:\\\/\\\/xactskateshop.com\\\/fr\\\/#website\"},\"primaryImageOfPage\":{\"@id\":\"https:\\\/\\\/xactskateshop.com\\\/fr\\\/produit\\\/apogee-junior-sous-combinaison-resistante-aux-coupures\\\/#primaryimage\"},\"image\":{\"@id\":\"https:\\\/\\\/xactskateshop.com\\\/fr\\\/produit\\\/apogee-junior-sous-combinaison-resistante-aux-coupures\\\/#primaryimage\"},\"thumbnailUrl\":\"https:\\\/\\\/xactskateshop.com\\\/wp-content\\\/uploads\\\/2021\\\/12\\\/combinaison-dynamix-gris_2000x.png\",\"datePublished\":\"2022-08-03T15:57:57+00:00\",\"description\":\"Combinaison Apogee r\u00e9sistante aux coupures. Mat\u00e9riau Dynamix exclusif \u00e0 Apogee Test\u00e9 pour satisfaire et surpasser les normes ISU - EN-388 niveau 5. Fabriqu\u00e9 au Canada.\",\"breadcrumb\":{\"@id\":\"https:\\\/\\\/xactskateshop.com\\\/fr\\\/produit\\\/apogee-junior-sous-combinaison-resistante-aux-coupures\\\/#breadcrumb\"},\"inLanguage\":\"fr-FR\",\"potentialAction\":[{\"@type\":\"ReadAction\",\"target\":[\"https:\\\/\\\/xactskateshop.com\\\/fr\\\/produit\\\/apogee-junior-sous-combinaison-resistante-aux-coupures\\\/\"]}]},{\"@type\":\"ImageObject\",\"inLanguage\":\"fr-FR\",\"@id\":\"https:\\\/\\\/xactskateshop.com\\\/fr\\\/produit\\\/apogee-junior-sous-combinaison-resistante-aux-coupures\\\/#primaryimage\",\"url\":\"https:\\\/\\\/xactskateshop.com\\\/wp-content\\\/uploads\\\/2021\\\/12\\\/combinaison-dynamix-gris_2000x.png\",\"contentUrl\":\"https:\\\/\\\/xactskateshop.com\\\/wp-content\\\/uploads\\\/2021\\\/12\\\/combinaison-dynamix-gris_2000x.png\",\"width\":1000,\"height\":1000,\"caption\":\"Sous-combinaison Apogee r\u00e9sistante aux coupures\"},{\"@type\":\"BreadcrumbList\",\"@id\":\"https:\\\/\\\/xactskateshop.com\\\/fr\\\/produit\\\/apogee-junior-sous-combinaison-resistante-aux-coupures\\\/#breadcrumb\",\"itemListElement\":[{\"@type\":\"ListItem\",\"position\":1,\"name\":\"Home\",\"item\":\"https:\\\/\\\/xactskateshop.com\\\/fr\\\/accueil\\\/\"},{\"@type\":\"ListItem\",\"position\":2,\"name\":\"Boutique\",\"item\":\"https:\\\/\\\/xactskateshop.com\\\/shop\\\/\"},{\"@type\":\"ListItem\",\"position\":3,\"name\":\"APOGEE JUNIOR Sous-combinaison r\u00e9sistante aux coupures\"}]},{\"@type\":\"WebSite\",\"@id\":\"http:\\\/\\\/xactskateshop.com\\\/fr\\\/#website\",\"url\":\"http:\\\/\\\/xactskateshop.com\\\/fr\\\/\",\"name\":\"Xact Skate Shop\",\"description\":\"Un site utilisant WordPress\",\"publisher\":{\"@id\":\"http:\\\/\\\/xactskateshop.com\\\/fr\\\/#organization\"},\"potentialAction\":[{\"@type\":\"SearchAction\",\"target\":{\"@type\":\"EntryPoint\",\"urlTemplate\":\"http:\\\/\\\/xactskateshop.com\\\/fr\\\/?s={search_term_string}\"},\"query-input\":{\"@type\":\"PropertyValueSpecification\",\"valueRequired\":true,\"valueName\":\"search_term_string\"}}],\"inLanguage\":\"fr-FR\"},{\"@type\":\"Organization\",\"@id\":\"http:\\\/\\\/xactskateshop.com\\\/fr\\\/#organization\",\"name\":\"XACT Skate Shop\",\"url\":\"http:\\\/\\\/xactskateshop.com\\\/fr\\\/\",\"logo\":{\"@type\":\"ImageObject\",\"inLanguage\":\"fr-FR\",\"@id\":\"http:\\\/\\\/xactskateshop.com\\\/fr\\\/#\\\/schema\\\/logo\\\/image\\\/\",\"url\":\"http:\\\/\\\/xactskateshop.com\\\/wp-content\\\/uploads\\\/2024\\\/04\\\/xactskateshop-dot-com-avec-contour-noir-sans-fond-675x.jpg\",\"contentUrl\":\"http:\\\/\\\/xactskateshop.com\\\/wp-content\\\/uploads\\\/2024\\\/04\\\/xactskateshop-dot-com-avec-contour-noir-sans-fond-675x.jpg\",\"width\":675,\"height\":247,\"caption\":\"XACT Skate Shop\"},\"image\":{\"@id\":\"http:\\\/\\\/xactskateshop.com\\\/fr\\\/#\\\/schema\\\/logo\\\/image\\\/\"},\"sameAs\":[\"https:\\\/\\\/www.facebook.com\\\/JeanLouiskateshop\"]}]}<\/script>\n<!-- \/ Yoast SEO plugin. -->","yoast_head_json":{"title":"Combinaison r\u00e9sistante aux coupures Apogee - Xact Skate Shop.","description":"Combinaison Apogee r\u00e9sistante aux coupures. Mat\u00e9riau Dynamix exclusif \u00e0 Apogee Test\u00e9 pour satisfaire et surpasser les normes ISU - EN-388 niveau 5. Fabriqu\u00e9 au Canada.","robots":{"index":"index","follow":"follow","max-snippet":"max-snippet:-1","max-image-preview":"max-image-preview:large","max-video-preview":"max-video-preview:-1"},"canonical":"https:\/\/xactskateshop.com\/fr\/produit\/apogee-junior-sous-combinaison-resistante-aux-coupures\/","og_locale":"fr_FR","og_type":"article","og_title":"Combinaison r\u00e9sistante aux coupures Apogee - Xact Skate Shop.","og_description":"Combinaison Apogee r\u00e9sistante aux coupures. Mat\u00e9riau Dynamix exclusif \u00e0 Apogee Test\u00e9 pour satisfaire et surpasser les normes ISU - EN-388 niveau 5. Fabriqu\u00e9 au Canada.","og_url":"https:\/\/xactskateshop.com\/fr\/produit\/apogee-junior-sous-combinaison-resistante-aux-coupures\/","og_site_name":"Xact Skate Shop","article_publisher":"https:\/\/www.facebook.com\/JeanLouiskateshop","og_image":[{"width":1000,"height":1000,"url":"https:\/\/xactskateshop.com\/wp-content\/uploads\/2021\/12\/combinaison-dynamix-gris_2000x.png","type":"image\/png"}],"twitter_card":"summary_large_image","twitter_misc":{"Dur\u00e9e de lecture estim\u00e9e":"2 minutes"},"schema":{"@context":"https:\/\/schema.org","@graph":[{"@type":"WebPage","@id":"https:\/\/xactskateshop.com\/fr\/produit\/apogee-junior-sous-combinaison-resistante-aux-coupures\/","url":"https:\/\/xactskateshop.com\/fr\/produit\/apogee-junior-sous-combinaison-resistante-aux-coupures\/","name":"Combinaison r\u00e9sistante aux coupures Apogee - Xact Skate Shop.","isPartOf":{"@id":"http:\/\/xactskateshop.com\/fr\/#website"},"primaryImageOfPage":{"@id":"https:\/\/xactskateshop.com\/fr\/produit\/apogee-junior-sous-combinaison-resistante-aux-coupures\/#primaryimage"},"image":{"@id":"https:\/\/xactskateshop.com\/fr\/produit\/apogee-junior-sous-combinaison-resistante-aux-coupures\/#primaryimage"},"thumbnailUrl":"https:\/\/xactskateshop.com\/wp-content\/uploads\/2021\/12\/combinaison-dynamix-gris_2000x.png","datePublished":"2022-08-03T15:57:57+00:00","description":"Combinaison Apogee r\u00e9sistante aux coupures. Mat\u00e9riau Dynamix exclusif \u00e0 Apogee Test\u00e9 pour satisfaire et surpasser les normes ISU - EN-388 niveau 5. Fabriqu\u00e9 au Canada.","breadcrumb":{"@id":"https:\/\/xactskateshop.com\/fr\/produit\/apogee-junior-sous-combinaison-resistante-aux-coupures\/#breadcrumb"},"inLanguage":"fr-FR","potentialAction":[{"@type":"ReadAction","target":["https:\/\/xactskateshop.com\/fr\/produit\/apogee-junior-sous-combinaison-resistante-aux-coupures\/"]}]},{"@type":"ImageObject","inLanguage":"fr-FR","@id":"https:\/\/xactskateshop.com\/fr\/produit\/apogee-junior-sous-combinaison-resistante-aux-coupures\/#primaryimage","url":"https:\/\/xactskateshop.com\/wp-content\/uploads\/2021\/12\/combinaison-dynamix-gris_2000x.png","contentUrl":"https:\/\/xactskateshop.com\/wp-content\/uploads\/2021\/12\/combinaison-dynamix-gris_2000x.png","width":1000,"height":1000,"caption":"Sous-combinaison Apogee r\u00e9sistante aux coupures"},{"@type":"BreadcrumbList","@id":"https:\/\/xactskateshop.com\/fr\/produit\/apogee-junior-sous-combinaison-resistante-aux-coupures\/#breadcrumb","itemListElement":[{"@type":"ListItem","position":1,"name":"Home","item":"https:\/\/xactskateshop.com\/fr\/accueil\/"},{"@type":"ListItem","position":2,"name":"Boutique","item":"https:\/\/xactskateshop.com\/shop\/"},{"@type":"ListItem","position":3,"name":"APOGEE JUNIOR Sous-combinaison r\u00e9sistante aux coupures"}]},{"@type":"WebSite","@id":"http:\/\/xactskateshop.com\/fr\/#website","url":"http:\/\/xactskateshop.com\/fr\/","name":"Xact Skate Shop","description":"Un site utilisant WordPress","publisher":{"@id":"http:\/\/xactskateshop.com\/fr\/#organization"},"potentialAction":[{"@type":"SearchAction","target":{"@type":"EntryPoint","urlTemplate":"http:\/\/xactskateshop.com\/fr\/?s={search_term_string}"},"query-input":{"@type":"PropertyValueSpecification","valueRequired":true,"valueName":"search_term_string"}}],"inLanguage":"fr-FR"},{"@type":"Organization","@id":"http:\/\/xactskateshop.com\/fr\/#organization","name":"XACT Skate Shop","url":"http:\/\/xactskateshop.com\/fr\/","logo":{"@type":"ImageObject","inLanguage":"fr-FR","@id":"http:\/\/xactskateshop.com\/fr\/#\/schema\/logo\/image\/","url":"http:\/\/xactskateshop.com\/wp-content\/uploads\/2024\/04\/xactskateshop-dot-com-avec-contour-noir-sans-fond-675x.jpg","contentUrl":"http:\/\/xactskateshop.com\/wp-content\/uploads\/2024\/04\/xactskateshop-dot-com-avec-contour-noir-sans-fond-675x.jpg","width":675,"height":247,"caption":"XACT Skate Shop"},"image":{"@id":"http:\/\/xactskateshop.com\/fr\/#\/schema\/logo\/image\/"},"sameAs":["https:\/\/www.facebook.com\/JeanLouiskateshop"]}]}},"_links":{"self":[{"href":"https:\/\/xactskateshop.com\/fr\/wp-json\/wp\/v2\/product\/56341","targetHints":{"allow":["GET"]}}],"collection":[{"href":"https:\/\/xactskateshop.com\/fr\/wp-json\/wp\/v2\/product"}],"about":[{"href":"https:\/\/xactskateshop.com\/fr\/wp-json\/wp\/v2\/types\/product"}],"replies":[{"embeddable":true,"href":"https:\/\/xactskateshop.com\/fr\/wp-json\/wp\/v2\/comments?post=56341"}],"wp:featuredmedia":[{"embeddable":true,"href":"https:\/\/xactskateshop.com\/fr\/wp-json\/wp\/v2\/media\/29451"}],"wp:attachment":[{"href":"https:\/\/xactskateshop.com\/fr\/wp-json\/wp\/v2\/media?parent=56341"}],"wp:term":[{"taxonomy":"product_brand","embeddable":true,"href":"https:\/\/xactskateshop.com\/fr\/wp-json\/wp\/v2\/product_brand?post=56341"},{"taxonomy":"product_cat","embeddable":true,"href":"https:\/\/xactskateshop.com\/fr\/wp-json\/wp\/v2\/product_cat?post=56341"},{"taxonomy":"product_tag","embeddable":true,"href":"https:\/\/xactskateshop.com\/fr\/wp-json\/wp\/v2\/product_tag?post=56341"}],"curies":[{"name":"wp","href":"https:\/\/api.w.org\/{rel}","templated":true}]}}