{"id":56336,"date":"2022-07-27T15:53:00","date_gmt":"2022-07-27T19:53:00","guid":{"rendered":"http:\/\/xactskateshop.com\/product\/combinaison-apogee-rosemere-junior\/"},"modified":"2022-07-27T15:53:00","modified_gmt":"2022-07-27T19:53:00","slug":"combinaison-apogee-rosemere-junior","status":"publish","type":"product","link":"https:\/\/xactskateshop.com\/fr\/produit\/combinaison-apogee-rosemere-junior\/","title":{"rendered":"Combinaison APOGEE Rosem\u00e8re JUNIOR"},"content":{"rendered":"<h5>******* VENDUE AUX MEMBRES DU CLUB DE ROSEMERE<\/h5>\n<h5><strong>  SEULEMENT<\/strong><\/h5>\n<h5><strong>********** VENDU UNIQUEMENT AU ROSEMERE SPEED SKATING CLUB<\/strong><\/h5>\n<h4 class=\"panel-title\">D\u00c9TAILS<\/h4>\n<div id=\"proCollapseOne\" class=\"panel-collapse collapse in\">\n<div class=\"panel-body\">\n<div class=\"rte\">\n<ul>\n<li>Combinaison courte piste fabriqu\u00e9e en lycra haute compression et nylon de couleur unie.<\/li>\n<li>Fermeture \u00e9clair avant auto-lock YKK et protection aux genoux int\u00e9gr\u00e9e.<\/li>\n<li>Combinaison enti\u00e8rement sublim\u00e9e aux couleurs du club Rosem\u00e8re<\/li>\n<li>SANS anti-lac\u00e9ration<br \/>\n<h5>SP\u00c9CIFICATIONS<\/h5>\n<ul>\n<li><strong>Unisexe<\/strong> 10,12,14,16<\/li>\n<\/ul>\n<\/li>\n<\/ul>\n<div class=\"ks-table-content-wrapper ks-toggle-style-0\">\n<div class=\"ks-table-header\">Coupe junior | Club fit <span style=\"font-size: 16px;\">cm<\/span><\/div>\n<div class=\"ks-table-wrapper\">\n<table class=\"ks-table\">\n<tbody>\n<tr class=\"ks-table-row\">\n<td class=\"ks-table-cell ks-table-header-cell\">TAILLE<\/td>\n<td class=\"ks-table-cell ks-table-header-cell\">POITRINE<\/td>\n<td class=\"ks-table-cell ks-table-header-cell\">TAILLE<\/td>\n<td class=\"ks-table-cell ks-table-header-cell\">HANCHE<\/td>\n<td class=\"ks-table-cell ks-table-header-cell\">GRANDEUR<\/td>\n<\/tr>\n<tr class=\"ks-table-row\">\n<td class=\"ks-table-cell ks-table-header-cell\">6 ANS<\/td>\n<td class=\"ks-table-cell\" data-unit-values=\"{\"0\":\"20\",\"1\":\"51\"}\" data-unit-type=\"single\">51<\/td>\n<td class=\"ks-table-cell\" data-unit-values=\"{\"0\":\"20\",\"1\":\"51\"}\" data-unit-type=\"single\">51<\/td>\n<td class=\"ks-table-cell\" data-unit-values=\"{\"0\":\"21\",\"1\":\"53\"}\" data-unit-type=\"single\">53<\/td>\n<td class=\"ks-table-cell\" data-unit-values=\"{\"0\":\"46\",\"1\":\"117\"}\" data-unit-type=\"single\">117<\/td>\n<\/tr>\n<tr class=\"ks-table-row\">\n<td class=\"ks-table-cell ks-table-header-cell\">8 ANS<\/td>\n<td class=\"ks-table-cell\" data-unit-values=\"{\"0\":\"21\",\"1\":\"53\"}\" data-unit-type=\"single\">53<\/td>\n<td class=\"ks-table-cell\" data-unit-values=\"{\"0\":\"21\",\"1\":\"53\"}\" data-unit-type=\"single\">53<\/td>\n<td class=\"ks-table-cell\" data-unit-values=\"{\"0\":\"23\",\"1\":\"58\"}\" data-unit-type=\"single\">58<\/td>\n<td class=\"ks-table-cell\" data-unit-values=\"{\"0\":\"47\",\"1\":\"119\"}\" data-unit-type=\"single\">119<\/td>\n<\/tr>\n<tr class=\"ks-table-row\">\n<td class=\"ks-table-cell ks-table-header-cell\">10 ANS<\/td>\n<td class=\"ks-table-cell\" data-unit-values=\"{\"0\":\"22\",\"1\":\"56\"}\" data-unit-type=\"single\">56<\/td>\n<td class=\"ks-table-cell\" data-unit-values=\"{\"0\":\"22\",\"1\":\"56\"}\" data-unit-type=\"single\">56<\/td>\n<td class=\"ks-table-cell\" data-unit-values=\"{\"0\":\"25\",\"1\":\"64\"}\" data-unit-type=\"single\">64<\/td>\n<td class=\"ks-table-cell\" data-unit-values=\"{\"0\":\"49\",\"1\":\"124\"}\" data-unit-type=\"single\">124<\/td>\n<\/tr>\n<tr class=\"ks-table-row\">\n<td class=\"ks-table-cell ks-table-header-cell\">12 ANS<\/td>\n<td class=\"ks-table-cell\" data-unit-values=\"{\"0\":\"24\",\"1\":\"61\"}\" data-unit-type=\"single\">61<\/td>\n<td class=\"ks-table-cell\" data-unit-values=\"{\"0\":\"23\",\"1\":\"58\"}\" data-unit-type=\"single\">58<\/td>\n<td class=\"ks-table-cell\" data-unit-values=\"{\"0\":\"27\",\"1\":\"69\"}\" data-unit-type=\"single\">69<\/td>\n<td class=\"ks-table-cell\" data-unit-values=\"{\"0\":\"53\",\"1\":\"135\"}\" data-unit-type=\"single\">135<\/td>\n<\/tr>\n<tr class=\"ks-table-row\">\n<td class=\"ks-table-cell ks-table-header-cell\">14 ANS<\/td>\n<td class=\"ks-table-cell\" data-unit-values=\"{\"0\":\"26\",\"1\":\"66\"}\" data-unit-type=\"single\">66<\/td>\n<td class=\"ks-table-cell\" data-unit-values=\"{\"0\":\"25\",\"1\":\"64\"}\" data-unit-type=\"single\">64<\/td>\n<td class=\"ks-table-cell\" data-unit-values=\"{\"0\":\"29\",\"1\":\"74\"}\" data-unit-type=\"single\">74<\/td>\n<td class=\"ks-table-cell\" data-unit-values=\"{\"0\":\"57\",\"1\":\"145\"}\" data-unit-type=\"single\">145<\/td>\n<\/tr>\n<tr class=\"ks-table-row\">\n<td class=\"ks-table-cell ks-table-header-cell\">16 ANS<\/td>\n<td class=\"ks-table-cell\" data-unit-values=\"{\"0\":\"28\",\"1\":\"71\"}\" data-unit-type=\"single\">71<\/td>\n<td class=\"ks-table-cell\" data-unit-values=\"{\"0\":\"27\",\"1\":\"69\"}\" data-unit-type=\"single\">69<\/td>\n<td class=\"ks-table-cell\" data-unit-values=\"{\"0\":\"31\",\"1\":\"79\"}\" data-unit-type=\"single\">79<\/td>\n<td class=\"ks-table-cell\" data-unit-values=\"{\"0\":\"60\",\"1\":\"152\"}\" data-unit-type=\"single\">152<\/td>\n<\/tr>\n<\/tbody>\n<\/table>\n<\/div>\n<\/div>\n<div class=\"ks-image\"><img decoding=\"async\" class=\" lazyloaded\" src=\"https:\/\/cdn.shopify.com\/s\/files\/1\/1970\/7887\/files\/taille-junior-club_480x480.jpg?v=1619658912\" data-src=\"https:\/\/cdn.shopify.com\/s\/files\/1\/1970\/7887\/files\/taille-junior-club_480x480.jpg?v=1619658912\"><\/div>\n<\/div>\n<\/div>\n<\/div>\n","protected":false},"excerpt":{"rendered":"<h5>******* VENDUE AUX MEMBRES DU CLUB DE ROSEMERE<\/h5>\n<h5><strong>  SEULEMENT<\/strong><\/h5>\n<h5><strong>********** VENDU UNIQUEMENT AU ROSEMERE SPEED SKATING CLUB<\/strong><\/h5>\n","protected":false},"featured_media":20177,"comment_status":"closed","ping_status":"closed","template":"","meta":{"site-sidebar-layout":"default","site-content-layout":"default","ast-site-content-layout":"default","site-content-style":"default","site-sidebar-style":"default","ast-global-header-display":"","ast-banner-title-visibility":"","ast-main-header-display":"","ast-hfb-above-header-display":"","ast-hfb-below-header-display":"","ast-hfb-mobile-header-display":"","site-post-title":"","ast-breadcrumbs-content":"","ast-featured-img":"","footer-sml-layout":"","theme-transparent-header-meta":"default","adv-header-id-meta":"","stick-header-meta":"","header-above-stick-meta":"","header-main-stick-meta":"","header-below-stick-meta":"","astra-migrate-meta-layouts":"default","ast-page-background-enabled":"default","ast-page-background-meta":{"desktop":{"background-color":"","background-image":"","background-repeat":"repeat","background-position":"center center","background-size":"auto","background-attachment":"scroll","background-type":"","background-media":"","overlay-type":"","overlay-color":"","overlay-opacity":"","overlay-gradient":""},"tablet":{"background-color":"","background-image":"","background-repeat":"repeat","background-position":"center center","background-size":"auto","background-attachment":"scroll","background-type":"","background-media":"","overlay-type":"","overlay-color":"","overlay-opacity":"","overlay-gradient":""},"mobile":{"background-color":"","background-image":"","background-repeat":"repeat","background-position":"center center","background-size":"auto","background-attachment":"scroll","background-type":"","background-media":"","overlay-type":"","overlay-color":"","overlay-opacity":"","overlay-gradient":""}},"ast-content-background-meta":{"desktop":{"background-color":"var(--ast-global-color-5)","background-image":"","background-repeat":"repeat","background-position":"center center","background-size":"auto","background-attachment":"scroll","background-type":"","background-media":"","overlay-type":"","overlay-color":"","overlay-opacity":"","overlay-gradient":""},"tablet":{"background-color":"var(--ast-global-color-5)","background-image":"","background-repeat":"repeat","background-position":"center center","background-size":"auto","background-attachment":"scroll","background-type":"","background-media":"","overlay-type":"","overlay-color":"","overlay-opacity":"","overlay-gradient":""},"mobile":{"background-color":"var(--ast-global-color-5)","background-image":"","background-repeat":"repeat","background-position":"center center","background-size":"auto","background-attachment":"scroll","background-type":"","background-media":"","overlay-type":"","overlay-color":"","overlay-opacity":"","overlay-gradient":""}}},"product_brand":[],"product_cat":[2264,1354,1612],"product_tag":[1972,1385,2192,2199,1394,1356,1395,1403,2276],"class_list":{"0":"post-56336","1":"product","2":"type-product","3":"status-publish","4":"has-post-thumbnail","6":"product_cat-combinaisons-de-patinage-de-vitesse","7":"product_cat-courte-piste","8":"product_cat-equipement-de-protection-patinage-de-vitesse-courte-piste","9":"product_tag-apogee-fr","10":"product_tag-boutique-xactskate","11":"product_tag-combinaison-fr","12":"product_tag-costume","13":"product_tag-courte-piste-fr-2","14":"product_tag-courte-piste-fr","15":"product_tag-patin-de-vitesse-fr","16":"product_tag-patinage-de-vitesse","17":"product_tag-rosemere-fr","18":"desktop-align-center","19":"tablet-align-center","20":"mobile-align-center","21":"ast-product-gallery-layout-horizontal","22":"ast-product-single-variable","23":"ast-product-tabs-layout-horizontal","24":"ast-qv-on-image","26":"first","27":"instock","28":"taxable","29":"shipping-taxable","30":"purchasable","31":"product-type-variable"},"bundled_by":[],"bundle_stock_status":"instock","bundle_stock_quantity":null,"bundle_virtual":false,"bundle_layout":"","bundle_add_to_cart_form_location":"","bundle_editable_in_cart":false,"bundle_sold_individually_context":"","bundle_item_grouping":"","bundle_min_size":"","bundle_max_size":"","bundle_price":[],"bundled_items":[],"bundle_sell_ids":[],"yoast_head":"<!-- This site is optimized with the Yoast SEO plugin v27.4 - https:\/\/yoast.com\/product\/yoast-seo-wordpress\/ -->\n<title>Combinaison APOGEE Rosem\u00e8re JUNIOR - Xact Skate Shop<\/title>\n<meta name=\"description\" content=\"Combinaison courte piste fabriqu\u00e9e en lycra haute compression et nylon de couleur unie. Exclusif au club Rosem\u00e8re.\" \/>\n<meta name=\"robots\" content=\"index, follow, max-snippet:-1, max-image-preview:large, max-video-preview:-1\" \/>\n<link rel=\"canonical\" href=\"https:\/\/xactskateshop.com\/fr\/produit\/combinaison-apogee-rosemere-junior\/\" \/>\n<meta property=\"og:locale\" content=\"fr_FR\" \/>\n<meta property=\"og:type\" content=\"article\" \/>\n<meta property=\"og:title\" content=\"Combinaison APOGEE Rosem\u00e8re JUNIOR - Xact Skate Shop\" \/>\n<meta property=\"og:description\" content=\"Combinaison courte piste fabriqu\u00e9e en lycra haute compression et nylon de couleur unie. Exclusif au club Rosem\u00e8re.\" \/>\n<meta property=\"og:url\" content=\"https:\/\/xactskateshop.com\/fr\/produit\/combinaison-apogee-rosemere-junior\/\" \/>\n<meta property=\"og:site_name\" content=\"Xact Skate Shop\" \/>\n<meta property=\"article:publisher\" content=\"https:\/\/www.facebook.com\/JeanLouiskateshop\" \/>\n<meta property=\"og:image\" content=\"https:\/\/xactskateshop.com\/wp-content\/uploads\/2022\/07\/rosemere-1.jpg\" \/>\n\t<meta property=\"og:image:width\" content=\"1000\" \/>\n\t<meta property=\"og:image:height\" content=\"1000\" \/>\n\t<meta property=\"og:image:type\" content=\"image\/jpeg\" \/>\n<meta name=\"twitter:card\" content=\"summary_large_image\" \/>\n<script type=\"application\/ld+json\" class=\"yoast-schema-graph\">{\"@context\":\"https:\\\/\\\/schema.org\",\"@graph\":[{\"@type\":\"WebPage\",\"@id\":\"https:\\\/\\\/xactskateshop.com\\\/fr\\\/produit\\\/combinaison-apogee-rosemere-junior\\\/\",\"url\":\"https:\\\/\\\/xactskateshop.com\\\/fr\\\/produit\\\/combinaison-apogee-rosemere-junior\\\/\",\"name\":\"Combinaison APOGEE Rosem\u00e8re JUNIOR - Xact Skate Shop\",\"isPartOf\":{\"@id\":\"http:\\\/\\\/xactskateshop.com\\\/fr\\\/#website\"},\"primaryImageOfPage\":{\"@id\":\"https:\\\/\\\/xactskateshop.com\\\/fr\\\/produit\\\/combinaison-apogee-rosemere-junior\\\/#primaryimage\"},\"image\":{\"@id\":\"https:\\\/\\\/xactskateshop.com\\\/fr\\\/produit\\\/combinaison-apogee-rosemere-junior\\\/#primaryimage\"},\"thumbnailUrl\":\"https:\\\/\\\/xactskateshop.com\\\/wp-content\\\/uploads\\\/2022\\\/07\\\/rosemere-1.jpg\",\"datePublished\":\"2022-07-27T19:53:00+00:00\",\"description\":\"Combinaison courte piste fabriqu\u00e9e en lycra haute compression et nylon de couleur unie. Exclusif au club Rosem\u00e8re.\",\"breadcrumb\":{\"@id\":\"https:\\\/\\\/xactskateshop.com\\\/fr\\\/produit\\\/combinaison-apogee-rosemere-junior\\\/#breadcrumb\"},\"inLanguage\":\"fr-FR\",\"potentialAction\":[{\"@type\":\"ReadAction\",\"target\":[\"https:\\\/\\\/xactskateshop.com\\\/fr\\\/produit\\\/combinaison-apogee-rosemere-junior\\\/\"]}]},{\"@type\":\"ImageObject\",\"inLanguage\":\"fr-FR\",\"@id\":\"https:\\\/\\\/xactskateshop.com\\\/fr\\\/produit\\\/combinaison-apogee-rosemere-junior\\\/#primaryimage\",\"url\":\"https:\\\/\\\/xactskateshop.com\\\/wp-content\\\/uploads\\\/2022\\\/07\\\/rosemere-1.jpg\",\"contentUrl\":\"https:\\\/\\\/xactskateshop.com\\\/wp-content\\\/uploads\\\/2022\\\/07\\\/rosemere-1.jpg\",\"width\":1000,\"height\":1000},{\"@type\":\"BreadcrumbList\",\"@id\":\"https:\\\/\\\/xactskateshop.com\\\/fr\\\/produit\\\/combinaison-apogee-rosemere-junior\\\/#breadcrumb\",\"itemListElement\":[{\"@type\":\"ListItem\",\"position\":1,\"name\":\"Home\",\"item\":\"https:\\\/\\\/xactskateshop.com\\\/fr\\\/accueil\\\/\"},{\"@type\":\"ListItem\",\"position\":2,\"name\":\"Boutique\",\"item\":\"https:\\\/\\\/xactskateshop.com\\\/shop\\\/\"},{\"@type\":\"ListItem\",\"position\":3,\"name\":\"Combinaison APOGEE Rosem\u00e8re JUNIOR\"}]},{\"@type\":\"WebSite\",\"@id\":\"http:\\\/\\\/xactskateshop.com\\\/fr\\\/#website\",\"url\":\"http:\\\/\\\/xactskateshop.com\\\/fr\\\/\",\"name\":\"Xact Skate Shop\",\"description\":\"Un site utilisant WordPress\",\"publisher\":{\"@id\":\"http:\\\/\\\/xactskateshop.com\\\/fr\\\/#organization\"},\"potentialAction\":[{\"@type\":\"SearchAction\",\"target\":{\"@type\":\"EntryPoint\",\"urlTemplate\":\"http:\\\/\\\/xactskateshop.com\\\/fr\\\/?s={search_term_string}\"},\"query-input\":{\"@type\":\"PropertyValueSpecification\",\"valueRequired\":true,\"valueName\":\"search_term_string\"}}],\"inLanguage\":\"fr-FR\"},{\"@type\":\"Organization\",\"@id\":\"http:\\\/\\\/xactskateshop.com\\\/fr\\\/#organization\",\"name\":\"XACT Skate Shop\",\"url\":\"http:\\\/\\\/xactskateshop.com\\\/fr\\\/\",\"logo\":{\"@type\":\"ImageObject\",\"inLanguage\":\"fr-FR\",\"@id\":\"http:\\\/\\\/xactskateshop.com\\\/fr\\\/#\\\/schema\\\/logo\\\/image\\\/\",\"url\":\"http:\\\/\\\/xactskateshop.com\\\/wp-content\\\/uploads\\\/2024\\\/04\\\/xactskateshop-dot-com-avec-contour-noir-sans-fond-675x.jpg\",\"contentUrl\":\"http:\\\/\\\/xactskateshop.com\\\/wp-content\\\/uploads\\\/2024\\\/04\\\/xactskateshop-dot-com-avec-contour-noir-sans-fond-675x.jpg\",\"width\":675,\"height\":247,\"caption\":\"XACT Skate Shop\"},\"image\":{\"@id\":\"http:\\\/\\\/xactskateshop.com\\\/fr\\\/#\\\/schema\\\/logo\\\/image\\\/\"},\"sameAs\":[\"https:\\\/\\\/www.facebook.com\\\/JeanLouiskateshop\"]}]}<\/script>\n<!-- \/ Yoast SEO plugin. -->","yoast_head_json":{"title":"Combinaison APOGEE Rosem\u00e8re JUNIOR - Xact Skate Shop","description":"Combinaison courte piste fabriqu\u00e9e en lycra haute compression et nylon de couleur unie. Exclusif au club Rosem\u00e8re.","robots":{"index":"index","follow":"follow","max-snippet":"max-snippet:-1","max-image-preview":"max-image-preview:large","max-video-preview":"max-video-preview:-1"},"canonical":"https:\/\/xactskateshop.com\/fr\/produit\/combinaison-apogee-rosemere-junior\/","og_locale":"fr_FR","og_type":"article","og_title":"Combinaison APOGEE Rosem\u00e8re JUNIOR - Xact Skate Shop","og_description":"Combinaison courte piste fabriqu\u00e9e en lycra haute compression et nylon de couleur unie. Exclusif au club Rosem\u00e8re.","og_url":"https:\/\/xactskateshop.com\/fr\/produit\/combinaison-apogee-rosemere-junior\/","og_site_name":"Xact Skate Shop","article_publisher":"https:\/\/www.facebook.com\/JeanLouiskateshop","og_image":[{"width":1000,"height":1000,"url":"https:\/\/xactskateshop.com\/wp-content\/uploads\/2022\/07\/rosemere-1.jpg","type":"image\/jpeg"}],"twitter_card":"summary_large_image","schema":{"@context":"https:\/\/schema.org","@graph":[{"@type":"WebPage","@id":"https:\/\/xactskateshop.com\/fr\/produit\/combinaison-apogee-rosemere-junior\/","url":"https:\/\/xactskateshop.com\/fr\/produit\/combinaison-apogee-rosemere-junior\/","name":"Combinaison APOGEE Rosem\u00e8re JUNIOR - Xact Skate Shop","isPartOf":{"@id":"http:\/\/xactskateshop.com\/fr\/#website"},"primaryImageOfPage":{"@id":"https:\/\/xactskateshop.com\/fr\/produit\/combinaison-apogee-rosemere-junior\/#primaryimage"},"image":{"@id":"https:\/\/xactskateshop.com\/fr\/produit\/combinaison-apogee-rosemere-junior\/#primaryimage"},"thumbnailUrl":"https:\/\/xactskateshop.com\/wp-content\/uploads\/2022\/07\/rosemere-1.jpg","datePublished":"2022-07-27T19:53:00+00:00","description":"Combinaison courte piste fabriqu\u00e9e en lycra haute compression et nylon de couleur unie. Exclusif au club Rosem\u00e8re.","breadcrumb":{"@id":"https:\/\/xactskateshop.com\/fr\/produit\/combinaison-apogee-rosemere-junior\/#breadcrumb"},"inLanguage":"fr-FR","potentialAction":[{"@type":"ReadAction","target":["https:\/\/xactskateshop.com\/fr\/produit\/combinaison-apogee-rosemere-junior\/"]}]},{"@type":"ImageObject","inLanguage":"fr-FR","@id":"https:\/\/xactskateshop.com\/fr\/produit\/combinaison-apogee-rosemere-junior\/#primaryimage","url":"https:\/\/xactskateshop.com\/wp-content\/uploads\/2022\/07\/rosemere-1.jpg","contentUrl":"https:\/\/xactskateshop.com\/wp-content\/uploads\/2022\/07\/rosemere-1.jpg","width":1000,"height":1000},{"@type":"BreadcrumbList","@id":"https:\/\/xactskateshop.com\/fr\/produit\/combinaison-apogee-rosemere-junior\/#breadcrumb","itemListElement":[{"@type":"ListItem","position":1,"name":"Home","item":"https:\/\/xactskateshop.com\/fr\/accueil\/"},{"@type":"ListItem","position":2,"name":"Boutique","item":"https:\/\/xactskateshop.com\/shop\/"},{"@type":"ListItem","position":3,"name":"Combinaison APOGEE Rosem\u00e8re JUNIOR"}]},{"@type":"WebSite","@id":"http:\/\/xactskateshop.com\/fr\/#website","url":"http:\/\/xactskateshop.com\/fr\/","name":"Xact Skate Shop","description":"Un site utilisant WordPress","publisher":{"@id":"http:\/\/xactskateshop.com\/fr\/#organization"},"potentialAction":[{"@type":"SearchAction","target":{"@type":"EntryPoint","urlTemplate":"http:\/\/xactskateshop.com\/fr\/?s={search_term_string}"},"query-input":{"@type":"PropertyValueSpecification","valueRequired":true,"valueName":"search_term_string"}}],"inLanguage":"fr-FR"},{"@type":"Organization","@id":"http:\/\/xactskateshop.com\/fr\/#organization","name":"XACT Skate Shop","url":"http:\/\/xactskateshop.com\/fr\/","logo":{"@type":"ImageObject","inLanguage":"fr-FR","@id":"http:\/\/xactskateshop.com\/fr\/#\/schema\/logo\/image\/","url":"http:\/\/xactskateshop.com\/wp-content\/uploads\/2024\/04\/xactskateshop-dot-com-avec-contour-noir-sans-fond-675x.jpg","contentUrl":"http:\/\/xactskateshop.com\/wp-content\/uploads\/2024\/04\/xactskateshop-dot-com-avec-contour-noir-sans-fond-675x.jpg","width":675,"height":247,"caption":"XACT Skate Shop"},"image":{"@id":"http:\/\/xactskateshop.com\/fr\/#\/schema\/logo\/image\/"},"sameAs":["https:\/\/www.facebook.com\/JeanLouiskateshop"]}]}},"_links":{"self":[{"href":"https:\/\/xactskateshop.com\/fr\/wp-json\/wp\/v2\/product\/56336","targetHints":{"allow":["GET"]}}],"collection":[{"href":"https:\/\/xactskateshop.com\/fr\/wp-json\/wp\/v2\/product"}],"about":[{"href":"https:\/\/xactskateshop.com\/fr\/wp-json\/wp\/v2\/types\/product"}],"replies":[{"embeddable":true,"href":"https:\/\/xactskateshop.com\/fr\/wp-json\/wp\/v2\/comments?post=56336"}],"wp:featuredmedia":[{"embeddable":true,"href":"https:\/\/xactskateshop.com\/fr\/wp-json\/wp\/v2\/media\/20177"}],"wp:attachment":[{"href":"https:\/\/xactskateshop.com\/fr\/wp-json\/wp\/v2\/media?parent=56336"}],"wp:term":[{"taxonomy":"product_brand","embeddable":true,"href":"https:\/\/xactskateshop.com\/fr\/wp-json\/wp\/v2\/product_brand?post=56336"},{"taxonomy":"product_cat","embeddable":true,"href":"https:\/\/xactskateshop.com\/fr\/wp-json\/wp\/v2\/product_cat?post=56336"},{"taxonomy":"product_tag","embeddable":true,"href":"https:\/\/xactskateshop.com\/fr\/wp-json\/wp\/v2\/product_tag?post=56336"}],"curies":[{"name":"wp","href":"https:\/\/api.w.org\/{rel}","templated":true}]}}