{"id":56329,"date":"2022-06-10T18:18:55","date_gmt":"2022-06-10T22:18:55","guid":{"rendered":"http:\/\/xactskateshop.com\/product\/cadomotus-sac-a-dos-airflow-everyday-xl-2-0\/"},"modified":"2022-06-10T18:18:55","modified_gmt":"2022-06-10T22:18:55","slug":"cadomotus-sac-a-dos-airflow-everyday-xl-2-0","status":"publish","type":"product","link":"https:\/\/xactskateshop.com\/fr\/produit\/cadomotus-sac-a-dos-airflow-everyday-xl-2-0\/","title":{"rendered":"CADOMOTUS Sac \u00e0 dos Airflow Everyday XL 2.0"},"content":{"rendered":"<div id=\"product-content\" class=\"product-content general-content content-col mobile-popup\" data-popup=\"product-content\">\n<div class=\"popup-inner\">\n<div id=\"product-content\" class=\"product-content general-content content-col mobile-popup\" data-popup=\"product-content\">\n<div class=\"content-left\">\n<div id=\"product-content\" class=\"product-content general-content content-col mobile-popup\" data-popup=\"product-content\">\n<div class=\"popup-inner\">\n<h2>Sac \u00e0 dos Airflow XL<\/h2>\n<p><strong>CADOMOTUS Sac \u00e0 dos quotidien Airflow XL 2.0 Compact, confortable et \u00e9l\u00e9gant : l&#8217;Airflow 2.0 XL est le sac que vous souhaitez emporter lorsque vous vous rendez \u00e0 v\u00e9lo \u00e0 un entra\u00eenement ou \u00e0 une course. Ce sac classique est \u00e9tonnamment pratique et sera votre meilleur compagnon lors de tous les \u00e9v\u00e9nements sportifs auxquels vous participerez. <\/strong><\/p>\n<p><span style=\"font-size: 16px; font-style: normal; font-weight: 400;\">Oui, l&#8217;apparence est importante. Le look \u00e9l\u00e9gant, solide et professionnel de l&#8217;Airflow 2.0 XL attire l&#8217;attention \u00e0 chaque course et \u00e0 chaque entra\u00eenement. Les athl\u00e8tes aimaient d\u00e9j\u00e0 son pr\u00e9d\u00e9cesseur, le Nylon Airflow, mais ils appr\u00e9cient encore plus le Airflow 2.0, plus l\u00e9ger, qui est fabriqu\u00e9 en RPET, un mat\u00e9riau r\u00e9sistant aux intemp\u00e9ries.  <\/span><\/p>\n<p style=\"font-size: 16px; font-style: normal; font-weight: 400;\">Ce sac est le choix id\u00e9al si vous recherchez un sac l\u00e9ger, confortable et stable sur le dos. Que vous souhaitiez l&#8217;emmener sur votre v\u00e9lo ou en randonn\u00e9e dans les montagnes pendant vos vacances. <\/p>\n<h3>Description<\/h3>\n<ul>\n<li>Le meilleur sac \u00e0 dos pour le skate : Il s&#8217;agit d&#8217;un sac \u00e0 l&#8217;id\u00e9e claire. Vos v\u00eatements, vos cl\u00e9s, votre t\u00e9l\u00e9phone, votre shampoing et votre serviette vont \u00e0 l&#8217;int\u00e9rieur, votre \u00e9quipement de sport va \u00e0 l&#8217;ext\u00e9rieur. Cela vous aidera \u00e0 rester organis\u00e9 pendant toute la dur\u00e9e de l&#8217;\u00e9v\u00e9nement.  <\/li>\n<li>Poches pour objets divers : Il y a quatre petites poches \u00e0 l&#8217;int\u00e9rieur que vous pouvez utiliser pour ranger des objets divers, comme des barres de sport, des transpondeurs, des cl\u00e9s et votre t\u00e9l\u00e9phone, qui autrement se perdraient au fond de votre sac. Vous saurez toujours o\u00f9 les trouver dans l&#8217;Airflow 2.0 XL. Les poches plus grandes peuvent \u00eatre utilis\u00e9es pour vos v\u00eatements et vos produits de soins personnels par exemple.  <\/li>\n<li>L&#8217;\u00e9quipement de sport \u00e0 l&#8217;ext\u00e9rieur : Ce sac de 45 litres contient plus de choses que vous ne le pensez en le regardant. Et ce n&#8217;est que l&#8217;int\u00e9rieur. Vous pouvez ranger votre mat\u00e9riel de sport, comme votre v\u00e9lo et vos chaussures de course, dans des poches pratiques situ\u00e9es \u00e0 l&#8217;ext\u00e9rieur. Et, bien s\u00fbr, vos patins \u00e0 roues align\u00e9es ou vos patins de vitesse y trouvent \u00e9galement leur place. Il s&#8217;agit d&#8217;un sac Cadomotus apr\u00e8s tout. Vous pouvez \u00e9galement ranger tous vos autres \u00e9quipements en toute s\u00e9curit\u00e9. Comme votre casque, que vous pouvez placer dans une poche sp\u00e9ciale en filet \u00e0 l&#8217;arri\u00e8re de votre sac. En gardant votre \u00e9quipement de sport \u00e0 l&#8217;ext\u00e9rieur, vous le s\u00e9parerez de vos v\u00eatements propres et vous gagnerez de la place \u00e0 l&#8217;int\u00e9rieur.       <\/li>\n<li>Confortable sur votre dos : L&#8217;Airflow 2.0 XL est si confortable que vous pouvez m\u00eame l&#8217;emmener pour de longues randonn\u00e9es \u00e0 v\u00e9lo. Le sac est super l\u00e9ger et son cadre interne permet de ne pas alourdir votre dos. Un panneau arri\u00e8re en filet suspendu \u00e0 un trampoline r\u00e9partit la pression, donne un peu de suspension et cr\u00e9e un espace d&#8217;air entre votre sac, ce qui permet une bonne ventilation.  <\/li>\n<\/ul>\n<h3><strong>Sp\u00e9cifications<\/strong><\/h3>\n<ul>\n<li><strong>Sac \u00e0 dos Couleur : <\/strong>Noir<\/li>\n<li><strong>Capacit\u00e9 du compartiment (Ltr) : <\/strong>30<\/li>\n<li><strong>Capacit\u00e9 totale de l&#8217;engrenage (Ltr) : <\/strong>45<\/li>\n<li><strong>Poids du sac \u00e0 dos (kg) : <\/strong>1.3<\/li>\n<li><strong>Dimensions de l&#8217;emballage : <\/strong>50x30x18cm<\/li>\n<li><strong>Fabriqu\u00e9 \u00e0 partir de : <\/strong>80% de mat\u00e9riaux recycl\u00e9s<\/li>\n<li><strong>Conforme \u00e0 la norme mondiale de recyclage : <\/strong>Oui<\/li>\n<li><strong>IP64 R\u00e9sistance aux intemp\u00e9ries : <\/strong>Oui<\/li>\n<li><strong>Poches ext\u00e9rieures pour : <\/strong>chaussures de cyclisme, patins \u00e0 roulettes, chaussures de course \u00e0 pied<\/li>\n<li><strong>Poche pour casque : <\/strong>Se range derri\u00e8re la fermeture \u00e0 glissi\u00e8re<\/li>\n<li><strong>Porte-bouteilles : <\/strong>Non<\/li>\n<li><strong>Compartiment \u00e0 salet\u00e9s : <\/strong>Non<\/li>\n<li><strong>S\u00e9paration humide &#8211; s\u00e8che : <\/strong>Oui, ventil\u00e9<\/li>\n<li><strong>Ouverture d&#8217;une porte d\u00e9rob\u00e9e : <\/strong>Non<\/li>\n<li><strong>Grand compartiment de rangement : <\/strong>Non<\/li>\n<li><strong>Pochette pour ordinateur portable : <\/strong>Oui, rembourr\u00e9<\/li>\n<li><strong>Poches \u00e0 outils\/accessoires : <\/strong>Oui, dans la poche avant<\/li>\n<li><strong>Pochette inf\u00e9rieure pliable : <\/strong>Non<\/li>\n<li><strong>Acc\u00e8s facile : <\/strong>Oui, en haut du sac<\/li>\n<li><strong>Pochette pour serrure \u00e0 combinaison : <\/strong>Non<\/li>\n<li><strong>Pochette en velours (portable, lunettes de sport) : <\/strong>Non<\/li>\n<li><strong>Suspension du pack : <\/strong>Dos en maille suspendue<\/li>\n<li><strong>Longueur de torse r\u00e9glable : <\/strong>Oui<\/li>\n<li><strong>Ceinture de hanche escamotable : <\/strong>Non<\/li>\n<\/ul>\n<p>Voir d&#8217;autres mod\u00e8les <a href=\"http:\/\/xactskateshop.com\/product-category\/roller-skates\/roller-skates-accessories\/\">ici<\/a><\/p>\n<\/div>\n<\/div>\n<\/div>\n<\/div>\n<\/div>\n<\/div>\n","protected":false},"excerpt":{"rendered":"<hr>\n<p style=\"text-align: center;\">Compact, confortable et \u00e9l\u00e9gant : l&#8217;Airflow 2.0 XL est le sac que vous souhaitez emporter lorsque vous vous rendez \u00e0 v\u00e9lo \u00e0 un entra\u00eenement ou \u00e0 une course. Ce sac classique est \u00e9tonnamment pratique et sera votre meilleur compagnon lors de tous les \u00e9v\u00e9nements sportifs auxquels vous participerez. <\/p>\n<hr>\n<p>&nbsp;<\/p>\n","protected":false},"featured_media":29732,"comment_status":"open","ping_status":"closed","template":"","meta":{"site-sidebar-layout":"default","site-content-layout":"default","ast-site-content-layout":"default","site-content-style":"default","site-sidebar-style":"default","ast-global-header-display":"","ast-banner-title-visibility":"","ast-main-header-display":"","ast-hfb-above-header-display":"","ast-hfb-below-header-display":"","ast-hfb-mobile-header-display":"","site-post-title":"","ast-breadcrumbs-content":"","ast-featured-img":"","footer-sml-layout":"","theme-transparent-header-meta":"default","adv-header-id-meta":"","stick-header-meta":"","header-above-stick-meta":"","header-main-stick-meta":"","header-below-stick-meta":"","astra-migrate-meta-layouts":"default","ast-page-background-enabled":"default","ast-page-background-meta":{"desktop":{"background-color":"","background-image":"","background-repeat":"repeat","background-position":"center center","background-size":"auto","background-attachment":"scroll","background-type":"","background-media":"","overlay-type":"","overlay-color":"","overlay-opacity":"","overlay-gradient":""},"tablet":{"background-color":"","background-image":"","background-repeat":"repeat","background-position":"center center","background-size":"auto","background-attachment":"scroll","background-type":"","background-media":"","overlay-type":"","overlay-color":"","overlay-opacity":"","overlay-gradient":""},"mobile":{"background-color":"","background-image":"","background-repeat":"repeat","background-position":"center center","background-size":"auto","background-attachment":"scroll","background-type":"","background-media":"","overlay-type":"","overlay-color":"","overlay-opacity":"","overlay-gradient":""}},"ast-content-background-meta":{"desktop":{"background-color":"var(--ast-global-color-5)","background-image":"","background-repeat":"repeat","background-position":"center center","background-size":"auto","background-attachment":"scroll","background-type":"","background-media":"","overlay-type":"","overlay-color":"","overlay-opacity":"","overlay-gradient":""},"tablet":{"background-color":"var(--ast-global-color-5)","background-image":"","background-repeat":"repeat","background-position":"center center","background-size":"auto","background-attachment":"scroll","background-type":"","background-media":"","overlay-type":"","overlay-color":"","overlay-opacity":"","overlay-gradient":""},"mobile":{"background-color":"var(--ast-global-color-5)","background-image":"","background-repeat":"repeat","background-position":"center center","background-size":"auto","background-attachment":"scroll","background-type":"","background-media":"","overlay-type":"","overlay-color":"","overlay-opacity":"","overlay-gradient":""}}},"product_brand":[],"product_cat":[1529,1530,1353,1647,1513],"product_tag":[1356,1394,2184,2835,2205,2206,2179],"class_list":{"0":"post-56329","1":"product","2":"type-product","3":"status-publish","4":"has-post-thumbnail","6":"product_cat-accessoires-de-patinage-a-roues-alignees","7":"product_cat-accessoires-pour-patins-a-roulettes","8":"product_cat-patinage-de-vitesse","9":"product_cat-sacs","10":"product_cat-sacs-et-accessoires","11":"product_tag-courte-piste-fr","12":"product_tag-courte-piste-fr-2","13":"product_tag-cyclisme","14":"product_tag-cyclisme-fr","15":"product_tag-sac-a-dos-fr","16":"product_tag-sac-a-dos-fr-2","17":"product_tag-triathlon-fr","18":"desktop-align-center","19":"tablet-align-center","20":"mobile-align-center","21":"ast-product-gallery-layout-horizontal","22":"ast-product-tabs-layout-horizontal","23":"ast-qv-on-image","25":"first","26":"instock","27":"sale","28":"taxable","29":"shipping-taxable","30":"purchasable","31":"product-type-simple"},"bundled_by":[],"bundle_stock_status":"instock","bundle_stock_quantity":5,"bundle_virtual":false,"bundle_layout":"","bundle_add_to_cart_form_location":"","bundle_editable_in_cart":false,"bundle_sold_individually_context":"","bundle_item_grouping":"","bundle_min_size":"","bundle_max_size":"","bundle_price":[],"bundled_items":[],"bundle_sell_ids":[],"yoast_head":"<!-- This site is optimized with the Yoast SEO plugin v27.4 - https:\/\/yoast.com\/product\/yoast-seo-wordpress\/ -->\n<title>Sac \u00e0 dos Airflow XL Xact Skate Shop%page%%<\/title>\n<meta name=\"description\" content=\"Sac \u00e0 dos Airflow XL. Compact, confortable et \u00e9l\u00e9gant : l&#039;Airflow 2.0 XL est le sac que vous souhaitez emporter lorsque vous vous rendez \u00e0 v\u00e9lo \u00e0 un entra\u00eenement ou \u00e0 une course.\" \/>\n<meta name=\"robots\" content=\"index, follow, max-snippet:-1, max-image-preview:large, max-video-preview:-1\" \/>\n<link rel=\"canonical\" href=\"https:\/\/xactskateshop.com\/fr\/produit\/cadomotus-sac-a-dos-airflow-everyday-xl-2-0\/\" \/>\n<meta property=\"og:locale\" content=\"fr_FR\" \/>\n<meta property=\"og:type\" content=\"article\" \/>\n<meta property=\"og:title\" content=\"Sac \u00e0 dos Airflow XL Xact Skate Shop%page%%\" \/>\n<meta property=\"og:description\" content=\"Sac \u00e0 dos Airflow XL. Compact, confortable et \u00e9l\u00e9gant : l&#039;Airflow 2.0 XL est le sac que vous souhaitez emporter lorsque vous vous rendez \u00e0 v\u00e9lo \u00e0 un entra\u00eenement ou \u00e0 une course.\" \/>\n<meta property=\"og:url\" content=\"https:\/\/xactskateshop.com\/fr\/produit\/cadomotus-sac-a-dos-airflow-everyday-xl-2-0\/\" \/>\n<meta property=\"og:site_name\" content=\"Xact Skate Shop\" \/>\n<meta property=\"article:publisher\" content=\"https:\/\/www.facebook.com\/JeanLouiskateshop\" \/>\n<meta property=\"og:image\" content=\"https:\/\/xactskateshop.com\/wp-content\/uploads\/2022\/06\/airflow-new-2022.jpg\" \/>\n\t<meta property=\"og:image:width\" content=\"1000\" \/>\n\t<meta property=\"og:image:height\" content=\"1000\" \/>\n\t<meta property=\"og:image:type\" content=\"image\/jpeg\" \/>\n<meta name=\"twitter:card\" content=\"summary_large_image\" \/>\n<meta name=\"twitter:label1\" content=\"Dur\u00e9e de lecture estim\u00e9e\" \/>\n\t<meta name=\"twitter:data1\" content=\"3 minutes\" \/>\n<script type=\"application\/ld+json\" class=\"yoast-schema-graph\">{\"@context\":\"https:\\\/\\\/schema.org\",\"@graph\":[{\"@type\":\"WebPage\",\"@id\":\"https:\\\/\\\/xactskateshop.com\\\/fr\\\/produit\\\/cadomotus-sac-a-dos-airflow-everyday-xl-2-0\\\/\",\"url\":\"https:\\\/\\\/xactskateshop.com\\\/fr\\\/produit\\\/cadomotus-sac-a-dos-airflow-everyday-xl-2-0\\\/\",\"name\":\"Sac \u00e0 dos Airflow XL Xact Skate Shop%page%%\",\"isPartOf\":{\"@id\":\"http:\\\/\\\/xactskateshop.com\\\/fr\\\/#website\"},\"primaryImageOfPage\":{\"@id\":\"https:\\\/\\\/xactskateshop.com\\\/fr\\\/produit\\\/cadomotus-sac-a-dos-airflow-everyday-xl-2-0\\\/#primaryimage\"},\"image\":{\"@id\":\"https:\\\/\\\/xactskateshop.com\\\/fr\\\/produit\\\/cadomotus-sac-a-dos-airflow-everyday-xl-2-0\\\/#primaryimage\"},\"thumbnailUrl\":\"https:\\\/\\\/xactskateshop.com\\\/wp-content\\\/uploads\\\/2022\\\/06\\\/airflow-new-2022.jpg\",\"datePublished\":\"2022-06-10T22:18:55+00:00\",\"description\":\"Sac \u00e0 dos Airflow XL. Compact, confortable et \u00e9l\u00e9gant : l'Airflow 2.0 XL est le sac que vous souhaitez emporter lorsque vous vous rendez \u00e0 v\u00e9lo \u00e0 un entra\u00eenement ou \u00e0 une course.\",\"breadcrumb\":{\"@id\":\"https:\\\/\\\/xactskateshop.com\\\/fr\\\/produit\\\/cadomotus-sac-a-dos-airflow-everyday-xl-2-0\\\/#breadcrumb\"},\"inLanguage\":\"fr-FR\",\"potentialAction\":[{\"@type\":\"ReadAction\",\"target\":[\"https:\\\/\\\/xactskateshop.com\\\/fr\\\/produit\\\/cadomotus-sac-a-dos-airflow-everyday-xl-2-0\\\/\"]}]},{\"@type\":\"ImageObject\",\"inLanguage\":\"fr-FR\",\"@id\":\"https:\\\/\\\/xactskateshop.com\\\/fr\\\/produit\\\/cadomotus-sac-a-dos-airflow-everyday-xl-2-0\\\/#primaryimage\",\"url\":\"https:\\\/\\\/xactskateshop.com\\\/wp-content\\\/uploads\\\/2022\\\/06\\\/airflow-new-2022.jpg\",\"contentUrl\":\"https:\\\/\\\/xactskateshop.com\\\/wp-content\\\/uploads\\\/2022\\\/06\\\/airflow-new-2022.jpg\",\"width\":1000,\"height\":1000,\"caption\":\"Sac \u00e0 dos Airflow xl\"},{\"@type\":\"BreadcrumbList\",\"@id\":\"https:\\\/\\\/xactskateshop.com\\\/fr\\\/produit\\\/cadomotus-sac-a-dos-airflow-everyday-xl-2-0\\\/#breadcrumb\",\"itemListElement\":[{\"@type\":\"ListItem\",\"position\":1,\"name\":\"Home\",\"item\":\"https:\\\/\\\/xactskateshop.com\\\/fr\\\/accueil\\\/\"},{\"@type\":\"ListItem\",\"position\":2,\"name\":\"Boutique\",\"item\":\"https:\\\/\\\/xactskateshop.com\\\/shop\\\/\"},{\"@type\":\"ListItem\",\"position\":3,\"name\":\"CADOMOTUS Sac \u00e0 dos Airflow Everyday XL 2.0\"}]},{\"@type\":\"WebSite\",\"@id\":\"http:\\\/\\\/xactskateshop.com\\\/fr\\\/#website\",\"url\":\"http:\\\/\\\/xactskateshop.com\\\/fr\\\/\",\"name\":\"Xact Skate Shop\",\"description\":\"Un site utilisant WordPress\",\"publisher\":{\"@id\":\"http:\\\/\\\/xactskateshop.com\\\/fr\\\/#organization\"},\"potentialAction\":[{\"@type\":\"SearchAction\",\"target\":{\"@type\":\"EntryPoint\",\"urlTemplate\":\"http:\\\/\\\/xactskateshop.com\\\/fr\\\/?s={search_term_string}\"},\"query-input\":{\"@type\":\"PropertyValueSpecification\",\"valueRequired\":true,\"valueName\":\"search_term_string\"}}],\"inLanguage\":\"fr-FR\"},{\"@type\":\"Organization\",\"@id\":\"http:\\\/\\\/xactskateshop.com\\\/fr\\\/#organization\",\"name\":\"XACT Skate Shop\",\"url\":\"http:\\\/\\\/xactskateshop.com\\\/fr\\\/\",\"logo\":{\"@type\":\"ImageObject\",\"inLanguage\":\"fr-FR\",\"@id\":\"http:\\\/\\\/xactskateshop.com\\\/fr\\\/#\\\/schema\\\/logo\\\/image\\\/\",\"url\":\"http:\\\/\\\/xactskateshop.com\\\/wp-content\\\/uploads\\\/2024\\\/04\\\/xactskateshop-dot-com-avec-contour-noir-sans-fond-675x.jpg\",\"contentUrl\":\"http:\\\/\\\/xactskateshop.com\\\/wp-content\\\/uploads\\\/2024\\\/04\\\/xactskateshop-dot-com-avec-contour-noir-sans-fond-675x.jpg\",\"width\":675,\"height\":247,\"caption\":\"XACT Skate Shop\"},\"image\":{\"@id\":\"http:\\\/\\\/xactskateshop.com\\\/fr\\\/#\\\/schema\\\/logo\\\/image\\\/\"},\"sameAs\":[\"https:\\\/\\\/www.facebook.com\\\/JeanLouiskateshop\"]}]}<\/script>\n<!-- \/ Yoast SEO plugin. -->","yoast_head_json":{"title":"Sac \u00e0 dos Airflow XL Xact Skate Shop%page%%","description":"Sac \u00e0 dos Airflow XL. Compact, confortable et \u00e9l\u00e9gant : l'Airflow 2.0 XL est le sac que vous souhaitez emporter lorsque vous vous rendez \u00e0 v\u00e9lo \u00e0 un entra\u00eenement ou \u00e0 une course.","robots":{"index":"index","follow":"follow","max-snippet":"max-snippet:-1","max-image-preview":"max-image-preview:large","max-video-preview":"max-video-preview:-1"},"canonical":"https:\/\/xactskateshop.com\/fr\/produit\/cadomotus-sac-a-dos-airflow-everyday-xl-2-0\/","og_locale":"fr_FR","og_type":"article","og_title":"Sac \u00e0 dos Airflow XL Xact Skate Shop%page%%","og_description":"Sac \u00e0 dos Airflow XL. Compact, confortable et \u00e9l\u00e9gant : l'Airflow 2.0 XL est le sac que vous souhaitez emporter lorsque vous vous rendez \u00e0 v\u00e9lo \u00e0 un entra\u00eenement ou \u00e0 une course.","og_url":"https:\/\/xactskateshop.com\/fr\/produit\/cadomotus-sac-a-dos-airflow-everyday-xl-2-0\/","og_site_name":"Xact Skate Shop","article_publisher":"https:\/\/www.facebook.com\/JeanLouiskateshop","og_image":[{"width":1000,"height":1000,"url":"https:\/\/xactskateshop.com\/wp-content\/uploads\/2022\/06\/airflow-new-2022.jpg","type":"image\/jpeg"}],"twitter_card":"summary_large_image","twitter_misc":{"Dur\u00e9e de lecture estim\u00e9e":"3 minutes"},"schema":{"@context":"https:\/\/schema.org","@graph":[{"@type":"WebPage","@id":"https:\/\/xactskateshop.com\/fr\/produit\/cadomotus-sac-a-dos-airflow-everyday-xl-2-0\/","url":"https:\/\/xactskateshop.com\/fr\/produit\/cadomotus-sac-a-dos-airflow-everyday-xl-2-0\/","name":"Sac \u00e0 dos Airflow XL Xact Skate Shop%page%%","isPartOf":{"@id":"http:\/\/xactskateshop.com\/fr\/#website"},"primaryImageOfPage":{"@id":"https:\/\/xactskateshop.com\/fr\/produit\/cadomotus-sac-a-dos-airflow-everyday-xl-2-0\/#primaryimage"},"image":{"@id":"https:\/\/xactskateshop.com\/fr\/produit\/cadomotus-sac-a-dos-airflow-everyday-xl-2-0\/#primaryimage"},"thumbnailUrl":"https:\/\/xactskateshop.com\/wp-content\/uploads\/2022\/06\/airflow-new-2022.jpg","datePublished":"2022-06-10T22:18:55+00:00","description":"Sac \u00e0 dos Airflow XL. Compact, confortable et \u00e9l\u00e9gant : l'Airflow 2.0 XL est le sac que vous souhaitez emporter lorsque vous vous rendez \u00e0 v\u00e9lo \u00e0 un entra\u00eenement ou \u00e0 une course.","breadcrumb":{"@id":"https:\/\/xactskateshop.com\/fr\/produit\/cadomotus-sac-a-dos-airflow-everyday-xl-2-0\/#breadcrumb"},"inLanguage":"fr-FR","potentialAction":[{"@type":"ReadAction","target":["https:\/\/xactskateshop.com\/fr\/produit\/cadomotus-sac-a-dos-airflow-everyday-xl-2-0\/"]}]},{"@type":"ImageObject","inLanguage":"fr-FR","@id":"https:\/\/xactskateshop.com\/fr\/produit\/cadomotus-sac-a-dos-airflow-everyday-xl-2-0\/#primaryimage","url":"https:\/\/xactskateshop.com\/wp-content\/uploads\/2022\/06\/airflow-new-2022.jpg","contentUrl":"https:\/\/xactskateshop.com\/wp-content\/uploads\/2022\/06\/airflow-new-2022.jpg","width":1000,"height":1000,"caption":"Sac \u00e0 dos Airflow xl"},{"@type":"BreadcrumbList","@id":"https:\/\/xactskateshop.com\/fr\/produit\/cadomotus-sac-a-dos-airflow-everyday-xl-2-0\/#breadcrumb","itemListElement":[{"@type":"ListItem","position":1,"name":"Home","item":"https:\/\/xactskateshop.com\/fr\/accueil\/"},{"@type":"ListItem","position":2,"name":"Boutique","item":"https:\/\/xactskateshop.com\/shop\/"},{"@type":"ListItem","position":3,"name":"CADOMOTUS Sac \u00e0 dos Airflow Everyday XL 2.0"}]},{"@type":"WebSite","@id":"http:\/\/xactskateshop.com\/fr\/#website","url":"http:\/\/xactskateshop.com\/fr\/","name":"Xact Skate Shop","description":"Un site utilisant WordPress","publisher":{"@id":"http:\/\/xactskateshop.com\/fr\/#organization"},"potentialAction":[{"@type":"SearchAction","target":{"@type":"EntryPoint","urlTemplate":"http:\/\/xactskateshop.com\/fr\/?s={search_term_string}"},"query-input":{"@type":"PropertyValueSpecification","valueRequired":true,"valueName":"search_term_string"}}],"inLanguage":"fr-FR"},{"@type":"Organization","@id":"http:\/\/xactskateshop.com\/fr\/#organization","name":"XACT Skate Shop","url":"http:\/\/xactskateshop.com\/fr\/","logo":{"@type":"ImageObject","inLanguage":"fr-FR","@id":"http:\/\/xactskateshop.com\/fr\/#\/schema\/logo\/image\/","url":"http:\/\/xactskateshop.com\/wp-content\/uploads\/2024\/04\/xactskateshop-dot-com-avec-contour-noir-sans-fond-675x.jpg","contentUrl":"http:\/\/xactskateshop.com\/wp-content\/uploads\/2024\/04\/xactskateshop-dot-com-avec-contour-noir-sans-fond-675x.jpg","width":675,"height":247,"caption":"XACT Skate Shop"},"image":{"@id":"http:\/\/xactskateshop.com\/fr\/#\/schema\/logo\/image\/"},"sameAs":["https:\/\/www.facebook.com\/JeanLouiskateshop"]}]}},"_links":{"self":[{"href":"https:\/\/xactskateshop.com\/fr\/wp-json\/wp\/v2\/product\/56329","targetHints":{"allow":["GET"]}}],"collection":[{"href":"https:\/\/xactskateshop.com\/fr\/wp-json\/wp\/v2\/product"}],"about":[{"href":"https:\/\/xactskateshop.com\/fr\/wp-json\/wp\/v2\/types\/product"}],"replies":[{"embeddable":true,"href":"https:\/\/xactskateshop.com\/fr\/wp-json\/wp\/v2\/comments?post=56329"}],"wp:featuredmedia":[{"embeddable":true,"href":"https:\/\/xactskateshop.com\/fr\/wp-json\/wp\/v2\/media\/29732"}],"wp:attachment":[{"href":"https:\/\/xactskateshop.com\/fr\/wp-json\/wp\/v2\/media?parent=56329"}],"wp:term":[{"taxonomy":"product_brand","embeddable":true,"href":"https:\/\/xactskateshop.com\/fr\/wp-json\/wp\/v2\/product_brand?post=56329"},{"taxonomy":"product_cat","embeddable":true,"href":"https:\/\/xactskateshop.com\/fr\/wp-json\/wp\/v2\/product_cat?post=56329"},{"taxonomy":"product_tag","embeddable":true,"href":"https:\/\/xactskateshop.com\/fr\/wp-json\/wp\/v2\/product_tag?post=56329"}],"curies":[{"name":"wp","href":"https:\/\/api.w.org\/{rel}","templated":true}]}}