{"id":56286,"date":"2022-06-07T15:49:33","date_gmt":"2022-06-07T19:49:33","guid":{"rendered":"http:\/\/xactskateshop.com\/product\/gants-de-courte-piste-x-series-speed\/"},"modified":"2026-04-14T17:03:16","modified_gmt":"2026-04-14T21:03:16","slug":"gants-de-courte-piste-x-series-speed","status":"publish","type":"product","link":"https:\/\/xactskateshop.com\/fr\/produit\/gants-de-courte-piste-x-series-speed\/","title":{"rendered":"Gants de Courte Piste X-Series Speed"},"content":{"rendered":"<div id=\"product-content\" class=\"product-content general-content content-col mobile-popup\" data-popup=\"product-content\">\n<div class=\"popup-inner\">\n<div id=\"product-content\" class=\"product-content general-content content-col mobile-popup\" data-popup=\"product-content\">\n<p>Gants de Courte Piste Speed de la s\u00e9rie X<\/p>\n<p>Les gants de Courte Piste de la s\u00e9rie X sont fabriqu\u00e9s en cuir synth\u00e9tique et en lycra avec un mat\u00e9riau Spectra de niveau 4 r\u00e9sistant aux coupures \u00e0 l&#8217;int\u00e9rieur. Ils n&#8217;ont pas de velcro, juste une manchette. Ils ont une paume plus longue et plus large avec un ajustement incroyable.  <\/p>\n<p data-start=\"0\" data-end=\"265\">Spectra\u00ae est une fibre de poly\u00e9thyl\u00e8ne haute performance connue pour sa r\u00e9sistance exceptionnelle aux coupures, sa solidit\u00e9 et sa l\u00e9g\u00e8ret\u00e9. Elle est souvent utilis\u00e9e dans les gants r\u00e9sistants aux coupures, les v\u00eatements de protection et les applications industrielles o\u00f9 la s\u00e9curit\u00e9 contre les objets tranchants est requise. <\/p>\n<h3 data-start=\"267\" data-end=\"327\"><strong data-start=\"271\" data-end=\"327\">Caract\u00e9ristiques principales du mat\u00e9riau Spectra\u00ae en mati\u00e8re de r\u00e9sistance \u00e0 la coupure :<\/strong><\/h3>\n<ol data-start=\"328\" data-end=\"1641\">\n<li data-start=\"328\" data-end=\"561\">\n<p data-start=\"331\" data-end=\"357\"><strong data-start=\"331\" data-end=\"355\">Haute r\u00e9sistance \u00e0 la coupure :<\/strong><\/p>\n<ul data-start=\"361\" data-end=\"561\">\n<li data-start=\"361\" data-end=\"486\">Les fibres Spectra\u00ae sont jusqu&#8217;\u00e0 <strong data-start=\"389\" data-end=\"421\">15 fois plus r\u00e9sistantes que l&#8217;acier<\/strong> (en poids), ce qui les rend tr\u00e8s r\u00e9sistantes aux coupures et \u00e0 l&#8217;abrasion.<\/li>\n<li data-start=\"490\" data-end=\"561\">Ils offrent une <strong data-start=\"503\" data-end=\"529\">durabilit\u00e9 exceptionnelle<\/strong> contre les lames et les outils tranchants.<\/li>\n<\/ul>\n<\/li>\n<li data-start=\"563\" data-end=\"814\">\n<p data-start=\"566\" data-end=\"598\"><strong data-start=\"566\" data-end=\"596\">L\u00e9ger et confortable :<\/strong><\/p>\n<ul data-start=\"602\" data-end=\"814\">\n<li data-start=\"602\" data-end=\"720\">Malgr\u00e9 sa r\u00e9sistance, le Spectra\u00ae est l\u00e9ger et confortable, ce qui le rend id\u00e9al pour une utilisation prolong\u00e9e dans les \u00e9quipements de protection.<\/li>\n<li data-start=\"724\" data-end=\"814\">Il permet la <strong data-start=\"736\" data-end=\"765\">dext\u00e9rit\u00e9 et la flexibilit\u00e9<\/strong>, contrairement \u00e0 certains mat\u00e9riaux r\u00e9sistants aux coupures.<\/li>\n<\/ul>\n<\/li>\n<li data-start=\"816\" data-end=\"1010\">\n<p data-start=\"819\" data-end=\"856\"><strong data-start=\"819\" data-end=\"854\">R\u00e9sistance \u00e0 l&#8217;humidit\u00e9 et aux produits chimiques :<\/strong><\/p>\n<ul data-start=\"860\" data-end=\"1010\">\n<li data-start=\"860\" data-end=\"934\">Il n&#8217;absorbe pas l&#8217;humidit\u00e9, \u00e9vitant ainsi la d\u00e9gradation due \u00e0 la sueur ou \u00e0 l&#8217;eau.<\/li>\n<li data-start=\"938\" data-end=\"1010\">R\u00e9sistant \u00e0 de nombreux produits chimiques, il assure une long\u00e9vit\u00e9 dans les environnements difficiles.<\/li>\n<\/ul>\n<\/li>\n<li data-start=\"1012\" data-end=\"1396\">\n<p data-start=\"1015\" data-end=\"1034\"><strong data-start=\"1015\" data-end=\"1032\">Applications :<\/strong><\/p>\n<ul data-start=\"1038\" data-end=\"1396\">\n<li data-start=\"1038\" data-end=\"1144\"><strong data-start=\"1040\" data-end=\"1064\">Gants r\u00e9sistants aux coupures<\/strong> (utilis\u00e9s dans des industries telles que l&#8217;agroalimentaire, la construction et les forces de l&#8217;ordre).<\/li>\n<li data-start=\"1148\" data-end=\"1235\"><strong data-start=\"1150\" data-end=\"1188\">Les gilets pare-balles et les v\u00eatements de protection<\/strong> (utilis\u00e9s par les militaires et les forces de l&#8217;ordre).<\/li>\n<li data-start=\"1239\" data-end=\"1323\"><strong data-start=\"1241\" data-end=\"1261\">Cordes et c\u00e2bles<\/strong> (pour une durabilit\u00e9 extr\u00eame en milieu marin et industriel).<\/li>\n<li data-start=\"1327\" data-end=\"1396\"><strong data-start=\"1329\" data-end=\"1349\">\u00c9quipement sportif<\/strong> (lignes de p\u00eache et \u00e9quipement de protection, par exemple).<\/li>\n<\/ul>\n<\/li>\n<li data-start=\"1398\" data-end=\"1641\">\n<p data-start=\"1401\" data-end=\"1439\"><strong data-start=\"1401\" data-end=\"1437\">Comparaison avec d&#8217;autres mat\u00e9riaux :<\/strong><\/p>\n<ul data-start=\"1443\" data-end=\"1641\">\n<li data-start=\"1443\" data-end=\"1504\">Plus r\u00e9sistant aux coupures que le <strong data-start=\"1469\" data-end=\"1480\">Kevlar\u00ae<\/strong> dans de nombreuses applications.<\/li>\n<li data-start=\"1508\" data-end=\"1560\">Plus l\u00e9gers et plus r\u00e9sistants que les gants <strong data-start=\"1536\" data-end=\"1550\">en maille d&#8217;acier<\/strong>.<\/li>\n<li data-start=\"1564\" data-end=\"1641\">Offre une protection \u00e9lev\u00e9e avec plus de confort que le <strong data-start=\"1612\" data-end=\"1624\">Dyneema\u00ae<\/strong> dans certains cas.<\/li>\n<\/ul>\n<\/li>\n<\/ol>\n<p>D\u00e9couvrez notre collection de gants <a href=\"http:\/\/xactskateshop.com\/product-category\/speed-skating\/skating-protection-gear\/gloves-tips\/\">ici<\/a><\/p>\n<\/div>\n<\/div>\n<\/div>\n","protected":false},"excerpt":{"rendered":"<hr>\n<p style=\"text-align: center;\">Gants de Courte Piste Speed de la s\u00e9rie X<\/p>\n<p style=\"text-align: center;\">Ces gants sont fabriqu\u00e9s en cuir synth\u00e9tique et en lycra avec un mat\u00e9riau Spectra r\u00e9sistant aux coupures de niveau 4 \u00e0 l&#8217;int\u00e9rieur. Ils n&#8217;ont pas de velcro, juste une manchette. Ils ont une paume plus longue et plus large avec un ajustement incroyable.  <\/p>\n<hr>\n<p>&nbsp;<\/p>\n","protected":false},"featured_media":29722,"comment_status":"open","ping_status":"closed","template":"","meta":{"site-sidebar-layout":"default","site-content-layout":"default","ast-site-content-layout":"default","site-content-style":"default","site-sidebar-style":"default","ast-global-header-display":"","ast-banner-title-visibility":"","ast-main-header-display":"","ast-hfb-above-header-display":"","ast-hfb-below-header-display":"","ast-hfb-mobile-header-display":"","site-post-title":"","ast-breadcrumbs-content":"","ast-featured-img":"","footer-sml-layout":"","theme-transparent-header-meta":"default","adv-header-id-meta":"","stick-header-meta":"","header-above-stick-meta":"","header-main-stick-meta":"","header-below-stick-meta":"","astra-migrate-meta-layouts":"default","ast-page-background-enabled":"default","ast-page-background-meta":{"desktop":{"background-color":"","background-image":"","background-repeat":"repeat","background-position":"center center","background-size":"auto","background-attachment":"scroll","background-type":"","background-media":"","overlay-type":"","overlay-color":"","overlay-opacity":"","overlay-gradient":""},"tablet":{"background-color":"","background-image":"","background-repeat":"repeat","background-position":"center center","background-size":"auto","background-attachment":"scroll","background-type":"","background-media":"","overlay-type":"","overlay-color":"","overlay-opacity":"","overlay-gradient":""},"mobile":{"background-color":"","background-image":"","background-repeat":"repeat","background-position":"center center","background-size":"auto","background-attachment":"scroll","background-type":"","background-media":"","overlay-type":"","overlay-color":"","overlay-opacity":"","overlay-gradient":""}},"ast-content-background-meta":{"desktop":{"background-color":"var(--ast-global-color-5)","background-image":"","background-repeat":"repeat","background-position":"center center","background-size":"auto","background-attachment":"scroll","background-type":"","background-media":"","overlay-type":"","overlay-color":"","overlay-opacity":"","overlay-gradient":""},"tablet":{"background-color":"var(--ast-global-color-5)","background-image":"","background-repeat":"repeat","background-position":"center center","background-size":"auto","background-attachment":"scroll","background-type":"","background-media":"","overlay-type":"","overlay-color":"","overlay-opacity":"","overlay-gradient":""},"mobile":{"background-color":"var(--ast-global-color-5)","background-image":"","background-repeat":"repeat","background-position":"center center","background-size":"auto","background-attachment":"scroll","background-type":"","background-media":"","overlay-type":"","overlay-color":"","overlay-opacity":"","overlay-gradient":""}}},"product_brand":[],"product_cat":[1612,1613,1435,1353],"product_tag":[1356],"class_list":{"0":"post-56286","1":"product","2":"type-product","3":"status-publish","4":"has-post-thumbnail","6":"product_cat-equipement-de-protection-patinage-de-vitesse-courte-piste","7":"product_cat-gants-et-tips","8":"product_cat-liquidation","9":"product_cat-patinage-de-vitesse","10":"product_tag-courte-piste-fr","11":"desktop-align-center","12":"tablet-align-center","13":"mobile-align-center","14":"ast-product-gallery-layout-horizontal","15":"ast-product-single-variable","16":"ast-product-tabs-layout-horizontal","17":"ast-qv-on-image","19":"first","20":"instock","21":"sale","22":"taxable","23":"shipping-taxable","24":"purchasable","25":"product-type-variable"},"bundled_by":[],"bundle_stock_status":"instock","bundle_stock_quantity":null,"bundle_virtual":false,"bundle_layout":"","bundle_add_to_cart_form_location":"","bundle_editable_in_cart":false,"bundle_sold_individually_context":"","bundle_item_grouping":"","bundle_min_size":"","bundle_max_size":"","bundle_price":[],"bundled_items":[],"bundle_sell_ids":[],"yoast_head":"<!-- This site is optimized with the Yoast SEO plugin v27.4 - https:\/\/yoast.com\/product\/yoast-seo-wordpress\/ -->\n<title>Gants de Courte Piste X-Series Speed - Xact Skate Shop.<\/title>\n<meta name=\"description\" content=\"Gants de short track X-Series Speed. Fabriqu\u00e9s en cuir synth\u00e9tique et en lycra. Mat\u00e9riau Spectra de niveau 4 r\u00e9sistant aux coupures \u00e0 l&#039;int\u00e9rieur. Manchette sans velcro.\" \/>\n<meta name=\"robots\" content=\"index, follow, max-snippet:-1, max-image-preview:large, max-video-preview:-1\" \/>\n<link rel=\"canonical\" href=\"https:\/\/xactskateshop.com\/fr\/produit\/gants-de-courte-piste-x-series-speed\/\" \/>\n<meta property=\"og:locale\" content=\"fr_FR\" \/>\n<meta property=\"og:type\" content=\"article\" \/>\n<meta property=\"og:title\" content=\"Gants de Courte Piste X-Series Speed - Xact Skate Shop.\" \/>\n<meta property=\"og:description\" content=\"Gants de short track X-Series Speed. Fabriqu\u00e9s en cuir synth\u00e9tique et en lycra. Mat\u00e9riau Spectra de niveau 4 r\u00e9sistant aux coupures \u00e0 l&#039;int\u00e9rieur. Manchette sans velcro.\" \/>\n<meta property=\"og:url\" content=\"https:\/\/xactskateshop.com\/fr\/produit\/gants-de-courte-piste-x-series-speed\/\" \/>\n<meta property=\"og:site_name\" content=\"Xact Skate Shop\" \/>\n<meta property=\"article:publisher\" content=\"https:\/\/www.facebook.com\/JeanLouiskateshop\" \/>\n<meta property=\"article:modified_time\" content=\"2026-04-14T21:03:16+00:00\" \/>\n<meta property=\"og:image\" content=\"https:\/\/xactskateshop.com\/wp-content\/uploads\/2022\/06\/new-glove-final.jpg\" \/>\n\t<meta property=\"og:image:width\" content=\"1000\" \/>\n\t<meta property=\"og:image:height\" content=\"1000\" \/>\n\t<meta property=\"og:image:type\" content=\"image\/jpeg\" \/>\n<meta name=\"twitter:card\" content=\"summary_large_image\" \/>\n<meta name=\"twitter:label1\" content=\"Dur\u00e9e de lecture estim\u00e9e\" \/>\n\t<meta name=\"twitter:data1\" content=\"2 minutes\" \/>\n<script type=\"application\/ld+json\" class=\"yoast-schema-graph\">{\"@context\":\"https:\\\/\\\/schema.org\",\"@graph\":[{\"@type\":\"WebPage\",\"@id\":\"https:\\\/\\\/xactskateshop.com\\\/fr\\\/produit\\\/gants-de-courte-piste-x-series-speed\\\/\",\"url\":\"https:\\\/\\\/xactskateshop.com\\\/fr\\\/produit\\\/gants-de-courte-piste-x-series-speed\\\/\",\"name\":\"Gants de Courte Piste X-Series Speed - Xact Skate Shop.\",\"isPartOf\":{\"@id\":\"http:\\\/\\\/xactskateshop.com\\\/fr\\\/#website\"},\"primaryImageOfPage\":{\"@id\":\"https:\\\/\\\/xactskateshop.com\\\/fr\\\/produit\\\/gants-de-courte-piste-x-series-speed\\\/#primaryimage\"},\"image\":{\"@id\":\"https:\\\/\\\/xactskateshop.com\\\/fr\\\/produit\\\/gants-de-courte-piste-x-series-speed\\\/#primaryimage\"},\"thumbnailUrl\":\"https:\\\/\\\/xactskateshop.com\\\/wp-content\\\/uploads\\\/2022\\\/06\\\/new-glove-final.jpg\",\"datePublished\":\"2022-06-07T19:49:33+00:00\",\"dateModified\":\"2026-04-14T21:03:16+00:00\",\"description\":\"Gants de short track X-Series Speed. Fabriqu\u00e9s en cuir synth\u00e9tique et en lycra. Mat\u00e9riau Spectra de niveau 4 r\u00e9sistant aux coupures \u00e0 l'int\u00e9rieur. Manchette sans velcro.\",\"breadcrumb\":{\"@id\":\"https:\\\/\\\/xactskateshop.com\\\/fr\\\/produit\\\/gants-de-courte-piste-x-series-speed\\\/#breadcrumb\"},\"inLanguage\":\"fr-FR\",\"potentialAction\":[{\"@type\":\"ReadAction\",\"target\":[\"https:\\\/\\\/xactskateshop.com\\\/fr\\\/produit\\\/gants-de-courte-piste-x-series-speed\\\/\"]}]},{\"@type\":\"ImageObject\",\"inLanguage\":\"fr-FR\",\"@id\":\"https:\\\/\\\/xactskateshop.com\\\/fr\\\/produit\\\/gants-de-courte-piste-x-series-speed\\\/#primaryimage\",\"url\":\"https:\\\/\\\/xactskateshop.com\\\/wp-content\\\/uploads\\\/2022\\\/06\\\/new-glove-final.jpg\",\"contentUrl\":\"https:\\\/\\\/xactskateshop.com\\\/wp-content\\\/uploads\\\/2022\\\/06\\\/new-glove-final.jpg\",\"width\":1000,\"height\":1000,\"caption\":\"Gants de Courte Piste X-Series Speed\"},{\"@type\":\"BreadcrumbList\",\"@id\":\"https:\\\/\\\/xactskateshop.com\\\/fr\\\/produit\\\/gants-de-courte-piste-x-series-speed\\\/#breadcrumb\",\"itemListElement\":[{\"@type\":\"ListItem\",\"position\":1,\"name\":\"Home\",\"item\":\"https:\\\/\\\/xactskateshop.com\\\/fr\\\/accueil\\\/\"},{\"@type\":\"ListItem\",\"position\":2,\"name\":\"Boutique\",\"item\":\"https:\\\/\\\/xactskateshop.com\\\/shop\\\/\"},{\"@type\":\"ListItem\",\"position\":3,\"name\":\"Gants de Courte Piste X-Series Speed\"}]},{\"@type\":\"WebSite\",\"@id\":\"http:\\\/\\\/xactskateshop.com\\\/fr\\\/#website\",\"url\":\"http:\\\/\\\/xactskateshop.com\\\/fr\\\/\",\"name\":\"Xact Skate Shop\",\"description\":\"Un site utilisant WordPress\",\"publisher\":{\"@id\":\"http:\\\/\\\/xactskateshop.com\\\/fr\\\/#organization\"},\"potentialAction\":[{\"@type\":\"SearchAction\",\"target\":{\"@type\":\"EntryPoint\",\"urlTemplate\":\"http:\\\/\\\/xactskateshop.com\\\/fr\\\/?s={search_term_string}\"},\"query-input\":{\"@type\":\"PropertyValueSpecification\",\"valueRequired\":true,\"valueName\":\"search_term_string\"}}],\"inLanguage\":\"fr-FR\"},{\"@type\":\"Organization\",\"@id\":\"http:\\\/\\\/xactskateshop.com\\\/fr\\\/#organization\",\"name\":\"XACT Skate Shop\",\"url\":\"http:\\\/\\\/xactskateshop.com\\\/fr\\\/\",\"logo\":{\"@type\":\"ImageObject\",\"inLanguage\":\"fr-FR\",\"@id\":\"http:\\\/\\\/xactskateshop.com\\\/fr\\\/#\\\/schema\\\/logo\\\/image\\\/\",\"url\":\"http:\\\/\\\/xactskateshop.com\\\/wp-content\\\/uploads\\\/2024\\\/04\\\/xactskateshop-dot-com-avec-contour-noir-sans-fond-675x.jpg\",\"contentUrl\":\"http:\\\/\\\/xactskateshop.com\\\/wp-content\\\/uploads\\\/2024\\\/04\\\/xactskateshop-dot-com-avec-contour-noir-sans-fond-675x.jpg\",\"width\":675,\"height\":247,\"caption\":\"XACT Skate Shop\"},\"image\":{\"@id\":\"http:\\\/\\\/xactskateshop.com\\\/fr\\\/#\\\/schema\\\/logo\\\/image\\\/\"},\"sameAs\":[\"https:\\\/\\\/www.facebook.com\\\/JeanLouiskateshop\"]}]}<\/script>\n<!-- \/ Yoast SEO plugin. -->","yoast_head_json":{"title":"Gants de Courte Piste X-Series Speed - Xact Skate Shop.","description":"Gants de short track X-Series Speed. Fabriqu\u00e9s en cuir synth\u00e9tique et en lycra. Mat\u00e9riau Spectra de niveau 4 r\u00e9sistant aux coupures \u00e0 l'int\u00e9rieur. Manchette sans velcro.","robots":{"index":"index","follow":"follow","max-snippet":"max-snippet:-1","max-image-preview":"max-image-preview:large","max-video-preview":"max-video-preview:-1"},"canonical":"https:\/\/xactskateshop.com\/fr\/produit\/gants-de-courte-piste-x-series-speed\/","og_locale":"fr_FR","og_type":"article","og_title":"Gants de Courte Piste X-Series Speed - Xact Skate Shop.","og_description":"Gants de short track X-Series Speed. Fabriqu\u00e9s en cuir synth\u00e9tique et en lycra. Mat\u00e9riau Spectra de niveau 4 r\u00e9sistant aux coupures \u00e0 l'int\u00e9rieur. Manchette sans velcro.","og_url":"https:\/\/xactskateshop.com\/fr\/produit\/gants-de-courte-piste-x-series-speed\/","og_site_name":"Xact Skate Shop","article_publisher":"https:\/\/www.facebook.com\/JeanLouiskateshop","article_modified_time":"2026-04-14T21:03:16+00:00","og_image":[{"width":1000,"height":1000,"url":"https:\/\/xactskateshop.com\/wp-content\/uploads\/2022\/06\/new-glove-final.jpg","type":"image\/jpeg"}],"twitter_card":"summary_large_image","twitter_misc":{"Dur\u00e9e de lecture estim\u00e9e":"2 minutes"},"schema":{"@context":"https:\/\/schema.org","@graph":[{"@type":"WebPage","@id":"https:\/\/xactskateshop.com\/fr\/produit\/gants-de-courte-piste-x-series-speed\/","url":"https:\/\/xactskateshop.com\/fr\/produit\/gants-de-courte-piste-x-series-speed\/","name":"Gants de Courte Piste X-Series Speed - Xact Skate Shop.","isPartOf":{"@id":"http:\/\/xactskateshop.com\/fr\/#website"},"primaryImageOfPage":{"@id":"https:\/\/xactskateshop.com\/fr\/produit\/gants-de-courte-piste-x-series-speed\/#primaryimage"},"image":{"@id":"https:\/\/xactskateshop.com\/fr\/produit\/gants-de-courte-piste-x-series-speed\/#primaryimage"},"thumbnailUrl":"https:\/\/xactskateshop.com\/wp-content\/uploads\/2022\/06\/new-glove-final.jpg","datePublished":"2022-06-07T19:49:33+00:00","dateModified":"2026-04-14T21:03:16+00:00","description":"Gants de short track X-Series Speed. Fabriqu\u00e9s en cuir synth\u00e9tique et en lycra. Mat\u00e9riau Spectra de niveau 4 r\u00e9sistant aux coupures \u00e0 l'int\u00e9rieur. Manchette sans velcro.","breadcrumb":{"@id":"https:\/\/xactskateshop.com\/fr\/produit\/gants-de-courte-piste-x-series-speed\/#breadcrumb"},"inLanguage":"fr-FR","potentialAction":[{"@type":"ReadAction","target":["https:\/\/xactskateshop.com\/fr\/produit\/gants-de-courte-piste-x-series-speed\/"]}]},{"@type":"ImageObject","inLanguage":"fr-FR","@id":"https:\/\/xactskateshop.com\/fr\/produit\/gants-de-courte-piste-x-series-speed\/#primaryimage","url":"https:\/\/xactskateshop.com\/wp-content\/uploads\/2022\/06\/new-glove-final.jpg","contentUrl":"https:\/\/xactskateshop.com\/wp-content\/uploads\/2022\/06\/new-glove-final.jpg","width":1000,"height":1000,"caption":"Gants de Courte Piste X-Series Speed"},{"@type":"BreadcrumbList","@id":"https:\/\/xactskateshop.com\/fr\/produit\/gants-de-courte-piste-x-series-speed\/#breadcrumb","itemListElement":[{"@type":"ListItem","position":1,"name":"Home","item":"https:\/\/xactskateshop.com\/fr\/accueil\/"},{"@type":"ListItem","position":2,"name":"Boutique","item":"https:\/\/xactskateshop.com\/shop\/"},{"@type":"ListItem","position":3,"name":"Gants de Courte Piste X-Series Speed"}]},{"@type":"WebSite","@id":"http:\/\/xactskateshop.com\/fr\/#website","url":"http:\/\/xactskateshop.com\/fr\/","name":"Xact Skate Shop","description":"Un site utilisant WordPress","publisher":{"@id":"http:\/\/xactskateshop.com\/fr\/#organization"},"potentialAction":[{"@type":"SearchAction","target":{"@type":"EntryPoint","urlTemplate":"http:\/\/xactskateshop.com\/fr\/?s={search_term_string}"},"query-input":{"@type":"PropertyValueSpecification","valueRequired":true,"valueName":"search_term_string"}}],"inLanguage":"fr-FR"},{"@type":"Organization","@id":"http:\/\/xactskateshop.com\/fr\/#organization","name":"XACT Skate Shop","url":"http:\/\/xactskateshop.com\/fr\/","logo":{"@type":"ImageObject","inLanguage":"fr-FR","@id":"http:\/\/xactskateshop.com\/fr\/#\/schema\/logo\/image\/","url":"http:\/\/xactskateshop.com\/wp-content\/uploads\/2024\/04\/xactskateshop-dot-com-avec-contour-noir-sans-fond-675x.jpg","contentUrl":"http:\/\/xactskateshop.com\/wp-content\/uploads\/2024\/04\/xactskateshop-dot-com-avec-contour-noir-sans-fond-675x.jpg","width":675,"height":247,"caption":"XACT Skate Shop"},"image":{"@id":"http:\/\/xactskateshop.com\/fr\/#\/schema\/logo\/image\/"},"sameAs":["https:\/\/www.facebook.com\/JeanLouiskateshop"]}]}},"_links":{"self":[{"href":"https:\/\/xactskateshop.com\/fr\/wp-json\/wp\/v2\/product\/56286","targetHints":{"allow":["GET"]}}],"collection":[{"href":"https:\/\/xactskateshop.com\/fr\/wp-json\/wp\/v2\/product"}],"about":[{"href":"https:\/\/xactskateshop.com\/fr\/wp-json\/wp\/v2\/types\/product"}],"replies":[{"embeddable":true,"href":"https:\/\/xactskateshop.com\/fr\/wp-json\/wp\/v2\/comments?post=56286"}],"wp:featuredmedia":[{"embeddable":true,"href":"https:\/\/xactskateshop.com\/fr\/wp-json\/wp\/v2\/media\/29722"}],"wp:attachment":[{"href":"https:\/\/xactskateshop.com\/fr\/wp-json\/wp\/v2\/media?parent=56286"}],"wp:term":[{"taxonomy":"product_brand","embeddable":true,"href":"https:\/\/xactskateshop.com\/fr\/wp-json\/wp\/v2\/product_brand?post=56286"},{"taxonomy":"product_cat","embeddable":true,"href":"https:\/\/xactskateshop.com\/fr\/wp-json\/wp\/v2\/product_cat?post=56286"},{"taxonomy":"product_tag","embeddable":true,"href":"https:\/\/xactskateshop.com\/fr\/wp-json\/wp\/v2\/product_tag?post=56286"}],"curies":[{"name":"wp","href":"https:\/\/api.w.org\/{rel}","templated":true}]}}