{"id":56205,"date":"2022-05-31T16:44:08","date_gmt":"2022-05-31T20:44:08","guid":{"rendered":"http:\/\/xactskateshop.com\/product\/ensemble-bont-pink-patriot-carbon-evo-krypton-12c27\/"},"modified":"2026-03-19T12:12:37","modified_gmt":"2026-03-19T16:12:37","slug":"ensemble-bont-rose-patriot-carbon-evo-krypton","status":"publish","type":"product","link":"https:\/\/xactskateshop.com\/fr\/produit\/ensemble-bont-rose-patriot-carbon-evo-krypton\/","title":{"rendered":"Ensemble BONT Rose Patriot Carbon\/EVO Krypton"},"content":{"rendered":"<h2>Ensemble BONT Rose Patriot Carbon\/EVO Krypton 12c27<\/h2>\n<p>Les patineurs de Courte Piste se sentent indestructibles. C&#8217;est une attitude qui leur permet de repousser toutes les limites. Voici la chaussure en carbone Courte Piste Patriot. Regardez de pr\u00e8s. \u00c9coutez. Il n&#8217;est pas difficile de retrouver notre riche tradition de lignes \u00e9pur\u00e9es et d&#8217;attitude franche dans notre dernier mod\u00e8le short track. Nous sommes une marque qui continue \u00e0 refuser la pens\u00e9e conventionnelle tout en poussant nos propres designs classiques au moins un peu plus loin \u00e0 chaque fois. La Patriot est une botte qui devrait co\u00fbter plus de 1000$ avec de la fibre de carbone pos\u00e9e \u00e0 la main et le syst\u00e8me unique d&#8217;enveloppement par pression de Bonts qui enl\u00e8ve plus d&#8217;exc\u00e8s de r\u00e9sine que n&#8217;importe quelle autre technique de pose de carbone.<\/p>\n<div>\n<h3><b>Caract\u00e9ristiques<\/b><\/h3>\n<div>\n<ul>\n<li><strong>Base :<\/strong> Base en composite de carbone pos\u00e9e \u00e0 la main<\/li>\n<li><strong>Rev\u00eatement ext\u00e9rieur :<\/strong> Microfibre \/ microfibre mate<\/li>\n<li><strong>Doublure :<\/strong> Microfibre<\/li>\n<li><strong>Semelle int\u00e9rieure :<\/strong> Cuir<\/li>\n<li><strong>Thermoformable :<\/strong> Base enti\u00e8rement thermoformable utilisant une r\u00e9sine \u00e9poxy thermodurcissable.<\/li>\n<li><strong>Rembourrage :<\/strong> Mousse \u00e0 m\u00e9moire de forme haute densit\u00e9<\/li>\n<li><strong>Options de fermeture<\/strong>: Lacets cir\u00e9s, cache-lacets et deux bandes velcro<\/li>\n<li><strong>Options d&#8217;ajustement :<\/strong> Standard, \u00c9troit (+80$), Large (+80$)<strong> (Les options \u00c9troit ou Large peuvent prendre jusqu&#8217;\u00e0 4-6 semaines pour \u00eatre livr\u00e9es). Factur\u00e9 s\u00e9par\u00e9ment<\/strong><\/li>\n<li><strong>Monture : <\/strong>165mm<\/li>\n<\/ul>\n<\/div>\n<\/div>\n<div>\n<h3>Caract\u00e9ristiques de la lame EVO Krypton<\/h3>\n<\/div>\n<ul>\n<li>Con\u00e7ue comme une lame agile, r\u00e9active et durable,<\/li>\n<li>Un produit de grande valeur offrant une excellente qualit\u00e9 \u00e0 un prix plus abordable,<\/li>\n<li>La technologie du tube Krypton a \u00e9t\u00e9 mise en \u0153uvre dans le mod\u00e8le 12C27,<\/li>\n<li>Le 12C27 est un acier durable, qui conserve un tranchant et une qualit\u00e9 d&#8217;ar\u00eate excellents,<\/li>\n<li>Le 12C27 est fabriqu\u00e9 selon les m\u00eames sp\u00e9cifications et tol\u00e9rances que nos patins PM et bi-m\u00e9tal,<\/li>\n<li>Aluminium de premi\u00e8re qualit\u00e9 d&#8217;origine n\u00e9erlandaise et acier 12C27,<\/li>\n<li>Le syst\u00e8me de coupelles innovant d&#8217;Evo offre une interface de montage solide avec une mise en place et un r\u00e9glage simples et efficaces,<\/li>\n<li>Des coupes plus hautes de 5 mm sont \u00e9galement disponibles sur demande sp\u00e9ciale,<\/li>\n<li>Cintrage : Cintrage \u00e0 la machine,<\/li>\n<li>Tailles : 14.0\u2033, 14.5\u2033, 15.0\u2033, 15.5\u2033, 16.0\u2033, 16.5\u2033, 17.0\u2033, 17.5\u2033.<\/li>\n<\/ul>\n<p><strong><em>LA LONGUEUR DE LA LAME PEUT \u00caTRE MODIFI\u00c9E, VEUILLEZ PR\u00c9CISER LA LONGUEUR SOUHAIT\u00c9E DANS LA CASE COMMENTAIRE LORS DE VOTRE COMMANDE.<\/em><\/strong><\/p>\n<h6><span style=\"color: #ff0000;\">Pr\u00e9paration des lames : Nous r\u00e9alisons un rocker progressif ST-3 sur ces lames.<\/span><span style=\"color: #0000ff;\"> <a style=\"color: #0000ff;\" href=\"https:\/\/xactskateshop.com\/fr\/produit\/berceau-sur-lame-de-courte-piste\/\">(voir les num\u00e9ros ici)<\/a> <\/span><span style=\"color: #ff0000;\">ainsi que le bend correspondant<\/span><\/h6>\n<p>TROUVEZ VOTRE TAILLE <a href=\"https:\/\/canada.bont.com\/pages\/sizing\">ici<\/a><\/p>\n","protected":false},"excerpt":{"rendered":"<hr \/>\n<p style=\"text-align: center;\"><strong>****** veuillez nous contacter \u00e0 info@xactskateshop.com pour conna\u00eetre la disponibilit\u00e9 de la taille avant de passer commande******<\/strong><\/p>\n<hr \/>\n<p>&nbsp;<\/p>\n","protected":false},"featured_media":29696,"comment_status":"open","ping_status":"closed","template":"","meta":{"site-sidebar-layout":"default","site-content-layout":"default","ast-site-content-layout":"default","site-content-style":"default","site-sidebar-style":"default","ast-global-header-display":"","ast-banner-title-visibility":"","ast-main-header-display":"","ast-hfb-above-header-display":"","ast-hfb-below-header-display":"","ast-hfb-mobile-header-display":"","site-post-title":"","ast-breadcrumbs-content":"","ast-featured-img":"","footer-sml-layout":"","theme-transparent-header-meta":"default","adv-header-id-meta":"","stick-header-meta":"","header-above-stick-meta":"","header-main-stick-meta":"","header-below-stick-meta":"","astra-migrate-meta-layouts":"set","ast-page-background-enabled":"default","ast-page-background-meta":{"desktop":{"background-color":"","background-image":"","background-repeat":"repeat","background-position":"center center","background-size":"auto","background-attachment":"scroll","background-type":"","background-media":"","overlay-type":"","overlay-color":"","overlay-opacity":"","overlay-gradient":""},"tablet":{"background-color":"","background-image":"","background-repeat":"repeat","background-position":"center center","background-size":"auto","background-attachment":"scroll","background-type":"","background-media":"","overlay-type":"","overlay-color":"","overlay-opacity":"","overlay-gradient":""},"mobile":{"background-color":"","background-image":"","background-repeat":"repeat","background-position":"center center","background-size":"auto","background-attachment":"scroll","background-type":"","background-media":"","overlay-type":"","overlay-color":"","overlay-opacity":"","overlay-gradient":""}},"ast-content-background-meta":{"desktop":{"background-color":"var(--ast-global-color-5)","background-image":"","background-repeat":"repeat","background-position":"center center","background-size":"auto","background-attachment":"scroll","background-type":"","background-media":"","overlay-type":"","overlay-color":"","overlay-opacity":"","overlay-gradient":""},"tablet":{"background-color":"var(--ast-global-color-5)","background-image":"","background-repeat":"repeat","background-position":"center center","background-size":"auto","background-attachment":"scroll","background-type":"","background-media":"","overlay-type":"","overlay-color":"","overlay-opacity":"","overlay-gradient":""},"mobile":{"background-color":"var(--ast-global-color-5)","background-image":"","background-repeat":"repeat","background-position":"center center","background-size":"auto","background-attachment":"scroll","background-type":"","background-media":"","overlay-type":"","overlay-color":"","overlay-opacity":"","overlay-gradient":""}}},"product_brand":[],"product_cat":[1354,1355,1353],"product_tag":[1356],"class_list":{"0":"post-56205","1":"product","2":"type-product","3":"status-publish","4":"has-post-thumbnail","6":"product_cat-courte-piste","7":"product_cat-ensembles-bottines-et-lames-courte-piste","8":"product_cat-patinage-de-vitesse","9":"product_tag-courte-piste-fr","10":"desktop-align-center","11":"tablet-align-center","12":"mobile-align-center","13":"ast-product-gallery-layout-horizontal","14":"ast-product-single-variable","15":"ast-product-tabs-layout-horizontal","16":"ast-qv-on-image","18":"first","19":"instock","20":"sale","21":"taxable","22":"shipping-taxable","23":"purchasable","24":"product-type-variable"},"bundled_by":[],"bundle_stock_status":"instock","bundle_stock_quantity":null,"bundle_virtual":false,"bundle_layout":"","bundle_add_to_cart_form_location":"","bundle_editable_in_cart":false,"bundle_sold_individually_context":"","bundle_item_grouping":"","bundle_min_size":"","bundle_max_size":"","bundle_price":[],"bundled_items":[],"bundle_sell_ids":[],"yoast_head":"<!-- This site is optimized with the Yoast SEO plugin v27.4 - https:\/\/yoast.com\/product\/yoast-seo-wordpress\/ -->\n<title>Ensemble BONT Rose Patriot Carbon\/EVO Krypton - Xact Skate Shop.<\/title>\n<meta name=\"description\" content=\"BONT Patriot Carbon Rose \/EVO Krypton. Les patineurs de Courte Piste se sentent indestructibles. C&#039;est qui leur permet de repousser toutes les limites.\" \/>\n<meta name=\"robots\" content=\"index, follow, max-snippet:-1, max-image-preview:large, max-video-preview:-1\" \/>\n<link rel=\"canonical\" href=\"https:\/\/xactskateshop.com\/fr\/produit\/ensemble-bont-rose-patriot-carbon-evo-krypton\/\" \/>\n<meta property=\"og:locale\" content=\"fr_FR\" \/>\n<meta property=\"og:type\" content=\"article\" \/>\n<meta property=\"og:title\" content=\"Ensemble BONT Rose Patriot Carbon\/EVO Krypton - Xact Skate Shop.\" \/>\n<meta property=\"og:description\" content=\"BONT Patriot Carbon Rose \/EVO Krypton. Les patineurs de Courte Piste se sentent indestructibles. C&#039;est qui leur permet de repousser toutes les limites.\" \/>\n<meta property=\"og:url\" content=\"https:\/\/xactskateshop.com\/fr\/produit\/ensemble-bont-rose-patriot-carbon-evo-krypton\/\" \/>\n<meta property=\"og:site_name\" content=\"Xact Skate Shop\" \/>\n<meta property=\"article:publisher\" content=\"https:\/\/www.facebook.com\/JeanLouiskateshop\" \/>\n<meta property=\"article:modified_time\" content=\"2026-03-19T16:12:37+00:00\" \/>\n<meta property=\"og:image\" content=\"https:\/\/xactskateshop.com\/wp-content\/uploads\/2022\/05\/patriot-c-pink-krypton.jpg\" \/>\n\t<meta property=\"og:image:width\" content=\"1000\" \/>\n\t<meta property=\"og:image:height\" content=\"1000\" \/>\n\t<meta property=\"og:image:type\" content=\"image\/jpeg\" \/>\n<meta name=\"twitter:card\" content=\"summary_large_image\" \/>\n<meta name=\"twitter:label1\" content=\"Dur\u00e9e de lecture estim\u00e9e\" \/>\n\t<meta name=\"twitter:data1\" content=\"2 minutes\" \/>\n<script type=\"application\/ld+json\" class=\"yoast-schema-graph\">{\"@context\":\"https:\\\/\\\/schema.org\",\"@graph\":[{\"@type\":\"WebPage\",\"@id\":\"https:\\\/\\\/xactskateshop.com\\\/fr\\\/produit\\\/ensemble-bont-rose-patriot-carbon-evo-krypton\\\/\",\"url\":\"https:\\\/\\\/xactskateshop.com\\\/fr\\\/produit\\\/ensemble-bont-rose-patriot-carbon-evo-krypton\\\/\",\"name\":\"Ensemble BONT Rose Patriot Carbon\\\/EVO Krypton - Xact Skate Shop.\",\"isPartOf\":{\"@id\":\"http:\\\/\\\/xactskateshop.com\\\/fr\\\/#website\"},\"primaryImageOfPage\":{\"@id\":\"https:\\\/\\\/xactskateshop.com\\\/fr\\\/produit\\\/ensemble-bont-rose-patriot-carbon-evo-krypton\\\/#primaryimage\"},\"image\":{\"@id\":\"https:\\\/\\\/xactskateshop.com\\\/fr\\\/produit\\\/ensemble-bont-rose-patriot-carbon-evo-krypton\\\/#primaryimage\"},\"thumbnailUrl\":\"https:\\\/\\\/xactskateshop.com\\\/wp-content\\\/uploads\\\/2022\\\/05\\\/patriot-c-pink-krypton.jpg\",\"datePublished\":\"2022-05-31T20:44:08+00:00\",\"dateModified\":\"2026-03-19T16:12:37+00:00\",\"description\":\"BONT Patriot Carbon Rose \\\/EVO Krypton. Les patineurs de Courte Piste se sentent indestructibles. C'est qui leur permet de repousser toutes les limites.\",\"breadcrumb\":{\"@id\":\"https:\\\/\\\/xactskateshop.com\\\/fr\\\/produit\\\/ensemble-bont-rose-patriot-carbon-evo-krypton\\\/#breadcrumb\"},\"inLanguage\":\"fr-FR\",\"potentialAction\":[{\"@type\":\"ReadAction\",\"target\":[\"https:\\\/\\\/xactskateshop.com\\\/fr\\\/produit\\\/ensemble-bont-rose-patriot-carbon-evo-krypton\\\/\"]}]},{\"@type\":\"ImageObject\",\"inLanguage\":\"fr-FR\",\"@id\":\"https:\\\/\\\/xactskateshop.com\\\/fr\\\/produit\\\/ensemble-bont-rose-patriot-carbon-evo-krypton\\\/#primaryimage\",\"url\":\"https:\\\/\\\/xactskateshop.com\\\/wp-content\\\/uploads\\\/2022\\\/05\\\/patriot-c-pink-krypton.jpg\",\"contentUrl\":\"https:\\\/\\\/xactskateshop.com\\\/wp-content\\\/uploads\\\/2022\\\/05\\\/patriot-c-pink-krypton.jpg\",\"width\":1000,\"height\":1000,\"caption\":\"Patriot Carbon Pink Krypton\"},{\"@type\":\"BreadcrumbList\",\"@id\":\"https:\\\/\\\/xactskateshop.com\\\/fr\\\/produit\\\/ensemble-bont-rose-patriot-carbon-evo-krypton\\\/#breadcrumb\",\"itemListElement\":[{\"@type\":\"ListItem\",\"position\":1,\"name\":\"Home\",\"item\":\"https:\\\/\\\/xactskateshop.com\\\/fr\\\/accueil\\\/\"},{\"@type\":\"ListItem\",\"position\":2,\"name\":\"Boutique\",\"item\":\"https:\\\/\\\/xactskateshop.com\\\/shop\\\/\"},{\"@type\":\"ListItem\",\"position\":3,\"name\":\"Ensemble BONT Rose Patriot Carbon\\\/EVO Krypton\"}]},{\"@type\":\"WebSite\",\"@id\":\"http:\\\/\\\/xactskateshop.com\\\/fr\\\/#website\",\"url\":\"http:\\\/\\\/xactskateshop.com\\\/fr\\\/\",\"name\":\"Xact Skate Shop\",\"description\":\"Un site utilisant WordPress\",\"publisher\":{\"@id\":\"http:\\\/\\\/xactskateshop.com\\\/fr\\\/#organization\"},\"potentialAction\":[{\"@type\":\"SearchAction\",\"target\":{\"@type\":\"EntryPoint\",\"urlTemplate\":\"http:\\\/\\\/xactskateshop.com\\\/fr\\\/?s={search_term_string}\"},\"query-input\":{\"@type\":\"PropertyValueSpecification\",\"valueRequired\":true,\"valueName\":\"search_term_string\"}}],\"inLanguage\":\"fr-FR\"},{\"@type\":\"Organization\",\"@id\":\"http:\\\/\\\/xactskateshop.com\\\/fr\\\/#organization\",\"name\":\"XACT Skate Shop\",\"url\":\"http:\\\/\\\/xactskateshop.com\\\/fr\\\/\",\"logo\":{\"@type\":\"ImageObject\",\"inLanguage\":\"fr-FR\",\"@id\":\"http:\\\/\\\/xactskateshop.com\\\/fr\\\/#\\\/schema\\\/logo\\\/image\\\/\",\"url\":\"http:\\\/\\\/xactskateshop.com\\\/wp-content\\\/uploads\\\/2024\\\/04\\\/xactskateshop-dot-com-avec-contour-noir-sans-fond-675x.jpg\",\"contentUrl\":\"http:\\\/\\\/xactskateshop.com\\\/wp-content\\\/uploads\\\/2024\\\/04\\\/xactskateshop-dot-com-avec-contour-noir-sans-fond-675x.jpg\",\"width\":675,\"height\":247,\"caption\":\"XACT Skate Shop\"},\"image\":{\"@id\":\"http:\\\/\\\/xactskateshop.com\\\/fr\\\/#\\\/schema\\\/logo\\\/image\\\/\"},\"sameAs\":[\"https:\\\/\\\/www.facebook.com\\\/JeanLouiskateshop\"]}]}<\/script>\n<!-- \/ Yoast SEO plugin. -->","yoast_head_json":{"title":"Ensemble BONT Rose Patriot Carbon\/EVO Krypton - Xact Skate Shop.","description":"BONT Patriot Carbon Rose \/EVO Krypton. Les patineurs de Courte Piste se sentent indestructibles. C'est qui leur permet de repousser toutes les limites.","robots":{"index":"index","follow":"follow","max-snippet":"max-snippet:-1","max-image-preview":"max-image-preview:large","max-video-preview":"max-video-preview:-1"},"canonical":"https:\/\/xactskateshop.com\/fr\/produit\/ensemble-bont-rose-patriot-carbon-evo-krypton\/","og_locale":"fr_FR","og_type":"article","og_title":"Ensemble BONT Rose Patriot Carbon\/EVO Krypton - Xact Skate Shop.","og_description":"BONT Patriot Carbon Rose \/EVO Krypton. Les patineurs de Courte Piste se sentent indestructibles. C'est qui leur permet de repousser toutes les limites.","og_url":"https:\/\/xactskateshop.com\/fr\/produit\/ensemble-bont-rose-patriot-carbon-evo-krypton\/","og_site_name":"Xact Skate Shop","article_publisher":"https:\/\/www.facebook.com\/JeanLouiskateshop","article_modified_time":"2026-03-19T16:12:37+00:00","og_image":[{"width":1000,"height":1000,"url":"https:\/\/xactskateshop.com\/wp-content\/uploads\/2022\/05\/patriot-c-pink-krypton.jpg","type":"image\/jpeg"}],"twitter_card":"summary_large_image","twitter_misc":{"Dur\u00e9e de lecture estim\u00e9e":"2 minutes"},"schema":{"@context":"https:\/\/schema.org","@graph":[{"@type":"WebPage","@id":"https:\/\/xactskateshop.com\/fr\/produit\/ensemble-bont-rose-patriot-carbon-evo-krypton\/","url":"https:\/\/xactskateshop.com\/fr\/produit\/ensemble-bont-rose-patriot-carbon-evo-krypton\/","name":"Ensemble BONT Rose Patriot Carbon\/EVO Krypton - Xact Skate Shop.","isPartOf":{"@id":"http:\/\/xactskateshop.com\/fr\/#website"},"primaryImageOfPage":{"@id":"https:\/\/xactskateshop.com\/fr\/produit\/ensemble-bont-rose-patriot-carbon-evo-krypton\/#primaryimage"},"image":{"@id":"https:\/\/xactskateshop.com\/fr\/produit\/ensemble-bont-rose-patriot-carbon-evo-krypton\/#primaryimage"},"thumbnailUrl":"https:\/\/xactskateshop.com\/wp-content\/uploads\/2022\/05\/patriot-c-pink-krypton.jpg","datePublished":"2022-05-31T20:44:08+00:00","dateModified":"2026-03-19T16:12:37+00:00","description":"BONT Patriot Carbon Rose \/EVO Krypton. Les patineurs de Courte Piste se sentent indestructibles. C'est qui leur permet de repousser toutes les limites.","breadcrumb":{"@id":"https:\/\/xactskateshop.com\/fr\/produit\/ensemble-bont-rose-patriot-carbon-evo-krypton\/#breadcrumb"},"inLanguage":"fr-FR","potentialAction":[{"@type":"ReadAction","target":["https:\/\/xactskateshop.com\/fr\/produit\/ensemble-bont-rose-patriot-carbon-evo-krypton\/"]}]},{"@type":"ImageObject","inLanguage":"fr-FR","@id":"https:\/\/xactskateshop.com\/fr\/produit\/ensemble-bont-rose-patriot-carbon-evo-krypton\/#primaryimage","url":"https:\/\/xactskateshop.com\/wp-content\/uploads\/2022\/05\/patriot-c-pink-krypton.jpg","contentUrl":"https:\/\/xactskateshop.com\/wp-content\/uploads\/2022\/05\/patriot-c-pink-krypton.jpg","width":1000,"height":1000,"caption":"Patriot Carbon Pink Krypton"},{"@type":"BreadcrumbList","@id":"https:\/\/xactskateshop.com\/fr\/produit\/ensemble-bont-rose-patriot-carbon-evo-krypton\/#breadcrumb","itemListElement":[{"@type":"ListItem","position":1,"name":"Home","item":"https:\/\/xactskateshop.com\/fr\/accueil\/"},{"@type":"ListItem","position":2,"name":"Boutique","item":"https:\/\/xactskateshop.com\/shop\/"},{"@type":"ListItem","position":3,"name":"Ensemble BONT Rose Patriot Carbon\/EVO Krypton"}]},{"@type":"WebSite","@id":"http:\/\/xactskateshop.com\/fr\/#website","url":"http:\/\/xactskateshop.com\/fr\/","name":"Xact Skate Shop","description":"Un site utilisant WordPress","publisher":{"@id":"http:\/\/xactskateshop.com\/fr\/#organization"},"potentialAction":[{"@type":"SearchAction","target":{"@type":"EntryPoint","urlTemplate":"http:\/\/xactskateshop.com\/fr\/?s={search_term_string}"},"query-input":{"@type":"PropertyValueSpecification","valueRequired":true,"valueName":"search_term_string"}}],"inLanguage":"fr-FR"},{"@type":"Organization","@id":"http:\/\/xactskateshop.com\/fr\/#organization","name":"XACT Skate Shop","url":"http:\/\/xactskateshop.com\/fr\/","logo":{"@type":"ImageObject","inLanguage":"fr-FR","@id":"http:\/\/xactskateshop.com\/fr\/#\/schema\/logo\/image\/","url":"http:\/\/xactskateshop.com\/wp-content\/uploads\/2024\/04\/xactskateshop-dot-com-avec-contour-noir-sans-fond-675x.jpg","contentUrl":"http:\/\/xactskateshop.com\/wp-content\/uploads\/2024\/04\/xactskateshop-dot-com-avec-contour-noir-sans-fond-675x.jpg","width":675,"height":247,"caption":"XACT Skate Shop"},"image":{"@id":"http:\/\/xactskateshop.com\/fr\/#\/schema\/logo\/image\/"},"sameAs":["https:\/\/www.facebook.com\/JeanLouiskateshop"]}]}},"_links":{"self":[{"href":"https:\/\/xactskateshop.com\/fr\/wp-json\/wp\/v2\/product\/56205","targetHints":{"allow":["GET"]}}],"collection":[{"href":"https:\/\/xactskateshop.com\/fr\/wp-json\/wp\/v2\/product"}],"about":[{"href":"https:\/\/xactskateshop.com\/fr\/wp-json\/wp\/v2\/types\/product"}],"replies":[{"embeddable":true,"href":"https:\/\/xactskateshop.com\/fr\/wp-json\/wp\/v2\/comments?post=56205"}],"wp:featuredmedia":[{"embeddable":true,"href":"https:\/\/xactskateshop.com\/fr\/wp-json\/wp\/v2\/media\/29696"}],"wp:attachment":[{"href":"https:\/\/xactskateshop.com\/fr\/wp-json\/wp\/v2\/media?parent=56205"}],"wp:term":[{"taxonomy":"product_brand","embeddable":true,"href":"https:\/\/xactskateshop.com\/fr\/wp-json\/wp\/v2\/product_brand?post=56205"},{"taxonomy":"product_cat","embeddable":true,"href":"https:\/\/xactskateshop.com\/fr\/wp-json\/wp\/v2\/product_cat?post=56205"},{"taxonomy":"product_tag","embeddable":true,"href":"https:\/\/xactskateshop.com\/fr\/wp-json\/wp\/v2\/product_tag?post=56205"}],"curies":[{"name":"wp","href":"https:\/\/api.w.org\/{rel}","templated":true}]}}