{"id":56011,"date":"2022-06-10T18:52:55","date_gmt":"2022-06-10T22:52:55","guid":{"rendered":"http:\/\/xactskateshop.com\/product\/cadomotus-hybrid-transition-sports-bag-trolley\/"},"modified":"2022-06-10T18:52:55","modified_gmt":"2022-06-10T22:52:55","slug":"cadomotus-hybrid-transition-sports-bag-trolley","status":"publish","type":"product","link":"https:\/\/xactskateshop.com\/fr\/produit\/cadomotus-hybrid-transition-sports-bag-trolley\/","title":{"rendered":"CADOMOTUS Hybrid Transition Sports Bag \/Trolley"},"content":{"rendered":"<div id=\"product-content\" class=\"product-content general-content content-col mobile-popup\" data-popup=\"product-content\">\n<div class=\"popup-inner\">\n<div id=\"product-content\" class=\"product-content general-content content-col mobile-popup\" data-popup=\"product-content\">\n<div class=\"content-left\">\n<div id=\"product-content\" class=\"product-content general-content content-col mobile-popup\" data-popup=\"product-content\">\n<div class=\"popup-inner\">\n<p>Cadomotus hybrid bag<\/p>\n<p>Ce sac est notre touche-\u00e0-tout. Un sac \u00e0 dos sur le chemin de l&#8217;entra\u00eenement, une valise \u00e0 main \u00e0 l&#8217;a\u00e9roport&#8230; <\/p>\n<p>Le meilleur sac \u00e0 dos pour le skate<\/p>\n<p><strong>Description<\/strong><\/p>\n<p><strong>Ce sac est notre touche-\u00e0-tout. Sac \u00e0 dos sur le chemin de l&#8217;entra\u00eenement, valise \u00e0 l&#8217;a\u00e9roport, pour les v\u00eatements secs et humides : avec le Hybrid, vous pouvez aller partout.   <\/strong><\/p>\n<p><strong>Apportez toutes vos affaires<\/strong><\/p>\n<p>Avec l&#8217;Hybrid, vous pouvez aller partout. Vous pouvez l&#8217;utiliser comme sac de sport pour les entra\u00eenements et les courses lorsque vous voulez garder votre \u00e9quipement organis\u00e9. L&#8217;Hybrid dispose de compartiments s\u00e9par\u00e9s pour vos v\u00eatements secs, d&#8217;une poche robuste et facile \u00e0 nettoyer pour votre \u00e9quipement humide, et vos chaussures sales, par exemple, vont \u00e0 l&#8217;ext\u00e9rieur. Lorsque vous voyagez, vous pouvez utiliser l&#8217;Hybrid comme bagage \u00e0 main, car il a les dimensions standard d&#8217;un bagage \u00e0 main. Avec son volume de 55 litres, vous pouvez emporter une quantit\u00e9 surprenante d&#8217;affaires. L&#8217;Hybrid dispose de trois compartiments \u00e0 l&#8217;int\u00e9rieur. Vous pouvez transformer ces compartiments en un seul espace plus grand afin de pouvoir ranger des objets plus volumineux. Votre casque est plac\u00e9 \u00e0 l&#8217;ext\u00e9rieur. Derri\u00e8re une fermeture \u00e0 glissi\u00e8re, vous trouverez une poche filet pour casque, que vous pouvez utiliser pour attacher le casque en toute s\u00e9curit\u00e9 \u00e0 votre sac. Vous pouvez m\u00eame emporter un ordinateur portable, que vous pouvez ranger dans la pochette matelass\u00e9e pr\u00e9vue \u00e0 cet effet.         <\/p>\n<p><strong>Trolley et sac \u00e0 dos<\/strong><\/p>\n<p>L&#8217;Hybrid a une conception robuste avec un fond renforc\u00e9, et gr\u00e2ce \u00e0 ses mat\u00e9riaux imperm\u00e9ables, vous n&#8217;avez pas \u00e0 vous retenir sous la pluie. Si vous \u00eates press\u00e9 \u00e0 l&#8217;a\u00e9roport ou si vous vous rendez \u00e0 l&#8217;entra\u00eenement \u00e0 v\u00e9lo, vous pouvez utiliser l&#8217;Hybrid comme un sac \u00e0 dos. Les bretelles sont cach\u00e9es mais faciles \u00e0 atteindre si vous voulez passer du trolley au sac \u00e0 dos. Les bretelles rembourr\u00e9es rendent ce sac confortable \u00e0 porter sur le dos.   <\/p>\n<p>Pour les sites sportifs et les a\u00e9roports<\/p>\n<p>Les compartiments ajustables vous permettent de ranger votre mat\u00e9riel facilement et de mani\u00e8re accessible. Il dispose de plusieurs poches s\u00e9curis\u00e9es pour les objets de valeur tels que votre t\u00e9l\u00e9phone, vos transpondeurs ou vos cl\u00e9s. C&#8217;est un sac que vous pouvez emmener aussi bien dans un lieu de sport qu&#8217;\u00e0 l&#8217;a\u00e9roport. Vous pouvez le rouler ou courir avec. Vous pouvez ranger soigneusement votre \u00e9quipement et il est facile \u00e0 nettoyer. Vous cherchez un sac facile \u00e0 utiliser, que vous pouvez emporter sur votre v\u00e9lo, mais vous aimez aussi le confort d&#8217;un bagage \u00e0 main \u00e0 roulettes ? L&#8217;Hybrid est le bon choix pour vous.      <\/p>\n<p><strong>Sp\u00e9cifications<\/strong><\/p>\n<p><strong>Sac \u00e0 dos Couleur <\/strong>Noir<\/p>\n<p><strong>Capacit\u00e9 du compartiment (Ltr <\/strong>) 40<\/p>\n<p><strong>Capacit\u00e9 totale de l&#8217;engrenage (Ltr <\/strong>) 55<\/p>\n<p><strong>Poids du sac \u00e0 dos (kg) <\/strong>3,2<\/p>\n<p><strong>Dimensions de l&#8217;emballage <\/strong>60x34x26cm<\/p>\n<p><strong>Fabriqu\u00e9 \u00e0 partir de <\/strong>80 % de mat\u00e9riaux recycl\u00e9s<\/p>\n<p><strong>Conforme \u00e0 la norme mondiale de recyclage <\/strong>Oui<\/p>\n<p><strong>IP64 R\u00e9sistant aux intemp\u00e9ries <\/strong>Oui<\/p>\n<p><strong>Poches ext\u00e9rieures pour les <\/strong>chaussures de cyclisme, les patins \u00e0 roulettes, les chaussures de course \u00e0 pied<\/p>\n<p><strong>Poche pour casque <\/strong>Rangement derri\u00e8re la fermeture \u00e0 glissi\u00e8re<\/p>\n<p><strong>Porte-bouteilles <\/strong>Non<\/p>\n<p><strong>Compartiment \u00e0 salissures <\/strong>Oui, \u00e9tanche<\/p>\n<p><strong>S\u00e9paration humide &#8211; s\u00e8che <\/strong>Oui, pour les v\u00eatements de sport humides<\/p>\n<p><strong>Ouverture de la porte d\u00e9rob\u00e9e <\/strong>Non<\/p>\n<p><strong>Grand compartiment de rangement <\/strong>Oui, avec les fonds enlev\u00e9s<\/p>\n<p><strong>Pochette pour ordinateur portable <\/strong>Oui, derri\u00e8re le panneau du sac<\/p>\n<p><strong>Pochettes pour outils\/accessoires <\/strong>Non<\/p>\n<p><strong>Pochette inf\u00e9rieure pliable <\/strong>Non<\/p>\n<p><strong>Acc\u00e8s facile <\/strong>Oui, en haut du sac<\/p>\n<p><strong>Pochette pour serrure \u00e0 combinaison <\/strong>Non<\/p>\n<p><strong>Pochette en velours (portable, lunettes de sport) <\/strong>Non<\/p>\n<p><strong>Suspension du sac <\/strong>Panneau arri\u00e8re rembourr\u00e9<\/p>\n<p><strong>Longueur de torse r\u00e9glable <\/strong>Oui<\/p>\n<p><strong>Ceinture de hanche escamotable <\/strong>Oui, y compris la sangle d&#8217;\u00e9paule<\/p>\n<p>Voir d&#8217;autres mod\u00e8les <a href=\"http:\/\/xactskateshop.com\/product-category\/roller-skates\/roller-skates-accessories\/\">ici<\/a><\/p>\n<\/div>\n<\/div>\n<\/div>\n<\/div>\n<\/div>\n<\/div>\n","protected":false},"excerpt":{"rendered":"<p>Cadomotus hybrid bag<\/p>\n<p>Ce sac est notre touche-\u00e0-tout. Sac \u00e0 dos sur le chemin de l&#8217;entra\u00eenement, valise \u00e0 l&#8217;a\u00e9roport, pour les v\u00eatements secs et humides : avec le Hybrid, vous pouvez aller partout. <\/p>\n","protected":false},"featured_media":29734,"comment_status":"open","ping_status":"closed","template":"","meta":{"site-sidebar-layout":"default","site-content-layout":"default","ast-site-content-layout":"default","site-content-style":"default","site-sidebar-style":"default","ast-global-header-display":"","ast-banner-title-visibility":"","ast-main-header-display":"","ast-hfb-above-header-display":"","ast-hfb-below-header-display":"","ast-hfb-mobile-header-display":"","site-post-title":"","ast-breadcrumbs-content":"","ast-featured-img":"","footer-sml-layout":"","theme-transparent-header-meta":"default","adv-header-id-meta":"","stick-header-meta":"","header-above-stick-meta":"","header-main-stick-meta":"","header-below-stick-meta":"","astra-migrate-meta-layouts":"default","ast-page-background-enabled":"default","ast-page-background-meta":{"desktop":{"background-color":"","background-image":"","background-repeat":"repeat","background-position":"center center","background-size":"auto","background-attachment":"scroll","background-type":"","background-media":"","overlay-type":"","overlay-color":"","overlay-opacity":"","overlay-gradient":""},"tablet":{"background-color":"","background-image":"","background-repeat":"repeat","background-position":"center center","background-size":"auto","background-attachment":"scroll","background-type":"","background-media":"","overlay-type":"","overlay-color":"","overlay-opacity":"","overlay-gradient":""},"mobile":{"background-color":"","background-image":"","background-repeat":"repeat","background-position":"center center","background-size":"auto","background-attachment":"scroll","background-type":"","background-media":"","overlay-type":"","overlay-color":"","overlay-opacity":"","overlay-gradient":""}},"ast-content-background-meta":{"desktop":{"background-color":"var(--ast-global-color-5)","background-image":"","background-repeat":"repeat","background-position":"center center","background-size":"auto","background-attachment":"scroll","background-type":"","background-media":"","overlay-type":"","overlay-color":"","overlay-opacity":"","overlay-gradient":""},"tablet":{"background-color":"var(--ast-global-color-5)","background-image":"","background-repeat":"repeat","background-position":"center center","background-size":"auto","background-attachment":"scroll","background-type":"","background-media":"","overlay-type":"","overlay-color":"","overlay-opacity":"","overlay-gradient":""},"mobile":{"background-color":"var(--ast-global-color-5)","background-image":"","background-repeat":"repeat","background-position":"center center","background-size":"auto","background-attachment":"scroll","background-type":"","background-media":"","overlay-type":"","overlay-color":"","overlay-opacity":"","overlay-gradient":""}}},"product_brand":[],"product_cat":[1529,1530,1353,1647,1513],"product_tag":[1356],"class_list":{"0":"post-56011","1":"product","2":"type-product","3":"status-publish","4":"has-post-thumbnail","6":"product_cat-accessoires-de-patinage-a-roues-alignees","7":"product_cat-accessoires-pour-patins-a-roulettes","8":"product_cat-patinage-de-vitesse","9":"product_cat-sacs","10":"product_cat-sacs-et-accessoires","11":"product_tag-courte-piste-fr","12":"desktop-align-center","13":"tablet-align-center","14":"mobile-align-center","15":"ast-product-gallery-layout-horizontal","16":"ast-product-tabs-layout-horizontal","17":"ast-qv-on-image","19":"first","20":"instock","21":"sale","22":"taxable","23":"shipping-taxable","24":"purchasable","25":"product-type-simple"},"bundled_by":[],"bundle_stock_status":"instock","bundle_stock_quantity":4,"bundle_virtual":false,"bundle_layout":"","bundle_add_to_cart_form_location":"","bundle_editable_in_cart":false,"bundle_sold_individually_context":"","bundle_item_grouping":"","bundle_min_size":"","bundle_max_size":"","bundle_price":[],"bundled_items":[],"bundle_sell_ids":[],"yoast_head":"<!-- This site is optimized with the Yoast SEO plugin v27.4 - https:\/\/yoast.com\/product\/yoast-seo-wordpress\/ -->\n<title>Cadomotus hybrid bag Xact Skate Shop<\/title>\n<meta name=\"description\" content=\"Sac Cadomotus hybrid. Un sac \u00e0 dos sur le chemin de l&#039;entra\u00eenement, une valise \u00e0 l&#039;a\u00e9roport, pour les v\u00eatements secs et humides : avec l&#039;Hybrid, vous pouvez aller partout.\" \/>\n<meta name=\"robots\" content=\"index, follow, max-snippet:-1, max-image-preview:large, max-video-preview:-1\" \/>\n<link rel=\"canonical\" href=\"https:\/\/xactskateshop.com\/fr\/produit\/cadomotus-hybrid-transition-sports-bag-trolley\/\" \/>\n<meta property=\"og:locale\" content=\"fr_FR\" \/>\n<meta property=\"og:type\" content=\"article\" \/>\n<meta property=\"og:title\" content=\"Cadomotus hybrid bag Xact Skate Shop\" \/>\n<meta property=\"og:description\" content=\"Sac Cadomotus hybrid. Un sac \u00e0 dos sur le chemin de l&#039;entra\u00eenement, une valise \u00e0 l&#039;a\u00e9roport, pour les v\u00eatements secs et humides : avec l&#039;Hybrid, vous pouvez aller partout.\" \/>\n<meta property=\"og:url\" content=\"https:\/\/xactskateshop.com\/fr\/produit\/cadomotus-hybrid-transition-sports-bag-trolley\/\" \/>\n<meta property=\"og:site_name\" content=\"Xact Skate Shop\" \/>\n<meta property=\"article:publisher\" content=\"https:\/\/www.facebook.com\/JeanLouiskateshop\" \/>\n<meta property=\"og:image\" content=\"https:\/\/xactskateshop.com\/wp-content\/uploads\/2022\/06\/Trolley-hybrid-bag-2.jpg\" \/>\n\t<meta property=\"og:image:width\" content=\"1000\" \/>\n\t<meta property=\"og:image:height\" content=\"1000\" \/>\n\t<meta property=\"og:image:type\" content=\"image\/jpeg\" \/>\n<meta name=\"twitter:card\" content=\"summary_large_image\" \/>\n<meta name=\"twitter:label1\" content=\"Dur\u00e9e de lecture estim\u00e9e\" \/>\n\t<meta name=\"twitter:data1\" content=\"3 minutes\" \/>\n<script type=\"application\/ld+json\" class=\"yoast-schema-graph\">{\"@context\":\"https:\\\/\\\/schema.org\",\"@graph\":[{\"@type\":\"WebPage\",\"@id\":\"https:\\\/\\\/xactskateshop.com\\\/fr\\\/produit\\\/cadomotus-hybrid-transition-sports-bag-trolley\\\/\",\"url\":\"https:\\\/\\\/xactskateshop.com\\\/fr\\\/produit\\\/cadomotus-hybrid-transition-sports-bag-trolley\\\/\",\"name\":\"Cadomotus hybrid bag Xact Skate Shop\",\"isPartOf\":{\"@id\":\"http:\\\/\\\/xactskateshop.com\\\/fr\\\/#website\"},\"primaryImageOfPage\":{\"@id\":\"https:\\\/\\\/xactskateshop.com\\\/fr\\\/produit\\\/cadomotus-hybrid-transition-sports-bag-trolley\\\/#primaryimage\"},\"image\":{\"@id\":\"https:\\\/\\\/xactskateshop.com\\\/fr\\\/produit\\\/cadomotus-hybrid-transition-sports-bag-trolley\\\/#primaryimage\"},\"thumbnailUrl\":\"https:\\\/\\\/xactskateshop.com\\\/wp-content\\\/uploads\\\/2022\\\/06\\\/Trolley-hybrid-bag-2.jpg\",\"datePublished\":\"2022-06-10T22:52:55+00:00\",\"description\":\"Sac Cadomotus hybrid. Un sac \u00e0 dos sur le chemin de l'entra\u00eenement, une valise \u00e0 l'a\u00e9roport, pour les v\u00eatements secs et humides : avec l'Hybrid, vous pouvez aller partout.\",\"breadcrumb\":{\"@id\":\"https:\\\/\\\/xactskateshop.com\\\/fr\\\/produit\\\/cadomotus-hybrid-transition-sports-bag-trolley\\\/#breadcrumb\"},\"inLanguage\":\"fr-FR\",\"potentialAction\":[{\"@type\":\"ReadAction\",\"target\":[\"https:\\\/\\\/xactskateshop.com\\\/fr\\\/produit\\\/cadomotus-hybrid-transition-sports-bag-trolley\\\/\"]}]},{\"@type\":\"ImageObject\",\"inLanguage\":\"fr-FR\",\"@id\":\"https:\\\/\\\/xactskateshop.com\\\/fr\\\/produit\\\/cadomotus-hybrid-transition-sports-bag-trolley\\\/#primaryimage\",\"url\":\"https:\\\/\\\/xactskateshop.com\\\/wp-content\\\/uploads\\\/2022\\\/06\\\/Trolley-hybrid-bag-2.jpg\",\"contentUrl\":\"https:\\\/\\\/xactskateshop.com\\\/wp-content\\\/uploads\\\/2022\\\/06\\\/Trolley-hybrid-bag-2.jpg\",\"width\":1000,\"height\":1000,\"caption\":\"Cadomotus hybrid bag\"},{\"@type\":\"BreadcrumbList\",\"@id\":\"https:\\\/\\\/xactskateshop.com\\\/fr\\\/produit\\\/cadomotus-hybrid-transition-sports-bag-trolley\\\/#breadcrumb\",\"itemListElement\":[{\"@type\":\"ListItem\",\"position\":1,\"name\":\"Home\",\"item\":\"https:\\\/\\\/xactskateshop.com\\\/fr\\\/accueil\\\/\"},{\"@type\":\"ListItem\",\"position\":2,\"name\":\"Boutique\",\"item\":\"https:\\\/\\\/xactskateshop.com\\\/shop\\\/\"},{\"@type\":\"ListItem\",\"position\":3,\"name\":\"CADOMOTUS Hybrid Transition Sports Bag \\\/Trolley\"}]},{\"@type\":\"WebSite\",\"@id\":\"http:\\\/\\\/xactskateshop.com\\\/fr\\\/#website\",\"url\":\"http:\\\/\\\/xactskateshop.com\\\/fr\\\/\",\"name\":\"Xact Skate Shop\",\"description\":\"Un site utilisant WordPress\",\"publisher\":{\"@id\":\"http:\\\/\\\/xactskateshop.com\\\/fr\\\/#organization\"},\"potentialAction\":[{\"@type\":\"SearchAction\",\"target\":{\"@type\":\"EntryPoint\",\"urlTemplate\":\"http:\\\/\\\/xactskateshop.com\\\/fr\\\/?s={search_term_string}\"},\"query-input\":{\"@type\":\"PropertyValueSpecification\",\"valueRequired\":true,\"valueName\":\"search_term_string\"}}],\"inLanguage\":\"fr-FR\"},{\"@type\":\"Organization\",\"@id\":\"http:\\\/\\\/xactskateshop.com\\\/fr\\\/#organization\",\"name\":\"XACT Skate Shop\",\"url\":\"http:\\\/\\\/xactskateshop.com\\\/fr\\\/\",\"logo\":{\"@type\":\"ImageObject\",\"inLanguage\":\"fr-FR\",\"@id\":\"http:\\\/\\\/xactskateshop.com\\\/fr\\\/#\\\/schema\\\/logo\\\/image\\\/\",\"url\":\"http:\\\/\\\/xactskateshop.com\\\/wp-content\\\/uploads\\\/2024\\\/04\\\/xactskateshop-dot-com-avec-contour-noir-sans-fond-675x.jpg\",\"contentUrl\":\"http:\\\/\\\/xactskateshop.com\\\/wp-content\\\/uploads\\\/2024\\\/04\\\/xactskateshop-dot-com-avec-contour-noir-sans-fond-675x.jpg\",\"width\":675,\"height\":247,\"caption\":\"XACT Skate Shop\"},\"image\":{\"@id\":\"http:\\\/\\\/xactskateshop.com\\\/fr\\\/#\\\/schema\\\/logo\\\/image\\\/\"},\"sameAs\":[\"https:\\\/\\\/www.facebook.com\\\/JeanLouiskateshop\"]}]}<\/script>\n<!-- \/ Yoast SEO plugin. -->","yoast_head_json":{"title":"Cadomotus hybrid bag Xact Skate Shop","description":"Sac Cadomotus hybrid. Un sac \u00e0 dos sur le chemin de l'entra\u00eenement, une valise \u00e0 l'a\u00e9roport, pour les v\u00eatements secs et humides : avec l'Hybrid, vous pouvez aller partout.","robots":{"index":"index","follow":"follow","max-snippet":"max-snippet:-1","max-image-preview":"max-image-preview:large","max-video-preview":"max-video-preview:-1"},"canonical":"https:\/\/xactskateshop.com\/fr\/produit\/cadomotus-hybrid-transition-sports-bag-trolley\/","og_locale":"fr_FR","og_type":"article","og_title":"Cadomotus hybrid bag Xact Skate Shop","og_description":"Sac Cadomotus hybrid. Un sac \u00e0 dos sur le chemin de l'entra\u00eenement, une valise \u00e0 l'a\u00e9roport, pour les v\u00eatements secs et humides : avec l'Hybrid, vous pouvez aller partout.","og_url":"https:\/\/xactskateshop.com\/fr\/produit\/cadomotus-hybrid-transition-sports-bag-trolley\/","og_site_name":"Xact Skate Shop","article_publisher":"https:\/\/www.facebook.com\/JeanLouiskateshop","og_image":[{"width":1000,"height":1000,"url":"https:\/\/xactskateshop.com\/wp-content\/uploads\/2022\/06\/Trolley-hybrid-bag-2.jpg","type":"image\/jpeg"}],"twitter_card":"summary_large_image","twitter_misc":{"Dur\u00e9e de lecture estim\u00e9e":"3 minutes"},"schema":{"@context":"https:\/\/schema.org","@graph":[{"@type":"WebPage","@id":"https:\/\/xactskateshop.com\/fr\/produit\/cadomotus-hybrid-transition-sports-bag-trolley\/","url":"https:\/\/xactskateshop.com\/fr\/produit\/cadomotus-hybrid-transition-sports-bag-trolley\/","name":"Cadomotus hybrid bag Xact Skate Shop","isPartOf":{"@id":"http:\/\/xactskateshop.com\/fr\/#website"},"primaryImageOfPage":{"@id":"https:\/\/xactskateshop.com\/fr\/produit\/cadomotus-hybrid-transition-sports-bag-trolley\/#primaryimage"},"image":{"@id":"https:\/\/xactskateshop.com\/fr\/produit\/cadomotus-hybrid-transition-sports-bag-trolley\/#primaryimage"},"thumbnailUrl":"https:\/\/xactskateshop.com\/wp-content\/uploads\/2022\/06\/Trolley-hybrid-bag-2.jpg","datePublished":"2022-06-10T22:52:55+00:00","description":"Sac Cadomotus hybrid. Un sac \u00e0 dos sur le chemin de l'entra\u00eenement, une valise \u00e0 l'a\u00e9roport, pour les v\u00eatements secs et humides : avec l'Hybrid, vous pouvez aller partout.","breadcrumb":{"@id":"https:\/\/xactskateshop.com\/fr\/produit\/cadomotus-hybrid-transition-sports-bag-trolley\/#breadcrumb"},"inLanguage":"fr-FR","potentialAction":[{"@type":"ReadAction","target":["https:\/\/xactskateshop.com\/fr\/produit\/cadomotus-hybrid-transition-sports-bag-trolley\/"]}]},{"@type":"ImageObject","inLanguage":"fr-FR","@id":"https:\/\/xactskateshop.com\/fr\/produit\/cadomotus-hybrid-transition-sports-bag-trolley\/#primaryimage","url":"https:\/\/xactskateshop.com\/wp-content\/uploads\/2022\/06\/Trolley-hybrid-bag-2.jpg","contentUrl":"https:\/\/xactskateshop.com\/wp-content\/uploads\/2022\/06\/Trolley-hybrid-bag-2.jpg","width":1000,"height":1000,"caption":"Cadomotus hybrid bag"},{"@type":"BreadcrumbList","@id":"https:\/\/xactskateshop.com\/fr\/produit\/cadomotus-hybrid-transition-sports-bag-trolley\/#breadcrumb","itemListElement":[{"@type":"ListItem","position":1,"name":"Home","item":"https:\/\/xactskateshop.com\/fr\/accueil\/"},{"@type":"ListItem","position":2,"name":"Boutique","item":"https:\/\/xactskateshop.com\/shop\/"},{"@type":"ListItem","position":3,"name":"CADOMOTUS Hybrid Transition Sports Bag \/Trolley"}]},{"@type":"WebSite","@id":"http:\/\/xactskateshop.com\/fr\/#website","url":"http:\/\/xactskateshop.com\/fr\/","name":"Xact Skate Shop","description":"Un site utilisant WordPress","publisher":{"@id":"http:\/\/xactskateshop.com\/fr\/#organization"},"potentialAction":[{"@type":"SearchAction","target":{"@type":"EntryPoint","urlTemplate":"http:\/\/xactskateshop.com\/fr\/?s={search_term_string}"},"query-input":{"@type":"PropertyValueSpecification","valueRequired":true,"valueName":"search_term_string"}}],"inLanguage":"fr-FR"},{"@type":"Organization","@id":"http:\/\/xactskateshop.com\/fr\/#organization","name":"XACT Skate Shop","url":"http:\/\/xactskateshop.com\/fr\/","logo":{"@type":"ImageObject","inLanguage":"fr-FR","@id":"http:\/\/xactskateshop.com\/fr\/#\/schema\/logo\/image\/","url":"http:\/\/xactskateshop.com\/wp-content\/uploads\/2024\/04\/xactskateshop-dot-com-avec-contour-noir-sans-fond-675x.jpg","contentUrl":"http:\/\/xactskateshop.com\/wp-content\/uploads\/2024\/04\/xactskateshop-dot-com-avec-contour-noir-sans-fond-675x.jpg","width":675,"height":247,"caption":"XACT Skate Shop"},"image":{"@id":"http:\/\/xactskateshop.com\/fr\/#\/schema\/logo\/image\/"},"sameAs":["https:\/\/www.facebook.com\/JeanLouiskateshop"]}]}},"_links":{"self":[{"href":"https:\/\/xactskateshop.com\/fr\/wp-json\/wp\/v2\/product\/56011","targetHints":{"allow":["GET"]}}],"collection":[{"href":"https:\/\/xactskateshop.com\/fr\/wp-json\/wp\/v2\/product"}],"about":[{"href":"https:\/\/xactskateshop.com\/fr\/wp-json\/wp\/v2\/types\/product"}],"replies":[{"embeddable":true,"href":"https:\/\/xactskateshop.com\/fr\/wp-json\/wp\/v2\/comments?post=56011"}],"wp:featuredmedia":[{"embeddable":true,"href":"https:\/\/xactskateshop.com\/fr\/wp-json\/wp\/v2\/media\/29734"}],"wp:attachment":[{"href":"https:\/\/xactskateshop.com\/fr\/wp-json\/wp\/v2\/media?parent=56011"}],"wp:term":[{"taxonomy":"product_brand","embeddable":true,"href":"https:\/\/xactskateshop.com\/fr\/wp-json\/wp\/v2\/product_brand?post=56011"},{"taxonomy":"product_cat","embeddable":true,"href":"https:\/\/xactskateshop.com\/fr\/wp-json\/wp\/v2\/product_cat?post=56011"},{"taxonomy":"product_tag","embeddable":true,"href":"https:\/\/xactskateshop.com\/fr\/wp-json\/wp\/v2\/product_tag?post=56011"}],"curies":[{"name":"wp","href":"https:\/\/api.w.org\/{rel}","templated":true}]}}