{"id":55980,"date":"2022-05-31T14:43:27","date_gmt":"2022-05-31T18:43:27","guid":{"rendered":"http:\/\/xactskateshop.com\/product\/bont-patriot-carbon-pink-boot\/"},"modified":"2025-10-03T13:36:11","modified_gmt":"2025-10-03T17:36:11","slug":"bont-patriot-carbon-pink","status":"publish","type":"product","link":"https:\/\/xactskateshop.com\/fr\/produit\/bont-patriot-carbon-pink\/","title":{"rendered":"BONT Patriot Carbon Pink"},"content":{"rendered":"<p>BONT Patriot Carbon Pink<\/p>\n<p>Les patineurs de Courte Piste se sentent indestructibles. C&#8217;est une attitude qui leur permet de repousser toutes les limites. Voici la chaussure BONT Patriot Carbon Pink. Regardez de pr\u00e8s. \u00c9coutez. Il n&#8217;est pas difficile de retrouver notre riche tradition de lignes \u00e9pur\u00e9es et d&#8217;attitude franche dans notre dernier mod\u00e8le Courte Piste. Nous sommes une marque qui continue \u00e0 refuser la pens\u00e9e conventionnelle tout en poussant nos propres designs classiques au moins un peu plus loin \u00e0 chaque fois. La Patriot est une chaussure qui devrait co\u00fbter plus de 1000$ avec de la fibre de carbone pos\u00e9e \u00e0 la main et le syst\u00e8me unique d&#8217;enveloppement par pression de Bonts qui enl\u00e8ve plus d&#8217;exc\u00e8s de r\u00e9sine que toute autre technique de pose de carbone.<\/p>\n<p><strong>Sp\u00e9cifications :<\/strong><\/p>\n<p>Base : Base en composite de carbone pos\u00e9e \u00e0 la main<\/p>\n<p>Rev\u00eatement ext\u00e9rieur : Microfibre\/Microfibre mate<\/p>\n<p>Doublure : Microfibre<\/p>\n<p>Semelle int\u00e9rieure : Cuir<\/p>\n<p>Thermo-moulable : Base enti\u00e8rement thermo-moulable utilisant une r\u00e9sine \u00e9poxy thermodurcissable.<\/p>\n<p>Rembourrage : Mousse \u00e0 m\u00e9moire de forme haute densit\u00e9<\/p>\n<p>Options de fermeture : 2 bandes velcro r\u00e9glables + lacet<\/p>\n<p>Options de taille : 3 &#8211; 13<\/p>\n<p>Options d&#8217;ajustement : Standard, Etroite, Large<\/p>\n<p>Vous pouvez \u00e9galement les obtenir <a href=\"https:\/\/bont.ca\/collections\/short-track-skates\/products\/short-track-patriot-c-boot\">ici<\/a><\/p>\n<p>Vous pouvez les emballer <a href=\"https:\/\/xactskateshop.com\/fr\/produit\/ensemble-bont-rose-patriot-carbon-ultrasprint\/\">ici<\/a><\/p>\n<p>Qu&#8217;est-ce qu&#8217;une forme ? La forme est une r\u00e9plique en plastique d&#8217;un pied autour duquel la botte est construite.<\/p>\n<p>Chez Bont, nous perfectionnons nos semelles depuis 1975 ! et le processus est en cours. Contrairement \u00e0 la derni\u00e8re norme utilis\u00e9e par de nombreuses entreprises, Bont se concentre continuellement sur le d\u00e9veloppement et l&#8217;am\u00e9lioration de ses Lasts afin que vos bottes vous aillent parfaitement d\u00e8s la sortie de la bo\u00eete.<\/p>\n<p>Notre mat\u00e9riau anti-\u00e9tirement exclusif pr\u00e9sente des caract\u00e9ristiques de r\u00e9sistance similaires \u00e0 celles du Kevlar. Nous ajoutons ce mat\u00e9riau entre la couche ext\u00e9rieure et la peau, ce qui emp\u00eache la botte de s&#8217;\u00e9tirer.<\/p>\n<p>Pour que le mat\u00e9riau ne bouge pas, nous le cousons \u00e0 la couche ext\u00e9rieure et le collons au chausson. En bref, ce mat\u00e9riau Anti-Stretch fait partie int\u00e9grante de la structure de la botte. Par cons\u00e9quent, les bottes Bont ne s&#8217;\u00e9tirent pas autant que les bottes concurrentes.<\/p>\n","protected":false},"excerpt":{"rendered":"<p>BONT Patriot Carbon Pink Boot<\/p>\n<p><strong>****** veuillez nous contacter \u00e0 info@xactskateshop.com pour conna\u00eetre la disponibilit\u00e9 de la taille avant de passer commande.<\/strong><\/p>\n<p>Les patineurs de Courte Piste se sentent indestructibles. C&#8217;est une attitude qui leur permet de repousser toutes les limites. Voici le Patriot. Regardez de pr\u00e8s. \u00c9coutez. Il n&#8217;est pas difficile de retrouver notre riche tradition de lignes \u00e9pur\u00e9es et d&#8217;attitude franche dans notre dernier mod\u00e8le Courte Piste. Nous sommes une marque qui continue \u00e0 refuser les id\u00e9es re\u00e7ues tout en poussant nos propres designs classiques au moins un peu plus loin \u00e0 chaque fois. La Patriot est une chaussure qui devrait co\u00fbter plus de 1000$ avec de la fibre de carbone pos\u00e9e \u00e0 la main et le syst\u00e8me unique d&#8217;enveloppement par pression de Bonts qui enl\u00e8ve plus d&#8217;exc\u00e8s de r\u00e9sine que toute autre technique de pose de carbone.<\/p>\n","protected":false},"featured_media":29687,"comment_status":"open","ping_status":"closed","template":"","meta":{"site-sidebar-layout":"default","site-content-layout":"default","ast-site-content-layout":"default","site-content-style":"default","site-sidebar-style":"default","ast-global-header-display":"","ast-banner-title-visibility":"","ast-main-header-display":"","ast-hfb-above-header-display":"","ast-hfb-below-header-display":"","ast-hfb-mobile-header-display":"","site-post-title":"","ast-breadcrumbs-content":"","ast-featured-img":"","footer-sml-layout":"","theme-transparent-header-meta":"default","adv-header-id-meta":"","stick-header-meta":"","header-above-stick-meta":"","header-main-stick-meta":"","header-below-stick-meta":"","astra-migrate-meta-layouts":"set","ast-page-background-enabled":"default","ast-page-background-meta":{"desktop":{"background-color":"","background-image":"","background-repeat":"repeat","background-position":"center center","background-size":"auto","background-attachment":"scroll","background-type":"","background-media":"","overlay-type":"","overlay-color":"","overlay-opacity":"","overlay-gradient":""},"tablet":{"background-color":"","background-image":"","background-repeat":"repeat","background-position":"center center","background-size":"auto","background-attachment":"scroll","background-type":"","background-media":"","overlay-type":"","overlay-color":"","overlay-opacity":"","overlay-gradient":""},"mobile":{"background-color":"","background-image":"","background-repeat":"repeat","background-position":"center center","background-size":"auto","background-attachment":"scroll","background-type":"","background-media":"","overlay-type":"","overlay-color":"","overlay-opacity":"","overlay-gradient":""}},"ast-content-background-meta":{"desktop":{"background-color":"var(--ast-global-color-5)","background-image":"","background-repeat":"repeat","background-position":"center center","background-size":"auto","background-attachment":"scroll","background-type":"","background-media":"","overlay-type":"","overlay-color":"","overlay-opacity":"","overlay-gradient":""},"tablet":{"background-color":"var(--ast-global-color-5)","background-image":"","background-repeat":"repeat","background-position":"center center","background-size":"auto","background-attachment":"scroll","background-type":"","background-media":"","overlay-type":"","overlay-color":"","overlay-opacity":"","overlay-gradient":""},"mobile":{"background-color":"var(--ast-global-color-5)","background-image":"","background-repeat":"repeat","background-position":"center center","background-size":"auto","background-attachment":"scroll","background-type":"","background-media":"","overlay-type":"","overlay-color":"","overlay-opacity":"","overlay-gradient":""}}},"product_brand":[],"product_cat":[1430,1354,1353],"product_tag":[1956,2061,1471,1390,1356,1945],"class_list":{"0":"post-55980","1":"product","2":"type-product","3":"status-publish","4":"has-post-thumbnail","6":"product_cat-bottines-de-patinage-de-vitesse-courte-piste","7":"product_cat-courte-piste","8":"product_cat-patinage-de-vitesse","9":"product_tag-balise-alt","10":"product_tag-bont-patriot-fr","11":"product_tag-bont-st-boots-fr","12":"product_tag-bottes-bont","13":"product_tag-courte-piste-fr","14":"product_tag-nouveau","15":"desktop-align-center","16":"tablet-align-center","17":"mobile-align-center","18":"ast-product-gallery-layout-horizontal","19":"ast-product-single-variable","20":"ast-product-tabs-layout-horizontal","21":"ast-qv-on-image","23":"first","24":"instock","25":"sale","26":"taxable","27":"shipping-taxable","28":"purchasable","29":"product-type-variable"},"bundled_by":[],"bundle_stock_status":"instock","bundle_stock_quantity":null,"bundle_virtual":false,"bundle_layout":"","bundle_add_to_cart_form_location":"","bundle_editable_in_cart":false,"bundle_sold_individually_context":"","bundle_item_grouping":"","bundle_min_size":"","bundle_max_size":"","bundle_price":[],"bundled_items":[],"bundle_sell_ids":[],"yoast_head":"<!-- This site is optimized with the Yoast SEO plugin v27.4 - https:\/\/yoast.com\/product\/yoast-seo-wordpress\/ -->\n<title>BONT Patriot Carbon Pink Boot - Xact Skate Shop.<\/title>\n<meta name=\"description\" content=\"Chaussure BONT Patriot Carbon. Les patineurs de Courte Piste se sentent indestructibles. C&#039;est une attitude qui leur permet de repousser toutes les limites. Achetez la v\u00f4tre ici !\" \/>\n<meta name=\"robots\" content=\"index, follow, max-snippet:-1, max-image-preview:large, max-video-preview:-1\" \/>\n<link rel=\"canonical\" href=\"https:\/\/xactskateshop.com\/fr\/produit\/bont-patriot-carbon-pink\/\" \/>\n<meta property=\"og:locale\" content=\"fr_FR\" \/>\n<meta property=\"og:type\" content=\"article\" \/>\n<meta property=\"og:title\" content=\"BONT Patriot Carbon Pink Boot - Xact Skate Shop.\" \/>\n<meta property=\"og:description\" content=\"Chaussure BONT Patriot Carbon. Les patineurs de Courte Piste se sentent indestructibles. C&#039;est une attitude qui leur permet de repousser toutes les limites. Achetez la v\u00f4tre ici !\" \/>\n<meta property=\"og:url\" content=\"https:\/\/xactskateshop.com\/fr\/produit\/bont-patriot-carbon-pink\/\" \/>\n<meta property=\"og:site_name\" content=\"Xact Skate Shop\" \/>\n<meta property=\"article:publisher\" content=\"https:\/\/www.facebook.com\/JeanLouiskateshop\" \/>\n<meta property=\"article:modified_time\" content=\"2025-10-03T17:36:11+00:00\" \/>\n<meta property=\"og:image\" content=\"https:\/\/xactskateshop.com\/wp-content\/uploads\/2022\/05\/patriot-carbon-pink.png\" \/>\n\t<meta property=\"og:image:width\" content=\"1000\" \/>\n\t<meta property=\"og:image:height\" content=\"1000\" \/>\n\t<meta property=\"og:image:type\" content=\"image\/png\" \/>\n<meta name=\"twitter:card\" content=\"summary_large_image\" \/>\n<meta name=\"twitter:label1\" content=\"Dur\u00e9e de lecture estim\u00e9e\" \/>\n\t<meta name=\"twitter:data1\" content=\"2 minutes\" \/>\n<script type=\"application\/ld+json\" class=\"yoast-schema-graph\">{\"@context\":\"https:\\\/\\\/schema.org\",\"@graph\":[{\"@type\":\"WebPage\",\"@id\":\"https:\\\/\\\/xactskateshop.com\\\/fr\\\/produit\\\/bont-patriot-carbon-pink\\\/\",\"url\":\"https:\\\/\\\/xactskateshop.com\\\/fr\\\/produit\\\/bont-patriot-carbon-pink\\\/\",\"name\":\"BONT Patriot Carbon Pink Boot - Xact Skate Shop.\",\"isPartOf\":{\"@id\":\"http:\\\/\\\/xactskateshop.com\\\/fr\\\/#website\"},\"primaryImageOfPage\":{\"@id\":\"https:\\\/\\\/xactskateshop.com\\\/fr\\\/produit\\\/bont-patriot-carbon-pink\\\/#primaryimage\"},\"image\":{\"@id\":\"https:\\\/\\\/xactskateshop.com\\\/fr\\\/produit\\\/bont-patriot-carbon-pink\\\/#primaryimage\"},\"thumbnailUrl\":\"https:\\\/\\\/xactskateshop.com\\\/wp-content\\\/uploads\\\/2022\\\/05\\\/patriot-carbon-pink.png\",\"datePublished\":\"2022-05-31T18:43:27+00:00\",\"dateModified\":\"2025-10-03T17:36:11+00:00\",\"description\":\"Chaussure BONT Patriot Carbon. Les patineurs de Courte Piste se sentent indestructibles. C'est une attitude qui leur permet de repousser toutes les limites. Achetez la v\u00f4tre ici !\",\"breadcrumb\":{\"@id\":\"https:\\\/\\\/xactskateshop.com\\\/fr\\\/produit\\\/bont-patriot-carbon-pink\\\/#breadcrumb\"},\"inLanguage\":\"fr-FR\",\"potentialAction\":[{\"@type\":\"ReadAction\",\"target\":[\"https:\\\/\\\/xactskateshop.com\\\/fr\\\/produit\\\/bont-patriot-carbon-pink\\\/\"]}]},{\"@type\":\"ImageObject\",\"inLanguage\":\"fr-FR\",\"@id\":\"https:\\\/\\\/xactskateshop.com\\\/fr\\\/produit\\\/bont-patriot-carbon-pink\\\/#primaryimage\",\"url\":\"https:\\\/\\\/xactskateshop.com\\\/wp-content\\\/uploads\\\/2022\\\/05\\\/patriot-carbon-pink.png\",\"contentUrl\":\"https:\\\/\\\/xactskateshop.com\\\/wp-content\\\/uploads\\\/2022\\\/05\\\/patriot-carbon-pink.png\",\"width\":1000,\"height\":1000,\"caption\":\"BONT Patriot Carbon Pink\"},{\"@type\":\"BreadcrumbList\",\"@id\":\"https:\\\/\\\/xactskateshop.com\\\/fr\\\/produit\\\/bont-patriot-carbon-pink\\\/#breadcrumb\",\"itemListElement\":[{\"@type\":\"ListItem\",\"position\":1,\"name\":\"Home\",\"item\":\"https:\\\/\\\/xactskateshop.com\\\/fr\\\/accueil\\\/\"},{\"@type\":\"ListItem\",\"position\":2,\"name\":\"Boutique\",\"item\":\"https:\\\/\\\/xactskateshop.com\\\/shop\\\/\"},{\"@type\":\"ListItem\",\"position\":3,\"name\":\"BONT Patriot Carbon Pink\"}]},{\"@type\":\"WebSite\",\"@id\":\"http:\\\/\\\/xactskateshop.com\\\/fr\\\/#website\",\"url\":\"http:\\\/\\\/xactskateshop.com\\\/fr\\\/\",\"name\":\"Xact Skate Shop\",\"description\":\"Un site utilisant WordPress\",\"publisher\":{\"@id\":\"http:\\\/\\\/xactskateshop.com\\\/fr\\\/#organization\"},\"potentialAction\":[{\"@type\":\"SearchAction\",\"target\":{\"@type\":\"EntryPoint\",\"urlTemplate\":\"http:\\\/\\\/xactskateshop.com\\\/fr\\\/?s={search_term_string}\"},\"query-input\":{\"@type\":\"PropertyValueSpecification\",\"valueRequired\":true,\"valueName\":\"search_term_string\"}}],\"inLanguage\":\"fr-FR\"},{\"@type\":\"Organization\",\"@id\":\"http:\\\/\\\/xactskateshop.com\\\/fr\\\/#organization\",\"name\":\"XACT Skate Shop\",\"url\":\"http:\\\/\\\/xactskateshop.com\\\/fr\\\/\",\"logo\":{\"@type\":\"ImageObject\",\"inLanguage\":\"fr-FR\",\"@id\":\"http:\\\/\\\/xactskateshop.com\\\/fr\\\/#\\\/schema\\\/logo\\\/image\\\/\",\"url\":\"http:\\\/\\\/xactskateshop.com\\\/wp-content\\\/uploads\\\/2024\\\/04\\\/xactskateshop-dot-com-avec-contour-noir-sans-fond-675x.jpg\",\"contentUrl\":\"http:\\\/\\\/xactskateshop.com\\\/wp-content\\\/uploads\\\/2024\\\/04\\\/xactskateshop-dot-com-avec-contour-noir-sans-fond-675x.jpg\",\"width\":675,\"height\":247,\"caption\":\"XACT Skate Shop\"},\"image\":{\"@id\":\"http:\\\/\\\/xactskateshop.com\\\/fr\\\/#\\\/schema\\\/logo\\\/image\\\/\"},\"sameAs\":[\"https:\\\/\\\/www.facebook.com\\\/JeanLouiskateshop\"]}]}<\/script>\n<!-- \/ Yoast SEO plugin. -->","yoast_head_json":{"title":"BONT Patriot Carbon Pink Boot - Xact Skate Shop.","description":"Chaussure BONT Patriot Carbon. Les patineurs de Courte Piste se sentent indestructibles. C'est une attitude qui leur permet de repousser toutes les limites. Achetez la v\u00f4tre ici !","robots":{"index":"index","follow":"follow","max-snippet":"max-snippet:-1","max-image-preview":"max-image-preview:large","max-video-preview":"max-video-preview:-1"},"canonical":"https:\/\/xactskateshop.com\/fr\/produit\/bont-patriot-carbon-pink\/","og_locale":"fr_FR","og_type":"article","og_title":"BONT Patriot Carbon Pink Boot - Xact Skate Shop.","og_description":"Chaussure BONT Patriot Carbon. Les patineurs de Courte Piste se sentent indestructibles. C'est une attitude qui leur permet de repousser toutes les limites. Achetez la v\u00f4tre ici !","og_url":"https:\/\/xactskateshop.com\/fr\/produit\/bont-patriot-carbon-pink\/","og_site_name":"Xact Skate Shop","article_publisher":"https:\/\/www.facebook.com\/JeanLouiskateshop","article_modified_time":"2025-10-03T17:36:11+00:00","og_image":[{"width":1000,"height":1000,"url":"https:\/\/xactskateshop.com\/wp-content\/uploads\/2022\/05\/patriot-carbon-pink.png","type":"image\/png"}],"twitter_card":"summary_large_image","twitter_misc":{"Dur\u00e9e de lecture estim\u00e9e":"2 minutes"},"schema":{"@context":"https:\/\/schema.org","@graph":[{"@type":"WebPage","@id":"https:\/\/xactskateshop.com\/fr\/produit\/bont-patriot-carbon-pink\/","url":"https:\/\/xactskateshop.com\/fr\/produit\/bont-patriot-carbon-pink\/","name":"BONT Patriot Carbon Pink Boot - Xact Skate Shop.","isPartOf":{"@id":"http:\/\/xactskateshop.com\/fr\/#website"},"primaryImageOfPage":{"@id":"https:\/\/xactskateshop.com\/fr\/produit\/bont-patriot-carbon-pink\/#primaryimage"},"image":{"@id":"https:\/\/xactskateshop.com\/fr\/produit\/bont-patriot-carbon-pink\/#primaryimage"},"thumbnailUrl":"https:\/\/xactskateshop.com\/wp-content\/uploads\/2022\/05\/patriot-carbon-pink.png","datePublished":"2022-05-31T18:43:27+00:00","dateModified":"2025-10-03T17:36:11+00:00","description":"Chaussure BONT Patriot Carbon. Les patineurs de Courte Piste se sentent indestructibles. C'est une attitude qui leur permet de repousser toutes les limites. Achetez la v\u00f4tre ici !","breadcrumb":{"@id":"https:\/\/xactskateshop.com\/fr\/produit\/bont-patriot-carbon-pink\/#breadcrumb"},"inLanguage":"fr-FR","potentialAction":[{"@type":"ReadAction","target":["https:\/\/xactskateshop.com\/fr\/produit\/bont-patriot-carbon-pink\/"]}]},{"@type":"ImageObject","inLanguage":"fr-FR","@id":"https:\/\/xactskateshop.com\/fr\/produit\/bont-patriot-carbon-pink\/#primaryimage","url":"https:\/\/xactskateshop.com\/wp-content\/uploads\/2022\/05\/patriot-carbon-pink.png","contentUrl":"https:\/\/xactskateshop.com\/wp-content\/uploads\/2022\/05\/patriot-carbon-pink.png","width":1000,"height":1000,"caption":"BONT Patriot Carbon Pink"},{"@type":"BreadcrumbList","@id":"https:\/\/xactskateshop.com\/fr\/produit\/bont-patriot-carbon-pink\/#breadcrumb","itemListElement":[{"@type":"ListItem","position":1,"name":"Home","item":"https:\/\/xactskateshop.com\/fr\/accueil\/"},{"@type":"ListItem","position":2,"name":"Boutique","item":"https:\/\/xactskateshop.com\/shop\/"},{"@type":"ListItem","position":3,"name":"BONT Patriot Carbon Pink"}]},{"@type":"WebSite","@id":"http:\/\/xactskateshop.com\/fr\/#website","url":"http:\/\/xactskateshop.com\/fr\/","name":"Xact Skate Shop","description":"Un site utilisant WordPress","publisher":{"@id":"http:\/\/xactskateshop.com\/fr\/#organization"},"potentialAction":[{"@type":"SearchAction","target":{"@type":"EntryPoint","urlTemplate":"http:\/\/xactskateshop.com\/fr\/?s={search_term_string}"},"query-input":{"@type":"PropertyValueSpecification","valueRequired":true,"valueName":"search_term_string"}}],"inLanguage":"fr-FR"},{"@type":"Organization","@id":"http:\/\/xactskateshop.com\/fr\/#organization","name":"XACT Skate Shop","url":"http:\/\/xactskateshop.com\/fr\/","logo":{"@type":"ImageObject","inLanguage":"fr-FR","@id":"http:\/\/xactskateshop.com\/fr\/#\/schema\/logo\/image\/","url":"http:\/\/xactskateshop.com\/wp-content\/uploads\/2024\/04\/xactskateshop-dot-com-avec-contour-noir-sans-fond-675x.jpg","contentUrl":"http:\/\/xactskateshop.com\/wp-content\/uploads\/2024\/04\/xactskateshop-dot-com-avec-contour-noir-sans-fond-675x.jpg","width":675,"height":247,"caption":"XACT Skate Shop"},"image":{"@id":"http:\/\/xactskateshop.com\/fr\/#\/schema\/logo\/image\/"},"sameAs":["https:\/\/www.facebook.com\/JeanLouiskateshop"]}]}},"_links":{"self":[{"href":"https:\/\/xactskateshop.com\/fr\/wp-json\/wp\/v2\/product\/55980","targetHints":{"allow":["GET"]}}],"collection":[{"href":"https:\/\/xactskateshop.com\/fr\/wp-json\/wp\/v2\/product"}],"about":[{"href":"https:\/\/xactskateshop.com\/fr\/wp-json\/wp\/v2\/types\/product"}],"replies":[{"embeddable":true,"href":"https:\/\/xactskateshop.com\/fr\/wp-json\/wp\/v2\/comments?post=55980"}],"wp:featuredmedia":[{"embeddable":true,"href":"https:\/\/xactskateshop.com\/fr\/wp-json\/wp\/v2\/media\/29687"}],"wp:attachment":[{"href":"https:\/\/xactskateshop.com\/fr\/wp-json\/wp\/v2\/media?parent=55980"}],"wp:term":[{"taxonomy":"product_brand","embeddable":true,"href":"https:\/\/xactskateshop.com\/fr\/wp-json\/wp\/v2\/product_brand?post=55980"},{"taxonomy":"product_cat","embeddable":true,"href":"https:\/\/xactskateshop.com\/fr\/wp-json\/wp\/v2\/product_cat?post=55980"},{"taxonomy":"product_tag","embeddable":true,"href":"https:\/\/xactskateshop.com\/fr\/wp-json\/wp\/v2\/product_tag?post=55980"}],"curies":[{"name":"wp","href":"https:\/\/api.w.org\/{rel}","templated":true}]}}