{"id":55976,"date":"2022-05-09T11:22:41","date_gmt":"2022-05-09T15:22:41","guid":{"rendered":"http:\/\/xactskateshop.com\/product\/carte-10x-patin-artistique-patin-de-loisir-avec-affutage-des-lames-de-patin-artistique\/"},"modified":"2026-01-21T16:07:11","modified_gmt":"2026-01-21T21:07:11","slug":"carte-10x-affutages-patins-artistiques","status":"publish","type":"product","link":"https:\/\/xactskateshop.com\/fr\/produit\/carte-10x-affutages-patins-artistiques\/","title":{"rendered":"Carte 10x Patin artistique &amp; Patin de loisir avec aff\u00fbtage des lames de patin artistique"},"content":{"rendered":"<p>Aff\u00fbtage du patin artistique<\/p>\n<p>\u00catre un sp\u00e9cialiste du patin commence par l&#8217;aff\u00fbtage des patins. Avec plus de 35 ans d&#8217;exp\u00e9rience dans l&#8217;aff\u00fbtage des patins, nous \u00e9tablissons la norme. Nous aff\u00fbtons tous les types de patins, des patins de vitesse aux patins de hockey, des patins artistiques aux lames nordiques, et nous vous fournissons toujours un r\u00e9sultat professionnel. Nous utilisons une machine d&#8217;aff\u00fbtage Blademaster pour les patins de hockey, de patinage artistique et de loisir, tandis que les lames de patinage de vitesse sont aff\u00fbt\u00e9es \u00e0 la main \u00e0 l&#8217;aide d&#8217;un gabarit d&#8217;aff\u00fbtage. Les lames de patinage de vitesse sont profil\u00e9es \u00e0 l&#8217;aide d&#8217;une machine \u00e0 courber Twinrocker, la machine \u00e0 courber la plus fiable et la plus pr\u00e9cise disponible \u00e0 l&#8217;heure actuelle. Apportez vos patins dans notre magasin pour une exp\u00e9rience d&#8217;aff\u00fbtage des plus professionnelles !     <\/p>\n<p>Vous \u00e9conomisez 1$ par aff\u00fbtage de patin<\/p>\n<p>Pour en savoir plus sur l&#8217;aff\u00fbtage <a href=\"https:\/\/www.youtube.com\/watch?v=8Y3ewRw_Phw\">, cliquez ici<\/a><\/p>\n<p>&nbsp;<\/p>\n","protected":false},"excerpt":{"rendered":"<p>Aff\u00fbtage de patins artistiques<\/p>\n<p>Patinage artistique et patinage de loisir avec aff\u00fbtage des lames de patins artistiques<\/p>\n","protected":false},"featured_media":43729,"comment_status":"closed","ping_status":"closed","template":"","meta":{"site-sidebar-layout":"default","site-content-layout":"default","ast-site-content-layout":"default","site-content-style":"default","site-sidebar-style":"default","ast-global-header-display":"","ast-banner-title-visibility":"","ast-main-header-display":"","ast-hfb-above-header-display":"","ast-hfb-below-header-display":"","ast-hfb-mobile-header-display":"","site-post-title":"","ast-breadcrumbs-content":"","ast-featured-img":"","footer-sml-layout":"","theme-transparent-header-meta":"default","adv-header-id-meta":"","stick-header-meta":"","header-above-stick-meta":"","header-main-stick-meta":"","header-below-stick-meta":"","astra-migrate-meta-layouts":"set","ast-page-background-enabled":"default","ast-page-background-meta":{"desktop":{"background-color":"","background-image":"","background-repeat":"repeat","background-position":"center center","background-size":"auto","background-attachment":"scroll","background-type":"","background-media":"","overlay-type":"","overlay-color":"","overlay-opacity":"","overlay-gradient":""},"tablet":{"background-color":"","background-image":"","background-repeat":"repeat","background-position":"center center","background-size":"auto","background-attachment":"scroll","background-type":"","background-media":"","overlay-type":"","overlay-color":"","overlay-opacity":"","overlay-gradient":""},"mobile":{"background-color":"","background-image":"","background-repeat":"repeat","background-position":"center center","background-size":"auto","background-attachment":"scroll","background-type":"","background-media":"","overlay-type":"","overlay-color":"","overlay-opacity":"","overlay-gradient":""}},"ast-content-background-meta":{"desktop":{"background-color":"var(--ast-global-color-5)","background-image":"","background-repeat":"repeat","background-position":"center center","background-size":"auto","background-attachment":"scroll","background-type":"","background-media":"","overlay-type":"","overlay-color":"","overlay-opacity":"","overlay-gradient":""},"tablet":{"background-color":"var(--ast-global-color-5)","background-image":"","background-repeat":"repeat","background-position":"center center","background-size":"auto","background-attachment":"scroll","background-type":"","background-media":"","overlay-type":"","overlay-color":"","overlay-opacity":"","overlay-gradient":""},"mobile":{"background-color":"var(--ast-global-color-5)","background-image":"","background-repeat":"repeat","background-position":"center center","background-size":"auto","background-attachment":"scroll","background-type":"","background-media":"","overlay-type":"","overlay-color":"","overlay-opacity":"","overlay-gradient":""}}},"product_brand":[],"product_cat":[1953],"product_tag":[],"class_list":{"0":"post-55976","1":"product","2":"type-product","3":"status-publish","4":"has-post-thumbnail","6":"product_cat-services-d-atelier","7":"desktop-align-center","8":"tablet-align-center","9":"mobile-align-center","10":"ast-product-gallery-layout-horizontal","11":"ast-product-gallery-with-no-image","12":"ast-product-tabs-layout-horizontal","13":"ast-qv-on-image","15":"first","16":"instock","17":"taxable","18":"shipping-taxable","19":"purchasable","20":"product-type-simple"},"bundled_by":[],"bundle_stock_status":"instock","bundle_stock_quantity":0,"bundle_virtual":false,"bundle_layout":"","bundle_add_to_cart_form_location":"","bundle_editable_in_cart":false,"bundle_sold_individually_context":"","bundle_item_grouping":"","bundle_min_size":"","bundle_max_size":"","bundle_price":[],"bundled_items":[],"bundle_sell_ids":[],"yoast_head":"<!-- This site is optimized with the Yoast SEO plugin v27.4 - https:\/\/yoast.com\/product\/yoast-seo-wordpress\/ -->\n<title>Carte 10x Patin artistique &amp; Patin de loisir avec aff\u00fbtage des lames de patin artistique - Xact Skate Shop%.<\/title>\n<meta name=\"description\" content=\"Aff\u00fbtage du patin artistique. \u00catre un sp\u00e9cialiste du patin commence par l&#039;aff\u00fbtage du patin. Nous aff\u00fbtons tous les types de patins artistiques avec un r\u00e9sultat professionnel.\" \/>\n<meta name=\"robots\" content=\"index, follow, max-snippet:-1, max-image-preview:large, max-video-preview:-1\" \/>\n<link rel=\"canonical\" href=\"https:\/\/xactskateshop.com\/fr\/produit\/carte-10x-affutages-patins-artistiques\/\" \/>\n<meta property=\"og:locale\" content=\"fr_FR\" \/>\n<meta property=\"og:type\" content=\"article\" \/>\n<meta property=\"og:title\" content=\"Carte 10x Patin artistique &amp; Patin de loisir avec aff\u00fbtage des lames de patin artistique - Xact Skate Shop%.\" \/>\n<meta property=\"og:description\" content=\"Aff\u00fbtage du patin artistique. \u00catre un sp\u00e9cialiste du patin commence par l&#039;aff\u00fbtage du patin. Nous aff\u00fbtons tous les types de patins artistiques avec un r\u00e9sultat professionnel.\" \/>\n<meta property=\"og:url\" content=\"https:\/\/xactskateshop.com\/fr\/produit\/carte-10x-affutages-patins-artistiques\/\" \/>\n<meta property=\"og:site_name\" content=\"Xact Skate Shop\" \/>\n<meta property=\"article:publisher\" content=\"https:\/\/www.facebook.com\/JeanLouiskateshop\" \/>\n<meta property=\"article:modified_time\" content=\"2026-01-21T21:07:11+00:00\" \/>\n<meta property=\"og:image\" content=\"https:\/\/xactskateshop.com\/wp-content\/uploads\/2022\/05\/figure-front-specimen-1.jpg\" \/>\n\t<meta property=\"og:image:width\" content=\"1063\" \/>\n\t<meta property=\"og:image:height\" content=\"592\" \/>\n\t<meta property=\"og:image:type\" content=\"image\/jpeg\" \/>\n<meta name=\"twitter:card\" content=\"summary_large_image\" \/>\n<meta name=\"twitter:label1\" content=\"Dur\u00e9e de lecture estim\u00e9e\" \/>\n\t<meta name=\"twitter:data1\" content=\"1 minute\" \/>\n<script type=\"application\/ld+json\" class=\"yoast-schema-graph\">{\"@context\":\"https:\\\/\\\/schema.org\",\"@graph\":[{\"@type\":\"WebPage\",\"@id\":\"https:\\\/\\\/xactskateshop.com\\\/fr\\\/produit\\\/carte-10x-affutages-patins-artistiques\\\/\",\"url\":\"https:\\\/\\\/xactskateshop.com\\\/fr\\\/produit\\\/carte-10x-affutages-patins-artistiques\\\/\",\"name\":\"Carte 10x Patin artistique &amp; Patin de loisir avec aff\u00fbtage des lames de patin artistique - Xact Skate Shop%.\",\"isPartOf\":{\"@id\":\"http:\\\/\\\/xactskateshop.com\\\/fr\\\/#website\"},\"primaryImageOfPage\":{\"@id\":\"https:\\\/\\\/xactskateshop.com\\\/fr\\\/produit\\\/carte-10x-affutages-patins-artistiques\\\/#primaryimage\"},\"image\":{\"@id\":\"https:\\\/\\\/xactskateshop.com\\\/fr\\\/produit\\\/carte-10x-affutages-patins-artistiques\\\/#primaryimage\"},\"thumbnailUrl\":\"https:\\\/\\\/xactskateshop.com\\\/wp-content\\\/uploads\\\/2022\\\/05\\\/figure-front-specimen-1.jpg\",\"datePublished\":\"2022-05-09T15:22:41+00:00\",\"dateModified\":\"2026-01-21T21:07:11+00:00\",\"description\":\"Aff\u00fbtage du patin artistique. \u00catre un sp\u00e9cialiste du patin commence par l'aff\u00fbtage du patin. Nous aff\u00fbtons tous les types de patins artistiques avec un r\u00e9sultat professionnel.\",\"breadcrumb\":{\"@id\":\"https:\\\/\\\/xactskateshop.com\\\/fr\\\/produit\\\/carte-10x-affutages-patins-artistiques\\\/#breadcrumb\"},\"inLanguage\":\"fr-FR\",\"potentialAction\":[{\"@type\":\"ReadAction\",\"target\":[\"https:\\\/\\\/xactskateshop.com\\\/fr\\\/produit\\\/carte-10x-affutages-patins-artistiques\\\/\"]}]},{\"@type\":\"ImageObject\",\"inLanguage\":\"fr-FR\",\"@id\":\"https:\\\/\\\/xactskateshop.com\\\/fr\\\/produit\\\/carte-10x-affutages-patins-artistiques\\\/#primaryimage\",\"url\":\"https:\\\/\\\/xactskateshop.com\\\/wp-content\\\/uploads\\\/2022\\\/05\\\/figure-front-specimen-1.jpg\",\"contentUrl\":\"https:\\\/\\\/xactskateshop.com\\\/wp-content\\\/uploads\\\/2022\\\/05\\\/figure-front-specimen-1.jpg\",\"width\":1063,\"height\":592,\"caption\":\"aff\u00fbtage des patins artistiques\"},{\"@type\":\"BreadcrumbList\",\"@id\":\"https:\\\/\\\/xactskateshop.com\\\/fr\\\/produit\\\/carte-10x-affutages-patins-artistiques\\\/#breadcrumb\",\"itemListElement\":[{\"@type\":\"ListItem\",\"position\":1,\"name\":\"Home\",\"item\":\"https:\\\/\\\/xactskateshop.com\\\/fr\\\/accueil\\\/\"},{\"@type\":\"ListItem\",\"position\":2,\"name\":\"Boutique\",\"item\":\"https:\\\/\\\/xactskateshop.com\\\/shop\\\/\"},{\"@type\":\"ListItem\",\"position\":3,\"name\":\"Carte 10x Patin artistique &amp; Patin de loisir avec aff\u00fbtage des lames de patin artistique\"}]},{\"@type\":\"WebSite\",\"@id\":\"http:\\\/\\\/xactskateshop.com\\\/fr\\\/#website\",\"url\":\"http:\\\/\\\/xactskateshop.com\\\/fr\\\/\",\"name\":\"Xact Skate Shop\",\"description\":\"Un site utilisant WordPress\",\"publisher\":{\"@id\":\"http:\\\/\\\/xactskateshop.com\\\/fr\\\/#organization\"},\"potentialAction\":[{\"@type\":\"SearchAction\",\"target\":{\"@type\":\"EntryPoint\",\"urlTemplate\":\"http:\\\/\\\/xactskateshop.com\\\/fr\\\/?s={search_term_string}\"},\"query-input\":{\"@type\":\"PropertyValueSpecification\",\"valueRequired\":true,\"valueName\":\"search_term_string\"}}],\"inLanguage\":\"fr-FR\"},{\"@type\":\"Organization\",\"@id\":\"http:\\\/\\\/xactskateshop.com\\\/fr\\\/#organization\",\"name\":\"XACT Skate Shop\",\"url\":\"http:\\\/\\\/xactskateshop.com\\\/fr\\\/\",\"logo\":{\"@type\":\"ImageObject\",\"inLanguage\":\"fr-FR\",\"@id\":\"http:\\\/\\\/xactskateshop.com\\\/fr\\\/#\\\/schema\\\/logo\\\/image\\\/\",\"url\":\"http:\\\/\\\/xactskateshop.com\\\/wp-content\\\/uploads\\\/2024\\\/04\\\/xactskateshop-dot-com-avec-contour-noir-sans-fond-675x.jpg\",\"contentUrl\":\"http:\\\/\\\/xactskateshop.com\\\/wp-content\\\/uploads\\\/2024\\\/04\\\/xactskateshop-dot-com-avec-contour-noir-sans-fond-675x.jpg\",\"width\":675,\"height\":247,\"caption\":\"XACT Skate Shop\"},\"image\":{\"@id\":\"http:\\\/\\\/xactskateshop.com\\\/fr\\\/#\\\/schema\\\/logo\\\/image\\\/\"},\"sameAs\":[\"https:\\\/\\\/www.facebook.com\\\/JeanLouiskateshop\"]}]}<\/script>\n<!-- \/ Yoast SEO plugin. -->","yoast_head_json":{"title":"Carte 10x Patin artistique &amp; Patin de loisir avec aff\u00fbtage des lames de patin artistique - Xact Skate Shop%.","description":"Aff\u00fbtage du patin artistique. \u00catre un sp\u00e9cialiste du patin commence par l'aff\u00fbtage du patin. Nous aff\u00fbtons tous les types de patins artistiques avec un r\u00e9sultat professionnel.","robots":{"index":"index","follow":"follow","max-snippet":"max-snippet:-1","max-image-preview":"max-image-preview:large","max-video-preview":"max-video-preview:-1"},"canonical":"https:\/\/xactskateshop.com\/fr\/produit\/carte-10x-affutages-patins-artistiques\/","og_locale":"fr_FR","og_type":"article","og_title":"Carte 10x Patin artistique &amp; Patin de loisir avec aff\u00fbtage des lames de patin artistique - Xact Skate Shop%.","og_description":"Aff\u00fbtage du patin artistique. \u00catre un sp\u00e9cialiste du patin commence par l'aff\u00fbtage du patin. Nous aff\u00fbtons tous les types de patins artistiques avec un r\u00e9sultat professionnel.","og_url":"https:\/\/xactskateshop.com\/fr\/produit\/carte-10x-affutages-patins-artistiques\/","og_site_name":"Xact Skate Shop","article_publisher":"https:\/\/www.facebook.com\/JeanLouiskateshop","article_modified_time":"2026-01-21T21:07:11+00:00","og_image":[{"width":1063,"height":592,"url":"https:\/\/xactskateshop.com\/wp-content\/uploads\/2022\/05\/figure-front-specimen-1.jpg","type":"image\/jpeg"}],"twitter_card":"summary_large_image","twitter_misc":{"Dur\u00e9e de lecture estim\u00e9e":"1 minute"},"schema":{"@context":"https:\/\/schema.org","@graph":[{"@type":"WebPage","@id":"https:\/\/xactskateshop.com\/fr\/produit\/carte-10x-affutages-patins-artistiques\/","url":"https:\/\/xactskateshop.com\/fr\/produit\/carte-10x-affutages-patins-artistiques\/","name":"Carte 10x Patin artistique &amp; Patin de loisir avec aff\u00fbtage des lames de patin artistique - Xact Skate Shop%.","isPartOf":{"@id":"http:\/\/xactskateshop.com\/fr\/#website"},"primaryImageOfPage":{"@id":"https:\/\/xactskateshop.com\/fr\/produit\/carte-10x-affutages-patins-artistiques\/#primaryimage"},"image":{"@id":"https:\/\/xactskateshop.com\/fr\/produit\/carte-10x-affutages-patins-artistiques\/#primaryimage"},"thumbnailUrl":"https:\/\/xactskateshop.com\/wp-content\/uploads\/2022\/05\/figure-front-specimen-1.jpg","datePublished":"2022-05-09T15:22:41+00:00","dateModified":"2026-01-21T21:07:11+00:00","description":"Aff\u00fbtage du patin artistique. \u00catre un sp\u00e9cialiste du patin commence par l'aff\u00fbtage du patin. Nous aff\u00fbtons tous les types de patins artistiques avec un r\u00e9sultat professionnel.","breadcrumb":{"@id":"https:\/\/xactskateshop.com\/fr\/produit\/carte-10x-affutages-patins-artistiques\/#breadcrumb"},"inLanguage":"fr-FR","potentialAction":[{"@type":"ReadAction","target":["https:\/\/xactskateshop.com\/fr\/produit\/carte-10x-affutages-patins-artistiques\/"]}]},{"@type":"ImageObject","inLanguage":"fr-FR","@id":"https:\/\/xactskateshop.com\/fr\/produit\/carte-10x-affutages-patins-artistiques\/#primaryimage","url":"https:\/\/xactskateshop.com\/wp-content\/uploads\/2022\/05\/figure-front-specimen-1.jpg","contentUrl":"https:\/\/xactskateshop.com\/wp-content\/uploads\/2022\/05\/figure-front-specimen-1.jpg","width":1063,"height":592,"caption":"aff\u00fbtage des patins artistiques"},{"@type":"BreadcrumbList","@id":"https:\/\/xactskateshop.com\/fr\/produit\/carte-10x-affutages-patins-artistiques\/#breadcrumb","itemListElement":[{"@type":"ListItem","position":1,"name":"Home","item":"https:\/\/xactskateshop.com\/fr\/accueil\/"},{"@type":"ListItem","position":2,"name":"Boutique","item":"https:\/\/xactskateshop.com\/shop\/"},{"@type":"ListItem","position":3,"name":"Carte 10x Patin artistique &amp; Patin de loisir avec aff\u00fbtage des lames de patin artistique"}]},{"@type":"WebSite","@id":"http:\/\/xactskateshop.com\/fr\/#website","url":"http:\/\/xactskateshop.com\/fr\/","name":"Xact Skate Shop","description":"Un site utilisant WordPress","publisher":{"@id":"http:\/\/xactskateshop.com\/fr\/#organization"},"potentialAction":[{"@type":"SearchAction","target":{"@type":"EntryPoint","urlTemplate":"http:\/\/xactskateshop.com\/fr\/?s={search_term_string}"},"query-input":{"@type":"PropertyValueSpecification","valueRequired":true,"valueName":"search_term_string"}}],"inLanguage":"fr-FR"},{"@type":"Organization","@id":"http:\/\/xactskateshop.com\/fr\/#organization","name":"XACT Skate Shop","url":"http:\/\/xactskateshop.com\/fr\/","logo":{"@type":"ImageObject","inLanguage":"fr-FR","@id":"http:\/\/xactskateshop.com\/fr\/#\/schema\/logo\/image\/","url":"http:\/\/xactskateshop.com\/wp-content\/uploads\/2024\/04\/xactskateshop-dot-com-avec-contour-noir-sans-fond-675x.jpg","contentUrl":"http:\/\/xactskateshop.com\/wp-content\/uploads\/2024\/04\/xactskateshop-dot-com-avec-contour-noir-sans-fond-675x.jpg","width":675,"height":247,"caption":"XACT Skate Shop"},"image":{"@id":"http:\/\/xactskateshop.com\/fr\/#\/schema\/logo\/image\/"},"sameAs":["https:\/\/www.facebook.com\/JeanLouiskateshop"]}]}},"_links":{"self":[{"href":"https:\/\/xactskateshop.com\/fr\/wp-json\/wp\/v2\/product\/55976","targetHints":{"allow":["GET"]}}],"collection":[{"href":"https:\/\/xactskateshop.com\/fr\/wp-json\/wp\/v2\/product"}],"about":[{"href":"https:\/\/xactskateshop.com\/fr\/wp-json\/wp\/v2\/types\/product"}],"replies":[{"embeddable":true,"href":"https:\/\/xactskateshop.com\/fr\/wp-json\/wp\/v2\/comments?post=55976"}],"wp:featuredmedia":[{"embeddable":true,"href":"https:\/\/xactskateshop.com\/fr\/wp-json\/wp\/v2\/media\/43729"}],"wp:attachment":[{"href":"https:\/\/xactskateshop.com\/fr\/wp-json\/wp\/v2\/media?parent=55976"}],"wp:term":[{"taxonomy":"product_brand","embeddable":true,"href":"https:\/\/xactskateshop.com\/fr\/wp-json\/wp\/v2\/product_brand?post=55976"},{"taxonomy":"product_cat","embeddable":true,"href":"https:\/\/xactskateshop.com\/fr\/wp-json\/wp\/v2\/product_cat?post=55976"},{"taxonomy":"product_tag","embeddable":true,"href":"https:\/\/xactskateshop.com\/fr\/wp-json\/wp\/v2\/product_tag?post=55976"}],"curies":[{"name":"wp","href":"https:\/\/api.w.org\/{rel}","templated":true}]}}