{"id":55953,"date":"2022-05-09T11:34:10","date_gmt":"2022-05-09T15:34:10","guid":{"rendered":"http:\/\/xactskateshop.com\/product\/montage-dune-botte-elimination-des-points-chauds\/"},"modified":"2025-09-18T15:32:22","modified_gmt":"2025-09-18T19:32:22","slug":"ajustement-des-bottines-soulagement-des-points-de-pression","status":"publish","type":"product","link":"https:\/\/xactskateshop.com\/fr\/produit\/ajustement-des-bottines-soulagement-des-points-de-pression\/","title":{"rendered":"Ajustement des bottines\/soulagement des points de pression"},"content":{"rendered":"<div>\n<div>Ajustement des bottines points de pression<\/div>\n<div><\/div>\n<div>Nous sommes des professionnels de l&#8217;\u00e9limination des points de pression aux pieds sur les patins \u00e0 roues align\u00e9es, des patins de vitesse sur glace et des patins \u00e0 roulettes en carbone. Il fonctionne \u00e9galement pour les patins artistiques et les patins de hockey sur glace. Vous pouvez utiliser cet outil d&#8217;\u00e9tirement des chaussures pour \u00e9tirer vos chaussures l\u00e0 o\u00f9 vous ressentez une douleur.<\/div>\n<div><\/div>\n<div>Un point de pression est une zone d&#8217;inconfort dans votre botte. Les chaussures en fibre de carbone et en fibre de verre n&#8217;ont qu&#8217;une tr\u00e8s fine couche de rembourrage entre votre pied et la fibre de carbone dure. Parfois, des ampoules peuvent appara\u00eetre et nous disposons d&#8217;outils pour \u00e9tirer la zone d&#8217;inconfort afin de rendre la chaussure confortable pour patiner.<\/div>\n<\/div>\n<div><\/div>\n<div>N&#8217;oubliez pas que si vous avez une ampoule ou un point douloureux sur le pied, il est pr\u00e9f\u00e9rable de le laisser gu\u00e9rir avant de tester la chaussure, car votre pied sera toujours douloureux s&#8217;il n&#8217;a pas gu\u00e9ri.<\/div>\n<div><\/div>\n<div>Vous pouvez acheter votre propre outil d&#8217;\u00e9limination des points pression <a href=\"https:\/\/xactskateshop.com\/fr\/produit\/outil-de-suppression-des-points-de-pression-bont-rip-jaws\/\">ici<\/a><\/div>\n<div>Ou <a href=\"https:\/\/bont.ca\/collections\/short-track-equipment\/products\/bont-skate-rip-jaws-1\">ici<\/a><\/div>\n","protected":false},"excerpt":{"rendered":"<hr \/>\n<p style=\"text-align: center;\">Ajustement des bottines points de pression<\/p>\n<p style=\"text-align: center;\">Nous sommes des professionnels de l&#8217;\u00e9limination des points de pression au niveau du talon des patins en ligne, des patins de vitesse sur glace et des patins \u00e0 roulettes en carbone.<\/p>\n<hr \/>\n<p>&nbsp;<\/p>\n","protected":false},"featured_media":29653,"comment_status":"closed","ping_status":"closed","template":"","meta":{"site-sidebar-layout":"default","site-content-layout":"default","ast-site-content-layout":"default","site-content-style":"default","site-sidebar-style":"default","ast-global-header-display":"","ast-banner-title-visibility":"","ast-main-header-display":"","ast-hfb-above-header-display":"","ast-hfb-below-header-display":"","ast-hfb-mobile-header-display":"","site-post-title":"","ast-breadcrumbs-content":"","ast-featured-img":"","footer-sml-layout":"","theme-transparent-header-meta":"default","adv-header-id-meta":"","stick-header-meta":"","header-above-stick-meta":"","header-main-stick-meta":"","header-below-stick-meta":"","astra-migrate-meta-layouts":"set","ast-page-background-enabled":"default","ast-page-background-meta":{"desktop":{"background-color":"","background-image":"","background-repeat":"repeat","background-position":"center center","background-size":"auto","background-attachment":"scroll","background-type":"","background-media":"","overlay-type":"","overlay-color":"","overlay-opacity":"","overlay-gradient":""},"tablet":{"background-color":"","background-image":"","background-repeat":"repeat","background-position":"center center","background-size":"auto","background-attachment":"scroll","background-type":"","background-media":"","overlay-type":"","overlay-color":"","overlay-opacity":"","overlay-gradient":""},"mobile":{"background-color":"","background-image":"","background-repeat":"repeat","background-position":"center center","background-size":"auto","background-attachment":"scroll","background-type":"","background-media":"","overlay-type":"","overlay-color":"","overlay-opacity":"","overlay-gradient":""}},"ast-content-background-meta":{"desktop":{"background-color":"var(--ast-global-color-5)","background-image":"","background-repeat":"repeat","background-position":"center center","background-size":"auto","background-attachment":"scroll","background-type":"","background-media":"","overlay-type":"","overlay-color":"","overlay-opacity":"","overlay-gradient":""},"tablet":{"background-color":"var(--ast-global-color-5)","background-image":"","background-repeat":"repeat","background-position":"center center","background-size":"auto","background-attachment":"scroll","background-type":"","background-media":"","overlay-type":"","overlay-color":"","overlay-opacity":"","overlay-gradient":""},"mobile":{"background-color":"var(--ast-global-color-5)","background-image":"","background-repeat":"repeat","background-position":"center center","background-size":"auto","background-attachment":"scroll","background-type":"","background-media":"","overlay-type":"","overlay-color":"","overlay-opacity":"","overlay-gradient":""}}},"product_brand":[],"product_cat":[1953],"product_tag":[1955,1957],"class_list":{"0":"post-55953","1":"product","2":"type-product","3":"status-publish","4":"has-post-thumbnail","6":"product_cat-services-d-atelier","7":"product_tag-ajustement-des-bottes","8":"product_tag-botte-confortable","9":"desktop-align-center","10":"tablet-align-center","11":"mobile-align-center","12":"ast-product-gallery-layout-horizontal","13":"ast-product-gallery-with-no-image","14":"ast-product-tabs-layout-horizontal","15":"ast-qv-on-image","17":"first","18":"instock","19":"taxable","20":"shipping-taxable","21":"purchasable","22":"product-type-simple"},"bundled_by":[],"bundle_stock_status":"instock","bundle_stock_quantity":0,"bundle_virtual":false,"bundle_layout":"","bundle_add_to_cart_form_location":"","bundle_editable_in_cart":false,"bundle_sold_individually_context":"","bundle_item_grouping":"","bundle_min_size":"","bundle_max_size":"","bundle_price":[],"bundled_items":[],"bundle_sell_ids":[],"yoast_head":"<!-- This site is optimized with the Yoast SEO plugin v27.4 - https:\/\/yoast.com\/product\/yoast-seo-wordpress\/ -->\n<title>Ajustement des bottines points de pression - Xact Skate Shop<\/title>\n<meta name=\"description\" content=\"Ajustement des bottines\/soulagement des points de pression. Nous sommes des professionnels de l&#039;\u00e9limination des points de pression sur tous les patins.\" \/>\n<meta name=\"robots\" content=\"index, follow, max-snippet:-1, max-image-preview:large, max-video-preview:-1\" \/>\n<link rel=\"canonical\" href=\"https:\/\/xactskateshop.com\/fr\/produit\/ajustement-des-bottines-soulagement-des-points-de-pression\/\" \/>\n<meta property=\"og:locale\" content=\"fr_FR\" \/>\n<meta property=\"og:type\" content=\"article\" \/>\n<meta property=\"og:title\" content=\"Ajustement des bottines points de pression - Xact Skate Shop\" \/>\n<meta property=\"og:description\" content=\"Ajustement des bottines\/soulagement des points de pression. Nous sommes des professionnels de l&#039;\u00e9limination des points de pression sur tous les patins.\" \/>\n<meta property=\"og:url\" content=\"https:\/\/xactskateshop.com\/fr\/produit\/ajustement-des-bottines-soulagement-des-points-de-pression\/\" \/>\n<meta property=\"og:site_name\" content=\"Xact Skate Shop\" \/>\n<meta property=\"article:publisher\" content=\"https:\/\/www.facebook.com\/JeanLouiskateshop\" \/>\n<meta property=\"article:modified_time\" content=\"2025-09-18T19:32:22+00:00\" \/>\n<meta property=\"og:image\" content=\"https:\/\/xactskateshop.com\/wp-content\/uploads\/2022\/05\/punching.jpg\" \/>\n\t<meta property=\"og:image:width\" content=\"1000\" \/>\n\t<meta property=\"og:image:height\" content=\"1017\" \/>\n\t<meta property=\"og:image:type\" content=\"image\/jpeg\" \/>\n<meta name=\"twitter:card\" content=\"summary_large_image\" \/>\n<meta name=\"twitter:label1\" content=\"Dur\u00e9e de lecture estim\u00e9e\" \/>\n\t<meta name=\"twitter:data1\" content=\"1 minute\" \/>\n<script type=\"application\/ld+json\" class=\"yoast-schema-graph\">{\"@context\":\"https:\\\/\\\/schema.org\",\"@graph\":[{\"@type\":\"WebPage\",\"@id\":\"https:\\\/\\\/xactskateshop.com\\\/fr\\\/produit\\\/ajustement-des-bottines-soulagement-des-points-de-pression\\\/\",\"url\":\"https:\\\/\\\/xactskateshop.com\\\/fr\\\/produit\\\/ajustement-des-bottines-soulagement-des-points-de-pression\\\/\",\"name\":\"Ajustement des bottines points de pression - Xact Skate Shop\",\"isPartOf\":{\"@id\":\"http:\\\/\\\/xactskateshop.com\\\/fr\\\/#website\"},\"primaryImageOfPage\":{\"@id\":\"https:\\\/\\\/xactskateshop.com\\\/fr\\\/produit\\\/ajustement-des-bottines-soulagement-des-points-de-pression\\\/#primaryimage\"},\"image\":{\"@id\":\"https:\\\/\\\/xactskateshop.com\\\/fr\\\/produit\\\/ajustement-des-bottines-soulagement-des-points-de-pression\\\/#primaryimage\"},\"thumbnailUrl\":\"https:\\\/\\\/xactskateshop.com\\\/wp-content\\\/uploads\\\/2022\\\/05\\\/punching.jpg\",\"datePublished\":\"2022-05-09T15:34:10+00:00\",\"dateModified\":\"2025-09-18T19:32:22+00:00\",\"description\":\"Ajustement des bottines\\\/soulagement des points de pression. Nous sommes des professionnels de l'\u00e9limination des points de pression sur tous les patins.\",\"breadcrumb\":{\"@id\":\"https:\\\/\\\/xactskateshop.com\\\/fr\\\/produit\\\/ajustement-des-bottines-soulagement-des-points-de-pression\\\/#breadcrumb\"},\"inLanguage\":\"fr-FR\",\"potentialAction\":[{\"@type\":\"ReadAction\",\"target\":[\"https:\\\/\\\/xactskateshop.com\\\/fr\\\/produit\\\/ajustement-des-bottines-soulagement-des-points-de-pression\\\/\"]}]},{\"@type\":\"ImageObject\",\"inLanguage\":\"fr-FR\",\"@id\":\"https:\\\/\\\/xactskateshop.com\\\/fr\\\/produit\\\/ajustement-des-bottines-soulagement-des-points-de-pression\\\/#primaryimage\",\"url\":\"https:\\\/\\\/xactskateshop.com\\\/wp-content\\\/uploads\\\/2022\\\/05\\\/punching.jpg\",\"contentUrl\":\"https:\\\/\\\/xactskateshop.com\\\/wp-content\\\/uploads\\\/2022\\\/05\\\/punching.jpg\",\"width\":1000,\"height\":1017,\"caption\":\"Ajustement des bottines\\\/soulagement des points de pression\"},{\"@type\":\"BreadcrumbList\",\"@id\":\"https:\\\/\\\/xactskateshop.com\\\/fr\\\/produit\\\/ajustement-des-bottines-soulagement-des-points-de-pression\\\/#breadcrumb\",\"itemListElement\":[{\"@type\":\"ListItem\",\"position\":1,\"name\":\"Home\",\"item\":\"https:\\\/\\\/xactskateshop.com\\\/fr\\\/accueil\\\/\"},{\"@type\":\"ListItem\",\"position\":2,\"name\":\"Boutique\",\"item\":\"https:\\\/\\\/xactskateshop.com\\\/shop\\\/\"},{\"@type\":\"ListItem\",\"position\":3,\"name\":\"Ajustement des bottines\\\/soulagement des points de pression\"}]},{\"@type\":\"WebSite\",\"@id\":\"http:\\\/\\\/xactskateshop.com\\\/fr\\\/#website\",\"url\":\"http:\\\/\\\/xactskateshop.com\\\/fr\\\/\",\"name\":\"Xact Skate Shop\",\"description\":\"Un site utilisant WordPress\",\"publisher\":{\"@id\":\"http:\\\/\\\/xactskateshop.com\\\/fr\\\/#organization\"},\"potentialAction\":[{\"@type\":\"SearchAction\",\"target\":{\"@type\":\"EntryPoint\",\"urlTemplate\":\"http:\\\/\\\/xactskateshop.com\\\/fr\\\/?s={search_term_string}\"},\"query-input\":{\"@type\":\"PropertyValueSpecification\",\"valueRequired\":true,\"valueName\":\"search_term_string\"}}],\"inLanguage\":\"fr-FR\"},{\"@type\":\"Organization\",\"@id\":\"http:\\\/\\\/xactskateshop.com\\\/fr\\\/#organization\",\"name\":\"XACT Skate Shop\",\"url\":\"http:\\\/\\\/xactskateshop.com\\\/fr\\\/\",\"logo\":{\"@type\":\"ImageObject\",\"inLanguage\":\"fr-FR\",\"@id\":\"http:\\\/\\\/xactskateshop.com\\\/fr\\\/#\\\/schema\\\/logo\\\/image\\\/\",\"url\":\"http:\\\/\\\/xactskateshop.com\\\/wp-content\\\/uploads\\\/2024\\\/04\\\/xactskateshop-dot-com-avec-contour-noir-sans-fond-675x.jpg\",\"contentUrl\":\"http:\\\/\\\/xactskateshop.com\\\/wp-content\\\/uploads\\\/2024\\\/04\\\/xactskateshop-dot-com-avec-contour-noir-sans-fond-675x.jpg\",\"width\":675,\"height\":247,\"caption\":\"XACT Skate Shop\"},\"image\":{\"@id\":\"http:\\\/\\\/xactskateshop.com\\\/fr\\\/#\\\/schema\\\/logo\\\/image\\\/\"},\"sameAs\":[\"https:\\\/\\\/www.facebook.com\\\/JeanLouiskateshop\"]}]}<\/script>\n<!-- \/ Yoast SEO plugin. -->","yoast_head_json":{"title":"Ajustement des bottines points de pression - Xact Skate Shop","description":"Ajustement des bottines\/soulagement des points de pression. Nous sommes des professionnels de l'\u00e9limination des points de pression sur tous les patins.","robots":{"index":"index","follow":"follow","max-snippet":"max-snippet:-1","max-image-preview":"max-image-preview:large","max-video-preview":"max-video-preview:-1"},"canonical":"https:\/\/xactskateshop.com\/fr\/produit\/ajustement-des-bottines-soulagement-des-points-de-pression\/","og_locale":"fr_FR","og_type":"article","og_title":"Ajustement des bottines points de pression - Xact Skate Shop","og_description":"Ajustement des bottines\/soulagement des points de pression. Nous sommes des professionnels de l'\u00e9limination des points de pression sur tous les patins.","og_url":"https:\/\/xactskateshop.com\/fr\/produit\/ajustement-des-bottines-soulagement-des-points-de-pression\/","og_site_name":"Xact Skate Shop","article_publisher":"https:\/\/www.facebook.com\/JeanLouiskateshop","article_modified_time":"2025-09-18T19:32:22+00:00","og_image":[{"width":1000,"height":1017,"url":"https:\/\/xactskateshop.com\/wp-content\/uploads\/2022\/05\/punching.jpg","type":"image\/jpeg"}],"twitter_card":"summary_large_image","twitter_misc":{"Dur\u00e9e de lecture estim\u00e9e":"1 minute"},"schema":{"@context":"https:\/\/schema.org","@graph":[{"@type":"WebPage","@id":"https:\/\/xactskateshop.com\/fr\/produit\/ajustement-des-bottines-soulagement-des-points-de-pression\/","url":"https:\/\/xactskateshop.com\/fr\/produit\/ajustement-des-bottines-soulagement-des-points-de-pression\/","name":"Ajustement des bottines points de pression - Xact Skate Shop","isPartOf":{"@id":"http:\/\/xactskateshop.com\/fr\/#website"},"primaryImageOfPage":{"@id":"https:\/\/xactskateshop.com\/fr\/produit\/ajustement-des-bottines-soulagement-des-points-de-pression\/#primaryimage"},"image":{"@id":"https:\/\/xactskateshop.com\/fr\/produit\/ajustement-des-bottines-soulagement-des-points-de-pression\/#primaryimage"},"thumbnailUrl":"https:\/\/xactskateshop.com\/wp-content\/uploads\/2022\/05\/punching.jpg","datePublished":"2022-05-09T15:34:10+00:00","dateModified":"2025-09-18T19:32:22+00:00","description":"Ajustement des bottines\/soulagement des points de pression. Nous sommes des professionnels de l'\u00e9limination des points de pression sur tous les patins.","breadcrumb":{"@id":"https:\/\/xactskateshop.com\/fr\/produit\/ajustement-des-bottines-soulagement-des-points-de-pression\/#breadcrumb"},"inLanguage":"fr-FR","potentialAction":[{"@type":"ReadAction","target":["https:\/\/xactskateshop.com\/fr\/produit\/ajustement-des-bottines-soulagement-des-points-de-pression\/"]}]},{"@type":"ImageObject","inLanguage":"fr-FR","@id":"https:\/\/xactskateshop.com\/fr\/produit\/ajustement-des-bottines-soulagement-des-points-de-pression\/#primaryimage","url":"https:\/\/xactskateshop.com\/wp-content\/uploads\/2022\/05\/punching.jpg","contentUrl":"https:\/\/xactskateshop.com\/wp-content\/uploads\/2022\/05\/punching.jpg","width":1000,"height":1017,"caption":"Ajustement des bottines\/soulagement des points de pression"},{"@type":"BreadcrumbList","@id":"https:\/\/xactskateshop.com\/fr\/produit\/ajustement-des-bottines-soulagement-des-points-de-pression\/#breadcrumb","itemListElement":[{"@type":"ListItem","position":1,"name":"Home","item":"https:\/\/xactskateshop.com\/fr\/accueil\/"},{"@type":"ListItem","position":2,"name":"Boutique","item":"https:\/\/xactskateshop.com\/shop\/"},{"@type":"ListItem","position":3,"name":"Ajustement des bottines\/soulagement des points de pression"}]},{"@type":"WebSite","@id":"http:\/\/xactskateshop.com\/fr\/#website","url":"http:\/\/xactskateshop.com\/fr\/","name":"Xact Skate Shop","description":"Un site utilisant WordPress","publisher":{"@id":"http:\/\/xactskateshop.com\/fr\/#organization"},"potentialAction":[{"@type":"SearchAction","target":{"@type":"EntryPoint","urlTemplate":"http:\/\/xactskateshop.com\/fr\/?s={search_term_string}"},"query-input":{"@type":"PropertyValueSpecification","valueRequired":true,"valueName":"search_term_string"}}],"inLanguage":"fr-FR"},{"@type":"Organization","@id":"http:\/\/xactskateshop.com\/fr\/#organization","name":"XACT Skate Shop","url":"http:\/\/xactskateshop.com\/fr\/","logo":{"@type":"ImageObject","inLanguage":"fr-FR","@id":"http:\/\/xactskateshop.com\/fr\/#\/schema\/logo\/image\/","url":"http:\/\/xactskateshop.com\/wp-content\/uploads\/2024\/04\/xactskateshop-dot-com-avec-contour-noir-sans-fond-675x.jpg","contentUrl":"http:\/\/xactskateshop.com\/wp-content\/uploads\/2024\/04\/xactskateshop-dot-com-avec-contour-noir-sans-fond-675x.jpg","width":675,"height":247,"caption":"XACT Skate Shop"},"image":{"@id":"http:\/\/xactskateshop.com\/fr\/#\/schema\/logo\/image\/"},"sameAs":["https:\/\/www.facebook.com\/JeanLouiskateshop"]}]}},"_links":{"self":[{"href":"https:\/\/xactskateshop.com\/fr\/wp-json\/wp\/v2\/product\/55953","targetHints":{"allow":["GET"]}}],"collection":[{"href":"https:\/\/xactskateshop.com\/fr\/wp-json\/wp\/v2\/product"}],"about":[{"href":"https:\/\/xactskateshop.com\/fr\/wp-json\/wp\/v2\/types\/product"}],"replies":[{"embeddable":true,"href":"https:\/\/xactskateshop.com\/fr\/wp-json\/wp\/v2\/comments?post=55953"}],"wp:featuredmedia":[{"embeddable":true,"href":"https:\/\/xactskateshop.com\/fr\/wp-json\/wp\/v2\/media\/29653"}],"wp:attachment":[{"href":"https:\/\/xactskateshop.com\/fr\/wp-json\/wp\/v2\/media?parent=55953"}],"wp:term":[{"taxonomy":"product_brand","embeddable":true,"href":"https:\/\/xactskateshop.com\/fr\/wp-json\/wp\/v2\/product_brand?post=55953"},{"taxonomy":"product_cat","embeddable":true,"href":"https:\/\/xactskateshop.com\/fr\/wp-json\/wp\/v2\/product_cat?post=55953"},{"taxonomy":"product_tag","embeddable":true,"href":"https:\/\/xactskateshop.com\/fr\/wp-json\/wp\/v2\/product_tag?post=55953"}],"curies":[{"name":"wp","href":"https:\/\/api.w.org\/{rel}","templated":true}]}}