{"id":55906,"date":"2022-09-12T11:39:45","date_gmt":"2022-09-12T15:39:45","guid":{"rendered":"http:\/\/xactskateshop.com\/product\/protege-cou-skate-tec-dyneema\/"},"modified":"2022-09-12T11:39:45","modified_gmt":"2022-09-12T15:39:45","slug":"protege-cou-skate-tec-dyneema","status":"publish","type":"product","link":"https:\/\/xactskateshop.com\/fr\/produit\/protege-cou-skate-tec-dyneema\/","title":{"rendered":"Prot\u00e8ge-cou Skate-Tec Dyneema"},"content":{"rendered":"<div id=\"product-content\" class=\"product-content general-content content-col mobile-popup\" data-popup=\"product-content\">\n<div class=\"popup-inner\">\n<div id=\"product-content\" class=\"product-content general-content content-col mobile-popup\" data-popup=\"product-content\">\n<div class=\"popup-inner\">\n<h1>Prot\u00e8ge-lames en Dyneema Skate-tec<\/h1>\n<p>4 tailles de prot\u00e8ge-cou<\/p>\n<ul>\n<li><span style=\"font-size: 16px;\">Doublure en Dyneema pour une protection contre les coupures<\/span><\/li>\n<li>R\u00e9pondre aux normes de l&#8217;ISU<\/li>\n<li>Mati\u00e8re souple et confortable<\/li>\n<li>Fermeture velcro ajustable<\/li>\n<\/ul>\n<p>Tableau des tailles de prot\u00e8ge-lames en Dyneema de Prot\u00e8ge-lames<\/p>\n<p>petit : 13.5&#8243; &#8211; 14.5&#8243; (34-37cm)<\/p>\n<p>moyen : 14.5&#8243; &#8211; 15.5&#8243; (37-40cm)<\/p>\n<p>grand : 15.5&#8243; &#8211; 16.5&#8243; (40cm-43cm)<\/p>\n<p>xlarge : 16.5&#8243; &#8211; 18.5&#8243; (43cm-46cm)<\/p>\n<p>Achetez vos gants Dyneema <a href=\"http:\/\/xactskateshop.com\/product\/skate-tec-protect-skating-gloves\/\">ici !<\/a><\/p>\n<h2 class=\"text-center\">Le secret de Dyneema<\/h2>\n<p>Le prot\u00e8ge-lames Dyneema est fabriqu\u00e9 \u00e0 partir de la fibre de poly\u00e9thyl\u00e8ne \u00e0 tr\u00e8s haut poids mol\u00e9culaire (UHMwPE) de Prot\u00e8ge-lames, connue sous le nom de Dyneema\u00ae, qui offre une r\u00e9sistance maximale pour un poids minimal. Le nombre d&#8217;applications possibles est donc pratiquement illimit\u00e9. <\/p>\n<p>La fibre Dyneema\u00ae est produite par un proc\u00e9d\u00e9 brevet\u00e9 de filage en gel dans lequel les fibres sont \u00e9tir\u00e9es, chauff\u00e9es, allong\u00e9es et refroidies. L&#8217;\u00e9tirement et le filage entra\u00eenent un alignement mol\u00e9culaire, une cristallisation \u00e9lev\u00e9e et une faible densit\u00e9. Le Dyneema\u00ae poss\u00e8de des cha\u00eenes mol\u00e9culaires extr\u00eamement longues qui transf\u00e8rent la charge plus efficacement \u00e0 l&#8217;\u00e9pine dorsale du polym\u00e8re. Il est donc plus r\u00e9sistant \u00e0 poids \u00e9gal ou plus l\u00e9ger \u00e0 r\u00e9sistance \u00e9gale que les autres mat\u00e9riaux.   <\/p>\n<p>La fibre Dyneema\u00ae est 15 fois plus r\u00e9sistante que l&#8217;acier \u00e0 poids \u00e9gal, avec une r\u00e9sistance \u00e0 la traction allant jusqu&#8217;\u00e0 43 cN\/dtex. Outre son extraordinaire solidit\u00e9, Dyneema\u00ae excelle dans la r\u00e9sistance \u00e0 la coupure et \u00e0 l&#8217;abrasion et pr\u00e9sente une r\u00e9sistance \u00e9lev\u00e9e aux produits chimiques et aux UV. La fibre Dyneema\u00ae est si l\u00e9g\u00e8re qu&#8217;elle flotte sur l&#8217;eau et poss\u00e8de en outre un module tr\u00e8s \u00e9lev\u00e9 (r\u00e9sistance \u00e0 la d\u00e9formation). Dyneema\u00ae est disponible dans une large gamme de titres (\u00e9paisseur de la fibre), allant de 50 \u00e0 6600 dtex, ce qui rend la fibre adapt\u00e9e \u00e0 de nombreuses applications.   <\/p>\n<p>Pour en savoir plus sur le DSM <a href=\"https:\/\/www.dyneema.com\/our-products\/dyneema-fiber\">, cliquez ici !<\/a><\/p>\n<h3>Test En-388<\/h3>\n<p>Le prot\u00e8ge-cou en Dyneema de Prot\u00e8ge-lames est conforme \u00e0 la norme europ\u00e9enne EN 388:2016+A1:2018 &#8211; &#8221; Gants de protection contre les risques m\u00e9caniques &#8221; vient d&#8217;\u00eatre publi\u00e9e pour remplacer la norme EN 388:2003. Les gants de protection \u00e0 usage g\u00e9n\u00e9ral repr\u00e9sentent la plus grande part de march\u00e9 de tous les \u00e9quipements de protection individuelle (EPI) vendus et prot\u00e8gent les utilisateurs contre un large \u00e9ventail de risques. Pour aider les utilisateurs \u00e0 choisir des gants appropri\u00e9s, plusieurs normes de s\u00e9curit\u00e9 europ\u00e9ennes &#8211; dont la norme EN 388:2016+A1:2018 &#8211; ont \u00e9t\u00e9 \u00e9labor\u00e9es, ce qui permet de d\u00e9finir des niveaux de protection contre diff\u00e9rents risques. Ces niveaux de protection d\u00e9finis permettent de s\u00e9lectionner les gants appropri\u00e9s en fonction des dangers et des risques identifi\u00e9s pour une activit\u00e9 professionnelle sp\u00e9cifique.   <\/p>\n<\/div>\n<\/div>\n<\/div>\n<\/div>\n","protected":false},"excerpt":{"rendered":"<p>Prot\u00e8ge-lames en Dyneema Skate-tec<\/p>\n<p>4 tailles de prot\u00e8ge-cou<\/p>\n<ul>\n<li>Doublure en Dyneema pour une protection contre les coupures<\/li>\n<li>R\u00e9pondre aux normes de l&#8217;ISU<\/li>\n<li>Mati\u00e8re souple et confortable<\/li>\n<li>Fermeture velcro ajustable<\/li>\n<\/ul>\n","protected":false},"featured_media":20490,"comment_status":"open","ping_status":"closed","template":"","meta":{"site-sidebar-layout":"default","site-content-layout":"default","ast-site-content-layout":"default","site-content-style":"default","site-sidebar-style":"default","ast-global-header-display":"","ast-banner-title-visibility":"","ast-main-header-display":"","ast-hfb-above-header-display":"","ast-hfb-below-header-display":"","ast-hfb-mobile-header-display":"","site-post-title":"","ast-breadcrumbs-content":"","ast-featured-img":"","footer-sml-layout":"","theme-transparent-header-meta":"default","adv-header-id-meta":"","stick-header-meta":"","header-above-stick-meta":"","header-main-stick-meta":"","header-below-stick-meta":"","astra-migrate-meta-layouts":"default","ast-page-background-enabled":"default","ast-page-background-meta":{"desktop":{"background-color":"","background-image":"","background-repeat":"repeat","background-position":"center center","background-size":"auto","background-attachment":"scroll","background-type":"","background-media":"","overlay-type":"","overlay-color":"","overlay-opacity":"","overlay-gradient":""},"tablet":{"background-color":"","background-image":"","background-repeat":"repeat","background-position":"center center","background-size":"auto","background-attachment":"scroll","background-type":"","background-media":"","overlay-type":"","overlay-color":"","overlay-opacity":"","overlay-gradient":""},"mobile":{"background-color":"","background-image":"","background-repeat":"repeat","background-position":"center center","background-size":"auto","background-attachment":"scroll","background-type":"","background-media":"","overlay-type":"","overlay-color":"","overlay-opacity":"","overlay-gradient":""}},"ast-content-background-meta":{"desktop":{"background-color":"var(--ast-global-color-5)","background-image":"","background-repeat":"repeat","background-position":"center center","background-size":"auto","background-attachment":"scroll","background-type":"","background-media":"","overlay-type":"","overlay-color":"","overlay-opacity":"","overlay-gradient":""},"tablet":{"background-color":"var(--ast-global-color-5)","background-image":"","background-repeat":"repeat","background-position":"center center","background-size":"auto","background-attachment":"scroll","background-type":"","background-media":"","overlay-type":"","overlay-color":"","overlay-opacity":"","overlay-gradient":""},"mobile":{"background-color":"var(--ast-global-color-5)","background-image":"","background-repeat":"repeat","background-position":"center center","background-size":"auto","background-attachment":"scroll","background-type":"","background-media":"","overlay-type":"","overlay-color":"","overlay-opacity":"","overlay-gradient":""}}},"product_brand":[],"product_cat":[1612,1353,1624],"product_tag":[1385,1787,1356,1394,2213,1786,1395,1403,2218,2215],"class_list":{"0":"post-55906","1":"product","2":"type-product","3":"status-publish","4":"has-post-thumbnail","6":"product_cat-equipement-de-protection-patinage-de-vitesse-courte-piste","7":"product_cat-patinage-de-vitesse","8":"product_cat-protege-cou","9":"product_tag-boutique-xactskate","10":"product_tag-confortable","11":"product_tag-courte-piste-fr","12":"product_tag-courte-piste-fr-2","13":"product_tag-equipement-fr","14":"product_tag-equipement-de-protection-fr","15":"product_tag-patin-de-vitesse-fr","16":"product_tag-patinage-de-vitesse","17":"product_tag-protege-cou-fr-2","18":"product_tag-protege-cou-fr","19":"desktop-align-center","20":"tablet-align-center","21":"mobile-align-center","22":"ast-product-gallery-layout-horizontal","23":"ast-product-gallery-with-no-image","24":"ast-product-single-variable","25":"ast-product-tabs-layout-horizontal","26":"ast-qv-on-image","28":"first","29":"instock","30":"sale","31":"taxable","32":"shipping-taxable","33":"purchasable","34":"product-type-variable"},"bundled_by":[],"bundle_stock_status":"instock","bundle_stock_quantity":null,"bundle_virtual":false,"bundle_layout":"","bundle_add_to_cart_form_location":"","bundle_editable_in_cart":false,"bundle_sold_individually_context":"","bundle_item_grouping":"","bundle_min_size":"","bundle_max_size":"","bundle_price":[],"bundled_items":[],"bundle_sell_ids":[],"yoast_head":"<!-- This site is optimized with the Yoast SEO plugin v27.4 - https:\/\/yoast.com\/product\/yoast-seo-wordpress\/ -->\n<title>Prot\u00e8ge-lames Prot\u00e8ge-lames Dyneema -%sitename%%.<\/title>\n<meta name=\"description\" content=\"Le prot\u00e8ge-lames Prot\u00e8ge-lames Dyneema est con\u00e7u pour une protection r\u00e9sistante aux coupures. Conforme aux normes de l&#039;ISU Mat\u00e9riau souple et confortable. Achetez le v\u00f4tre ici !\" \/>\n<meta name=\"robots\" content=\"index, follow, max-snippet:-1, max-image-preview:large, max-video-preview:-1\" \/>\n<link rel=\"canonical\" href=\"https:\/\/xactskateshop.com\/fr\/produit\/protege-cou-skate-tec-dyneema\/\" \/>\n<meta property=\"og:locale\" content=\"fr_FR\" \/>\n<meta property=\"og:type\" content=\"article\" \/>\n<meta property=\"og:title\" content=\"Prot\u00e8ge-lames Prot\u00e8ge-lames Dyneema -%sitename%%.\" \/>\n<meta property=\"og:description\" content=\"Le prot\u00e8ge-lames Prot\u00e8ge-lames Dyneema est con\u00e7u pour une protection r\u00e9sistante aux coupures. Conforme aux normes de l&#039;ISU Mat\u00e9riau souple et confortable. Achetez le v\u00f4tre ici !\" \/>\n<meta property=\"og:url\" content=\"https:\/\/xactskateshop.com\/fr\/produit\/protege-cou-skate-tec-dyneema\/\" \/>\n<meta property=\"og:site_name\" content=\"Xact Skate Shop\" \/>\n<meta property=\"article:publisher\" content=\"https:\/\/www.facebook.com\/JeanLouiskateshop\" \/>\n<meta property=\"og:image\" content=\"https:\/\/xactskateshop.com\/wp-content\/uploads\/2022\/09\/stneckprotector.jpg\" \/>\n\t<meta property=\"og:image:width\" content=\"1000\" \/>\n\t<meta property=\"og:image:height\" content=\"1000\" \/>\n\t<meta property=\"og:image:type\" content=\"image\/jpeg\" \/>\n<meta name=\"twitter:card\" content=\"summary_large_image\" \/>\n<meta name=\"twitter:label1\" content=\"Dur\u00e9e de lecture estim\u00e9e\" \/>\n\t<meta name=\"twitter:data1\" content=\"2 minutes\" \/>\n<script type=\"application\/ld+json\" class=\"yoast-schema-graph\">{\"@context\":\"https:\\\/\\\/schema.org\",\"@graph\":[{\"@type\":\"WebPage\",\"@id\":\"https:\\\/\\\/xactskateshop.com\\\/fr\\\/produit\\\/protege-cou-skate-tec-dyneema\\\/\",\"url\":\"https:\\\/\\\/xactskateshop.com\\\/fr\\\/produit\\\/protege-cou-skate-tec-dyneema\\\/\",\"name\":\"Prot\u00e8ge-lames Prot\u00e8ge-lames Dyneema -%sitename%%.\",\"isPartOf\":{\"@id\":\"http:\\\/\\\/xactskateshop.com\\\/fr\\\/#website\"},\"primaryImageOfPage\":{\"@id\":\"https:\\\/\\\/xactskateshop.com\\\/fr\\\/produit\\\/protege-cou-skate-tec-dyneema\\\/#primaryimage\"},\"image\":{\"@id\":\"https:\\\/\\\/xactskateshop.com\\\/fr\\\/produit\\\/protege-cou-skate-tec-dyneema\\\/#primaryimage\"},\"thumbnailUrl\":\"https:\\\/\\\/xactskateshop.com\\\/wp-content\\\/uploads\\\/2022\\\/09\\\/stneckprotector.jpg\",\"datePublished\":\"2022-09-12T15:39:45+00:00\",\"description\":\"Le prot\u00e8ge-lames Prot\u00e8ge-lames Dyneema est con\u00e7u pour une protection r\u00e9sistante aux coupures. Conforme aux normes de l'ISU Mat\u00e9riau souple et confortable. Achetez le v\u00f4tre ici !\",\"breadcrumb\":{\"@id\":\"https:\\\/\\\/xactskateshop.com\\\/fr\\\/produit\\\/protege-cou-skate-tec-dyneema\\\/#breadcrumb\"},\"inLanguage\":\"fr-FR\",\"potentialAction\":[{\"@type\":\"ReadAction\",\"target\":[\"https:\\\/\\\/xactskateshop.com\\\/fr\\\/produit\\\/protege-cou-skate-tec-dyneema\\\/\"]}]},{\"@type\":\"ImageObject\",\"inLanguage\":\"fr-FR\",\"@id\":\"https:\\\/\\\/xactskateshop.com\\\/fr\\\/produit\\\/protege-cou-skate-tec-dyneema\\\/#primaryimage\",\"url\":\"https:\\\/\\\/xactskateshop.com\\\/wp-content\\\/uploads\\\/2022\\\/09\\\/stneckprotector.jpg\",\"contentUrl\":\"https:\\\/\\\/xactskateshop.com\\\/wp-content\\\/uploads\\\/2022\\\/09\\\/stneckprotector.jpg\",\"width\":1000,\"height\":1000,\"caption\":\"Skate-tec Dyneema neck guard\"},{\"@type\":\"BreadcrumbList\",\"@id\":\"https:\\\/\\\/xactskateshop.com\\\/fr\\\/produit\\\/protege-cou-skate-tec-dyneema\\\/#breadcrumb\",\"itemListElement\":[{\"@type\":\"ListItem\",\"position\":1,\"name\":\"Home\",\"item\":\"https:\\\/\\\/xactskateshop.com\\\/fr\\\/accueil\\\/\"},{\"@type\":\"ListItem\",\"position\":2,\"name\":\"Boutique\",\"item\":\"https:\\\/\\\/xactskateshop.com\\\/shop\\\/\"},{\"@type\":\"ListItem\",\"position\":3,\"name\":\"Prot\u00e8ge-cou Skate-Tec Dyneema\"}]},{\"@type\":\"WebSite\",\"@id\":\"http:\\\/\\\/xactskateshop.com\\\/fr\\\/#website\",\"url\":\"http:\\\/\\\/xactskateshop.com\\\/fr\\\/\",\"name\":\"Xact Skate Shop\",\"description\":\"Un site utilisant WordPress\",\"publisher\":{\"@id\":\"http:\\\/\\\/xactskateshop.com\\\/fr\\\/#organization\"},\"potentialAction\":[{\"@type\":\"SearchAction\",\"target\":{\"@type\":\"EntryPoint\",\"urlTemplate\":\"http:\\\/\\\/xactskateshop.com\\\/fr\\\/?s={search_term_string}\"},\"query-input\":{\"@type\":\"PropertyValueSpecification\",\"valueRequired\":true,\"valueName\":\"search_term_string\"}}],\"inLanguage\":\"fr-FR\"},{\"@type\":\"Organization\",\"@id\":\"http:\\\/\\\/xactskateshop.com\\\/fr\\\/#organization\",\"name\":\"XACT Skate Shop\",\"url\":\"http:\\\/\\\/xactskateshop.com\\\/fr\\\/\",\"logo\":{\"@type\":\"ImageObject\",\"inLanguage\":\"fr-FR\",\"@id\":\"http:\\\/\\\/xactskateshop.com\\\/fr\\\/#\\\/schema\\\/logo\\\/image\\\/\",\"url\":\"http:\\\/\\\/xactskateshop.com\\\/wp-content\\\/uploads\\\/2024\\\/04\\\/xactskateshop-dot-com-avec-contour-noir-sans-fond-675x.jpg\",\"contentUrl\":\"http:\\\/\\\/xactskateshop.com\\\/wp-content\\\/uploads\\\/2024\\\/04\\\/xactskateshop-dot-com-avec-contour-noir-sans-fond-675x.jpg\",\"width\":675,\"height\":247,\"caption\":\"XACT Skate Shop\"},\"image\":{\"@id\":\"http:\\\/\\\/xactskateshop.com\\\/fr\\\/#\\\/schema\\\/logo\\\/image\\\/\"},\"sameAs\":[\"https:\\\/\\\/www.facebook.com\\\/JeanLouiskateshop\"]}]}<\/script>\n<!-- \/ Yoast SEO plugin. -->","yoast_head_json":{"title":"Prot\u00e8ge-lames Prot\u00e8ge-lames Dyneema -%sitename%%.","description":"Le prot\u00e8ge-lames Prot\u00e8ge-lames Dyneema est con\u00e7u pour une protection r\u00e9sistante aux coupures. Conforme aux normes de l'ISU Mat\u00e9riau souple et confortable. Achetez le v\u00f4tre ici !","robots":{"index":"index","follow":"follow","max-snippet":"max-snippet:-1","max-image-preview":"max-image-preview:large","max-video-preview":"max-video-preview:-1"},"canonical":"https:\/\/xactskateshop.com\/fr\/produit\/protege-cou-skate-tec-dyneema\/","og_locale":"fr_FR","og_type":"article","og_title":"Prot\u00e8ge-lames Prot\u00e8ge-lames Dyneema -%sitename%%.","og_description":"Le prot\u00e8ge-lames Prot\u00e8ge-lames Dyneema est con\u00e7u pour une protection r\u00e9sistante aux coupures. Conforme aux normes de l'ISU Mat\u00e9riau souple et confortable. Achetez le v\u00f4tre ici !","og_url":"https:\/\/xactskateshop.com\/fr\/produit\/protege-cou-skate-tec-dyneema\/","og_site_name":"Xact Skate Shop","article_publisher":"https:\/\/www.facebook.com\/JeanLouiskateshop","og_image":[{"width":1000,"height":1000,"url":"https:\/\/xactskateshop.com\/wp-content\/uploads\/2022\/09\/stneckprotector.jpg","type":"image\/jpeg"}],"twitter_card":"summary_large_image","twitter_misc":{"Dur\u00e9e de lecture estim\u00e9e":"2 minutes"},"schema":{"@context":"https:\/\/schema.org","@graph":[{"@type":"WebPage","@id":"https:\/\/xactskateshop.com\/fr\/produit\/protege-cou-skate-tec-dyneema\/","url":"https:\/\/xactskateshop.com\/fr\/produit\/protege-cou-skate-tec-dyneema\/","name":"Prot\u00e8ge-lames Prot\u00e8ge-lames Dyneema -%sitename%%.","isPartOf":{"@id":"http:\/\/xactskateshop.com\/fr\/#website"},"primaryImageOfPage":{"@id":"https:\/\/xactskateshop.com\/fr\/produit\/protege-cou-skate-tec-dyneema\/#primaryimage"},"image":{"@id":"https:\/\/xactskateshop.com\/fr\/produit\/protege-cou-skate-tec-dyneema\/#primaryimage"},"thumbnailUrl":"https:\/\/xactskateshop.com\/wp-content\/uploads\/2022\/09\/stneckprotector.jpg","datePublished":"2022-09-12T15:39:45+00:00","description":"Le prot\u00e8ge-lames Prot\u00e8ge-lames Dyneema est con\u00e7u pour une protection r\u00e9sistante aux coupures. Conforme aux normes de l'ISU Mat\u00e9riau souple et confortable. Achetez le v\u00f4tre ici !","breadcrumb":{"@id":"https:\/\/xactskateshop.com\/fr\/produit\/protege-cou-skate-tec-dyneema\/#breadcrumb"},"inLanguage":"fr-FR","potentialAction":[{"@type":"ReadAction","target":["https:\/\/xactskateshop.com\/fr\/produit\/protege-cou-skate-tec-dyneema\/"]}]},{"@type":"ImageObject","inLanguage":"fr-FR","@id":"https:\/\/xactskateshop.com\/fr\/produit\/protege-cou-skate-tec-dyneema\/#primaryimage","url":"https:\/\/xactskateshop.com\/wp-content\/uploads\/2022\/09\/stneckprotector.jpg","contentUrl":"https:\/\/xactskateshop.com\/wp-content\/uploads\/2022\/09\/stneckprotector.jpg","width":1000,"height":1000,"caption":"Skate-tec Dyneema neck guard"},{"@type":"BreadcrumbList","@id":"https:\/\/xactskateshop.com\/fr\/produit\/protege-cou-skate-tec-dyneema\/#breadcrumb","itemListElement":[{"@type":"ListItem","position":1,"name":"Home","item":"https:\/\/xactskateshop.com\/fr\/accueil\/"},{"@type":"ListItem","position":2,"name":"Boutique","item":"https:\/\/xactskateshop.com\/shop\/"},{"@type":"ListItem","position":3,"name":"Prot\u00e8ge-cou Skate-Tec Dyneema"}]},{"@type":"WebSite","@id":"http:\/\/xactskateshop.com\/fr\/#website","url":"http:\/\/xactskateshop.com\/fr\/","name":"Xact Skate Shop","description":"Un site utilisant WordPress","publisher":{"@id":"http:\/\/xactskateshop.com\/fr\/#organization"},"potentialAction":[{"@type":"SearchAction","target":{"@type":"EntryPoint","urlTemplate":"http:\/\/xactskateshop.com\/fr\/?s={search_term_string}"},"query-input":{"@type":"PropertyValueSpecification","valueRequired":true,"valueName":"search_term_string"}}],"inLanguage":"fr-FR"},{"@type":"Organization","@id":"http:\/\/xactskateshop.com\/fr\/#organization","name":"XACT Skate Shop","url":"http:\/\/xactskateshop.com\/fr\/","logo":{"@type":"ImageObject","inLanguage":"fr-FR","@id":"http:\/\/xactskateshop.com\/fr\/#\/schema\/logo\/image\/","url":"http:\/\/xactskateshop.com\/wp-content\/uploads\/2024\/04\/xactskateshop-dot-com-avec-contour-noir-sans-fond-675x.jpg","contentUrl":"http:\/\/xactskateshop.com\/wp-content\/uploads\/2024\/04\/xactskateshop-dot-com-avec-contour-noir-sans-fond-675x.jpg","width":675,"height":247,"caption":"XACT Skate Shop"},"image":{"@id":"http:\/\/xactskateshop.com\/fr\/#\/schema\/logo\/image\/"},"sameAs":["https:\/\/www.facebook.com\/JeanLouiskateshop"]}]}},"_links":{"self":[{"href":"https:\/\/xactskateshop.com\/fr\/wp-json\/wp\/v2\/product\/55906","targetHints":{"allow":["GET"]}}],"collection":[{"href":"https:\/\/xactskateshop.com\/fr\/wp-json\/wp\/v2\/product"}],"about":[{"href":"https:\/\/xactskateshop.com\/fr\/wp-json\/wp\/v2\/types\/product"}],"replies":[{"embeddable":true,"href":"https:\/\/xactskateshop.com\/fr\/wp-json\/wp\/v2\/comments?post=55906"}],"wp:featuredmedia":[{"embeddable":true,"href":"https:\/\/xactskateshop.com\/fr\/wp-json\/wp\/v2\/media\/20490"}],"wp:attachment":[{"href":"https:\/\/xactskateshop.com\/fr\/wp-json\/wp\/v2\/media?parent=55906"}],"wp:term":[{"taxonomy":"product_brand","embeddable":true,"href":"https:\/\/xactskateshop.com\/fr\/wp-json\/wp\/v2\/product_brand?post=55906"},{"taxonomy":"product_cat","embeddable":true,"href":"https:\/\/xactskateshop.com\/fr\/wp-json\/wp\/v2\/product_cat?post=55906"},{"taxonomy":"product_tag","embeddable":true,"href":"https:\/\/xactskateshop.com\/fr\/wp-json\/wp\/v2\/product_tag?post=55906"}],"curies":[{"name":"wp","href":"https:\/\/api.w.org\/{rel}","templated":true}]}}