{"id":55859,"date":"2022-08-29T10:53:37","date_gmt":"2022-08-29T14:53:37","guid":{"rendered":"http:\/\/xactskateshop.com\/product\/cadomotus-sac-a-dos-airflow-aubergine\/"},"modified":"2025-10-16T15:23:47","modified_gmt":"2025-10-16T19:23:47","slug":"cadomotus-sac-a-dos-airflow-aubergine","status":"publish","type":"product","link":"https:\/\/xactskateshop.com\/fr\/produit\/cadomotus-sac-a-dos-airflow-aubergine\/","title":{"rendered":"Sac \u00e0 dos CADOMOTUS Airflow Aubergine"},"content":{"rendered":"<div id=\"product-content\" class=\"product-content general-content content-col mobile-popup\" data-popup=\"product-content\">\n<div class=\"popup-inner\">\n<div id=\"product-content\" class=\"product-content general-content content-col mobile-popup\" data-popup=\"product-content\">\n<div class=\"content-left\">\n<div id=\"product-content\" class=\"product-content general-content content-col mobile-popup\" data-popup=\"product-content\">\n<div class=\"popup-inner\">\n<h2>Sac \u00e0 dos CADOMOTUS Airflow Aubergine<\/h2>\n<p>Le sac \u00e0 dos CADOMOTUS Airflow Aubergine pour tous les patineurs s\u00e9rieux avec des poches d\u00e9di\u00e9es pour votre casque et vos patins.<\/p>\n<p>Vous vous rendez \u00e0 un entra\u00eenement ou \u00e0 une comp\u00e9tition ? Aucun autre sac n&#8217;offre autant de commodit\u00e9 et d&#8217;options de stockage. Rangez votre casque et vos patins dans les poches ext\u00e9rieures ventil\u00e9es ! Ce sac a \u00e9t\u00e9 con\u00e7u pour organiser tout votre mat\u00e9riel de sport. Qu&#8217;il s&#8217;agisse de votre trajet quotidien domicile-travail, de vos vacances \u00e0 la montagne ou de votre bagage \u00e0 main dans l&#8217;avion, ce sac \u00e0 dos de sport peut tout faire.<\/p>\n<p>\u00c0 l&#8217;arri\u00e8re du sac, nous avons utilis\u00e9 un cadre super l\u00e9ger pour qu&#8217;il ne reste pas \u00e0 plat sur votre dos. Nos sacs Airflow Race Day Gear sont dot\u00e9s d&#8217;un dos en maille suspendue pour aider \u00e0 s\u00e9cher la transpiration lorsque vous portez un sac \u00e0 dos. C&#8217;est confortable lorsque vous portez le sac sur votre v\u00e9lo et gr\u00e2ce aux sangles autour de votre taille, le sac \u00e0 dos reste \u00e0 sa place. Un vrai plaisir \u00e0 porter ! Ce n&#8217;est pas sans raison que c&#8217;est le sac \u00e0 dos le plus vendu dans le monde du patinage.<\/p>\n<p>Les sacs d&#8217;\u00e9quipement Airflow sont fabriqu\u00e9s dans un tissu en nylon solide et color\u00e9.<\/p>\n<h3 class=\"title-small title-font\">Sp\u00e9cifications<\/h3>\n<div class=\"spec-table\">\n<ul>\n<li><strong>Couleur du sac \u00e0 dos : <\/strong>Aubergine<\/li>\n<li><strong>Capacit\u00e9 du compartiment (Ltr) : <\/strong>30Lt<\/li>\n<li><strong>Capacit\u00e9 totale pour l&#8217;\u00e9quipement (Ltr) : <\/strong>45Lt<\/li>\n<li><strong>Dimensions : <\/strong>50cm x 30cm x 20cm<\/li>\n<li><strong>Fabriqu\u00e9 en : <\/strong>Nylon durable<\/li>\n<li><strong>IP64 R\u00e9sistance aux intemp\u00e9ries : <\/strong>Non<\/li>\n<li><strong>Poches multiples : <\/strong>8<\/li>\n<li><strong>Acc\u00e8s facile : <\/strong>deux poches zipp\u00e9es au niveau de la ceinture, poche zipp\u00e9e sur le dessus.<\/li>\n<li><strong>Suspension : <\/strong>Dos en filet suspendu<\/li>\n<li><strong>Longueur de torse r\u00e9glable : <\/strong>Oui<\/li>\n<li><strong>Pochette d\u00e9tachable pour casque : <\/strong>Non<\/li>\n<li><strong>Porte-bouteilles amovibles : <\/strong>Non<\/li>\n<li><strong>Poche inf\u00e9rieure pliable : <\/strong>Non<\/li>\n<li><strong>Stocker les chaussures de v\u00e9lo : <\/strong>Oui<\/li>\n<li><strong>Stocker les patins de vitesse : <\/strong>Oui<\/li>\n<li><strong>S\u00e9paration humide &#8211; s\u00e8che : <\/strong>Non<\/li>\n<\/ul>\n<\/div>\n<div class=\"spec-table\">\n<p>Voir d&#8217;autres mod\u00e8les <a href=\"http:\/\/xactskateshop.com\/product-category\/roller-skates\/roller-skates-accessories\/\">ici<\/a><\/p>\n<\/div>\n<div class=\"spec-table\"><\/div>\n<\/div>\n<\/div>\n<\/div>\n<\/div>\n<\/div>\n<\/div>\n","protected":false},"excerpt":{"rendered":"<hr \/>\n<p style=\"text-align: center;\">Le sac d&#8217;\u00e9quipement pour tous les patineurs s\u00e9rieux, avec des poches d\u00e9di\u00e9es \u00e0 votre casque et \u00e0 vos patins.<\/p>\n<p style=\"text-align: center;\">Vous vous rendez \u00e0 un entra\u00eenement ou \u00e0 une comp\u00e9tition ? Aucun autre sac n&#8217;offre autant de commodit\u00e9 et d&#8217;options de rangement. Rangez votre casque et vos patins dans les poches ext\u00e9rieures ventil\u00e9es ! Ce sac a \u00e9t\u00e9 con\u00e7u pour organiser tout votre mat\u00e9riel de sport. Qu&#8217;il s&#8217;agisse de votre trajet quotidien domicile-travail, de vos vacances \u00e0 la montagne ou de votre bagage \u00e0 main dans l&#8217;avion, ce sac \u00e0 dos de sport peut tout faire. Ce sac \u00e0 dos de sport peut tout faire. Les sacs \u00e0 dos Airflow sont fabriqu\u00e9s en nylon solide et color\u00e9.<\/p>\n<p style=\"text-align: center;\">Longueur de torse r\u00e9glable : Oui<\/p>\n<p style=\"text-align: center;\">Dimensions de l&#8217;emballage : 50cm x 30cm x 10cm<\/p>\n<hr \/>\n<p>&nbsp;<\/p>\n","protected":false},"featured_media":29874,"comment_status":"open","ping_status":"closed","template":"","meta":{"site-sidebar-layout":"default","site-content-layout":"default","ast-site-content-layout":"default","site-content-style":"default","site-sidebar-style":"default","ast-global-header-display":"","ast-banner-title-visibility":"","ast-main-header-display":"","ast-hfb-above-header-display":"","ast-hfb-below-header-display":"","ast-hfb-mobile-header-display":"","site-post-title":"","ast-breadcrumbs-content":"","ast-featured-img":"","footer-sml-layout":"","theme-transparent-header-meta":"default","adv-header-id-meta":"","stick-header-meta":"","header-above-stick-meta":"","header-main-stick-meta":"","header-below-stick-meta":"","astra-migrate-meta-layouts":"set","ast-page-background-enabled":"default","ast-page-background-meta":{"desktop":{"background-color":"","background-image":"","background-repeat":"repeat","background-position":"center center","background-size":"auto","background-attachment":"scroll","background-type":"","background-media":"","overlay-type":"","overlay-color":"","overlay-opacity":"","overlay-gradient":""},"tablet":{"background-color":"","background-image":"","background-repeat":"repeat","background-position":"center center","background-size":"auto","background-attachment":"scroll","background-type":"","background-media":"","overlay-type":"","overlay-color":"","overlay-opacity":"","overlay-gradient":""},"mobile":{"background-color":"","background-image":"","background-repeat":"repeat","background-position":"center center","background-size":"auto","background-attachment":"scroll","background-type":"","background-media":"","overlay-type":"","overlay-color":"","overlay-opacity":"","overlay-gradient":""}},"ast-content-background-meta":{"desktop":{"background-color":"var(--ast-global-color-5)","background-image":"","background-repeat":"repeat","background-position":"center center","background-size":"auto","background-attachment":"scroll","background-type":"","background-media":"","overlay-type":"","overlay-color":"","overlay-opacity":"","overlay-gradient":""},"tablet":{"background-color":"var(--ast-global-color-5)","background-image":"","background-repeat":"repeat","background-position":"center center","background-size":"auto","background-attachment":"scroll","background-type":"","background-media":"","overlay-type":"","overlay-color":"","overlay-opacity":"","overlay-gradient":""},"mobile":{"background-color":"var(--ast-global-color-5)","background-image":"","background-repeat":"repeat","background-position":"center center","background-size":"auto","background-attachment":"scroll","background-type":"","background-media":"","overlay-type":"","overlay-color":"","overlay-opacity":"","overlay-gradient":""}}},"product_brand":[],"product_cat":[1529,1530,1660,1662,1353,1661,1647,1513],"product_tag":[1385,2196,2210,2202,1356,1394,2198,1788,2208,1830,1784,1395,1403,2207,2205,2206,2191,2209,1888,1889,1464],"class_list":{"0":"post-55859","1":"product","2":"type-product","3":"status-publish","4":"has-post-thumbnail","6":"product_cat-accessoires-de-patinage-a-roues-alignees","7":"product_cat-accessoires-pour-patins-a-roulettes","8":"product_cat-patinage-de-loisir-patinage-nordique","9":"product_cat-patinage-de-loisir","10":"product_cat-patinage-de-vitesse","11":"product_cat-patins-a-roues-alignees-de-loisir","12":"product_cat-sacs","13":"product_cat-sacs-et-accessoires","14":"product_tag-boutique-xactskate","15":"product_tag-cadomotus-fr","16":"product_tag-colore-fr","17":"product_tag-coloree","18":"product_tag-courte-piste-fr","19":"product_tag-courte-piste-fr-2","20":"product_tag-engrenages","21":"product_tag-equipement-de-sport-fr","22":"product_tag-equipements-fr","23":"product_tag-longue-piste-fr","24":"product_tag-materiel-de-sport","25":"product_tag-patin-de-vitesse-fr","26":"product_tag-patinage-de-vitesse","27":"product_tag-porte-a-main","28":"product_tag-sac-a-dos-fr","29":"product_tag-sac-a-dos-fr-2","30":"product_tag-sac-a-dos-de-sport","31":"product_tag-sac-de-sport-fr","32":"product_tag-velo-fr","33":"product_tag-velo-fr-2","34":"product_tag-voie-longue","35":"desktop-align-center","36":"tablet-align-center","37":"mobile-align-center","38":"ast-product-gallery-layout-horizontal","39":"ast-product-tabs-layout-horizontal","40":"ast-qv-on-image","42":"first","43":"outofstock","44":"sale","45":"taxable","46":"shipping-taxable","47":"purchasable","48":"product-type-simple"},"bundled_by":[],"bundle_stock_status":"outofstock","bundle_stock_quantity":0,"bundle_virtual":false,"bundle_layout":"","bundle_add_to_cart_form_location":"","bundle_editable_in_cart":false,"bundle_sold_individually_context":"","bundle_item_grouping":"","bundle_min_size":"","bundle_max_size":"","bundle_price":[],"bundled_items":[],"bundle_sell_ids":[],"yoast_head":"<!-- This site is optimized with the Yoast SEO plugin v27.4 - https:\/\/yoast.com\/product\/yoast-seo-wordpress\/ -->\n<title>Sac \u00e0 dos Cadomotus Airflow Aubergine - Xact Skate Shop.<\/title>\n<meta name=\"description\" content=\"Sac \u00e0 dos Cadomotus Airflow Aubergine. Le sac \u00e0 dos pour tous les patineurs s\u00e9rieux, avec des poches d\u00e9di\u00e9es pour votre casque et vos patins.\" \/>\n<meta name=\"robots\" content=\"index, follow, max-snippet:-1, max-image-preview:large, max-video-preview:-1\" \/>\n<link rel=\"canonical\" href=\"https:\/\/xactskateshop.com\/fr\/produit\/cadomotus-sac-a-dos-airflow-aubergine\/\" \/>\n<meta property=\"og:locale\" content=\"fr_FR\" \/>\n<meta property=\"og:type\" content=\"article\" \/>\n<meta property=\"og:title\" content=\"Sac \u00e0 dos Cadomotus Airflow Aubergine - Xact Skate Shop.\" \/>\n<meta property=\"og:description\" content=\"Sac \u00e0 dos Cadomotus Airflow Aubergine. Le sac \u00e0 dos pour tous les patineurs s\u00e9rieux, avec des poches d\u00e9di\u00e9es pour votre casque et vos patins.\" \/>\n<meta property=\"og:url\" content=\"https:\/\/xactskateshop.com\/fr\/produit\/cadomotus-sac-a-dos-airflow-aubergine\/\" \/>\n<meta property=\"og:site_name\" content=\"Xact Skate Shop\" \/>\n<meta property=\"article:publisher\" content=\"https:\/\/www.facebook.com\/JeanLouiskateshop\" \/>\n<meta property=\"article:modified_time\" content=\"2025-10-16T19:23:47+00:00\" \/>\n<meta property=\"og:image\" content=\"https:\/\/xactskateshop.com\/wp-content\/uploads\/2022\/08\/aiflow-aubergin-1.jpg\" \/>\n\t<meta property=\"og:image:width\" content=\"1000\" \/>\n\t<meta property=\"og:image:height\" content=\"1000\" \/>\n\t<meta property=\"og:image:type\" content=\"image\/jpeg\" \/>\n<meta name=\"twitter:card\" content=\"summary_large_image\" \/>\n<meta name=\"twitter:label1\" content=\"Dur\u00e9e de lecture estim\u00e9e\" \/>\n\t<meta name=\"twitter:data1\" content=\"2 minutes\" \/>\n<script type=\"application\/ld+json\" class=\"yoast-schema-graph\">{\"@context\":\"https:\\\/\\\/schema.org\",\"@graph\":[{\"@type\":\"WebPage\",\"@id\":\"https:\\\/\\\/xactskateshop.com\\\/fr\\\/produit\\\/cadomotus-sac-a-dos-airflow-aubergine\\\/\",\"url\":\"https:\\\/\\\/xactskateshop.com\\\/fr\\\/produit\\\/cadomotus-sac-a-dos-airflow-aubergine\\\/\",\"name\":\"Sac \u00e0 dos Cadomotus Airflow Aubergine - Xact Skate Shop.\",\"isPartOf\":{\"@id\":\"http:\\\/\\\/xactskateshop.com\\\/fr\\\/#website\"},\"primaryImageOfPage\":{\"@id\":\"https:\\\/\\\/xactskateshop.com\\\/fr\\\/produit\\\/cadomotus-sac-a-dos-airflow-aubergine\\\/#primaryimage\"},\"image\":{\"@id\":\"https:\\\/\\\/xactskateshop.com\\\/fr\\\/produit\\\/cadomotus-sac-a-dos-airflow-aubergine\\\/#primaryimage\"},\"thumbnailUrl\":\"https:\\\/\\\/xactskateshop.com\\\/wp-content\\\/uploads\\\/2022\\\/08\\\/aiflow-aubergin-1.jpg\",\"datePublished\":\"2022-08-29T14:53:37+00:00\",\"dateModified\":\"2025-10-16T19:23:47+00:00\",\"description\":\"Sac \u00e0 dos Cadomotus Airflow Aubergine. Le sac \u00e0 dos pour tous les patineurs s\u00e9rieux, avec des poches d\u00e9di\u00e9es pour votre casque et vos patins.\",\"breadcrumb\":{\"@id\":\"https:\\\/\\\/xactskateshop.com\\\/fr\\\/produit\\\/cadomotus-sac-a-dos-airflow-aubergine\\\/#breadcrumb\"},\"inLanguage\":\"fr-FR\",\"potentialAction\":[{\"@type\":\"ReadAction\",\"target\":[\"https:\\\/\\\/xactskateshop.com\\\/fr\\\/produit\\\/cadomotus-sac-a-dos-airflow-aubergine\\\/\"]}]},{\"@type\":\"ImageObject\",\"inLanguage\":\"fr-FR\",\"@id\":\"https:\\\/\\\/xactskateshop.com\\\/fr\\\/produit\\\/cadomotus-sac-a-dos-airflow-aubergine\\\/#primaryimage\",\"url\":\"https:\\\/\\\/xactskateshop.com\\\/wp-content\\\/uploads\\\/2022\\\/08\\\/aiflow-aubergin-1.jpg\",\"contentUrl\":\"https:\\\/\\\/xactskateshop.com\\\/wp-content\\\/uploads\\\/2022\\\/08\\\/aiflow-aubergin-1.jpg\",\"width\":1000,\"height\":1000,\"caption\":\"CADOMOTUS Sac \u00e0 dos Airflow Aubergine\"},{\"@type\":\"BreadcrumbList\",\"@id\":\"https:\\\/\\\/xactskateshop.com\\\/fr\\\/produit\\\/cadomotus-sac-a-dos-airflow-aubergine\\\/#breadcrumb\",\"itemListElement\":[{\"@type\":\"ListItem\",\"position\":1,\"name\":\"Home\",\"item\":\"https:\\\/\\\/xactskateshop.com\\\/fr\\\/accueil\\\/\"},{\"@type\":\"ListItem\",\"position\":2,\"name\":\"Boutique\",\"item\":\"https:\\\/\\\/xactskateshop.com\\\/shop\\\/\"},{\"@type\":\"ListItem\",\"position\":3,\"name\":\"Sac \u00e0 dos CADOMOTUS Airflow Aubergine\"}]},{\"@type\":\"WebSite\",\"@id\":\"http:\\\/\\\/xactskateshop.com\\\/fr\\\/#website\",\"url\":\"http:\\\/\\\/xactskateshop.com\\\/fr\\\/\",\"name\":\"Xact Skate Shop\",\"description\":\"Un site utilisant WordPress\",\"publisher\":{\"@id\":\"http:\\\/\\\/xactskateshop.com\\\/fr\\\/#organization\"},\"potentialAction\":[{\"@type\":\"SearchAction\",\"target\":{\"@type\":\"EntryPoint\",\"urlTemplate\":\"http:\\\/\\\/xactskateshop.com\\\/fr\\\/?s={search_term_string}\"},\"query-input\":{\"@type\":\"PropertyValueSpecification\",\"valueRequired\":true,\"valueName\":\"search_term_string\"}}],\"inLanguage\":\"fr-FR\"},{\"@type\":\"Organization\",\"@id\":\"http:\\\/\\\/xactskateshop.com\\\/fr\\\/#organization\",\"name\":\"XACT Skate Shop\",\"url\":\"http:\\\/\\\/xactskateshop.com\\\/fr\\\/\",\"logo\":{\"@type\":\"ImageObject\",\"inLanguage\":\"fr-FR\",\"@id\":\"http:\\\/\\\/xactskateshop.com\\\/fr\\\/#\\\/schema\\\/logo\\\/image\\\/\",\"url\":\"http:\\\/\\\/xactskateshop.com\\\/wp-content\\\/uploads\\\/2024\\\/04\\\/xactskateshop-dot-com-avec-contour-noir-sans-fond-675x.jpg\",\"contentUrl\":\"http:\\\/\\\/xactskateshop.com\\\/wp-content\\\/uploads\\\/2024\\\/04\\\/xactskateshop-dot-com-avec-contour-noir-sans-fond-675x.jpg\",\"width\":675,\"height\":247,\"caption\":\"XACT Skate Shop\"},\"image\":{\"@id\":\"http:\\\/\\\/xactskateshop.com\\\/fr\\\/#\\\/schema\\\/logo\\\/image\\\/\"},\"sameAs\":[\"https:\\\/\\\/www.facebook.com\\\/JeanLouiskateshop\"]}]}<\/script>\n<!-- \/ Yoast SEO plugin. -->","yoast_head_json":{"title":"Sac \u00e0 dos Cadomotus Airflow Aubergine - Xact Skate Shop.","description":"Sac \u00e0 dos Cadomotus Airflow Aubergine. Le sac \u00e0 dos pour tous les patineurs s\u00e9rieux, avec des poches d\u00e9di\u00e9es pour votre casque et vos patins.","robots":{"index":"index","follow":"follow","max-snippet":"max-snippet:-1","max-image-preview":"max-image-preview:large","max-video-preview":"max-video-preview:-1"},"canonical":"https:\/\/xactskateshop.com\/fr\/produit\/cadomotus-sac-a-dos-airflow-aubergine\/","og_locale":"fr_FR","og_type":"article","og_title":"Sac \u00e0 dos Cadomotus Airflow Aubergine - Xact Skate Shop.","og_description":"Sac \u00e0 dos Cadomotus Airflow Aubergine. Le sac \u00e0 dos pour tous les patineurs s\u00e9rieux, avec des poches d\u00e9di\u00e9es pour votre casque et vos patins.","og_url":"https:\/\/xactskateshop.com\/fr\/produit\/cadomotus-sac-a-dos-airflow-aubergine\/","og_site_name":"Xact Skate Shop","article_publisher":"https:\/\/www.facebook.com\/JeanLouiskateshop","article_modified_time":"2025-10-16T19:23:47+00:00","og_image":[{"width":1000,"height":1000,"url":"https:\/\/xactskateshop.com\/wp-content\/uploads\/2022\/08\/aiflow-aubergin-1.jpg","type":"image\/jpeg"}],"twitter_card":"summary_large_image","twitter_misc":{"Dur\u00e9e de lecture estim\u00e9e":"2 minutes"},"schema":{"@context":"https:\/\/schema.org","@graph":[{"@type":"WebPage","@id":"https:\/\/xactskateshop.com\/fr\/produit\/cadomotus-sac-a-dos-airflow-aubergine\/","url":"https:\/\/xactskateshop.com\/fr\/produit\/cadomotus-sac-a-dos-airflow-aubergine\/","name":"Sac \u00e0 dos Cadomotus Airflow Aubergine - Xact Skate Shop.","isPartOf":{"@id":"http:\/\/xactskateshop.com\/fr\/#website"},"primaryImageOfPage":{"@id":"https:\/\/xactskateshop.com\/fr\/produit\/cadomotus-sac-a-dos-airflow-aubergine\/#primaryimage"},"image":{"@id":"https:\/\/xactskateshop.com\/fr\/produit\/cadomotus-sac-a-dos-airflow-aubergine\/#primaryimage"},"thumbnailUrl":"https:\/\/xactskateshop.com\/wp-content\/uploads\/2022\/08\/aiflow-aubergin-1.jpg","datePublished":"2022-08-29T14:53:37+00:00","dateModified":"2025-10-16T19:23:47+00:00","description":"Sac \u00e0 dos Cadomotus Airflow Aubergine. Le sac \u00e0 dos pour tous les patineurs s\u00e9rieux, avec des poches d\u00e9di\u00e9es pour votre casque et vos patins.","breadcrumb":{"@id":"https:\/\/xactskateshop.com\/fr\/produit\/cadomotus-sac-a-dos-airflow-aubergine\/#breadcrumb"},"inLanguage":"fr-FR","potentialAction":[{"@type":"ReadAction","target":["https:\/\/xactskateshop.com\/fr\/produit\/cadomotus-sac-a-dos-airflow-aubergine\/"]}]},{"@type":"ImageObject","inLanguage":"fr-FR","@id":"https:\/\/xactskateshop.com\/fr\/produit\/cadomotus-sac-a-dos-airflow-aubergine\/#primaryimage","url":"https:\/\/xactskateshop.com\/wp-content\/uploads\/2022\/08\/aiflow-aubergin-1.jpg","contentUrl":"https:\/\/xactskateshop.com\/wp-content\/uploads\/2022\/08\/aiflow-aubergin-1.jpg","width":1000,"height":1000,"caption":"CADOMOTUS Sac \u00e0 dos Airflow Aubergine"},{"@type":"BreadcrumbList","@id":"https:\/\/xactskateshop.com\/fr\/produit\/cadomotus-sac-a-dos-airflow-aubergine\/#breadcrumb","itemListElement":[{"@type":"ListItem","position":1,"name":"Home","item":"https:\/\/xactskateshop.com\/fr\/accueil\/"},{"@type":"ListItem","position":2,"name":"Boutique","item":"https:\/\/xactskateshop.com\/shop\/"},{"@type":"ListItem","position":3,"name":"Sac \u00e0 dos CADOMOTUS Airflow Aubergine"}]},{"@type":"WebSite","@id":"http:\/\/xactskateshop.com\/fr\/#website","url":"http:\/\/xactskateshop.com\/fr\/","name":"Xact Skate Shop","description":"Un site utilisant WordPress","publisher":{"@id":"http:\/\/xactskateshop.com\/fr\/#organization"},"potentialAction":[{"@type":"SearchAction","target":{"@type":"EntryPoint","urlTemplate":"http:\/\/xactskateshop.com\/fr\/?s={search_term_string}"},"query-input":{"@type":"PropertyValueSpecification","valueRequired":true,"valueName":"search_term_string"}}],"inLanguage":"fr-FR"},{"@type":"Organization","@id":"http:\/\/xactskateshop.com\/fr\/#organization","name":"XACT Skate Shop","url":"http:\/\/xactskateshop.com\/fr\/","logo":{"@type":"ImageObject","inLanguage":"fr-FR","@id":"http:\/\/xactskateshop.com\/fr\/#\/schema\/logo\/image\/","url":"http:\/\/xactskateshop.com\/wp-content\/uploads\/2024\/04\/xactskateshop-dot-com-avec-contour-noir-sans-fond-675x.jpg","contentUrl":"http:\/\/xactskateshop.com\/wp-content\/uploads\/2024\/04\/xactskateshop-dot-com-avec-contour-noir-sans-fond-675x.jpg","width":675,"height":247,"caption":"XACT Skate Shop"},"image":{"@id":"http:\/\/xactskateshop.com\/fr\/#\/schema\/logo\/image\/"},"sameAs":["https:\/\/www.facebook.com\/JeanLouiskateshop"]}]}},"_links":{"self":[{"href":"https:\/\/xactskateshop.com\/fr\/wp-json\/wp\/v2\/product\/55859","targetHints":{"allow":["GET"]}}],"collection":[{"href":"https:\/\/xactskateshop.com\/fr\/wp-json\/wp\/v2\/product"}],"about":[{"href":"https:\/\/xactskateshop.com\/fr\/wp-json\/wp\/v2\/types\/product"}],"replies":[{"embeddable":true,"href":"https:\/\/xactskateshop.com\/fr\/wp-json\/wp\/v2\/comments?post=55859"}],"wp:featuredmedia":[{"embeddable":true,"href":"https:\/\/xactskateshop.com\/fr\/wp-json\/wp\/v2\/media\/29874"}],"wp:attachment":[{"href":"https:\/\/xactskateshop.com\/fr\/wp-json\/wp\/v2\/media?parent=55859"}],"wp:term":[{"taxonomy":"product_brand","embeddable":true,"href":"https:\/\/xactskateshop.com\/fr\/wp-json\/wp\/v2\/product_brand?post=55859"},{"taxonomy":"product_cat","embeddable":true,"href":"https:\/\/xactskateshop.com\/fr\/wp-json\/wp\/v2\/product_cat?post=55859"},{"taxonomy":"product_tag","embeddable":true,"href":"https:\/\/xactskateshop.com\/fr\/wp-json\/wp\/v2\/product_tag?post=55859"}],"curies":[{"name":"wp","href":"https:\/\/api.w.org\/{rel}","templated":true}]}}