{"id":55838,"date":"2023-04-27T17:24:51","date_gmt":"2023-04-27T21:24:51","guid":{"rendered":"http:\/\/xactskateshop.com\/product\/pont-skate-tec-otto-pont-seul\/"},"modified":"2025-10-04T12:17:39","modified_gmt":"2025-10-04T16:17:39","slug":"pont-skate-tec-otto-pont-seul","status":"publish","type":"product","link":"https:\/\/xactskateshop.com\/fr\/produit\/pont-skate-tec-otto-pont-seul\/","title":{"rendered":"Pont SKATE-TEC OTTO (Pont seul)"},"content":{"rendered":"<h2>Courte Piste Otto bridge (Lames vendues s\u00e9par\u00e9ment)<\/h2>\n<p>SKATE-TEC OTTO Bridge &#8211; La nouvelle g\u00e9n\u00e9ration de lames Courte Piste<\/p>\n<p>Le Otto est le r\u00e9sultat de nombreuses ann\u00e9es de d\u00e9veloppement initi\u00e9 par Otto Den Braver, qui lui a donn\u00e9 son nom. Il s&#8217;agit du premier patin Shorttrack dot\u00e9 d&#8217;un pont. L&#8217;utilisation d&#8217;un pont au lieu de coupelles standard permet de surmonter de nombreux probl\u00e8mes pos\u00e9s par les patins Shorttrack standard. Le pont cr\u00e9e une construction rigide entre les points de montage avant et arri\u00e8re. Cela permet d&#8217;\u00e9viter les tensions ind\u00e9sirables caus\u00e9es par des impr\u00e9cisions dans les chaussures. Il permet \u00e9galement \u00e0 la lame de fl\u00e9chir davantage et de l&#8217;utiliser avec moins de courbure. Une flexion moindre r\u00e9duit la friction et augmente les capacit\u00e9s de glisse \u00e0 des vitesses plus \u00e9lev\u00e9es.<\/p>\n<p>Le pont Courte Piste Otto a \u00e9t\u00e9 con\u00e7u dans l&#8217;id\u00e9e de remettre en cause la distance fixe de 165mm entre les coupelles. Ceci a \u00e9t\u00e9 r\u00e9alis\u00e9 en utilisant un pont reliant l&#8217;avant et l&#8217;arri\u00e8re avec une port\u00e9e de 215 mm tout en conservant les points de montage de 165 mm sur la botte.<\/p>\n<p>Un autre grand avantage de la lame est que, gr\u00e2ce \u00e0 la conception du pont, la flexion change beaucoup moins, voire presque pas du tout au d\u00e9part.<\/p>\n<h3><strong>Hauteur<\/strong><\/h3>\n<p>Nous avons utilis\u00e9 une m\u00e9thode diff\u00e9rente pour d\u00e9terminer la hauteur du chevalet (avant les coupelles). Au lieu de +1 etc, nous mesurons maintenant la distance entre le point de montage arri\u00e8re et le bas de la l\u00e8vre. Pour la hauteur, il est conseill\u00e9 d&#8217;aller 1 \u00e0 2 mm plus haut que vous ne le feriez normalement, car vous pourrez vous pencher davantage et votre chaussure touchera donc la glace plus rapidement.<\/p>\n<p><img fetchpriority=\"high\" decoding=\"async\" class=\"alignnone wp-image-17728\" src=\"http:\/\/xactskateshop.com\/wp-content\/uploads\/2022\/04\/otto-height-300x202.jpg\" alt=\"\" width=\"315\" height=\"212\" srcset=\"https:\/\/xactskateshop.com\/wp-content\/uploads\/2022\/04\/otto-height-300x202.jpg 300w, https:\/\/xactskateshop.com\/wp-content\/uploads\/2022\/04\/otto-height-1024x690.jpg 1024w, https:\/\/xactskateshop.com\/wp-content\/uploads\/2022\/04\/otto-height-768x517.jpg 768w, https:\/\/xactskateshop.com\/wp-content\/uploads\/2022\/04\/otto-height-1536x1035.jpg 1536w, https:\/\/xactskateshop.com\/wp-content\/uploads\/2022\/04\/otto-height-1600x1078.jpg 1600w, https:\/\/xactskateshop.com\/wp-content\/uploads\/2022\/04\/otto-height.jpg 1710w\" sizes=\"(max-width: 315px) 100vw, 315px\" \/> <img decoding=\"async\" class=\"alignnone size-medium wp-image-17727\" src=\"http:\/\/xactskateshop.com\/wp-content\/uploads\/2022\/04\/height-259x300.jpg\" alt=\"\" width=\"259\" height=\"300\" srcset=\"https:\/\/xactskateshop.com\/wp-content\/uploads\/2022\/04\/height-259x300.jpg 259w, https:\/\/xactskateshop.com\/wp-content\/uploads\/2022\/04\/height.jpg 690w\" sizes=\"(max-width: 259px) 100vw, 259px\" \/><\/p>\n<p>&nbsp;<\/p>\n<p><span style=\"font-size: 16px; font-style: normal; font-weight: 400;\">Pour plus de d\u00e9tails <\/span><a style=\"background-color: #ffffff; font-size: 16px; font-style: normal; font-weight: 400;\" href=\"https:\/\/skate-tec.com\/otto.html#ottosizes\">ici<\/a><\/p>\n<p>S\u00e9lectionnez vos lames <a href=\"http:\/\/xactskateshop.com\/product-category\/speed-skating\/short-track\/short-track-blades-and-parts\/\">ici !<\/a><\/p>\n","protected":false},"excerpt":{"rendered":"<p>&nbsp;<\/p>\n<hr \/>\n<p style=\"text-align: center;\">SKATE-TEC OTTO &#8211; La nouvelle g\u00e9n\u00e9ration de lames pour la Courte Piste<\/p>\n<hr \/>\n<p>&nbsp;<\/p>\n","protected":false},"featured_media":30152,"comment_status":"open","ping_status":"closed","template":"","meta":{"site-sidebar-layout":"default","site-content-layout":"default","ast-site-content-layout":"default","site-content-style":"default","site-sidebar-style":"default","ast-global-header-display":"","ast-banner-title-visibility":"","ast-main-header-display":"","ast-hfb-above-header-display":"","ast-hfb-below-header-display":"","ast-hfb-mobile-header-display":"","site-post-title":"","ast-breadcrumbs-content":"","ast-featured-img":"","footer-sml-layout":"","theme-transparent-header-meta":"default","adv-header-id-meta":"","stick-header-meta":"","header-above-stick-meta":"","header-main-stick-meta":"","header-below-stick-meta":"","astra-migrate-meta-layouts":"set","ast-page-background-enabled":"default","ast-page-background-meta":{"desktop":{"background-color":"","background-image":"","background-repeat":"repeat","background-position":"center center","background-size":"auto","background-attachment":"scroll","background-type":"","background-media":"","overlay-type":"","overlay-color":"","overlay-opacity":"","overlay-gradient":""},"tablet":{"background-color":"","background-image":"","background-repeat":"repeat","background-position":"center center","background-size":"auto","background-attachment":"scroll","background-type":"","background-media":"","overlay-type":"","overlay-color":"","overlay-opacity":"","overlay-gradient":""},"mobile":{"background-color":"","background-image":"","background-repeat":"repeat","background-position":"center center","background-size":"auto","background-attachment":"scroll","background-type":"","background-media":"","overlay-type":"","overlay-color":"","overlay-opacity":"","overlay-gradient":""}},"ast-content-background-meta":{"desktop":{"background-color":"var(--ast-global-color-5)","background-image":"","background-repeat":"repeat","background-position":"center center","background-size":"auto","background-attachment":"scroll","background-type":"","background-media":"","overlay-type":"","overlay-color":"","overlay-opacity":"","overlay-gradient":""},"tablet":{"background-color":"var(--ast-global-color-5)","background-image":"","background-repeat":"repeat","background-position":"center center","background-size":"auto","background-attachment":"scroll","background-type":"","background-media":"","overlay-type":"","overlay-color":"","overlay-opacity":"","overlay-gradient":""},"mobile":{"background-color":"var(--ast-global-color-5)","background-image":"","background-repeat":"repeat","background-position":"center center","background-size":"auto","background-attachment":"scroll","background-type":"","background-media":"","overlay-type":"","overlay-color":"","overlay-opacity":"","overlay-gradient":""}}},"product_brand":[],"product_cat":[1354,1457,1435,1353],"product_tag":[1356,2040,1397],"class_list":{"0":"post-55838","1":"product","2":"type-product","3":"status-publish","4":"has-post-thumbnail","6":"product_cat-courte-piste","7":"product_cat-lames-et-pieces-patinage-de-vitesse-courte-piste","8":"product_cat-liquidation","9":"product_cat-patinage-de-vitesse","10":"product_tag-courte-piste-fr","11":"product_tag-lames-dotto","12":"product_tag-lames-de-st","13":"desktop-align-center","14":"tablet-align-center","15":"mobile-align-center","16":"ast-product-gallery-layout-horizontal","17":"ast-product-single-variable","18":"ast-product-tabs-layout-horizontal","19":"ast-qv-on-image","21":"first","22":"instock","23":"sale","24":"taxable","25":"shipping-taxable","26":"purchasable","27":"product-type-variable"},"bundled_by":[],"bundle_stock_status":"instock","bundle_stock_quantity":null,"bundle_virtual":false,"bundle_layout":"","bundle_add_to_cart_form_location":"","bundle_editable_in_cart":false,"bundle_sold_individually_context":"","bundle_item_grouping":"","bundle_min_size":"","bundle_max_size":"","bundle_price":[],"bundled_items":[],"bundle_sell_ids":[],"yoast_head":"<!-- This site is optimized with the Yoast SEO plugin v27.4 - https:\/\/yoast.com\/product\/yoast-seo-wordpress\/ -->\n<title>SKATE-TEC OTTO Bridge - %.<\/title>\n<meta name=\"description\" content=\"SKATE-TEC OTTO Bridge - La nouvelle g\u00e9n\u00e9ration de lame Courte Piste. L&#039;Otto a \u00e9t\u00e9 con\u00e7u pour d\u00e9fier la distance fixe de 165 mm entre les coupes.\" \/>\n<meta name=\"robots\" content=\"index, follow, max-snippet:-1, max-image-preview:large, max-video-preview:-1\" \/>\n<link rel=\"canonical\" href=\"https:\/\/xactskateshop.com\/fr\/produit\/pont-skate-tec-otto-pont-seul\/\" \/>\n<meta property=\"og:locale\" content=\"fr_FR\" \/>\n<meta property=\"og:type\" content=\"article\" \/>\n<meta property=\"og:title\" content=\"SKATE-TEC OTTO Bridge - %.\" \/>\n<meta property=\"og:description\" content=\"SKATE-TEC OTTO Bridge - La nouvelle g\u00e9n\u00e9ration de lame Courte Piste. L&#039;Otto a \u00e9t\u00e9 con\u00e7u pour d\u00e9fier la distance fixe de 165 mm entre les coupes.\" \/>\n<meta property=\"og:url\" content=\"https:\/\/xactskateshop.com\/fr\/produit\/pont-skate-tec-otto-pont-seul\/\" \/>\n<meta property=\"og:site_name\" content=\"Xact Skate Shop\" \/>\n<meta property=\"article:publisher\" content=\"https:\/\/www.facebook.com\/JeanLouiskateshop\" \/>\n<meta property=\"article:modified_time\" content=\"2025-10-04T16:17:39+00:00\" \/>\n<meta property=\"og:image\" content=\"https:\/\/xactskateshop.com\/wp-content\/uploads\/2023\/04\/OTTO-BRIDGE.jpg\" \/>\n\t<meta property=\"og:image:width\" content=\"2560\" \/>\n\t<meta property=\"og:image:height\" content=\"1920\" \/>\n\t<meta property=\"og:image:type\" content=\"image\/jpeg\" \/>\n<meta name=\"twitter:card\" content=\"summary_large_image\" \/>\n<meta name=\"twitter:label1\" content=\"Dur\u00e9e de lecture estim\u00e9e\" \/>\n\t<meta name=\"twitter:data1\" content=\"2 minutes\" \/>\n<script type=\"application\/ld+json\" class=\"yoast-schema-graph\">{\"@context\":\"https:\\\/\\\/schema.org\",\"@graph\":[{\"@type\":\"WebPage\",\"@id\":\"https:\\\/\\\/xactskateshop.com\\\/fr\\\/produit\\\/pont-skate-tec-otto-pont-seul\\\/\",\"url\":\"https:\\\/\\\/xactskateshop.com\\\/fr\\\/produit\\\/pont-skate-tec-otto-pont-seul\\\/\",\"name\":\"SKATE-TEC OTTO Bridge - %.\",\"isPartOf\":{\"@id\":\"http:\\\/\\\/xactskateshop.com\\\/fr\\\/#website\"},\"primaryImageOfPage\":{\"@id\":\"https:\\\/\\\/xactskateshop.com\\\/fr\\\/produit\\\/pont-skate-tec-otto-pont-seul\\\/#primaryimage\"},\"image\":{\"@id\":\"https:\\\/\\\/xactskateshop.com\\\/fr\\\/produit\\\/pont-skate-tec-otto-pont-seul\\\/#primaryimage\"},\"thumbnailUrl\":\"https:\\\/\\\/xactskateshop.com\\\/wp-content\\\/uploads\\\/2023\\\/04\\\/OTTO-BRIDGE.jpg\",\"datePublished\":\"2023-04-27T21:24:51+00:00\",\"dateModified\":\"2025-10-04T16:17:39+00:00\",\"description\":\"SKATE-TEC OTTO Bridge - La nouvelle g\u00e9n\u00e9ration de lame Courte Piste. L'Otto a \u00e9t\u00e9 con\u00e7u pour d\u00e9fier la distance fixe de 165 mm entre les coupes.\",\"breadcrumb\":{\"@id\":\"https:\\\/\\\/xactskateshop.com\\\/fr\\\/produit\\\/pont-skate-tec-otto-pont-seul\\\/#breadcrumb\"},\"inLanguage\":\"fr-FR\",\"potentialAction\":[{\"@type\":\"ReadAction\",\"target\":[\"https:\\\/\\\/xactskateshop.com\\\/fr\\\/produit\\\/pont-skate-tec-otto-pont-seul\\\/\"]}]},{\"@type\":\"ImageObject\",\"inLanguage\":\"fr-FR\",\"@id\":\"https:\\\/\\\/xactskateshop.com\\\/fr\\\/produit\\\/pont-skate-tec-otto-pont-seul\\\/#primaryimage\",\"url\":\"https:\\\/\\\/xactskateshop.com\\\/wp-content\\\/uploads\\\/2023\\\/04\\\/OTTO-BRIDGE.jpg\",\"contentUrl\":\"https:\\\/\\\/xactskateshop.com\\\/wp-content\\\/uploads\\\/2023\\\/04\\\/OTTO-BRIDGE.jpg\",\"width\":2560,\"height\":1920,\"caption\":\"Courte Piste Otto bridge\"},{\"@type\":\"BreadcrumbList\",\"@id\":\"https:\\\/\\\/xactskateshop.com\\\/fr\\\/produit\\\/pont-skate-tec-otto-pont-seul\\\/#breadcrumb\",\"itemListElement\":[{\"@type\":\"ListItem\",\"position\":1,\"name\":\"Home\",\"item\":\"https:\\\/\\\/xactskateshop.com\\\/fr\\\/accueil\\\/\"},{\"@type\":\"ListItem\",\"position\":2,\"name\":\"Boutique\",\"item\":\"https:\\\/\\\/xactskateshop.com\\\/shop\\\/\"},{\"@type\":\"ListItem\",\"position\":3,\"name\":\"Pont SKATE-TEC OTTO (Pont seul)\"}]},{\"@type\":\"WebSite\",\"@id\":\"http:\\\/\\\/xactskateshop.com\\\/fr\\\/#website\",\"url\":\"http:\\\/\\\/xactskateshop.com\\\/fr\\\/\",\"name\":\"Xact Skate Shop\",\"description\":\"Un site utilisant WordPress\",\"publisher\":{\"@id\":\"http:\\\/\\\/xactskateshop.com\\\/fr\\\/#organization\"},\"potentialAction\":[{\"@type\":\"SearchAction\",\"target\":{\"@type\":\"EntryPoint\",\"urlTemplate\":\"http:\\\/\\\/xactskateshop.com\\\/fr\\\/?s={search_term_string}\"},\"query-input\":{\"@type\":\"PropertyValueSpecification\",\"valueRequired\":true,\"valueName\":\"search_term_string\"}}],\"inLanguage\":\"fr-FR\"},{\"@type\":\"Organization\",\"@id\":\"http:\\\/\\\/xactskateshop.com\\\/fr\\\/#organization\",\"name\":\"XACT Skate Shop\",\"url\":\"http:\\\/\\\/xactskateshop.com\\\/fr\\\/\",\"logo\":{\"@type\":\"ImageObject\",\"inLanguage\":\"fr-FR\",\"@id\":\"http:\\\/\\\/xactskateshop.com\\\/fr\\\/#\\\/schema\\\/logo\\\/image\\\/\",\"url\":\"http:\\\/\\\/xactskateshop.com\\\/wp-content\\\/uploads\\\/2024\\\/04\\\/xactskateshop-dot-com-avec-contour-noir-sans-fond-675x.jpg\",\"contentUrl\":\"http:\\\/\\\/xactskateshop.com\\\/wp-content\\\/uploads\\\/2024\\\/04\\\/xactskateshop-dot-com-avec-contour-noir-sans-fond-675x.jpg\",\"width\":675,\"height\":247,\"caption\":\"XACT Skate Shop\"},\"image\":{\"@id\":\"http:\\\/\\\/xactskateshop.com\\\/fr\\\/#\\\/schema\\\/logo\\\/image\\\/\"},\"sameAs\":[\"https:\\\/\\\/www.facebook.com\\\/JeanLouiskateshop\"]}]}<\/script>\n<!-- \/ Yoast SEO plugin. -->","yoast_head_json":{"title":"SKATE-TEC OTTO Bridge - %.","description":"SKATE-TEC OTTO Bridge - La nouvelle g\u00e9n\u00e9ration de lame Courte Piste. L'Otto a \u00e9t\u00e9 con\u00e7u pour d\u00e9fier la distance fixe de 165 mm entre les coupes.","robots":{"index":"index","follow":"follow","max-snippet":"max-snippet:-1","max-image-preview":"max-image-preview:large","max-video-preview":"max-video-preview:-1"},"canonical":"https:\/\/xactskateshop.com\/fr\/produit\/pont-skate-tec-otto-pont-seul\/","og_locale":"fr_FR","og_type":"article","og_title":"SKATE-TEC OTTO Bridge - %.","og_description":"SKATE-TEC OTTO Bridge - La nouvelle g\u00e9n\u00e9ration de lame Courte Piste. L'Otto a \u00e9t\u00e9 con\u00e7u pour d\u00e9fier la distance fixe de 165 mm entre les coupes.","og_url":"https:\/\/xactskateshop.com\/fr\/produit\/pont-skate-tec-otto-pont-seul\/","og_site_name":"Xact Skate Shop","article_publisher":"https:\/\/www.facebook.com\/JeanLouiskateshop","article_modified_time":"2025-10-04T16:17:39+00:00","og_image":[{"width":2560,"height":1920,"url":"https:\/\/xactskateshop.com\/wp-content\/uploads\/2023\/04\/OTTO-BRIDGE.jpg","type":"image\/jpeg"}],"twitter_card":"summary_large_image","twitter_misc":{"Dur\u00e9e de lecture estim\u00e9e":"2 minutes"},"schema":{"@context":"https:\/\/schema.org","@graph":[{"@type":"WebPage","@id":"https:\/\/xactskateshop.com\/fr\/produit\/pont-skate-tec-otto-pont-seul\/","url":"https:\/\/xactskateshop.com\/fr\/produit\/pont-skate-tec-otto-pont-seul\/","name":"SKATE-TEC OTTO Bridge - %.","isPartOf":{"@id":"http:\/\/xactskateshop.com\/fr\/#website"},"primaryImageOfPage":{"@id":"https:\/\/xactskateshop.com\/fr\/produit\/pont-skate-tec-otto-pont-seul\/#primaryimage"},"image":{"@id":"https:\/\/xactskateshop.com\/fr\/produit\/pont-skate-tec-otto-pont-seul\/#primaryimage"},"thumbnailUrl":"https:\/\/xactskateshop.com\/wp-content\/uploads\/2023\/04\/OTTO-BRIDGE.jpg","datePublished":"2023-04-27T21:24:51+00:00","dateModified":"2025-10-04T16:17:39+00:00","description":"SKATE-TEC OTTO Bridge - La nouvelle g\u00e9n\u00e9ration de lame Courte Piste. L'Otto a \u00e9t\u00e9 con\u00e7u pour d\u00e9fier la distance fixe de 165 mm entre les coupes.","breadcrumb":{"@id":"https:\/\/xactskateshop.com\/fr\/produit\/pont-skate-tec-otto-pont-seul\/#breadcrumb"},"inLanguage":"fr-FR","potentialAction":[{"@type":"ReadAction","target":["https:\/\/xactskateshop.com\/fr\/produit\/pont-skate-tec-otto-pont-seul\/"]}]},{"@type":"ImageObject","inLanguage":"fr-FR","@id":"https:\/\/xactskateshop.com\/fr\/produit\/pont-skate-tec-otto-pont-seul\/#primaryimage","url":"https:\/\/xactskateshop.com\/wp-content\/uploads\/2023\/04\/OTTO-BRIDGE.jpg","contentUrl":"https:\/\/xactskateshop.com\/wp-content\/uploads\/2023\/04\/OTTO-BRIDGE.jpg","width":2560,"height":1920,"caption":"Courte Piste Otto bridge"},{"@type":"BreadcrumbList","@id":"https:\/\/xactskateshop.com\/fr\/produit\/pont-skate-tec-otto-pont-seul\/#breadcrumb","itemListElement":[{"@type":"ListItem","position":1,"name":"Home","item":"https:\/\/xactskateshop.com\/fr\/accueil\/"},{"@type":"ListItem","position":2,"name":"Boutique","item":"https:\/\/xactskateshop.com\/shop\/"},{"@type":"ListItem","position":3,"name":"Pont SKATE-TEC OTTO (Pont seul)"}]},{"@type":"WebSite","@id":"http:\/\/xactskateshop.com\/fr\/#website","url":"http:\/\/xactskateshop.com\/fr\/","name":"Xact Skate Shop","description":"Un site utilisant WordPress","publisher":{"@id":"http:\/\/xactskateshop.com\/fr\/#organization"},"potentialAction":[{"@type":"SearchAction","target":{"@type":"EntryPoint","urlTemplate":"http:\/\/xactskateshop.com\/fr\/?s={search_term_string}"},"query-input":{"@type":"PropertyValueSpecification","valueRequired":true,"valueName":"search_term_string"}}],"inLanguage":"fr-FR"},{"@type":"Organization","@id":"http:\/\/xactskateshop.com\/fr\/#organization","name":"XACT Skate Shop","url":"http:\/\/xactskateshop.com\/fr\/","logo":{"@type":"ImageObject","inLanguage":"fr-FR","@id":"http:\/\/xactskateshop.com\/fr\/#\/schema\/logo\/image\/","url":"http:\/\/xactskateshop.com\/wp-content\/uploads\/2024\/04\/xactskateshop-dot-com-avec-contour-noir-sans-fond-675x.jpg","contentUrl":"http:\/\/xactskateshop.com\/wp-content\/uploads\/2024\/04\/xactskateshop-dot-com-avec-contour-noir-sans-fond-675x.jpg","width":675,"height":247,"caption":"XACT Skate Shop"},"image":{"@id":"http:\/\/xactskateshop.com\/fr\/#\/schema\/logo\/image\/"},"sameAs":["https:\/\/www.facebook.com\/JeanLouiskateshop"]}]}},"_links":{"self":[{"href":"https:\/\/xactskateshop.com\/fr\/wp-json\/wp\/v2\/product\/55838","targetHints":{"allow":["GET"]}}],"collection":[{"href":"https:\/\/xactskateshop.com\/fr\/wp-json\/wp\/v2\/product"}],"about":[{"href":"https:\/\/xactskateshop.com\/fr\/wp-json\/wp\/v2\/types\/product"}],"replies":[{"embeddable":true,"href":"https:\/\/xactskateshop.com\/fr\/wp-json\/wp\/v2\/comments?post=55838"}],"wp:featuredmedia":[{"embeddable":true,"href":"https:\/\/xactskateshop.com\/fr\/wp-json\/wp\/v2\/media\/30152"}],"wp:attachment":[{"href":"https:\/\/xactskateshop.com\/fr\/wp-json\/wp\/v2\/media?parent=55838"}],"wp:term":[{"taxonomy":"product_brand","embeddable":true,"href":"https:\/\/xactskateshop.com\/fr\/wp-json\/wp\/v2\/product_brand?post=55838"},{"taxonomy":"product_cat","embeddable":true,"href":"https:\/\/xactskateshop.com\/fr\/wp-json\/wp\/v2\/product_cat?post=55838"},{"taxonomy":"product_tag","embeddable":true,"href":"https:\/\/xactskateshop.com\/fr\/wp-json\/wp\/v2\/product_tag?post=55838"}],"curies":[{"name":"wp","href":"https:\/\/api.w.org\/{rel}","templated":true}]}}