{"id":55825,"date":"2023-05-04T18:40:58","date_gmt":"2023-05-04T22:40:58","guid":{"rendered":"http:\/\/xactskateshop.com\/product\/kapvoe-lunettes-de-cyclisme-patinage-avec-verre-transparent\/"},"modified":"2025-11-17T10:27:22","modified_gmt":"2025-11-17T15:27:22","slug":"kapvoe-lunettes-de-cyclisme-patinage-avec-verre-transparent","status":"publish","type":"product","link":"https:\/\/xactskateshop.com\/fr\/produit\/kapvoe-lunettes-de-cyclisme-patinage-avec-verre-transparent\/","title":{"rendered":"Kapvoe Lunettes de Cyclisme\/Patinage avec Verre Transparent"},"content":{"rendered":"<div id=\"product-content\" class=\"product-content general-content content-col mobile-popup\" data-popup=\"product-content\">\n<div class=\"popup-inner\">\n<div id=\"product-content\" class=\"product-content general-content content-col mobile-popup\" data-popup=\"product-content\">\n<div class=\"popup-inner\">\n<h2>Lunettes de Cyclisme\/Patinage<\/h2>\n<div>Toutes nos lentilles sont dot\u00e9es d&#8217;une protection UV, bloquant 100 % des rayons UVA, UVB et UVC, ainsi que la lumi\u00e8re bleue nocive jusqu&#8217;\u00e0 400 nm.<\/div>\n<\/div>\n<div><\/div>\n<h4>Caract\u00e9ristiques:<\/h4>\n<div class=\"popup-inner\">\n<ul>\n<li><span style=\"font-size: 16px;\">La configuration \u00e0 3 objectifs comprend :<\/span><\/li>\n<li>1 lentille de couleur,<\/li>\n<li>1 lentilles polaris\u00e9es pour une conduite s\u00fbre &#8211; am\u00e9liorent le contraste pour une vision claire et confortable,<\/li>\n<li>1 lentilles transparentes,<\/li>\n<li>1 monture de lunettes TR90 &#8211; pleine monture, large champ de vision et meilleure protection &#8211; l\u00e9g\u00e8re comme rien ! seulement 34gr &#8211; avec nez en caoutchouc,<\/li>\n<li>1 monture pour myope &#8211; int\u00e9gr\u00e9e, il suffit de mettre votre ordonnance!,<\/li>\n<li>1 chiffon \u00e0 lunettes+1 sac \u00e0 lunettes+1 \u00e9tui \u00e0 lunettes,<\/li>\n<li>Largeur du cadre 132 mm.<\/li>\n<\/ul>\n<p>&nbsp;<\/p>\n<div>\n<div>\n<div>\n<div>\n<div>\n<p id=\"mntl-sc-block_1-0\" class=\"comp mntl-sc-block mntl-sc-block-html\">Les lunettes de soleil polaris\u00e9es sont des lunettes fabriqu\u00e9es avec des verres sp\u00e9ciaux qui r\u00e9duisent l&#8217;\u00e9blouissement r\u00e9fl\u00e9chi par des surfaces telles que l&#8217;eau, la neige et le verre. Les lunettes de soleil polaris\u00e9es peuvent \u00eatre particuli\u00e8rement utiles dans les situations o\u00f9 vous avez besoin de voir clairement et d&#8217;\u00e9viter les dangers. Contrairement \u00e0 ce que certains pensent, les verres polarisants ne prot\u00e8gent pas contre les <a href=\"https:\/\/www.verywellhealth.com\/know-your-uv-index-1069524\" data-component=\"link\" data-source=\"inlineLink\" data-type=\"internalLink\" data-ordinal=\"1\">rayons ultraviolets (UV)<\/a> du soleil. Les verres polarisants peuvent \u00eatre prescrits ou non. Cet article explique le fonctionnement des verres polarisants. Il \u00e9num\u00e8re \u00e9galement certains des avantages et des inconv\u00e9nients de ce type de lunettes de protection.<\/p>\n<h2><\/h2>\n<h2 id=\"mntl-sc-block_1-0-6\" class=\"comp mntl-sc-block health-sc-block-heading mntl-sc-block-heading\"><span class=\"mntl-sc-block-heading__text\">\u00c0 quoi servent les lunettes de soleil polaris\u00e9es ?<\/span><\/h2>\n<p id=\"mntl-sc-block_1-0-7\" class=\"comp mntl-sc-block mntl-sc-block-html\">Les lunettes de soleil polaris\u00e9es sont con\u00e7ues sp\u00e9cifiquement pour r\u00e9duire l&#8217;\u00e9blouissement afin que vous puissiez voir clairement dans des situations o\u00f9 vous pourriez autrement plisser les yeux ou \u00eatre aveugl\u00e9 par la lumi\u00e8re r\u00e9fl\u00e9chie. L&#8217;\u00e9blouissement se produit lorsque la lumi\u00e8re frappe une surface horizontale r\u00e9fl\u00e9chissante, ce qui entra\u00eene une dispersion horizontale des rayons lumineux. Les <a href=\"https:\/\/www.verywellhealth.com\/retina-anatomy-4800793#:~:text=Photoreceptor%20cells%3A%20These%20are%20the,holds%20approximately%206%20million%20cones.\" data-component=\"link\" data-source=\"inlineLink\" data-type=\"internalLink\" data-ordinal=\"1\">photor\u00e9cepteurs<\/a> des yeux, notamment les b\u00e2tonnets qui vous permettent de voir dans des conditions plus sombres et les c\u00f4nes qui vous permettent de voir les couleurs, peuvent \u00eatre submerg\u00e9s par ce ph\u00e9nom\u00e8ne. L&#8217;\u00e9blouissement peut alt\u00e9rer consid\u00e9rablement votre vision, en rendant les couleurs plus difficiles \u00e0 distinguer, voire en &#8220;blanchissant&#8221; compl\u00e8tement votre vision.<\/p>\n<p class=\"comp mntl-sc-block mntl-sc-block-html\">Le <a href=\"https:\/\/www.verywellhealth.com\/squinting-eyes-6386278\" data-component=\"link\" data-source=\"inlineLink\" data-type=\"internalLink\" data-ordinal=\"1\">plissement des yeux<\/a> est la r\u00e9ponse naturelle de votre corps \u00e0 ce ph\u00e9nom\u00e8ne. Con\u00e7ue pour \u00e9viter que les b\u00e2tonnets et les c\u00f4nes ne soient endommag\u00e9s par une exposition excessive \u00e0 la lumi\u00e8re.Les verres polaris\u00e9s contrent l&#8217;\u00e9blouissement en appliquant un produit chimique sp\u00e9cial sur les verres, selon un sch\u00e9ma vertical. L&#8217;orientation verticale de l&#8217;application chimique bloque la lumi\u00e8re horizontale. Ce proc\u00e9d\u00e9 chimique peut \u00eatre appliqu\u00e9 \u00e0 la surface des verres uniquement (pour les lunettes de soleil moins co\u00fbteuses) ou pris en sandwich entre deux couches de mat\u00e9riaux de verre (pour les marques de lunettes de soleil plus co\u00fbteuses).<\/p>\n<p>Voir d&#8217;autres mod\u00e8les <a href=\"http:\/\/xactskateshop.com\/product\/acexpnm-cycling-skating-glasses-2\/\">ici !<\/a><\/p>\n<\/div>\n<\/div>\n<\/div>\n<\/div>\n<\/div>\n<\/div>\n<\/div>\n<\/div>\n<\/div>\n","protected":false},"excerpt":{"rendered":"<div>\n<hr \/>\n<\/div>\n<div style=\"text-align: center;\">Toutes nos lentilles sont dot\u00e9es d&#8217;une protection UV, bloquant 100 % des rayons UVA, UVB et UVC, ainsi que la lumi\u00e8re bleue nocive jusqu&#8217;\u00e0 400 nm<\/p>\n<hr \/>\n<\/div>\n","protected":false},"featured_media":30165,"comment_status":"open","ping_status":"closed","template":"","meta":{"site-sidebar-layout":"default","site-content-layout":"default","ast-site-content-layout":"default","site-content-style":"default","site-sidebar-style":"default","ast-global-header-display":"","ast-banner-title-visibility":"","ast-main-header-display":"","ast-hfb-above-header-display":"","ast-hfb-below-header-display":"","ast-hfb-mobile-header-display":"","site-post-title":"","ast-breadcrumbs-content":"","ast-featured-img":"","footer-sml-layout":"","theme-transparent-header-meta":"default","adv-header-id-meta":"","stick-header-meta":"","header-above-stick-meta":"","header-main-stick-meta":"","header-below-stick-meta":"","astra-migrate-meta-layouts":"set","ast-page-background-enabled":"default","ast-page-background-meta":{"desktop":{"background-color":"","background-image":"","background-repeat":"repeat","background-position":"center center","background-size":"auto","background-attachment":"scroll","background-type":"","background-media":"","overlay-type":"","overlay-color":"","overlay-opacity":"","overlay-gradient":""},"tablet":{"background-color":"","background-image":"","background-repeat":"repeat","background-position":"center center","background-size":"auto","background-attachment":"scroll","background-type":"","background-media":"","overlay-type":"","overlay-color":"","overlay-opacity":"","overlay-gradient":""},"mobile":{"background-color":"","background-image":"","background-repeat":"repeat","background-position":"center center","background-size":"auto","background-attachment":"scroll","background-type":"","background-media":"","overlay-type":"","overlay-color":"","overlay-opacity":"","overlay-gradient":""}},"ast-content-background-meta":{"desktop":{"background-color":"var(--ast-global-color-5)","background-image":"","background-repeat":"repeat","background-position":"center center","background-size":"auto","background-attachment":"scroll","background-type":"","background-media":"","overlay-type":"","overlay-color":"","overlay-opacity":"","overlay-gradient":""},"tablet":{"background-color":"var(--ast-global-color-5)","background-image":"","background-repeat":"repeat","background-position":"center center","background-size":"auto","background-attachment":"scroll","background-type":"","background-media":"","overlay-type":"","overlay-color":"","overlay-opacity":"","overlay-gradient":""},"mobile":{"background-color":"var(--ast-global-color-5)","background-image":"","background-repeat":"repeat","background-position":"center center","background-size":"auto","background-attachment":"scroll","background-type":"","background-media":"","overlay-type":"","overlay-color":"","overlay-opacity":"","overlay-gradient":""}}},"product_brand":[],"product_cat":[1609,1353,1588,1590,2114],"product_tag":[1356,1711,2384,1710],"class_list":{"0":"post-55825","1":"product","2":"type-product","3":"status-publish","4":"has-post-thumbnail","6":"product_cat-lunettes-de-sport-fr","7":"product_cat-patinage-de-vitesse","8":"product_cat-vetements","9":"product_cat-vetements-pour-le-patinage-a-roues-alignees","10":"product_cat-vetements-pour-patins-a-roulettes","11":"product_tag-courte-piste-fr","12":"product_tag-lunettes-de-course","13":"product_tag-lunettes-de-cyclisme","14":"product_tag-lunettes-de-patinage","15":"desktop-align-center","16":"tablet-align-center","17":"mobile-align-center","18":"ast-product-gallery-layout-horizontal","19":"ast-product-single-variable","20":"ast-product-tabs-layout-horizontal","21":"ast-qv-on-image","23":"first","24":"instock","25":"taxable","26":"shipping-taxable","27":"purchasable","28":"product-type-variable"},"bundled_by":[],"bundle_stock_status":"instock","bundle_stock_quantity":null,"bundle_virtual":false,"bundle_layout":"","bundle_add_to_cart_form_location":"","bundle_editable_in_cart":false,"bundle_sold_individually_context":"","bundle_item_grouping":"","bundle_min_size":"","bundle_max_size":"","bundle_price":[],"bundled_items":[],"bundle_sell_ids":[],"yoast_head":"<!-- This site is optimized with the Yoast SEO plugin v27.4 - https:\/\/yoast.com\/product\/yoast-seo-wordpress\/ -->\n<title>Kapvoe Lunettes de Cyclisme\/Patinage avec Verre Transparent - Xact Skate Shop<\/title>\n<meta name=\"description\" content=\"Lunettes de cyclisme et de patinage. Toutes nos lentilles sont dot\u00e9es d&#039;une protection bloquant 100 % des rayons UVA, UVB et UVC, ainsi que la lumi\u00e8re bleue nocive\" \/>\n<meta name=\"robots\" content=\"index, follow, max-snippet:-1, max-image-preview:large, max-video-preview:-1\" \/>\n<link rel=\"canonical\" href=\"https:\/\/xactskateshop.com\/fr\/produit\/kapvoe-lunettes-de-cyclisme-patinage-avec-verre-transparent\/\" \/>\n<meta property=\"og:locale\" content=\"fr_FR\" \/>\n<meta property=\"og:type\" content=\"article\" \/>\n<meta property=\"og:title\" content=\"Kapvoe Lunettes de Cyclisme\/Patinage avec Verre Transparent - Xact Skate Shop\" \/>\n<meta property=\"og:description\" content=\"Lunettes de cyclisme et de patinage. Toutes nos lentilles sont dot\u00e9es d&#039;une protection bloquant 100 % des rayons UVA, UVB et UVC, ainsi que la lumi\u00e8re bleue nocive\" \/>\n<meta property=\"og:url\" content=\"https:\/\/xactskateshop.com\/fr\/produit\/kapvoe-lunettes-de-cyclisme-patinage-avec-verre-transparent\/\" \/>\n<meta property=\"og:site_name\" content=\"Xact Skate Shop\" \/>\n<meta property=\"article:publisher\" content=\"https:\/\/www.facebook.com\/JeanLouiskateshop\" \/>\n<meta property=\"article:modified_time\" content=\"2025-11-17T15:27:22+00:00\" \/>\n<meta property=\"og:image\" content=\"https:\/\/xactskateshop.com\/wp-content\/uploads\/2023\/05\/K-09.jpg\" \/>\n\t<meta property=\"og:image:width\" content=\"1000\" \/>\n\t<meta property=\"og:image:height\" content=\"1005\" \/>\n\t<meta property=\"og:image:type\" content=\"image\/jpeg\" \/>\n<meta name=\"twitter:card\" content=\"summary_large_image\" \/>\n<meta name=\"twitter:label1\" content=\"Dur\u00e9e de lecture estim\u00e9e\" \/>\n\t<meta name=\"twitter:data1\" content=\"3 minutes\" \/>\n<script type=\"application\/ld+json\" class=\"yoast-schema-graph\">{\"@context\":\"https:\\\/\\\/schema.org\",\"@graph\":[{\"@type\":\"WebPage\",\"@id\":\"https:\\\/\\\/xactskateshop.com\\\/fr\\\/produit\\\/kapvoe-lunettes-de-cyclisme-patinage-avec-verre-transparent\\\/\",\"url\":\"https:\\\/\\\/xactskateshop.com\\\/fr\\\/produit\\\/kapvoe-lunettes-de-cyclisme-patinage-avec-verre-transparent\\\/\",\"name\":\"Kapvoe Lunettes de Cyclisme\\\/Patinage avec Verre Transparent - Xact Skate Shop\",\"isPartOf\":{\"@id\":\"http:\\\/\\\/xactskateshop.com\\\/fr\\\/#website\"},\"primaryImageOfPage\":{\"@id\":\"https:\\\/\\\/xactskateshop.com\\\/fr\\\/produit\\\/kapvoe-lunettes-de-cyclisme-patinage-avec-verre-transparent\\\/#primaryimage\"},\"image\":{\"@id\":\"https:\\\/\\\/xactskateshop.com\\\/fr\\\/produit\\\/kapvoe-lunettes-de-cyclisme-patinage-avec-verre-transparent\\\/#primaryimage\"},\"thumbnailUrl\":\"https:\\\/\\\/xactskateshop.com\\\/wp-content\\\/uploads\\\/2023\\\/05\\\/K-09.jpg\",\"datePublished\":\"2023-05-04T22:40:58+00:00\",\"dateModified\":\"2025-11-17T15:27:22+00:00\",\"description\":\"Lunettes de cyclisme et de patinage. Toutes nos lentilles sont dot\u00e9es d'une protection bloquant 100 % des rayons UVA, UVB et UVC, ainsi que la lumi\u00e8re bleue nocive\",\"breadcrumb\":{\"@id\":\"https:\\\/\\\/xactskateshop.com\\\/fr\\\/produit\\\/kapvoe-lunettes-de-cyclisme-patinage-avec-verre-transparent\\\/#breadcrumb\"},\"inLanguage\":\"fr-FR\",\"potentialAction\":[{\"@type\":\"ReadAction\",\"target\":[\"https:\\\/\\\/xactskateshop.com\\\/fr\\\/produit\\\/kapvoe-lunettes-de-cyclisme-patinage-avec-verre-transparent\\\/\"]}]},{\"@type\":\"ImageObject\",\"inLanguage\":\"fr-FR\",\"@id\":\"https:\\\/\\\/xactskateshop.com\\\/fr\\\/produit\\\/kapvoe-lunettes-de-cyclisme-patinage-avec-verre-transparent\\\/#primaryimage\",\"url\":\"https:\\\/\\\/xactskateshop.com\\\/wp-content\\\/uploads\\\/2023\\\/05\\\/K-09.jpg\",\"contentUrl\":\"https:\\\/\\\/xactskateshop.com\\\/wp-content\\\/uploads\\\/2023\\\/05\\\/K-09.jpg\",\"width\":1000,\"height\":1005,\"caption\":\"lunettes de cyclisme et de patinage jaune fluo\"},{\"@type\":\"BreadcrumbList\",\"@id\":\"https:\\\/\\\/xactskateshop.com\\\/fr\\\/produit\\\/kapvoe-lunettes-de-cyclisme-patinage-avec-verre-transparent\\\/#breadcrumb\",\"itemListElement\":[{\"@type\":\"ListItem\",\"position\":1,\"name\":\"Home\",\"item\":\"https:\\\/\\\/xactskateshop.com\\\/fr\\\/accueil\\\/\"},{\"@type\":\"ListItem\",\"position\":2,\"name\":\"Boutique\",\"item\":\"https:\\\/\\\/xactskateshop.com\\\/shop\\\/\"},{\"@type\":\"ListItem\",\"position\":3,\"name\":\"Kapvoe Lunettes de Cyclisme\\\/Patinage avec Verre Transparent\"}]},{\"@type\":\"WebSite\",\"@id\":\"http:\\\/\\\/xactskateshop.com\\\/fr\\\/#website\",\"url\":\"http:\\\/\\\/xactskateshop.com\\\/fr\\\/\",\"name\":\"Xact Skate Shop\",\"description\":\"Un site utilisant WordPress\",\"publisher\":{\"@id\":\"http:\\\/\\\/xactskateshop.com\\\/fr\\\/#organization\"},\"potentialAction\":[{\"@type\":\"SearchAction\",\"target\":{\"@type\":\"EntryPoint\",\"urlTemplate\":\"http:\\\/\\\/xactskateshop.com\\\/fr\\\/?s={search_term_string}\"},\"query-input\":{\"@type\":\"PropertyValueSpecification\",\"valueRequired\":true,\"valueName\":\"search_term_string\"}}],\"inLanguage\":\"fr-FR\"},{\"@type\":\"Organization\",\"@id\":\"http:\\\/\\\/xactskateshop.com\\\/fr\\\/#organization\",\"name\":\"XACT Skate Shop\",\"url\":\"http:\\\/\\\/xactskateshop.com\\\/fr\\\/\",\"logo\":{\"@type\":\"ImageObject\",\"inLanguage\":\"fr-FR\",\"@id\":\"http:\\\/\\\/xactskateshop.com\\\/fr\\\/#\\\/schema\\\/logo\\\/image\\\/\",\"url\":\"http:\\\/\\\/xactskateshop.com\\\/wp-content\\\/uploads\\\/2024\\\/04\\\/xactskateshop-dot-com-avec-contour-noir-sans-fond-675x.jpg\",\"contentUrl\":\"http:\\\/\\\/xactskateshop.com\\\/wp-content\\\/uploads\\\/2024\\\/04\\\/xactskateshop-dot-com-avec-contour-noir-sans-fond-675x.jpg\",\"width\":675,\"height\":247,\"caption\":\"XACT Skate Shop\"},\"image\":{\"@id\":\"http:\\\/\\\/xactskateshop.com\\\/fr\\\/#\\\/schema\\\/logo\\\/image\\\/\"},\"sameAs\":[\"https:\\\/\\\/www.facebook.com\\\/JeanLouiskateshop\"]}]}<\/script>\n<!-- \/ Yoast SEO plugin. -->","yoast_head_json":{"title":"Kapvoe Lunettes de Cyclisme\/Patinage avec Verre Transparent - Xact Skate Shop","description":"Lunettes de cyclisme et de patinage. Toutes nos lentilles sont dot\u00e9es d'une protection bloquant 100 % des rayons UVA, UVB et UVC, ainsi que la lumi\u00e8re bleue nocive","robots":{"index":"index","follow":"follow","max-snippet":"max-snippet:-1","max-image-preview":"max-image-preview:large","max-video-preview":"max-video-preview:-1"},"canonical":"https:\/\/xactskateshop.com\/fr\/produit\/kapvoe-lunettes-de-cyclisme-patinage-avec-verre-transparent\/","og_locale":"fr_FR","og_type":"article","og_title":"Kapvoe Lunettes de Cyclisme\/Patinage avec Verre Transparent - Xact Skate Shop","og_description":"Lunettes de cyclisme et de patinage. Toutes nos lentilles sont dot\u00e9es d'une protection bloquant 100 % des rayons UVA, UVB et UVC, ainsi que la lumi\u00e8re bleue nocive","og_url":"https:\/\/xactskateshop.com\/fr\/produit\/kapvoe-lunettes-de-cyclisme-patinage-avec-verre-transparent\/","og_site_name":"Xact Skate Shop","article_publisher":"https:\/\/www.facebook.com\/JeanLouiskateshop","article_modified_time":"2025-11-17T15:27:22+00:00","og_image":[{"width":1000,"height":1005,"url":"https:\/\/xactskateshop.com\/wp-content\/uploads\/2023\/05\/K-09.jpg","type":"image\/jpeg"}],"twitter_card":"summary_large_image","twitter_misc":{"Dur\u00e9e de lecture estim\u00e9e":"3 minutes"},"schema":{"@context":"https:\/\/schema.org","@graph":[{"@type":"WebPage","@id":"https:\/\/xactskateshop.com\/fr\/produit\/kapvoe-lunettes-de-cyclisme-patinage-avec-verre-transparent\/","url":"https:\/\/xactskateshop.com\/fr\/produit\/kapvoe-lunettes-de-cyclisme-patinage-avec-verre-transparent\/","name":"Kapvoe Lunettes de Cyclisme\/Patinage avec Verre Transparent - Xact Skate Shop","isPartOf":{"@id":"http:\/\/xactskateshop.com\/fr\/#website"},"primaryImageOfPage":{"@id":"https:\/\/xactskateshop.com\/fr\/produit\/kapvoe-lunettes-de-cyclisme-patinage-avec-verre-transparent\/#primaryimage"},"image":{"@id":"https:\/\/xactskateshop.com\/fr\/produit\/kapvoe-lunettes-de-cyclisme-patinage-avec-verre-transparent\/#primaryimage"},"thumbnailUrl":"https:\/\/xactskateshop.com\/wp-content\/uploads\/2023\/05\/K-09.jpg","datePublished":"2023-05-04T22:40:58+00:00","dateModified":"2025-11-17T15:27:22+00:00","description":"Lunettes de cyclisme et de patinage. Toutes nos lentilles sont dot\u00e9es d'une protection bloquant 100 % des rayons UVA, UVB et UVC, ainsi que la lumi\u00e8re bleue nocive","breadcrumb":{"@id":"https:\/\/xactskateshop.com\/fr\/produit\/kapvoe-lunettes-de-cyclisme-patinage-avec-verre-transparent\/#breadcrumb"},"inLanguage":"fr-FR","potentialAction":[{"@type":"ReadAction","target":["https:\/\/xactskateshop.com\/fr\/produit\/kapvoe-lunettes-de-cyclisme-patinage-avec-verre-transparent\/"]}]},{"@type":"ImageObject","inLanguage":"fr-FR","@id":"https:\/\/xactskateshop.com\/fr\/produit\/kapvoe-lunettes-de-cyclisme-patinage-avec-verre-transparent\/#primaryimage","url":"https:\/\/xactskateshop.com\/wp-content\/uploads\/2023\/05\/K-09.jpg","contentUrl":"https:\/\/xactskateshop.com\/wp-content\/uploads\/2023\/05\/K-09.jpg","width":1000,"height":1005,"caption":"lunettes de cyclisme et de patinage jaune fluo"},{"@type":"BreadcrumbList","@id":"https:\/\/xactskateshop.com\/fr\/produit\/kapvoe-lunettes-de-cyclisme-patinage-avec-verre-transparent\/#breadcrumb","itemListElement":[{"@type":"ListItem","position":1,"name":"Home","item":"https:\/\/xactskateshop.com\/fr\/accueil\/"},{"@type":"ListItem","position":2,"name":"Boutique","item":"https:\/\/xactskateshop.com\/shop\/"},{"@type":"ListItem","position":3,"name":"Kapvoe Lunettes de Cyclisme\/Patinage avec Verre Transparent"}]},{"@type":"WebSite","@id":"http:\/\/xactskateshop.com\/fr\/#website","url":"http:\/\/xactskateshop.com\/fr\/","name":"Xact Skate Shop","description":"Un site utilisant WordPress","publisher":{"@id":"http:\/\/xactskateshop.com\/fr\/#organization"},"potentialAction":[{"@type":"SearchAction","target":{"@type":"EntryPoint","urlTemplate":"http:\/\/xactskateshop.com\/fr\/?s={search_term_string}"},"query-input":{"@type":"PropertyValueSpecification","valueRequired":true,"valueName":"search_term_string"}}],"inLanguage":"fr-FR"},{"@type":"Organization","@id":"http:\/\/xactskateshop.com\/fr\/#organization","name":"XACT Skate Shop","url":"http:\/\/xactskateshop.com\/fr\/","logo":{"@type":"ImageObject","inLanguage":"fr-FR","@id":"http:\/\/xactskateshop.com\/fr\/#\/schema\/logo\/image\/","url":"http:\/\/xactskateshop.com\/wp-content\/uploads\/2024\/04\/xactskateshop-dot-com-avec-contour-noir-sans-fond-675x.jpg","contentUrl":"http:\/\/xactskateshop.com\/wp-content\/uploads\/2024\/04\/xactskateshop-dot-com-avec-contour-noir-sans-fond-675x.jpg","width":675,"height":247,"caption":"XACT Skate Shop"},"image":{"@id":"http:\/\/xactskateshop.com\/fr\/#\/schema\/logo\/image\/"},"sameAs":["https:\/\/www.facebook.com\/JeanLouiskateshop"]}]}},"_links":{"self":[{"href":"https:\/\/xactskateshop.com\/fr\/wp-json\/wp\/v2\/product\/55825","targetHints":{"allow":["GET"]}}],"collection":[{"href":"https:\/\/xactskateshop.com\/fr\/wp-json\/wp\/v2\/product"}],"about":[{"href":"https:\/\/xactskateshop.com\/fr\/wp-json\/wp\/v2\/types\/product"}],"replies":[{"embeddable":true,"href":"https:\/\/xactskateshop.com\/fr\/wp-json\/wp\/v2\/comments?post=55825"}],"wp:featuredmedia":[{"embeddable":true,"href":"https:\/\/xactskateshop.com\/fr\/wp-json\/wp\/v2\/media\/30165"}],"wp:attachment":[{"href":"https:\/\/xactskateshop.com\/fr\/wp-json\/wp\/v2\/media?parent=55825"}],"wp:term":[{"taxonomy":"product_brand","embeddable":true,"href":"https:\/\/xactskateshop.com\/fr\/wp-json\/wp\/v2\/product_brand?post=55825"},{"taxonomy":"product_cat","embeddable":true,"href":"https:\/\/xactskateshop.com\/fr\/wp-json\/wp\/v2\/product_cat?post=55825"},{"taxonomy":"product_tag","embeddable":true,"href":"https:\/\/xactskateshop.com\/fr\/wp-json\/wp\/v2\/product_tag?post=55825"}],"curies":[{"name":"wp","href":"https:\/\/api.w.org\/{rel}","templated":true}]}}