{"id":55810,"date":"2024-01-26T17:59:06","date_gmt":"2024-01-26T22:59:06","guid":{"rendered":"http:\/\/xactskateshop.com\/product\/sweat-a-capuche-xact-skate-shop-heavy-blend\/"},"modified":"2024-01-26T17:59:06","modified_gmt":"2024-01-26T22:59:06","slug":"sweat-a-capuche-xact-skate-shop-heavy-blend","status":"publish","type":"product","link":"https:\/\/xactskateshop.com\/fr\/produit\/sweat-a-capuche-xact-skate-shop-heavy-blend\/","title":{"rendered":"Sweat \u00e0 capuche Xact Skate Shop Heavy Blend"},"content":{"rendered":"<p>Sweat \u00e0 capuche Xact Skate Shop<\/p>\n<div class=\"silk-collapse-header\" tabindex=\"0\" role=\"button\" aria-expanded=\"true\" aria-disabled=\"false\"><span class=\"silk-collapse-header-text\">Caract\u00e9ristiques du produit<\/span><\/div>\n<div class=\"silk-collapse-content silk-collapse-content-active\">\n<div class=\"silk-collapse-content-box\">\n<div>\n<ul>\n<li>Le sweat \u00e0 capuche Heavy Blend de Xact Skate Shop pr\u00e9sente un int\u00e9rieur douillet et bross\u00e9 ainsi qu&#8217;une vaste palette de couleurs dans une vari\u00e9t\u00e9 de silhouettes.<\/li>\n<li>Capuche doubl\u00e9e avec cordon de serrage de couleur assortie<\/li>\n<li>Pochette<\/li>\n<li>C\u00f4tes 1&#215;1 avec \u00e9lasthanne pour une meilleure extensibilit\u00e9 et r\u00e9cup\u00e9ration<\/li>\n<li>Coupe classique, corps sans couture<\/li>\n<li>Le Safety Green est conforme aux normes de haute visibilit\u00e9 ANSI \/ ISEA 107.<\/li>\n<li>\u00c9tiquette d\u00e9tachable tr\u00e8s performante ; transition vers un mat\u00e9riau recycl\u00e9<\/li>\n<li>Compl\u00e9tez le look avec nos pantalons de surv\u00eatement assortis 18200 et 18400.<\/li>\n<li>La teneur en fibres varie selon les couleurs, voir la liste des couleurs pour les exceptions.<\/li>\n<li>Fier membre du protocole U.S. Cotton Trust<\/li>\n<li>Fabriqu\u00e9 avec des teintures \u00e0 faible impact certifi\u00e9es OEKO-TEX<\/li>\n<li><a href=\"https:\/\/www.gildancorp.com\/\">Pour en savoir plus, consultez le site : Gildan | Making Apparel Better (gildancorp.com)<\/a><\/li>\n<\/ul>\n<\/div>\n<div>\n<p class=\"title\">Dossier sp\u00e9cial<\/p>\n<ul>\n<li>Taille adulte et taille jeune<\/li>\n<\/ul>\n<\/div>\n<div>\n<p class=\"title\">En forme<\/p>\n<ul>\n<li>Coupe classique<\/li>\n<\/ul>\n<div class=\"silk-collapse-header\" tabindex=\"0\" role=\"button\" aria-expanded=\"true\" aria-disabled=\"false\"><span class=\"silk-collapse-header-text\">Taille<\/span><\/div>\n<div class=\"silk-collapse-content silk-collapse-content-active\">\n<div class=\"silk-collapse-content-box\">\n<div class=\"silk-table-wrapper\">\n<div class=\"silk-spin-nested-loading\">\n<div class=\"silk-spin-container\">\n<div class=\"silk-table\">\n<div class=\"silk-table-container\">\n<div class=\"silk-table-content\">\n<table>\n<colgroup><\/colgroup>\n<thead class=\"silk-table-thead\">\n<tr>\n<th class=\"silk-table-cell\">Taille<\/p>\n<\/th>\n<th class=\"silk-table-cell\">Largeur<\/p>\n<p>(in)<\/th>\n<th class=\"silk-table-cell\">Longueur<\/p>\n<p>(in)<\/th>\n<th class=\"silk-table-cell\">Centre de la manche Dos<\/p>\n<p>(in)<\/th>\n<th class=\"silk-table-cell\"><\/th>\n<\/tr>\n<\/thead>\n<tbody class=\"silk-table-tbody\">\n<tr class=\"silk-table-row silk-table-row-level-0\">\n<td class=\"silk-table-cell\">XS<\/td>\n<td class=\"silk-table-cell\">18<\/td>\n<td class=\"silk-table-cell\">26<\/td>\n<td class=\"silk-table-cell\">32.5<\/td>\n<td class=\"silk-table-cell\"><\/td>\n<\/tr>\n<tr class=\"silk-table-row silk-table-row-level-0\">\n<td class=\"silk-table-cell\">S<\/td>\n<td class=\"silk-table-cell\">20<\/td>\n<td class=\"silk-table-cell\">27<\/td>\n<td class=\"silk-table-cell\">33.5<\/td>\n<td class=\"silk-table-cell\"><\/td>\n<\/tr>\n<tr class=\"silk-table-row silk-table-row-level-0\">\n<td class=\"silk-table-cell\">M<\/td>\n<td class=\"silk-table-cell\">22<\/td>\n<td class=\"silk-table-cell\">28<\/td>\n<td class=\"silk-table-cell\">34.5<\/td>\n<td class=\"silk-table-cell\"><\/td>\n<\/tr>\n<tr class=\"silk-table-row silk-table-row-level-0\">\n<td class=\"silk-table-cell\">L<\/td>\n<td class=\"silk-table-cell\">24<\/td>\n<td class=\"silk-table-cell\">29<\/td>\n<td class=\"silk-table-cell\">35.5<\/td>\n<td class=\"silk-table-cell\"><\/td>\n<\/tr>\n<tr class=\"silk-table-row silk-table-row-level-0\">\n<td class=\"silk-table-cell\">XL<\/td>\n<td class=\"silk-table-cell\">26<\/td>\n<td class=\"silk-table-cell\">30<\/td>\n<td class=\"silk-table-cell\">36.5<\/td>\n<td class=\"silk-table-cell\"><\/td>\n<\/tr>\n<tr class=\"silk-table-row silk-table-row-level-0\">\n<td class=\"silk-table-cell\">2XL<\/td>\n<td class=\"silk-table-cell\">28<\/td>\n<td class=\"silk-table-cell\">31<\/td>\n<td class=\"silk-table-cell\">37.5<\/td>\n<td class=\"silk-table-cell\"><\/td>\n<\/tr>\n<tr class=\"silk-table-row silk-table-row-level-0\">\n<td class=\"silk-table-cell\">3XL<\/td>\n<td class=\"silk-table-cell\">30<\/td>\n<td class=\"silk-table-cell\">32<\/td>\n<td class=\"silk-table-cell\">38.5<\/td>\n<td class=\"silk-table-cell\"><\/td>\n<\/tr>\n<tr class=\"silk-table-row silk-table-row-level-0\">\n<td class=\"silk-table-cell\">4XL<\/td>\n<td class=\"silk-table-cell\">32<\/td>\n<td class=\"silk-table-cell\">33<\/td>\n<td class=\"silk-table-cell\">39.5<\/td>\n<td class=\"silk-table-cell\"><\/td>\n<\/tr>\n<tr class=\"silk-table-row silk-table-row-level-0\">\n<td class=\"silk-table-cell\">5XL<\/td>\n<td class=\"silk-table-cell\">34<\/td>\n<td class=\"silk-table-cell\">34<\/td>\n<td class=\"silk-table-cell\">40.5<\/td>\n<td class=\"silk-table-cell\"><\/td>\n<\/tr>\n<\/tbody>\n<\/table>\n<\/div>\n<\/div>\n<\/div>\n<\/div>\n<\/div>\n<\/div>\n<div class=\"note\">\n<p>* in = pouce<\/p>\n<p>Junior :<\/p>\n<div class=\"silk-table-wrapper\">\n<div class=\"silk-spin-nested-loading\">\n<div class=\"silk-spin-container\">\n<div class=\"silk-table\">\n<div class=\"silk-table-container\">\n<div class=\"silk-table-content\">\n<table>\n<colgroup><\/colgroup>\n<thead class=\"silk-table-thead\">\n<tr>\n<th class=\"silk-table-cell\">Taille<\/p>\n<\/th>\n<th class=\"silk-table-cell\">Largeur<\/p>\n<p>(in)<\/th>\n<th class=\"silk-table-cell\">Longueur<\/p>\n<p>(in)<\/th>\n<th class=\"silk-table-cell\">Centre de la manche Dos<\/p>\n<p>(in)<\/th>\n<th class=\"silk-table-cell\"><\/th>\n<\/tr>\n<\/thead>\n<tbody class=\"silk-table-tbody\">\n<tr class=\"silk-table-row silk-table-row-level-0\">\n<td class=\"silk-table-cell\">XS<\/td>\n<td class=\"silk-table-cell\">16<\/td>\n<td class=\"silk-table-cell\">19.75<\/td>\n<td class=\"silk-table-cell\">23.5<\/td>\n<td class=\"silk-table-cell\"><\/td>\n<\/tr>\n<tr class=\"silk-table-row silk-table-row-level-0\">\n<td class=\"silk-table-cell\">S<\/td>\n<td class=\"silk-table-cell\">17<\/td>\n<td class=\"silk-table-cell\">21.25<\/td>\n<td class=\"silk-table-cell\">26.5<\/td>\n<td class=\"silk-table-cell\"><\/td>\n<\/tr>\n<tr class=\"silk-table-row silk-table-row-level-0\">\n<td class=\"silk-table-cell silk-table-cell-row-hover\">M<\/td>\n<td class=\"silk-table-cell silk-table-cell-row-hover\">18<\/td>\n<td class=\"silk-table-cell silk-table-cell-row-hover\">22.5<\/td>\n<td class=\"silk-table-cell silk-table-cell-row-hover\">27.75<\/td>\n<td class=\"silk-table-cell silk-table-cell-row-hover\"><\/td>\n<\/tr>\n<tr class=\"silk-table-row silk-table-row-level-0\">\n<td class=\"silk-table-cell\">L<\/td>\n<td class=\"silk-table-cell\">19<\/td>\n<td class=\"silk-table-cell\">24<\/td>\n<td class=\"silk-table-cell\">30.25<\/td>\n<td class=\"silk-table-cell\"><\/td>\n<\/tr>\n<tr class=\"silk-table-row silk-table-row-level-0\">\n<td class=\"silk-table-cell\">XL<\/td>\n<td class=\"silk-table-cell\">20<\/td>\n<td class=\"silk-table-cell\">25.5<\/td>\n<td class=\"silk-table-cell\">33<\/td>\n<td class=\"silk-table-cell\"><\/td>\n<\/tr>\n<\/tbody>\n<\/table>\n<\/div>\n<\/div>\n<\/div>\n<\/div>\n<\/div>\n<\/div>\n<div class=\"note\">\n<p>* in = pouce<\/p>\n<\/div>\n<\/div>\n<\/div>\n<\/div>\n<\/div>\n<\/div>\n<\/div>\n<p>Notre logo est un transfert de chaleur de qualit\u00e9 DTF.<\/p>\n<p>Trouvez d&#8217;autres \u00e9quipements Xact Skate Shop <a href=\"http:\/\/xactskateshop.com\/product-category\/apparel\/\">ici<\/a><\/p>\n","protected":false},"excerpt":{"rendered":"<p>Sweat \u00e0 capuche Xact Skate Shop<\/p>\n","protected":false},"featured_media":38187,"comment_status":"closed","ping_status":"closed","template":"","meta":{"site-sidebar-layout":"default","site-content-layout":"","ast-site-content-layout":"default","site-content-style":"default","site-sidebar-style":"default","ast-global-header-display":"","ast-banner-title-visibility":"","ast-main-header-display":"","ast-hfb-above-header-display":"","ast-hfb-below-header-display":"","ast-hfb-mobile-header-display":"","site-post-title":"","ast-breadcrumbs-content":"","ast-featured-img":"","footer-sml-layout":"","theme-transparent-header-meta":"default","adv-header-id-meta":"","stick-header-meta":"","header-above-stick-meta":"","header-main-stick-meta":"","header-below-stick-meta":"","astra-migrate-meta-layouts":"default","ast-page-background-enabled":"default","ast-page-background-meta":{"desktop":{"background-color":"","background-image":"","background-repeat":"repeat","background-position":"center center","background-size":"auto","background-attachment":"scroll","background-type":"","background-media":"","overlay-type":"","overlay-color":"","overlay-opacity":"","overlay-gradient":""},"tablet":{"background-color":"","background-image":"","background-repeat":"repeat","background-position":"center center","background-size":"auto","background-attachment":"scroll","background-type":"","background-media":"","overlay-type":"","overlay-color":"","overlay-opacity":"","overlay-gradient":""},"mobile":{"background-color":"","background-image":"","background-repeat":"repeat","background-position":"center center","background-size":"auto","background-attachment":"scroll","background-type":"","background-media":"","overlay-type":"","overlay-color":"","overlay-opacity":"","overlay-gradient":""}},"ast-content-background-meta":{"desktop":{"background-color":"var(--ast-global-color-5)","background-image":"","background-repeat":"repeat","background-position":"center center","background-size":"auto","background-attachment":"scroll","background-type":"","background-media":"","overlay-type":"","overlay-color":"","overlay-opacity":"","overlay-gradient":""},"tablet":{"background-color":"var(--ast-global-color-5)","background-image":"","background-repeat":"repeat","background-position":"center center","background-size":"auto","background-attachment":"scroll","background-type":"","background-media":"","overlay-type":"","overlay-color":"","overlay-opacity":"","overlay-gradient":""},"mobile":{"background-color":"var(--ast-global-color-5)","background-image":"","background-repeat":"repeat","background-position":"center center","background-size":"auto","background-attachment":"scroll","background-type":"","background-media":"","overlay-type":"","overlay-color":"","overlay-opacity":"","overlay-gradient":""}}},"product_brand":[],"product_cat":[1588],"product_tag":[2436,2435],"class_list":{"0":"post-55810","1":"product","2":"type-product","3":"status-publish","4":"has-post-thumbnail","6":"product_cat-vetements","7":"product_tag-xact-hoodie-fr","8":"product_tag-xact-merch-fr","9":"desktop-align-center","10":"tablet-align-center","11":"mobile-align-center","12":"ast-product-gallery-layout-horizontal","13":"ast-product-single-variable","14":"ast-product-tabs-layout-horizontal","15":"ast-qv-on-image","17":"first","18":"instock","19":"sale","20":"taxable","21":"shipping-taxable","22":"purchasable","23":"product-type-variable"},"bundled_by":[],"bundle_stock_status":"instock","bundle_stock_quantity":null,"bundle_virtual":false,"bundle_layout":"","bundle_add_to_cart_form_location":"","bundle_editable_in_cart":false,"bundle_sold_individually_context":"","bundle_item_grouping":"","bundle_min_size":"","bundle_max_size":"","bundle_price":[],"bundled_items":[],"bundle_sell_ids":[],"yoast_head":"<!-- This site is optimized with the Yoast SEO plugin v27.4 - https:\/\/yoast.com\/product\/yoast-seo-wordpress\/ -->\n<title>Sweat \u00e0 capuche Xact Skate Shop - Xact Skate Shop.<\/title>\n<meta name=\"description\" content=\"Sweat \u00e0 capuche Xact Skate Shop. Heavy Blend se caract\u00e9rise par un int\u00e9rieur douillet et bross\u00e9 et par une vaste palette de couleurs dans une vari\u00e9t\u00e9 de silhouettes.\" \/>\n<meta name=\"robots\" content=\"index, follow, max-snippet:-1, max-image-preview:large, max-video-preview:-1\" \/>\n<link rel=\"canonical\" href=\"https:\/\/xactskateshop.com\/fr\/produit\/sweat-a-capuche-xact-skate-shop-heavy-blend\/\" \/>\n<meta property=\"og:locale\" content=\"fr_FR\" \/>\n<meta property=\"og:type\" content=\"article\" \/>\n<meta property=\"og:title\" content=\"Sweat \u00e0 capuche Xact Skate Shop - Xact Skate Shop.\" \/>\n<meta property=\"og:description\" content=\"Sweat \u00e0 capuche Xact Skate Shop. Heavy Blend se caract\u00e9rise par un int\u00e9rieur douillet et bross\u00e9 et par une vaste palette de couleurs dans une vari\u00e9t\u00e9 de silhouettes.\" \/>\n<meta property=\"og:url\" content=\"https:\/\/xactskateshop.com\/fr\/produit\/sweat-a-capuche-xact-skate-shop-heavy-blend\/\" \/>\n<meta property=\"og:site_name\" content=\"Xact Skate Shop\" \/>\n<meta property=\"article:publisher\" content=\"https:\/\/www.facebook.com\/JeanLouiskateshop\" \/>\n<meta property=\"og:image\" content=\"https:\/\/xactskateshop.com\/wp-content\/uploads\/2024\/01\/hoodie-xact-skate-shop-back-1.jpg\" \/>\n\t<meta property=\"og:image:width\" content=\"1000\" \/>\n\t<meta property=\"og:image:height\" content=\"1000\" \/>\n\t<meta property=\"og:image:type\" content=\"image\/jpeg\" \/>\n<meta name=\"twitter:card\" content=\"summary_large_image\" \/>\n<meta name=\"twitter:label1\" content=\"Dur\u00e9e de lecture estim\u00e9e\" \/>\n\t<meta name=\"twitter:data1\" content=\"1 minute\" \/>\n<script type=\"application\/ld+json\" class=\"yoast-schema-graph\">{\"@context\":\"https:\\\/\\\/schema.org\",\"@graph\":[{\"@type\":\"WebPage\",\"@id\":\"https:\\\/\\\/xactskateshop.com\\\/fr\\\/produit\\\/sweat-a-capuche-xact-skate-shop-heavy-blend\\\/\",\"url\":\"https:\\\/\\\/xactskateshop.com\\\/fr\\\/produit\\\/sweat-a-capuche-xact-skate-shop-heavy-blend\\\/\",\"name\":\"Sweat \u00e0 capuche Xact Skate Shop - Xact Skate Shop.\",\"isPartOf\":{\"@id\":\"http:\\\/\\\/xactskateshop.com\\\/fr\\\/#website\"},\"primaryImageOfPage\":{\"@id\":\"https:\\\/\\\/xactskateshop.com\\\/fr\\\/produit\\\/sweat-a-capuche-xact-skate-shop-heavy-blend\\\/#primaryimage\"},\"image\":{\"@id\":\"https:\\\/\\\/xactskateshop.com\\\/fr\\\/produit\\\/sweat-a-capuche-xact-skate-shop-heavy-blend\\\/#primaryimage\"},\"thumbnailUrl\":\"https:\\\/\\\/xactskateshop.com\\\/wp-content\\\/uploads\\\/2024\\\/01\\\/hoodie-xact-skate-shop-back-1.jpg\",\"datePublished\":\"2024-01-26T22:59:06+00:00\",\"description\":\"Sweat \u00e0 capuche Xact Skate Shop. Heavy Blend se caract\u00e9rise par un int\u00e9rieur douillet et bross\u00e9 et par une vaste palette de couleurs dans une vari\u00e9t\u00e9 de silhouettes.\",\"breadcrumb\":{\"@id\":\"https:\\\/\\\/xactskateshop.com\\\/fr\\\/produit\\\/sweat-a-capuche-xact-skate-shop-heavy-blend\\\/#breadcrumb\"},\"inLanguage\":\"fr-FR\",\"potentialAction\":[{\"@type\":\"ReadAction\",\"target\":[\"https:\\\/\\\/xactskateshop.com\\\/fr\\\/produit\\\/sweat-a-capuche-xact-skate-shop-heavy-blend\\\/\"]}]},{\"@type\":\"ImageObject\",\"inLanguage\":\"fr-FR\",\"@id\":\"https:\\\/\\\/xactskateshop.com\\\/fr\\\/produit\\\/sweat-a-capuche-xact-skate-shop-heavy-blend\\\/#primaryimage\",\"url\":\"https:\\\/\\\/xactskateshop.com\\\/wp-content\\\/uploads\\\/2024\\\/01\\\/hoodie-xact-skate-shop-back-1.jpg\",\"contentUrl\":\"https:\\\/\\\/xactskateshop.com\\\/wp-content\\\/uploads\\\/2024\\\/01\\\/hoodie-xact-skate-shop-back-1.jpg\",\"width\":1000,\"height\":1000,\"caption\":\"Sweat \u00e0 capuche Xact Skate Shop\"},{\"@type\":\"BreadcrumbList\",\"@id\":\"https:\\\/\\\/xactskateshop.com\\\/fr\\\/produit\\\/sweat-a-capuche-xact-skate-shop-heavy-blend\\\/#breadcrumb\",\"itemListElement\":[{\"@type\":\"ListItem\",\"position\":1,\"name\":\"Home\",\"item\":\"https:\\\/\\\/xactskateshop.com\\\/fr\\\/accueil\\\/\"},{\"@type\":\"ListItem\",\"position\":2,\"name\":\"Boutique\",\"item\":\"https:\\\/\\\/xactskateshop.com\\\/shop\\\/\"},{\"@type\":\"ListItem\",\"position\":3,\"name\":\"Sweat \u00e0 capuche Xact Skate Shop Heavy Blend\"}]},{\"@type\":\"WebSite\",\"@id\":\"http:\\\/\\\/xactskateshop.com\\\/fr\\\/#website\",\"url\":\"http:\\\/\\\/xactskateshop.com\\\/fr\\\/\",\"name\":\"Xact Skate Shop\",\"description\":\"Un site utilisant WordPress\",\"publisher\":{\"@id\":\"http:\\\/\\\/xactskateshop.com\\\/fr\\\/#organization\"},\"potentialAction\":[{\"@type\":\"SearchAction\",\"target\":{\"@type\":\"EntryPoint\",\"urlTemplate\":\"http:\\\/\\\/xactskateshop.com\\\/fr\\\/?s={search_term_string}\"},\"query-input\":{\"@type\":\"PropertyValueSpecification\",\"valueRequired\":true,\"valueName\":\"search_term_string\"}}],\"inLanguage\":\"fr-FR\"},{\"@type\":\"Organization\",\"@id\":\"http:\\\/\\\/xactskateshop.com\\\/fr\\\/#organization\",\"name\":\"XACT Skate Shop\",\"url\":\"http:\\\/\\\/xactskateshop.com\\\/fr\\\/\",\"logo\":{\"@type\":\"ImageObject\",\"inLanguage\":\"fr-FR\",\"@id\":\"http:\\\/\\\/xactskateshop.com\\\/fr\\\/#\\\/schema\\\/logo\\\/image\\\/\",\"url\":\"http:\\\/\\\/xactskateshop.com\\\/wp-content\\\/uploads\\\/2024\\\/04\\\/xactskateshop-dot-com-avec-contour-noir-sans-fond-675x.jpg\",\"contentUrl\":\"http:\\\/\\\/xactskateshop.com\\\/wp-content\\\/uploads\\\/2024\\\/04\\\/xactskateshop-dot-com-avec-contour-noir-sans-fond-675x.jpg\",\"width\":675,\"height\":247,\"caption\":\"XACT Skate Shop\"},\"image\":{\"@id\":\"http:\\\/\\\/xactskateshop.com\\\/fr\\\/#\\\/schema\\\/logo\\\/image\\\/\"},\"sameAs\":[\"https:\\\/\\\/www.facebook.com\\\/JeanLouiskateshop\"]}]}<\/script>\n<!-- \/ Yoast SEO plugin. -->","yoast_head_json":{"title":"Sweat \u00e0 capuche Xact Skate Shop - Xact Skate Shop.","description":"Sweat \u00e0 capuche Xact Skate Shop. Heavy Blend se caract\u00e9rise par un int\u00e9rieur douillet et bross\u00e9 et par une vaste palette de couleurs dans une vari\u00e9t\u00e9 de silhouettes.","robots":{"index":"index","follow":"follow","max-snippet":"max-snippet:-1","max-image-preview":"max-image-preview:large","max-video-preview":"max-video-preview:-1"},"canonical":"https:\/\/xactskateshop.com\/fr\/produit\/sweat-a-capuche-xact-skate-shop-heavy-blend\/","og_locale":"fr_FR","og_type":"article","og_title":"Sweat \u00e0 capuche Xact Skate Shop - Xact Skate Shop.","og_description":"Sweat \u00e0 capuche Xact Skate Shop. Heavy Blend se caract\u00e9rise par un int\u00e9rieur douillet et bross\u00e9 et par une vaste palette de couleurs dans une vari\u00e9t\u00e9 de silhouettes.","og_url":"https:\/\/xactskateshop.com\/fr\/produit\/sweat-a-capuche-xact-skate-shop-heavy-blend\/","og_site_name":"Xact Skate Shop","article_publisher":"https:\/\/www.facebook.com\/JeanLouiskateshop","og_image":[{"width":1000,"height":1000,"url":"https:\/\/xactskateshop.com\/wp-content\/uploads\/2024\/01\/hoodie-xact-skate-shop-back-1.jpg","type":"image\/jpeg"}],"twitter_card":"summary_large_image","twitter_misc":{"Dur\u00e9e de lecture estim\u00e9e":"1 minute"},"schema":{"@context":"https:\/\/schema.org","@graph":[{"@type":"WebPage","@id":"https:\/\/xactskateshop.com\/fr\/produit\/sweat-a-capuche-xact-skate-shop-heavy-blend\/","url":"https:\/\/xactskateshop.com\/fr\/produit\/sweat-a-capuche-xact-skate-shop-heavy-blend\/","name":"Sweat \u00e0 capuche Xact Skate Shop - Xact Skate Shop.","isPartOf":{"@id":"http:\/\/xactskateshop.com\/fr\/#website"},"primaryImageOfPage":{"@id":"https:\/\/xactskateshop.com\/fr\/produit\/sweat-a-capuche-xact-skate-shop-heavy-blend\/#primaryimage"},"image":{"@id":"https:\/\/xactskateshop.com\/fr\/produit\/sweat-a-capuche-xact-skate-shop-heavy-blend\/#primaryimage"},"thumbnailUrl":"https:\/\/xactskateshop.com\/wp-content\/uploads\/2024\/01\/hoodie-xact-skate-shop-back-1.jpg","datePublished":"2024-01-26T22:59:06+00:00","description":"Sweat \u00e0 capuche Xact Skate Shop. Heavy Blend se caract\u00e9rise par un int\u00e9rieur douillet et bross\u00e9 et par une vaste palette de couleurs dans une vari\u00e9t\u00e9 de silhouettes.","breadcrumb":{"@id":"https:\/\/xactskateshop.com\/fr\/produit\/sweat-a-capuche-xact-skate-shop-heavy-blend\/#breadcrumb"},"inLanguage":"fr-FR","potentialAction":[{"@type":"ReadAction","target":["https:\/\/xactskateshop.com\/fr\/produit\/sweat-a-capuche-xact-skate-shop-heavy-blend\/"]}]},{"@type":"ImageObject","inLanguage":"fr-FR","@id":"https:\/\/xactskateshop.com\/fr\/produit\/sweat-a-capuche-xact-skate-shop-heavy-blend\/#primaryimage","url":"https:\/\/xactskateshop.com\/wp-content\/uploads\/2024\/01\/hoodie-xact-skate-shop-back-1.jpg","contentUrl":"https:\/\/xactskateshop.com\/wp-content\/uploads\/2024\/01\/hoodie-xact-skate-shop-back-1.jpg","width":1000,"height":1000,"caption":"Sweat \u00e0 capuche Xact Skate Shop"},{"@type":"BreadcrumbList","@id":"https:\/\/xactskateshop.com\/fr\/produit\/sweat-a-capuche-xact-skate-shop-heavy-blend\/#breadcrumb","itemListElement":[{"@type":"ListItem","position":1,"name":"Home","item":"https:\/\/xactskateshop.com\/fr\/accueil\/"},{"@type":"ListItem","position":2,"name":"Boutique","item":"https:\/\/xactskateshop.com\/shop\/"},{"@type":"ListItem","position":3,"name":"Sweat \u00e0 capuche Xact Skate Shop Heavy Blend"}]},{"@type":"WebSite","@id":"http:\/\/xactskateshop.com\/fr\/#website","url":"http:\/\/xactskateshop.com\/fr\/","name":"Xact Skate Shop","description":"Un site utilisant WordPress","publisher":{"@id":"http:\/\/xactskateshop.com\/fr\/#organization"},"potentialAction":[{"@type":"SearchAction","target":{"@type":"EntryPoint","urlTemplate":"http:\/\/xactskateshop.com\/fr\/?s={search_term_string}"},"query-input":{"@type":"PropertyValueSpecification","valueRequired":true,"valueName":"search_term_string"}}],"inLanguage":"fr-FR"},{"@type":"Organization","@id":"http:\/\/xactskateshop.com\/fr\/#organization","name":"XACT Skate Shop","url":"http:\/\/xactskateshop.com\/fr\/","logo":{"@type":"ImageObject","inLanguage":"fr-FR","@id":"http:\/\/xactskateshop.com\/fr\/#\/schema\/logo\/image\/","url":"http:\/\/xactskateshop.com\/wp-content\/uploads\/2024\/04\/xactskateshop-dot-com-avec-contour-noir-sans-fond-675x.jpg","contentUrl":"http:\/\/xactskateshop.com\/wp-content\/uploads\/2024\/04\/xactskateshop-dot-com-avec-contour-noir-sans-fond-675x.jpg","width":675,"height":247,"caption":"XACT Skate Shop"},"image":{"@id":"http:\/\/xactskateshop.com\/fr\/#\/schema\/logo\/image\/"},"sameAs":["https:\/\/www.facebook.com\/JeanLouiskateshop"]}]}},"_links":{"self":[{"href":"https:\/\/xactskateshop.com\/fr\/wp-json\/wp\/v2\/product\/55810","targetHints":{"allow":["GET"]}}],"collection":[{"href":"https:\/\/xactskateshop.com\/fr\/wp-json\/wp\/v2\/product"}],"about":[{"href":"https:\/\/xactskateshop.com\/fr\/wp-json\/wp\/v2\/types\/product"}],"replies":[{"embeddable":true,"href":"https:\/\/xactskateshop.com\/fr\/wp-json\/wp\/v2\/comments?post=55810"}],"wp:featuredmedia":[{"embeddable":true,"href":"https:\/\/xactskateshop.com\/fr\/wp-json\/wp\/v2\/media\/38187"}],"wp:attachment":[{"href":"https:\/\/xactskateshop.com\/fr\/wp-json\/wp\/v2\/media?parent=55810"}],"wp:term":[{"taxonomy":"product_brand","embeddable":true,"href":"https:\/\/xactskateshop.com\/fr\/wp-json\/wp\/v2\/product_brand?post=55810"},{"taxonomy":"product_cat","embeddable":true,"href":"https:\/\/xactskateshop.com\/fr\/wp-json\/wp\/v2\/product_cat?post=55810"},{"taxonomy":"product_tag","embeddable":true,"href":"https:\/\/xactskateshop.com\/fr\/wp-json\/wp\/v2\/product_tag?post=55810"}],"curies":[{"name":"wp","href":"https:\/\/api.w.org\/{rel}","templated":true}]}}