{"id":55793,"date":"2023-12-08T17:14:45","date_gmt":"2023-12-08T22:14:45","guid":{"rendered":"http:\/\/xactskateshop.com\/product\/lames-bont-platinum-flex\/"},"modified":"2026-01-21T15:15:28","modified_gmt":"2026-01-21T20:15:28","slug":"lames-bont-platinum-flex","status":"publish","type":"product","link":"https:\/\/xactskateshop.com\/fr\/produit\/lames-bont-platinum-flex\/","title":{"rendered":"Lames BONT Platinum FLEX"},"content":{"rendered":"<h2>Lames BONT Platinum Flex<\/h2>\n<p>La lame l\u00e9gendaire du Bont Platinum est fabriqu\u00e9e avec de l&#8217;acier \u00e0 outils \u00e0 poudre m\u00e9tallique B\u00f6hler K390, qui est aff\u00fbt\u00e9 lentement pour produire une pi\u00e8ce d&#8217;acier parfaitement droite. La structure de la poudre m\u00e9tallique est tr\u00e8s fine, ce qui lui conf\u00e8re des propri\u00e9t\u00e9s de glissement exceptionnelles. Elle est capable de conserver son tranchant jusqu&#8217;\u00e0 8 fois plus longtemps que les lames en acier normal.  <\/p>\n<h4><\/h4>\n<h3><strong>Sp\u00e9cifications :<\/strong><\/h3>\n<ul>\n<li><strong>Mat\u00e9riau de la coupelle :<\/strong> Aluminium 7075 T6<\/li>\n<li><strong>Rayon :<\/strong> 9m<\/li>\n<li><strong>Longueur :<\/strong> 15.0&#8243;, 15.5&#8243;, 16&#8243;, 16.5&#8243;, 17&#8243;, 17.5&#8243;, 18&#8243;, 19&#8243;.<\/li>\n<li><strong>\u00c9paisseur de la lame :<\/strong> 1,1 mm<\/li>\n<li><strong>Duret\u00e9 :<\/strong> 64 Rockwell<\/li>\n<li><strong>Courbure : Courbure machin\u00e9e<\/strong><\/li>\n<li><strong>Hauteur de la coupe :<\/strong> 25 mm pour 15,0&#8243;, 15,5&#8243;, 28 mm (+3 mm) pour 16,0&#8243; et 30 mm (+5 mm) pour 16,5&#8243;.<\/li>\n<li><strong>Con\u00e7u pour les patineurs : 140lbs et moins<\/strong><\/li>\n<\/ul>\n<h6><span style=\"color: #ff0000;\">Pr\u00e9paration des lames : Nous faisons un berceau progressif ST-9 sur ces lames.<\/span> <a href=\"http:\/\/xactskateshop.com\/product\/short-track-blade-rockering\/\">(voir les num\u00e9ros ici)<\/a> <span style=\"color: #ff0000;\">ainsi que la courbe correspondante<\/span><\/h6>\n<p>&nbsp;<\/p>\n<p>Consid\u00e9r\u00e9 par de nombreux patineurs de short track, le Bont Platinum Blades K390 comme la meilleure lame de short track jamais fabriqu\u00e9e.<\/p>\n<p>Autrefois, les patineurs de l&#8217;\u00e9quipe nationale contactaient les fabricants de lames de short track et passaient en revue un grand nombre de lames. Ils v\u00e9rifiaient quelles lames \u00e9taient droites et les lames restantes \u00e9taient vendues aux magasins. Nous pensions que ce syst\u00e8me n&#8217;\u00e9tait pas \u00e9quitable et nous voulions que tout le monde ait acc\u00e8s aux meilleures lames en permanence. Avec la lame courte Courte Piste de Bont Platinum, chaque lame est bonne et personne n&#8217;a besoin de v\u00e9rifier pour trouver la meilleure lame d&#8217;un lot.   <\/p>\n<p>&nbsp;<\/p>\n<h4>Voici les \u00e9tapes que nous avons suivies pour cr\u00e9er la lame de Courte Piste la plus rapide :<\/h4>\n<p>&nbsp;<\/p>\n<h6><strong>\u00c9tape 1<\/strong>:<\/h6>\n<p>Normalement, lorsque vous achetez de l&#8217;acier pour lames, il se pr\u00e9sente sous forme de rouleau. Lors de la fabrication des lames, nous prenons l&#8217;acier et l&#8217;ins\u00e9rons dans la fente dans le m\u00eame sens de courbure que l&#8217;acier sur le rouleau. Mais ce n&#8217;est pas la solution id\u00e9ale, car la courbe est beaucoup trop prononc\u00e9e et elle est ondul\u00e9e. Pour la lame Courte Piste, nous avons pay\u00e9 un co\u00fbt suppl\u00e9mentaire pour recevoir des feuilles d&#8217;acier plates plut\u00f4t que de l&#8217;acheter en rouleau. L&#8217;acier est plat au d\u00e9part, avant m\u00eame d&#8217;\u00eatre aff\u00fbt\u00e9. M\u00eame apr\u00e8s l&#8217;aff\u00fbtage, l&#8217;acier lamin\u00e9 garde le souvenir d&#8217;avoir \u00e9t\u00e9 pli\u00e9.     <\/p>\n<h6><strong>\u00c9tape 2<\/strong>:<\/h6>\n<p>Nous achetons de l&#8217;acier de 1,3 mm d&#8217;\u00e9paisseur, nous le d\u00e9coupons \u00e0 la forme voulue, puis nous le fixons \u00e0 une plaque sur laquelle la meule ponce 0,1 mm, avant de la retourner et de poncer 0,1 mm de l&#8217;autre c\u00f4t\u00e9. Cela n&#8217;a l&#8217;air de rien, mais avec un acier aussi dur, il faut beaucoup de temps pour le rectifier parfaitement \u00e0 plat. Dans la fabrication des lames Courte Piste, il est courant de mettre 10 lames sur la plaque et de les aff\u00fbter rapidement \u00e0 l&#8217;aide de pierres bon march\u00e9 pour r\u00e9duire les co\u00fbts. Lorsque vous aff\u00fbtez l&#8217;acier rapidement, le m\u00e9tal chauffe et se d\u00e9forme. Le temps d&#8217;usinage est co\u00fbteux, ce qui permet de r\u00e9duire les co\u00fbts. Pour la lame courte Bont Platinum, nous avons import\u00e9 d&#8217;Allemagne des pierres d&#8217;aff\u00fbtage sp\u00e9ciales haut de gamme et nous n&#8217;aff\u00fbtons lentement que deux lames \u00e0 la fois. Nous payons un certain nombre de frais suppl\u00e9mentaires pour ce projet afin de cr\u00e9er la m\u00eame lame haut de gamme pour tous les patineurs. Si ce n&#8217;est pas d\u00e9j\u00e0 clair, notre mandat pour cette lame est de cr\u00e9er la meilleure lame \u00e0 tout prix. Il ne devrait pas y avoir de bonnes et de mauvaises lames, seulement les meilleures lames de Courte Piste.        <\/p>\n<h6><strong>\u00c9tape 3<\/strong>:<\/h6>\n<p>La fente qui accueille la lame pr\u00e9sente un espace de chaque c\u00f4t\u00e9 pour laisser passer la colle. Cet espace permet \u00e0 la lame de se d\u00e9former. Nous avons test\u00e9 de nombreux types de colle pour en trouver une qui adh\u00e8re mieux que sur les lames pr\u00e9c\u00e9dentes et lorsque nous avons trouv\u00e9 une nouvelle colle am\u00e9lior\u00e9e, nous avons pu r\u00e9duire la taille de la fente de 0,1 mm. Cela ne semble pas beaucoup, mais cela signifie moins de d\u00e9formation car il y a moins d&#8217;espace pour que l&#8217;acier se d\u00e9forme.   <\/p>\n<h6><strong>\u00c9tape 4<\/strong>:<\/h6>\n<p>Pendant que la colle s\u00e8che, la lame risque de se d\u00e9former. La colle que nous utilisons met plusieurs heures \u00e0 s\u00e9cher. En fonction de la longueur de la lame, nous maintenons la lame enti\u00e8re en neuf points diff\u00e9rents au minimum afin de maintenir parfaitement la courbure de la lame pendant qu&#8217;elle durcit pendant 14 heures. Ces gabarits sont incroyablement co\u00fbteux et nous en avons un certain nombre pour compl\u00e9ter une s\u00e9rie de production.   <\/p>\n<h6><strong>\u00c9tape 5<\/strong>:<\/h6>\n<p>Nous avons fait un &#8220;polissage brillant&#8221; sur le c\u00f4t\u00e9 de la lame pour que lorsque vous vous penchez et que le c\u00f4t\u00e9 de la lame touche la glace, il y ait le moins de frottement possible. Il y a le moins de friction possible. <\/p>\n<h6><strong>\u00c9tape 6<\/strong>:<\/h6>\n<p>Pour la rigidit\u00e9 du tube, nous avons travaill\u00e9 avec un certain nombre des meilleures \u00e9quipes nationales du monde. Si le tube est trop rigide, les patineurs risquent de chuter. S&#8217;il est trop souple, il absorbe la puissance du patineur. Nous avons utilis\u00e9 un logiciel de CFAO et des tests en conditions r\u00e9elles pour trouver la rigidit\u00e9 optimale du tube.   <\/p>\n<h6><strong>\u00c9tape 7<\/strong>:<\/h6>\n<p>Le tube est fabriqu\u00e9 \u00e0 partir d&#8217;un m\u00e9lange sp\u00e9cial d&#8217;aluminium qui sera gard\u00e9 secret \ud83d\ude09<\/p>\n<p>Le r\u00e9sultat de tout ce travail est la meilleure et la plus rapide des lames pour piste courte jamais produite. Nous sommes s\u00fbrs que vous appr\u00e9cierez l&#8217;effort que nous avons fait pour que cette lame vous permette de donner le meilleur de vous-m\u00eame. <\/p>\n<h3><\/h3>\n<p>Voir d&#8217;autres mod\u00e8les <a href=\"http:\/\/xactskateshop.com\/product-category\/speed-skating\/short-track\/short-track-blades-and-parts\/\">ici<\/a><\/p>\n<h3 style=\"text-align: left;\"><span style=\"font-size: 16px; font-style: normal; font-weight: 400;\">Vous pouvez \u00e9galement les obtenir <\/span><a style=\"font-size: 16px; font-style: normal; font-weight: 400; background-color: #ffffff;\" href=\"https:\/\/bont.ca\/collections\/short-track-ice-skating-blades\/products\/short-track-platinum-k390-ice-blade\">ici<\/a><\/h3>\n","protected":false},"excerpt":{"rendered":"<p>&nbsp;<\/p>\n<hr>\n<p style=\"text-align: center;\"><strong>Lames Bont Platinum Flex pour les patineurs de 140lbs et moins<\/strong><\/p>\n<p style=\"text-align: center;\">Fabriqu\u00e9e avec de l&#8217;acier \u00e0 outils \u00e0 poudre m\u00e9tallique B\u00f6hler K390, qui est aff\u00fbt\u00e9 lentement pour produire une pi\u00e8ce d&#8217;acier parfaitement droite, la lame l\u00e9gendaire BONT Platinum est ce qu&#8217;il y a de mieux. La structure de la poudre m\u00e9tallique est tr\u00e8s fine, ce qui lui conf\u00e8re des propri\u00e9t\u00e9s de glisse exceptionnelles. Elle est capable de conserver son tranchant jusqu&#8217;\u00e0 8 fois plus longtemps que les lames en acier normal.  <\/p>\n<hr>\n<p>&nbsp;<\/p>\n","protected":false},"featured_media":30237,"comment_status":"open","ping_status":"closed","template":"","meta":{"site-sidebar-layout":"default","site-content-layout":"default","ast-site-content-layout":"default","site-content-style":"default","site-sidebar-style":"default","ast-global-header-display":"","ast-banner-title-visibility":"","ast-main-header-display":"","ast-hfb-above-header-display":"","ast-hfb-below-header-display":"","ast-hfb-mobile-header-display":"","site-post-title":"","ast-breadcrumbs-content":"","ast-featured-img":"","footer-sml-layout":"","theme-transparent-header-meta":"default","adv-header-id-meta":"","stick-header-meta":"","header-above-stick-meta":"","header-main-stick-meta":"","header-below-stick-meta":"","astra-migrate-meta-layouts":"set","ast-page-background-enabled":"default","ast-page-background-meta":{"desktop":{"background-color":"","background-image":"","background-repeat":"repeat","background-position":"center center","background-size":"auto","background-attachment":"scroll","background-type":"","background-media":"","overlay-type":"","overlay-color":"","overlay-opacity":"","overlay-gradient":""},"tablet":{"background-color":"","background-image":"","background-repeat":"repeat","background-position":"center center","background-size":"auto","background-attachment":"scroll","background-type":"","background-media":"","overlay-type":"","overlay-color":"","overlay-opacity":"","overlay-gradient":""},"mobile":{"background-color":"","background-image":"","background-repeat":"repeat","background-position":"center center","background-size":"auto","background-attachment":"scroll","background-type":"","background-media":"","overlay-type":"","overlay-color":"","overlay-opacity":"","overlay-gradient":""}},"ast-content-background-meta":{"desktop":{"background-color":"var(--ast-global-color-5)","background-image":"","background-repeat":"repeat","background-position":"center center","background-size":"auto","background-attachment":"scroll","background-type":"","background-media":"","overlay-type":"","overlay-color":"","overlay-opacity":"","overlay-gradient":""},"tablet":{"background-color":"var(--ast-global-color-5)","background-image":"","background-repeat":"repeat","background-position":"center center","background-size":"auto","background-attachment":"scroll","background-type":"","background-media":"","overlay-type":"","overlay-color":"","overlay-opacity":"","overlay-gradient":""},"mobile":{"background-color":"var(--ast-global-color-5)","background-image":"","background-repeat":"repeat","background-position":"center center","background-size":"auto","background-attachment":"scroll","background-type":"","background-media":"","overlay-type":"","overlay-color":"","overlay-opacity":"","overlay-gradient":""}}},"product_brand":[],"product_cat":[1354,1457,1353],"product_tag":[1356,1389,1397,1486],"class_list":{"0":"post-55793","1":"product","2":"type-product","3":"status-publish","4":"has-post-thumbnail","6":"product_cat-courte-piste","7":"product_cat-lames-et-pieces-patinage-de-vitesse-courte-piste","8":"product_cat-patinage-de-vitesse","9":"product_tag-courte-piste-fr","10":"product_tag-lames-bont-fr","11":"product_tag-lames-de-st","12":"product_tag-meilleures-lames","13":"desktop-align-center","14":"tablet-align-center","15":"mobile-align-center","16":"ast-product-gallery-layout-horizontal","17":"ast-product-single-variable","18":"ast-product-tabs-layout-horizontal","19":"ast-qv-on-image","21":"first","22":"instock","23":"sale","24":"taxable","25":"shipping-taxable","26":"purchasable","27":"product-type-variable"},"bundled_by":[],"bundle_stock_status":"instock","bundle_stock_quantity":null,"bundle_virtual":false,"bundle_layout":"","bundle_add_to_cart_form_location":"","bundle_editable_in_cart":false,"bundle_sold_individually_context":"","bundle_item_grouping":"","bundle_min_size":"","bundle_max_size":"","bundle_price":[],"bundled_items":[],"bundle_sell_ids":[],"yoast_head":"<!-- This site is optimized with the Yoast SEO plugin v27.4 - https:\/\/yoast.com\/product\/yoast-seo-wordpress\/ -->\n<title>Lames flexibles Bont Platinum - Xact Skate Shop.<\/title>\n<meta name=\"description\" content=\"Lames flexibles Bont Platinum. La lame Bont Platinum est fabriqu\u00e9e avec l&#039;acier \u00e0 outils B\u00f6hler K390 PM qui est aff\u00fbt\u00e9 lentement pour produire une pi\u00e8ce d&#039;acier parfaitement droite.\" \/>\n<meta name=\"robots\" content=\"index, follow, max-snippet:-1, max-image-preview:large, max-video-preview:-1\" \/>\n<link rel=\"canonical\" href=\"https:\/\/xactskateshop.com\/fr\/produit\/lames-bont-platinum-flex\/\" \/>\n<meta property=\"og:locale\" content=\"fr_FR\" \/>\n<meta property=\"og:type\" content=\"article\" \/>\n<meta property=\"og:title\" content=\"Lames flexibles Bont Platinum - Xact Skate Shop.\" \/>\n<meta property=\"og:description\" content=\"Lames flexibles Bont Platinum. La lame Bont Platinum est fabriqu\u00e9e avec l&#039;acier \u00e0 outils B\u00f6hler K390 PM qui est aff\u00fbt\u00e9 lentement pour produire une pi\u00e8ce d&#039;acier parfaitement droite.\" \/>\n<meta property=\"og:url\" content=\"https:\/\/xactskateshop.com\/fr\/produit\/lames-bont-platinum-flex\/\" \/>\n<meta property=\"og:site_name\" content=\"Xact Skate Shop\" \/>\n<meta property=\"article:publisher\" content=\"https:\/\/www.facebook.com\/JeanLouiskateshop\" \/>\n<meta property=\"article:modified_time\" content=\"2026-01-21T20:15:28+00:00\" \/>\n<meta property=\"og:image\" content=\"https:\/\/xactskateshop.com\/wp-content\/uploads\/2023\/12\/ST-Platinum-Flex-Pink-K390-2.jpg\" \/>\n\t<meta property=\"og:image:width\" content=\"1300\" \/>\n\t<meta property=\"og:image:height\" content=\"1300\" \/>\n\t<meta property=\"og:image:type\" content=\"image\/jpeg\" \/>\n<meta name=\"twitter:card\" content=\"summary_large_image\" \/>\n<meta name=\"twitter:label1\" content=\"Dur\u00e9e de lecture estim\u00e9e\" \/>\n\t<meta name=\"twitter:data1\" content=\"5 minutes\" \/>\n<script type=\"application\/ld+json\" class=\"yoast-schema-graph\">{\"@context\":\"https:\\\/\\\/schema.org\",\"@graph\":[{\"@type\":\"WebPage\",\"@id\":\"https:\\\/\\\/xactskateshop.com\\\/fr\\\/produit\\\/lames-bont-platinum-flex\\\/\",\"url\":\"https:\\\/\\\/xactskateshop.com\\\/fr\\\/produit\\\/lames-bont-platinum-flex\\\/\",\"name\":\"Lames flexibles Bont Platinum - Xact Skate Shop.\",\"isPartOf\":{\"@id\":\"http:\\\/\\\/xactskateshop.com\\\/fr\\\/#website\"},\"primaryImageOfPage\":{\"@id\":\"https:\\\/\\\/xactskateshop.com\\\/fr\\\/produit\\\/lames-bont-platinum-flex\\\/#primaryimage\"},\"image\":{\"@id\":\"https:\\\/\\\/xactskateshop.com\\\/fr\\\/produit\\\/lames-bont-platinum-flex\\\/#primaryimage\"},\"thumbnailUrl\":\"https:\\\/\\\/xactskateshop.com\\\/wp-content\\\/uploads\\\/2023\\\/12\\\/ST-Platinum-Flex-Pink-K390-2.jpg\",\"datePublished\":\"2023-12-08T22:14:45+00:00\",\"dateModified\":\"2026-01-21T20:15:28+00:00\",\"description\":\"Lames flexibles Bont Platinum. La lame Bont Platinum est fabriqu\u00e9e avec l'acier \u00e0 outils B\u00f6hler K390 PM qui est aff\u00fbt\u00e9 lentement pour produire une pi\u00e8ce d'acier parfaitement droite.\",\"breadcrumb\":{\"@id\":\"https:\\\/\\\/xactskateshop.com\\\/fr\\\/produit\\\/lames-bont-platinum-flex\\\/#breadcrumb\"},\"inLanguage\":\"fr-FR\",\"potentialAction\":[{\"@type\":\"ReadAction\",\"target\":[\"https:\\\/\\\/xactskateshop.com\\\/fr\\\/produit\\\/lames-bont-platinum-flex\\\/\"]}]},{\"@type\":\"ImageObject\",\"inLanguage\":\"fr-FR\",\"@id\":\"https:\\\/\\\/xactskateshop.com\\\/fr\\\/produit\\\/lames-bont-platinum-flex\\\/#primaryimage\",\"url\":\"https:\\\/\\\/xactskateshop.com\\\/wp-content\\\/uploads\\\/2023\\\/12\\\/ST-Platinum-Flex-Pink-K390-2.jpg\",\"contentUrl\":\"https:\\\/\\\/xactskateshop.com\\\/wp-content\\\/uploads\\\/2023\\\/12\\\/ST-Platinum-Flex-Pink-K390-2.jpg\",\"width\":1300,\"height\":1300,\"caption\":\"Lames flexibles Bont Platinum\"},{\"@type\":\"BreadcrumbList\",\"@id\":\"https:\\\/\\\/xactskateshop.com\\\/fr\\\/produit\\\/lames-bont-platinum-flex\\\/#breadcrumb\",\"itemListElement\":[{\"@type\":\"ListItem\",\"position\":1,\"name\":\"Home\",\"item\":\"https:\\\/\\\/xactskateshop.com\\\/fr\\\/accueil\\\/\"},{\"@type\":\"ListItem\",\"position\":2,\"name\":\"Boutique\",\"item\":\"https:\\\/\\\/xactskateshop.com\\\/shop\\\/\"},{\"@type\":\"ListItem\",\"position\":3,\"name\":\"Lames BONT Platinum FLEX\"}]},{\"@type\":\"WebSite\",\"@id\":\"http:\\\/\\\/xactskateshop.com\\\/fr\\\/#website\",\"url\":\"http:\\\/\\\/xactskateshop.com\\\/fr\\\/\",\"name\":\"Xact Skate Shop\",\"description\":\"Un site utilisant WordPress\",\"publisher\":{\"@id\":\"http:\\\/\\\/xactskateshop.com\\\/fr\\\/#organization\"},\"potentialAction\":[{\"@type\":\"SearchAction\",\"target\":{\"@type\":\"EntryPoint\",\"urlTemplate\":\"http:\\\/\\\/xactskateshop.com\\\/fr\\\/?s={search_term_string}\"},\"query-input\":{\"@type\":\"PropertyValueSpecification\",\"valueRequired\":true,\"valueName\":\"search_term_string\"}}],\"inLanguage\":\"fr-FR\"},{\"@type\":\"Organization\",\"@id\":\"http:\\\/\\\/xactskateshop.com\\\/fr\\\/#organization\",\"name\":\"XACT Skate Shop\",\"url\":\"http:\\\/\\\/xactskateshop.com\\\/fr\\\/\",\"logo\":{\"@type\":\"ImageObject\",\"inLanguage\":\"fr-FR\",\"@id\":\"http:\\\/\\\/xactskateshop.com\\\/fr\\\/#\\\/schema\\\/logo\\\/image\\\/\",\"url\":\"http:\\\/\\\/xactskateshop.com\\\/wp-content\\\/uploads\\\/2024\\\/04\\\/xactskateshop-dot-com-avec-contour-noir-sans-fond-675x.jpg\",\"contentUrl\":\"http:\\\/\\\/xactskateshop.com\\\/wp-content\\\/uploads\\\/2024\\\/04\\\/xactskateshop-dot-com-avec-contour-noir-sans-fond-675x.jpg\",\"width\":675,\"height\":247,\"caption\":\"XACT Skate Shop\"},\"image\":{\"@id\":\"http:\\\/\\\/xactskateshop.com\\\/fr\\\/#\\\/schema\\\/logo\\\/image\\\/\"},\"sameAs\":[\"https:\\\/\\\/www.facebook.com\\\/JeanLouiskateshop\"]}]}<\/script>\n<!-- \/ Yoast SEO plugin. -->","yoast_head_json":{"title":"Lames flexibles Bont Platinum - Xact Skate Shop.","description":"Lames flexibles Bont Platinum. La lame Bont Platinum est fabriqu\u00e9e avec l'acier \u00e0 outils B\u00f6hler K390 PM qui est aff\u00fbt\u00e9 lentement pour produire une pi\u00e8ce d'acier parfaitement droite.","robots":{"index":"index","follow":"follow","max-snippet":"max-snippet:-1","max-image-preview":"max-image-preview:large","max-video-preview":"max-video-preview:-1"},"canonical":"https:\/\/xactskateshop.com\/fr\/produit\/lames-bont-platinum-flex\/","og_locale":"fr_FR","og_type":"article","og_title":"Lames flexibles Bont Platinum - Xact Skate Shop.","og_description":"Lames flexibles Bont Platinum. La lame Bont Platinum est fabriqu\u00e9e avec l'acier \u00e0 outils B\u00f6hler K390 PM qui est aff\u00fbt\u00e9 lentement pour produire une pi\u00e8ce d'acier parfaitement droite.","og_url":"https:\/\/xactskateshop.com\/fr\/produit\/lames-bont-platinum-flex\/","og_site_name":"Xact Skate Shop","article_publisher":"https:\/\/www.facebook.com\/JeanLouiskateshop","article_modified_time":"2026-01-21T20:15:28+00:00","og_image":[{"width":1300,"height":1300,"url":"https:\/\/xactskateshop.com\/wp-content\/uploads\/2023\/12\/ST-Platinum-Flex-Pink-K390-2.jpg","type":"image\/jpeg"}],"twitter_card":"summary_large_image","twitter_misc":{"Dur\u00e9e de lecture estim\u00e9e":"5 minutes"},"schema":{"@context":"https:\/\/schema.org","@graph":[{"@type":"WebPage","@id":"https:\/\/xactskateshop.com\/fr\/produit\/lames-bont-platinum-flex\/","url":"https:\/\/xactskateshop.com\/fr\/produit\/lames-bont-platinum-flex\/","name":"Lames flexibles Bont Platinum - Xact Skate Shop.","isPartOf":{"@id":"http:\/\/xactskateshop.com\/fr\/#website"},"primaryImageOfPage":{"@id":"https:\/\/xactskateshop.com\/fr\/produit\/lames-bont-platinum-flex\/#primaryimage"},"image":{"@id":"https:\/\/xactskateshop.com\/fr\/produit\/lames-bont-platinum-flex\/#primaryimage"},"thumbnailUrl":"https:\/\/xactskateshop.com\/wp-content\/uploads\/2023\/12\/ST-Platinum-Flex-Pink-K390-2.jpg","datePublished":"2023-12-08T22:14:45+00:00","dateModified":"2026-01-21T20:15:28+00:00","description":"Lames flexibles Bont Platinum. La lame Bont Platinum est fabriqu\u00e9e avec l'acier \u00e0 outils B\u00f6hler K390 PM qui est aff\u00fbt\u00e9 lentement pour produire une pi\u00e8ce d'acier parfaitement droite.","breadcrumb":{"@id":"https:\/\/xactskateshop.com\/fr\/produit\/lames-bont-platinum-flex\/#breadcrumb"},"inLanguage":"fr-FR","potentialAction":[{"@type":"ReadAction","target":["https:\/\/xactskateshop.com\/fr\/produit\/lames-bont-platinum-flex\/"]}]},{"@type":"ImageObject","inLanguage":"fr-FR","@id":"https:\/\/xactskateshop.com\/fr\/produit\/lames-bont-platinum-flex\/#primaryimage","url":"https:\/\/xactskateshop.com\/wp-content\/uploads\/2023\/12\/ST-Platinum-Flex-Pink-K390-2.jpg","contentUrl":"https:\/\/xactskateshop.com\/wp-content\/uploads\/2023\/12\/ST-Platinum-Flex-Pink-K390-2.jpg","width":1300,"height":1300,"caption":"Lames flexibles Bont Platinum"},{"@type":"BreadcrumbList","@id":"https:\/\/xactskateshop.com\/fr\/produit\/lames-bont-platinum-flex\/#breadcrumb","itemListElement":[{"@type":"ListItem","position":1,"name":"Home","item":"https:\/\/xactskateshop.com\/fr\/accueil\/"},{"@type":"ListItem","position":2,"name":"Boutique","item":"https:\/\/xactskateshop.com\/shop\/"},{"@type":"ListItem","position":3,"name":"Lames BONT Platinum FLEX"}]},{"@type":"WebSite","@id":"http:\/\/xactskateshop.com\/fr\/#website","url":"http:\/\/xactskateshop.com\/fr\/","name":"Xact Skate Shop","description":"Un site utilisant WordPress","publisher":{"@id":"http:\/\/xactskateshop.com\/fr\/#organization"},"potentialAction":[{"@type":"SearchAction","target":{"@type":"EntryPoint","urlTemplate":"http:\/\/xactskateshop.com\/fr\/?s={search_term_string}"},"query-input":{"@type":"PropertyValueSpecification","valueRequired":true,"valueName":"search_term_string"}}],"inLanguage":"fr-FR"},{"@type":"Organization","@id":"http:\/\/xactskateshop.com\/fr\/#organization","name":"XACT Skate Shop","url":"http:\/\/xactskateshop.com\/fr\/","logo":{"@type":"ImageObject","inLanguage":"fr-FR","@id":"http:\/\/xactskateshop.com\/fr\/#\/schema\/logo\/image\/","url":"http:\/\/xactskateshop.com\/wp-content\/uploads\/2024\/04\/xactskateshop-dot-com-avec-contour-noir-sans-fond-675x.jpg","contentUrl":"http:\/\/xactskateshop.com\/wp-content\/uploads\/2024\/04\/xactskateshop-dot-com-avec-contour-noir-sans-fond-675x.jpg","width":675,"height":247,"caption":"XACT Skate Shop"},"image":{"@id":"http:\/\/xactskateshop.com\/fr\/#\/schema\/logo\/image\/"},"sameAs":["https:\/\/www.facebook.com\/JeanLouiskateshop"]}]}},"_links":{"self":[{"href":"https:\/\/xactskateshop.com\/fr\/wp-json\/wp\/v2\/product\/55793","targetHints":{"allow":["GET"]}}],"collection":[{"href":"https:\/\/xactskateshop.com\/fr\/wp-json\/wp\/v2\/product"}],"about":[{"href":"https:\/\/xactskateshop.com\/fr\/wp-json\/wp\/v2\/types\/product"}],"replies":[{"embeddable":true,"href":"https:\/\/xactskateshop.com\/fr\/wp-json\/wp\/v2\/comments?post=55793"}],"wp:featuredmedia":[{"embeddable":true,"href":"https:\/\/xactskateshop.com\/fr\/wp-json\/wp\/v2\/media\/30237"}],"wp:attachment":[{"href":"https:\/\/xactskateshop.com\/fr\/wp-json\/wp\/v2\/media?parent=55793"}],"wp:term":[{"taxonomy":"product_brand","embeddable":true,"href":"https:\/\/xactskateshop.com\/fr\/wp-json\/wp\/v2\/product_brand?post=55793"},{"taxonomy":"product_cat","embeddable":true,"href":"https:\/\/xactskateshop.com\/fr\/wp-json\/wp\/v2\/product_cat?post=55793"},{"taxonomy":"product_tag","embeddable":true,"href":"https:\/\/xactskateshop.com\/fr\/wp-json\/wp\/v2\/product_tag?post=55793"}],"curies":[{"name":"wp","href":"https:\/\/api.w.org\/{rel}","templated":true}]}}