{"id":55770,"date":"2024-01-18T15:47:13","date_gmt":"2024-01-18T20:47:13","guid":{"rendered":"http:\/\/xactskateshop.com\/product\/outil-de-patinage-a-roulettes-bont\/"},"modified":"2024-01-18T15:47:13","modified_gmt":"2024-01-18T20:47:13","slug":"outil-de-patinage-a-roulettes-bont","status":"publish","type":"product","link":"https:\/\/xactskateshop.com\/fr\/produit\/outil-de-patinage-a-roulettes-bont\/","title":{"rendered":"Outil de patinage \u00e0 roulettes BONT"},"content":{"rendered":"<p><strong>BONT Outil pour patins \u00e0 roulettes<\/strong><\/p>\n<p><strong>L&#8217;ultime compagnon de patinage 5 en 1<\/strong><\/p>\n<p>Le Bont Skate Tool est un outil r\u00e9volutionnaire polyvalent con\u00e7u pour les patineurs passionn\u00e9s. Alliant commodit\u00e9 et fonctionnalit\u00e9, cet outil est un compl\u00e9ment essentiel \u00e0 l&#8217;\u00e9quipement de tout patineur. Compact et robuste, il r\u00e9unit cinq outils indispensables en un seul ensemble \u00e9l\u00e9gant. Cet outil de patinage polyvalent comprend un   <\/p>\n<ul>\n<li>Cl\u00e9 \u00e0 douille amovible de 1\/2&#8243; (13 mm) pour les \u00e9crous d&#8217;essieu de 8 mm<\/li>\n<li>Cl\u00e9 \u00e0 douille amovible de 14 mm (9\/16&#8243;) pour les \u00e9crous d&#8217;actionnement des camions sur les plaques Tracer et Prodigy<\/li>\n<li>Cl\u00e9 Allen de 4 mm pour la vis de blocage de la but\u00e9e de pied sur les plaques Prodigy et la vis de blocage de l&#8217;\u00e9crou d&#8217;action sur les plaques Athena<\/li>\n<li>Cl\u00e9 de 5 mm pour la vis de blocage de la but\u00e9e de pied sur les plaques Athena et Tracer<\/li>\n<li>Extracteur de roulements<\/li>\n<\/ul>\n<p><strong>Avantages :<\/strong><\/p>\n<ul>\n<li><strong>Commodit\u00e9 du tout-en-un :<\/strong> \u00c9liminez le besoin d&#8217;outils multiples. Cet outil 5 en 1 fournit tout ce qui est n\u00e9cessaire \u00e0 l&#8217;entretien et aux r\u00e9glages r\u00e9guliers des patins. <\/li>\n<li><strong>Durabilit\u00e9 :<\/strong> Construit avec des mat\u00e9riaux de haute qualit\u00e9, le Skate Tool de Bont est con\u00e7u pour r\u00e9sister aux rigueurs d&#8217;une utilisation r\u00e9guli\u00e8re, garantissant long\u00e9vit\u00e9 et fiabilit\u00e9.<\/li>\n<li><strong>Portabilit\u00e9 :<\/strong> Compact et l\u00e9ger, il se glisse facilement dans n&#8217;importe quel sac de patinage, ce qui le rend id\u00e9al pour les ajustements et les r\u00e9parations en d\u00e9placement.<\/li>\n<li><strong>Facilit\u00e9 d&#8217;utilisation :<\/strong> Con\u00e7u pour l&#8217;utilisateur, chaque outil est facile \u00e0 utiliser, ce qui fait de l&#8217;entretien des patins un jeu d&#8217;enfant pour les d\u00e9butants comme pour les patineurs chevronn\u00e9s.<\/li>\n<\/ul>\n<p>Le Bont Roller Skate Tool est plus qu&#8217;un simple outil, c&#8217;est le compagnon du patineur, con\u00e7u pour vous permettre de rouler en douceur et efficacement. Que vous soyez au derby, \u00e0 la patinoire, au parc ou dans la rue, cet outil vous permet d&#8217;avoir tout ce dont vous avez besoin \u00e0 port\u00e9e de main. Dites adieu aux trousses \u00e0 outils encombrantes et bonjour \u00e0 la commodit\u00e9 et \u00e0 l&#8217;efficacit\u00e9 du Skate Tool de Bont &#8211; l&#8217;outil ultime pour tous les patineurs.  <\/p>\n<p>Vous pouvez \u00e9galement l&#8217;acheter <a href=\"https:\/\/bont.ca\/collections\/roller-skate-accessories\/products\/roller-skate-tool-1\">ici<\/a><\/p>\n<p>Voir d&#8217;autres outils <a href=\"http:\/\/xactskateshop.com\/product\/bont-skate-rip-jaws\/\">ici<\/a><\/p>\n","protected":false},"excerpt":{"rendered":"<p><strong>BONT Outil pour patins \u00e0 roulettes<\/strong><\/p>\n<p><strong>L&#8217;ultime compagnon de patinage 5 en 1<\/strong><\/p>\n<p>Le Bont Skate Tool est un outil r\u00e9volutionnaire polyvalent con\u00e7u pour les patineurs passionn\u00e9s. Alliant commodit\u00e9 et fonctionnalit\u00e9, cet outil est un compl\u00e9ment essentiel \u00e0 l&#8217;\u00e9quipement de tout patineur. Compact et robuste, il r\u00e9unit cinq outils indispensables en un seul ensemble \u00e9l\u00e9gant.  <\/p>\n","protected":false},"featured_media":37500,"comment_status":"closed","ping_status":"closed","template":"","meta":{"site-sidebar-layout":"default","site-content-layout":"","ast-site-content-layout":"default","site-content-style":"default","site-sidebar-style":"default","ast-global-header-display":"","ast-banner-title-visibility":"","ast-main-header-display":"","ast-hfb-above-header-display":"","ast-hfb-below-header-display":"","ast-hfb-mobile-header-display":"","site-post-title":"","ast-breadcrumbs-content":"","ast-featured-img":"","footer-sml-layout":"","theme-transparent-header-meta":"default","adv-header-id-meta":"","stick-header-meta":"","header-above-stick-meta":"","header-main-stick-meta":"","header-below-stick-meta":"","astra-migrate-meta-layouts":"default","ast-page-background-enabled":"default","ast-page-background-meta":{"desktop":{"background-color":"","background-image":"","background-repeat":"repeat","background-position":"center center","background-size":"auto","background-attachment":"scroll","background-type":"","background-media":"","overlay-type":"","overlay-color":"","overlay-opacity":"","overlay-gradient":""},"tablet":{"background-color":"","background-image":"","background-repeat":"repeat","background-position":"center center","background-size":"auto","background-attachment":"scroll","background-type":"","background-media":"","overlay-type":"","overlay-color":"","overlay-opacity":"","overlay-gradient":""},"mobile":{"background-color":"","background-image":"","background-repeat":"repeat","background-position":"center center","background-size":"auto","background-attachment":"scroll","background-type":"","background-media":"","overlay-type":"","overlay-color":"","overlay-opacity":"","overlay-gradient":""}},"ast-content-background-meta":{"desktop":{"background-color":"var(--ast-global-color-5)","background-image":"","background-repeat":"repeat","background-position":"center center","background-size":"auto","background-attachment":"scroll","background-type":"","background-media":"","overlay-type":"","overlay-color":"","overlay-opacity":"","overlay-gradient":""},"tablet":{"background-color":"var(--ast-global-color-5)","background-image":"","background-repeat":"repeat","background-position":"center center","background-size":"auto","background-attachment":"scroll","background-type":"","background-media":"","overlay-type":"","overlay-color":"","overlay-opacity":"","overlay-gradient":""},"mobile":{"background-color":"var(--ast-global-color-5)","background-image":"","background-repeat":"repeat","background-position":"center center","background-size":"auto","background-attachment":"scroll","background-type":"","background-media":"","overlay-type":"","overlay-color":"","overlay-opacity":"","overlay-gradient":""}}},"product_brand":[],"product_cat":[1739],"product_tag":[2424,2426,2425,2423],"class_list":{"0":"post-55770","1":"product","2":"type-product","3":"status-publish","4":"has-post-thumbnail","6":"product_cat-roulements-et-outils-dentretien-fr-3","7":"product_tag-derby-skate-fr","8":"product_tag-outil-de-plaque-pour-patins-a-roulettes","9":"product_tag-outil-de-roulement","10":"product_tag-patin-a-roulettes-fr-2","11":"desktop-align-center","12":"tablet-align-center","13":"mobile-align-center","14":"ast-product-gallery-layout-horizontal","15":"ast-product-tabs-layout-horizontal","16":"ast-qv-on-image","18":"first","19":"instock","20":"taxable","21":"shipping-taxable","22":"purchasable","23":"product-type-simple"},"bundled_by":[],"bundle_stock_status":"instock","bundle_stock_quantity":null,"bundle_virtual":false,"bundle_layout":"","bundle_add_to_cart_form_location":"","bundle_editable_in_cart":false,"bundle_sold_individually_context":"","bundle_item_grouping":"","bundle_min_size":"","bundle_max_size":"","bundle_price":[],"bundled_items":[],"bundle_sell_ids":[],"yoast_head":"<!-- This site is optimized with the Yoast SEO plugin v27.4 - https:\/\/yoast.com\/product\/yoast-seo-wordpress\/ -->\n<title>Roller Skate Tool - %.<\/title>\n<meta name=\"description\" content=\"Outil de patinage \u00e0 roulettes BONT. Le Bont Skate Tool est un outil r\u00e9volutionnaire polyvalent con\u00e7u pour les patineurs passionn\u00e9s. Achetez le v\u00f4tre ici !\" \/>\n<meta name=\"robots\" content=\"index, follow, max-snippet:-1, max-image-preview:large, max-video-preview:-1\" \/>\n<link rel=\"canonical\" href=\"https:\/\/xactskateshop.com\/fr\/produit\/outil-de-patinage-a-roulettes-bont\/\" \/>\n<meta property=\"og:locale\" content=\"fr_FR\" \/>\n<meta property=\"og:type\" content=\"article\" \/>\n<meta property=\"og:title\" content=\"Roller Skate Tool - %.\" \/>\n<meta property=\"og:description\" content=\"Outil de patinage \u00e0 roulettes BONT. Le Bont Skate Tool est un outil r\u00e9volutionnaire polyvalent con\u00e7u pour les patineurs passionn\u00e9s. Achetez le v\u00f4tre ici !\" \/>\n<meta property=\"og:url\" content=\"https:\/\/xactskateshop.com\/fr\/produit\/outil-de-patinage-a-roulettes-bont\/\" \/>\n<meta property=\"og:site_name\" content=\"Xact Skate Shop\" \/>\n<meta property=\"article:publisher\" content=\"https:\/\/www.facebook.com\/JeanLouiskateshop\" \/>\n<meta property=\"og:image\" content=\"https:\/\/xactskateshop.com\/wp-content\/uploads\/2024\/01\/roller-skate-tool-1.jpg\" \/>\n\t<meta property=\"og:image:width\" content=\"1000\" \/>\n\t<meta property=\"og:image:height\" content=\"1000\" \/>\n\t<meta property=\"og:image:type\" content=\"image\/jpeg\" \/>\n<meta name=\"twitter:card\" content=\"summary_large_image\" \/>\n<meta name=\"twitter:label1\" content=\"Dur\u00e9e de lecture estim\u00e9e\" \/>\n\t<meta name=\"twitter:data1\" content=\"2 minutes\" \/>\n<script type=\"application\/ld+json\" class=\"yoast-schema-graph\">{\"@context\":\"https:\\\/\\\/schema.org\",\"@graph\":[{\"@type\":\"WebPage\",\"@id\":\"https:\\\/\\\/xactskateshop.com\\\/fr\\\/produit\\\/outil-de-patinage-a-roulettes-bont\\\/\",\"url\":\"https:\\\/\\\/xactskateshop.com\\\/fr\\\/produit\\\/outil-de-patinage-a-roulettes-bont\\\/\",\"name\":\"Roller Skate Tool - %.\",\"isPartOf\":{\"@id\":\"http:\\\/\\\/xactskateshop.com\\\/fr\\\/#website\"},\"primaryImageOfPage\":{\"@id\":\"https:\\\/\\\/xactskateshop.com\\\/fr\\\/produit\\\/outil-de-patinage-a-roulettes-bont\\\/#primaryimage\"},\"image\":{\"@id\":\"https:\\\/\\\/xactskateshop.com\\\/fr\\\/produit\\\/outil-de-patinage-a-roulettes-bont\\\/#primaryimage\"},\"thumbnailUrl\":\"https:\\\/\\\/xactskateshop.com\\\/wp-content\\\/uploads\\\/2024\\\/01\\\/roller-skate-tool-1.jpg\",\"datePublished\":\"2024-01-18T20:47:13+00:00\",\"description\":\"Outil de patinage \u00e0 roulettes BONT. Le Bont Skate Tool est un outil r\u00e9volutionnaire polyvalent con\u00e7u pour les patineurs passionn\u00e9s. Achetez le v\u00f4tre ici !\",\"breadcrumb\":{\"@id\":\"https:\\\/\\\/xactskateshop.com\\\/fr\\\/produit\\\/outil-de-patinage-a-roulettes-bont\\\/#breadcrumb\"},\"inLanguage\":\"fr-FR\",\"potentialAction\":[{\"@type\":\"ReadAction\",\"target\":[\"https:\\\/\\\/xactskateshop.com\\\/fr\\\/produit\\\/outil-de-patinage-a-roulettes-bont\\\/\"]}]},{\"@type\":\"ImageObject\",\"inLanguage\":\"fr-FR\",\"@id\":\"https:\\\/\\\/xactskateshop.com\\\/fr\\\/produit\\\/outil-de-patinage-a-roulettes-bont\\\/#primaryimage\",\"url\":\"https:\\\/\\\/xactskateshop.com\\\/wp-content\\\/uploads\\\/2024\\\/01\\\/roller-skate-tool-1.jpg\",\"contentUrl\":\"https:\\\/\\\/xactskateshop.com\\\/wp-content\\\/uploads\\\/2024\\\/01\\\/roller-skate-tool-1.jpg\",\"width\":1000,\"height\":1000,\"caption\":\"Outil pour patins \u00e0 roulettes BONT\"},{\"@type\":\"BreadcrumbList\",\"@id\":\"https:\\\/\\\/xactskateshop.com\\\/fr\\\/produit\\\/outil-de-patinage-a-roulettes-bont\\\/#breadcrumb\",\"itemListElement\":[{\"@type\":\"ListItem\",\"position\":1,\"name\":\"Home\",\"item\":\"https:\\\/\\\/xactskateshop.com\\\/fr\\\/accueil\\\/\"},{\"@type\":\"ListItem\",\"position\":2,\"name\":\"Boutique\",\"item\":\"https:\\\/\\\/xactskateshop.com\\\/shop\\\/\"},{\"@type\":\"ListItem\",\"position\":3,\"name\":\"Outil de patinage \u00e0 roulettes BONT\"}]},{\"@type\":\"WebSite\",\"@id\":\"http:\\\/\\\/xactskateshop.com\\\/fr\\\/#website\",\"url\":\"http:\\\/\\\/xactskateshop.com\\\/fr\\\/\",\"name\":\"Xact Skate Shop\",\"description\":\"Un site utilisant WordPress\",\"publisher\":{\"@id\":\"http:\\\/\\\/xactskateshop.com\\\/fr\\\/#organization\"},\"potentialAction\":[{\"@type\":\"SearchAction\",\"target\":{\"@type\":\"EntryPoint\",\"urlTemplate\":\"http:\\\/\\\/xactskateshop.com\\\/fr\\\/?s={search_term_string}\"},\"query-input\":{\"@type\":\"PropertyValueSpecification\",\"valueRequired\":true,\"valueName\":\"search_term_string\"}}],\"inLanguage\":\"fr-FR\"},{\"@type\":\"Organization\",\"@id\":\"http:\\\/\\\/xactskateshop.com\\\/fr\\\/#organization\",\"name\":\"XACT Skate Shop\",\"url\":\"http:\\\/\\\/xactskateshop.com\\\/fr\\\/\",\"logo\":{\"@type\":\"ImageObject\",\"inLanguage\":\"fr-FR\",\"@id\":\"http:\\\/\\\/xactskateshop.com\\\/fr\\\/#\\\/schema\\\/logo\\\/image\\\/\",\"url\":\"http:\\\/\\\/xactskateshop.com\\\/wp-content\\\/uploads\\\/2024\\\/04\\\/xactskateshop-dot-com-avec-contour-noir-sans-fond-675x.jpg\",\"contentUrl\":\"http:\\\/\\\/xactskateshop.com\\\/wp-content\\\/uploads\\\/2024\\\/04\\\/xactskateshop-dot-com-avec-contour-noir-sans-fond-675x.jpg\",\"width\":675,\"height\":247,\"caption\":\"XACT Skate Shop\"},\"image\":{\"@id\":\"http:\\\/\\\/xactskateshop.com\\\/fr\\\/#\\\/schema\\\/logo\\\/image\\\/\"},\"sameAs\":[\"https:\\\/\\\/www.facebook.com\\\/JeanLouiskateshop\"]}]}<\/script>\n<!-- \/ Yoast SEO plugin. -->","yoast_head_json":{"title":"Roller Skate Tool - %.","description":"Outil de patinage \u00e0 roulettes BONT. Le Bont Skate Tool est un outil r\u00e9volutionnaire polyvalent con\u00e7u pour les patineurs passionn\u00e9s. Achetez le v\u00f4tre ici !","robots":{"index":"index","follow":"follow","max-snippet":"max-snippet:-1","max-image-preview":"max-image-preview:large","max-video-preview":"max-video-preview:-1"},"canonical":"https:\/\/xactskateshop.com\/fr\/produit\/outil-de-patinage-a-roulettes-bont\/","og_locale":"fr_FR","og_type":"article","og_title":"Roller Skate Tool - %.","og_description":"Outil de patinage \u00e0 roulettes BONT. Le Bont Skate Tool est un outil r\u00e9volutionnaire polyvalent con\u00e7u pour les patineurs passionn\u00e9s. Achetez le v\u00f4tre ici !","og_url":"https:\/\/xactskateshop.com\/fr\/produit\/outil-de-patinage-a-roulettes-bont\/","og_site_name":"Xact Skate Shop","article_publisher":"https:\/\/www.facebook.com\/JeanLouiskateshop","og_image":[{"width":1000,"height":1000,"url":"https:\/\/xactskateshop.com\/wp-content\/uploads\/2024\/01\/roller-skate-tool-1.jpg","type":"image\/jpeg"}],"twitter_card":"summary_large_image","twitter_misc":{"Dur\u00e9e de lecture estim\u00e9e":"2 minutes"},"schema":{"@context":"https:\/\/schema.org","@graph":[{"@type":"WebPage","@id":"https:\/\/xactskateshop.com\/fr\/produit\/outil-de-patinage-a-roulettes-bont\/","url":"https:\/\/xactskateshop.com\/fr\/produit\/outil-de-patinage-a-roulettes-bont\/","name":"Roller Skate Tool - %.","isPartOf":{"@id":"http:\/\/xactskateshop.com\/fr\/#website"},"primaryImageOfPage":{"@id":"https:\/\/xactskateshop.com\/fr\/produit\/outil-de-patinage-a-roulettes-bont\/#primaryimage"},"image":{"@id":"https:\/\/xactskateshop.com\/fr\/produit\/outil-de-patinage-a-roulettes-bont\/#primaryimage"},"thumbnailUrl":"https:\/\/xactskateshop.com\/wp-content\/uploads\/2024\/01\/roller-skate-tool-1.jpg","datePublished":"2024-01-18T20:47:13+00:00","description":"Outil de patinage \u00e0 roulettes BONT. Le Bont Skate Tool est un outil r\u00e9volutionnaire polyvalent con\u00e7u pour les patineurs passionn\u00e9s. Achetez le v\u00f4tre ici !","breadcrumb":{"@id":"https:\/\/xactskateshop.com\/fr\/produit\/outil-de-patinage-a-roulettes-bont\/#breadcrumb"},"inLanguage":"fr-FR","potentialAction":[{"@type":"ReadAction","target":["https:\/\/xactskateshop.com\/fr\/produit\/outil-de-patinage-a-roulettes-bont\/"]}]},{"@type":"ImageObject","inLanguage":"fr-FR","@id":"https:\/\/xactskateshop.com\/fr\/produit\/outil-de-patinage-a-roulettes-bont\/#primaryimage","url":"https:\/\/xactskateshop.com\/wp-content\/uploads\/2024\/01\/roller-skate-tool-1.jpg","contentUrl":"https:\/\/xactskateshop.com\/wp-content\/uploads\/2024\/01\/roller-skate-tool-1.jpg","width":1000,"height":1000,"caption":"Outil pour patins \u00e0 roulettes BONT"},{"@type":"BreadcrumbList","@id":"https:\/\/xactskateshop.com\/fr\/produit\/outil-de-patinage-a-roulettes-bont\/#breadcrumb","itemListElement":[{"@type":"ListItem","position":1,"name":"Home","item":"https:\/\/xactskateshop.com\/fr\/accueil\/"},{"@type":"ListItem","position":2,"name":"Boutique","item":"https:\/\/xactskateshop.com\/shop\/"},{"@type":"ListItem","position":3,"name":"Outil de patinage \u00e0 roulettes BONT"}]},{"@type":"WebSite","@id":"http:\/\/xactskateshop.com\/fr\/#website","url":"http:\/\/xactskateshop.com\/fr\/","name":"Xact Skate Shop","description":"Un site utilisant WordPress","publisher":{"@id":"http:\/\/xactskateshop.com\/fr\/#organization"},"potentialAction":[{"@type":"SearchAction","target":{"@type":"EntryPoint","urlTemplate":"http:\/\/xactskateshop.com\/fr\/?s={search_term_string}"},"query-input":{"@type":"PropertyValueSpecification","valueRequired":true,"valueName":"search_term_string"}}],"inLanguage":"fr-FR"},{"@type":"Organization","@id":"http:\/\/xactskateshop.com\/fr\/#organization","name":"XACT Skate Shop","url":"http:\/\/xactskateshop.com\/fr\/","logo":{"@type":"ImageObject","inLanguage":"fr-FR","@id":"http:\/\/xactskateshop.com\/fr\/#\/schema\/logo\/image\/","url":"http:\/\/xactskateshop.com\/wp-content\/uploads\/2024\/04\/xactskateshop-dot-com-avec-contour-noir-sans-fond-675x.jpg","contentUrl":"http:\/\/xactskateshop.com\/wp-content\/uploads\/2024\/04\/xactskateshop-dot-com-avec-contour-noir-sans-fond-675x.jpg","width":675,"height":247,"caption":"XACT Skate Shop"},"image":{"@id":"http:\/\/xactskateshop.com\/fr\/#\/schema\/logo\/image\/"},"sameAs":["https:\/\/www.facebook.com\/JeanLouiskateshop"]}]}},"_links":{"self":[{"href":"https:\/\/xactskateshop.com\/fr\/wp-json\/wp\/v2\/product\/55770","targetHints":{"allow":["GET"]}}],"collection":[{"href":"https:\/\/xactskateshop.com\/fr\/wp-json\/wp\/v2\/product"}],"about":[{"href":"https:\/\/xactskateshop.com\/fr\/wp-json\/wp\/v2\/types\/product"}],"replies":[{"embeddable":true,"href":"https:\/\/xactskateshop.com\/fr\/wp-json\/wp\/v2\/comments?post=55770"}],"wp:featuredmedia":[{"embeddable":true,"href":"https:\/\/xactskateshop.com\/fr\/wp-json\/wp\/v2\/media\/37500"}],"wp:attachment":[{"href":"https:\/\/xactskateshop.com\/fr\/wp-json\/wp\/v2\/media?parent=55770"}],"wp:term":[{"taxonomy":"product_brand","embeddable":true,"href":"https:\/\/xactskateshop.com\/fr\/wp-json\/wp\/v2\/product_brand?post=55770"},{"taxonomy":"product_cat","embeddable":true,"href":"https:\/\/xactskateshop.com\/fr\/wp-json\/wp\/v2\/product_cat?post=55770"},{"taxonomy":"product_tag","embeddable":true,"href":"https:\/\/xactskateshop.com\/fr\/wp-json\/wp\/v2\/product_tag?post=55770"}],"curies":[{"name":"wp","href":"https:\/\/api.w.org\/{rel}","templated":true}]}}