{"id":55733,"date":"2023-11-02T15:13:38","date_gmt":"2023-11-02T19:13:38","guid":{"rendered":"http:\/\/xactskateshop.com\/product\/xact-skate-shop-chromasoft-performance-t-shirt-2\/"},"modified":"2025-11-17T09:56:01","modified_gmt":"2025-11-17T14:56:01","slug":"xact-skate-shop-chromasoft-performance-t-shirt-2","status":"publish","type":"product","link":"https:\/\/xactskateshop.com\/fr\/produit\/xact-skate-shop-chromasoft-performance-t-shirt-2\/","title":{"rendered":"Xact Skate Shop T-shirt Chromasoft Performance"},"content":{"rendered":"<h2>T-Shirt Xact Skate Shop<\/h2>\n<p>La technologie ChromaSoft est une technologie textile innovante qui offre une fusion parfaite entre la solidit\u00e9 des couleurs \u00e9clatantes, g\u00e9n\u00e9ralement associ\u00e9e aux colorants cationiques, et la douceur et le confort exceptionnels du coton. Cette technologie est principalement utilis\u00e9e dans la cr\u00e9ation de v\u00eatements, garantissant que les v\u00eatements poss\u00e8dent les<\/p>\n<h4>Caract\u00e9ristiques Cl\u00e9s Suivantes :<\/h4>\n<ol>\n<li>\u00c9tiquette d\u00e9chirable : Les v\u00eatements cr\u00e9\u00e9s avec la technologie ChromaSoft sont dot\u00e9s d&#8217;\u00e9tiquettes d\u00e9tachables. Ce qui permet de les retirer facilement et confortablement sans endommager le v\u00eatement. Ceci est particuli\u00e8rement utile pour ceux qui pr\u00e9f\u00e8rent les v\u00eatements sans \u00e9tiquette.<\/li>\n<li>Coupe active : Ces v\u00eatements sont con\u00e7us avec une coupe active, offrant aux porteurs une silhouette athl\u00e9tique et ajust\u00e9e. Ce style est id\u00e9al pour les personnes qui souhaitent une coupe ajust\u00e9e, confortable et moderne.<\/li>\n<li>Entretien facile : Les v\u00eatements ChromaSoft sont faciles \u00e0 entretenir, ce qui permet de les porter tous les jours. Les mati\u00e8res sont g\u00e9n\u00e9ralement faciles \u00e0 entretenir et \u00e0 nettoyer, ce qui permet aux v\u00eatements de conserver leurs couleurs et leur douceur m\u00eame apr\u00e8s de nombreux lavages.<\/li>\n<li>Composition du mat\u00e9riau : Les v\u00eatements ChromaSoft sont fabriqu\u00e9s \u00e0 partir d&#8217;un tissu jersey 100 % polyester d&#8217;un poids de 160 g\/m2 (4,5 oz\/yd2). Cette composition assure une sensation de l\u00e9g\u00e8ret\u00e9 tout en conservant la durabilit\u00e9 et les performances souhait\u00e9es.<\/li>\n<li>\u00c9vacuation de l&#8217;humidit\u00e9 : Le tissu utilis\u00e9 dans les v\u00eatements ChromaSoft a des propri\u00e9t\u00e9s d&#8217;\u00e9vacuation de l&#8217;humidit\u00e9, ce qui signifie qu&#8217;il peut efficacement \u00e9vacuer l&#8217;humidit\u00e9 du corps, gardant le porteur au sec et \u00e0 l&#8217;aise pendant les activit\u00e9s physiques ou dans des conditions chaudes.<\/li>\n<li>Propri\u00e9t\u00e9s antimicrobiennes : Les v\u00eatements sont dot\u00e9s d&#8217;une technologie antimicrobienne. Celle-ci emp\u00eache la prolif\u00e9ration des bact\u00e9ries responsables des mauvaises odeurs et garantit que le v\u00eatement reste frais et sans odeur, m\u00eame en cas d&#8217;utilisation prolong\u00e9e.<\/li>\n<\/ol>\n<p>&nbsp;<\/p>\n<h6>En r\u00e9sum\u00e9,<\/h6>\n<p>la technologie ChromaSoft est une avanc\u00e9e remarquable dans l&#8217;industrie textile. Elle offre des v\u00eatements avec des teintures vibrantes et r\u00e9sistantes, un confort doux comme le coton. Une gamme de caract\u00e9ristiques pratiques pour les personnes actives qui appr\u00e9cient \u00e0 la fois le style et la performance.<\/p>\n<p>Notre logo est un transfert de chaleur de qualit\u00e9 DTF.<\/p>\n<p>Trouvez d&#8217;autres \u00e9quipements Xact Skate Shop <a href=\"http:\/\/xactskateshop.com\/product-category\/apparel\/\">ici<\/a><\/p>\n<p>Pour en savoir plus sur la soci\u00e9t\u00e9 Core365, <a href=\"https:\/\/core365branded.com\/english\/homepage_1\/\">cliquez ici<\/a><\/p>\n","protected":false},"excerpt":{"rendered":"<hr \/>\n<p style=\"text-align: center;\">T-Shirt Xact Skate Shop<\/p>\n<hr \/>\n<p style=\"text-align: center;\">\n","protected":false},"featured_media":30232,"comment_status":"closed","ping_status":"closed","template":"","meta":{"site-sidebar-layout":"default","site-content-layout":"","ast-site-content-layout":"default","site-content-style":"default","site-sidebar-style":"default","ast-global-header-display":"","ast-banner-title-visibility":"","ast-main-header-display":"","ast-hfb-above-header-display":"","ast-hfb-below-header-display":"","ast-hfb-mobile-header-display":"","site-post-title":"","ast-breadcrumbs-content":"","ast-featured-img":"","footer-sml-layout":"","theme-transparent-header-meta":"default","adv-header-id-meta":"","stick-header-meta":"","header-above-stick-meta":"","header-main-stick-meta":"","header-below-stick-meta":"","astra-migrate-meta-layouts":"set","ast-page-background-enabled":"default","ast-page-background-meta":{"desktop":{"background-color":"","background-image":"","background-repeat":"repeat","background-position":"center center","background-size":"auto","background-attachment":"scroll","background-type":"","background-media":"","overlay-type":"","overlay-color":"","overlay-opacity":"","overlay-gradient":""},"tablet":{"background-color":"","background-image":"","background-repeat":"repeat","background-position":"center center","background-size":"auto","background-attachment":"scroll","background-type":"","background-media":"","overlay-type":"","overlay-color":"","overlay-opacity":"","overlay-gradient":""},"mobile":{"background-color":"","background-image":"","background-repeat":"repeat","background-position":"center center","background-size":"auto","background-attachment":"scroll","background-type":"","background-media":"","overlay-type":"","overlay-color":"","overlay-opacity":"","overlay-gradient":""}},"ast-content-background-meta":{"desktop":{"background-color":"var(--ast-global-color-5)","background-image":"","background-repeat":"repeat","background-position":"center center","background-size":"auto","background-attachment":"scroll","background-type":"","background-media":"","overlay-type":"","overlay-color":"","overlay-opacity":"","overlay-gradient":""},"tablet":{"background-color":"var(--ast-global-color-5)","background-image":"","background-repeat":"repeat","background-position":"center center","background-size":"auto","background-attachment":"scroll","background-type":"","background-media":"","overlay-type":"","overlay-color":"","overlay-opacity":"","overlay-gradient":""},"mobile":{"background-color":"var(--ast-global-color-5)","background-image":"","background-repeat":"repeat","background-position":"center center","background-size":"auto","background-attachment":"scroll","background-type":"","background-media":"","overlay-type":"","overlay-color":"","overlay-opacity":"","overlay-gradient":""}}},"product_brand":[],"product_cat":[1588],"product_tag":[],"class_list":{"0":"post-55733","1":"product","2":"type-product","3":"status-publish","4":"has-post-thumbnail","6":"product_cat-vetements","7":"desktop-align-center","8":"tablet-align-center","9":"mobile-align-center","10":"ast-product-gallery-layout-horizontal","11":"ast-product-single-variable","12":"ast-product-tabs-layout-horizontal","13":"ast-qv-on-image","15":"first","16":"instock","17":"taxable","18":"shipping-taxable","19":"purchasable","20":"product-type-variable"},"bundled_by":[],"bundle_stock_status":"instock","bundle_stock_quantity":null,"bundle_virtual":false,"bundle_layout":"","bundle_add_to_cart_form_location":"","bundle_editable_in_cart":false,"bundle_sold_individually_context":"","bundle_item_grouping":"","bundle_min_size":"","bundle_max_size":"","bundle_price":[],"bundled_items":[],"bundle_sell_ids":[],"yoast_head":"<!-- This site is optimized with the Yoast SEO plugin v27.4 - https:\/\/yoast.com\/product\/yoast-seo-wordpress\/ -->\n<title>T-Shirt Xact Skate Shop - Xact Skate Shop<\/title>\n<meta name=\"description\" content=\"T-shirt Xact Skate Shop. La technologie ChromaSoft est une technologie textile innovante qui offre la fusion parfaite de la solidit\u00e9 des couleurs vibrantes.\" \/>\n<meta name=\"robots\" content=\"index, follow, max-snippet:-1, max-image-preview:large, max-video-preview:-1\" \/>\n<link rel=\"canonical\" href=\"https:\/\/xactskateshop.com\/fr\/produit\/xact-skate-shop-chromasoft-performance-t-shirt-2\/\" \/>\n<meta property=\"og:locale\" content=\"fr_FR\" \/>\n<meta property=\"og:type\" content=\"article\" \/>\n<meta property=\"og:title\" content=\"T-Shirt Xact Skate Shop - Xact Skate Shop\" \/>\n<meta property=\"og:description\" content=\"T-shirt Xact Skate Shop. La technologie ChromaSoft est une technologie textile innovante qui offre la fusion parfaite de la solidit\u00e9 des couleurs vibrantes.\" \/>\n<meta property=\"og:url\" content=\"https:\/\/xactskateshop.com\/fr\/produit\/xact-skate-shop-chromasoft-performance-t-shirt-2\/\" \/>\n<meta property=\"og:site_name\" content=\"Xact Skate Shop\" \/>\n<meta property=\"article:publisher\" content=\"https:\/\/www.facebook.com\/JeanLouiskateshop\" \/>\n<meta property=\"article:modified_time\" content=\"2025-11-17T14:56:01+00:00\" \/>\n<meta property=\"og:image\" content=\"https:\/\/xactskateshop.com\/wp-content\/uploads\/2023\/11\/tshirt-xact-skate-shop-front-and-back.jpg\" \/>\n\t<meta property=\"og:image:width\" content=\"1000\" \/>\n\t<meta property=\"og:image:height\" content=\"1000\" \/>\n\t<meta property=\"og:image:type\" content=\"image\/jpeg\" \/>\n<meta name=\"twitter:card\" content=\"summary_large_image\" \/>\n<meta name=\"twitter:label1\" content=\"Dur\u00e9e de lecture estim\u00e9e\" \/>\n\t<meta name=\"twitter:data1\" content=\"2 minutes\" \/>\n<script type=\"application\/ld+json\" class=\"yoast-schema-graph\">{\"@context\":\"https:\\\/\\\/schema.org\",\"@graph\":[{\"@type\":\"WebPage\",\"@id\":\"https:\\\/\\\/xactskateshop.com\\\/fr\\\/produit\\\/xact-skate-shop-chromasoft-performance-t-shirt-2\\\/\",\"url\":\"https:\\\/\\\/xactskateshop.com\\\/fr\\\/produit\\\/xact-skate-shop-chromasoft-performance-t-shirt-2\\\/\",\"name\":\"T-Shirt Xact Skate Shop - Xact Skate Shop\",\"isPartOf\":{\"@id\":\"http:\\\/\\\/xactskateshop.com\\\/fr\\\/#website\"},\"primaryImageOfPage\":{\"@id\":\"https:\\\/\\\/xactskateshop.com\\\/fr\\\/produit\\\/xact-skate-shop-chromasoft-performance-t-shirt-2\\\/#primaryimage\"},\"image\":{\"@id\":\"https:\\\/\\\/xactskateshop.com\\\/fr\\\/produit\\\/xact-skate-shop-chromasoft-performance-t-shirt-2\\\/#primaryimage\"},\"thumbnailUrl\":\"https:\\\/\\\/xactskateshop.com\\\/wp-content\\\/uploads\\\/2023\\\/11\\\/tshirt-xact-skate-shop-front-and-back.jpg\",\"datePublished\":\"2023-11-02T19:13:38+00:00\",\"dateModified\":\"2025-11-17T14:56:01+00:00\",\"description\":\"T-shirt Xact Skate Shop. La technologie ChromaSoft est une technologie textile innovante qui offre la fusion parfaite de la solidit\u00e9 des couleurs vibrantes.\",\"breadcrumb\":{\"@id\":\"https:\\\/\\\/xactskateshop.com\\\/fr\\\/produit\\\/xact-skate-shop-chromasoft-performance-t-shirt-2\\\/#breadcrumb\"},\"inLanguage\":\"fr-FR\",\"potentialAction\":[{\"@type\":\"ReadAction\",\"target\":[\"https:\\\/\\\/xactskateshop.com\\\/fr\\\/produit\\\/xact-skate-shop-chromasoft-performance-t-shirt-2\\\/\"]}]},{\"@type\":\"ImageObject\",\"inLanguage\":\"fr-FR\",\"@id\":\"https:\\\/\\\/xactskateshop.com\\\/fr\\\/produit\\\/xact-skate-shop-chromasoft-performance-t-shirt-2\\\/#primaryimage\",\"url\":\"https:\\\/\\\/xactskateshop.com\\\/wp-content\\\/uploads\\\/2023\\\/11\\\/tshirt-xact-skate-shop-front-and-back.jpg\",\"contentUrl\":\"https:\\\/\\\/xactskateshop.com\\\/wp-content\\\/uploads\\\/2023\\\/11\\\/tshirt-xact-skate-shop-front-and-back.jpg\",\"width\":1000,\"height\":1000,\"caption\":\"T-Shirt Xact Skate Shop\"},{\"@type\":\"BreadcrumbList\",\"@id\":\"https:\\\/\\\/xactskateshop.com\\\/fr\\\/produit\\\/xact-skate-shop-chromasoft-performance-t-shirt-2\\\/#breadcrumb\",\"itemListElement\":[{\"@type\":\"ListItem\",\"position\":1,\"name\":\"Home\",\"item\":\"https:\\\/\\\/xactskateshop.com\\\/fr\\\/accueil\\\/\"},{\"@type\":\"ListItem\",\"position\":2,\"name\":\"Boutique\",\"item\":\"https:\\\/\\\/xactskateshop.com\\\/shop\\\/\"},{\"@type\":\"ListItem\",\"position\":3,\"name\":\"Xact Skate Shop T-shirt Chromasoft Performance\"}]},{\"@type\":\"WebSite\",\"@id\":\"http:\\\/\\\/xactskateshop.com\\\/fr\\\/#website\",\"url\":\"http:\\\/\\\/xactskateshop.com\\\/fr\\\/\",\"name\":\"Xact Skate Shop\",\"description\":\"Un site utilisant WordPress\",\"publisher\":{\"@id\":\"http:\\\/\\\/xactskateshop.com\\\/fr\\\/#organization\"},\"potentialAction\":[{\"@type\":\"SearchAction\",\"target\":{\"@type\":\"EntryPoint\",\"urlTemplate\":\"http:\\\/\\\/xactskateshop.com\\\/fr\\\/?s={search_term_string}\"},\"query-input\":{\"@type\":\"PropertyValueSpecification\",\"valueRequired\":true,\"valueName\":\"search_term_string\"}}],\"inLanguage\":\"fr-FR\"},{\"@type\":\"Organization\",\"@id\":\"http:\\\/\\\/xactskateshop.com\\\/fr\\\/#organization\",\"name\":\"XACT Skate Shop\",\"url\":\"http:\\\/\\\/xactskateshop.com\\\/fr\\\/\",\"logo\":{\"@type\":\"ImageObject\",\"inLanguage\":\"fr-FR\",\"@id\":\"http:\\\/\\\/xactskateshop.com\\\/fr\\\/#\\\/schema\\\/logo\\\/image\\\/\",\"url\":\"http:\\\/\\\/xactskateshop.com\\\/wp-content\\\/uploads\\\/2024\\\/04\\\/xactskateshop-dot-com-avec-contour-noir-sans-fond-675x.jpg\",\"contentUrl\":\"http:\\\/\\\/xactskateshop.com\\\/wp-content\\\/uploads\\\/2024\\\/04\\\/xactskateshop-dot-com-avec-contour-noir-sans-fond-675x.jpg\",\"width\":675,\"height\":247,\"caption\":\"XACT Skate Shop\"},\"image\":{\"@id\":\"http:\\\/\\\/xactskateshop.com\\\/fr\\\/#\\\/schema\\\/logo\\\/image\\\/\"},\"sameAs\":[\"https:\\\/\\\/www.facebook.com\\\/JeanLouiskateshop\"]}]}<\/script>\n<!-- \/ Yoast SEO plugin. -->","yoast_head_json":{"title":"T-Shirt Xact Skate Shop - Xact Skate Shop","description":"T-shirt Xact Skate Shop. La technologie ChromaSoft est une technologie textile innovante qui offre la fusion parfaite de la solidit\u00e9 des couleurs vibrantes.","robots":{"index":"index","follow":"follow","max-snippet":"max-snippet:-1","max-image-preview":"max-image-preview:large","max-video-preview":"max-video-preview:-1"},"canonical":"https:\/\/xactskateshop.com\/fr\/produit\/xact-skate-shop-chromasoft-performance-t-shirt-2\/","og_locale":"fr_FR","og_type":"article","og_title":"T-Shirt Xact Skate Shop - Xact Skate Shop","og_description":"T-shirt Xact Skate Shop. La technologie ChromaSoft est une technologie textile innovante qui offre la fusion parfaite de la solidit\u00e9 des couleurs vibrantes.","og_url":"https:\/\/xactskateshop.com\/fr\/produit\/xact-skate-shop-chromasoft-performance-t-shirt-2\/","og_site_name":"Xact Skate Shop","article_publisher":"https:\/\/www.facebook.com\/JeanLouiskateshop","article_modified_time":"2025-11-17T14:56:01+00:00","og_image":[{"width":1000,"height":1000,"url":"https:\/\/xactskateshop.com\/wp-content\/uploads\/2023\/11\/tshirt-xact-skate-shop-front-and-back.jpg","type":"image\/jpeg"}],"twitter_card":"summary_large_image","twitter_misc":{"Dur\u00e9e de lecture estim\u00e9e":"2 minutes"},"schema":{"@context":"https:\/\/schema.org","@graph":[{"@type":"WebPage","@id":"https:\/\/xactskateshop.com\/fr\/produit\/xact-skate-shop-chromasoft-performance-t-shirt-2\/","url":"https:\/\/xactskateshop.com\/fr\/produit\/xact-skate-shop-chromasoft-performance-t-shirt-2\/","name":"T-Shirt Xact Skate Shop - Xact Skate Shop","isPartOf":{"@id":"http:\/\/xactskateshop.com\/fr\/#website"},"primaryImageOfPage":{"@id":"https:\/\/xactskateshop.com\/fr\/produit\/xact-skate-shop-chromasoft-performance-t-shirt-2\/#primaryimage"},"image":{"@id":"https:\/\/xactskateshop.com\/fr\/produit\/xact-skate-shop-chromasoft-performance-t-shirt-2\/#primaryimage"},"thumbnailUrl":"https:\/\/xactskateshop.com\/wp-content\/uploads\/2023\/11\/tshirt-xact-skate-shop-front-and-back.jpg","datePublished":"2023-11-02T19:13:38+00:00","dateModified":"2025-11-17T14:56:01+00:00","description":"T-shirt Xact Skate Shop. La technologie ChromaSoft est une technologie textile innovante qui offre la fusion parfaite de la solidit\u00e9 des couleurs vibrantes.","breadcrumb":{"@id":"https:\/\/xactskateshop.com\/fr\/produit\/xact-skate-shop-chromasoft-performance-t-shirt-2\/#breadcrumb"},"inLanguage":"fr-FR","potentialAction":[{"@type":"ReadAction","target":["https:\/\/xactskateshop.com\/fr\/produit\/xact-skate-shop-chromasoft-performance-t-shirt-2\/"]}]},{"@type":"ImageObject","inLanguage":"fr-FR","@id":"https:\/\/xactskateshop.com\/fr\/produit\/xact-skate-shop-chromasoft-performance-t-shirt-2\/#primaryimage","url":"https:\/\/xactskateshop.com\/wp-content\/uploads\/2023\/11\/tshirt-xact-skate-shop-front-and-back.jpg","contentUrl":"https:\/\/xactskateshop.com\/wp-content\/uploads\/2023\/11\/tshirt-xact-skate-shop-front-and-back.jpg","width":1000,"height":1000,"caption":"T-Shirt Xact Skate Shop"},{"@type":"BreadcrumbList","@id":"https:\/\/xactskateshop.com\/fr\/produit\/xact-skate-shop-chromasoft-performance-t-shirt-2\/#breadcrumb","itemListElement":[{"@type":"ListItem","position":1,"name":"Home","item":"https:\/\/xactskateshop.com\/fr\/accueil\/"},{"@type":"ListItem","position":2,"name":"Boutique","item":"https:\/\/xactskateshop.com\/shop\/"},{"@type":"ListItem","position":3,"name":"Xact Skate Shop T-shirt Chromasoft Performance"}]},{"@type":"WebSite","@id":"http:\/\/xactskateshop.com\/fr\/#website","url":"http:\/\/xactskateshop.com\/fr\/","name":"Xact Skate Shop","description":"Un site utilisant WordPress","publisher":{"@id":"http:\/\/xactskateshop.com\/fr\/#organization"},"potentialAction":[{"@type":"SearchAction","target":{"@type":"EntryPoint","urlTemplate":"http:\/\/xactskateshop.com\/fr\/?s={search_term_string}"},"query-input":{"@type":"PropertyValueSpecification","valueRequired":true,"valueName":"search_term_string"}}],"inLanguage":"fr-FR"},{"@type":"Organization","@id":"http:\/\/xactskateshop.com\/fr\/#organization","name":"XACT Skate Shop","url":"http:\/\/xactskateshop.com\/fr\/","logo":{"@type":"ImageObject","inLanguage":"fr-FR","@id":"http:\/\/xactskateshop.com\/fr\/#\/schema\/logo\/image\/","url":"http:\/\/xactskateshop.com\/wp-content\/uploads\/2024\/04\/xactskateshop-dot-com-avec-contour-noir-sans-fond-675x.jpg","contentUrl":"http:\/\/xactskateshop.com\/wp-content\/uploads\/2024\/04\/xactskateshop-dot-com-avec-contour-noir-sans-fond-675x.jpg","width":675,"height":247,"caption":"XACT Skate Shop"},"image":{"@id":"http:\/\/xactskateshop.com\/fr\/#\/schema\/logo\/image\/"},"sameAs":["https:\/\/www.facebook.com\/JeanLouiskateshop"]}]}},"_links":{"self":[{"href":"https:\/\/xactskateshop.com\/fr\/wp-json\/wp\/v2\/product\/55733","targetHints":{"allow":["GET"]}}],"collection":[{"href":"https:\/\/xactskateshop.com\/fr\/wp-json\/wp\/v2\/product"}],"about":[{"href":"https:\/\/xactskateshop.com\/fr\/wp-json\/wp\/v2\/types\/product"}],"replies":[{"embeddable":true,"href":"https:\/\/xactskateshop.com\/fr\/wp-json\/wp\/v2\/comments?post=55733"}],"wp:featuredmedia":[{"embeddable":true,"href":"https:\/\/xactskateshop.com\/fr\/wp-json\/wp\/v2\/media\/30232"}],"wp:attachment":[{"href":"https:\/\/xactskateshop.com\/fr\/wp-json\/wp\/v2\/media?parent=55733"}],"wp:term":[{"taxonomy":"product_brand","embeddable":true,"href":"https:\/\/xactskateshop.com\/fr\/wp-json\/wp\/v2\/product_brand?post=55733"},{"taxonomy":"product_cat","embeddable":true,"href":"https:\/\/xactskateshop.com\/fr\/wp-json\/wp\/v2\/product_cat?post=55733"},{"taxonomy":"product_tag","embeddable":true,"href":"https:\/\/xactskateshop.com\/fr\/wp-json\/wp\/v2\/product_tag?post=55733"}],"curies":[{"name":"wp","href":"https:\/\/api.w.org\/{rel}","templated":true}]}}