{"id":55729,"date":"2024-02-15T13:36:13","date_gmt":"2024-02-15T18:36:13","guid":{"rendered":"http:\/\/xactskateshop.com\/product\/couvre-lames-de-luxe-x-series-smiley\/"},"modified":"2024-02-15T13:36:13","modified_gmt":"2024-02-15T18:36:13","slug":"couvre-lames-de-luxe-x-series-smiley","status":"publish","type":"product","link":"https:\/\/xactskateshop.com\/fr\/produit\/couvre-lames-de-luxe-x-series-smiley\/","title":{"rendered":"Couvre-lames de luxe X-SERIES Smiley"},"content":{"rendered":"<h2>Couvre-lames de luxe X-SERIES Smiley<\/h2>\n<p>&nbsp;<\/p>\n<h4>Description :<\/h4>\n<p>L&#8217;ext\u00e9rieur des Couvre-lames X-Series Smiley est fabriqu\u00e9 en nylon de haute qualit\u00e9 avec un int\u00e9rieur en molleton de coton et renforc\u00e9 par un tissu r\u00e9sistant aux coupures aux extr\u00e9mit\u00e9s.<\/p>\n<h4><\/h4>\n<h4>Caract\u00e9ristiques<\/h4>\n<p>Couvre-lames de luxe X-SERIES Smiley<\/p>\n<ul>\n<li>Ext\u00e9rieur en nylon de haute qualit\u00e9 et int\u00e9rieur en molleton de coton,<\/li>\n<li>Super absorption,<\/li>\n<li>Coupez le tissu r\u00e9sistant \u00e0 chaque extr\u00e9mit\u00e9 pour \u00e9viter qu&#8217;il ne soit perc\u00e9,<\/li>\n<li>Fabriqu\u00e9 au Canada,<\/li>\n<li>S&#8217;adapte aux lames jusqu&#8217;\u00e0 19&#8243;,<\/li>\n<li>Disponible en 3 couleurs : Noir, Rouge et Bleu fonc\u00e9.<\/li>\n<\/ul>\n<hr>\n<p>TROUVEZ D&#8217;AUTRES MOD\u00c8LES <a href=\"http:\/\/xactskateshop.com\/product-category\/speed-skating\/accessories\/skateguardssoakers\/\">ici<\/a><\/p>\n<hr>\n<p>&nbsp;<\/p>\n","protected":false},"excerpt":{"rendered":"<p>&nbsp;<\/p>\n<hr>\n<p style=\"text-align: center;\">L&#8217;ext\u00e9rieur des couvre-lames est fabriqu\u00e9 en nylon de haute qualit\u00e9, l&#8217;int\u00e9rieur est en molleton de coton et les extr\u00e9mit\u00e9s sont renforc\u00e9es par un tissu r\u00e9sistant aux coupures.<\/p>\n<hr>\n<p>&nbsp;<\/p>\n","protected":false},"featured_media":37897,"comment_status":"open","ping_status":"closed","template":"","meta":{"site-sidebar-layout":"default","site-content-layout":"default","ast-site-content-layout":"default","site-content-style":"default","site-sidebar-style":"default","ast-global-header-display":"","ast-banner-title-visibility":"","ast-main-header-display":"","ast-hfb-above-header-display":"","ast-hfb-below-header-display":"","ast-hfb-mobile-header-display":"","site-post-title":"","ast-breadcrumbs-content":"","ast-featured-img":"","footer-sml-layout":"","ast-disable-related-posts":"","theme-transparent-header-meta":"default","adv-header-id-meta":"","stick-header-meta":"","header-above-stick-meta":"","header-main-stick-meta":"","header-below-stick-meta":"","astra-migrate-meta-layouts":"default","ast-page-background-enabled":"default","ast-page-background-meta":{"desktop":{"background-color":"","background-image":"","background-repeat":"repeat","background-position":"center center","background-size":"auto","background-attachment":"scroll","background-type":"","background-media":"","overlay-type":"","overlay-color":"","overlay-opacity":"","overlay-gradient":""},"tablet":{"background-color":"","background-image":"","background-repeat":"repeat","background-position":"center center","background-size":"auto","background-attachment":"scroll","background-type":"","background-media":"","overlay-type":"","overlay-color":"","overlay-opacity":"","overlay-gradient":""},"mobile":{"background-color":"","background-image":"","background-repeat":"repeat","background-position":"center center","background-size":"auto","background-attachment":"scroll","background-type":"","background-media":"","overlay-type":"","overlay-color":"","overlay-opacity":"","overlay-gradient":""}},"ast-content-background-meta":{"desktop":{"background-color":"var(--ast-global-color-5)","background-image":"","background-repeat":"repeat","background-position":"center center","background-size":"auto","background-attachment":"scroll","background-type":"","background-media":"","overlay-type":"","overlay-color":"","overlay-opacity":"","overlay-gradient":""},"tablet":{"background-color":"var(--ast-global-color-5)","background-image":"","background-repeat":"repeat","background-position":"center center","background-size":"auto","background-attachment":"scroll","background-type":"","background-media":"","overlay-type":"","overlay-color":"","overlay-opacity":"","overlay-gradient":""},"mobile":{"background-color":"var(--ast-global-color-5)","background-image":"","background-repeat":"repeat","background-position":"center center","background-size":"auto","background-attachment":"scroll","background-type":"","background-media":"","overlay-type":"","overlay-color":"","overlay-opacity":"","overlay-gradient":""}}},"product_brand":[],"product_cat":[1353,1514,1513],"product_tag":[],"class_list":{"0":"post-55729","1":"product","2":"type-product","3":"status-publish","4":"has-post-thumbnail","6":"product_cat-patinage-de-vitesse","7":"product_cat-protections-pour-patins-et-couvre-lames","8":"product_cat-sacs-et-accessoires","9":"desktop-align-center","10":"tablet-align-center","11":"mobile-align-center","12":"ast-product-gallery-layout-horizontal","13":"ast-product-single-variable","14":"ast-product-tabs-layout-horizontal","15":"ast-qv-on-image","17":"first","18":"instock","19":"sale","20":"taxable","21":"shipping-taxable","22":"purchasable","23":"product-type-variable"},"bundled_by":[],"bundle_stock_status":"instock","bundle_stock_quantity":null,"bundle_virtual":false,"bundle_layout":"","bundle_add_to_cart_form_location":"","bundle_editable_in_cart":false,"bundle_sold_individually_context":"","bundle_item_grouping":"","bundle_min_size":"","bundle_max_size":"","bundle_price":[],"bundled_items":[],"bundle_sell_ids":[],"yoast_head":"<!-- This site is optimized with the Yoast SEO plugin v27.5 - https:\/\/yoast.com\/product\/yoast-seo-wordpress\/ -->\n<title>Couvre-lames X-SERIES - Xact Skate Shop<\/title>\n<meta name=\"description\" content=\"Couvre-lames X-SERIES. Ext\u00e9rieur en nylon de haute qualit\u00e9 et int\u00e9rieur en molleton de coton. Super absorption avec tissu r\u00e9sistant aux coupures \u00e0 chaque extr\u00e9mit\u00e9.\" \/>\n<meta name=\"robots\" content=\"index, follow, max-snippet:-1, max-image-preview:large, max-video-preview:-1\" \/>\n<link rel=\"canonical\" href=\"https:\/\/xactskateshop.com\/fr\/produit\/couvre-lames-de-luxe-x-series-smiley\/\" \/>\n<meta property=\"og:locale\" content=\"fr_FR\" \/>\n<meta property=\"og:type\" content=\"article\" \/>\n<meta property=\"og:title\" content=\"Couvre-lames X-SERIES - Xact Skate Shop\" \/>\n<meta property=\"og:description\" content=\"Couvre-lames X-SERIES. Ext\u00e9rieur en nylon de haute qualit\u00e9 et int\u00e9rieur en molleton de coton. Super absorption avec tissu r\u00e9sistant aux coupures \u00e0 chaque extr\u00e9mit\u00e9.\" \/>\n<meta property=\"og:url\" content=\"https:\/\/xactskateshop.com\/fr\/produit\/couvre-lames-de-luxe-x-series-smiley\/\" \/>\n<meta property=\"og:site_name\" content=\"Xact Skate Shop\" \/>\n<meta property=\"article:publisher\" content=\"https:\/\/www.facebook.com\/JeanLouiskateshop\" \/>\n<meta property=\"og:image\" content=\"https:\/\/xactskateshop.com\/wp-content\/uploads\/2024\/02\/red-smiley-2.jpg\" \/>\n\t<meta property=\"og:image:width\" content=\"1000\" \/>\n\t<meta property=\"og:image:height\" content=\"1000\" \/>\n\t<meta property=\"og:image:type\" content=\"image\/jpeg\" \/>\n<meta name=\"twitter:card\" content=\"summary_large_image\" \/>\n<script type=\"application\/ld+json\" class=\"yoast-schema-graph\">{\"@context\":\"https:\\\/\\\/schema.org\",\"@graph\":[{\"@type\":\"WebPage\",\"@id\":\"https:\\\/\\\/xactskateshop.com\\\/fr\\\/produit\\\/couvre-lames-de-luxe-x-series-smiley\\\/\",\"url\":\"https:\\\/\\\/xactskateshop.com\\\/fr\\\/produit\\\/couvre-lames-de-luxe-x-series-smiley\\\/\",\"name\":\"Couvre-lames X-SERIES - Xact Skate Shop\",\"isPartOf\":{\"@id\":\"http:\\\/\\\/xactskateshop.com\\\/fr\\\/#website\"},\"primaryImageOfPage\":{\"@id\":\"https:\\\/\\\/xactskateshop.com\\\/fr\\\/produit\\\/couvre-lames-de-luxe-x-series-smiley\\\/#primaryimage\"},\"image\":{\"@id\":\"https:\\\/\\\/xactskateshop.com\\\/fr\\\/produit\\\/couvre-lames-de-luxe-x-series-smiley\\\/#primaryimage\"},\"thumbnailUrl\":\"https:\\\/\\\/xactskateshop.com\\\/wp-content\\\/uploads\\\/2024\\\/02\\\/red-smiley-2.jpg\",\"datePublished\":\"2024-02-15T18:36:13+00:00\",\"description\":\"Couvre-lames X-SERIES. Ext\u00e9rieur en nylon de haute qualit\u00e9 et int\u00e9rieur en molleton de coton. Super absorption avec tissu r\u00e9sistant aux coupures \u00e0 chaque extr\u00e9mit\u00e9.\",\"breadcrumb\":{\"@id\":\"https:\\\/\\\/xactskateshop.com\\\/fr\\\/produit\\\/couvre-lames-de-luxe-x-series-smiley\\\/#breadcrumb\"},\"inLanguage\":\"fr-FR\",\"potentialAction\":[{\"@type\":\"ReadAction\",\"target\":[\"https:\\\/\\\/xactskateshop.com\\\/fr\\\/produit\\\/couvre-lames-de-luxe-x-series-smiley\\\/\"]}]},{\"@type\":\"ImageObject\",\"inLanguage\":\"fr-FR\",\"@id\":\"https:\\\/\\\/xactskateshop.com\\\/fr\\\/produit\\\/couvre-lames-de-luxe-x-series-smiley\\\/#primaryimage\",\"url\":\"https:\\\/\\\/xactskateshop.com\\\/wp-content\\\/uploads\\\/2024\\\/02\\\/red-smiley-2.jpg\",\"contentUrl\":\"https:\\\/\\\/xactskateshop.com\\\/wp-content\\\/uploads\\\/2024\\\/02\\\/red-smiley-2.jpg\",\"width\":1000,\"height\":1000,\"caption\":\"Couvre-lames de luxe X-Series Smiley\"},{\"@type\":\"BreadcrumbList\",\"@id\":\"https:\\\/\\\/xactskateshop.com\\\/fr\\\/produit\\\/couvre-lames-de-luxe-x-series-smiley\\\/#breadcrumb\",\"itemListElement\":[{\"@type\":\"ListItem\",\"position\":1,\"name\":\"Home\",\"item\":\"https:\\\/\\\/xactskateshop.com\\\/fr\\\/accueil\\\/\"},{\"@type\":\"ListItem\",\"position\":2,\"name\":\"Boutique\",\"item\":\"https:\\\/\\\/xactskateshop.com\\\/shop\\\/\"},{\"@type\":\"ListItem\",\"position\":3,\"name\":\"Couvre-lames de luxe X-SERIES Smiley\"}]},{\"@type\":\"WebSite\",\"@id\":\"http:\\\/\\\/xactskateshop.com\\\/fr\\\/#website\",\"url\":\"http:\\\/\\\/xactskateshop.com\\\/fr\\\/\",\"name\":\"Xact Skate Shop\",\"description\":\"Un site utilisant WordPress\",\"publisher\":{\"@id\":\"http:\\\/\\\/xactskateshop.com\\\/fr\\\/#organization\"},\"potentialAction\":[{\"@type\":\"SearchAction\",\"target\":{\"@type\":\"EntryPoint\",\"urlTemplate\":\"http:\\\/\\\/xactskateshop.com\\\/fr\\\/?s={search_term_string}\"},\"query-input\":{\"@type\":\"PropertyValueSpecification\",\"valueRequired\":true,\"valueName\":\"search_term_string\"}}],\"inLanguage\":\"fr-FR\"},{\"@type\":\"Organization\",\"@id\":\"http:\\\/\\\/xactskateshop.com\\\/fr\\\/#organization\",\"name\":\"XACT Skate Shop\",\"url\":\"http:\\\/\\\/xactskateshop.com\\\/fr\\\/\",\"logo\":{\"@type\":\"ImageObject\",\"inLanguage\":\"fr-FR\",\"@id\":\"http:\\\/\\\/xactskateshop.com\\\/fr\\\/#\\\/schema\\\/logo\\\/image\\\/\",\"url\":\"http:\\\/\\\/xactskateshop.com\\\/wp-content\\\/uploads\\\/2024\\\/04\\\/xactskateshop-dot-com-avec-contour-noir-sans-fond-675x.jpg\",\"contentUrl\":\"http:\\\/\\\/xactskateshop.com\\\/wp-content\\\/uploads\\\/2024\\\/04\\\/xactskateshop-dot-com-avec-contour-noir-sans-fond-675x.jpg\",\"width\":675,\"height\":247,\"caption\":\"XACT Skate Shop\"},\"image\":{\"@id\":\"http:\\\/\\\/xactskateshop.com\\\/fr\\\/#\\\/schema\\\/logo\\\/image\\\/\"},\"sameAs\":[\"https:\\\/\\\/www.facebook.com\\\/JeanLouiskateshop\"]}]}<\/script>\n<!-- \/ Yoast SEO plugin. -->","yoast_head_json":{"title":"Couvre-lames X-SERIES - Xact Skate Shop","description":"Couvre-lames X-SERIES. Ext\u00e9rieur en nylon de haute qualit\u00e9 et int\u00e9rieur en molleton de coton. Super absorption avec tissu r\u00e9sistant aux coupures \u00e0 chaque extr\u00e9mit\u00e9.","robots":{"index":"index","follow":"follow","max-snippet":"max-snippet:-1","max-image-preview":"max-image-preview:large","max-video-preview":"max-video-preview:-1"},"canonical":"https:\/\/xactskateshop.com\/fr\/produit\/couvre-lames-de-luxe-x-series-smiley\/","og_locale":"fr_FR","og_type":"article","og_title":"Couvre-lames X-SERIES - Xact Skate Shop","og_description":"Couvre-lames X-SERIES. Ext\u00e9rieur en nylon de haute qualit\u00e9 et int\u00e9rieur en molleton de coton. Super absorption avec tissu r\u00e9sistant aux coupures \u00e0 chaque extr\u00e9mit\u00e9.","og_url":"https:\/\/xactskateshop.com\/fr\/produit\/couvre-lames-de-luxe-x-series-smiley\/","og_site_name":"Xact Skate Shop","article_publisher":"https:\/\/www.facebook.com\/JeanLouiskateshop","og_image":[{"width":1000,"height":1000,"url":"https:\/\/xactskateshop.com\/wp-content\/uploads\/2024\/02\/red-smiley-2.jpg","type":"image\/jpeg"}],"twitter_card":"summary_large_image","schema":{"@context":"https:\/\/schema.org","@graph":[{"@type":"WebPage","@id":"https:\/\/xactskateshop.com\/fr\/produit\/couvre-lames-de-luxe-x-series-smiley\/","url":"https:\/\/xactskateshop.com\/fr\/produit\/couvre-lames-de-luxe-x-series-smiley\/","name":"Couvre-lames X-SERIES - Xact Skate Shop","isPartOf":{"@id":"http:\/\/xactskateshop.com\/fr\/#website"},"primaryImageOfPage":{"@id":"https:\/\/xactskateshop.com\/fr\/produit\/couvre-lames-de-luxe-x-series-smiley\/#primaryimage"},"image":{"@id":"https:\/\/xactskateshop.com\/fr\/produit\/couvre-lames-de-luxe-x-series-smiley\/#primaryimage"},"thumbnailUrl":"https:\/\/xactskateshop.com\/wp-content\/uploads\/2024\/02\/red-smiley-2.jpg","datePublished":"2024-02-15T18:36:13+00:00","description":"Couvre-lames X-SERIES. Ext\u00e9rieur en nylon de haute qualit\u00e9 et int\u00e9rieur en molleton de coton. Super absorption avec tissu r\u00e9sistant aux coupures \u00e0 chaque extr\u00e9mit\u00e9.","breadcrumb":{"@id":"https:\/\/xactskateshop.com\/fr\/produit\/couvre-lames-de-luxe-x-series-smiley\/#breadcrumb"},"inLanguage":"fr-FR","potentialAction":[{"@type":"ReadAction","target":["https:\/\/xactskateshop.com\/fr\/produit\/couvre-lames-de-luxe-x-series-smiley\/"]}]},{"@type":"ImageObject","inLanguage":"fr-FR","@id":"https:\/\/xactskateshop.com\/fr\/produit\/couvre-lames-de-luxe-x-series-smiley\/#primaryimage","url":"https:\/\/xactskateshop.com\/wp-content\/uploads\/2024\/02\/red-smiley-2.jpg","contentUrl":"https:\/\/xactskateshop.com\/wp-content\/uploads\/2024\/02\/red-smiley-2.jpg","width":1000,"height":1000,"caption":"Couvre-lames de luxe X-Series Smiley"},{"@type":"BreadcrumbList","@id":"https:\/\/xactskateshop.com\/fr\/produit\/couvre-lames-de-luxe-x-series-smiley\/#breadcrumb","itemListElement":[{"@type":"ListItem","position":1,"name":"Home","item":"https:\/\/xactskateshop.com\/fr\/accueil\/"},{"@type":"ListItem","position":2,"name":"Boutique","item":"https:\/\/xactskateshop.com\/shop\/"},{"@type":"ListItem","position":3,"name":"Couvre-lames de luxe X-SERIES Smiley"}]},{"@type":"WebSite","@id":"http:\/\/xactskateshop.com\/fr\/#website","url":"http:\/\/xactskateshop.com\/fr\/","name":"Xact Skate Shop","description":"Un site utilisant WordPress","publisher":{"@id":"http:\/\/xactskateshop.com\/fr\/#organization"},"potentialAction":[{"@type":"SearchAction","target":{"@type":"EntryPoint","urlTemplate":"http:\/\/xactskateshop.com\/fr\/?s={search_term_string}"},"query-input":{"@type":"PropertyValueSpecification","valueRequired":true,"valueName":"search_term_string"}}],"inLanguage":"fr-FR"},{"@type":"Organization","@id":"http:\/\/xactskateshop.com\/fr\/#organization","name":"XACT Skate Shop","url":"http:\/\/xactskateshop.com\/fr\/","logo":{"@type":"ImageObject","inLanguage":"fr-FR","@id":"http:\/\/xactskateshop.com\/fr\/#\/schema\/logo\/image\/","url":"http:\/\/xactskateshop.com\/wp-content\/uploads\/2024\/04\/xactskateshop-dot-com-avec-contour-noir-sans-fond-675x.jpg","contentUrl":"http:\/\/xactskateshop.com\/wp-content\/uploads\/2024\/04\/xactskateshop-dot-com-avec-contour-noir-sans-fond-675x.jpg","width":675,"height":247,"caption":"XACT Skate Shop"},"image":{"@id":"http:\/\/xactskateshop.com\/fr\/#\/schema\/logo\/image\/"},"sameAs":["https:\/\/www.facebook.com\/JeanLouiskateshop"]}]}},"_links":{"self":[{"href":"https:\/\/xactskateshop.com\/fr\/wp-json\/wp\/v2\/product\/55729","targetHints":{"allow":["GET"]}}],"collection":[{"href":"https:\/\/xactskateshop.com\/fr\/wp-json\/wp\/v2\/product"}],"about":[{"href":"https:\/\/xactskateshop.com\/fr\/wp-json\/wp\/v2\/types\/product"}],"replies":[{"embeddable":true,"href":"https:\/\/xactskateshop.com\/fr\/wp-json\/wp\/v2\/comments?post=55729"}],"wp:featuredmedia":[{"embeddable":true,"href":"https:\/\/xactskateshop.com\/fr\/wp-json\/wp\/v2\/media\/37897"}],"wp:attachment":[{"href":"https:\/\/xactskateshop.com\/fr\/wp-json\/wp\/v2\/media?parent=55729"}],"wp:term":[{"taxonomy":"product_brand","embeddable":true,"href":"https:\/\/xactskateshop.com\/fr\/wp-json\/wp\/v2\/product_brand?post=55729"},{"taxonomy":"product_cat","embeddable":true,"href":"https:\/\/xactskateshop.com\/fr\/wp-json\/wp\/v2\/product_cat?post=55729"},{"taxonomy":"product_tag","embeddable":true,"href":"https:\/\/xactskateshop.com\/fr\/wp-json\/wp\/v2\/product_tag?post=55729"}],"curies":[{"name":"wp","href":"https:\/\/api.w.org\/{rel}","templated":true}]}}