{"id":55720,"date":"2024-01-24T17:42:10","date_gmt":"2024-01-24T22:42:10","guid":{"rendered":"http:\/\/xactskateshop.com\/product\/roues-bont-fxx-bleu-63mm-x-44mm-8\/"},"modified":"2026-04-07T17:41:27","modified_gmt":"2026-04-07T21:41:27","slug":"roues-bont-fxx-bleu-63mm-x-44mm-8","status":"publish","type":"product","link":"https:\/\/xactskateshop.com\/fr\/produit\/roues-bont-fxx-bleu-63mm-x-44mm-8\/","title":{"rendered":"Roues BONT FXX BLEUES 63mm x 44mm (8)"},"content":{"rendered":"<h5>Roues BONT FXX BLEUES<\/h5>\n<p>Nous vous pr\u00e9sentons les fameuses roues de roller Bont FXX, d\u00e9sormais disponibles en \u00e9dition limit\u00e9e exclusive, avec diff\u00e9rentes tailles, diff\u00e9rents niveaux de duret\u00e9 et des couleurs vibrantes. Agissez rapidement pour s\u00e9curiser votre commande &#8211; chaque version est unique, et il est possible que nous ne proposions pas deux fois la m\u00eame roue. <\/p>\n<h5>L&#8217;\u00e9volution<\/h5>\n<p>Ces roues FXX sont une version am\u00e9lior\u00e9e des roues de patins \u00e0 roulettes FXX originales, avec des caract\u00e9ristiques am\u00e9lior\u00e9es pour une performance optimale. Gardez un \u0153il sur votre bo\u00eete de r\u00e9ception car nous annon\u00e7ons la pr\u00e9vente de chaque \u00e9dition limit\u00e9e par le biais de notre infolettre. Cette opportunit\u00e9 exclusive permet \u00e0 nos VIP de se procurer un exemplaire avant qu&#8217;il ne soit \u00e9puis\u00e9. Rejoignez notre liste de diffusion d\u00e8s aujourd&#8217;hui pour participer \u00e0 l&#8217;action !<\/p>\n<h5>Performance<\/h5>\n<p>La FXX est une roue l\u00e9g\u00e8re et performante, compos\u00e9e d&#8217;ur\u00e9thane de haute qualit\u00e9 et d&#8217;un moyeu en aluminium, pour une combinaison optimale d&#8217;adh\u00e9rence et de roulis. Fabriqu\u00e9e avec le meilleur ur\u00e9thane des \u00c9tats-Unis, la FXX utilise un moyeu technique \u00e0 5 branches pour des performances l\u00e9g\u00e8res et haut de gamme. Le moyeu en aluminium permet une rigidit\u00e9 et un contr\u00f4le in\u00e9gal\u00e9s, ce qui se traduit par des bordures brillantes et une agilit\u00e9 maximale.  <\/p>\n<h5>Duret\u00e9<\/h5>\n<p>Le FXX est d&#8217;une duret\u00e9 de 96a, avec d&#8217;excellentes propri\u00e9t\u00e9s de rebond et d&#8217;usure. Ils sont super rapides et offrent une adh\u00e9rence ph\u00e9nom\u00e9nale tout en vous permettant de vous arr\u00eater instantan\u00e9ment. La taille 63x44mm vous offre une plus grande surface pour des pouss\u00e9es plus longues et une puissance maximale, ce qui en fait le meilleur choix pour le patinage de vitesse.  <\/p>\n<h5>La construction<\/h5>\n<p>En nous inspirant de notre roue de patinage de vitesse en ligne qui a remport\u00e9 plusieurs championnats du monde de patin \u00e0 roues align\u00e9es, nous avons adapt\u00e9 l&#8217;une de nos meilleures formules de roues de patin \u00e0 roues align\u00e9es sur la FXX pour le patin \u00e0 roulettes. C&#8217;est du jamais vu pour une roue de patin \u00e0 roulettes. Personne n&#8217;utilise les meilleures formules de course de patin \u00e0 roues align\u00e9es pour les roues de patins \u00e0 roulettes.<\/p>\n<h5>Valeur<\/h5>\n<p>Lorsque nous avons interrog\u00e9 des fabricants de roues sur l&#8217;utilisation d&#8217;une formule haut de gamme pour le roller en ligne, voici leur r\u00e9ponse : \u00ab Ce sera trop cher, les patineurs ne veulent pas d\u00e9bourser plus de 200 $ pour une paire de roues, aussi performantes soient-elles. \u00bb \u00ab Les patineurs ne font pas la diff\u00e9rence entre un ur\u00e9thane haut de gamme et un ur\u00e9thane bas de gamme. \u00bb Et \u00ab notre ur\u00e9thane haut de gamme standard pour rollers est largement suffisant. \u00bb Nous avons refus\u00e9 cat\u00e9goriquement et avons commenc\u00e9 \u00e0 tester des roues utilisant des ur\u00e9thanes plus sophistiqu\u00e9s, auparavant r\u00e9serv\u00e9s aux comp\u00e9titeurs de roller en ligne.    Le r\u00e9sultat, \u00e0 notre avis, est la meilleure roue de patins \u00e0 roulettes jamais produite en s\u00e9rie. Nous sommes convaincus que vous appr\u00e9cierez les efforts que nous avons d\u00e9ploy\u00e9s pour mettre cette roue sur le march\u00e9.<\/p>\n<h5><strong>Taille et duret\u00e9 :<\/strong><\/h5>\n<ul>\n<li>Vitesse 63 x 44mm &#8211; BLEU 96A<\/li>\n<\/ul>\n<p><strong>Application :<\/strong> Int\u00e9rieur<\/p>\n<p>Vendu par lot de 8<\/p>\n<p>Utilise des roulements 608 tels que Bont <a href=\"http:\/\/xactskateshop.com\/product\/bont-abec-5-bearings-8mm-16-pack\/\">AEBC5<\/a>, <a href=\"http:\/\/xactskateshop.com\/product\/bont-abec-7-bearings-8mm-16-pack\/\">ABEC7<\/a>, <a href=\"https:\/\/xactskateshop.com\/fr\/produit\/bont-jesa-roulements-noirs-paquet-de-16\/\">Black Series<\/a> et <a href=\"https:\/\/xactskateshop.com\/fr\/produit\/bont-jesa-ceramique-roulements-paquet-de-16\/\">Ceramic<\/a>. La FXX n&#8217;utilise pas de mini-coussinets. <\/p>\n","protected":false},"excerpt":{"rendered":"<hr>\n<p style=\"text-align: center;\">Nous vous pr\u00e9sentons les fameuses roues de roller Bont FXX, d\u00e9sormais disponibles en \u00e9dition limit\u00e9e exclusive, avec diff\u00e9rentes tailles, diff\u00e9rents niveaux de duret\u00e9 et des couleurs vibrantes. Agissez rapidement pour s\u00e9curiser votre commande &#8211; chaque version est unique, et il est possible que nous ne proposions pas deux fois la m\u00eame roue. <\/p>\n<hr>\n<p>&nbsp;<\/p>\n","protected":false},"featured_media":37758,"comment_status":"closed","ping_status":"closed","template":"","meta":{"site-sidebar-layout":"default","site-content-layout":"default","ast-site-content-layout":"default","site-content-style":"default","site-sidebar-style":"default","ast-global-header-display":"","ast-banner-title-visibility":"","ast-main-header-display":"","ast-hfb-above-header-display":"","ast-hfb-below-header-display":"","ast-hfb-mobile-header-display":"","site-post-title":"","ast-breadcrumbs-content":"","ast-featured-img":"","footer-sml-layout":"","theme-transparent-header-meta":"default","adv-header-id-meta":"","stick-header-meta":"","header-above-stick-meta":"","header-main-stick-meta":"","header-below-stick-meta":"","astra-migrate-meta-layouts":"default","ast-page-background-enabled":"default","ast-page-background-meta":{"desktop":{"background-color":"","background-image":"","background-repeat":"repeat","background-position":"center center","background-size":"auto","background-attachment":"scroll","background-type":"","background-media":"","overlay-type":"","overlay-color":"","overlay-opacity":"","overlay-gradient":""},"tablet":{"background-color":"","background-image":"","background-repeat":"repeat","background-position":"center center","background-size":"auto","background-attachment":"scroll","background-type":"","background-media":"","overlay-type":"","overlay-color":"","overlay-opacity":"","overlay-gradient":""},"mobile":{"background-color":"","background-image":"","background-repeat":"repeat","background-position":"center center","background-size":"auto","background-attachment":"scroll","background-type":"","background-media":"","overlay-type":"","overlay-color":"","overlay-opacity":"","overlay-gradient":""}},"ast-content-background-meta":{"desktop":{"background-color":"var(--ast-global-color-5)","background-image":"","background-repeat":"repeat","background-position":"center center","background-size":"auto","background-attachment":"scroll","background-type":"","background-media":"","overlay-type":"","overlay-color":"","overlay-opacity":"","overlay-gradient":""},"tablet":{"background-color":"var(--ast-global-color-5)","background-image":"","background-repeat":"repeat","background-position":"center center","background-size":"auto","background-attachment":"scroll","background-type":"","background-media":"","overlay-type":"","overlay-color":"","overlay-opacity":"","overlay-gradient":""},"mobile":{"background-color":"var(--ast-global-color-5)","background-image":"","background-repeat":"repeat","background-position":"center center","background-size":"auto","background-attachment":"scroll","background-type":"","background-media":"","overlay-type":"","overlay-color":"","overlay-opacity":"","overlay-gradient":""}}},"product_brand":[],"product_cat":[1652,1907],"product_tag":[],"class_list":{"0":"post-55720","1":"product","2":"type-product","3":"status-publish","4":"has-post-thumbnail","6":"product_cat-patins-a-roulettes","7":"product_cat-roues","8":"desktop-align-center","9":"tablet-align-center","10":"mobile-align-center","11":"ast-product-gallery-layout-horizontal","12":"ast-product-gallery-with-no-image","13":"ast-product-tabs-layout-horizontal","14":"ast-qv-on-image","16":"first","17":"instock","18":"sale","19":"taxable","20":"shipping-taxable","21":"purchasable","22":"product-type-simple"},"bundled_by":[],"bundle_stock_status":"instock","bundle_stock_quantity":6,"bundle_virtual":false,"bundle_layout":"","bundle_add_to_cart_form_location":"","bundle_editable_in_cart":false,"bundle_sold_individually_context":"","bundle_item_grouping":"","bundle_min_size":"","bundle_max_size":"","bundle_price":[],"bundled_items":[],"bundle_sell_ids":[],"yoast_head":"<!-- This site is optimized with the Yoast SEO plugin v27.4 - https:\/\/yoast.com\/product\/yoast-seo-wordpress\/ -->\n<title>ROUES BONT FXX BLEUES - %.<\/title>\n<meta name=\"description\" content=\"ROUES BONT FXX BLEUES. Nous vous pr\u00e9sentons les fameuses roues de roller Bont FXX, d\u00e9sormais disponibles en \u00e9dition limit\u00e9e exclusive, dans diff\u00e9rentes tailles.\" \/>\n<meta name=\"robots\" content=\"index, follow, max-snippet:-1, max-image-preview:large, max-video-preview:-1\" \/>\n<link rel=\"canonical\" href=\"https:\/\/xactskateshop.com\/fr\/produit\/roues-bont-fxx-bleu-63mm-x-44mm-8\/\" \/>\n<meta property=\"og:locale\" content=\"fr_FR\" \/>\n<meta property=\"og:type\" content=\"article\" \/>\n<meta property=\"og:title\" content=\"ROUES BONT FXX BLEUES - %.\" \/>\n<meta property=\"og:description\" content=\"ROUES BONT FXX BLEUES. Nous vous pr\u00e9sentons les fameuses roues de roller Bont FXX, d\u00e9sormais disponibles en \u00e9dition limit\u00e9e exclusive, dans diff\u00e9rentes tailles.\" \/>\n<meta property=\"og:url\" content=\"https:\/\/xactskateshop.com\/fr\/produit\/roues-bont-fxx-bleu-63mm-x-44mm-8\/\" \/>\n<meta property=\"og:site_name\" content=\"Xact Skate Shop\" \/>\n<meta property=\"article:publisher\" content=\"https:\/\/www.facebook.com\/JeanLouiskateshop\" \/>\n<meta property=\"article:modified_time\" content=\"2026-04-07T21:41:27+00:00\" \/>\n<meta property=\"og:image\" content=\"https:\/\/xactskateshop.com\/wp-content\/uploads\/2024\/01\/fxx-blue-63x44-1.jpg\" \/>\n\t<meta property=\"og:image:width\" content=\"1000\" \/>\n\t<meta property=\"og:image:height\" content=\"1000\" \/>\n\t<meta property=\"og:image:type\" content=\"image\/jpeg\" \/>\n<meta name=\"twitter:card\" content=\"summary_large_image\" \/>\n<meta name=\"twitter:label1\" content=\"Dur\u00e9e de lecture estim\u00e9e\" \/>\n\t<meta name=\"twitter:data1\" content=\"3 minutes\" \/>\n<script type=\"application\/ld+json\" class=\"yoast-schema-graph\">{\"@context\":\"https:\\\/\\\/schema.org\",\"@graph\":[{\"@type\":\"WebPage\",\"@id\":\"https:\\\/\\\/xactskateshop.com\\\/fr\\\/produit\\\/roues-bont-fxx-bleu-63mm-x-44mm-8\\\/\",\"url\":\"https:\\\/\\\/xactskateshop.com\\\/fr\\\/produit\\\/roues-bont-fxx-bleu-63mm-x-44mm-8\\\/\",\"name\":\"ROUES BONT FXX BLEUES - %.\",\"isPartOf\":{\"@id\":\"http:\\\/\\\/xactskateshop.com\\\/fr\\\/#website\"},\"primaryImageOfPage\":{\"@id\":\"https:\\\/\\\/xactskateshop.com\\\/fr\\\/produit\\\/roues-bont-fxx-bleu-63mm-x-44mm-8\\\/#primaryimage\"},\"image\":{\"@id\":\"https:\\\/\\\/xactskateshop.com\\\/fr\\\/produit\\\/roues-bont-fxx-bleu-63mm-x-44mm-8\\\/#primaryimage\"},\"thumbnailUrl\":\"https:\\\/\\\/xactskateshop.com\\\/wp-content\\\/uploads\\\/2024\\\/01\\\/fxx-blue-63x44-1.jpg\",\"datePublished\":\"2024-01-24T22:42:10+00:00\",\"dateModified\":\"2026-04-07T21:41:27+00:00\",\"description\":\"ROUES BONT FXX BLEUES. Nous vous pr\u00e9sentons les fameuses roues de roller Bont FXX, d\u00e9sormais disponibles en \u00e9dition limit\u00e9e exclusive, dans diff\u00e9rentes tailles.\",\"breadcrumb\":{\"@id\":\"https:\\\/\\\/xactskateshop.com\\\/fr\\\/produit\\\/roues-bont-fxx-bleu-63mm-x-44mm-8\\\/#breadcrumb\"},\"inLanguage\":\"fr-FR\",\"potentialAction\":[{\"@type\":\"ReadAction\",\"target\":[\"https:\\\/\\\/xactskateshop.com\\\/fr\\\/produit\\\/roues-bont-fxx-bleu-63mm-x-44mm-8\\\/\"]}]},{\"@type\":\"ImageObject\",\"inLanguage\":\"fr-FR\",\"@id\":\"https:\\\/\\\/xactskateshop.com\\\/fr\\\/produit\\\/roues-bont-fxx-bleu-63mm-x-44mm-8\\\/#primaryimage\",\"url\":\"https:\\\/\\\/xactskateshop.com\\\/wp-content\\\/uploads\\\/2024\\\/01\\\/fxx-blue-63x44-1.jpg\",\"contentUrl\":\"https:\\\/\\\/xactskateshop.com\\\/wp-content\\\/uploads\\\/2024\\\/01\\\/fxx-blue-63x44-1.jpg\",\"width\":1000,\"height\":1000,\"caption\":\"BONT FXX WHEELS BLUE\"},{\"@type\":\"BreadcrumbList\",\"@id\":\"https:\\\/\\\/xactskateshop.com\\\/fr\\\/produit\\\/roues-bont-fxx-bleu-63mm-x-44mm-8\\\/#breadcrumb\",\"itemListElement\":[{\"@type\":\"ListItem\",\"position\":1,\"name\":\"Home\",\"item\":\"https:\\\/\\\/xactskateshop.com\\\/fr\\\/accueil\\\/\"},{\"@type\":\"ListItem\",\"position\":2,\"name\":\"Boutique\",\"item\":\"https:\\\/\\\/xactskateshop.com\\\/shop\\\/\"},{\"@type\":\"ListItem\",\"position\":3,\"name\":\"Roues BONT FXX BLEUES 63mm x 44mm (8)\"}]},{\"@type\":\"WebSite\",\"@id\":\"http:\\\/\\\/xactskateshop.com\\\/fr\\\/#website\",\"url\":\"http:\\\/\\\/xactskateshop.com\\\/fr\\\/\",\"name\":\"Xact Skate Shop\",\"description\":\"Un site utilisant WordPress\",\"publisher\":{\"@id\":\"http:\\\/\\\/xactskateshop.com\\\/fr\\\/#organization\"},\"potentialAction\":[{\"@type\":\"SearchAction\",\"target\":{\"@type\":\"EntryPoint\",\"urlTemplate\":\"http:\\\/\\\/xactskateshop.com\\\/fr\\\/?s={search_term_string}\"},\"query-input\":{\"@type\":\"PropertyValueSpecification\",\"valueRequired\":true,\"valueName\":\"search_term_string\"}}],\"inLanguage\":\"fr-FR\"},{\"@type\":\"Organization\",\"@id\":\"http:\\\/\\\/xactskateshop.com\\\/fr\\\/#organization\",\"name\":\"XACT Skate Shop\",\"url\":\"http:\\\/\\\/xactskateshop.com\\\/fr\\\/\",\"logo\":{\"@type\":\"ImageObject\",\"inLanguage\":\"fr-FR\",\"@id\":\"http:\\\/\\\/xactskateshop.com\\\/fr\\\/#\\\/schema\\\/logo\\\/image\\\/\",\"url\":\"http:\\\/\\\/xactskateshop.com\\\/wp-content\\\/uploads\\\/2024\\\/04\\\/xactskateshop-dot-com-avec-contour-noir-sans-fond-675x.jpg\",\"contentUrl\":\"http:\\\/\\\/xactskateshop.com\\\/wp-content\\\/uploads\\\/2024\\\/04\\\/xactskateshop-dot-com-avec-contour-noir-sans-fond-675x.jpg\",\"width\":675,\"height\":247,\"caption\":\"XACT Skate Shop\"},\"image\":{\"@id\":\"http:\\\/\\\/xactskateshop.com\\\/fr\\\/#\\\/schema\\\/logo\\\/image\\\/\"},\"sameAs\":[\"https:\\\/\\\/www.facebook.com\\\/JeanLouiskateshop\"]}]}<\/script>\n<!-- \/ Yoast SEO plugin. -->","yoast_head_json":{"title":"ROUES BONT FXX BLEUES - %.","description":"ROUES BONT FXX BLEUES. Nous vous pr\u00e9sentons les fameuses roues de roller Bont FXX, d\u00e9sormais disponibles en \u00e9dition limit\u00e9e exclusive, dans diff\u00e9rentes tailles.","robots":{"index":"index","follow":"follow","max-snippet":"max-snippet:-1","max-image-preview":"max-image-preview:large","max-video-preview":"max-video-preview:-1"},"canonical":"https:\/\/xactskateshop.com\/fr\/produit\/roues-bont-fxx-bleu-63mm-x-44mm-8\/","og_locale":"fr_FR","og_type":"article","og_title":"ROUES BONT FXX BLEUES - %.","og_description":"ROUES BONT FXX BLEUES. Nous vous pr\u00e9sentons les fameuses roues de roller Bont FXX, d\u00e9sormais disponibles en \u00e9dition limit\u00e9e exclusive, dans diff\u00e9rentes tailles.","og_url":"https:\/\/xactskateshop.com\/fr\/produit\/roues-bont-fxx-bleu-63mm-x-44mm-8\/","og_site_name":"Xact Skate Shop","article_publisher":"https:\/\/www.facebook.com\/JeanLouiskateshop","article_modified_time":"2026-04-07T21:41:27+00:00","og_image":[{"width":1000,"height":1000,"url":"https:\/\/xactskateshop.com\/wp-content\/uploads\/2024\/01\/fxx-blue-63x44-1.jpg","type":"image\/jpeg"}],"twitter_card":"summary_large_image","twitter_misc":{"Dur\u00e9e de lecture estim\u00e9e":"3 minutes"},"schema":{"@context":"https:\/\/schema.org","@graph":[{"@type":"WebPage","@id":"https:\/\/xactskateshop.com\/fr\/produit\/roues-bont-fxx-bleu-63mm-x-44mm-8\/","url":"https:\/\/xactskateshop.com\/fr\/produit\/roues-bont-fxx-bleu-63mm-x-44mm-8\/","name":"ROUES BONT FXX BLEUES - %.","isPartOf":{"@id":"http:\/\/xactskateshop.com\/fr\/#website"},"primaryImageOfPage":{"@id":"https:\/\/xactskateshop.com\/fr\/produit\/roues-bont-fxx-bleu-63mm-x-44mm-8\/#primaryimage"},"image":{"@id":"https:\/\/xactskateshop.com\/fr\/produit\/roues-bont-fxx-bleu-63mm-x-44mm-8\/#primaryimage"},"thumbnailUrl":"https:\/\/xactskateshop.com\/wp-content\/uploads\/2024\/01\/fxx-blue-63x44-1.jpg","datePublished":"2024-01-24T22:42:10+00:00","dateModified":"2026-04-07T21:41:27+00:00","description":"ROUES BONT FXX BLEUES. Nous vous pr\u00e9sentons les fameuses roues de roller Bont FXX, d\u00e9sormais disponibles en \u00e9dition limit\u00e9e exclusive, dans diff\u00e9rentes tailles.","breadcrumb":{"@id":"https:\/\/xactskateshop.com\/fr\/produit\/roues-bont-fxx-bleu-63mm-x-44mm-8\/#breadcrumb"},"inLanguage":"fr-FR","potentialAction":[{"@type":"ReadAction","target":["https:\/\/xactskateshop.com\/fr\/produit\/roues-bont-fxx-bleu-63mm-x-44mm-8\/"]}]},{"@type":"ImageObject","inLanguage":"fr-FR","@id":"https:\/\/xactskateshop.com\/fr\/produit\/roues-bont-fxx-bleu-63mm-x-44mm-8\/#primaryimage","url":"https:\/\/xactskateshop.com\/wp-content\/uploads\/2024\/01\/fxx-blue-63x44-1.jpg","contentUrl":"https:\/\/xactskateshop.com\/wp-content\/uploads\/2024\/01\/fxx-blue-63x44-1.jpg","width":1000,"height":1000,"caption":"BONT FXX WHEELS BLUE"},{"@type":"BreadcrumbList","@id":"https:\/\/xactskateshop.com\/fr\/produit\/roues-bont-fxx-bleu-63mm-x-44mm-8\/#breadcrumb","itemListElement":[{"@type":"ListItem","position":1,"name":"Home","item":"https:\/\/xactskateshop.com\/fr\/accueil\/"},{"@type":"ListItem","position":2,"name":"Boutique","item":"https:\/\/xactskateshop.com\/shop\/"},{"@type":"ListItem","position":3,"name":"Roues BONT FXX BLEUES 63mm x 44mm (8)"}]},{"@type":"WebSite","@id":"http:\/\/xactskateshop.com\/fr\/#website","url":"http:\/\/xactskateshop.com\/fr\/","name":"Xact Skate Shop","description":"Un site utilisant WordPress","publisher":{"@id":"http:\/\/xactskateshop.com\/fr\/#organization"},"potentialAction":[{"@type":"SearchAction","target":{"@type":"EntryPoint","urlTemplate":"http:\/\/xactskateshop.com\/fr\/?s={search_term_string}"},"query-input":{"@type":"PropertyValueSpecification","valueRequired":true,"valueName":"search_term_string"}}],"inLanguage":"fr-FR"},{"@type":"Organization","@id":"http:\/\/xactskateshop.com\/fr\/#organization","name":"XACT Skate Shop","url":"http:\/\/xactskateshop.com\/fr\/","logo":{"@type":"ImageObject","inLanguage":"fr-FR","@id":"http:\/\/xactskateshop.com\/fr\/#\/schema\/logo\/image\/","url":"http:\/\/xactskateshop.com\/wp-content\/uploads\/2024\/04\/xactskateshop-dot-com-avec-contour-noir-sans-fond-675x.jpg","contentUrl":"http:\/\/xactskateshop.com\/wp-content\/uploads\/2024\/04\/xactskateshop-dot-com-avec-contour-noir-sans-fond-675x.jpg","width":675,"height":247,"caption":"XACT Skate Shop"},"image":{"@id":"http:\/\/xactskateshop.com\/fr\/#\/schema\/logo\/image\/"},"sameAs":["https:\/\/www.facebook.com\/JeanLouiskateshop"]}]}},"_links":{"self":[{"href":"https:\/\/xactskateshop.com\/fr\/wp-json\/wp\/v2\/product\/55720","targetHints":{"allow":["GET"]}}],"collection":[{"href":"https:\/\/xactskateshop.com\/fr\/wp-json\/wp\/v2\/product"}],"about":[{"href":"https:\/\/xactskateshop.com\/fr\/wp-json\/wp\/v2\/types\/product"}],"replies":[{"embeddable":true,"href":"https:\/\/xactskateshop.com\/fr\/wp-json\/wp\/v2\/comments?post=55720"}],"wp:featuredmedia":[{"embeddable":true,"href":"https:\/\/xactskateshop.com\/fr\/wp-json\/wp\/v2\/media\/37758"}],"wp:attachment":[{"href":"https:\/\/xactskateshop.com\/fr\/wp-json\/wp\/v2\/media?parent=55720"}],"wp:term":[{"taxonomy":"product_brand","embeddable":true,"href":"https:\/\/xactskateshop.com\/fr\/wp-json\/wp\/v2\/product_brand?post=55720"},{"taxonomy":"product_cat","embeddable":true,"href":"https:\/\/xactskateshop.com\/fr\/wp-json\/wp\/v2\/product_cat?post=55720"},{"taxonomy":"product_tag","embeddable":true,"href":"https:\/\/xactskateshop.com\/fr\/wp-json\/wp\/v2\/product_tag?post=55720"}],"curies":[{"name":"wp","href":"https:\/\/api.w.org\/{rel}","templated":true}]}}