{"id":55719,"date":"2024-02-28T15:11:29","date_gmt":"2024-02-28T20:11:29","guid":{"rendered":"http:\/\/xactskateshop.com\/product\/gabarit-pigeon-evolution-1000-pro\/"},"modified":"2025-10-11T15:32:40","modified_gmt":"2025-10-11T19:32:40","slug":"gabarit-pigeon-evolution-1000-pro","status":"publish","type":"product","link":"https:\/\/xactskateshop.com\/fr\/produit\/gabarit-pigeon-evolution-1000-pro\/","title":{"rendered":"Gabarit PIGEON Evolution 1000 PRO"},"content":{"rendered":"<h2>Jig Pigeon Evolution LM-1000<\/h2>\n<p>Le Pigeon jig evolution est con\u00e7u avec une attention particuli\u00e8re \u00e0 la stabilit\u00e9, la pr\u00e9cision et la durabilit\u00e9 afin d&#8217;offrir une exp\u00e9rience d&#8217;aff\u00fbtage optimale.<\/p>\n<h3>Voici quelques points cl\u00e9s :<\/h3>\n<ul>\n<li><strong>Largeur du support de la barre transversale :<\/strong> d&#8217;une largeur de 1 pouce, le support de la barre transversale offre une stabilit\u00e9 accrue, garantissant un aff\u00fbtage pr\u00e9cis et sans vibrations.<\/li>\n<li><strong>Diam\u00e8tre des<\/strong> vis <strong>:<\/strong> les vis de 3\/8 pouces offrent un mouvement de rotation r\u00e9gulier, facilitant le r\u00e9glage et le verrouillage du gabarit en place.<\/li>\n<li><strong>Grand coussin d&#8217;appui au sol :<\/strong> Ce coussin augmente la stabilit\u00e9 du support pendant l&#8217;aff\u00fbtage. Il garantit une surface de travail solide et s\u00fbre lors des mouvements de va-et-vient avec la pierre \u00e0 aiguiser.<\/li>\n<li><strong>Manche en aluminium rivet\u00e9 :<\/strong> Le manche en aluminium rivet\u00e9 \u00e9limine tout risque de d\u00e9montage en cours d&#8217;utilisation, assurant une prise en main s\u00fbre et confortable.<\/li>\n<li><strong>Barre transversale hexagonale :<\/strong> La barre transversale hexagonale usin\u00e9e avec pr\u00e9cision garantit un remontage pr\u00e9cis \u00e0 chaque fois. Elle r\u00e9duit le temps n\u00e9cessaire \u00e0 la pr\u00e9paration du gabarit pour l&#8217;aff\u00fbtage.<\/li>\n<li><strong>Num\u00e9ro d&#8217;identification unique :<\/strong> Chaque gabarit Pigeon est pourvu d&#8217;un num\u00e9ro d&#8217;identification unique pour une meilleure tra\u00e7abilit\u00e9 et un meilleur contr\u00f4le de la fabrication.<\/li>\n<li><strong>L\u00e9ger :<\/strong> Avec un poids de seulement 2 kg, le gabarit est facile \u00e0 transporter et \u00e0 manipuler, id\u00e9al pour les voyages et les d\u00e9placements.<\/li>\n<li><strong>Mat\u00e9riaux de qualit\u00e9 :<\/strong> Fabriqu\u00e9 en acier inoxydable et en aluminium, le gabarit est r\u00e9sistant \u00e0 la rouille et offre une durabilit\u00e9 exceptionnelle.<\/li>\n<li><strong>Vari\u00e9t\u00e9 de couleurs :<\/strong> Disponible en 8 couleurs diff\u00e9rentes, ainsi qu&#8217;en version noire avec mat\u00e9riel noir pour un co\u00fbt suppl\u00e9mentaire, ce qui permet de personnaliser l&#8217;esth\u00e9tique.<\/li>\n<li><strong>Top Locator&#8221; :<\/strong> Ce dispositif optionnel est disponible pour faciliter le positionnement pr\u00e9cis des outils d&#8217;aff\u00fbtage.<\/li>\n<\/ul>\n<p>Ces caract\u00e9ristiques combin\u00e9es rendent le gabarit Pigeon robuste, stable et pr\u00e9cis, ce qui se traduit par une am\u00e9lioration de la qualit\u00e9 de l&#8217;aff\u00fbtage et une r\u00e9duction du temps n\u00e9cessaire pour obtenir des r\u00e9sultats optimaux.<\/p>\n<p>Peut \u00eatre utilis\u00e9 avec notre fameuse <a href=\"http:\/\/xactskateshop.com\/product\/norton-jum3-sharpening-stone\/\">pierre Norton JUM3<\/a><\/p>\n<p>&nbsp;<\/p>\n","protected":false},"excerpt":{"rendered":"<hr \/>\n<p style=\"text-align: center;\">Le gabarit Pigeon est con\u00e7u avec un souci de stabilit\u00e9, de pr\u00e9cision et de durabilit\u00e9 afin d&#8217;offrir une exp\u00e9rience d&#8217;aff\u00fbtage optimale.<\/p>\n<p style=\"text-align: center;\">Tout simplement le meilleur support d&#8217;aiguisage sur le march\u00e9.<\/p>\n<hr \/>\n<p>&nbsp;<\/p>\n","protected":false},"featured_media":37997,"comment_status":"open","ping_status":"closed","template":"","meta":{"site-sidebar-layout":"default","site-content-layout":"default","ast-site-content-layout":"default","site-content-style":"default","site-sidebar-style":"default","ast-global-header-display":"","ast-banner-title-visibility":"","ast-main-header-display":"","ast-hfb-above-header-display":"","ast-hfb-below-header-display":"","ast-hfb-mobile-header-display":"","site-post-title":"","ast-breadcrumbs-content":"","ast-featured-img":"","footer-sml-layout":"","theme-transparent-header-meta":"default","adv-header-id-meta":"","stick-header-meta":"","header-above-stick-meta":"","header-main-stick-meta":"","header-below-stick-meta":"","astra-migrate-meta-layouts":"set","ast-page-background-enabled":"default","ast-page-background-meta":{"desktop":{"background-color":"","background-image":"","background-repeat":"repeat","background-position":"center center","background-size":"auto","background-attachment":"scroll","background-type":"","background-media":"","overlay-type":"","overlay-color":"","overlay-opacity":"","overlay-gradient":""},"tablet":{"background-color":"","background-image":"","background-repeat":"repeat","background-position":"center center","background-size":"auto","background-attachment":"scroll","background-type":"","background-media":"","overlay-type":"","overlay-color":"","overlay-opacity":"","overlay-gradient":""},"mobile":{"background-color":"","background-image":"","background-repeat":"repeat","background-position":"center center","background-size":"auto","background-attachment":"scroll","background-type":"","background-media":"","overlay-type":"","overlay-color":"","overlay-opacity":"","overlay-gradient":""}},"ast-content-background-meta":{"desktop":{"background-color":"var(--ast-global-color-5)","background-image":"","background-repeat":"repeat","background-position":"center center","background-size":"auto","background-attachment":"scroll","background-type":"","background-media":"","overlay-type":"","overlay-color":"","overlay-opacity":"","overlay-gradient":""},"tablet":{"background-color":"var(--ast-global-color-5)","background-image":"","background-repeat":"repeat","background-position":"center center","background-size":"auto","background-attachment":"scroll","background-type":"","background-media":"","overlay-type":"","overlay-color":"","overlay-opacity":"","overlay-gradient":""},"mobile":{"background-color":"var(--ast-global-color-5)","background-image":"","background-repeat":"repeat","background-position":"center center","background-size":"auto","background-attachment":"scroll","background-type":"","background-media":"","overlay-type":"","overlay-color":"","overlay-opacity":"","overlay-gradient":""}}},"product_brand":[],"product_cat":[1500,1353],"product_tag":[1356,1998,1504,2789],"class_list":{"0":"post-55719","1":"product","2":"type-product","3":"status-publish","4":"has-post-thumbnail","6":"product_cat-entretien-des-lames-fr","7":"product_cat-patinage-de-vitesse","8":"product_tag-courte-piste-fr","9":"product_tag-gabarit-a-voie-courte","10":"product_tag-gabarit-daffutage","11":"product_tag-jig-fr","12":"desktop-align-center","13":"tablet-align-center","14":"mobile-align-center","15":"ast-product-gallery-layout-horizontal","16":"ast-product-single-variable","17":"ast-product-tabs-layout-horizontal","18":"ast-qv-on-image","20":"first","21":"outofstock","22":"taxable","23":"shipping-taxable","24":"purchasable","25":"product-type-variable"},"bundled_by":[],"bundle_stock_status":"outofstock","bundle_stock_quantity":0,"bundle_virtual":false,"bundle_layout":"","bundle_add_to_cart_form_location":"","bundle_editable_in_cart":false,"bundle_sold_individually_context":"","bundle_item_grouping":"","bundle_min_size":"","bundle_max_size":"","bundle_price":[],"bundled_items":[],"bundle_sell_ids":[],"yoast_head":"<!-- This site is optimized with the Yoast SEO plugin v27.4 - https:\/\/yoast.com\/product\/yoast-seo-wordpress\/ -->\n<title>Gabarit PIGEON Evolution 1000 PRO - Xact Skate Shop<\/title>\n<meta name=\"description\" content=\"Le gabarit Pigeon est con\u00e7u avec un souci de stabilit\u00e9, de pr\u00e9cision et de durabilit\u00e9 afin d&#039;offrir une exp\u00e9rience d&#039;aff\u00fbtage optimale.\" \/>\n<meta name=\"robots\" content=\"index, follow, max-snippet:-1, max-image-preview:large, max-video-preview:-1\" \/>\n<link rel=\"canonical\" href=\"https:\/\/xactskateshop.com\/fr\/produit\/gabarit-pigeon-evolution-1000-pro\/\" \/>\n<meta property=\"og:locale\" content=\"fr_FR\" \/>\n<meta property=\"og:type\" content=\"article\" \/>\n<meta property=\"og:title\" content=\"Gabarit PIGEON Evolution 1000 PRO - Xact Skate Shop\" \/>\n<meta property=\"og:description\" content=\"Le gabarit Pigeon est con\u00e7u avec un souci de stabilit\u00e9, de pr\u00e9cision et de durabilit\u00e9 afin d&#039;offrir une exp\u00e9rience d&#039;aff\u00fbtage optimale.\" \/>\n<meta property=\"og:url\" content=\"https:\/\/xactskateshop.com\/fr\/produit\/gabarit-pigeon-evolution-1000-pro\/\" \/>\n<meta property=\"og:site_name\" content=\"Xact Skate Shop\" \/>\n<meta property=\"article:publisher\" content=\"https:\/\/www.facebook.com\/JeanLouiskateshop\" \/>\n<meta property=\"article:modified_time\" content=\"2025-10-11T19:32:40+00:00\" \/>\n<meta property=\"og:image\" content=\"https:\/\/xactskateshop.com\/wp-content\/uploads\/2024\/02\/Jig-1.jpg\" \/>\n\t<meta property=\"og:image:width\" content=\"1000\" \/>\n\t<meta property=\"og:image:height\" content=\"1000\" \/>\n\t<meta property=\"og:image:type\" content=\"image\/jpeg\" \/>\n<meta name=\"twitter:card\" content=\"summary_large_image\" \/>\n<meta name=\"twitter:label1\" content=\"Dur\u00e9e de lecture estim\u00e9e\" \/>\n\t<meta name=\"twitter:data1\" content=\"2 minutes\" \/>\n<script type=\"application\/ld+json\" class=\"yoast-schema-graph\">{\"@context\":\"https:\\\/\\\/schema.org\",\"@graph\":[{\"@type\":\"WebPage\",\"@id\":\"https:\\\/\\\/xactskateshop.com\\\/fr\\\/produit\\\/gabarit-pigeon-evolution-1000-pro\\\/\",\"url\":\"https:\\\/\\\/xactskateshop.com\\\/fr\\\/produit\\\/gabarit-pigeon-evolution-1000-pro\\\/\",\"name\":\"Gabarit PIGEON Evolution 1000 PRO - Xact Skate Shop\",\"isPartOf\":{\"@id\":\"http:\\\/\\\/xactskateshop.com\\\/fr\\\/#website\"},\"primaryImageOfPage\":{\"@id\":\"https:\\\/\\\/xactskateshop.com\\\/fr\\\/produit\\\/gabarit-pigeon-evolution-1000-pro\\\/#primaryimage\"},\"image\":{\"@id\":\"https:\\\/\\\/xactskateshop.com\\\/fr\\\/produit\\\/gabarit-pigeon-evolution-1000-pro\\\/#primaryimage\"},\"thumbnailUrl\":\"https:\\\/\\\/xactskateshop.com\\\/wp-content\\\/uploads\\\/2024\\\/02\\\/Jig-1.jpg\",\"datePublished\":\"2024-02-28T20:11:29+00:00\",\"dateModified\":\"2025-10-11T19:32:40+00:00\",\"description\":\"Le gabarit Pigeon est con\u00e7u avec un souci de stabilit\u00e9, de pr\u00e9cision et de durabilit\u00e9 afin d'offrir une exp\u00e9rience d'aff\u00fbtage optimale.\",\"breadcrumb\":{\"@id\":\"https:\\\/\\\/xactskateshop.com\\\/fr\\\/produit\\\/gabarit-pigeon-evolution-1000-pro\\\/#breadcrumb\"},\"inLanguage\":\"fr-FR\",\"potentialAction\":[{\"@type\":\"ReadAction\",\"target\":[\"https:\\\/\\\/xactskateshop.com\\\/fr\\\/produit\\\/gabarit-pigeon-evolution-1000-pro\\\/\"]}]},{\"@type\":\"ImageObject\",\"inLanguage\":\"fr-FR\",\"@id\":\"https:\\\/\\\/xactskateshop.com\\\/fr\\\/produit\\\/gabarit-pigeon-evolution-1000-pro\\\/#primaryimage\",\"url\":\"https:\\\/\\\/xactskateshop.com\\\/wp-content\\\/uploads\\\/2024\\\/02\\\/Jig-1.jpg\",\"contentUrl\":\"https:\\\/\\\/xactskateshop.com\\\/wp-content\\\/uploads\\\/2024\\\/02\\\/Jig-1.jpg\",\"width\":1000,\"height\":1000,\"caption\":\"Jig Evolution Pigeon\"},{\"@type\":\"BreadcrumbList\",\"@id\":\"https:\\\/\\\/xactskateshop.com\\\/fr\\\/produit\\\/gabarit-pigeon-evolution-1000-pro\\\/#breadcrumb\",\"itemListElement\":[{\"@type\":\"ListItem\",\"position\":1,\"name\":\"Home\",\"item\":\"https:\\\/\\\/xactskateshop.com\\\/fr\\\/accueil\\\/\"},{\"@type\":\"ListItem\",\"position\":2,\"name\":\"Boutique\",\"item\":\"https:\\\/\\\/xactskateshop.com\\\/shop\\\/\"},{\"@type\":\"ListItem\",\"position\":3,\"name\":\"Gabarit PIGEON Evolution 1000 PRO\"}]},{\"@type\":\"WebSite\",\"@id\":\"http:\\\/\\\/xactskateshop.com\\\/fr\\\/#website\",\"url\":\"http:\\\/\\\/xactskateshop.com\\\/fr\\\/\",\"name\":\"Xact Skate Shop\",\"description\":\"Un site utilisant WordPress\",\"publisher\":{\"@id\":\"http:\\\/\\\/xactskateshop.com\\\/fr\\\/#organization\"},\"potentialAction\":[{\"@type\":\"SearchAction\",\"target\":{\"@type\":\"EntryPoint\",\"urlTemplate\":\"http:\\\/\\\/xactskateshop.com\\\/fr\\\/?s={search_term_string}\"},\"query-input\":{\"@type\":\"PropertyValueSpecification\",\"valueRequired\":true,\"valueName\":\"search_term_string\"}}],\"inLanguage\":\"fr-FR\"},{\"@type\":\"Organization\",\"@id\":\"http:\\\/\\\/xactskateshop.com\\\/fr\\\/#organization\",\"name\":\"XACT Skate Shop\",\"url\":\"http:\\\/\\\/xactskateshop.com\\\/fr\\\/\",\"logo\":{\"@type\":\"ImageObject\",\"inLanguage\":\"fr-FR\",\"@id\":\"http:\\\/\\\/xactskateshop.com\\\/fr\\\/#\\\/schema\\\/logo\\\/image\\\/\",\"url\":\"http:\\\/\\\/xactskateshop.com\\\/wp-content\\\/uploads\\\/2024\\\/04\\\/xactskateshop-dot-com-avec-contour-noir-sans-fond-675x.jpg\",\"contentUrl\":\"http:\\\/\\\/xactskateshop.com\\\/wp-content\\\/uploads\\\/2024\\\/04\\\/xactskateshop-dot-com-avec-contour-noir-sans-fond-675x.jpg\",\"width\":675,\"height\":247,\"caption\":\"XACT Skate Shop\"},\"image\":{\"@id\":\"http:\\\/\\\/xactskateshop.com\\\/fr\\\/#\\\/schema\\\/logo\\\/image\\\/\"},\"sameAs\":[\"https:\\\/\\\/www.facebook.com\\\/JeanLouiskateshop\"]}]}<\/script>\n<!-- \/ Yoast SEO plugin. -->","yoast_head_json":{"title":"Gabarit PIGEON Evolution 1000 PRO - Xact Skate Shop","description":"Le gabarit Pigeon est con\u00e7u avec un souci de stabilit\u00e9, de pr\u00e9cision et de durabilit\u00e9 afin d'offrir une exp\u00e9rience d'aff\u00fbtage optimale.","robots":{"index":"index","follow":"follow","max-snippet":"max-snippet:-1","max-image-preview":"max-image-preview:large","max-video-preview":"max-video-preview:-1"},"canonical":"https:\/\/xactskateshop.com\/fr\/produit\/gabarit-pigeon-evolution-1000-pro\/","og_locale":"fr_FR","og_type":"article","og_title":"Gabarit PIGEON Evolution 1000 PRO - Xact Skate Shop","og_description":"Le gabarit Pigeon est con\u00e7u avec un souci de stabilit\u00e9, de pr\u00e9cision et de durabilit\u00e9 afin d'offrir une exp\u00e9rience d'aff\u00fbtage optimale.","og_url":"https:\/\/xactskateshop.com\/fr\/produit\/gabarit-pigeon-evolution-1000-pro\/","og_site_name":"Xact Skate Shop","article_publisher":"https:\/\/www.facebook.com\/JeanLouiskateshop","article_modified_time":"2025-10-11T19:32:40+00:00","og_image":[{"width":1000,"height":1000,"url":"https:\/\/xactskateshop.com\/wp-content\/uploads\/2024\/02\/Jig-1.jpg","type":"image\/jpeg"}],"twitter_card":"summary_large_image","twitter_misc":{"Dur\u00e9e de lecture estim\u00e9e":"2 minutes"},"schema":{"@context":"https:\/\/schema.org","@graph":[{"@type":"WebPage","@id":"https:\/\/xactskateshop.com\/fr\/produit\/gabarit-pigeon-evolution-1000-pro\/","url":"https:\/\/xactskateshop.com\/fr\/produit\/gabarit-pigeon-evolution-1000-pro\/","name":"Gabarit PIGEON Evolution 1000 PRO - Xact Skate Shop","isPartOf":{"@id":"http:\/\/xactskateshop.com\/fr\/#website"},"primaryImageOfPage":{"@id":"https:\/\/xactskateshop.com\/fr\/produit\/gabarit-pigeon-evolution-1000-pro\/#primaryimage"},"image":{"@id":"https:\/\/xactskateshop.com\/fr\/produit\/gabarit-pigeon-evolution-1000-pro\/#primaryimage"},"thumbnailUrl":"https:\/\/xactskateshop.com\/wp-content\/uploads\/2024\/02\/Jig-1.jpg","datePublished":"2024-02-28T20:11:29+00:00","dateModified":"2025-10-11T19:32:40+00:00","description":"Le gabarit Pigeon est con\u00e7u avec un souci de stabilit\u00e9, de pr\u00e9cision et de durabilit\u00e9 afin d'offrir une exp\u00e9rience d'aff\u00fbtage optimale.","breadcrumb":{"@id":"https:\/\/xactskateshop.com\/fr\/produit\/gabarit-pigeon-evolution-1000-pro\/#breadcrumb"},"inLanguage":"fr-FR","potentialAction":[{"@type":"ReadAction","target":["https:\/\/xactskateshop.com\/fr\/produit\/gabarit-pigeon-evolution-1000-pro\/"]}]},{"@type":"ImageObject","inLanguage":"fr-FR","@id":"https:\/\/xactskateshop.com\/fr\/produit\/gabarit-pigeon-evolution-1000-pro\/#primaryimage","url":"https:\/\/xactskateshop.com\/wp-content\/uploads\/2024\/02\/Jig-1.jpg","contentUrl":"https:\/\/xactskateshop.com\/wp-content\/uploads\/2024\/02\/Jig-1.jpg","width":1000,"height":1000,"caption":"Jig Evolution Pigeon"},{"@type":"BreadcrumbList","@id":"https:\/\/xactskateshop.com\/fr\/produit\/gabarit-pigeon-evolution-1000-pro\/#breadcrumb","itemListElement":[{"@type":"ListItem","position":1,"name":"Home","item":"https:\/\/xactskateshop.com\/fr\/accueil\/"},{"@type":"ListItem","position":2,"name":"Boutique","item":"https:\/\/xactskateshop.com\/shop\/"},{"@type":"ListItem","position":3,"name":"Gabarit PIGEON Evolution 1000 PRO"}]},{"@type":"WebSite","@id":"http:\/\/xactskateshop.com\/fr\/#website","url":"http:\/\/xactskateshop.com\/fr\/","name":"Xact Skate Shop","description":"Un site utilisant WordPress","publisher":{"@id":"http:\/\/xactskateshop.com\/fr\/#organization"},"potentialAction":[{"@type":"SearchAction","target":{"@type":"EntryPoint","urlTemplate":"http:\/\/xactskateshop.com\/fr\/?s={search_term_string}"},"query-input":{"@type":"PropertyValueSpecification","valueRequired":true,"valueName":"search_term_string"}}],"inLanguage":"fr-FR"},{"@type":"Organization","@id":"http:\/\/xactskateshop.com\/fr\/#organization","name":"XACT Skate Shop","url":"http:\/\/xactskateshop.com\/fr\/","logo":{"@type":"ImageObject","inLanguage":"fr-FR","@id":"http:\/\/xactskateshop.com\/fr\/#\/schema\/logo\/image\/","url":"http:\/\/xactskateshop.com\/wp-content\/uploads\/2024\/04\/xactskateshop-dot-com-avec-contour-noir-sans-fond-675x.jpg","contentUrl":"http:\/\/xactskateshop.com\/wp-content\/uploads\/2024\/04\/xactskateshop-dot-com-avec-contour-noir-sans-fond-675x.jpg","width":675,"height":247,"caption":"XACT Skate Shop"},"image":{"@id":"http:\/\/xactskateshop.com\/fr\/#\/schema\/logo\/image\/"},"sameAs":["https:\/\/www.facebook.com\/JeanLouiskateshop"]}]}},"_links":{"self":[{"href":"https:\/\/xactskateshop.com\/fr\/wp-json\/wp\/v2\/product\/55719","targetHints":{"allow":["GET"]}}],"collection":[{"href":"https:\/\/xactskateshop.com\/fr\/wp-json\/wp\/v2\/product"}],"about":[{"href":"https:\/\/xactskateshop.com\/fr\/wp-json\/wp\/v2\/types\/product"}],"replies":[{"embeddable":true,"href":"https:\/\/xactskateshop.com\/fr\/wp-json\/wp\/v2\/comments?post=55719"}],"wp:featuredmedia":[{"embeddable":true,"href":"https:\/\/xactskateshop.com\/fr\/wp-json\/wp\/v2\/media\/37997"}],"wp:attachment":[{"href":"https:\/\/xactskateshop.com\/fr\/wp-json\/wp\/v2\/media?parent=55719"}],"wp:term":[{"taxonomy":"product_brand","embeddable":true,"href":"https:\/\/xactskateshop.com\/fr\/wp-json\/wp\/v2\/product_brand?post=55719"},{"taxonomy":"product_cat","embeddable":true,"href":"https:\/\/xactskateshop.com\/fr\/wp-json\/wp\/v2\/product_cat?post=55719"},{"taxonomy":"product_tag","embeddable":true,"href":"https:\/\/xactskateshop.com\/fr\/wp-json\/wp\/v2\/product_tag?post=55719"}],"curies":[{"name":"wp","href":"https:\/\/api.w.org\/{rel}","templated":true}]}}