{"id":55713,"date":"2024-03-20T11:07:38","date_gmt":"2024-03-20T15:07:38","guid":{"rendered":"http:\/\/xactskateshop.com\/product\/k2-charm-boa-alu-2\/"},"modified":"2026-04-11T11:10:59","modified_gmt":"2026-04-11T15:10:59","slug":"k2-charm-boa-alu-2","status":"publish","type":"product","link":"https:\/\/xactskateshop.com\/fr\/produit\/k2-charm-boa-alu-2\/","title":{"rendered":"Patins K2 Charm BOA\u00ae alu"},"content":{"rendered":"<h4>Patins K2 Charm BOA\u00ae alu<\/h4>\n<div class=\"description\" data-v-5d9fe673=\"\">\n<p>Pour l&#8217;enfant qui veut patiner comme un champion, les patins \u00e0 roues align\u00e9es r\u00e9glables K2 Charm BOA\u00ae ALU ont les caract\u00e9ristiques et le niveau de performance n\u00e9cessaires pour lui permettre d&#8217;exceller dans le sport qu&#8217;il aime. Offrant un design cool avec une stabilit\u00e9, un contr\u00f4le, un ajustement et une sensation excellents, le Charm est imbattable ! Con\u00e7u avec le BOA\u00ae Fit System, votre enfant peut facilement entrer et sortir de ses patins, s&#8217;adapter \u00e0 la forme qu&#8217;il souhaite et faire des ajustements. Comme les enfants grandissent vite, la fonction Five Size Adjustability leur permet d&#8217;augmenter la taille de la chaussure afin qu&#8217;ils puissent rouler avec ces patins pendant longtemps.<\/p>\n<p><span style=\"font-size: 16px;\">Voir d&#8217;autres mod\u00e8les <\/span><a style=\"font-size: 16px; background-color: #ffffff;\" href=\"http:\/\/xactskateshop.com\/product-category\/recrational-skating\/recreational-inline-skates\/\">ici !<\/a><\/p>\n<\/div>\n<p>Vous cherchez des patins de vitesse ? Voyez ce que nous avons <a href=\"https:\/\/bont.ca\/pages\/inline-skates\">ici !<\/a><\/p>\n<div class=\"size-chart-description\" data-v-65e682ee=\"\">\n<h4><strong>Tableau des tailles de patins pour jeunes<\/strong><\/h4>\n<\/div>\n<table data-v-65e682ee=\"\">\n<thead data-v-65e682ee=\"\">\n<tr data-v-65e682ee=\"\">\n<th data-v-65e682ee=\"\">Taille de patin\/ Taille de chaussure US<\/th>\n<th data-v-65e682ee=\"\">Pointure UK<\/th>\n<th data-v-65e682ee=\"\">Pointure europ\u00e9enne<\/th>\n<th data-v-65e682ee=\"\">Longueur du pied (in)<\/th>\n<th data-v-65e682ee=\"\">Longueur du pied (cm)<\/th>\n<\/tr>\n<\/thead>\n<tbody data-v-65e682ee=\"\">\n<tr data-v-65e682ee=\"\">\n<td class=\"\" data-v-65e682ee=\"\"><span class=\"mobile-text\" data-v-65e682ee=\"\">11 &#8211; 2<\/span><\/td>\n<td class=\"\" data-v-65e682ee=\"\"><span class=\"mobile-text\" data-v-65e682ee=\"\">10 &#8211; 1<\/span><\/td>\n<td class=\"\" data-v-65e682ee=\"\"><span class=\"mobile-text\" data-v-65e682ee=\"\">29 &#8211; 34<\/span><\/td>\n<td class=\"\" data-v-65e682ee=\"\"><span class=\"mobile-text\" data-v-65e682ee=\"\">6.69 &#8211; 8.07<\/span><\/td>\n<td class=\"\" data-v-65e682ee=\"\"><span class=\"mobile-text\" data-v-65e682ee=\"\">17 &#8211; 20.5<\/span><\/td>\n<\/tr>\n<tr data-v-65e682ee=\"\">\n<td class=\"\" data-v-65e682ee=\"\"><span class=\"mobile-text\" data-v-65e682ee=\"\">1 &#8211; 5<\/span><\/td>\n<td class=\"\" data-v-65e682ee=\"\"><span class=\"mobile-text\" data-v-65e682ee=\"\">13 &#8211; 4<\/span><\/td>\n<td class=\"\" data-v-65e682ee=\"\"><span class=\"mobile-text\" data-v-65e682ee=\"\">32 &#8211; 37<\/span><\/td>\n<td class=\"\" data-v-65e682ee=\"\"><span class=\"mobile-text\" data-v-65e682ee=\"\">7.68 &#8211; 9.06<\/span><\/td>\n<td class=\"\" data-v-65e682ee=\"\"><span class=\"mobile-text\" data-v-65e682ee=\"\">19.5 &#8211; 23<\/span><\/td>\n<\/tr>\n<tr data-v-65e682ee=\"\">\n<td class=\"\" data-v-65e682ee=\"\"><span class=\"mobile-text\" data-v-65e682ee=\"\">4 &#8211; 8<\/span><\/td>\n<td class=\"\" data-v-65e682ee=\"\"><span class=\"mobile-text\" data-v-65e682ee=\"\">3 &#8211; 7<\/span><\/td>\n<td class=\"\" data-v-65e682ee=\"\"><span class=\"mobile-text\" data-v-65e682ee=\"\">35 &#8211; 40<\/span><\/td>\n<td class=\"\" data-v-65e682ee=\"\"><span class=\"mobile-text\" data-v-65e682ee=\"\">8.66 &#8211; 10.04<\/span><\/td>\n<td class=\"\" data-v-65e682ee=\"\"><span class=\"mobile-text\" data-v-65e682ee=\"\">22 &#8211; 25.5<\/span><\/td>\n<\/tr>\n<\/tbody>\n<\/table>\n<div class=\"list-group\" data-v-6bf92d32=\"\">\n<div class=\"list-group\" data-v-5d9fe673=\"\">\n<h4 data-v-5d9fe673=\"\">TAILLE<\/h4>\n<p>1-5,<span class=\"comma\" data-v-5d9fe673=\"\">4-8<\/span><\/p>\n<\/div>\n<div data-v-5d9fe673=\"\">\n<h4 data-v-5d9fe673=\"\">SUPPORT DE MANCHETTE<\/h4>\n<p data-v-5d9fe673=\"\"><span class=\"array-item\" data-v-5d9fe673=\"\">Brassard Stability Plus<\/span><\/p>\n<\/div>\n<div data-v-5d9fe673=\"\">\n<h4 data-v-5d9fe673=\"\">CADRE DE PATINAGE<\/h4>\n<p data-v-5d9fe673=\"\"><span class=\"array-item\" data-v-5d9fe673=\"\">Cadre en aluminium estamp\u00e9<\/span><\/p>\n<\/div>\n<div data-v-5d9fe673=\"\">\n<h4 data-v-5d9fe673=\"\">ROULEMENTS DE PATINS<\/h4>\n<p data-v-5d9fe673=\"\"><span class=\"array-item\" data-v-5d9fe673=\"\">ABEC 5<\/span><\/p>\n<\/div>\n<div data-v-5d9fe673=\"\">\n<h4 data-v-5d9fe673=\"\">TAILLE DES ROUES<\/h4>\n<p data-v-5d9fe673=\"\"><span class=\"array-item\" data-v-5d9fe673=\"\">76 mm<\/span><\/p>\n<\/div>\n<\/div>\n<div data-v-6bf92d32=\"\">\n<p data-v-6bf92d32=\"\"><span style=\"font-size: 1.3em; font-weight: bold;\">CARACT\u00c9RISTIQUES DE LA PATINOIRE<\/span><\/p>\n<\/div>\n<div data-v-6bf92d32=\"\">\n<p data-v-6bf92d32=\"\"><span class=\"array-item\" data-v-6bf92d32=\"\">5 Taille ajustable<span class=\"comma\" data-v-6bf92d32=\"\">,<\/span><\/span><span class=\"array-item\" data-v-6bf92d32=\"\">Le syst\u00e8me BOA\u00ae Fit<\/span><\/p>\n<div class=\"tech-entry\" data-v-6bf92d32=\"\">\n<h4 class=\"title-border\" data-v-6bf92d32=\"\">5 TAILLES EXTENSIBLES :<\/h4>\n<div data-v-6bf92d32=\"\">\n<p>Chaque patin s&#8217;agrandit 5 tailles individuelles par patin<\/p>\n<\/div>\n<\/div>\n<div class=\"tech-entry\" data-v-6bf92d32=\"\">\n<h4 class=\"title-border\" data-v-6bf92d32=\"\">SYST\u00c8ME BOA\u00ae FIT :<\/h4>\n<div data-v-6bf92d32=\"\">\n<p>Le BOA\u00ae Fit System permet un ajustement rapide, sans effort et pr\u00e9cis.<\/p>\n<div class=\"tech-entry\" data-v-5d9fe673=\"\">\n<div class=\"amp-image-container\" data-v-5d9fe673=\"\"><picture><img decoding=\"async\" class=\"progressive-image progressive-image-loaded\" src=\"https:\/\/cdn.media.amplience.net\/i\/k2\/k2skate_tech-icon_boa?w=784&amp;fmt=webp&amp;fmt.interlaced=true&amp;qlt=75&amp;protocol=https\" alt=\"boa tech icon\" width=\"207\" height=\"207\" \/><\/picture><\/div>\n<h4 class=\"title-border\" data-v-5d9fe673=\"\">SYST\u00c8ME BOA\u00ae FIT :<\/h4>\n<div data-v-5d9fe673=\"\">\n<p>BOA\u00ae vous permet d&#8217;enfiler et d&#8217;enlever vos patins rapidement &#8211; et de faire des ajustements instantan\u00e9s tout au long de la journ\u00e9e pour optimiser vos performances pendant que vous patinez.<\/p>\n<\/div>\n<\/div>\n<div class=\"tech-entry\" data-v-5d9fe673=\"\">\n<div class=\"amp-image-container\" data-v-5d9fe673=\"\"><picture><source srcset=\"https:\/\/cdn.media.amplience.net\/i\/k2\/k2skate_tech-icon_expandable-size?w=425&amp;qlt=75&amp;fmt=webp&amp;fmt.interlaced=true&amp;dpi=72 1x, https:\/\/cdn.media.amplience.net\/i\/k2\/k2skate_tech-icon_expandable-size?w=425&amp;qlt=75&amp;fmt=webp&amp;fmt.interlaced=true&amp;dpi=96 2x, \" media=\"(max-width: 480px)\" \/><source srcset=\"https:\/\/cdn.media.amplience.net\/i\/k2\/k2skate_tech-icon_expandable-size?w=661&amp;qlt=75&amp;fmt=webp&amp;fmt.interlaced=true&amp;dpi=72 1x, https:\/\/cdn.media.amplience.net\/i\/k2\/k2skate_tech-icon_expandable-size?w=661&amp;qlt=75&amp;fmt=webp&amp;fmt.interlaced=true&amp;dpi=96 2x, \" media=\"(max-width: 767px)\" \/><source srcset=\"https:\/\/cdn.media.amplience.net\/i\/k2\/k2skate_tech-icon_expandable-size?w=784&amp;qlt=75&amp;fmt=webp&amp;fmt.interlaced=true&amp;dpi=72 1x, https:\/\/cdn.media.amplience.net\/i\/k2\/k2skate_tech-icon_expandable-size?w=784&amp;qlt=75&amp;fmt=webp&amp;fmt.interlaced=true&amp;dpi=96 2x, \" media=\"(min-width: 768px)\" \/><img decoding=\"async\" class=\"progressive-image progressive-image-loaded\" src=\"https:\/\/cdn.media.amplience.net\/i\/k2\/k2skate_tech-icon_expandable-size?w=784&amp;fmt=webp&amp;fmt.interlaced=true&amp;qlt=75&amp;protocol=https\" alt=\"ic\u00f4ne tech taille extensible\" width=\"301\" height=\"83\" \/><\/picture><\/div>\n<h4 class=\"title-border\" data-v-5d9fe673=\"\">5 TAILLES EXTENSIBLES :<\/h4>\n<div data-v-5d9fe673=\"\">\n<p>Chaque patin s&#8217;agrandit 5 tailles individuelles par patin<\/p>\n<\/div>\n<\/div>\n<div class=\"tech-entry\" data-v-5d9fe673=\"\">\n<div class=\"amp-image-container\" data-v-5d9fe673=\"\"><picture><source srcset=\"https:\/\/cdn.media.amplience.net\/i\/k2\/k2skate_tech-icon_original-softboot?w=425&amp;qlt=75&amp;fmt=webp&amp;fmt.interlaced=true&amp;dpi=72 1x, https:\/\/cdn.media.amplience.net\/i\/k2\/k2skate_tech-icon_original-softboot?w=425&amp;qlt=75&amp;fmt=webp&amp;fmt.interlaced=true&amp;dpi=96 2x, \" media=\"(max-width: 480px)\" \/><source srcset=\"https:\/\/cdn.media.amplience.net\/i\/k2\/k2skate_tech-icon_original-softboot?w=661&amp;qlt=75&amp;fmt=webp&amp;fmt.interlaced=true&amp;dpi=72 1x, https:\/\/cdn.media.amplience.net\/i\/k2\/k2skate_tech-icon_original-softboot?w=661&amp;qlt=75&amp;fmt=webp&amp;fmt.interlaced=true&amp;dpi=96 2x, \" media=\"(max-width: 767px)\" \/><source srcset=\"https:\/\/cdn.media.amplience.net\/i\/k2\/k2skate_tech-icon_original-softboot?w=784&amp;qlt=75&amp;fmt=webp&amp;fmt.interlaced=true&amp;dpi=72 1x, https:\/\/cdn.media.amplience.net\/i\/k2\/k2skate_tech-icon_original-softboot?w=784&amp;qlt=75&amp;fmt=webp&amp;fmt.interlaced=true&amp;dpi=96 2x, \" media=\"(min-width: 768px)\" \/><img decoding=\"async\" class=\"progressive-image progressive-image-loaded\" src=\"https:\/\/cdn.media.amplience.net\/i\/k2\/k2skate_tech-icon_original-softboot?w=784&amp;fmt=webp&amp;fmt.interlaced=true&amp;qlt=75&amp;protocol=https\" alt=\"tech icon original softboot\" width=\"327\" height=\"103\" \/><\/picture><\/div>\n<h4 class=\"title-border\" data-v-5d9fe673=\"\">LE SOFTBOOT\u00ae ORIGINAL :<\/h4>\n<div data-v-5d9fe673=\"\">\n<p>En 1993, nous avons lanc\u00e9 le premier patin \u00e0 roues align\u00e9es SoftBoot\u00ae au monde &#8211; changeant \u00e0 jamais la fa\u00e7on dont les patins de performance sont con\u00e7us et construits. Notre technologie SoftBoot originale a domin\u00e9 le march\u00e9, offrant le plus haut niveau de performance et de confort.<\/p>\n<\/div>\n<\/div>\n<p>&nbsp;<\/p>\n<\/div>\n<\/div>\n<div class=\"ast-oembed-container \" style=\"height: 100%;\"><iframe title=\"K2 Hero BOA ALU and Charm BOA ALU Kids Inline Skates\" width=\"500\" height=\"281\" src=\"https:\/\/www.youtube.com\/embed\/3PJOim7PFAk?feature=oembed\" frameborder=\"0\" allow=\"accelerometer; autoplay; clipboard-write; encrypted-media; gyroscope; picture-in-picture; web-share\" referrerpolicy=\"strict-origin-when-cross-origin\" allowfullscreen><\/iframe><\/div>\n<\/div>\n","protected":false},"excerpt":{"rendered":"<p>&nbsp;<\/p>\n<hr \/>\n<p style=\"text-align: center;\">Pour l&#8217;enfant qui veut patiner comme un champion, les patins \u00e0 roues align\u00e9es r\u00e9glables K2 Charm BOA\u00ae ALU ont les caract\u00e9ristiques et le niveau de performance n\u00e9cessaires pour lui permettre d&#8217;exceller dans le sport qu&#8217;il aime.<\/p>\n<hr \/>\n<p>&nbsp;<\/p>\n","protected":false},"featured_media":38957,"comment_status":"closed","ping_status":"closed","template":"","meta":{"site-sidebar-layout":"default","site-content-layout":"default","ast-site-content-layout":"default","site-content-style":"default","site-sidebar-style":"default","ast-global-header-display":"","ast-banner-title-visibility":"","ast-main-header-display":"","ast-hfb-above-header-display":"","ast-hfb-below-header-display":"","ast-hfb-mobile-header-display":"","site-post-title":"","ast-breadcrumbs-content":"","ast-featured-img":"","footer-sml-layout":"","ast-disable-related-posts":"","theme-transparent-header-meta":"default","adv-header-id-meta":"","stick-header-meta":"","header-above-stick-meta":"","header-main-stick-meta":"","header-below-stick-meta":"","astra-migrate-meta-layouts":"set","ast-page-background-enabled":"default","ast-page-background-meta":{"desktop":{"background-color":"","background-image":"","background-repeat":"repeat","background-position":"center center","background-size":"auto","background-attachment":"scroll","background-type":"","background-media":"","overlay-type":"","overlay-color":"","overlay-opacity":"","overlay-gradient":""},"tablet":{"background-color":"","background-image":"","background-repeat":"repeat","background-position":"center center","background-size":"auto","background-attachment":"scroll","background-type":"","background-media":"","overlay-type":"","overlay-color":"","overlay-opacity":"","overlay-gradient":""},"mobile":{"background-color":"","background-image":"","background-repeat":"repeat","background-position":"center center","background-size":"auto","background-attachment":"scroll","background-type":"","background-media":"","overlay-type":"","overlay-color":"","overlay-opacity":"","overlay-gradient":""}},"ast-content-background-meta":{"desktop":{"background-color":"var(--ast-global-color-5)","background-image":"","background-repeat":"repeat","background-position":"center center","background-size":"auto","background-attachment":"scroll","background-type":"","background-media":"","overlay-type":"","overlay-color":"","overlay-opacity":"","overlay-gradient":""},"tablet":{"background-color":"var(--ast-global-color-5)","background-image":"","background-repeat":"repeat","background-position":"center center","background-size":"auto","background-attachment":"scroll","background-type":"","background-media":"","overlay-type":"","overlay-color":"","overlay-opacity":"","overlay-gradient":""},"mobile":{"background-color":"var(--ast-global-color-5)","background-image":"","background-repeat":"repeat","background-position":"center center","background-size":"auto","background-attachment":"scroll","background-type":"","background-media":"","overlay-type":"","overlay-color":"","overlay-opacity":"","overlay-gradient":""}}},"product_brand":[],"product_cat":[1661],"product_tag":[1848,1850,1849,1847,1851],"class_list":{"0":"post-55713","1":"product","2":"type-product","3":"status-publish","4":"has-post-thumbnail","6":"product_cat-patins-a-roues-alignees-de-loisir","7":"product_tag-patin-a-roues-alignees-fr","8":"product_tag-patin-pour-enfants-fr","9":"product_tag-patinage-en-ligne","10":"product_tag-patins-pour-enfants","11":"product_tag-patins-reglables","12":"desktop-align-center","13":"tablet-align-center","14":"mobile-align-center","15":"ast-product-gallery-layout-horizontal","16":"ast-product-single-variable","17":"ast-product-tabs-layout-horizontal","18":"ast-qv-on-image","20":"first","21":"outofstock","22":"taxable","23":"shipping-taxable","24":"purchasable","25":"product-type-variable"},"bundled_by":[],"bundle_stock_status":"outofstock","bundle_stock_quantity":null,"bundle_virtual":false,"bundle_layout":"","bundle_add_to_cart_form_location":"","bundle_editable_in_cart":false,"bundle_sold_individually_context":"","bundle_item_grouping":"","bundle_min_size":"","bundle_max_size":"","bundle_price":[],"bundled_items":[],"bundle_sell_ids":[],"yoast_head":"<!-- This site is optimized with the Yoast SEO plugin v27.4 - https:\/\/yoast.com\/product\/yoast-seo-wordpress\/ -->\n<title>Patins K2 Charm BOA\u00ae alu - Xact Skate Shop<\/title>\n<meta name=\"description\" content=\"Le K2 Charm BOA\u00ae alu est destin\u00e9e aux enfants qui aiment patiner. La K2 Original SoftBoot, offre le meilleur et le plus confortable des ajustements.\" \/>\n<meta name=\"robots\" content=\"index, follow, max-snippet:-1, max-image-preview:large, max-video-preview:-1\" \/>\n<link rel=\"canonical\" href=\"https:\/\/xactskateshop.com\/fr\/produit\/k2-charm-boa-alu-2\/\" \/>\n<meta property=\"og:locale\" content=\"fr_FR\" \/>\n<meta property=\"og:type\" content=\"article\" \/>\n<meta property=\"og:title\" content=\"Patins K2 Charm BOA\u00ae alu - Xact Skate Shop\" \/>\n<meta property=\"og:description\" content=\"Le K2 Charm BOA\u00ae alu est destin\u00e9e aux enfants qui aiment patiner. La K2 Original SoftBoot, offre le meilleur et le plus confortable des ajustements.\" \/>\n<meta property=\"og:url\" content=\"https:\/\/xactskateshop.com\/fr\/produit\/k2-charm-boa-alu-2\/\" \/>\n<meta property=\"og:site_name\" content=\"Xact Skate Shop\" \/>\n<meta property=\"article:publisher\" content=\"https:\/\/www.facebook.com\/JeanLouiskateshop\" \/>\n<meta property=\"article:modified_time\" content=\"2026-04-11T15:10:59+00:00\" \/>\n<meta property=\"og:image\" content=\"https:\/\/xactskateshop.com\/wp-content\/uploads\/2024\/03\/K2SKATE21_CHARM-1.png\" \/>\n\t<meta property=\"og:image:width\" content=\"1000\" \/>\n\t<meta property=\"og:image:height\" content=\"1000\" \/>\n\t<meta property=\"og:image:type\" content=\"image\/png\" \/>\n<meta name=\"twitter:card\" content=\"summary_large_image\" \/>\n<meta name=\"twitter:label1\" content=\"Dur\u00e9e de lecture estim\u00e9e\" \/>\n\t<meta name=\"twitter:data1\" content=\"3 minutes\" \/>\n<script type=\"application\/ld+json\" class=\"yoast-schema-graph\">{\"@context\":\"https:\\\/\\\/schema.org\",\"@graph\":[{\"@type\":\"WebPage\",\"@id\":\"https:\\\/\\\/xactskateshop.com\\\/fr\\\/produit\\\/k2-charm-boa-alu-2\\\/\",\"url\":\"https:\\\/\\\/xactskateshop.com\\\/fr\\\/produit\\\/k2-charm-boa-alu-2\\\/\",\"name\":\"Patins K2 Charm BOA\u00ae alu - Xact Skate Shop\",\"isPartOf\":{\"@id\":\"http:\\\/\\\/xactskateshop.com\\\/fr\\\/#website\"},\"primaryImageOfPage\":{\"@id\":\"https:\\\/\\\/xactskateshop.com\\\/fr\\\/produit\\\/k2-charm-boa-alu-2\\\/#primaryimage\"},\"image\":{\"@id\":\"https:\\\/\\\/xactskateshop.com\\\/fr\\\/produit\\\/k2-charm-boa-alu-2\\\/#primaryimage\"},\"thumbnailUrl\":\"https:\\\/\\\/xactskateshop.com\\\/wp-content\\\/uploads\\\/2024\\\/03\\\/K2SKATE21_CHARM-1.png\",\"datePublished\":\"2024-03-20T15:07:38+00:00\",\"dateModified\":\"2026-04-11T15:10:59+00:00\",\"description\":\"Le K2 Charm BOA\u00ae alu est destin\u00e9e aux enfants qui aiment patiner. La K2 Original SoftBoot, offre le meilleur et le plus confortable des ajustements.\",\"breadcrumb\":{\"@id\":\"https:\\\/\\\/xactskateshop.com\\\/fr\\\/produit\\\/k2-charm-boa-alu-2\\\/#breadcrumb\"},\"inLanguage\":\"fr-FR\",\"potentialAction\":[{\"@type\":\"ReadAction\",\"target\":[\"https:\\\/\\\/xactskateshop.com\\\/fr\\\/produit\\\/k2-charm-boa-alu-2\\\/\"]}]},{\"@type\":\"ImageObject\",\"inLanguage\":\"fr-FR\",\"@id\":\"https:\\\/\\\/xactskateshop.com\\\/fr\\\/produit\\\/k2-charm-boa-alu-2\\\/#primaryimage\",\"url\":\"https:\\\/\\\/xactskateshop.com\\\/wp-content\\\/uploads\\\/2024\\\/03\\\/K2SKATE21_CHARM-1.png\",\"contentUrl\":\"https:\\\/\\\/xactskateshop.com\\\/wp-content\\\/uploads\\\/2024\\\/03\\\/K2SKATE21_CHARM-1.png\",\"width\":1000,\"height\":1000,\"caption\":\"K2 Charm BOA alu\"},{\"@type\":\"BreadcrumbList\",\"@id\":\"https:\\\/\\\/xactskateshop.com\\\/fr\\\/produit\\\/k2-charm-boa-alu-2\\\/#breadcrumb\",\"itemListElement\":[{\"@type\":\"ListItem\",\"position\":1,\"name\":\"Home\",\"item\":\"https:\\\/\\\/xactskateshop.com\\\/fr\\\/accueil\\\/\"},{\"@type\":\"ListItem\",\"position\":2,\"name\":\"Boutique\",\"item\":\"https:\\\/\\\/xactskateshop.com\\\/shop\\\/\"},{\"@type\":\"ListItem\",\"position\":3,\"name\":\"Patins K2 Charm BOA\u00ae alu\"}]},{\"@type\":\"WebSite\",\"@id\":\"http:\\\/\\\/xactskateshop.com\\\/fr\\\/#website\",\"url\":\"http:\\\/\\\/xactskateshop.com\\\/fr\\\/\",\"name\":\"Xact Skate Shop\",\"description\":\"Un site utilisant WordPress\",\"publisher\":{\"@id\":\"http:\\\/\\\/xactskateshop.com\\\/fr\\\/#organization\"},\"potentialAction\":[{\"@type\":\"SearchAction\",\"target\":{\"@type\":\"EntryPoint\",\"urlTemplate\":\"http:\\\/\\\/xactskateshop.com\\\/fr\\\/?s={search_term_string}\"},\"query-input\":{\"@type\":\"PropertyValueSpecification\",\"valueRequired\":true,\"valueName\":\"search_term_string\"}}],\"inLanguage\":\"fr-FR\"},{\"@type\":\"Organization\",\"@id\":\"http:\\\/\\\/xactskateshop.com\\\/fr\\\/#organization\",\"name\":\"XACT Skate Shop\",\"url\":\"http:\\\/\\\/xactskateshop.com\\\/fr\\\/\",\"logo\":{\"@type\":\"ImageObject\",\"inLanguage\":\"fr-FR\",\"@id\":\"http:\\\/\\\/xactskateshop.com\\\/fr\\\/#\\\/schema\\\/logo\\\/image\\\/\",\"url\":\"http:\\\/\\\/xactskateshop.com\\\/wp-content\\\/uploads\\\/2024\\\/04\\\/xactskateshop-dot-com-avec-contour-noir-sans-fond-675x.jpg\",\"contentUrl\":\"http:\\\/\\\/xactskateshop.com\\\/wp-content\\\/uploads\\\/2024\\\/04\\\/xactskateshop-dot-com-avec-contour-noir-sans-fond-675x.jpg\",\"width\":675,\"height\":247,\"caption\":\"XACT Skate Shop\"},\"image\":{\"@id\":\"http:\\\/\\\/xactskateshop.com\\\/fr\\\/#\\\/schema\\\/logo\\\/image\\\/\"},\"sameAs\":[\"https:\\\/\\\/www.facebook.com\\\/JeanLouiskateshop\"]}]}<\/script>\n<!-- \/ Yoast SEO plugin. -->","yoast_head_json":{"title":"Patins K2 Charm BOA\u00ae alu - Xact Skate Shop","description":"Le K2 Charm BOA\u00ae alu est destin\u00e9e aux enfants qui aiment patiner. La K2 Original SoftBoot, offre le meilleur et le plus confortable des ajustements.","robots":{"index":"index","follow":"follow","max-snippet":"max-snippet:-1","max-image-preview":"max-image-preview:large","max-video-preview":"max-video-preview:-1"},"canonical":"https:\/\/xactskateshop.com\/fr\/produit\/k2-charm-boa-alu-2\/","og_locale":"fr_FR","og_type":"article","og_title":"Patins K2 Charm BOA\u00ae alu - Xact Skate Shop","og_description":"Le K2 Charm BOA\u00ae alu est destin\u00e9e aux enfants qui aiment patiner. La K2 Original SoftBoot, offre le meilleur et le plus confortable des ajustements.","og_url":"https:\/\/xactskateshop.com\/fr\/produit\/k2-charm-boa-alu-2\/","og_site_name":"Xact Skate Shop","article_publisher":"https:\/\/www.facebook.com\/JeanLouiskateshop","article_modified_time":"2026-04-11T15:10:59+00:00","og_image":[{"width":1000,"height":1000,"url":"https:\/\/xactskateshop.com\/wp-content\/uploads\/2024\/03\/K2SKATE21_CHARM-1.png","type":"image\/png"}],"twitter_card":"summary_large_image","twitter_misc":{"Dur\u00e9e de lecture estim\u00e9e":"3 minutes"},"schema":{"@context":"https:\/\/schema.org","@graph":[{"@type":"WebPage","@id":"https:\/\/xactskateshop.com\/fr\/produit\/k2-charm-boa-alu-2\/","url":"https:\/\/xactskateshop.com\/fr\/produit\/k2-charm-boa-alu-2\/","name":"Patins K2 Charm BOA\u00ae alu - Xact Skate Shop","isPartOf":{"@id":"http:\/\/xactskateshop.com\/fr\/#website"},"primaryImageOfPage":{"@id":"https:\/\/xactskateshop.com\/fr\/produit\/k2-charm-boa-alu-2\/#primaryimage"},"image":{"@id":"https:\/\/xactskateshop.com\/fr\/produit\/k2-charm-boa-alu-2\/#primaryimage"},"thumbnailUrl":"https:\/\/xactskateshop.com\/wp-content\/uploads\/2024\/03\/K2SKATE21_CHARM-1.png","datePublished":"2024-03-20T15:07:38+00:00","dateModified":"2026-04-11T15:10:59+00:00","description":"Le K2 Charm BOA\u00ae alu est destin\u00e9e aux enfants qui aiment patiner. La K2 Original SoftBoot, offre le meilleur et le plus confortable des ajustements.","breadcrumb":{"@id":"https:\/\/xactskateshop.com\/fr\/produit\/k2-charm-boa-alu-2\/#breadcrumb"},"inLanguage":"fr-FR","potentialAction":[{"@type":"ReadAction","target":["https:\/\/xactskateshop.com\/fr\/produit\/k2-charm-boa-alu-2\/"]}]},{"@type":"ImageObject","inLanguage":"fr-FR","@id":"https:\/\/xactskateshop.com\/fr\/produit\/k2-charm-boa-alu-2\/#primaryimage","url":"https:\/\/xactskateshop.com\/wp-content\/uploads\/2024\/03\/K2SKATE21_CHARM-1.png","contentUrl":"https:\/\/xactskateshop.com\/wp-content\/uploads\/2024\/03\/K2SKATE21_CHARM-1.png","width":1000,"height":1000,"caption":"K2 Charm BOA alu"},{"@type":"BreadcrumbList","@id":"https:\/\/xactskateshop.com\/fr\/produit\/k2-charm-boa-alu-2\/#breadcrumb","itemListElement":[{"@type":"ListItem","position":1,"name":"Home","item":"https:\/\/xactskateshop.com\/fr\/accueil\/"},{"@type":"ListItem","position":2,"name":"Boutique","item":"https:\/\/xactskateshop.com\/shop\/"},{"@type":"ListItem","position":3,"name":"Patins K2 Charm BOA\u00ae alu"}]},{"@type":"WebSite","@id":"http:\/\/xactskateshop.com\/fr\/#website","url":"http:\/\/xactskateshop.com\/fr\/","name":"Xact Skate Shop","description":"Un site utilisant WordPress","publisher":{"@id":"http:\/\/xactskateshop.com\/fr\/#organization"},"potentialAction":[{"@type":"SearchAction","target":{"@type":"EntryPoint","urlTemplate":"http:\/\/xactskateshop.com\/fr\/?s={search_term_string}"},"query-input":{"@type":"PropertyValueSpecification","valueRequired":true,"valueName":"search_term_string"}}],"inLanguage":"fr-FR"},{"@type":"Organization","@id":"http:\/\/xactskateshop.com\/fr\/#organization","name":"XACT Skate Shop","url":"http:\/\/xactskateshop.com\/fr\/","logo":{"@type":"ImageObject","inLanguage":"fr-FR","@id":"http:\/\/xactskateshop.com\/fr\/#\/schema\/logo\/image\/","url":"http:\/\/xactskateshop.com\/wp-content\/uploads\/2024\/04\/xactskateshop-dot-com-avec-contour-noir-sans-fond-675x.jpg","contentUrl":"http:\/\/xactskateshop.com\/wp-content\/uploads\/2024\/04\/xactskateshop-dot-com-avec-contour-noir-sans-fond-675x.jpg","width":675,"height":247,"caption":"XACT Skate Shop"},"image":{"@id":"http:\/\/xactskateshop.com\/fr\/#\/schema\/logo\/image\/"},"sameAs":["https:\/\/www.facebook.com\/JeanLouiskateshop"]}]}},"_links":{"self":[{"href":"https:\/\/xactskateshop.com\/fr\/wp-json\/wp\/v2\/product\/55713","targetHints":{"allow":["GET"]}}],"collection":[{"href":"https:\/\/xactskateshop.com\/fr\/wp-json\/wp\/v2\/product"}],"about":[{"href":"https:\/\/xactskateshop.com\/fr\/wp-json\/wp\/v2\/types\/product"}],"replies":[{"embeddable":true,"href":"https:\/\/xactskateshop.com\/fr\/wp-json\/wp\/v2\/comments?post=55713"}],"wp:featuredmedia":[{"embeddable":true,"href":"https:\/\/xactskateshop.com\/fr\/wp-json\/wp\/v2\/media\/38957"}],"wp:attachment":[{"href":"https:\/\/xactskateshop.com\/fr\/wp-json\/wp\/v2\/media?parent=55713"}],"wp:term":[{"taxonomy":"product_brand","embeddable":true,"href":"https:\/\/xactskateshop.com\/fr\/wp-json\/wp\/v2\/product_brand?post=55713"},{"taxonomy":"product_cat","embeddable":true,"href":"https:\/\/xactskateshop.com\/fr\/wp-json\/wp\/v2\/product_cat?post=55713"},{"taxonomy":"product_tag","embeddable":true,"href":"https:\/\/xactskateshop.com\/fr\/wp-json\/wp\/v2\/product_tag?post=55713"}],"curies":[{"name":"wp","href":"https:\/\/api.w.org\/{rel}","templated":true}]}}