{"id":55706,"date":"2024-03-19T13:16:35","date_gmt":"2024-03-19T17:16:35","guid":{"rendered":"http:\/\/xactskateshop.com\/product\/lames-kromkamp-ar11-st\/"},"modified":"2025-10-04T12:06:09","modified_gmt":"2025-10-04T16:06:09","slug":"lames-kromkamp-ar11-st","status":"publish","type":"product","link":"https:\/\/xactskateshop.com\/fr\/produit\/lames-kromkamp-ar11-st\/","title":{"rendered":"Lames KROMKAMP AR11 ST"},"content":{"rendered":"<h2>Lames KROMKAMP AR11 ST<\/h2>\n<p>Les lames KROMKAMP AR11 ST sont fabriqu\u00e9es avec des mat\u00e9riaux professionnels. <span style=\"font-size: 16px;\">pour le patineur de vitesse de poids moyen (jusqu&#8217;\u00e0 155lbs) qui a besoin de rigidit\u00e9 dans la lame avec un tube sup\u00e9rieur bien orient\u00e9.<\/span><\/p>\n<h3>Sp\u00e9cifications de l&#8217;AR11 ST Lames :<\/h3>\n<ul>\n<li>Tube de patin en aluminium s\u00e9rie 7000<\/li>\n<li>Rigide sous le tube, rigide sur le dessus du tube<\/li>\n<li>Coupelles l\u00e9g\u00e8res en aluminium de la s\u00e9rie 7000<\/li>\n<li>Les lames Kromkamp AR11 sont livr\u00e9es avec un acier Bi m\u00e9tal ou PM, un acier Bi m\u00e9tal ou PM s\u00e9lectionn\u00e9 \u00e0 la main, un acier Bi m\u00e9tal ou PM s\u00e9lectionn\u00e9 \u00e0 la main, un polissage extr\u00eamement fin.<\/li>\n<li>Pr\u00e9-coude de 25 m de rayon<\/li>\n<li>Rocker 9 m de rayon<\/li>\n<li>Machine \u00e0 rectifier les surfaces, acier rectifi\u00e9 avec pr\u00e9cision<\/li>\n<li>Tailles disponibles 17&#8243;-17.5\u2033-18\u2033.<\/li>\n<li>Lames \u00e9quivalentes : EVO Argon, M WAVE Firm FT, EHS ACS<\/li>\n<\/ul>\n<h3><\/h3>\n<h3><span style=\"color: #ff0000;\"><strong>VEUILLEZ INDIQUER VOTRE TAILLE DE BONNET DANS LA CASE COMMENTAIRE<\/strong><\/span><\/h3>\n<p><span style=\"color: #ff0000;\"><strong> DE : -1 (24mm) \u00e0 +10 (35mm)<\/strong><\/span><\/p>\n<hr \/>\n<h3><\/h3>\n<h3>\u00c0 propos de PM Steel<\/h3>\n<p>L&#8217;acier obtenu par m\u00e9tallurgie des poudres (PM), souvent appel\u00e9 acier m\u00e9tallique en poudre, est un mat\u00e9riau obtenu par un processus de fabrication sp\u00e9cialis\u00e9 connu sous le nom de m\u00e9tallurgie des poudres. Ce processus comprend les \u00e9tapes cl\u00e9s suivantes :<\/p>\n<ol>\n<li><strong>Production de poudres :<\/strong> Pour produire des poudres d&#8217;acier de haute qualit\u00e9, il faut passer par diverses m\u00e9thodes telles que l&#8217;atomisation, la pr\u00e9cipitation chimique ou le broyage m\u00e9canique. Ensuite, ces poudres sont g\u00e9n\u00e9ralement tr\u00e8s fines, avec des tailles de particules allant de quelques microm\u00e8tres \u00e0 plusieurs centaines de microm\u00e8tres.<\/li>\n<li><strong>M\u00e9lange de poudres :<\/strong><span style=\"font-size: 16px; font-style: normal; font-weight: 400;\">Pour obtenir des propri\u00e9t\u00e9s mat\u00e9rielles sp\u00e9cifiques<\/span>, les poudres d&#8217;acier sont soigneusement m\u00e9lang\u00e9es \u00e0 d&#8217;autres \u00e9l\u00e9ments et alliages. Il peut s&#8217;agir d&#8217;ajouter des \u00e9l\u00e9ments tels que le chrome, le molybd\u00e8ne, le nickel ou d&#8217;autres pour am\u00e9liorer la solidit\u00e9, la r\u00e9sistance \u00e0 la corrosion ou d&#8217;autres caract\u00e9ristiques.<\/li>\n<li><strong>Compactage :<\/strong> Les poudres m\u00e9lang\u00e9es sont compact\u00e9es sous haute pression dans une matrice. Cette pression, qui peut atteindre plusieurs tonnes par pouce carr\u00e9, compacte les particules de poudre en une masse solide appel\u00e9e &#8220;green compact&#8221;.<\/li>\n<li><strong>Le frittage :<\/strong> Le compact vert est chauff\u00e9 dans une atmosph\u00e8re contr\u00f4l\u00e9e (souvent dans un four) \u00e0 une temp\u00e9rature inf\u00e9rieure au point de fusion de l&#8217;acier. Pendant le frittage, les particules de poudre s&#8217;assemblent par diffusion, ce qui permet d&#8217;obtenir une pi\u00e8ce d&#8217;acier solide et dense.<\/li>\n<\/ol>\n<h6>Le processus de m\u00e9tallurgie des poudres offre plusieurs avantages par rapport aux m\u00e9thodes traditionnelles de production d&#8217;acier, notamment<\/h6>\n<ol>\n<li><strong>Efficacit\u00e9 mat\u00e9rielle :<\/strong> Perte de mati\u00e8re minimale par rapport \u00e0 l&#8217;usinage \u00e0 partir de billettes pleines.<\/li>\n<li><strong>G\u00e9om\u00e9tries complexes :<\/strong> Pi\u00e8ces ayant des formes complexes et des caract\u00e9ristiques internes qui peuvent \u00eatre facilement produites.<\/li>\n<li><strong>Personnalisation :<\/strong> Composition des alliages et propri\u00e9t\u00e9s des mat\u00e9riaux facilement ajustables.<\/li>\n<li><strong>Rentabilit\u00e9 :<\/strong> Peut \u00eatre plus rentable pour la production de petites et moyennes s\u00e9ries de pi\u00e8ces.<\/li>\n<\/ol>\n<p>C&#8217;est pourquoi les aciers issus de la m\u00e9tallurgie des poudres trouvent des applications dans diverses industries, notamment l&#8217;automobile, l&#8217;a\u00e9rospatiale, les appareils m\u00e9dicaux et l&#8217;\u00e9lectronique grand public. En fin de compte, ils sont utilis\u00e9s pour les composants o\u00f9 la haute r\u00e9sistance, la r\u00e9sistance \u00e0 l&#8217;usure et la pr\u00e9cision dimensionnelle sont essentielles.<\/p>\n<p>Enfin, les aciers inoxydables, les aciers \u00e0 outils et les aciers \u00e0 haute vitesse sont des exemples d&#8217;aciers obtenus par m\u00e9tallurgie des poudres, chacun d&#8217;entre eux \u00e9tant adapt\u00e9 \u00e0 des exigences de performance sp\u00e9cifiques gr\u00e2ce au processus de m\u00e9tallurgie des poudres.<\/p>\n<p>&nbsp;<\/p>\n<h3><span style=\"color: #ff0000;\"><strong>VEUILLEZ INDIQUER VOTRE TAILLE DE BONNET DANS LA CASE COMMENTAIRE<\/strong><\/span><\/h3>\n<p><span style=\"color: #ff0000;\"><strong> DE : -1 (24mm) \u00e0 +10 (35mm)<\/strong><\/span><\/p>\n<hr \/>\n<h3><span style=\"color: #ff0000;\"><strong style=\"font-size: 16px;\">Voici un guide pour vous aider \u00e0 choisir la bonne lame :<\/strong><\/span><\/h3>\n<p style=\"font-size: 16px; font-style: normal; font-weight: 400;\"><span style=\"color: #ff0000;\"><em style=\"font-size: 16px;\">Le nom de la lame comprend le type de patineur et le type de rayon du tube.<\/em><\/span><\/p>\n<p style=\"font-size: 16px; font-style: normal; font-weight: 400;\"><span style=\"color: #ff0000;\"><strong style=\"font-size: 16px;\">Type de patineur<\/strong><\/span><\/p>\n<ul style=\"font-size: 16px; font-style: normal; font-weight: 400;\">\n<li style=\"font-size: 16px;\"><span style=\"color: #ff0000;\">C : Patins pour enfants, aluminium flexible<\/span><\/li>\n<li style=\"font-size: 16px;\"><span style=\"color: #ff0000;\">L : Aluminium l\u00e9ger et flexible<\/span><\/li>\n<li style=\"font-size: 16px;\"><span style=\"color: #ff0000;\">A : Moyenne, flexion standard<\/span><\/li>\n<li style=\"font-size: 16px;\"><span style=\"color: #ff0000;\">AS : Rigidit\u00e9 moyenne, tube flexible avec tube sup\u00e9rieur plus rigide<\/span><\/li>\n<li style=\"font-size: 16px;\"><span style=\"color: #ff0000;\">S : Tube rigide, rigide avec tube sup\u00e9rieur rigide<\/span><\/li>\n<\/ul>\n<p style=\"font-size: 16px; font-style: normal; font-weight: 400;\"><span style=\"color: #ff0000;\"><strong style=\"font-size: 16px;\">Type de rayon du bas du tube :<\/strong><\/span><\/p>\n<ul style=\"font-size: 16px; font-style: normal; font-weight: 400;\">\n<li style=\"font-size: 16px;\"><span style=\"color: #ff0000;\">R8 : Tube con\u00e7u pour les enfants.<\/span><\/li>\n<li style=\"font-size: 16px;\"><span style=\"color: #ff0000;\">R3 : Tube con\u00e7u pour \u00eatre flex pour les patineurs l\u00e9gers<\/span><\/li>\n<li style=\"font-size: 16px;\"><span style=\"color: #ff0000;\">R11 : Tube con\u00e7u pour \u00eatre plus rigide pour les patineurs plus agressifs\/plus lourds.<\/span><\/li>\n<\/ul>\n<hr \/>\n<h6 style=\"text-align: left;\"><span style=\"color: #ff0000;\">Pr\u00e9paration des lames : Nous faisons un rocker progressif ST-9 sur ces lames.<\/span> <span style=\"color: #0000ff;\"><a style=\"color: #0000ff;\" href=\"http:\/\/xactskateshop.com\/product\/short-track-blade-rockering\/\">(voir les num\u00e9ros ici)<\/a><\/span> <span style=\"color: #ff0000;\">ainsi que le bend correspondant<\/span><\/h6>\n<h3 style=\"text-align: center;\"><\/h3>\n<p>&nbsp;<\/p>\n<p>Pour en savoir plus sur Kromkamp <a href=\"https:\/\/www.facebook.com\/p\/Kromkamp-skates-100063926915184\/\">, cliquez ici<\/a><\/p>\n<p>Voir d&#8217;autres mod\u00e8les <a href=\"http:\/\/xactskateshop.com\/product-category\/speed-skating\/short-track\/short-track-blades-and-parts\/\">ici<\/a><\/p>\n","protected":false},"excerpt":{"rendered":"<p>&nbsp;<\/p>\n<hr \/>\n<p style=\"text-align: center;\">Tube professionnel pour le patineur de vitesse de haut niveau de poids moyen (jusqu&#8217;\u00e0 155lbs) qui a besoin de rigidit\u00e9 dans la lame avec un tube sup\u00e9rieur bien dirig\u00e9.<\/p>\n<hr \/>\n<hr \/>\n<p>&nbsp;<\/p>\n","protected":false},"featured_media":41659,"comment_status":"open","ping_status":"closed","template":"","meta":{"site-sidebar-layout":"default","site-content-layout":"default","ast-site-content-layout":"default","site-content-style":"default","site-sidebar-style":"default","ast-global-header-display":"","ast-banner-title-visibility":"","ast-main-header-display":"","ast-hfb-above-header-display":"","ast-hfb-below-header-display":"","ast-hfb-mobile-header-display":"","site-post-title":"","ast-breadcrumbs-content":"","ast-featured-img":"","footer-sml-layout":"","theme-transparent-header-meta":"default","adv-header-id-meta":"","stick-header-meta":"","header-above-stick-meta":"","header-main-stick-meta":"","header-below-stick-meta":"","astra-migrate-meta-layouts":"set","ast-page-background-enabled":"default","ast-page-background-meta":{"desktop":{"background-color":"","background-image":"","background-repeat":"repeat","background-position":"center center","background-size":"auto","background-attachment":"scroll","background-type":"","background-media":"","overlay-type":"","overlay-color":"","overlay-opacity":"","overlay-gradient":""},"tablet":{"background-color":"","background-image":"","background-repeat":"repeat","background-position":"center center","background-size":"auto","background-attachment":"scroll","background-type":"","background-media":"","overlay-type":"","overlay-color":"","overlay-opacity":"","overlay-gradient":""},"mobile":{"background-color":"","background-image":"","background-repeat":"repeat","background-position":"center center","background-size":"auto","background-attachment":"scroll","background-type":"","background-media":"","overlay-type":"","overlay-color":"","overlay-opacity":"","overlay-gradient":""}},"ast-content-background-meta":{"desktop":{"background-color":"var(--ast-global-color-5)","background-image":"","background-repeat":"repeat","background-position":"center center","background-size":"auto","background-attachment":"scroll","background-type":"","background-media":"","overlay-type":"","overlay-color":"","overlay-opacity":"","overlay-gradient":""},"tablet":{"background-color":"var(--ast-global-color-5)","background-image":"","background-repeat":"repeat","background-position":"center center","background-size":"auto","background-attachment":"scroll","background-type":"","background-media":"","overlay-type":"","overlay-color":"","overlay-opacity":"","overlay-gradient":""},"mobile":{"background-color":"var(--ast-global-color-5)","background-image":"","background-repeat":"repeat","background-position":"center center","background-size":"auto","background-attachment":"scroll","background-type":"","background-media":"","overlay-type":"","overlay-color":"","overlay-opacity":"","overlay-gradient":""}}},"product_brand":[],"product_cat":[1354,1457,1353],"product_tag":[2468,1397,1473],"class_list":{"0":"post-55706","1":"product","2":"type-product","3":"status-publish","4":"has-post-thumbnail","6":"product_cat-courte-piste","7":"product_cat-lames-et-pieces-patinage-de-vitesse-courte-piste","8":"product_cat-patinage-de-vitesse","9":"product_tag-lames-de-la-rue-kromkamp","10":"product_tag-lames-de-st","11":"product_tag-lames-pour-pistes-courtes","12":"desktop-align-center","13":"tablet-align-center","14":"mobile-align-center","15":"ast-product-gallery-layout-horizontal","16":"ast-product-gallery-with-no-image","17":"ast-product-single-variable","18":"ast-product-tabs-layout-horizontal","19":"ast-qv-on-image","21":"first","22":"instock","23":"taxable","24":"shipping-taxable","25":"purchasable","26":"product-type-variable"},"bundled_by":[],"bundle_stock_status":"instock","bundle_stock_quantity":null,"bundle_virtual":false,"bundle_layout":"","bundle_add_to_cart_form_location":"","bundle_editable_in_cart":false,"bundle_sold_individually_context":"","bundle_item_grouping":"","bundle_min_size":"","bundle_max_size":"","bundle_price":[],"bundled_items":[],"bundle_sell_ids":[],"yoast_head":"<!-- This site is optimized with the Yoast SEO plugin v27.4 - https:\/\/yoast.com\/product\/yoast-seo-wordpress\/ -->\n<title>Lames KROMKAMP AR11 ST - Xact Skate Shop %%.<\/title>\n<meta name=\"description\" content=\"Lames Kromkamp AR11 ST. Tube professionnel pour le patineur de vitesse de poids moyen qui a besoin de rigidit\u00e9 dans la lame avec un tube sup\u00e9rieur bien dirig\u00e9.\" \/>\n<meta name=\"robots\" content=\"index, follow, max-snippet:-1, max-image-preview:large, max-video-preview:-1\" \/>\n<link rel=\"canonical\" href=\"https:\/\/xactskateshop.com\/fr\/produit\/lames-kromkamp-ar11-st\/\" \/>\n<meta property=\"og:locale\" content=\"fr_FR\" \/>\n<meta property=\"og:type\" content=\"article\" \/>\n<meta property=\"og:title\" content=\"Lames KROMKAMP AR11 ST - Xact Skate Shop %%.\" \/>\n<meta property=\"og:description\" content=\"Lames Kromkamp AR11 ST. Tube professionnel pour le patineur de vitesse de poids moyen qui a besoin de rigidit\u00e9 dans la lame avec un tube sup\u00e9rieur bien dirig\u00e9.\" \/>\n<meta property=\"og:url\" content=\"https:\/\/xactskateshop.com\/fr\/produit\/lames-kromkamp-ar11-st\/\" \/>\n<meta property=\"og:site_name\" content=\"Xact Skate Shop\" \/>\n<meta property=\"article:publisher\" content=\"https:\/\/www.facebook.com\/JeanLouiskateshop\" \/>\n<meta property=\"article:modified_time\" content=\"2025-10-04T16:06:09+00:00\" \/>\n<meta property=\"og:image\" content=\"https:\/\/xactskateshop.com\/wp-content\/uploads\/2024\/03\/AR11-1.jpg\" \/>\n\t<meta property=\"og:image:width\" content=\"1000\" \/>\n\t<meta property=\"og:image:height\" content=\"1000\" \/>\n\t<meta property=\"og:image:type\" content=\"image\/jpeg\" \/>\n<meta name=\"twitter:card\" content=\"summary_large_image\" \/>\n<meta name=\"twitter:label1\" content=\"Dur\u00e9e de lecture estim\u00e9e\" \/>\n\t<meta name=\"twitter:data1\" content=\"4 minutes\" \/>\n<script type=\"application\/ld+json\" class=\"yoast-schema-graph\">{\"@context\":\"https:\\\/\\\/schema.org\",\"@graph\":[{\"@type\":\"WebPage\",\"@id\":\"https:\\\/\\\/xactskateshop.com\\\/fr\\\/produit\\\/lames-kromkamp-ar11-st\\\/\",\"url\":\"https:\\\/\\\/xactskateshop.com\\\/fr\\\/produit\\\/lames-kromkamp-ar11-st\\\/\",\"name\":\"Lames KROMKAMP AR11 ST - Xact Skate Shop %%.\",\"isPartOf\":{\"@id\":\"http:\\\/\\\/xactskateshop.com\\\/fr\\\/#website\"},\"primaryImageOfPage\":{\"@id\":\"https:\\\/\\\/xactskateshop.com\\\/fr\\\/produit\\\/lames-kromkamp-ar11-st\\\/#primaryimage\"},\"image\":{\"@id\":\"https:\\\/\\\/xactskateshop.com\\\/fr\\\/produit\\\/lames-kromkamp-ar11-st\\\/#primaryimage\"},\"thumbnailUrl\":\"https:\\\/\\\/xactskateshop.com\\\/wp-content\\\/uploads\\\/2024\\\/03\\\/AR11-1.jpg\",\"datePublished\":\"2024-03-19T17:16:35+00:00\",\"dateModified\":\"2025-10-04T16:06:09+00:00\",\"description\":\"Lames Kromkamp AR11 ST. Tube professionnel pour le patineur de vitesse de poids moyen qui a besoin de rigidit\u00e9 dans la lame avec un tube sup\u00e9rieur bien dirig\u00e9.\",\"breadcrumb\":{\"@id\":\"https:\\\/\\\/xactskateshop.com\\\/fr\\\/produit\\\/lames-kromkamp-ar11-st\\\/#breadcrumb\"},\"inLanguage\":\"fr-FR\",\"potentialAction\":[{\"@type\":\"ReadAction\",\"target\":[\"https:\\\/\\\/xactskateshop.com\\\/fr\\\/produit\\\/lames-kromkamp-ar11-st\\\/\"]}]},{\"@type\":\"ImageObject\",\"inLanguage\":\"fr-FR\",\"@id\":\"https:\\\/\\\/xactskateshop.com\\\/fr\\\/produit\\\/lames-kromkamp-ar11-st\\\/#primaryimage\",\"url\":\"https:\\\/\\\/xactskateshop.com\\\/wp-content\\\/uploads\\\/2024\\\/03\\\/AR11-1.jpg\",\"contentUrl\":\"https:\\\/\\\/xactskateshop.com\\\/wp-content\\\/uploads\\\/2024\\\/03\\\/AR11-1.jpg\",\"width\":1000,\"height\":1000,\"caption\":\"lames kromkamp ar11\"},{\"@type\":\"BreadcrumbList\",\"@id\":\"https:\\\/\\\/xactskateshop.com\\\/fr\\\/produit\\\/lames-kromkamp-ar11-st\\\/#breadcrumb\",\"itemListElement\":[{\"@type\":\"ListItem\",\"position\":1,\"name\":\"Home\",\"item\":\"https:\\\/\\\/xactskateshop.com\\\/fr\\\/accueil\\\/\"},{\"@type\":\"ListItem\",\"position\":2,\"name\":\"Boutique\",\"item\":\"https:\\\/\\\/xactskateshop.com\\\/shop\\\/\"},{\"@type\":\"ListItem\",\"position\":3,\"name\":\"Lames KROMKAMP AR11 ST\"}]},{\"@type\":\"WebSite\",\"@id\":\"http:\\\/\\\/xactskateshop.com\\\/fr\\\/#website\",\"url\":\"http:\\\/\\\/xactskateshop.com\\\/fr\\\/\",\"name\":\"Xact Skate Shop\",\"description\":\"Un site utilisant WordPress\",\"publisher\":{\"@id\":\"http:\\\/\\\/xactskateshop.com\\\/fr\\\/#organization\"},\"potentialAction\":[{\"@type\":\"SearchAction\",\"target\":{\"@type\":\"EntryPoint\",\"urlTemplate\":\"http:\\\/\\\/xactskateshop.com\\\/fr\\\/?s={search_term_string}\"},\"query-input\":{\"@type\":\"PropertyValueSpecification\",\"valueRequired\":true,\"valueName\":\"search_term_string\"}}],\"inLanguage\":\"fr-FR\"},{\"@type\":\"Organization\",\"@id\":\"http:\\\/\\\/xactskateshop.com\\\/fr\\\/#organization\",\"name\":\"XACT Skate Shop\",\"url\":\"http:\\\/\\\/xactskateshop.com\\\/fr\\\/\",\"logo\":{\"@type\":\"ImageObject\",\"inLanguage\":\"fr-FR\",\"@id\":\"http:\\\/\\\/xactskateshop.com\\\/fr\\\/#\\\/schema\\\/logo\\\/image\\\/\",\"url\":\"http:\\\/\\\/xactskateshop.com\\\/wp-content\\\/uploads\\\/2024\\\/04\\\/xactskateshop-dot-com-avec-contour-noir-sans-fond-675x.jpg\",\"contentUrl\":\"http:\\\/\\\/xactskateshop.com\\\/wp-content\\\/uploads\\\/2024\\\/04\\\/xactskateshop-dot-com-avec-contour-noir-sans-fond-675x.jpg\",\"width\":675,\"height\":247,\"caption\":\"XACT Skate Shop\"},\"image\":{\"@id\":\"http:\\\/\\\/xactskateshop.com\\\/fr\\\/#\\\/schema\\\/logo\\\/image\\\/\"},\"sameAs\":[\"https:\\\/\\\/www.facebook.com\\\/JeanLouiskateshop\"]}]}<\/script>\n<!-- \/ Yoast SEO plugin. -->","yoast_head_json":{"title":"Lames KROMKAMP AR11 ST - Xact Skate Shop %%.","description":"Lames Kromkamp AR11 ST. Tube professionnel pour le patineur de vitesse de poids moyen qui a besoin de rigidit\u00e9 dans la lame avec un tube sup\u00e9rieur bien dirig\u00e9.","robots":{"index":"index","follow":"follow","max-snippet":"max-snippet:-1","max-image-preview":"max-image-preview:large","max-video-preview":"max-video-preview:-1"},"canonical":"https:\/\/xactskateshop.com\/fr\/produit\/lames-kromkamp-ar11-st\/","og_locale":"fr_FR","og_type":"article","og_title":"Lames KROMKAMP AR11 ST - Xact Skate Shop %%.","og_description":"Lames Kromkamp AR11 ST. Tube professionnel pour le patineur de vitesse de poids moyen qui a besoin de rigidit\u00e9 dans la lame avec un tube sup\u00e9rieur bien dirig\u00e9.","og_url":"https:\/\/xactskateshop.com\/fr\/produit\/lames-kromkamp-ar11-st\/","og_site_name":"Xact Skate Shop","article_publisher":"https:\/\/www.facebook.com\/JeanLouiskateshop","article_modified_time":"2025-10-04T16:06:09+00:00","og_image":[{"width":1000,"height":1000,"url":"https:\/\/xactskateshop.com\/wp-content\/uploads\/2024\/03\/AR11-1.jpg","type":"image\/jpeg"}],"twitter_card":"summary_large_image","twitter_misc":{"Dur\u00e9e de lecture estim\u00e9e":"4 minutes"},"schema":{"@context":"https:\/\/schema.org","@graph":[{"@type":"WebPage","@id":"https:\/\/xactskateshop.com\/fr\/produit\/lames-kromkamp-ar11-st\/","url":"https:\/\/xactskateshop.com\/fr\/produit\/lames-kromkamp-ar11-st\/","name":"Lames KROMKAMP AR11 ST - Xact Skate Shop %%.","isPartOf":{"@id":"http:\/\/xactskateshop.com\/fr\/#website"},"primaryImageOfPage":{"@id":"https:\/\/xactskateshop.com\/fr\/produit\/lames-kromkamp-ar11-st\/#primaryimage"},"image":{"@id":"https:\/\/xactskateshop.com\/fr\/produit\/lames-kromkamp-ar11-st\/#primaryimage"},"thumbnailUrl":"https:\/\/xactskateshop.com\/wp-content\/uploads\/2024\/03\/AR11-1.jpg","datePublished":"2024-03-19T17:16:35+00:00","dateModified":"2025-10-04T16:06:09+00:00","description":"Lames Kromkamp AR11 ST. Tube professionnel pour le patineur de vitesse de poids moyen qui a besoin de rigidit\u00e9 dans la lame avec un tube sup\u00e9rieur bien dirig\u00e9.","breadcrumb":{"@id":"https:\/\/xactskateshop.com\/fr\/produit\/lames-kromkamp-ar11-st\/#breadcrumb"},"inLanguage":"fr-FR","potentialAction":[{"@type":"ReadAction","target":["https:\/\/xactskateshop.com\/fr\/produit\/lames-kromkamp-ar11-st\/"]}]},{"@type":"ImageObject","inLanguage":"fr-FR","@id":"https:\/\/xactskateshop.com\/fr\/produit\/lames-kromkamp-ar11-st\/#primaryimage","url":"https:\/\/xactskateshop.com\/wp-content\/uploads\/2024\/03\/AR11-1.jpg","contentUrl":"https:\/\/xactskateshop.com\/wp-content\/uploads\/2024\/03\/AR11-1.jpg","width":1000,"height":1000,"caption":"lames kromkamp ar11"},{"@type":"BreadcrumbList","@id":"https:\/\/xactskateshop.com\/fr\/produit\/lames-kromkamp-ar11-st\/#breadcrumb","itemListElement":[{"@type":"ListItem","position":1,"name":"Home","item":"https:\/\/xactskateshop.com\/fr\/accueil\/"},{"@type":"ListItem","position":2,"name":"Boutique","item":"https:\/\/xactskateshop.com\/shop\/"},{"@type":"ListItem","position":3,"name":"Lames KROMKAMP AR11 ST"}]},{"@type":"WebSite","@id":"http:\/\/xactskateshop.com\/fr\/#website","url":"http:\/\/xactskateshop.com\/fr\/","name":"Xact Skate Shop","description":"Un site utilisant WordPress","publisher":{"@id":"http:\/\/xactskateshop.com\/fr\/#organization"},"potentialAction":[{"@type":"SearchAction","target":{"@type":"EntryPoint","urlTemplate":"http:\/\/xactskateshop.com\/fr\/?s={search_term_string}"},"query-input":{"@type":"PropertyValueSpecification","valueRequired":true,"valueName":"search_term_string"}}],"inLanguage":"fr-FR"},{"@type":"Organization","@id":"http:\/\/xactskateshop.com\/fr\/#organization","name":"XACT Skate Shop","url":"http:\/\/xactskateshop.com\/fr\/","logo":{"@type":"ImageObject","inLanguage":"fr-FR","@id":"http:\/\/xactskateshop.com\/fr\/#\/schema\/logo\/image\/","url":"http:\/\/xactskateshop.com\/wp-content\/uploads\/2024\/04\/xactskateshop-dot-com-avec-contour-noir-sans-fond-675x.jpg","contentUrl":"http:\/\/xactskateshop.com\/wp-content\/uploads\/2024\/04\/xactskateshop-dot-com-avec-contour-noir-sans-fond-675x.jpg","width":675,"height":247,"caption":"XACT Skate Shop"},"image":{"@id":"http:\/\/xactskateshop.com\/fr\/#\/schema\/logo\/image\/"},"sameAs":["https:\/\/www.facebook.com\/JeanLouiskateshop"]}]}},"_links":{"self":[{"href":"https:\/\/xactskateshop.com\/fr\/wp-json\/wp\/v2\/product\/55706","targetHints":{"allow":["GET"]}}],"collection":[{"href":"https:\/\/xactskateshop.com\/fr\/wp-json\/wp\/v2\/product"}],"about":[{"href":"https:\/\/xactskateshop.com\/fr\/wp-json\/wp\/v2\/types\/product"}],"replies":[{"embeddable":true,"href":"https:\/\/xactskateshop.com\/fr\/wp-json\/wp\/v2\/comments?post=55706"}],"wp:featuredmedia":[{"embeddable":true,"href":"https:\/\/xactskateshop.com\/fr\/wp-json\/wp\/v2\/media\/41659"}],"wp:attachment":[{"href":"https:\/\/xactskateshop.com\/fr\/wp-json\/wp\/v2\/media?parent=55706"}],"wp:term":[{"taxonomy":"product_brand","embeddable":true,"href":"https:\/\/xactskateshop.com\/fr\/wp-json\/wp\/v2\/product_brand?post=55706"},{"taxonomy":"product_cat","embeddable":true,"href":"https:\/\/xactskateshop.com\/fr\/wp-json\/wp\/v2\/product_cat?post=55706"},{"taxonomy":"product_tag","embeddable":true,"href":"https:\/\/xactskateshop.com\/fr\/wp-json\/wp\/v2\/product_tag?post=55706"}],"curies":[{"name":"wp","href":"https:\/\/api.w.org\/{rel}","templated":true}]}}