{"id":55685,"date":"2024-02-29T15:00:06","date_gmt":"2024-02-29T20:00:06","guid":{"rendered":"http:\/\/xactskateshop.com\/product\/norton-pierre-a-aplanir\/"},"modified":"2025-10-11T14:12:58","modified_gmt":"2025-10-11T18:12:58","slug":"norton-pierre-a-aplanir","status":"publish","type":"product","link":"https:\/\/xactskateshop.com\/fr\/produit\/norton-pierre-a-aplanir\/","title":{"rendered":"Pierre \u00e0 aplanir NORTON"},"content":{"rendered":"<h2>Pierre \u00e0 aplanir Norton<\/h2>\n<p>Produisez des surfaces planes sur les pierres \u00e0 eau ou \u00e0 huile de toutes granulom\u00e9tries avec la pierre \u00e0 aplanir Norton. L&#8217;abrasif en carbure de silicium favorise une coupe maximale pour des r\u00e9sultats rapides, tandis que la forme plate et le liant dur aplatissent efficacement. Ces pierres sont construites avec des rainures diagonales, ce qui permet d&#8217;enlever facilement les copeaux.<\/p>\n<h3>Pierre d&#8217;aplanissement Caracteristiques :<\/h3>\n<ul>\n<li>9&#8243; x 3&#8243; x 3\/4&#8243;,<\/li>\n<li>La pierre en carbure de silicium \u00e0 gros grain permet d&#8217;obtenir des r\u00e9sultats rapides,<\/li>\n<li>Les rainures diagonales augmentent l&#8217;\u00e9vacuation des copeaux,<\/li>\n<li>Superbement plat avec une liaison dure pour produire des surfaces extr\u00eamement plates sur toutes les pierres \u00e0 eau,<\/li>\n<li>Peut \u00eatre utilis\u00e9 sur toutes les tailles de pierres \u00e0 eau ou \u00e0 huile.<\/li>\n<\/ul>\n<h3>Sp\u00e9cifications :<\/h3>\n<ul>\n<li><strong>ABRASIF<\/strong>: carbure de silicium<\/li>\n<li><strong>COULEUR<\/strong>: Vert<\/li>\n<li><strong>SP\u00c9CIFICATIONS<\/strong>: 39C100-KV<\/li>\n<li><strong>TAILLE DU GRIT<\/strong>: Grossi\u00e8re<\/li>\n<li style=\"font-size: 16px;\"><strong>DIMENSIONS<\/strong>: 9 x 3 x .750 In.<\/li>\n<li><strong>LONGUEUR<\/strong>: 9 In.<\/li>\n<li style=\"font-size: 16px;\"><strong>LARGEUR<\/strong>: 3 pouces.<\/li>\n<li><strong>\u00c9PAISSEUR<\/strong>: 0,750 pouce.<\/li>\n<li><strong>NIVEAU<\/strong>: Meilleur<\/li>\n<li><strong>TYPE DE ROUE<\/strong>: Type 54<\/li>\n<\/ul>\n<hr \/>\n<p>Recherchez <a href=\"http:\/\/xactskateshop.com\/product-category\/speed-skating\/blade-maintenance\/\">ici<\/a> des \u00e9quipements d&#8217;aff\u00fbtage<\/p>\n<p>Pour en savoir plus sur le Norton Abrasive <a href=\"https:\/\/www.nortonabrasives.com\/fr-fr\/history-norton\">, cliquez ici.<\/a><\/p>\n","protected":false},"excerpt":{"rendered":"<p>&nbsp;<\/p>\n<hr \/>\n<p style=\"text-align: center;\">Produisez des surfaces planes sur les pierres \u00e0 eau ou \u00e0 huile de toutes granulom\u00e9tries avec la pierre \u00e0 aplanir Norton.<\/p>\n<hr \/>\n<p>&nbsp;<\/p>\n","protected":false},"featured_media":38059,"comment_status":"open","ping_status":"closed","template":"","meta":{"site-sidebar-layout":"default","site-content-layout":"default","ast-site-content-layout":"default","site-content-style":"default","site-sidebar-style":"default","ast-global-header-display":"","ast-banner-title-visibility":"","ast-main-header-display":"","ast-hfb-above-header-display":"","ast-hfb-below-header-display":"","ast-hfb-mobile-header-display":"","site-post-title":"","ast-breadcrumbs-content":"","ast-featured-img":"","footer-sml-layout":"","theme-transparent-header-meta":"default","adv-header-id-meta":"","stick-header-meta":"","header-above-stick-meta":"","header-main-stick-meta":"","header-below-stick-meta":"","astra-migrate-meta-layouts":"set","ast-page-background-enabled":"default","ast-page-background-meta":{"desktop":{"background-color":"","background-image":"","background-repeat":"repeat","background-position":"center center","background-size":"auto","background-attachment":"scroll","background-type":"","background-media":"","overlay-type":"","overlay-color":"","overlay-opacity":"","overlay-gradient":""},"tablet":{"background-color":"","background-image":"","background-repeat":"repeat","background-position":"center center","background-size":"auto","background-attachment":"scroll","background-type":"","background-media":"","overlay-type":"","overlay-color":"","overlay-opacity":"","overlay-gradient":""},"mobile":{"background-color":"","background-image":"","background-repeat":"repeat","background-position":"center center","background-size":"auto","background-attachment":"scroll","background-type":"","background-media":"","overlay-type":"","overlay-color":"","overlay-opacity":"","overlay-gradient":""}},"ast-content-background-meta":{"desktop":{"background-color":"var(--ast-global-color-5)","background-image":"","background-repeat":"repeat","background-position":"center center","background-size":"auto","background-attachment":"scroll","background-type":"","background-media":"","overlay-type":"","overlay-color":"","overlay-opacity":"","overlay-gradient":""},"tablet":{"background-color":"var(--ast-global-color-5)","background-image":"","background-repeat":"repeat","background-position":"center center","background-size":"auto","background-attachment":"scroll","background-type":"","background-media":"","overlay-type":"","overlay-color":"","overlay-opacity":"","overlay-gradient":""},"mobile":{"background-color":"var(--ast-global-color-5)","background-image":"","background-repeat":"repeat","background-position":"center center","background-size":"auto","background-attachment":"scroll","background-type":"","background-media":"","overlay-type":"","overlay-color":"","overlay-opacity":"","overlay-gradient":""}}},"product_brand":[],"product_cat":[1500,1353],"product_tag":[1356,2455,2454],"class_list":{"0":"post-55685","1":"product","2":"type-product","3":"status-publish","4":"has-post-thumbnail","6":"product_cat-entretien-des-lames-fr","7":"product_cat-patinage-de-vitesse","8":"product_tag-courte-piste-fr","9":"product_tag-pierre-de-norton","10":"product_tag-pierre-flatteuse","11":"desktop-align-center","12":"tablet-align-center","13":"mobile-align-center","14":"ast-product-gallery-layout-horizontal","15":"ast-product-gallery-with-no-image","16":"ast-product-tabs-layout-horizontal","17":"ast-qv-on-image","19":"first","20":"instock","21":"taxable","22":"shipping-taxable","23":"purchasable","24":"product-type-simple"},"bundled_by":[],"bundle_stock_status":"instock","bundle_stock_quantity":null,"bundle_virtual":false,"bundle_layout":"","bundle_add_to_cart_form_location":"","bundle_editable_in_cart":false,"bundle_sold_individually_context":"","bundle_item_grouping":"","bundle_min_size":"","bundle_max_size":"","bundle_price":[],"bundled_items":[],"bundle_sell_ids":[],"yoast_head":"<!-- This site is optimized with the Yoast SEO plugin v27.4 - https:\/\/yoast.com\/product\/yoast-seo-wordpress\/ -->\n<title>Pierre \u00e0 aplanir NORTON - Xact Skate Shop<\/title>\n<meta name=\"description\" content=\"Pierre \u00e0 aplanir Norton. Produisez des surfaces planes sur les pierres \u00e0 eau ou \u00e0 huile de toutes granulom\u00e9tries avec les pierres \u00e0 aplanir Norton.\" \/>\n<meta name=\"robots\" content=\"index, follow, max-snippet:-1, max-image-preview:large, max-video-preview:-1\" \/>\n<link rel=\"canonical\" href=\"https:\/\/xactskateshop.com\/fr\/produit\/norton-pierre-a-aplanir\/\" \/>\n<meta property=\"og:locale\" content=\"fr_FR\" \/>\n<meta property=\"og:type\" content=\"article\" \/>\n<meta property=\"og:title\" content=\"Pierre \u00e0 aplanir NORTON - Xact Skate Shop\" \/>\n<meta property=\"og:description\" content=\"Pierre \u00e0 aplanir Norton. Produisez des surfaces planes sur les pierres \u00e0 eau ou \u00e0 huile de toutes granulom\u00e9tries avec les pierres \u00e0 aplanir Norton.\" \/>\n<meta property=\"og:url\" content=\"https:\/\/xactskateshop.com\/fr\/produit\/norton-pierre-a-aplanir\/\" \/>\n<meta property=\"og:site_name\" content=\"Xact Skate Shop\" \/>\n<meta property=\"article:publisher\" content=\"https:\/\/www.facebook.com\/JeanLouiskateshop\" \/>\n<meta property=\"article:modified_time\" content=\"2025-10-11T18:12:58+00:00\" \/>\n<meta property=\"og:image\" content=\"https:\/\/xactskateshop.com\/wp-content\/uploads\/2024\/02\/610iqaG90VL._AC_SX679_.jpg\" \/>\n\t<meta property=\"og:image:width\" content=\"1000\" \/>\n\t<meta property=\"og:image:height\" content=\"1000\" \/>\n\t<meta property=\"og:image:type\" content=\"image\/jpeg\" \/>\n<meta name=\"twitter:card\" content=\"summary_large_image\" \/>\n<meta name=\"twitter:label1\" content=\"Dur\u00e9e de lecture estim\u00e9e\" \/>\n\t<meta name=\"twitter:data1\" content=\"1 minute\" \/>\n<script type=\"application\/ld+json\" class=\"yoast-schema-graph\">{\"@context\":\"https:\\\/\\\/schema.org\",\"@graph\":[{\"@type\":\"WebPage\",\"@id\":\"https:\\\/\\\/xactskateshop.com\\\/fr\\\/produit\\\/norton-pierre-a-aplanir\\\/\",\"url\":\"https:\\\/\\\/xactskateshop.com\\\/fr\\\/produit\\\/norton-pierre-a-aplanir\\\/\",\"name\":\"Pierre \u00e0 aplanir NORTON - Xact Skate Shop\",\"isPartOf\":{\"@id\":\"http:\\\/\\\/xactskateshop.com\\\/fr\\\/#website\"},\"primaryImageOfPage\":{\"@id\":\"https:\\\/\\\/xactskateshop.com\\\/fr\\\/produit\\\/norton-pierre-a-aplanir\\\/#primaryimage\"},\"image\":{\"@id\":\"https:\\\/\\\/xactskateshop.com\\\/fr\\\/produit\\\/norton-pierre-a-aplanir\\\/#primaryimage\"},\"thumbnailUrl\":\"https:\\\/\\\/xactskateshop.com\\\/wp-content\\\/uploads\\\/2024\\\/02\\\/610iqaG90VL._AC_SX679_.jpg\",\"datePublished\":\"2024-02-29T20:00:06+00:00\",\"dateModified\":\"2025-10-11T18:12:58+00:00\",\"description\":\"Pierre \u00e0 aplanir Norton. Produisez des surfaces planes sur les pierres \u00e0 eau ou \u00e0 huile de toutes granulom\u00e9tries avec les pierres \u00e0 aplanir Norton.\",\"breadcrumb\":{\"@id\":\"https:\\\/\\\/xactskateshop.com\\\/fr\\\/produit\\\/norton-pierre-a-aplanir\\\/#breadcrumb\"},\"inLanguage\":\"fr-FR\",\"potentialAction\":[{\"@type\":\"ReadAction\",\"target\":[\"https:\\\/\\\/xactskateshop.com\\\/fr\\\/produit\\\/norton-pierre-a-aplanir\\\/\"]}]},{\"@type\":\"ImageObject\",\"inLanguage\":\"fr-FR\",\"@id\":\"https:\\\/\\\/xactskateshop.com\\\/fr\\\/produit\\\/norton-pierre-a-aplanir\\\/#primaryimage\",\"url\":\"https:\\\/\\\/xactskateshop.com\\\/wp-content\\\/uploads\\\/2024\\\/02\\\/610iqaG90VL._AC_SX679_.jpg\",\"contentUrl\":\"https:\\\/\\\/xactskateshop.com\\\/wp-content\\\/uploads\\\/2024\\\/02\\\/610iqaG90VL._AC_SX679_.jpg\",\"width\":1000,\"height\":1000,\"caption\":\"Pierre \u00e0 aplanir NORTON\"},{\"@type\":\"BreadcrumbList\",\"@id\":\"https:\\\/\\\/xactskateshop.com\\\/fr\\\/produit\\\/norton-pierre-a-aplanir\\\/#breadcrumb\",\"itemListElement\":[{\"@type\":\"ListItem\",\"position\":1,\"name\":\"Home\",\"item\":\"https:\\\/\\\/xactskateshop.com\\\/fr\\\/accueil\\\/\"},{\"@type\":\"ListItem\",\"position\":2,\"name\":\"Boutique\",\"item\":\"https:\\\/\\\/xactskateshop.com\\\/shop\\\/\"},{\"@type\":\"ListItem\",\"position\":3,\"name\":\"Pierre \u00e0 aplanir NORTON\"}]},{\"@type\":\"WebSite\",\"@id\":\"http:\\\/\\\/xactskateshop.com\\\/fr\\\/#website\",\"url\":\"http:\\\/\\\/xactskateshop.com\\\/fr\\\/\",\"name\":\"Xact Skate Shop\",\"description\":\"Un site utilisant WordPress\",\"publisher\":{\"@id\":\"http:\\\/\\\/xactskateshop.com\\\/fr\\\/#organization\"},\"potentialAction\":[{\"@type\":\"SearchAction\",\"target\":{\"@type\":\"EntryPoint\",\"urlTemplate\":\"http:\\\/\\\/xactskateshop.com\\\/fr\\\/?s={search_term_string}\"},\"query-input\":{\"@type\":\"PropertyValueSpecification\",\"valueRequired\":true,\"valueName\":\"search_term_string\"}}],\"inLanguage\":\"fr-FR\"},{\"@type\":\"Organization\",\"@id\":\"http:\\\/\\\/xactskateshop.com\\\/fr\\\/#organization\",\"name\":\"XACT Skate Shop\",\"url\":\"http:\\\/\\\/xactskateshop.com\\\/fr\\\/\",\"logo\":{\"@type\":\"ImageObject\",\"inLanguage\":\"fr-FR\",\"@id\":\"http:\\\/\\\/xactskateshop.com\\\/fr\\\/#\\\/schema\\\/logo\\\/image\\\/\",\"url\":\"http:\\\/\\\/xactskateshop.com\\\/wp-content\\\/uploads\\\/2024\\\/04\\\/xactskateshop-dot-com-avec-contour-noir-sans-fond-675x.jpg\",\"contentUrl\":\"http:\\\/\\\/xactskateshop.com\\\/wp-content\\\/uploads\\\/2024\\\/04\\\/xactskateshop-dot-com-avec-contour-noir-sans-fond-675x.jpg\",\"width\":675,\"height\":247,\"caption\":\"XACT Skate Shop\"},\"image\":{\"@id\":\"http:\\\/\\\/xactskateshop.com\\\/fr\\\/#\\\/schema\\\/logo\\\/image\\\/\"},\"sameAs\":[\"https:\\\/\\\/www.facebook.com\\\/JeanLouiskateshop\"]}]}<\/script>\n<!-- \/ Yoast SEO plugin. -->","yoast_head_json":{"title":"Pierre \u00e0 aplanir NORTON - Xact Skate Shop","description":"Pierre \u00e0 aplanir Norton. Produisez des surfaces planes sur les pierres \u00e0 eau ou \u00e0 huile de toutes granulom\u00e9tries avec les pierres \u00e0 aplanir Norton.","robots":{"index":"index","follow":"follow","max-snippet":"max-snippet:-1","max-image-preview":"max-image-preview:large","max-video-preview":"max-video-preview:-1"},"canonical":"https:\/\/xactskateshop.com\/fr\/produit\/norton-pierre-a-aplanir\/","og_locale":"fr_FR","og_type":"article","og_title":"Pierre \u00e0 aplanir NORTON - Xact Skate Shop","og_description":"Pierre \u00e0 aplanir Norton. Produisez des surfaces planes sur les pierres \u00e0 eau ou \u00e0 huile de toutes granulom\u00e9tries avec les pierres \u00e0 aplanir Norton.","og_url":"https:\/\/xactskateshop.com\/fr\/produit\/norton-pierre-a-aplanir\/","og_site_name":"Xact Skate Shop","article_publisher":"https:\/\/www.facebook.com\/JeanLouiskateshop","article_modified_time":"2025-10-11T18:12:58+00:00","og_image":[{"width":1000,"height":1000,"url":"https:\/\/xactskateshop.com\/wp-content\/uploads\/2024\/02\/610iqaG90VL._AC_SX679_.jpg","type":"image\/jpeg"}],"twitter_card":"summary_large_image","twitter_misc":{"Dur\u00e9e de lecture estim\u00e9e":"1 minute"},"schema":{"@context":"https:\/\/schema.org","@graph":[{"@type":"WebPage","@id":"https:\/\/xactskateshop.com\/fr\/produit\/norton-pierre-a-aplanir\/","url":"https:\/\/xactskateshop.com\/fr\/produit\/norton-pierre-a-aplanir\/","name":"Pierre \u00e0 aplanir NORTON - Xact Skate Shop","isPartOf":{"@id":"http:\/\/xactskateshop.com\/fr\/#website"},"primaryImageOfPage":{"@id":"https:\/\/xactskateshop.com\/fr\/produit\/norton-pierre-a-aplanir\/#primaryimage"},"image":{"@id":"https:\/\/xactskateshop.com\/fr\/produit\/norton-pierre-a-aplanir\/#primaryimage"},"thumbnailUrl":"https:\/\/xactskateshop.com\/wp-content\/uploads\/2024\/02\/610iqaG90VL._AC_SX679_.jpg","datePublished":"2024-02-29T20:00:06+00:00","dateModified":"2025-10-11T18:12:58+00:00","description":"Pierre \u00e0 aplanir Norton. Produisez des surfaces planes sur les pierres \u00e0 eau ou \u00e0 huile de toutes granulom\u00e9tries avec les pierres \u00e0 aplanir Norton.","breadcrumb":{"@id":"https:\/\/xactskateshop.com\/fr\/produit\/norton-pierre-a-aplanir\/#breadcrumb"},"inLanguage":"fr-FR","potentialAction":[{"@type":"ReadAction","target":["https:\/\/xactskateshop.com\/fr\/produit\/norton-pierre-a-aplanir\/"]}]},{"@type":"ImageObject","inLanguage":"fr-FR","@id":"https:\/\/xactskateshop.com\/fr\/produit\/norton-pierre-a-aplanir\/#primaryimage","url":"https:\/\/xactskateshop.com\/wp-content\/uploads\/2024\/02\/610iqaG90VL._AC_SX679_.jpg","contentUrl":"https:\/\/xactskateshop.com\/wp-content\/uploads\/2024\/02\/610iqaG90VL._AC_SX679_.jpg","width":1000,"height":1000,"caption":"Pierre \u00e0 aplanir NORTON"},{"@type":"BreadcrumbList","@id":"https:\/\/xactskateshop.com\/fr\/produit\/norton-pierre-a-aplanir\/#breadcrumb","itemListElement":[{"@type":"ListItem","position":1,"name":"Home","item":"https:\/\/xactskateshop.com\/fr\/accueil\/"},{"@type":"ListItem","position":2,"name":"Boutique","item":"https:\/\/xactskateshop.com\/shop\/"},{"@type":"ListItem","position":3,"name":"Pierre \u00e0 aplanir NORTON"}]},{"@type":"WebSite","@id":"http:\/\/xactskateshop.com\/fr\/#website","url":"http:\/\/xactskateshop.com\/fr\/","name":"Xact Skate Shop","description":"Un site utilisant WordPress","publisher":{"@id":"http:\/\/xactskateshop.com\/fr\/#organization"},"potentialAction":[{"@type":"SearchAction","target":{"@type":"EntryPoint","urlTemplate":"http:\/\/xactskateshop.com\/fr\/?s={search_term_string}"},"query-input":{"@type":"PropertyValueSpecification","valueRequired":true,"valueName":"search_term_string"}}],"inLanguage":"fr-FR"},{"@type":"Organization","@id":"http:\/\/xactskateshop.com\/fr\/#organization","name":"XACT Skate Shop","url":"http:\/\/xactskateshop.com\/fr\/","logo":{"@type":"ImageObject","inLanguage":"fr-FR","@id":"http:\/\/xactskateshop.com\/fr\/#\/schema\/logo\/image\/","url":"http:\/\/xactskateshop.com\/wp-content\/uploads\/2024\/04\/xactskateshop-dot-com-avec-contour-noir-sans-fond-675x.jpg","contentUrl":"http:\/\/xactskateshop.com\/wp-content\/uploads\/2024\/04\/xactskateshop-dot-com-avec-contour-noir-sans-fond-675x.jpg","width":675,"height":247,"caption":"XACT Skate Shop"},"image":{"@id":"http:\/\/xactskateshop.com\/fr\/#\/schema\/logo\/image\/"},"sameAs":["https:\/\/www.facebook.com\/JeanLouiskateshop"]}]}},"_links":{"self":[{"href":"https:\/\/xactskateshop.com\/fr\/wp-json\/wp\/v2\/product\/55685","targetHints":{"allow":["GET"]}}],"collection":[{"href":"https:\/\/xactskateshop.com\/fr\/wp-json\/wp\/v2\/product"}],"about":[{"href":"https:\/\/xactskateshop.com\/fr\/wp-json\/wp\/v2\/types\/product"}],"replies":[{"embeddable":true,"href":"https:\/\/xactskateshop.com\/fr\/wp-json\/wp\/v2\/comments?post=55685"}],"wp:featuredmedia":[{"embeddable":true,"href":"https:\/\/xactskateshop.com\/fr\/wp-json\/wp\/v2\/media\/38059"}],"wp:attachment":[{"href":"https:\/\/xactskateshop.com\/fr\/wp-json\/wp\/v2\/media?parent=55685"}],"wp:term":[{"taxonomy":"product_brand","embeddable":true,"href":"https:\/\/xactskateshop.com\/fr\/wp-json\/wp\/v2\/product_brand?post=55685"},{"taxonomy":"product_cat","embeddable":true,"href":"https:\/\/xactskateshop.com\/fr\/wp-json\/wp\/v2\/product_cat?post=55685"},{"taxonomy":"product_tag","embeddable":true,"href":"https:\/\/xactskateshop.com\/fr\/wp-json\/wp\/v2\/product_tag?post=55685"}],"curies":[{"name":"wp","href":"https:\/\/api.w.org\/{rel}","templated":true}]}}