{"id":55591,"date":"2024-03-19T12:49:21","date_gmt":"2024-03-19T16:49:21","guid":{"rendered":"http:\/\/xactskateshop.com\/product\/ehs-xa-st-blades-firm\/"},"modified":"2025-09-25T18:21:14","modified_gmt":"2025-09-25T22:21:14","slug":"ehs-xa-st-blades-firm","status":"publish","type":"product","link":"https:\/\/xactskateshop.com\/fr\/produit\/ehs-xa-st-blades-firm\/","title":{"rendered":"Lames EHS XA ST FIRM"},"content":{"rendered":"<h2>Lames EHS XA ST FIRM (002 FIRM)<\/h2>\n<p>La lame EHS XA ST FIRM, connu sous le nom de &#8220;StayBent&#8221;, est un mod\u00e8le de lame de haute qualit\u00e9 con\u00e7u pour les patineurs qui exigent des performances, une pr\u00e9cision et un contr\u00f4le de premier ordre.<\/p>\n<h3>Sp\u00e9cifications de l&#8217;EHS XA ST :<\/h3>\n<div class=\"flex-1 overflow-hidden\">\n<div class=\"react-scroll-to-bottom--css-hwtkh-79elbk h-full dark:bg-gray-800\">\n<div class=\"react-scroll-to-bottom--css-hwtkh-1n7m0yu\">\n<div class=\"flex flex-col text-sm dark:bg-gray-800\">\n<div class=\"group w-full text-token-text-primary border-b border-black\/10 gizmo:border-0 dark:border-gray-900\/50 gizmo:dark:border-0 bg-gray-50 gizmo:bg-transparent dark:bg-[#444654] gizmo:dark:bg-transparent\" data-testid=\"conversation-turn-7\">\n<div class=\"p-4 justify-center text-base md:gap-6 md:py-6 m-auto\">\n<div class=\"flex flex-1 gap-4 text-base mx-auto md:gap-6 gizmo:gap-3 gizmo:md:px-5 gizmo:lg:px-1 gizmo:xl:px-5 md:max-w-2xl lg:max-w-[38rem] gizmo:md:max-w-3xl gizmo:lg:max-w-[40rem] gizmo:xl:max-w-[48rem] xl:max-w-3xl }\">\n<div class=\"relative flex w-[calc(100%-50px)] flex-col gap-1 gizmo:w-full md:gap-3 lg:w-[calc(100%-115px)] agent-turn\">\n<div class=\"flex flex-grow flex-col gap-3 max-w-full\">\n<div class=\"min-h-[20px] flex flex-col items-start gap-3 whitespace-pre-wrap break-words overflow-x-auto\">\n<ul>\n<li>L&#8217;un des mod\u00e8les phares les plus r\u00e9cents d&#8217;EHS, avec une rigidit\u00e9 sup\u00e9rieure \u00e0 celle du mod\u00e8le XA,<\/li>\n<li>Pour les patineurs \u00e0 la recherche de la vitesse ultime, offrant une meilleure tenue dans les virages tout en conservant d&#8217;excellentes caract\u00e9ristiques de glisse et de virage,<\/li>\n<li>Fabriqu\u00e9 avec de l&#8217;aluminium de la plus haute qualit\u00e9 provenant des Pays-Bas,<\/li>\n<li>Utilise uniquement des patins en acier PM ou bi-m\u00e9tal de premi\u00e8re qualit\u00e9,<\/li>\n<li>Elle est dot\u00e9e de notre technologie brevet\u00e9e Precise Bend, qui permet d&#8217;obtenir des rayons de courbure tr\u00e8s pr\u00e9cis et lisses,<\/li>\n<li>Construit du d\u00e9but \u00e0 la fin par les artisans de Hagen Techniek aux Pays-Bas,<\/li>\n<li>Les coupelles sont fabriqu\u00e9es \u00e0 partir d&#8217;un aluminium plus l\u00e9ger et plus r\u00e9sistant pour une plus grande rigidit\u00e9 et un poids r\u00e9duit et peuvent \u00eatre command\u00e9es en diff\u00e9rentes hauteurs.<\/li>\n<\/ul>\n<p class=\"markdown prose w-full break-words dark:prose-invert light\"><strong>Rigidit\u00e9<\/strong><strong style=\"font-size: 1.3em;\">: <\/strong><strong>Ferme pour les patineurs de 145lbs &#8211; +<\/strong><\/p>\n<\/div>\n<\/div>\n<\/div>\n<\/div>\n<\/div>\n<\/div>\n<\/div>\n<\/div>\n<\/div>\n<\/div>\n<h6 style=\"text-align: left;\"><span style=\"color: #ff0000;\">Pr\u00e9paration des lames : Nous faisons un rocker progressif ST-9 sur ces lames.<\/span> <span style=\"color: #0000ff;\"><a style=\"color: #0000ff;\" href=\"http:\/\/xactskateshop.com\/product\/short-track-blade-rockering\/\">(voir les num\u00e9ros ici)<\/a><\/span> <span style=\"color: #ff0000;\">ainsi que la courbure correspondante<\/span><\/h6>\n<h3 style=\"text-align: left;\"><span style=\"font-size: 16px; font-style: normal; font-weight: 400;\">Pour en savoir plus sur l&#8217;EHS\/Staybent cliquez <\/span><a style=\"font-size: 16px; font-style: normal; font-weight: 400; background-color: #ffffff;\" href=\"https:\/\/www.ehskates.com\/team-1\">ici<\/a><\/h3>\n","protected":false},"excerpt":{"rendered":"<p>&nbsp;<\/p>\n<hr \/>\n<p style=\"text-align: center;\">La lame EHS XA ST FIRM, connu sous le nom de &#8220;StayBent&#8221;, est un mod\u00e8le de lame de haute qualit\u00e9 con\u00e7u pour les patineurs qui exigent des performances, une pr\u00e9cision et un contr\u00f4le de premier ordre.<\/p>\n<hr \/>\n<p>&nbsp;<\/p>\n","protected":false},"featured_media":38752,"comment_status":"open","ping_status":"closed","template":"","meta":{"site-sidebar-layout":"default","site-content-layout":"default","ast-site-content-layout":"default","site-content-style":"default","site-sidebar-style":"default","ast-global-header-display":"","ast-banner-title-visibility":"","ast-main-header-display":"","ast-hfb-above-header-display":"","ast-hfb-below-header-display":"","ast-hfb-mobile-header-display":"","site-post-title":"","ast-breadcrumbs-content":"","ast-featured-img":"","footer-sml-layout":"","theme-transparent-header-meta":"default","adv-header-id-meta":"","stick-header-meta":"","header-above-stick-meta":"","header-main-stick-meta":"","header-below-stick-meta":"","astra-migrate-meta-layouts":"set","ast-page-background-enabled":"default","ast-page-background-meta":{"desktop":{"background-color":"","background-image":"","background-repeat":"repeat","background-position":"center center","background-size":"auto","background-attachment":"scroll","background-type":"","background-media":"","overlay-type":"","overlay-color":"","overlay-opacity":"","overlay-gradient":""},"tablet":{"background-color":"","background-image":"","background-repeat":"repeat","background-position":"center center","background-size":"auto","background-attachment":"scroll","background-type":"","background-media":"","overlay-type":"","overlay-color":"","overlay-opacity":"","overlay-gradient":""},"mobile":{"background-color":"","background-image":"","background-repeat":"repeat","background-position":"center center","background-size":"auto","background-attachment":"scroll","background-type":"","background-media":"","overlay-type":"","overlay-color":"","overlay-opacity":"","overlay-gradient":""}},"ast-content-background-meta":{"desktop":{"background-color":"var(--ast-global-color-5)","background-image":"","background-repeat":"repeat","background-position":"center center","background-size":"auto","background-attachment":"scroll","background-type":"","background-media":"","overlay-type":"","overlay-color":"","overlay-opacity":"","overlay-gradient":""},"tablet":{"background-color":"var(--ast-global-color-5)","background-image":"","background-repeat":"repeat","background-position":"center center","background-size":"auto","background-attachment":"scroll","background-type":"","background-media":"","overlay-type":"","overlay-color":"","overlay-opacity":"","overlay-gradient":""},"mobile":{"background-color":"var(--ast-global-color-5)","background-image":"","background-repeat":"repeat","background-position":"center center","background-size":"auto","background-attachment":"scroll","background-type":"","background-media":"","overlay-type":"","overlay-color":"","overlay-opacity":"","overlay-gradient":""}}},"product_brand":[],"product_cat":[1354,1457,1353],"product_tag":[1356,2385,2388,1397,2380,2466],"class_list":{"0":"post-55591","1":"product","2":"type-product","3":"status-publish","4":"has-post-thumbnail","6":"product_cat-courte-piste","7":"product_cat-lames-et-pieces-patinage-de-vitesse-courte-piste","8":"product_cat-patinage-de-vitesse","9":"product_tag-courte-piste-fr","10":"product_tag-ehs-fr","11":"product_tag-ehs-st-fr","12":"product_tag-lames-de-st","13":"product_tag-lames-de-st-ehs","14":"product_tag-lames-staybent","15":"desktop-align-center","16":"tablet-align-center","17":"mobile-align-center","18":"ast-product-gallery-layout-horizontal","19":"ast-product-single-variable","20":"ast-product-tabs-layout-horizontal","21":"ast-qv-on-image","23":"first","24":"instock","25":"taxable","26":"shipping-taxable","27":"purchasable","28":"product-type-variable"},"bundled_by":[],"bundle_stock_status":"instock","bundle_stock_quantity":null,"bundle_virtual":false,"bundle_layout":"","bundle_add_to_cart_form_location":"","bundle_editable_in_cart":false,"bundle_sold_individually_context":"","bundle_item_grouping":"","bundle_min_size":"","bundle_max_size":"","bundle_price":[],"bundled_items":[],"bundle_sell_ids":[],"yoast_head":"<!-- This site is optimized with the Yoast SEO plugin v27.4 - https:\/\/yoast.com\/product\/yoast-seo-wordpress\/ -->\n<title>Lames EHS XA ST FIRM - Xact Skate Shop<\/title>\n<meta name=\"description\" content=\"Lames EHS XA ST FIRM. La XA est un mod\u00e8le de patin de haute qualit\u00e9 con\u00e7u pour les patineurs qui exigent des performances de haut niveau.\" \/>\n<meta name=\"robots\" content=\"index, follow, max-snippet:-1, max-image-preview:large, max-video-preview:-1\" \/>\n<link rel=\"canonical\" href=\"https:\/\/xactskateshop.com\/fr\/produit\/ehs-xa-st-blades-firm\/\" \/>\n<meta property=\"og:locale\" content=\"fr_FR\" \/>\n<meta property=\"og:type\" content=\"article\" \/>\n<meta property=\"og:title\" content=\"Lames EHS XA ST FIRM - Xact Skate Shop\" \/>\n<meta property=\"og:description\" content=\"Lames EHS XA ST FIRM. La XA est un mod\u00e8le de patin de haute qualit\u00e9 con\u00e7u pour les patineurs qui exigent des performances de haut niveau.\" \/>\n<meta property=\"og:url\" content=\"https:\/\/xactskateshop.com\/fr\/produit\/ehs-xa-st-blades-firm\/\" \/>\n<meta property=\"og:site_name\" content=\"Xact Skate Shop\" \/>\n<meta property=\"article:publisher\" content=\"https:\/\/www.facebook.com\/JeanLouiskateshop\" \/>\n<meta property=\"article:modified_time\" content=\"2025-09-25T22:21:14+00:00\" \/>\n<meta property=\"og:image\" content=\"https:\/\/xactskateshop.com\/wp-content\/uploads\/2024\/03\/SB-X002-1024x1024.png\" \/>\n\t<meta property=\"og:image:width\" content=\"1024\" \/>\n\t<meta property=\"og:image:height\" content=\"1024\" \/>\n\t<meta property=\"og:image:type\" content=\"image\/png\" \/>\n<meta name=\"twitter:card\" content=\"summary_large_image\" \/>\n<meta name=\"twitter:label1\" content=\"Dur\u00e9e de lecture estim\u00e9e\" \/>\n\t<meta name=\"twitter:data1\" content=\"2 minutes\" \/>\n<script type=\"application\/ld+json\" class=\"yoast-schema-graph\">{\"@context\":\"https:\\\/\\\/schema.org\",\"@graph\":[{\"@type\":\"WebPage\",\"@id\":\"https:\\\/\\\/xactskateshop.com\\\/fr\\\/produit\\\/ehs-xa-st-blades-firm\\\/\",\"url\":\"https:\\\/\\\/xactskateshop.com\\\/fr\\\/produit\\\/ehs-xa-st-blades-firm\\\/\",\"name\":\"Lames EHS XA ST FIRM - Xact Skate Shop\",\"isPartOf\":{\"@id\":\"http:\\\/\\\/xactskateshop.com\\\/fr\\\/#website\"},\"primaryImageOfPage\":{\"@id\":\"https:\\\/\\\/xactskateshop.com\\\/fr\\\/produit\\\/ehs-xa-st-blades-firm\\\/#primaryimage\"},\"image\":{\"@id\":\"https:\\\/\\\/xactskateshop.com\\\/fr\\\/produit\\\/ehs-xa-st-blades-firm\\\/#primaryimage\"},\"thumbnailUrl\":\"https:\\\/\\\/xactskateshop.com\\\/wp-content\\\/uploads\\\/2024\\\/03\\\/SB-X002.png\",\"datePublished\":\"2024-03-19T16:49:21+00:00\",\"dateModified\":\"2025-09-25T22:21:14+00:00\",\"description\":\"Lames EHS XA ST FIRM. La XA est un mod\u00e8le de patin de haute qualit\u00e9 con\u00e7u pour les patineurs qui exigent des performances de haut niveau.\",\"breadcrumb\":{\"@id\":\"https:\\\/\\\/xactskateshop.com\\\/fr\\\/produit\\\/ehs-xa-st-blades-firm\\\/#breadcrumb\"},\"inLanguage\":\"fr-FR\",\"potentialAction\":[{\"@type\":\"ReadAction\",\"target\":[\"https:\\\/\\\/xactskateshop.com\\\/fr\\\/produit\\\/ehs-xa-st-blades-firm\\\/\"]}]},{\"@type\":\"ImageObject\",\"inLanguage\":\"fr-FR\",\"@id\":\"https:\\\/\\\/xactskateshop.com\\\/fr\\\/produit\\\/ehs-xa-st-blades-firm\\\/#primaryimage\",\"url\":\"https:\\\/\\\/xactskateshop.com\\\/wp-content\\\/uploads\\\/2024\\\/03\\\/SB-X002.png\",\"contentUrl\":\"https:\\\/\\\/xactskateshop.com\\\/wp-content\\\/uploads\\\/2024\\\/03\\\/SB-X002.png\",\"width\":3456,\"height\":3456,\"caption\":\"LAMES EHS XA ST\"},{\"@type\":\"BreadcrumbList\",\"@id\":\"https:\\\/\\\/xactskateshop.com\\\/fr\\\/produit\\\/ehs-xa-st-blades-firm\\\/#breadcrumb\",\"itemListElement\":[{\"@type\":\"ListItem\",\"position\":1,\"name\":\"Home\",\"item\":\"https:\\\/\\\/xactskateshop.com\\\/fr\\\/accueil\\\/\"},{\"@type\":\"ListItem\",\"position\":2,\"name\":\"Boutique\",\"item\":\"https:\\\/\\\/xactskateshop.com\\\/shop\\\/\"},{\"@type\":\"ListItem\",\"position\":3,\"name\":\"Lames EHS XA ST FIRM\"}]},{\"@type\":\"WebSite\",\"@id\":\"http:\\\/\\\/xactskateshop.com\\\/fr\\\/#website\",\"url\":\"http:\\\/\\\/xactskateshop.com\\\/fr\\\/\",\"name\":\"Xact Skate Shop\",\"description\":\"Un site utilisant WordPress\",\"publisher\":{\"@id\":\"http:\\\/\\\/xactskateshop.com\\\/fr\\\/#organization\"},\"potentialAction\":[{\"@type\":\"SearchAction\",\"target\":{\"@type\":\"EntryPoint\",\"urlTemplate\":\"http:\\\/\\\/xactskateshop.com\\\/fr\\\/?s={search_term_string}\"},\"query-input\":{\"@type\":\"PropertyValueSpecification\",\"valueRequired\":true,\"valueName\":\"search_term_string\"}}],\"inLanguage\":\"fr-FR\"},{\"@type\":\"Organization\",\"@id\":\"http:\\\/\\\/xactskateshop.com\\\/fr\\\/#organization\",\"name\":\"XACT Skate Shop\",\"url\":\"http:\\\/\\\/xactskateshop.com\\\/fr\\\/\",\"logo\":{\"@type\":\"ImageObject\",\"inLanguage\":\"fr-FR\",\"@id\":\"http:\\\/\\\/xactskateshop.com\\\/fr\\\/#\\\/schema\\\/logo\\\/image\\\/\",\"url\":\"http:\\\/\\\/xactskateshop.com\\\/wp-content\\\/uploads\\\/2024\\\/04\\\/xactskateshop-dot-com-avec-contour-noir-sans-fond-675x.jpg\",\"contentUrl\":\"http:\\\/\\\/xactskateshop.com\\\/wp-content\\\/uploads\\\/2024\\\/04\\\/xactskateshop-dot-com-avec-contour-noir-sans-fond-675x.jpg\",\"width\":675,\"height\":247,\"caption\":\"XACT Skate Shop\"},\"image\":{\"@id\":\"http:\\\/\\\/xactskateshop.com\\\/fr\\\/#\\\/schema\\\/logo\\\/image\\\/\"},\"sameAs\":[\"https:\\\/\\\/www.facebook.com\\\/JeanLouiskateshop\"]}]}<\/script>\n<!-- \/ Yoast SEO plugin. -->","yoast_head_json":{"title":"Lames EHS XA ST FIRM - Xact Skate Shop","description":"Lames EHS XA ST FIRM. La XA est un mod\u00e8le de patin de haute qualit\u00e9 con\u00e7u pour les patineurs qui exigent des performances de haut niveau.","robots":{"index":"index","follow":"follow","max-snippet":"max-snippet:-1","max-image-preview":"max-image-preview:large","max-video-preview":"max-video-preview:-1"},"canonical":"https:\/\/xactskateshop.com\/fr\/produit\/ehs-xa-st-blades-firm\/","og_locale":"fr_FR","og_type":"article","og_title":"Lames EHS XA ST FIRM - Xact Skate Shop","og_description":"Lames EHS XA ST FIRM. La XA est un mod\u00e8le de patin de haute qualit\u00e9 con\u00e7u pour les patineurs qui exigent des performances de haut niveau.","og_url":"https:\/\/xactskateshop.com\/fr\/produit\/ehs-xa-st-blades-firm\/","og_site_name":"Xact Skate Shop","article_publisher":"https:\/\/www.facebook.com\/JeanLouiskateshop","article_modified_time":"2025-09-25T22:21:14+00:00","og_image":[{"width":1024,"height":1024,"url":"https:\/\/xactskateshop.com\/wp-content\/uploads\/2024\/03\/SB-X002-1024x1024.png","type":"image\/png"}],"twitter_card":"summary_large_image","twitter_misc":{"Dur\u00e9e de lecture estim\u00e9e":"2 minutes"},"schema":{"@context":"https:\/\/schema.org","@graph":[{"@type":"WebPage","@id":"https:\/\/xactskateshop.com\/fr\/produit\/ehs-xa-st-blades-firm\/","url":"https:\/\/xactskateshop.com\/fr\/produit\/ehs-xa-st-blades-firm\/","name":"Lames EHS XA ST FIRM - Xact Skate Shop","isPartOf":{"@id":"http:\/\/xactskateshop.com\/fr\/#website"},"primaryImageOfPage":{"@id":"https:\/\/xactskateshop.com\/fr\/produit\/ehs-xa-st-blades-firm\/#primaryimage"},"image":{"@id":"https:\/\/xactskateshop.com\/fr\/produit\/ehs-xa-st-blades-firm\/#primaryimage"},"thumbnailUrl":"https:\/\/xactskateshop.com\/wp-content\/uploads\/2024\/03\/SB-X002.png","datePublished":"2024-03-19T16:49:21+00:00","dateModified":"2025-09-25T22:21:14+00:00","description":"Lames EHS XA ST FIRM. La XA est un mod\u00e8le de patin de haute qualit\u00e9 con\u00e7u pour les patineurs qui exigent des performances de haut niveau.","breadcrumb":{"@id":"https:\/\/xactskateshop.com\/fr\/produit\/ehs-xa-st-blades-firm\/#breadcrumb"},"inLanguage":"fr-FR","potentialAction":[{"@type":"ReadAction","target":["https:\/\/xactskateshop.com\/fr\/produit\/ehs-xa-st-blades-firm\/"]}]},{"@type":"ImageObject","inLanguage":"fr-FR","@id":"https:\/\/xactskateshop.com\/fr\/produit\/ehs-xa-st-blades-firm\/#primaryimage","url":"https:\/\/xactskateshop.com\/wp-content\/uploads\/2024\/03\/SB-X002.png","contentUrl":"https:\/\/xactskateshop.com\/wp-content\/uploads\/2024\/03\/SB-X002.png","width":3456,"height":3456,"caption":"LAMES EHS XA ST"},{"@type":"BreadcrumbList","@id":"https:\/\/xactskateshop.com\/fr\/produit\/ehs-xa-st-blades-firm\/#breadcrumb","itemListElement":[{"@type":"ListItem","position":1,"name":"Home","item":"https:\/\/xactskateshop.com\/fr\/accueil\/"},{"@type":"ListItem","position":2,"name":"Boutique","item":"https:\/\/xactskateshop.com\/shop\/"},{"@type":"ListItem","position":3,"name":"Lames EHS XA ST FIRM"}]},{"@type":"WebSite","@id":"http:\/\/xactskateshop.com\/fr\/#website","url":"http:\/\/xactskateshop.com\/fr\/","name":"Xact Skate Shop","description":"Un site utilisant WordPress","publisher":{"@id":"http:\/\/xactskateshop.com\/fr\/#organization"},"potentialAction":[{"@type":"SearchAction","target":{"@type":"EntryPoint","urlTemplate":"http:\/\/xactskateshop.com\/fr\/?s={search_term_string}"},"query-input":{"@type":"PropertyValueSpecification","valueRequired":true,"valueName":"search_term_string"}}],"inLanguage":"fr-FR"},{"@type":"Organization","@id":"http:\/\/xactskateshop.com\/fr\/#organization","name":"XACT Skate Shop","url":"http:\/\/xactskateshop.com\/fr\/","logo":{"@type":"ImageObject","inLanguage":"fr-FR","@id":"http:\/\/xactskateshop.com\/fr\/#\/schema\/logo\/image\/","url":"http:\/\/xactskateshop.com\/wp-content\/uploads\/2024\/04\/xactskateshop-dot-com-avec-contour-noir-sans-fond-675x.jpg","contentUrl":"http:\/\/xactskateshop.com\/wp-content\/uploads\/2024\/04\/xactskateshop-dot-com-avec-contour-noir-sans-fond-675x.jpg","width":675,"height":247,"caption":"XACT Skate Shop"},"image":{"@id":"http:\/\/xactskateshop.com\/fr\/#\/schema\/logo\/image\/"},"sameAs":["https:\/\/www.facebook.com\/JeanLouiskateshop"]}]}},"_links":{"self":[{"href":"https:\/\/xactskateshop.com\/fr\/wp-json\/wp\/v2\/product\/55591","targetHints":{"allow":["GET"]}}],"collection":[{"href":"https:\/\/xactskateshop.com\/fr\/wp-json\/wp\/v2\/product"}],"about":[{"href":"https:\/\/xactskateshop.com\/fr\/wp-json\/wp\/v2\/types\/product"}],"replies":[{"embeddable":true,"href":"https:\/\/xactskateshop.com\/fr\/wp-json\/wp\/v2\/comments?post=55591"}],"wp:featuredmedia":[{"embeddable":true,"href":"https:\/\/xactskateshop.com\/fr\/wp-json\/wp\/v2\/media\/38752"}],"wp:attachment":[{"href":"https:\/\/xactskateshop.com\/fr\/wp-json\/wp\/v2\/media?parent=55591"}],"wp:term":[{"taxonomy":"product_brand","embeddable":true,"href":"https:\/\/xactskateshop.com\/fr\/wp-json\/wp\/v2\/product_brand?post=55591"},{"taxonomy":"product_cat","embeddable":true,"href":"https:\/\/xactskateshop.com\/fr\/wp-json\/wp\/v2\/product_cat?post=55591"},{"taxonomy":"product_tag","embeddable":true,"href":"https:\/\/xactskateshop.com\/fr\/wp-json\/wp\/v2\/product_tag?post=55591"}],"curies":[{"name":"wp","href":"https:\/\/api.w.org\/{rel}","templated":true}]}}