{"id":55578,"date":"2024-04-11T12:16:34","date_gmt":"2024-04-11T16:16:34","guid":{"rendered":"http:\/\/xactskateshop.com\/product\/bont-pro-economic-diamond-sharpening-jig-kit\/"},"modified":"2026-01-24T12:53:58","modified_gmt":"2026-01-24T17:53:58","slug":"ensemble-d-aiguisage-aux-diamants-econo-bont-pro","status":"publish","type":"product","link":"https:\/\/xactskateshop.com\/fr\/produit\/ensemble-d-aiguisage-aux-diamants-econo-bont-pro\/","title":{"rendered":"Ensemble d&#8217;aiguisage \u00e9cono BONT Pro Diamant"},"content":{"rendered":"<h2>Ensemble d&#8217;aiguisage \u00e9cono BONT Pro Diamant <strong>comprend<\/strong><\/h2>\n<p>&nbsp;<\/p>\n<h4><strong>1 gabarit d&#8217;aff\u00fbtage BONT Pro:<\/strong><\/h4>\n<p>Le gabarit d&#8217;aff\u00fbtage BONT est con\u00e7u pour s&#8217;adapter \u00e0 toutes les marques de lames sur le march\u00e9 et est le seul gabarit dont vous aurez besoin. Le gabarit est con\u00e7u au Canada par Ga\u00ebl Doucet-Gagnon et fabriqu\u00e9 par BONT. Il est l\u00e9ger, solide, compact et n&#8217;affectera pas la courbure de vos lames lors de l&#8217;aff\u00fbtage. Il est facile \u00e0 monter et \u00e0 d\u00e9monter, ce qui est id\u00e9al si vous devez vous rendre \u00e0 des comp\u00e9titions dans le monde entier.   <\/p>\n<p>&nbsp;<\/p>\n<h4><strong>1 Duo de pierres de diamant (rouge\/bleu) :<\/strong><\/h4>\n<p>Le DuoSharp\u00ae de 10 pouces est la pierre \u00e0 aiguiser diamant\u00e9e par <strong>excellence<\/strong>. Tous les avantages du mod\u00e8le 8&#8243;, mais avec <strong>87% de plus de<\/strong> la surface d&#8217;aff\u00fbtage en diamant \u00e0 pois interrompus, marque de fabrique de DMT\u00ae. Chacune de ces pierres d&#8217;\u00e9tabli \u00e0 double face offre <strong>plus de 4 carats<\/strong> de diamant monocristallin micronis\u00e9. Utilisez de l&#8217;eau pour prot\u00e9ger votre pierre lors de l&#8217;aff\u00fbtage.   <\/p>\n<p>Taille : 10&#8243; x 4 &#8220;x 0.375&#8221; (250mm x 100mm x 10mm)<\/p>\n<p>&nbsp;<\/p>\n<h4><strong>1 Pierre \u00e0 polir fine (rouge) :<\/strong><\/h4>\n<p>La pierre Mini Diamond 70 mm, au motif \u00e0 pois caract\u00e9ristique de DMT, est un compl\u00e9ment portable \u00e0 toute trousse d&#8217;outils. R\u00e9paration rapide des bords n&#8217;importe o\u00f9. L&#8217;aff\u00fbtage avec des diamants est rapide et facile. Utilisez de l&#8217;eau pour prot\u00e9ger votre pierre lors de l&#8217;aff\u00fbtage.   <\/p>\n<p>Taille : 2 11\/16&#8243; x 15\/16&#8243; x 3\/16&#8243; (70 mm x 24 mm x 5 mm)<\/p>\n<p>&nbsp;<\/p>\n<h4><strong>1 Kill Burr :<\/strong><\/h4>\n<p>Le secret hollandais dont vous ne pourrez plus vous passer ! Plus de d\u00e9rapages, plus besoin de pansements pour vos doigts ! Cette invention super cool combine la magie de l&#8217;\u00e9barbage du carbure dans un \u00e9tui qui \u00e9pargne les doigts. Elle reste \u00e0 l&#8217;\u00e9querre pour garantir un tranchant parfait \u00e0 chaque fois. Il s&#8217;adapte automatiquement aux diff\u00e9rentes \u00e9paisseurs de lame. Cr\u00e9\u00e9 et produit aux Pays-Bas par Goud-Sport. Cet outil est indispensable \u00e0 tout kit d&#8217;aff\u00fbtage !     <\/p>\n<p>&nbsp;<\/p>\n<hr>\n<p>Voir d&#8217;autres kits d&#8217;aff\u00fbtage <a href=\"http:\/\/xactskateshop.com\/product-category\/speed-skating\/blade-maintenance\/\">ici<\/a><\/p>\n<p>Pour en savoir plus sur BONT <a href=\"http:\/\/www.bont.ca\">, cliquez ici<\/a><\/p>\n<hr>\n<p>&nbsp;<\/p>\n","protected":false},"excerpt":{"rendered":"<hr>\n<p style=\"text-align: center;\">Le gabarit d&#8217;aff\u00fbtage BONT est con\u00e7u pour s&#8217;adapter \u00e0 toutes les marques de lames sur le march\u00e9 et est le seul gabarit dont vous aurez besoin. Le gabarit est con\u00e7u au Canada par Ga\u00ebl Doucet-Gagnon et fabriqu\u00e9 par BONT skates. Il est l\u00e9ger, solide, compact et n&#8217;affectera pas la courbure de vos lames lors de l&#8217;aff\u00fbtage. Il est facile \u00e0 monter et \u00e0 d\u00e9monter, ce qui est id\u00e9al si vous devez vous rendre \u00e0 des comp\u00e9titions dans le monde entier.<\/p>\n<p style=\"text-align: center;\"><strong>1 gabarit d&#8217;aff\u00fbtage Pro<\/strong><\/p>\n<p style=\"text-align: center;\"><strong>1 Duo de pierres de diamant pointues (noir\/bleu et rouge\/vert) :<\/strong><\/p>\n<p style=\"text-align: center;\"><strong>1 Pierre \u00e0 aiguiser fine (rouge)<\/strong><\/p>\n<p style=\"text-align: center;\"><strong>1 Kill Burr<\/strong><\/p>\n<hr>\n<p style=\"text-align: center;\">\n","protected":false},"featured_media":42537,"comment_status":"open","ping_status":"closed","template":"","meta":{"site-sidebar-layout":"default","site-content-layout":"default","ast-site-content-layout":"default","site-content-style":"default","site-sidebar-style":"default","ast-global-header-display":"","ast-banner-title-visibility":"","ast-main-header-display":"","ast-hfb-above-header-display":"","ast-hfb-below-header-display":"","ast-hfb-mobile-header-display":"","site-post-title":"","ast-breadcrumbs-content":"","ast-featured-img":"","footer-sml-layout":"","theme-transparent-header-meta":"default","adv-header-id-meta":"","stick-header-meta":"","header-above-stick-meta":"","header-main-stick-meta":"","header-below-stick-meta":"","astra-migrate-meta-layouts":"set","ast-page-background-enabled":"default","ast-page-background-meta":{"desktop":{"background-color":"","background-image":"","background-repeat":"repeat","background-position":"center center","background-size":"auto","background-attachment":"scroll","background-type":"","background-media":"","overlay-type":"","overlay-color":"","overlay-opacity":"","overlay-gradient":""},"tablet":{"background-color":"","background-image":"","background-repeat":"repeat","background-position":"center center","background-size":"auto","background-attachment":"scroll","background-type":"","background-media":"","overlay-type":"","overlay-color":"","overlay-opacity":"","overlay-gradient":""},"mobile":{"background-color":"","background-image":"","background-repeat":"repeat","background-position":"center center","background-size":"auto","background-attachment":"scroll","background-type":"","background-media":"","overlay-type":"","overlay-color":"","overlay-opacity":"","overlay-gradient":""}},"ast-content-background-meta":{"desktop":{"background-color":"var(--ast-global-color-5)","background-image":"","background-repeat":"repeat","background-position":"center center","background-size":"auto","background-attachment":"scroll","background-type":"","background-media":"","overlay-type":"","overlay-color":"","overlay-opacity":"","overlay-gradient":""},"tablet":{"background-color":"var(--ast-global-color-5)","background-image":"","background-repeat":"repeat","background-position":"center center","background-size":"auto","background-attachment":"scroll","background-type":"","background-media":"","overlay-type":"","overlay-color":"","overlay-opacity":"","overlay-gradient":""},"mobile":{"background-color":"var(--ast-global-color-5)","background-image":"","background-repeat":"repeat","background-position":"center center","background-size":"auto","background-attachment":"scroll","background-type":"","background-media":"","overlay-type":"","overlay-color":"","overlay-opacity":"","overlay-gradient":""}}},"product_brand":[],"product_cat":[1500,1353],"product_tag":[1718,1356,2502],"class_list":{"0":"post-55578","1":"product","2":"type-product","3":"status-publish","4":"has-post-thumbnail","6":"product_cat-entretien-des-lames-fr","7":"product_cat-patinage-de-vitesse","8":"product_tag-affutage-au-diamant","9":"product_tag-courte-piste-fr","10":"product_tag-kit-daffutage","11":"desktop-align-center","12":"tablet-align-center","13":"mobile-align-center","14":"ast-product-gallery-layout-horizontal","15":"ast-product-tabs-layout-horizontal","16":"ast-qv-on-image","18":"first","19":"instock","20":"taxable","21":"shipping-taxable","22":"purchasable","23":"product-type-simple"},"bundled_by":[],"bundle_stock_status":"instock","bundle_stock_quantity":null,"bundle_virtual":false,"bundle_layout":"","bundle_add_to_cart_form_location":"","bundle_editable_in_cart":false,"bundle_sold_individually_context":"","bundle_item_grouping":"","bundle_min_size":"","bundle_max_size":"","bundle_price":[],"bundled_items":[],"bundle_sell_ids":[],"yoast_head":"<!-- This site is optimized with the Yoast SEO plugin v27.4 - https:\/\/yoast.com\/product\/yoast-seo-wordpress\/ -->\n<title>L&#039;aff\u00fbtage diamant\u00e9 pro \u00e9conomique - %.<\/title>\n<meta name=\"description\" content=\"Aff\u00fbtage diamant professionnel et \u00e9conomique. Le gabarit d&#039;aff\u00fbtage BONT est con\u00e7u pour s&#039;adapter \u00e0 toutes les marques de lames sur le march\u00e9 et est le seul gabarit dont vous aurez besoin.\" \/>\n<meta name=\"robots\" content=\"index, follow, max-snippet:-1, max-image-preview:large, max-video-preview:-1\" \/>\n<link rel=\"canonical\" href=\"https:\/\/xactskateshop.com\/fr\/produit\/ensemble-d-aiguisage-aux-diamants-econo-bont-pro\/\" \/>\n<meta property=\"og:locale\" content=\"fr_FR\" \/>\n<meta property=\"og:type\" content=\"article\" \/>\n<meta property=\"og:title\" content=\"L&#039;aff\u00fbtage diamant\u00e9 pro \u00e9conomique - %.\" \/>\n<meta property=\"og:description\" content=\"Aff\u00fbtage diamant professionnel et \u00e9conomique. Le gabarit d&#039;aff\u00fbtage BONT est con\u00e7u pour s&#039;adapter \u00e0 toutes les marques de lames sur le march\u00e9 et est le seul gabarit dont vous aurez besoin.\" \/>\n<meta property=\"og:url\" content=\"https:\/\/xactskateshop.com\/fr\/produit\/ensemble-d-aiguisage-aux-diamants-econo-bont-pro\/\" \/>\n<meta property=\"og:site_name\" content=\"Xact Skate Shop\" \/>\n<meta property=\"article:publisher\" content=\"https:\/\/www.facebook.com\/JeanLouiskateshop\" \/>\n<meta property=\"article:modified_time\" content=\"2026-01-24T17:53:58+00:00\" \/>\n<meta property=\"og:image\" content=\"https:\/\/xactskateshop.com\/wp-content\/uploads\/2024\/04\/HIGH-END-econo-KIT.jpg\" \/>\n\t<meta property=\"og:image:width\" content=\"1000\" \/>\n\t<meta property=\"og:image:height\" content=\"1000\" \/>\n\t<meta property=\"og:image:type\" content=\"image\/jpeg\" \/>\n<meta name=\"twitter:card\" content=\"summary_large_image\" \/>\n<meta name=\"twitter:label1\" content=\"Dur\u00e9e de lecture estim\u00e9e\" \/>\n\t<meta name=\"twitter:data1\" content=\"2 minutes\" \/>\n<script type=\"application\/ld+json\" class=\"yoast-schema-graph\">{\"@context\":\"https:\\\/\\\/schema.org\",\"@graph\":[{\"@type\":\"WebPage\",\"@id\":\"https:\\\/\\\/xactskateshop.com\\\/fr\\\/produit\\\/ensemble-d-aiguisage-aux-diamants-econo-bont-pro\\\/\",\"url\":\"https:\\\/\\\/xactskateshop.com\\\/fr\\\/produit\\\/ensemble-d-aiguisage-aux-diamants-econo-bont-pro\\\/\",\"name\":\"L'aff\u00fbtage diamant\u00e9 pro \u00e9conomique - %.\",\"isPartOf\":{\"@id\":\"http:\\\/\\\/xactskateshop.com\\\/fr\\\/#website\"},\"primaryImageOfPage\":{\"@id\":\"https:\\\/\\\/xactskateshop.com\\\/fr\\\/produit\\\/ensemble-d-aiguisage-aux-diamants-econo-bont-pro\\\/#primaryimage\"},\"image\":{\"@id\":\"https:\\\/\\\/xactskateshop.com\\\/fr\\\/produit\\\/ensemble-d-aiguisage-aux-diamants-econo-bont-pro\\\/#primaryimage\"},\"thumbnailUrl\":\"https:\\\/\\\/xactskateshop.com\\\/wp-content\\\/uploads\\\/2024\\\/04\\\/HIGH-END-econo-KIT.jpg\",\"datePublished\":\"2024-04-11T16:16:34+00:00\",\"dateModified\":\"2026-01-24T17:53:58+00:00\",\"description\":\"Aff\u00fbtage diamant professionnel et \u00e9conomique. Le gabarit d'aff\u00fbtage BONT est con\u00e7u pour s'adapter \u00e0 toutes les marques de lames sur le march\u00e9 et est le seul gabarit dont vous aurez besoin.\",\"breadcrumb\":{\"@id\":\"https:\\\/\\\/xactskateshop.com\\\/fr\\\/produit\\\/ensemble-d-aiguisage-aux-diamants-econo-bont-pro\\\/#breadcrumb\"},\"inLanguage\":\"fr-FR\",\"potentialAction\":[{\"@type\":\"ReadAction\",\"target\":[\"https:\\\/\\\/xactskateshop.com\\\/fr\\\/produit\\\/ensemble-d-aiguisage-aux-diamants-econo-bont-pro\\\/\"]}]},{\"@type\":\"ImageObject\",\"inLanguage\":\"fr-FR\",\"@id\":\"https:\\\/\\\/xactskateshop.com\\\/fr\\\/produit\\\/ensemble-d-aiguisage-aux-diamants-econo-bont-pro\\\/#primaryimage\",\"url\":\"https:\\\/\\\/xactskateshop.com\\\/wp-content\\\/uploads\\\/2024\\\/04\\\/HIGH-END-econo-KIT.jpg\",\"contentUrl\":\"https:\\\/\\\/xactskateshop.com\\\/wp-content\\\/uploads\\\/2024\\\/04\\\/HIGH-END-econo-KIT.jpg\",\"width\":1000,\"height\":1000,\"caption\":\"APPAREIL PHOTO NUM\u00c9RIQUE SAMSUNG\"},{\"@type\":\"BreadcrumbList\",\"@id\":\"https:\\\/\\\/xactskateshop.com\\\/fr\\\/produit\\\/ensemble-d-aiguisage-aux-diamants-econo-bont-pro\\\/#breadcrumb\",\"itemListElement\":[{\"@type\":\"ListItem\",\"position\":1,\"name\":\"Home\",\"item\":\"https:\\\/\\\/xactskateshop.com\\\/fr\\\/accueil\\\/\"},{\"@type\":\"ListItem\",\"position\":2,\"name\":\"Boutique\",\"item\":\"https:\\\/\\\/xactskateshop.com\\\/shop\\\/\"},{\"@type\":\"ListItem\",\"position\":3,\"name\":\"Ensemble d&#8217;aiguisage \u00e9cono BONT Pro Diamant\"}]},{\"@type\":\"WebSite\",\"@id\":\"http:\\\/\\\/xactskateshop.com\\\/fr\\\/#website\",\"url\":\"http:\\\/\\\/xactskateshop.com\\\/fr\\\/\",\"name\":\"Xact Skate Shop\",\"description\":\"Un site utilisant WordPress\",\"publisher\":{\"@id\":\"http:\\\/\\\/xactskateshop.com\\\/fr\\\/#organization\"},\"potentialAction\":[{\"@type\":\"SearchAction\",\"target\":{\"@type\":\"EntryPoint\",\"urlTemplate\":\"http:\\\/\\\/xactskateshop.com\\\/fr\\\/?s={search_term_string}\"},\"query-input\":{\"@type\":\"PropertyValueSpecification\",\"valueRequired\":true,\"valueName\":\"search_term_string\"}}],\"inLanguage\":\"fr-FR\"},{\"@type\":\"Organization\",\"@id\":\"http:\\\/\\\/xactskateshop.com\\\/fr\\\/#organization\",\"name\":\"XACT Skate Shop\",\"url\":\"http:\\\/\\\/xactskateshop.com\\\/fr\\\/\",\"logo\":{\"@type\":\"ImageObject\",\"inLanguage\":\"fr-FR\",\"@id\":\"http:\\\/\\\/xactskateshop.com\\\/fr\\\/#\\\/schema\\\/logo\\\/image\\\/\",\"url\":\"http:\\\/\\\/xactskateshop.com\\\/wp-content\\\/uploads\\\/2024\\\/04\\\/xactskateshop-dot-com-avec-contour-noir-sans-fond-675x.jpg\",\"contentUrl\":\"http:\\\/\\\/xactskateshop.com\\\/wp-content\\\/uploads\\\/2024\\\/04\\\/xactskateshop-dot-com-avec-contour-noir-sans-fond-675x.jpg\",\"width\":675,\"height\":247,\"caption\":\"XACT Skate Shop\"},\"image\":{\"@id\":\"http:\\\/\\\/xactskateshop.com\\\/fr\\\/#\\\/schema\\\/logo\\\/image\\\/\"},\"sameAs\":[\"https:\\\/\\\/www.facebook.com\\\/JeanLouiskateshop\"]}]}<\/script>\n<!-- \/ Yoast SEO plugin. -->","yoast_head_json":{"title":"L'aff\u00fbtage diamant\u00e9 pro \u00e9conomique - %.","description":"Aff\u00fbtage diamant professionnel et \u00e9conomique. Le gabarit d'aff\u00fbtage BONT est con\u00e7u pour s'adapter \u00e0 toutes les marques de lames sur le march\u00e9 et est le seul gabarit dont vous aurez besoin.","robots":{"index":"index","follow":"follow","max-snippet":"max-snippet:-1","max-image-preview":"max-image-preview:large","max-video-preview":"max-video-preview:-1"},"canonical":"https:\/\/xactskateshop.com\/fr\/produit\/ensemble-d-aiguisage-aux-diamants-econo-bont-pro\/","og_locale":"fr_FR","og_type":"article","og_title":"L'aff\u00fbtage diamant\u00e9 pro \u00e9conomique - %.","og_description":"Aff\u00fbtage diamant professionnel et \u00e9conomique. Le gabarit d'aff\u00fbtage BONT est con\u00e7u pour s'adapter \u00e0 toutes les marques de lames sur le march\u00e9 et est le seul gabarit dont vous aurez besoin.","og_url":"https:\/\/xactskateshop.com\/fr\/produit\/ensemble-d-aiguisage-aux-diamants-econo-bont-pro\/","og_site_name":"Xact Skate Shop","article_publisher":"https:\/\/www.facebook.com\/JeanLouiskateshop","article_modified_time":"2026-01-24T17:53:58+00:00","og_image":[{"width":1000,"height":1000,"url":"https:\/\/xactskateshop.com\/wp-content\/uploads\/2024\/04\/HIGH-END-econo-KIT.jpg","type":"image\/jpeg"}],"twitter_card":"summary_large_image","twitter_misc":{"Dur\u00e9e de lecture estim\u00e9e":"2 minutes"},"schema":{"@context":"https:\/\/schema.org","@graph":[{"@type":"WebPage","@id":"https:\/\/xactskateshop.com\/fr\/produit\/ensemble-d-aiguisage-aux-diamants-econo-bont-pro\/","url":"https:\/\/xactskateshop.com\/fr\/produit\/ensemble-d-aiguisage-aux-diamants-econo-bont-pro\/","name":"L'aff\u00fbtage diamant\u00e9 pro \u00e9conomique - %.","isPartOf":{"@id":"http:\/\/xactskateshop.com\/fr\/#website"},"primaryImageOfPage":{"@id":"https:\/\/xactskateshop.com\/fr\/produit\/ensemble-d-aiguisage-aux-diamants-econo-bont-pro\/#primaryimage"},"image":{"@id":"https:\/\/xactskateshop.com\/fr\/produit\/ensemble-d-aiguisage-aux-diamants-econo-bont-pro\/#primaryimage"},"thumbnailUrl":"https:\/\/xactskateshop.com\/wp-content\/uploads\/2024\/04\/HIGH-END-econo-KIT.jpg","datePublished":"2024-04-11T16:16:34+00:00","dateModified":"2026-01-24T17:53:58+00:00","description":"Aff\u00fbtage diamant professionnel et \u00e9conomique. Le gabarit d'aff\u00fbtage BONT est con\u00e7u pour s'adapter \u00e0 toutes les marques de lames sur le march\u00e9 et est le seul gabarit dont vous aurez besoin.","breadcrumb":{"@id":"https:\/\/xactskateshop.com\/fr\/produit\/ensemble-d-aiguisage-aux-diamants-econo-bont-pro\/#breadcrumb"},"inLanguage":"fr-FR","potentialAction":[{"@type":"ReadAction","target":["https:\/\/xactskateshop.com\/fr\/produit\/ensemble-d-aiguisage-aux-diamants-econo-bont-pro\/"]}]},{"@type":"ImageObject","inLanguage":"fr-FR","@id":"https:\/\/xactskateshop.com\/fr\/produit\/ensemble-d-aiguisage-aux-diamants-econo-bont-pro\/#primaryimage","url":"https:\/\/xactskateshop.com\/wp-content\/uploads\/2024\/04\/HIGH-END-econo-KIT.jpg","contentUrl":"https:\/\/xactskateshop.com\/wp-content\/uploads\/2024\/04\/HIGH-END-econo-KIT.jpg","width":1000,"height":1000,"caption":"APPAREIL PHOTO NUM\u00c9RIQUE SAMSUNG"},{"@type":"BreadcrumbList","@id":"https:\/\/xactskateshop.com\/fr\/produit\/ensemble-d-aiguisage-aux-diamants-econo-bont-pro\/#breadcrumb","itemListElement":[{"@type":"ListItem","position":1,"name":"Home","item":"https:\/\/xactskateshop.com\/fr\/accueil\/"},{"@type":"ListItem","position":2,"name":"Boutique","item":"https:\/\/xactskateshop.com\/shop\/"},{"@type":"ListItem","position":3,"name":"Ensemble d&#8217;aiguisage \u00e9cono BONT Pro Diamant"}]},{"@type":"WebSite","@id":"http:\/\/xactskateshop.com\/fr\/#website","url":"http:\/\/xactskateshop.com\/fr\/","name":"Xact Skate Shop","description":"Un site utilisant WordPress","publisher":{"@id":"http:\/\/xactskateshop.com\/fr\/#organization"},"potentialAction":[{"@type":"SearchAction","target":{"@type":"EntryPoint","urlTemplate":"http:\/\/xactskateshop.com\/fr\/?s={search_term_string}"},"query-input":{"@type":"PropertyValueSpecification","valueRequired":true,"valueName":"search_term_string"}}],"inLanguage":"fr-FR"},{"@type":"Organization","@id":"http:\/\/xactskateshop.com\/fr\/#organization","name":"XACT Skate Shop","url":"http:\/\/xactskateshop.com\/fr\/","logo":{"@type":"ImageObject","inLanguage":"fr-FR","@id":"http:\/\/xactskateshop.com\/fr\/#\/schema\/logo\/image\/","url":"http:\/\/xactskateshop.com\/wp-content\/uploads\/2024\/04\/xactskateshop-dot-com-avec-contour-noir-sans-fond-675x.jpg","contentUrl":"http:\/\/xactskateshop.com\/wp-content\/uploads\/2024\/04\/xactskateshop-dot-com-avec-contour-noir-sans-fond-675x.jpg","width":675,"height":247,"caption":"XACT Skate Shop"},"image":{"@id":"http:\/\/xactskateshop.com\/fr\/#\/schema\/logo\/image\/"},"sameAs":["https:\/\/www.facebook.com\/JeanLouiskateshop"]}]}},"_links":{"self":[{"href":"https:\/\/xactskateshop.com\/fr\/wp-json\/wp\/v2\/product\/55578","targetHints":{"allow":["GET"]}}],"collection":[{"href":"https:\/\/xactskateshop.com\/fr\/wp-json\/wp\/v2\/product"}],"about":[{"href":"https:\/\/xactskateshop.com\/fr\/wp-json\/wp\/v2\/types\/product"}],"replies":[{"embeddable":true,"href":"https:\/\/xactskateshop.com\/fr\/wp-json\/wp\/v2\/comments?post=55578"}],"wp:featuredmedia":[{"embeddable":true,"href":"https:\/\/xactskateshop.com\/fr\/wp-json\/wp\/v2\/media\/42537"}],"wp:attachment":[{"href":"https:\/\/xactskateshop.com\/fr\/wp-json\/wp\/v2\/media?parent=55578"}],"wp:term":[{"taxonomy":"product_brand","embeddable":true,"href":"https:\/\/xactskateshop.com\/fr\/wp-json\/wp\/v2\/product_brand?post=55578"},{"taxonomy":"product_cat","embeddable":true,"href":"https:\/\/xactskateshop.com\/fr\/wp-json\/wp\/v2\/product_cat?post=55578"},{"taxonomy":"product_tag","embeddable":true,"href":"https:\/\/xactskateshop.com\/fr\/wp-json\/wp\/v2\/product_tag?post=55578"}],"curies":[{"name":"wp","href":"https:\/\/api.w.org\/{rel}","templated":true}]}}