{"id":55574,"date":"2024-04-17T11:47:50","date_gmt":"2024-04-17T15:47:50","guid":{"rendered":"http:\/\/xactskateshop.com\/product\/cadomotus-argon-tr3-cadre-en-ligne\/"},"modified":"2026-01-24T12:48:10","modified_gmt":"2026-01-24T17:48:10","slug":"chassis-roues-alignees-cadomotus-argon-tr3","status":"publish","type":"product","link":"https:\/\/xactskateshop.com\/fr\/produit\/chassis-roues-alignees-cadomotus-argon-tr3\/","title":{"rendered":"Chassis CADOMOTUS ARGON TR3"},"content":{"rendered":"<div class=\"title-small title-font\">\n<div>Chassis Argon TR3<\/div>\n<div class=\"title-small title-font\">Description<\/div>\n<p>D\u00e9couvrez l&#8217;innovation de C\u00e1domotus, la marque de qualit\u00e9 de patins \u00e0 roues align\u00e9es pour enfants, r\u00e9put\u00e9e pour ses chassis de pointe con\u00e7us pour la comp\u00e9tition. Avec le chassis de patin \u00e0 roues align\u00e9es Argon TR3, la version en aluminium du <a href=\"http:\/\/xactskateshop.com\/product\/cadomotus-neo-tr2-2-in-1-frame-11-0\/\">Neo TR2 en magn\u00e9sium<\/a>, vous battrez tout le monde au virage ! Le chassis Argon fait partie du populaire <a href=\"http:\/\/xactskateshop.com\/product\/rookie2-speed-skates-cadomotus-rookie-two-package-4x100-3x110mm\/\">pack de patins C\u00e1domotus Rookie<\/a>, et le meilleur de tous, c&#8217;est que le chassis peut supporter des configurations \u00e0 3 roues et \u00e0 4 roues, s&#8217;adaptant \u00e0 la croissance de votre enfant en un clin d&#8217;\u0153il !  <\/p>\n<h2><strong>Pourquoi choisir entre 3 ou 4 roues ?<\/strong><\/h2>\n<p>Avec le C\u00e1domotus Transformer, le chassis \u00e9volue avec les ambitions de son jeune propri\u00e9taire. Commencez avec 3 petites roues pour apprendre plus rapidement votre technique de double pouss\u00e9e. Devenez plus fort et poussez plus fort avec 4 roues pour augmenter vos performances. Et si vous voulez encore plus de vitesse, passez \u00e0 3 grandes roues pour faire les premiers pas vers le sommet de votre jeu.   <\/p>\n<ol>\n<li>Apprenez votre technique de double pouss\u00e9e plus rapidement sur trois roues<\/li>\n<li>Devenez plus fort et poussez plus loin sur quatre roues<\/li>\n<\/ol>\n<h2><strong>Mais quelles sont les meilleures roues pour votre enfant ?<\/strong><\/h2>\n<p>Exp\u00e9rimentez les diam\u00e8tres de roues et d\u00e9couvrez les possibilit\u00e9s. Avec une configuration 3&#215;90, vous \u00eates ultra-l\u00e9ger et agile, parfait pour apprendre les bases. Avec une configuration 4&#215;90, vous \u00eates plus stable et pouvez commencer \u00e0 patiner plus rapidement. Et avec une configuration 3&#215;110, vous \u00eates l\u00e9ger et rapide, id\u00e9al pour am\u00e9liorer votre agilit\u00e9 \u00e0 des vitesses plus \u00e9lev\u00e9es.   <\/p>\n<ol>\n<li>Sur 3 petites roues, vous \u00eates ultra-l\u00e9ger et agile, ce qui est bon pour les techniques de base.<\/li>\n<li>Sur 4 petites roues, vous \u00eates plus stable et vous apprenez \u00e0 patiner plus rapidement.<\/li>\n<li>Sur 3 roues plus grandes, vous \u00eates plus l\u00e9ger et plus rapide, pour optimiser votre agilit\u00e9 \u00e0 des vitesses plus \u00e9lev\u00e9es.<\/li>\n<\/ol>\n<p>L&#8217;Argon TR3 est disponible en 3 longueurs de chassis. Choisissez le 10&#8243; pour un montage de roues 4&#215;84, qui s&#8217;adaptera \u00e0 la plupart des petites chaussures, avec un espace de 150 ou 165 entre les trous de montage avant et arri\u00e8re ; le 11&#8243; pour un montage de roues 4&#215;90 avec une distance de montage de 165 mm ; ou le 12&#8243; pour un montage de roues 4x100mm, qui s&#8217;adaptera \u00e0 des chaussures avec des options de montage de 165 ou 195. <\/p>\n<p>Avec C\u00e1domotus, vous avez la possibilit\u00e9 de choisir la meilleure configuration pour le d\u00e9veloppement de votre enfant, \u00e0 la fois physiquement et techniquement. Tirez le meilleur parti de l&#8217;exp\u00e9rience du roller de votre enfant avec C\u00e1domotus, la marque synonyme d&#8217;innovation et de qualit\u00e9. <\/p>\n<p>INSTALLATION :<\/p>\n<p>PS : Les bottes Courte Piste ont un espacement de 165mm entre les points d&#8217;attache.<\/p>\n<p>10&#8243; = 4x84mm\/3x90mm (espacement des points de fixation : 150 ou 165mm)<\/p>\n<p>11&#8243;= 4x90mm\/3x100mm (espacement des points de fixation : 165mm)<\/p>\n<p>12&#8243;= 4x100mm\/3x110mm (espacement des points de fixation : 165m ou 195mm)<\/p>\n<\/div>\n","protected":false},"excerpt":{"rendered":"<p>Chassis Argon TR3<\/p>\n<p>D\u00e9couvrez l&#8217;innovation de C\u00e1domotus, la marque de qualit\u00e9 de patins \u00e0 roues align\u00e9es pour enfants, r\u00e9put\u00e9e pour ses cadres de pointe con\u00e7us pour la comp\u00e9tition. Avec le chassis de patin \u00e0 roues align\u00e9es Argon TR3, la version en aluminium du <a href=\"http:\/\/xactskateshop.com\/product\/cadomotus-neo-tr2-2-in-1-frame-11-0\/\">Neo TR2 en magn\u00e9sium<\/a>, vous battrez tout le monde au virage ! Le chassis Argon fait partie du populaire <a href=\"http:\/\/xactskateshop.com\/product\/rookie2-speed-skates-cadomotus-rookie-two-package-4x100-3x110mm\/\">pack de patins C\u00e1domotus Rookie<\/a>, et le meilleur de tous, c&#8217;est que le chassis peut supporter des configurations \u00e0 3 roues et \u00e0 4 roues, s&#8217;adaptant \u00e0 la croissance de votre enfant en un clin d&#8217;\u0153il !  <\/p>\n","protected":false},"featured_media":42566,"comment_status":"closed","ping_status":"closed","template":"","meta":{"site-sidebar-layout":"default","site-content-layout":"default","ast-site-content-layout":"default","site-content-style":"default","site-sidebar-style":"default","ast-global-header-display":"","ast-banner-title-visibility":"","ast-main-header-display":"","ast-hfb-above-header-display":"","ast-hfb-below-header-display":"","ast-hfb-mobile-header-display":"","site-post-title":"","ast-breadcrumbs-content":"","ast-featured-img":"","footer-sml-layout":"","theme-transparent-header-meta":"default","adv-header-id-meta":"","stick-header-meta":"","header-above-stick-meta":"","header-main-stick-meta":"","header-below-stick-meta":"","astra-migrate-meta-layouts":"set","ast-page-background-enabled":"default","ast-page-background-meta":{"desktop":{"background-color":"","background-image":"","background-repeat":"repeat","background-position":"center center","background-size":"auto","background-attachment":"scroll","background-type":"","background-media":"","overlay-type":"","overlay-color":"","overlay-opacity":"","overlay-gradient":""},"tablet":{"background-color":"","background-image":"","background-repeat":"repeat","background-position":"center center","background-size":"auto","background-attachment":"scroll","background-type":"","background-media":"","overlay-type":"","overlay-color":"","overlay-opacity":"","overlay-gradient":""},"mobile":{"background-color":"","background-image":"","background-repeat":"repeat","background-position":"center center","background-size":"auto","background-attachment":"scroll","background-type":"","background-media":"","overlay-type":"","overlay-color":"","overlay-opacity":"","overlay-gradient":""}},"ast-content-background-meta":{"desktop":{"background-color":"var(--ast-global-color-5)","background-image":"","background-repeat":"repeat","background-position":"center center","background-size":"auto","background-attachment":"scroll","background-type":"","background-media":"","overlay-type":"","overlay-color":"","overlay-opacity":"","overlay-gradient":""},"tablet":{"background-color":"var(--ast-global-color-5)","background-image":"","background-repeat":"repeat","background-position":"center center","background-size":"auto","background-attachment":"scroll","background-type":"","background-media":"","overlay-type":"","overlay-color":"","overlay-opacity":"","overlay-gradient":""},"mobile":{"background-color":"var(--ast-global-color-5)","background-image":"","background-repeat":"repeat","background-position":"center center","background-size":"auto","background-attachment":"scroll","background-type":"","background-media":"","overlay-type":"","overlay-color":"","overlay-opacity":"","overlay-gradient":""}}},"product_brand":[],"product_cat":[1766,1589],"product_tag":[2510,2511,2513,2512,1867],"class_list":{"0":"post-55574","1":"product","2":"type-product","3":"status-publish","4":"has-post-thumbnail","6":"product_cat-chassis","7":"product_cat-patinage-de-vitesse-a-roues-alignees","8":"product_tag-cadre-en-ligne","9":"product_tag-cadre-transformable","10":"product_tag-chassis-transformables-fr","11":"product_tag-patins-a-roues-alignees-fr","12":"product_tag-patins-en-ligne","13":"desktop-align-center","14":"tablet-align-center","15":"mobile-align-center","16":"ast-product-gallery-layout-horizontal","17":"ast-product-single-variable","18":"ast-product-tabs-layout-horizontal","19":"ast-qv-on-image","21":"first","22":"instock","23":"sale","24":"taxable","25":"shipping-taxable","26":"purchasable","27":"product-type-variable"},"bundled_by":[],"bundle_stock_status":"instock","bundle_stock_quantity":null,"bundle_virtual":false,"bundle_layout":"","bundle_add_to_cart_form_location":"","bundle_editable_in_cart":false,"bundle_sold_individually_context":"","bundle_item_grouping":"","bundle_min_size":"","bundle_max_size":"","bundle_price":[],"bundled_items":[],"bundle_sell_ids":[],"yoast_head":"<!-- This site is optimized with the Yoast SEO plugin v27.4 - https:\/\/yoast.com\/product\/yoast-seo-wordpress\/ -->\n<title>Chassis Argon TR3 - Xact Skate Shop.<\/title>\n<meta name=\"description\" content=\"Chassis Argon TR3. D\u00e9couvrez l&#039;innovation de C\u00e1domotus, la marque de patins \u00e0 roues align\u00e9es de qualit\u00e9 r\u00e9put\u00e9e pour le design de ses cadres.\" \/>\n<meta name=\"robots\" content=\"index, follow, max-snippet:-1, max-image-preview:large, max-video-preview:-1\" \/>\n<link rel=\"canonical\" href=\"https:\/\/xactskateshop.com\/fr\/produit\/chassis-roues-alignees-cadomotus-argon-tr3\/\" \/>\n<meta property=\"og:locale\" content=\"fr_FR\" \/>\n<meta property=\"og:type\" content=\"article\" \/>\n<meta property=\"og:title\" content=\"Chassis Argon TR3 - Xact Skate Shop.\" \/>\n<meta property=\"og:description\" content=\"Chassis Argon TR3. D\u00e9couvrez l&#039;innovation de C\u00e1domotus, la marque de patins \u00e0 roues align\u00e9es de qualit\u00e9 r\u00e9put\u00e9e pour le design de ses cadres.\" \/>\n<meta property=\"og:url\" content=\"https:\/\/xactskateshop.com\/fr\/produit\/chassis-roues-alignees-cadomotus-argon-tr3\/\" \/>\n<meta property=\"og:site_name\" content=\"Xact Skate Shop\" \/>\n<meta property=\"article:publisher\" content=\"https:\/\/www.facebook.com\/JeanLouiskateshop\" \/>\n<meta property=\"article:modified_time\" content=\"2026-01-24T17:48:10+00:00\" \/>\n<meta property=\"og:image\" content=\"https:\/\/xactskateshop.com\/wp-content\/uploads\/2024\/04\/argon-TR3-4.jpg\" \/>\n\t<meta property=\"og:image:width\" content=\"1000\" \/>\n\t<meta property=\"og:image:height\" content=\"1000\" \/>\n\t<meta property=\"og:image:type\" content=\"image\/jpeg\" \/>\n<meta name=\"twitter:card\" content=\"summary_large_image\" \/>\n<meta name=\"twitter:label1\" content=\"Dur\u00e9e de lecture estim\u00e9e\" \/>\n\t<meta name=\"twitter:data1\" content=\"3 minutes\" \/>\n<script type=\"application\/ld+json\" class=\"yoast-schema-graph\">{\"@context\":\"https:\\\/\\\/schema.org\",\"@graph\":[{\"@type\":\"WebPage\",\"@id\":\"https:\\\/\\\/xactskateshop.com\\\/fr\\\/produit\\\/chassis-roues-alignees-cadomotus-argon-tr3\\\/\",\"url\":\"https:\\\/\\\/xactskateshop.com\\\/fr\\\/produit\\\/chassis-roues-alignees-cadomotus-argon-tr3\\\/\",\"name\":\"Chassis Argon TR3 - Xact Skate Shop.\",\"isPartOf\":{\"@id\":\"http:\\\/\\\/xactskateshop.com\\\/fr\\\/#website\"},\"primaryImageOfPage\":{\"@id\":\"https:\\\/\\\/xactskateshop.com\\\/fr\\\/produit\\\/chassis-roues-alignees-cadomotus-argon-tr3\\\/#primaryimage\"},\"image\":{\"@id\":\"https:\\\/\\\/xactskateshop.com\\\/fr\\\/produit\\\/chassis-roues-alignees-cadomotus-argon-tr3\\\/#primaryimage\"},\"thumbnailUrl\":\"https:\\\/\\\/xactskateshop.com\\\/wp-content\\\/uploads\\\/2024\\\/04\\\/argon-TR3-4.jpg\",\"datePublished\":\"2024-04-17T15:47:50+00:00\",\"dateModified\":\"2026-01-24T17:48:10+00:00\",\"description\":\"Chassis Argon TR3. D\u00e9couvrez l'innovation de C\u00e1domotus, la marque de patins \u00e0 roues align\u00e9es de qualit\u00e9 r\u00e9put\u00e9e pour le design de ses cadres.\",\"breadcrumb\":{\"@id\":\"https:\\\/\\\/xactskateshop.com\\\/fr\\\/produit\\\/chassis-roues-alignees-cadomotus-argon-tr3\\\/#breadcrumb\"},\"inLanguage\":\"fr-FR\",\"potentialAction\":[{\"@type\":\"ReadAction\",\"target\":[\"https:\\\/\\\/xactskateshop.com\\\/fr\\\/produit\\\/chassis-roues-alignees-cadomotus-argon-tr3\\\/\"]}]},{\"@type\":\"ImageObject\",\"inLanguage\":\"fr-FR\",\"@id\":\"https:\\\/\\\/xactskateshop.com\\\/fr\\\/produit\\\/chassis-roues-alignees-cadomotus-argon-tr3\\\/#primaryimage\",\"url\":\"https:\\\/\\\/xactskateshop.com\\\/wp-content\\\/uploads\\\/2024\\\/04\\\/argon-TR3-4.jpg\",\"contentUrl\":\"https:\\\/\\\/xactskateshop.com\\\/wp-content\\\/uploads\\\/2024\\\/04\\\/argon-TR3-4.jpg\",\"width\":1000,\"height\":1000,\"caption\":\"Cadre en ligne Argon TR3\"},{\"@type\":\"BreadcrumbList\",\"@id\":\"https:\\\/\\\/xactskateshop.com\\\/fr\\\/produit\\\/chassis-roues-alignees-cadomotus-argon-tr3\\\/#breadcrumb\",\"itemListElement\":[{\"@type\":\"ListItem\",\"position\":1,\"name\":\"Home\",\"item\":\"https:\\\/\\\/xactskateshop.com\\\/fr\\\/accueil\\\/\"},{\"@type\":\"ListItem\",\"position\":2,\"name\":\"Boutique\",\"item\":\"https:\\\/\\\/xactskateshop.com\\\/shop\\\/\"},{\"@type\":\"ListItem\",\"position\":3,\"name\":\"Chassis CADOMOTUS ARGON TR3\"}]},{\"@type\":\"WebSite\",\"@id\":\"http:\\\/\\\/xactskateshop.com\\\/fr\\\/#website\",\"url\":\"http:\\\/\\\/xactskateshop.com\\\/fr\\\/\",\"name\":\"Xact Skate Shop\",\"description\":\"Un site utilisant WordPress\",\"publisher\":{\"@id\":\"http:\\\/\\\/xactskateshop.com\\\/fr\\\/#organization\"},\"potentialAction\":[{\"@type\":\"SearchAction\",\"target\":{\"@type\":\"EntryPoint\",\"urlTemplate\":\"http:\\\/\\\/xactskateshop.com\\\/fr\\\/?s={search_term_string}\"},\"query-input\":{\"@type\":\"PropertyValueSpecification\",\"valueRequired\":true,\"valueName\":\"search_term_string\"}}],\"inLanguage\":\"fr-FR\"},{\"@type\":\"Organization\",\"@id\":\"http:\\\/\\\/xactskateshop.com\\\/fr\\\/#organization\",\"name\":\"XACT Skate Shop\",\"url\":\"http:\\\/\\\/xactskateshop.com\\\/fr\\\/\",\"logo\":{\"@type\":\"ImageObject\",\"inLanguage\":\"fr-FR\",\"@id\":\"http:\\\/\\\/xactskateshop.com\\\/fr\\\/#\\\/schema\\\/logo\\\/image\\\/\",\"url\":\"http:\\\/\\\/xactskateshop.com\\\/wp-content\\\/uploads\\\/2024\\\/04\\\/xactskateshop-dot-com-avec-contour-noir-sans-fond-675x.jpg\",\"contentUrl\":\"http:\\\/\\\/xactskateshop.com\\\/wp-content\\\/uploads\\\/2024\\\/04\\\/xactskateshop-dot-com-avec-contour-noir-sans-fond-675x.jpg\",\"width\":675,\"height\":247,\"caption\":\"XACT Skate Shop\"},\"image\":{\"@id\":\"http:\\\/\\\/xactskateshop.com\\\/fr\\\/#\\\/schema\\\/logo\\\/image\\\/\"},\"sameAs\":[\"https:\\\/\\\/www.facebook.com\\\/JeanLouiskateshop\"]}]}<\/script>\n<!-- \/ Yoast SEO plugin. -->","yoast_head_json":{"title":"Chassis Argon TR3 - Xact Skate Shop.","description":"Chassis Argon TR3. D\u00e9couvrez l'innovation de C\u00e1domotus, la marque de patins \u00e0 roues align\u00e9es de qualit\u00e9 r\u00e9put\u00e9e pour le design de ses cadres.","robots":{"index":"index","follow":"follow","max-snippet":"max-snippet:-1","max-image-preview":"max-image-preview:large","max-video-preview":"max-video-preview:-1"},"canonical":"https:\/\/xactskateshop.com\/fr\/produit\/chassis-roues-alignees-cadomotus-argon-tr3\/","og_locale":"fr_FR","og_type":"article","og_title":"Chassis Argon TR3 - Xact Skate Shop.","og_description":"Chassis Argon TR3. D\u00e9couvrez l'innovation de C\u00e1domotus, la marque de patins \u00e0 roues align\u00e9es de qualit\u00e9 r\u00e9put\u00e9e pour le design de ses cadres.","og_url":"https:\/\/xactskateshop.com\/fr\/produit\/chassis-roues-alignees-cadomotus-argon-tr3\/","og_site_name":"Xact Skate Shop","article_publisher":"https:\/\/www.facebook.com\/JeanLouiskateshop","article_modified_time":"2026-01-24T17:48:10+00:00","og_image":[{"width":1000,"height":1000,"url":"https:\/\/xactskateshop.com\/wp-content\/uploads\/2024\/04\/argon-TR3-4.jpg","type":"image\/jpeg"}],"twitter_card":"summary_large_image","twitter_misc":{"Dur\u00e9e de lecture estim\u00e9e":"3 minutes"},"schema":{"@context":"https:\/\/schema.org","@graph":[{"@type":"WebPage","@id":"https:\/\/xactskateshop.com\/fr\/produit\/chassis-roues-alignees-cadomotus-argon-tr3\/","url":"https:\/\/xactskateshop.com\/fr\/produit\/chassis-roues-alignees-cadomotus-argon-tr3\/","name":"Chassis Argon TR3 - Xact Skate Shop.","isPartOf":{"@id":"http:\/\/xactskateshop.com\/fr\/#website"},"primaryImageOfPage":{"@id":"https:\/\/xactskateshop.com\/fr\/produit\/chassis-roues-alignees-cadomotus-argon-tr3\/#primaryimage"},"image":{"@id":"https:\/\/xactskateshop.com\/fr\/produit\/chassis-roues-alignees-cadomotus-argon-tr3\/#primaryimage"},"thumbnailUrl":"https:\/\/xactskateshop.com\/wp-content\/uploads\/2024\/04\/argon-TR3-4.jpg","datePublished":"2024-04-17T15:47:50+00:00","dateModified":"2026-01-24T17:48:10+00:00","description":"Chassis Argon TR3. D\u00e9couvrez l'innovation de C\u00e1domotus, la marque de patins \u00e0 roues align\u00e9es de qualit\u00e9 r\u00e9put\u00e9e pour le design de ses cadres.","breadcrumb":{"@id":"https:\/\/xactskateshop.com\/fr\/produit\/chassis-roues-alignees-cadomotus-argon-tr3\/#breadcrumb"},"inLanguage":"fr-FR","potentialAction":[{"@type":"ReadAction","target":["https:\/\/xactskateshop.com\/fr\/produit\/chassis-roues-alignees-cadomotus-argon-tr3\/"]}]},{"@type":"ImageObject","inLanguage":"fr-FR","@id":"https:\/\/xactskateshop.com\/fr\/produit\/chassis-roues-alignees-cadomotus-argon-tr3\/#primaryimage","url":"https:\/\/xactskateshop.com\/wp-content\/uploads\/2024\/04\/argon-TR3-4.jpg","contentUrl":"https:\/\/xactskateshop.com\/wp-content\/uploads\/2024\/04\/argon-TR3-4.jpg","width":1000,"height":1000,"caption":"Cadre en ligne Argon TR3"},{"@type":"BreadcrumbList","@id":"https:\/\/xactskateshop.com\/fr\/produit\/chassis-roues-alignees-cadomotus-argon-tr3\/#breadcrumb","itemListElement":[{"@type":"ListItem","position":1,"name":"Home","item":"https:\/\/xactskateshop.com\/fr\/accueil\/"},{"@type":"ListItem","position":2,"name":"Boutique","item":"https:\/\/xactskateshop.com\/shop\/"},{"@type":"ListItem","position":3,"name":"Chassis CADOMOTUS ARGON TR3"}]},{"@type":"WebSite","@id":"http:\/\/xactskateshop.com\/fr\/#website","url":"http:\/\/xactskateshop.com\/fr\/","name":"Xact Skate Shop","description":"Un site utilisant WordPress","publisher":{"@id":"http:\/\/xactskateshop.com\/fr\/#organization"},"potentialAction":[{"@type":"SearchAction","target":{"@type":"EntryPoint","urlTemplate":"http:\/\/xactskateshop.com\/fr\/?s={search_term_string}"},"query-input":{"@type":"PropertyValueSpecification","valueRequired":true,"valueName":"search_term_string"}}],"inLanguage":"fr-FR"},{"@type":"Organization","@id":"http:\/\/xactskateshop.com\/fr\/#organization","name":"XACT Skate Shop","url":"http:\/\/xactskateshop.com\/fr\/","logo":{"@type":"ImageObject","inLanguage":"fr-FR","@id":"http:\/\/xactskateshop.com\/fr\/#\/schema\/logo\/image\/","url":"http:\/\/xactskateshop.com\/wp-content\/uploads\/2024\/04\/xactskateshop-dot-com-avec-contour-noir-sans-fond-675x.jpg","contentUrl":"http:\/\/xactskateshop.com\/wp-content\/uploads\/2024\/04\/xactskateshop-dot-com-avec-contour-noir-sans-fond-675x.jpg","width":675,"height":247,"caption":"XACT Skate Shop"},"image":{"@id":"http:\/\/xactskateshop.com\/fr\/#\/schema\/logo\/image\/"},"sameAs":["https:\/\/www.facebook.com\/JeanLouiskateshop"]}]}},"_links":{"self":[{"href":"https:\/\/xactskateshop.com\/fr\/wp-json\/wp\/v2\/product\/55574","targetHints":{"allow":["GET"]}}],"collection":[{"href":"https:\/\/xactskateshop.com\/fr\/wp-json\/wp\/v2\/product"}],"about":[{"href":"https:\/\/xactskateshop.com\/fr\/wp-json\/wp\/v2\/types\/product"}],"replies":[{"embeddable":true,"href":"https:\/\/xactskateshop.com\/fr\/wp-json\/wp\/v2\/comments?post=55574"}],"wp:featuredmedia":[{"embeddable":true,"href":"https:\/\/xactskateshop.com\/fr\/wp-json\/wp\/v2\/media\/42566"}],"wp:attachment":[{"href":"https:\/\/xactskateshop.com\/fr\/wp-json\/wp\/v2\/media?parent=55574"}],"wp:term":[{"taxonomy":"product_brand","embeddable":true,"href":"https:\/\/xactskateshop.com\/fr\/wp-json\/wp\/v2\/product_brand?post=55574"},{"taxonomy":"product_cat","embeddable":true,"href":"https:\/\/xactskateshop.com\/fr\/wp-json\/wp\/v2\/product_cat?post=55574"},{"taxonomy":"product_tag","embeddable":true,"href":"https:\/\/xactskateshop.com\/fr\/wp-json\/wp\/v2\/product_tag?post=55574"}],"curies":[{"name":"wp","href":"https:\/\/api.w.org\/{rel}","templated":true}]}}