{"id":55554,"date":"2024-03-27T14:43:45","date_gmt":"2024-03-27T18:43:45","guid":{"rendered":"http:\/\/xactskateshop.com\/product\/lames-kromkamp-cr8-st\/"},"modified":"2025-10-04T11:58:48","modified_gmt":"2025-10-04T15:58:48","slug":"lames-kromkamp-cr8-st","status":"publish","type":"product","link":"https:\/\/xactskateshop.com\/fr\/produit\/lames-kromkamp-cr8-st\/","title":{"rendered":"Lames KROMKAMP CR8 ST"},"content":{"rendered":"<h2>Lames KROMKAMP CR8 ST<\/h2>\n<p>Les enfants patinent mieux gr\u00e2ce aux coupelles r\u00e9glables des lames KROMKAMP CR8 ST, adapt\u00e9es aux tailles de chaussures 140 mm 152,5 mm 165 mm.<\/p>\n<h3>Sp\u00e9cifications des lames CR8 ST :<\/h3>\n<ul>\n<li>Coupelles l\u00e9g\u00e8res et r\u00e9glables en aluminium<\/li>\n<li>Plus de tubes flexibles pour les enfants<\/li>\n<li>Pr\u00e9bende de 25 m de rayon<\/li>\n<li>Rocker 9m de rayon<\/li>\n<li>12c27 Acier chrom\u00e9, trempable \u00e0 58 HrC<\/li>\n<li>Machine \u00e0 rectifier les surfaces, acier rectifi\u00e9 avec pr\u00e9cision<\/li>\n<li>Tailles disponibles 14&#8243;-14,5&#8243;-15&#8243;.<\/li>\n<\/ul>\n<hr \/>\n<h3><span style=\"color: #ff0000;\"><strong>Voici un guide pour vous aider \u00e0 choisir la bonne lame :<\/strong><\/span><\/h3>\n<p><span style=\"color: #ff0000;\"><em>Le nom de la lame comprend le type de patineur et le type de rayon du tube.<\/em><\/span><\/p>\n<p><span style=\"color: #ff0000;\"><strong>Type de patineur<\/strong><\/span><\/p>\n<ul>\n<li><span style=\"color: #ff0000;\">C : Patins pour enfants, aluminium flexible<\/span><\/li>\n<li><span style=\"color: #ff0000;\">L : Aluminium l\u00e9ger et flexible<\/span><\/li>\n<li><span style=\"color: #ff0000;\">A : Moyenne, flexion standard<\/span><\/li>\n<li><span style=\"color: #ff0000;\">AS : Rigidit\u00e9 moyenne, tube flexible avec tube sup\u00e9rieur plus rigide<\/span><\/li>\n<li><span style=\"color: #ff0000;\">S : Tube rigide, rigide avec tube sup\u00e9rieur rigide<\/span><\/li>\n<\/ul>\n<p><span style=\"color: #ff0000;\"><strong>Type de rayon du bas du tube :<\/strong><\/span><\/p>\n<ul>\n<li><span style=\"color: #ff0000;\">R8 : Tube con\u00e7u pour les enfants.<\/span><\/li>\n<li><span style=\"color: #ff0000;\">R3 : Tube con\u00e7u pour \u00eatre flex pour les patineurs l\u00e9gers<\/span><\/li>\n<li><span style=\"color: #ff0000;\">R11 : Tube con\u00e7u pour \u00eatre plus rigide pour les patineurs plus agressifs\/plus lourds.<\/span><\/li>\n<\/ul>\n<hr \/>\n<h6 style=\"text-align: left;\"><span style=\"color: #ff0000;\">Pr\u00e9paration des lames : Nous r\u00e9alisons un rocker progressif ST-3 sur ces lames.<\/span> <span style=\"color: #0000ff;\"><a style=\"color: #0000ff;\" href=\"http:\/\/xactskateshop.com\/product\/short-track-blade-rockering\/\">(voir les num\u00e9ros ici)<\/a><\/span> <span style=\"color: #ff0000;\">ainsi que le bend correspondant<\/span><\/h6>\n<p>&nbsp;<\/p>\n<p style=\"font-size: 16px; font-style: normal; font-weight: 400;\">Pour en savoir plus sur Kromkamp<a style=\"font-size: 16px; transition-property: all;\" href=\"https:\/\/www.facebook.com\/profile.php?id=100063926915184\">, cliquez ici<\/a><\/p>\n<p style=\"font-size: 16px; font-style: normal; font-weight: 400;\">Voir d&#8217;autres mod\u00e8les <a style=\"font-size: 16px; transition-property: all;\" href=\"http:\/\/xactskateshop.com\/product-category\/speed-skating\/short-track\/short-track-blades-and-parts\/\">ici<\/a><\/p>\n","protected":false},"excerpt":{"rendered":"<p>&nbsp;<\/p>\n<hr \/>\n<p style=\"text-align: center;\">Patin pour enfants avec bonnets r\u00e9glables, adapt\u00e9 aux tailles de chaussures 140 mm 152,5 mm 165 mm<\/p>\n<hr \/>\n<p>&nbsp;<\/p>\n","protected":false},"featured_media":41217,"comment_status":"open","ping_status":"closed","template":"","meta":{"site-sidebar-layout":"default","site-content-layout":"default","ast-site-content-layout":"default","site-content-style":"default","site-sidebar-style":"default","ast-global-header-display":"","ast-banner-title-visibility":"","ast-main-header-display":"","ast-hfb-above-header-display":"","ast-hfb-below-header-display":"","ast-hfb-mobile-header-display":"","site-post-title":"","ast-breadcrumbs-content":"","ast-featured-img":"","footer-sml-layout":"","theme-transparent-header-meta":"default","adv-header-id-meta":"","stick-header-meta":"","header-above-stick-meta":"","header-main-stick-meta":"","header-below-stick-meta":"","astra-migrate-meta-layouts":"set","ast-page-background-enabled":"default","ast-page-background-meta":{"desktop":{"background-color":"","background-image":"","background-repeat":"repeat","background-position":"center center","background-size":"auto","background-attachment":"scroll","background-type":"","background-media":"","overlay-type":"","overlay-color":"","overlay-opacity":"","overlay-gradient":""},"tablet":{"background-color":"","background-image":"","background-repeat":"repeat","background-position":"center center","background-size":"auto","background-attachment":"scroll","background-type":"","background-media":"","overlay-type":"","overlay-color":"","overlay-opacity":"","overlay-gradient":""},"mobile":{"background-color":"","background-image":"","background-repeat":"repeat","background-position":"center center","background-size":"auto","background-attachment":"scroll","background-type":"","background-media":"","overlay-type":"","overlay-color":"","overlay-opacity":"","overlay-gradient":""}},"ast-content-background-meta":{"desktop":{"background-color":"var(--ast-global-color-5)","background-image":"","background-repeat":"repeat","background-position":"center center","background-size":"auto","background-attachment":"scroll","background-type":"","background-media":"","overlay-type":"","overlay-color":"","overlay-opacity":"","overlay-gradient":""},"tablet":{"background-color":"var(--ast-global-color-5)","background-image":"","background-repeat":"repeat","background-position":"center center","background-size":"auto","background-attachment":"scroll","background-type":"","background-media":"","overlay-type":"","overlay-color":"","overlay-opacity":"","overlay-gradient":""},"mobile":{"background-color":"var(--ast-global-color-5)","background-image":"","background-repeat":"repeat","background-position":"center center","background-size":"auto","background-attachment":"scroll","background-type":"","background-media":"","overlay-type":"","overlay-color":"","overlay-opacity":"","overlay-gradient":""}}},"product_brand":[],"product_cat":[1354,1457,1353],"product_tag":[1356,2090,2091],"class_list":{"0":"post-55554","1":"product","2":"type-product","3":"status-publish","4":"has-post-thumbnail","6":"product_cat-courte-piste","7":"product_cat-lames-et-pieces-patinage-de-vitesse-courte-piste","8":"product_cat-patinage-de-vitesse","9":"product_tag-courte-piste-fr","10":"product_tag-lame-de-club","11":"product_tag-lame-st-dentree-de-gamme","12":"desktop-align-center","13":"tablet-align-center","14":"mobile-align-center","15":"ast-product-gallery-layout-horizontal","16":"ast-product-gallery-with-no-image","17":"ast-product-single-variable","18":"ast-product-tabs-layout-horizontal","19":"ast-qv-on-image","21":"first","22":"instock","23":"taxable","24":"shipping-taxable","25":"purchasable","26":"product-type-variable"},"bundled_by":[],"bundle_stock_status":"instock","bundle_stock_quantity":null,"bundle_virtual":false,"bundle_layout":"","bundle_add_to_cart_form_location":"","bundle_editable_in_cart":false,"bundle_sold_individually_context":"","bundle_item_grouping":"","bundle_min_size":"","bundle_max_size":"","bundle_price":[],"bundled_items":[],"bundle_sell_ids":[],"yoast_head":"<!-- This site is optimized with the Yoast SEO plugin v27.4 - https:\/\/yoast.com\/product\/yoast-seo-wordpress\/ -->\n<title>Lames KROMKAMP CR8 ST - Xact Skate Shop.<\/title>\n<meta name=\"description\" content=\"Lames KROMKAMP CR8 ST. Patin pour enfants avec des bonnets l\u00e9gers et r\u00e9glables, adapt\u00e9 aux tailles de chaussures 140 mm 152,5 mm 165 mm.\" \/>\n<meta name=\"robots\" content=\"index, follow, max-snippet:-1, max-image-preview:large, max-video-preview:-1\" \/>\n<link rel=\"canonical\" href=\"https:\/\/xactskateshop.com\/fr\/produit\/lames-kromkamp-cr8-st\/\" \/>\n<meta property=\"og:locale\" content=\"fr_FR\" \/>\n<meta property=\"og:type\" content=\"article\" \/>\n<meta property=\"og:title\" content=\"Lames KROMKAMP CR8 ST - Xact Skate Shop.\" \/>\n<meta property=\"og:description\" content=\"Lames KROMKAMP CR8 ST. Patin pour enfants avec des bonnets l\u00e9gers et r\u00e9glables, adapt\u00e9 aux tailles de chaussures 140 mm 152,5 mm 165 mm.\" \/>\n<meta property=\"og:url\" content=\"https:\/\/xactskateshop.com\/fr\/produit\/lames-kromkamp-cr8-st\/\" \/>\n<meta property=\"og:site_name\" content=\"Xact Skate Shop\" \/>\n<meta property=\"article:publisher\" content=\"https:\/\/www.facebook.com\/JeanLouiskateshop\" \/>\n<meta property=\"article:modified_time\" content=\"2025-10-04T15:58:48+00:00\" \/>\n<meta property=\"og:image\" content=\"https:\/\/xactskateshop.com\/wp-content\/uploads\/2024\/03\/cr8.jpg\" \/>\n\t<meta property=\"og:image:width\" content=\"1000\" \/>\n\t<meta property=\"og:image:height\" content=\"1000\" \/>\n\t<meta property=\"og:image:type\" content=\"image\/jpeg\" \/>\n<meta name=\"twitter:card\" content=\"summary_large_image\" \/>\n<meta name=\"twitter:label1\" content=\"Dur\u00e9e de lecture estim\u00e9e\" \/>\n\t<meta name=\"twitter:data1\" content=\"2 minutes\" \/>\n<script type=\"application\/ld+json\" class=\"yoast-schema-graph\">{\"@context\":\"https:\\\/\\\/schema.org\",\"@graph\":[{\"@type\":\"WebPage\",\"@id\":\"https:\\\/\\\/xactskateshop.com\\\/fr\\\/produit\\\/lames-kromkamp-cr8-st\\\/\",\"url\":\"https:\\\/\\\/xactskateshop.com\\\/fr\\\/produit\\\/lames-kromkamp-cr8-st\\\/\",\"name\":\"Lames KROMKAMP CR8 ST - Xact Skate Shop.\",\"isPartOf\":{\"@id\":\"http:\\\/\\\/xactskateshop.com\\\/fr\\\/#website\"},\"primaryImageOfPage\":{\"@id\":\"https:\\\/\\\/xactskateshop.com\\\/fr\\\/produit\\\/lames-kromkamp-cr8-st\\\/#primaryimage\"},\"image\":{\"@id\":\"https:\\\/\\\/xactskateshop.com\\\/fr\\\/produit\\\/lames-kromkamp-cr8-st\\\/#primaryimage\"},\"thumbnailUrl\":\"https:\\\/\\\/xactskateshop.com\\\/wp-content\\\/uploads\\\/2024\\\/03\\\/cr8.jpg\",\"datePublished\":\"2024-03-27T18:43:45+00:00\",\"dateModified\":\"2025-10-04T15:58:48+00:00\",\"description\":\"Lames KROMKAMP CR8 ST. Patin pour enfants avec des bonnets l\u00e9gers et r\u00e9glables, adapt\u00e9 aux tailles de chaussures 140 mm 152,5 mm 165 mm.\",\"breadcrumb\":{\"@id\":\"https:\\\/\\\/xactskateshop.com\\\/fr\\\/produit\\\/lames-kromkamp-cr8-st\\\/#breadcrumb\"},\"inLanguage\":\"fr-FR\",\"potentialAction\":[{\"@type\":\"ReadAction\",\"target\":[\"https:\\\/\\\/xactskateshop.com\\\/fr\\\/produit\\\/lames-kromkamp-cr8-st\\\/\"]}]},{\"@type\":\"ImageObject\",\"inLanguage\":\"fr-FR\",\"@id\":\"https:\\\/\\\/xactskateshop.com\\\/fr\\\/produit\\\/lames-kromkamp-cr8-st\\\/#primaryimage\",\"url\":\"https:\\\/\\\/xactskateshop.com\\\/wp-content\\\/uploads\\\/2024\\\/03\\\/cr8.jpg\",\"contentUrl\":\"https:\\\/\\\/xactskateshop.com\\\/wp-content\\\/uploads\\\/2024\\\/03\\\/cr8.jpg\",\"width\":1000,\"height\":1000,\"caption\":\"Lames Kromkamp CR8 ST\"},{\"@type\":\"BreadcrumbList\",\"@id\":\"https:\\\/\\\/xactskateshop.com\\\/fr\\\/produit\\\/lames-kromkamp-cr8-st\\\/#breadcrumb\",\"itemListElement\":[{\"@type\":\"ListItem\",\"position\":1,\"name\":\"Home\",\"item\":\"https:\\\/\\\/xactskateshop.com\\\/fr\\\/accueil\\\/\"},{\"@type\":\"ListItem\",\"position\":2,\"name\":\"Boutique\",\"item\":\"https:\\\/\\\/xactskateshop.com\\\/shop\\\/\"},{\"@type\":\"ListItem\",\"position\":3,\"name\":\"Lames KROMKAMP CR8 ST\"}]},{\"@type\":\"WebSite\",\"@id\":\"http:\\\/\\\/xactskateshop.com\\\/fr\\\/#website\",\"url\":\"http:\\\/\\\/xactskateshop.com\\\/fr\\\/\",\"name\":\"Xact Skate Shop\",\"description\":\"Un site utilisant WordPress\",\"publisher\":{\"@id\":\"http:\\\/\\\/xactskateshop.com\\\/fr\\\/#organization\"},\"potentialAction\":[{\"@type\":\"SearchAction\",\"target\":{\"@type\":\"EntryPoint\",\"urlTemplate\":\"http:\\\/\\\/xactskateshop.com\\\/fr\\\/?s={search_term_string}\"},\"query-input\":{\"@type\":\"PropertyValueSpecification\",\"valueRequired\":true,\"valueName\":\"search_term_string\"}}],\"inLanguage\":\"fr-FR\"},{\"@type\":\"Organization\",\"@id\":\"http:\\\/\\\/xactskateshop.com\\\/fr\\\/#organization\",\"name\":\"XACT Skate Shop\",\"url\":\"http:\\\/\\\/xactskateshop.com\\\/fr\\\/\",\"logo\":{\"@type\":\"ImageObject\",\"inLanguage\":\"fr-FR\",\"@id\":\"http:\\\/\\\/xactskateshop.com\\\/fr\\\/#\\\/schema\\\/logo\\\/image\\\/\",\"url\":\"http:\\\/\\\/xactskateshop.com\\\/wp-content\\\/uploads\\\/2024\\\/04\\\/xactskateshop-dot-com-avec-contour-noir-sans-fond-675x.jpg\",\"contentUrl\":\"http:\\\/\\\/xactskateshop.com\\\/wp-content\\\/uploads\\\/2024\\\/04\\\/xactskateshop-dot-com-avec-contour-noir-sans-fond-675x.jpg\",\"width\":675,\"height\":247,\"caption\":\"XACT Skate Shop\"},\"image\":{\"@id\":\"http:\\\/\\\/xactskateshop.com\\\/fr\\\/#\\\/schema\\\/logo\\\/image\\\/\"},\"sameAs\":[\"https:\\\/\\\/www.facebook.com\\\/JeanLouiskateshop\"]}]}<\/script>\n<!-- \/ Yoast SEO plugin. -->","yoast_head_json":{"title":"Lames KROMKAMP CR8 ST - Xact Skate Shop.","description":"Lames KROMKAMP CR8 ST. Patin pour enfants avec des bonnets l\u00e9gers et r\u00e9glables, adapt\u00e9 aux tailles de chaussures 140 mm 152,5 mm 165 mm.","robots":{"index":"index","follow":"follow","max-snippet":"max-snippet:-1","max-image-preview":"max-image-preview:large","max-video-preview":"max-video-preview:-1"},"canonical":"https:\/\/xactskateshop.com\/fr\/produit\/lames-kromkamp-cr8-st\/","og_locale":"fr_FR","og_type":"article","og_title":"Lames KROMKAMP CR8 ST - Xact Skate Shop.","og_description":"Lames KROMKAMP CR8 ST. Patin pour enfants avec des bonnets l\u00e9gers et r\u00e9glables, adapt\u00e9 aux tailles de chaussures 140 mm 152,5 mm 165 mm.","og_url":"https:\/\/xactskateshop.com\/fr\/produit\/lames-kromkamp-cr8-st\/","og_site_name":"Xact Skate Shop","article_publisher":"https:\/\/www.facebook.com\/JeanLouiskateshop","article_modified_time":"2025-10-04T15:58:48+00:00","og_image":[{"width":1000,"height":1000,"url":"https:\/\/xactskateshop.com\/wp-content\/uploads\/2024\/03\/cr8.jpg","type":"image\/jpeg"}],"twitter_card":"summary_large_image","twitter_misc":{"Dur\u00e9e de lecture estim\u00e9e":"2 minutes"},"schema":{"@context":"https:\/\/schema.org","@graph":[{"@type":"WebPage","@id":"https:\/\/xactskateshop.com\/fr\/produit\/lames-kromkamp-cr8-st\/","url":"https:\/\/xactskateshop.com\/fr\/produit\/lames-kromkamp-cr8-st\/","name":"Lames KROMKAMP CR8 ST - Xact Skate Shop.","isPartOf":{"@id":"http:\/\/xactskateshop.com\/fr\/#website"},"primaryImageOfPage":{"@id":"https:\/\/xactskateshop.com\/fr\/produit\/lames-kromkamp-cr8-st\/#primaryimage"},"image":{"@id":"https:\/\/xactskateshop.com\/fr\/produit\/lames-kromkamp-cr8-st\/#primaryimage"},"thumbnailUrl":"https:\/\/xactskateshop.com\/wp-content\/uploads\/2024\/03\/cr8.jpg","datePublished":"2024-03-27T18:43:45+00:00","dateModified":"2025-10-04T15:58:48+00:00","description":"Lames KROMKAMP CR8 ST. Patin pour enfants avec des bonnets l\u00e9gers et r\u00e9glables, adapt\u00e9 aux tailles de chaussures 140 mm 152,5 mm 165 mm.","breadcrumb":{"@id":"https:\/\/xactskateshop.com\/fr\/produit\/lames-kromkamp-cr8-st\/#breadcrumb"},"inLanguage":"fr-FR","potentialAction":[{"@type":"ReadAction","target":["https:\/\/xactskateshop.com\/fr\/produit\/lames-kromkamp-cr8-st\/"]}]},{"@type":"ImageObject","inLanguage":"fr-FR","@id":"https:\/\/xactskateshop.com\/fr\/produit\/lames-kromkamp-cr8-st\/#primaryimage","url":"https:\/\/xactskateshop.com\/wp-content\/uploads\/2024\/03\/cr8.jpg","contentUrl":"https:\/\/xactskateshop.com\/wp-content\/uploads\/2024\/03\/cr8.jpg","width":1000,"height":1000,"caption":"Lames Kromkamp CR8 ST"},{"@type":"BreadcrumbList","@id":"https:\/\/xactskateshop.com\/fr\/produit\/lames-kromkamp-cr8-st\/#breadcrumb","itemListElement":[{"@type":"ListItem","position":1,"name":"Home","item":"https:\/\/xactskateshop.com\/fr\/accueil\/"},{"@type":"ListItem","position":2,"name":"Boutique","item":"https:\/\/xactskateshop.com\/shop\/"},{"@type":"ListItem","position":3,"name":"Lames KROMKAMP CR8 ST"}]},{"@type":"WebSite","@id":"http:\/\/xactskateshop.com\/fr\/#website","url":"http:\/\/xactskateshop.com\/fr\/","name":"Xact Skate Shop","description":"Un site utilisant WordPress","publisher":{"@id":"http:\/\/xactskateshop.com\/fr\/#organization"},"potentialAction":[{"@type":"SearchAction","target":{"@type":"EntryPoint","urlTemplate":"http:\/\/xactskateshop.com\/fr\/?s={search_term_string}"},"query-input":{"@type":"PropertyValueSpecification","valueRequired":true,"valueName":"search_term_string"}}],"inLanguage":"fr-FR"},{"@type":"Organization","@id":"http:\/\/xactskateshop.com\/fr\/#organization","name":"XACT Skate Shop","url":"http:\/\/xactskateshop.com\/fr\/","logo":{"@type":"ImageObject","inLanguage":"fr-FR","@id":"http:\/\/xactskateshop.com\/fr\/#\/schema\/logo\/image\/","url":"http:\/\/xactskateshop.com\/wp-content\/uploads\/2024\/04\/xactskateshop-dot-com-avec-contour-noir-sans-fond-675x.jpg","contentUrl":"http:\/\/xactskateshop.com\/wp-content\/uploads\/2024\/04\/xactskateshop-dot-com-avec-contour-noir-sans-fond-675x.jpg","width":675,"height":247,"caption":"XACT Skate Shop"},"image":{"@id":"http:\/\/xactskateshop.com\/fr\/#\/schema\/logo\/image\/"},"sameAs":["https:\/\/www.facebook.com\/JeanLouiskateshop"]}]}},"_links":{"self":[{"href":"https:\/\/xactskateshop.com\/fr\/wp-json\/wp\/v2\/product\/55554","targetHints":{"allow":["GET"]}}],"collection":[{"href":"https:\/\/xactskateshop.com\/fr\/wp-json\/wp\/v2\/product"}],"about":[{"href":"https:\/\/xactskateshop.com\/fr\/wp-json\/wp\/v2\/types\/product"}],"replies":[{"embeddable":true,"href":"https:\/\/xactskateshop.com\/fr\/wp-json\/wp\/v2\/comments?post=55554"}],"wp:featuredmedia":[{"embeddable":true,"href":"https:\/\/xactskateshop.com\/fr\/wp-json\/wp\/v2\/media\/41217"}],"wp:attachment":[{"href":"https:\/\/xactskateshop.com\/fr\/wp-json\/wp\/v2\/media?parent=55554"}],"wp:term":[{"taxonomy":"product_brand","embeddable":true,"href":"https:\/\/xactskateshop.com\/fr\/wp-json\/wp\/v2\/product_brand?post=55554"},{"taxonomy":"product_cat","embeddable":true,"href":"https:\/\/xactskateshop.com\/fr\/wp-json\/wp\/v2\/product_cat?post=55554"},{"taxonomy":"product_tag","embeddable":true,"href":"https:\/\/xactskateshop.com\/fr\/wp-json\/wp\/v2\/product_tag?post=55554"}],"curies":[{"name":"wp","href":"https:\/\/api.w.org\/{rel}","templated":true}]}}