{"id":55532,"date":"2024-09-14T14:33:44","date_gmt":"2024-09-14T18:33:44","guid":{"rendered":"http:\/\/xactskateshop.com\/product\/bones-wheels-bushing-4-pack-2\/"},"modified":"2025-12-30T17:16:48","modified_gmt":"2025-12-30T22:16:48","slug":"ensemble-de-4-coussinets-de-roue-bones","status":"publish","type":"product","link":"https:\/\/xactskateshop.com\/fr\/produit\/ensemble-de-4-coussinets-de-roue-bones\/","title":{"rendered":"Coussinets BONES WHEELS emballage de 4"},"content":{"rendered":"<p>Coussinets BONES WHEELS<\/p>\n<p><strong>Caract\u00e9ristiques<\/strong><\/p>\n<ul>\n<li>Bague \u00e0 double action brevet\u00e9e<\/li>\n<li>Insert central li\u00e9 chimiquement<\/li>\n<li>Ur\u00e9thane \u00e0 haut rebond<\/li>\n<\/ul>\n<p><strong>Avantages<\/strong><\/p>\n<ul>\n<li>Pas de p\u00e9riode de rodage<\/li>\n<li>Des virages tr\u00e8s r\u00e9actifs<\/li>\n<li>Augmentation des performances du truck<\/li>\n<li>Am\u00e9lioration de l&#8217;exp\u00e9rience de patinage<\/li>\n<\/ul>\n<p>Duret\u00e9 : 81A,91A,96A<\/p>\n<p><strong>\u00c0 propos de Bones Bushings<\/strong><\/p>\n<p>Avec les coussinets <strong>BONES\u2122<\/strong>, vous constaterez un certain nombre d&#8217;am\u00e9liorations positives dans les performances de vos trucks.<\/p>\n<ul>\n<li>Il n&#8217;y a pas de p\u00e9riode de rodage. Il suffit de les mettre en place, de les ajuster et de patiner. <\/li>\n<li>Vos trucks seront plus r\u00e9actifs.<\/li>\n<li>Augmentation des performances du truck<\/li>\n<li>Am\u00e9liore votre exp\u00e9rience du patinage.<\/li>\n<li>Vos virages seront souples et positifs, et non pas flottants ou rigides.<\/li>\n<li>3 duret\u00e9s : coussinet dure : 96A, coussinet moyen : 91A, coussinet souple : 81A<\/li>\n<\/ul>\n<p>Lorsque vous tournez un truck normal, la toile de suspension exerce une pression sur un c\u00f4t\u00e9 de chaque bague (en haut et en bas). Cela comprime ce c\u00f4t\u00e9 et \u00e9loigne l&#8217;autre c\u00f4t\u00e9 de chaque bague du pivot. Nous appelons cela une bague \u00e0 action unique parce qu&#8217;un seul c\u00f4t\u00e9 de la bague travaille pour vous \u00e0 la fois.  <\/p>\n<p>L&#8217;insert HardCore au centre des bagues BONES relie les deux c\u00f4t\u00e9s de chaque bague en les liant \u00e0 l&#8217;insert HardCore. Lorsque l&#8217;\u00e2me du cintre presse un c\u00f4t\u00e9 d&#8217;une bague HardCore, ce c\u00f4t\u00e9 de la bague r\u00e9agit comme une bague normale, mais la liaison chimique entre le HardCore et le coussin emp\u00eache la bague d&#8217;\u00eatre press\u00e9e de l&#8217;autre c\u00f4t\u00e9. En fait, il augmente la r\u00e9sistance \u00e0 la rotation parce qu&#8217;il est maintenu en place par l&#8217;insert HardCore. Cela signifie que les DEUX c\u00f4t\u00e9s de la bague BONES HardCore r\u00e9sistent \u00e0 votre force de rotation. C&#8217;est pourquoi nous appelons les bagues BONES les premi\u00e8res bagues de truck \u00e0 double action.    <\/p>\n<p><strong>Comment installer les bagues Bones<\/strong><\/p>\n<p><iframe title=\"Skate One - How to Install Bones Bushings\" width=\"500\" height=\"281\" src=\"https:\/\/www.youtube.com\/embed\/VHu_Jo2MkUw?feature=oembed\" frameborder=\"0\" allow=\"accelerometer; autoplay; clipboard-write; encrypted-media; gyroscope; picture-in-picture; web-share\" referrerpolicy=\"strict-origin-when-cross-origin\" allowfullscreen><\/iframe><\/p>\n<p>Pour en savoir plus sur BONES <a href=\"https:\/\/bones.com\/skateboard-bushings\">, cliquez ici<\/a><\/p>\n","protected":false},"excerpt":{"rendered":"<p>Coussinets BONES WHEELS<\/p>\n<p><strong>Caract\u00e9ristiques<\/strong><\/p>\n<ul>\n<li>Bague double action brevet\u00e9e<\/li>\n<li>Insert central li\u00e9 chimiquement<\/li>\n<li>Ur\u00e9thane \u00e0 haut rebond<\/li>\n<\/ul>\n","protected":false},"featured_media":43678,"comment_status":"closed","ping_status":"closed","template":"","meta":{"site-sidebar-layout":"default","site-content-layout":"","ast-site-content-layout":"default","site-content-style":"default","site-sidebar-style":"default","ast-global-header-display":"","ast-banner-title-visibility":"","ast-main-header-display":"","ast-hfb-above-header-display":"","ast-hfb-below-header-display":"","ast-hfb-mobile-header-display":"","site-post-title":"","ast-breadcrumbs-content":"","ast-featured-img":"","footer-sml-layout":"","theme-transparent-header-meta":"default","adv-header-id-meta":"","stick-header-meta":"","header-above-stick-meta":"","header-main-stick-meta":"","header-below-stick-meta":"","astra-migrate-meta-layouts":"set","ast-page-background-enabled":"default","ast-page-background-meta":{"desktop":{"background-color":"","background-image":"","background-repeat":"repeat","background-position":"center center","background-size":"auto","background-attachment":"scroll","background-type":"","background-media":"","overlay-type":"","overlay-color":"","overlay-opacity":"","overlay-gradient":""},"tablet":{"background-color":"","background-image":"","background-repeat":"repeat","background-position":"center center","background-size":"auto","background-attachment":"scroll","background-type":"","background-media":"","overlay-type":"","overlay-color":"","overlay-opacity":"","overlay-gradient":""},"mobile":{"background-color":"","background-image":"","background-repeat":"repeat","background-position":"center center","background-size":"auto","background-attachment":"scroll","background-type":"","background-media":"","overlay-type":"","overlay-color":"","overlay-opacity":"","overlay-gradient":""}},"ast-content-background-meta":{"desktop":{"background-color":"var(--ast-global-color-5)","background-image":"","background-repeat":"repeat","background-position":"center center","background-size":"auto","background-attachment":"scroll","background-type":"","background-media":"","overlay-type":"","overlay-color":"","overlay-opacity":"","overlay-gradient":""},"tablet":{"background-color":"var(--ast-global-color-5)","background-image":"","background-repeat":"repeat","background-position":"center center","background-size":"auto","background-attachment":"scroll","background-type":"","background-media":"","overlay-type":"","overlay-color":"","overlay-opacity":"","overlay-gradient":""},"mobile":{"background-color":"var(--ast-global-color-5)","background-image":"","background-repeat":"repeat","background-position":"center center","background-size":"auto","background-attachment":"scroll","background-type":"","background-media":"","overlay-type":"","overlay-color":"","overlay-opacity":"","overlay-gradient":""}}},"product_brand":[],"product_cat":[1652,1838],"product_tag":[2858,2859,1768,1772],"class_list":{"0":"post-55532","1":"product","2":"type-product","3":"status-publish","4":"has-post-thumbnail","6":"product_cat-patins-a-roulettes","7":"product_cat-platines","8":"product_tag-coussinets","9":"product_tag-coussinets-de-truck","10":"product_tag-patins-a-roulettes","11":"product_tag-pieces-pour-patins-a-roulettes","12":"desktop-align-center","13":"tablet-align-center","14":"mobile-align-center","15":"ast-product-gallery-layout-horizontal","16":"ast-product-single-variable","17":"ast-product-tabs-layout-horizontal","18":"ast-qv-on-image","20":"first","21":"instock","22":"taxable","23":"shipping-taxable","24":"purchasable","25":"product-type-variable"},"bundled_by":[],"bundle_stock_status":"instock","bundle_stock_quantity":null,"bundle_virtual":false,"bundle_layout":"","bundle_add_to_cart_form_location":"","bundle_editable_in_cart":false,"bundle_sold_individually_context":"","bundle_item_grouping":"","bundle_min_size":"","bundle_max_size":"","bundle_price":[],"bundled_items":[],"bundle_sell_ids":[],"yoast_head":"<!-- This site is optimized with the Yoast SEO plugin v27.4 - https:\/\/yoast.com\/product\/yoast-seo-wordpress\/ -->\n<title>Coussinets BONES WHEELS - Xact Skate Shop<\/title>\n<meta name=\"description\" content=\"Douille BONES WHEELS. Caract\u00e9ristiques : Douille brevet\u00e9e \u00e0 double action : insert central li\u00e9 chimiquement : ur\u00e9thane \u00e0 haut rebond. Obtenez les v\u00f4tres ici !\" \/>\n<meta name=\"robots\" content=\"index, follow, max-snippet:-1, max-image-preview:large, max-video-preview:-1\" \/>\n<link rel=\"canonical\" href=\"https:\/\/xactskateshop.com\/fr\/produit\/ensemble-de-4-coussinets-de-roue-bones\/\" \/>\n<meta property=\"og:locale\" content=\"fr_FR\" \/>\n<meta property=\"og:type\" content=\"article\" \/>\n<meta property=\"og:title\" content=\"Coussinets BONES WHEELS - Xact Skate Shop\" \/>\n<meta property=\"og:description\" content=\"Douille BONES WHEELS. Caract\u00e9ristiques : Douille brevet\u00e9e \u00e0 double action : insert central li\u00e9 chimiquement : ur\u00e9thane \u00e0 haut rebond. Obtenez les v\u00f4tres ici !\" \/>\n<meta property=\"og:url\" content=\"https:\/\/xactskateshop.com\/fr\/produit\/ensemble-de-4-coussinets-de-roue-bones\/\" \/>\n<meta property=\"og:site_name\" content=\"Xact Skate Shop\" \/>\n<meta property=\"article:publisher\" content=\"https:\/\/www.facebook.com\/JeanLouiskateshop\" \/>\n<meta property=\"article:modified_time\" content=\"2025-12-30T22:16:48+00:00\" \/>\n<meta property=\"og:image\" content=\"https:\/\/xactskateshop.com\/wp-content\/uploads\/2024\/09\/TCPHB3SOXS.jpg\" \/>\n\t<meta property=\"og:image:width\" content=\"1000\" \/>\n\t<meta property=\"og:image:height\" content=\"1000\" \/>\n\t<meta property=\"og:image:type\" content=\"image\/jpeg\" \/>\n<meta name=\"twitter:card\" content=\"summary_large_image\" \/>\n<meta name=\"twitter:label1\" content=\"Dur\u00e9e de lecture estim\u00e9e\" \/>\n\t<meta name=\"twitter:data1\" content=\"2 minutes\" \/>\n<script type=\"application\/ld+json\" class=\"yoast-schema-graph\">{\"@context\":\"https:\\\/\\\/schema.org\",\"@graph\":[{\"@type\":\"WebPage\",\"@id\":\"https:\\\/\\\/xactskateshop.com\\\/fr\\\/produit\\\/ensemble-de-4-coussinets-de-roue-bones\\\/\",\"url\":\"https:\\\/\\\/xactskateshop.com\\\/fr\\\/produit\\\/ensemble-de-4-coussinets-de-roue-bones\\\/\",\"name\":\"Coussinets BONES WHEELS - Xact Skate Shop\",\"isPartOf\":{\"@id\":\"http:\\\/\\\/xactskateshop.com\\\/fr\\\/#website\"},\"primaryImageOfPage\":{\"@id\":\"https:\\\/\\\/xactskateshop.com\\\/fr\\\/produit\\\/ensemble-de-4-coussinets-de-roue-bones\\\/#primaryimage\"},\"image\":{\"@id\":\"https:\\\/\\\/xactskateshop.com\\\/fr\\\/produit\\\/ensemble-de-4-coussinets-de-roue-bones\\\/#primaryimage\"},\"thumbnailUrl\":\"https:\\\/\\\/xactskateshop.com\\\/wp-content\\\/uploads\\\/2024\\\/09\\\/TCPHB3SOXS.jpg\",\"datePublished\":\"2024-09-14T18:33:44+00:00\",\"dateModified\":\"2025-12-30T22:16:48+00:00\",\"description\":\"Douille BONES WHEELS. Caract\u00e9ristiques : Douille brevet\u00e9e \u00e0 double action : insert central li\u00e9 chimiquement : ur\u00e9thane \u00e0 haut rebond. Obtenez les v\u00f4tres ici !\",\"breadcrumb\":{\"@id\":\"https:\\\/\\\/xactskateshop.com\\\/fr\\\/produit\\\/ensemble-de-4-coussinets-de-roue-bones\\\/#breadcrumb\"},\"inLanguage\":\"fr-FR\",\"potentialAction\":[{\"@type\":\"ReadAction\",\"target\":[\"https:\\\/\\\/xactskateshop.com\\\/fr\\\/produit\\\/ensemble-de-4-coussinets-de-roue-bones\\\/\"]}]},{\"@type\":\"ImageObject\",\"inLanguage\":\"fr-FR\",\"@id\":\"https:\\\/\\\/xactskateshop.com\\\/fr\\\/produit\\\/ensemble-de-4-coussinets-de-roue-bones\\\/#primaryimage\",\"url\":\"https:\\\/\\\/xactskateshop.com\\\/wp-content\\\/uploads\\\/2024\\\/09\\\/TCPHB3SOXS.jpg\",\"contentUrl\":\"https:\\\/\\\/xactskateshop.com\\\/wp-content\\\/uploads\\\/2024\\\/09\\\/TCPHB3SOXS.jpg\",\"width\":1000,\"height\":1000,\"caption\":\"Coussinets BONES WHEELS\"},{\"@type\":\"BreadcrumbList\",\"@id\":\"https:\\\/\\\/xactskateshop.com\\\/fr\\\/produit\\\/ensemble-de-4-coussinets-de-roue-bones\\\/#breadcrumb\",\"itemListElement\":[{\"@type\":\"ListItem\",\"position\":1,\"name\":\"Home\",\"item\":\"https:\\\/\\\/xactskateshop.com\\\/fr\\\/accueil\\\/\"},{\"@type\":\"ListItem\",\"position\":2,\"name\":\"Boutique\",\"item\":\"https:\\\/\\\/xactskateshop.com\\\/shop\\\/\"},{\"@type\":\"ListItem\",\"position\":3,\"name\":\"Coussinets BONES WHEELS emballage de 4\"}]},{\"@type\":\"WebSite\",\"@id\":\"http:\\\/\\\/xactskateshop.com\\\/fr\\\/#website\",\"url\":\"http:\\\/\\\/xactskateshop.com\\\/fr\\\/\",\"name\":\"Xact Skate Shop\",\"description\":\"Un site utilisant WordPress\",\"publisher\":{\"@id\":\"http:\\\/\\\/xactskateshop.com\\\/fr\\\/#organization\"},\"potentialAction\":[{\"@type\":\"SearchAction\",\"target\":{\"@type\":\"EntryPoint\",\"urlTemplate\":\"http:\\\/\\\/xactskateshop.com\\\/fr\\\/?s={search_term_string}\"},\"query-input\":{\"@type\":\"PropertyValueSpecification\",\"valueRequired\":true,\"valueName\":\"search_term_string\"}}],\"inLanguage\":\"fr-FR\"},{\"@type\":\"Organization\",\"@id\":\"http:\\\/\\\/xactskateshop.com\\\/fr\\\/#organization\",\"name\":\"XACT Skate Shop\",\"url\":\"http:\\\/\\\/xactskateshop.com\\\/fr\\\/\",\"logo\":{\"@type\":\"ImageObject\",\"inLanguage\":\"fr-FR\",\"@id\":\"http:\\\/\\\/xactskateshop.com\\\/fr\\\/#\\\/schema\\\/logo\\\/image\\\/\",\"url\":\"http:\\\/\\\/xactskateshop.com\\\/wp-content\\\/uploads\\\/2024\\\/04\\\/xactskateshop-dot-com-avec-contour-noir-sans-fond-675x.jpg\",\"contentUrl\":\"http:\\\/\\\/xactskateshop.com\\\/wp-content\\\/uploads\\\/2024\\\/04\\\/xactskateshop-dot-com-avec-contour-noir-sans-fond-675x.jpg\",\"width\":675,\"height\":247,\"caption\":\"XACT Skate Shop\"},\"image\":{\"@id\":\"http:\\\/\\\/xactskateshop.com\\\/fr\\\/#\\\/schema\\\/logo\\\/image\\\/\"},\"sameAs\":[\"https:\\\/\\\/www.facebook.com\\\/JeanLouiskateshop\"]}]}<\/script>\n<!-- \/ Yoast SEO plugin. -->","yoast_head_json":{"title":"Coussinets BONES WHEELS - Xact Skate Shop","description":"Douille BONES WHEELS. Caract\u00e9ristiques : Douille brevet\u00e9e \u00e0 double action : insert central li\u00e9 chimiquement : ur\u00e9thane \u00e0 haut rebond. Obtenez les v\u00f4tres ici !","robots":{"index":"index","follow":"follow","max-snippet":"max-snippet:-1","max-image-preview":"max-image-preview:large","max-video-preview":"max-video-preview:-1"},"canonical":"https:\/\/xactskateshop.com\/fr\/produit\/ensemble-de-4-coussinets-de-roue-bones\/","og_locale":"fr_FR","og_type":"article","og_title":"Coussinets BONES WHEELS - Xact Skate Shop","og_description":"Douille BONES WHEELS. Caract\u00e9ristiques : Douille brevet\u00e9e \u00e0 double action : insert central li\u00e9 chimiquement : ur\u00e9thane \u00e0 haut rebond. Obtenez les v\u00f4tres ici !","og_url":"https:\/\/xactskateshop.com\/fr\/produit\/ensemble-de-4-coussinets-de-roue-bones\/","og_site_name":"Xact Skate Shop","article_publisher":"https:\/\/www.facebook.com\/JeanLouiskateshop","article_modified_time":"2025-12-30T22:16:48+00:00","og_image":[{"width":1000,"height":1000,"url":"https:\/\/xactskateshop.com\/wp-content\/uploads\/2024\/09\/TCPHB3SOXS.jpg","type":"image\/jpeg"}],"twitter_card":"summary_large_image","twitter_misc":{"Dur\u00e9e de lecture estim\u00e9e":"2 minutes"},"schema":{"@context":"https:\/\/schema.org","@graph":[{"@type":"WebPage","@id":"https:\/\/xactskateshop.com\/fr\/produit\/ensemble-de-4-coussinets-de-roue-bones\/","url":"https:\/\/xactskateshop.com\/fr\/produit\/ensemble-de-4-coussinets-de-roue-bones\/","name":"Coussinets BONES WHEELS - Xact Skate Shop","isPartOf":{"@id":"http:\/\/xactskateshop.com\/fr\/#website"},"primaryImageOfPage":{"@id":"https:\/\/xactskateshop.com\/fr\/produit\/ensemble-de-4-coussinets-de-roue-bones\/#primaryimage"},"image":{"@id":"https:\/\/xactskateshop.com\/fr\/produit\/ensemble-de-4-coussinets-de-roue-bones\/#primaryimage"},"thumbnailUrl":"https:\/\/xactskateshop.com\/wp-content\/uploads\/2024\/09\/TCPHB3SOXS.jpg","datePublished":"2024-09-14T18:33:44+00:00","dateModified":"2025-12-30T22:16:48+00:00","description":"Douille BONES WHEELS. Caract\u00e9ristiques : Douille brevet\u00e9e \u00e0 double action : insert central li\u00e9 chimiquement : ur\u00e9thane \u00e0 haut rebond. Obtenez les v\u00f4tres ici !","breadcrumb":{"@id":"https:\/\/xactskateshop.com\/fr\/produit\/ensemble-de-4-coussinets-de-roue-bones\/#breadcrumb"},"inLanguage":"fr-FR","potentialAction":[{"@type":"ReadAction","target":["https:\/\/xactskateshop.com\/fr\/produit\/ensemble-de-4-coussinets-de-roue-bones\/"]}]},{"@type":"ImageObject","inLanguage":"fr-FR","@id":"https:\/\/xactskateshop.com\/fr\/produit\/ensemble-de-4-coussinets-de-roue-bones\/#primaryimage","url":"https:\/\/xactskateshop.com\/wp-content\/uploads\/2024\/09\/TCPHB3SOXS.jpg","contentUrl":"https:\/\/xactskateshop.com\/wp-content\/uploads\/2024\/09\/TCPHB3SOXS.jpg","width":1000,"height":1000,"caption":"Coussinets BONES WHEELS"},{"@type":"BreadcrumbList","@id":"https:\/\/xactskateshop.com\/fr\/produit\/ensemble-de-4-coussinets-de-roue-bones\/#breadcrumb","itemListElement":[{"@type":"ListItem","position":1,"name":"Home","item":"https:\/\/xactskateshop.com\/fr\/accueil\/"},{"@type":"ListItem","position":2,"name":"Boutique","item":"https:\/\/xactskateshop.com\/shop\/"},{"@type":"ListItem","position":3,"name":"Coussinets BONES WHEELS emballage de 4"}]},{"@type":"WebSite","@id":"http:\/\/xactskateshop.com\/fr\/#website","url":"http:\/\/xactskateshop.com\/fr\/","name":"Xact Skate Shop","description":"Un site utilisant WordPress","publisher":{"@id":"http:\/\/xactskateshop.com\/fr\/#organization"},"potentialAction":[{"@type":"SearchAction","target":{"@type":"EntryPoint","urlTemplate":"http:\/\/xactskateshop.com\/fr\/?s={search_term_string}"},"query-input":{"@type":"PropertyValueSpecification","valueRequired":true,"valueName":"search_term_string"}}],"inLanguage":"fr-FR"},{"@type":"Organization","@id":"http:\/\/xactskateshop.com\/fr\/#organization","name":"XACT Skate Shop","url":"http:\/\/xactskateshop.com\/fr\/","logo":{"@type":"ImageObject","inLanguage":"fr-FR","@id":"http:\/\/xactskateshop.com\/fr\/#\/schema\/logo\/image\/","url":"http:\/\/xactskateshop.com\/wp-content\/uploads\/2024\/04\/xactskateshop-dot-com-avec-contour-noir-sans-fond-675x.jpg","contentUrl":"http:\/\/xactskateshop.com\/wp-content\/uploads\/2024\/04\/xactskateshop-dot-com-avec-contour-noir-sans-fond-675x.jpg","width":675,"height":247,"caption":"XACT Skate Shop"},"image":{"@id":"http:\/\/xactskateshop.com\/fr\/#\/schema\/logo\/image\/"},"sameAs":["https:\/\/www.facebook.com\/JeanLouiskateshop"]}]}},"_links":{"self":[{"href":"https:\/\/xactskateshop.com\/fr\/wp-json\/wp\/v2\/product\/55532","targetHints":{"allow":["GET"]}}],"collection":[{"href":"https:\/\/xactskateshop.com\/fr\/wp-json\/wp\/v2\/product"}],"about":[{"href":"https:\/\/xactskateshop.com\/fr\/wp-json\/wp\/v2\/types\/product"}],"replies":[{"embeddable":true,"href":"https:\/\/xactskateshop.com\/fr\/wp-json\/wp\/v2\/comments?post=55532"}],"wp:featuredmedia":[{"embeddable":true,"href":"https:\/\/xactskateshop.com\/fr\/wp-json\/wp\/v2\/media\/43678"}],"wp:attachment":[{"href":"https:\/\/xactskateshop.com\/fr\/wp-json\/wp\/v2\/media?parent=55532"}],"wp:term":[{"taxonomy":"product_brand","embeddable":true,"href":"https:\/\/xactskateshop.com\/fr\/wp-json\/wp\/v2\/product_brand?post=55532"},{"taxonomy":"product_cat","embeddable":true,"href":"https:\/\/xactskateshop.com\/fr\/wp-json\/wp\/v2\/product_cat?post=55532"},{"taxonomy":"product_tag","embeddable":true,"href":"https:\/\/xactskateshop.com\/fr\/wp-json\/wp\/v2\/product_tag?post=55532"}],"curies":[{"name":"wp","href":"https:\/\/api.w.org\/{rel}","templated":true}]}}