{"id":55530,"date":"2024-04-26T18:34:16","date_gmt":"2024-04-26T22:34:16","guid":{"rendered":"http:\/\/xactskateshop.com\/product\/lames-de-rechange-step-bauer-lightspeed-2\/"},"modified":"2024-04-26T18:34:16","modified_gmt":"2024-04-26T22:34:16","slug":"lames-de-rechange-step-bauer-lightspeed-2","status":"publish","type":"product","link":"https:\/\/xactskateshop.com\/fr\/produit\/lames-de-rechange-step-bauer-lightspeed-2\/","title":{"rendered":"Lames de rechange STEP BAUER lightspeed 2"},"content":{"rendered":"<p>Lames Bauer lightspeed 2<\/p>\n<p>Lames de remplacement pour le support Bauer <span class=\"scayt-misspell-word\" data-scayt-word=\"Lightspeed\" data-wsc-lang=\"en_US\" data-wsc-id=\"k9vp1fw0x8e3xb31w\">Lightspeed<\/span> 2 uniquement.<\/p>\n<p><strong>NON compatible avec le support Bauer <span class=\"scayt-misspell-word\" data-scayt-word=\"Lightspeed\" data-wsc-lang=\"en_US\" data-wsc-id=\"k9vp1fyxzg8wnvdjq\">Lightspeed<\/span> Edge<\/strong>\u00ac\u2020<\/p>\n<p>Moins de friction, plus de puissance.<br \/>\nLa lame Step V-STEEL est une avanc\u00e9e majeure pour les joueurs s\u00e9rieux. La surface en acier inoxydable poli est soigneusement polie afin d&#8217;obtenir une finition miroir pour un tranchant plus net apr\u00e8s chaque aff\u00fbtage et une r\u00e9sistance r\u00e9duite sur la glace. Avec une glisse optimale, vous d\u00e9pensez moins d&#8217;\u00e9nergie pendant les matchs et vos virages seront plus pr\u00e9cis.  <\/p>\n<p>Ces lames offrent une plus grande hauteur de lame, ce qui permet un angle d&#8217;attaque plus important lors des virages, et une plus grande long\u00e9vit\u00e9 de la lame lors de l&#8217;aff\u00fbtage et du fa\u00e7onnage.<br \/>\nStep n&#8217;utilise que les meilleurs alliages d&#8217;acier pour fabriquer des lames sur lesquelles vous pouvez compter pour vous mettre au top de votre jeu. D\u00e8s le d\u00e9but de la production, nous contr\u00f4lons constamment nos mati\u00e8res premi\u00e8res pour nous assurer qu&#8217;elles r\u00e9pondent \u00e0 nos normes exigeantes. <\/p>\n<p>Chez STEP, chaque profil de lame est d\u00e9coup\u00e9 \u00e0 l&#8217;aide de fraiseuses <span class=\"scayt-misspell-word\" data-scayt-word=\"CNC\" data-wsc-lang=\"en_US\" data-wsc-id=\"k9vp1fvnqrnj6ys1x\">CNC<\/span> ultramodernes pour vous offrir une lame mieux \u00e9quilibr\u00e9e \u00e0 chaque fois. Avec une tol\u00e9rance d&#8217;un milli\u00e8me de pouce, les lames de chaque paire de patins ont un profil coh\u00e9rent et identique, un d\u00e9tail que votre expert en aff\u00fbtage appr\u00e9ciera. <\/p>\n<p>Le fabricant fournit un profil de 10 pieds en standard.<\/p>\n<p>Voir d&#8217;autres mod\u00e8les <a href=\"http:\/\/xactskateshop.com\/product-category\/recrational-skating\/hockey\/hockey-skates-accessories\/\">ici<\/a><\/p>\n<p>Pour en savoir plus sur BAUER <a href=\"https:\/\/ca.bauer.com\/\">, cliquez ici<\/a><\/p>\n","protected":false},"excerpt":{"rendered":"<p>Lames Bauer lightspeed 2<\/p>\n","protected":false},"featured_media":42809,"comment_status":"closed","ping_status":"closed","template":"","meta":{"site-sidebar-layout":"default","site-content-layout":"default","ast-site-content-layout":"default","site-content-style":"default","site-sidebar-style":"default","ast-global-header-display":"","ast-banner-title-visibility":"","ast-main-header-display":"","ast-hfb-above-header-display":"","ast-hfb-below-header-display":"","ast-hfb-mobile-header-display":"","site-post-title":"","ast-breadcrumbs-content":"","ast-featured-img":"","footer-sml-layout":"","theme-transparent-header-meta":"default","adv-header-id-meta":"","stick-header-meta":"","header-above-stick-meta":"","header-main-stick-meta":"","header-below-stick-meta":"","astra-migrate-meta-layouts":"default","ast-page-background-enabled":"default","ast-page-background-meta":{"desktop":{"background-color":"","background-image":"","background-repeat":"repeat","background-position":"center center","background-size":"auto","background-attachment":"scroll","background-type":"","background-media":"","overlay-type":"","overlay-color":"","overlay-opacity":"","overlay-gradient":""},"tablet":{"background-color":"","background-image":"","background-repeat":"repeat","background-position":"center center","background-size":"auto","background-attachment":"scroll","background-type":"","background-media":"","overlay-type":"","overlay-color":"","overlay-opacity":"","overlay-gradient":""},"mobile":{"background-color":"","background-image":"","background-repeat":"repeat","background-position":"center center","background-size":"auto","background-attachment":"scroll","background-type":"","background-media":"","overlay-type":"","overlay-color":"","overlay-opacity":"","overlay-gradient":""}},"ast-content-background-meta":{"desktop":{"background-color":"var(--ast-global-color-5)","background-image":"","background-repeat":"repeat","background-position":"center center","background-size":"auto","background-attachment":"scroll","background-type":"","background-media":"","overlay-type":"","overlay-color":"","overlay-opacity":"","overlay-gradient":""},"tablet":{"background-color":"var(--ast-global-color-5)","background-image":"","background-repeat":"repeat","background-position":"center center","background-size":"auto","background-attachment":"scroll","background-type":"","background-media":"","overlay-type":"","overlay-color":"","overlay-opacity":"","overlay-gradient":""},"mobile":{"background-color":"var(--ast-global-color-5)","background-image":"","background-repeat":"repeat","background-position":"center center","background-size":"auto","background-attachment":"scroll","background-type":"","background-media":"","overlay-type":"","overlay-color":"","overlay-opacity":"","overlay-gradient":""}}},"product_brand":[],"product_cat":[1714,1712],"product_tag":[1984,1985,1986],"class_list":{"0":"post-55530","1":"product","2":"type-product","3":"status-publish","4":"has-post-thumbnail","6":"product_cat-accessoires-pour-patins-de-hockey","7":"product_cat-hockey-fr","8":"product_tag-hockey-fr","9":"product_tag-lame-de-hockey","10":"product_tag-lame-de-remplacement","11":"desktop-align-center","12":"tablet-align-center","13":"mobile-align-center","14":"ast-product-gallery-layout-horizontal","15":"ast-product-gallery-with-no-image","16":"ast-product-single-variable","17":"ast-product-tabs-layout-horizontal","18":"ast-qv-on-image","20":"first","21":"outofstock","22":"taxable","23":"shipping-taxable","24":"purchasable","25":"product-type-variable"},"bundled_by":[],"bundle_stock_status":"outofstock","bundle_stock_quantity":null,"bundle_virtual":false,"bundle_layout":"","bundle_add_to_cart_form_location":"","bundle_editable_in_cart":false,"bundle_sold_individually_context":"","bundle_item_grouping":"","bundle_min_size":"","bundle_max_size":"","bundle_price":[],"bundled_items":[],"bundle_sell_ids":[],"yoast_head":"<!-- This site is optimized with the Yoast SEO plugin v27.4 - https:\/\/yoast.com\/product\/yoast-seo-wordpress\/ -->\n<title>Lames Bauer lightspeed 2 - Xact Skate Shop<\/title>\n<meta name=\"description\" content=\"Lames Bauer lightspeed 2. La surface en acier inoxydable poli est soigneusement polie afin d&#039;obtenir une finition miroir pour un tranchant plus net apr\u00e8s chaque aiguisage.\" \/>\n<meta name=\"robots\" content=\"index, follow, max-snippet:-1, max-image-preview:large, max-video-preview:-1\" \/>\n<link rel=\"canonical\" href=\"https:\/\/xactskateshop.com\/fr\/produit\/lames-de-rechange-step-bauer-lightspeed-2\/\" \/>\n<meta property=\"og:locale\" content=\"fr_FR\" \/>\n<meta property=\"og:type\" content=\"article\" \/>\n<meta property=\"og:title\" content=\"Lames Bauer lightspeed 2 - Xact Skate Shop\" \/>\n<meta property=\"og:description\" content=\"Lames Bauer lightspeed 2. La surface en acier inoxydable poli est soigneusement polie afin d&#039;obtenir une finition miroir pour un tranchant plus net apr\u00e8s chaque aiguisage.\" \/>\n<meta property=\"og:url\" content=\"https:\/\/xactskateshop.com\/fr\/produit\/lames-de-rechange-step-bauer-lightspeed-2\/\" \/>\n<meta property=\"og:site_name\" content=\"Xact Skate Shop\" \/>\n<meta property=\"article:publisher\" content=\"https:\/\/www.facebook.com\/JeanLouiskateshop\" \/>\n<meta property=\"og:image\" content=\"https:\/\/xactskateshop.com\/wp-content\/uploads\/2024\/04\/step-speed-2.jpg\" \/>\n\t<meta property=\"og:image:width\" content=\"1000\" \/>\n\t<meta property=\"og:image:height\" content=\"1000\" \/>\n\t<meta property=\"og:image:type\" content=\"image\/jpeg\" \/>\n<meta name=\"twitter:card\" content=\"summary_large_image\" \/>\n<meta name=\"twitter:label1\" content=\"Dur\u00e9e de lecture estim\u00e9e\" \/>\n\t<meta name=\"twitter:data1\" content=\"1 minute\" \/>\n<script type=\"application\/ld+json\" class=\"yoast-schema-graph\">{\"@context\":\"https:\\\/\\\/schema.org\",\"@graph\":[{\"@type\":\"WebPage\",\"@id\":\"https:\\\/\\\/xactskateshop.com\\\/fr\\\/produit\\\/lames-de-rechange-step-bauer-lightspeed-2\\\/\",\"url\":\"https:\\\/\\\/xactskateshop.com\\\/fr\\\/produit\\\/lames-de-rechange-step-bauer-lightspeed-2\\\/\",\"name\":\"Lames Bauer lightspeed 2 - Xact Skate Shop\",\"isPartOf\":{\"@id\":\"http:\\\/\\\/xactskateshop.com\\\/fr\\\/#website\"},\"primaryImageOfPage\":{\"@id\":\"https:\\\/\\\/xactskateshop.com\\\/fr\\\/produit\\\/lames-de-rechange-step-bauer-lightspeed-2\\\/#primaryimage\"},\"image\":{\"@id\":\"https:\\\/\\\/xactskateshop.com\\\/fr\\\/produit\\\/lames-de-rechange-step-bauer-lightspeed-2\\\/#primaryimage\"},\"thumbnailUrl\":\"https:\\\/\\\/xactskateshop.com\\\/wp-content\\\/uploads\\\/2024\\\/04\\\/step-speed-2.jpg\",\"datePublished\":\"2024-04-26T22:34:16+00:00\",\"description\":\"Lames Bauer lightspeed 2. La surface en acier inoxydable poli est soigneusement polie afin d'obtenir une finition miroir pour un tranchant plus net apr\u00e8s chaque aiguisage.\",\"breadcrumb\":{\"@id\":\"https:\\\/\\\/xactskateshop.com\\\/fr\\\/produit\\\/lames-de-rechange-step-bauer-lightspeed-2\\\/#breadcrumb\"},\"inLanguage\":\"fr-FR\",\"potentialAction\":[{\"@type\":\"ReadAction\",\"target\":[\"https:\\\/\\\/xactskateshop.com\\\/fr\\\/produit\\\/lames-de-rechange-step-bauer-lightspeed-2\\\/\"]}]},{\"@type\":\"ImageObject\",\"inLanguage\":\"fr-FR\",\"@id\":\"https:\\\/\\\/xactskateshop.com\\\/fr\\\/produit\\\/lames-de-rechange-step-bauer-lightspeed-2\\\/#primaryimage\",\"url\":\"https:\\\/\\\/xactskateshop.com\\\/wp-content\\\/uploads\\\/2024\\\/04\\\/step-speed-2.jpg\",\"contentUrl\":\"https:\\\/\\\/xactskateshop.com\\\/wp-content\\\/uploads\\\/2024\\\/04\\\/step-speed-2.jpg\",\"width\":1000,\"height\":1000,\"caption\":\"Lames Bauer lightspeed 2\"},{\"@type\":\"BreadcrumbList\",\"@id\":\"https:\\\/\\\/xactskateshop.com\\\/fr\\\/produit\\\/lames-de-rechange-step-bauer-lightspeed-2\\\/#breadcrumb\",\"itemListElement\":[{\"@type\":\"ListItem\",\"position\":1,\"name\":\"Home\",\"item\":\"https:\\\/\\\/xactskateshop.com\\\/fr\\\/accueil\\\/\"},{\"@type\":\"ListItem\",\"position\":2,\"name\":\"Boutique\",\"item\":\"https:\\\/\\\/xactskateshop.com\\\/shop\\\/\"},{\"@type\":\"ListItem\",\"position\":3,\"name\":\"Lames de rechange STEP BAUER lightspeed 2\"}]},{\"@type\":\"WebSite\",\"@id\":\"http:\\\/\\\/xactskateshop.com\\\/fr\\\/#website\",\"url\":\"http:\\\/\\\/xactskateshop.com\\\/fr\\\/\",\"name\":\"Xact Skate Shop\",\"description\":\"Un site utilisant WordPress\",\"publisher\":{\"@id\":\"http:\\\/\\\/xactskateshop.com\\\/fr\\\/#organization\"},\"potentialAction\":[{\"@type\":\"SearchAction\",\"target\":{\"@type\":\"EntryPoint\",\"urlTemplate\":\"http:\\\/\\\/xactskateshop.com\\\/fr\\\/?s={search_term_string}\"},\"query-input\":{\"@type\":\"PropertyValueSpecification\",\"valueRequired\":true,\"valueName\":\"search_term_string\"}}],\"inLanguage\":\"fr-FR\"},{\"@type\":\"Organization\",\"@id\":\"http:\\\/\\\/xactskateshop.com\\\/fr\\\/#organization\",\"name\":\"XACT Skate Shop\",\"url\":\"http:\\\/\\\/xactskateshop.com\\\/fr\\\/\",\"logo\":{\"@type\":\"ImageObject\",\"inLanguage\":\"fr-FR\",\"@id\":\"http:\\\/\\\/xactskateshop.com\\\/fr\\\/#\\\/schema\\\/logo\\\/image\\\/\",\"url\":\"http:\\\/\\\/xactskateshop.com\\\/wp-content\\\/uploads\\\/2024\\\/04\\\/xactskateshop-dot-com-avec-contour-noir-sans-fond-675x.jpg\",\"contentUrl\":\"http:\\\/\\\/xactskateshop.com\\\/wp-content\\\/uploads\\\/2024\\\/04\\\/xactskateshop-dot-com-avec-contour-noir-sans-fond-675x.jpg\",\"width\":675,\"height\":247,\"caption\":\"XACT Skate Shop\"},\"image\":{\"@id\":\"http:\\\/\\\/xactskateshop.com\\\/fr\\\/#\\\/schema\\\/logo\\\/image\\\/\"},\"sameAs\":[\"https:\\\/\\\/www.facebook.com\\\/JeanLouiskateshop\"]}]}<\/script>\n<!-- \/ Yoast SEO plugin. -->","yoast_head_json":{"title":"Lames Bauer lightspeed 2 - Xact Skate Shop","description":"Lames Bauer lightspeed 2. La surface en acier inoxydable poli est soigneusement polie afin d'obtenir une finition miroir pour un tranchant plus net apr\u00e8s chaque aiguisage.","robots":{"index":"index","follow":"follow","max-snippet":"max-snippet:-1","max-image-preview":"max-image-preview:large","max-video-preview":"max-video-preview:-1"},"canonical":"https:\/\/xactskateshop.com\/fr\/produit\/lames-de-rechange-step-bauer-lightspeed-2\/","og_locale":"fr_FR","og_type":"article","og_title":"Lames Bauer lightspeed 2 - Xact Skate Shop","og_description":"Lames Bauer lightspeed 2. La surface en acier inoxydable poli est soigneusement polie afin d'obtenir une finition miroir pour un tranchant plus net apr\u00e8s chaque aiguisage.","og_url":"https:\/\/xactskateshop.com\/fr\/produit\/lames-de-rechange-step-bauer-lightspeed-2\/","og_site_name":"Xact Skate Shop","article_publisher":"https:\/\/www.facebook.com\/JeanLouiskateshop","og_image":[{"width":1000,"height":1000,"url":"https:\/\/xactskateshop.com\/wp-content\/uploads\/2024\/04\/step-speed-2.jpg","type":"image\/jpeg"}],"twitter_card":"summary_large_image","twitter_misc":{"Dur\u00e9e de lecture estim\u00e9e":"1 minute"},"schema":{"@context":"https:\/\/schema.org","@graph":[{"@type":"WebPage","@id":"https:\/\/xactskateshop.com\/fr\/produit\/lames-de-rechange-step-bauer-lightspeed-2\/","url":"https:\/\/xactskateshop.com\/fr\/produit\/lames-de-rechange-step-bauer-lightspeed-2\/","name":"Lames Bauer lightspeed 2 - Xact Skate Shop","isPartOf":{"@id":"http:\/\/xactskateshop.com\/fr\/#website"},"primaryImageOfPage":{"@id":"https:\/\/xactskateshop.com\/fr\/produit\/lames-de-rechange-step-bauer-lightspeed-2\/#primaryimage"},"image":{"@id":"https:\/\/xactskateshop.com\/fr\/produit\/lames-de-rechange-step-bauer-lightspeed-2\/#primaryimage"},"thumbnailUrl":"https:\/\/xactskateshop.com\/wp-content\/uploads\/2024\/04\/step-speed-2.jpg","datePublished":"2024-04-26T22:34:16+00:00","description":"Lames Bauer lightspeed 2. La surface en acier inoxydable poli est soigneusement polie afin d'obtenir une finition miroir pour un tranchant plus net apr\u00e8s chaque aiguisage.","breadcrumb":{"@id":"https:\/\/xactskateshop.com\/fr\/produit\/lames-de-rechange-step-bauer-lightspeed-2\/#breadcrumb"},"inLanguage":"fr-FR","potentialAction":[{"@type":"ReadAction","target":["https:\/\/xactskateshop.com\/fr\/produit\/lames-de-rechange-step-bauer-lightspeed-2\/"]}]},{"@type":"ImageObject","inLanguage":"fr-FR","@id":"https:\/\/xactskateshop.com\/fr\/produit\/lames-de-rechange-step-bauer-lightspeed-2\/#primaryimage","url":"https:\/\/xactskateshop.com\/wp-content\/uploads\/2024\/04\/step-speed-2.jpg","contentUrl":"https:\/\/xactskateshop.com\/wp-content\/uploads\/2024\/04\/step-speed-2.jpg","width":1000,"height":1000,"caption":"Lames Bauer lightspeed 2"},{"@type":"BreadcrumbList","@id":"https:\/\/xactskateshop.com\/fr\/produit\/lames-de-rechange-step-bauer-lightspeed-2\/#breadcrumb","itemListElement":[{"@type":"ListItem","position":1,"name":"Home","item":"https:\/\/xactskateshop.com\/fr\/accueil\/"},{"@type":"ListItem","position":2,"name":"Boutique","item":"https:\/\/xactskateshop.com\/shop\/"},{"@type":"ListItem","position":3,"name":"Lames de rechange STEP BAUER lightspeed 2"}]},{"@type":"WebSite","@id":"http:\/\/xactskateshop.com\/fr\/#website","url":"http:\/\/xactskateshop.com\/fr\/","name":"Xact Skate Shop","description":"Un site utilisant WordPress","publisher":{"@id":"http:\/\/xactskateshop.com\/fr\/#organization"},"potentialAction":[{"@type":"SearchAction","target":{"@type":"EntryPoint","urlTemplate":"http:\/\/xactskateshop.com\/fr\/?s={search_term_string}"},"query-input":{"@type":"PropertyValueSpecification","valueRequired":true,"valueName":"search_term_string"}}],"inLanguage":"fr-FR"},{"@type":"Organization","@id":"http:\/\/xactskateshop.com\/fr\/#organization","name":"XACT Skate Shop","url":"http:\/\/xactskateshop.com\/fr\/","logo":{"@type":"ImageObject","inLanguage":"fr-FR","@id":"http:\/\/xactskateshop.com\/fr\/#\/schema\/logo\/image\/","url":"http:\/\/xactskateshop.com\/wp-content\/uploads\/2024\/04\/xactskateshop-dot-com-avec-contour-noir-sans-fond-675x.jpg","contentUrl":"http:\/\/xactskateshop.com\/wp-content\/uploads\/2024\/04\/xactskateshop-dot-com-avec-contour-noir-sans-fond-675x.jpg","width":675,"height":247,"caption":"XACT Skate Shop"},"image":{"@id":"http:\/\/xactskateshop.com\/fr\/#\/schema\/logo\/image\/"},"sameAs":["https:\/\/www.facebook.com\/JeanLouiskateshop"]}]}},"_links":{"self":[{"href":"https:\/\/xactskateshop.com\/fr\/wp-json\/wp\/v2\/product\/55530","targetHints":{"allow":["GET"]}}],"collection":[{"href":"https:\/\/xactskateshop.com\/fr\/wp-json\/wp\/v2\/product"}],"about":[{"href":"https:\/\/xactskateshop.com\/fr\/wp-json\/wp\/v2\/types\/product"}],"replies":[{"embeddable":true,"href":"https:\/\/xactskateshop.com\/fr\/wp-json\/wp\/v2\/comments?post=55530"}],"wp:featuredmedia":[{"embeddable":true,"href":"https:\/\/xactskateshop.com\/fr\/wp-json\/wp\/v2\/media\/42809"}],"wp:attachment":[{"href":"https:\/\/xactskateshop.com\/fr\/wp-json\/wp\/v2\/media?parent=55530"}],"wp:term":[{"taxonomy":"product_brand","embeddable":true,"href":"https:\/\/xactskateshop.com\/fr\/wp-json\/wp\/v2\/product_brand?post=55530"},{"taxonomy":"product_cat","embeddable":true,"href":"https:\/\/xactskateshop.com\/fr\/wp-json\/wp\/v2\/product_cat?post=55530"},{"taxonomy":"product_tag","embeddable":true,"href":"https:\/\/xactskateshop.com\/fr\/wp-json\/wp\/v2\/product_tag?post=55530"}],"curies":[{"name":"wp","href":"https:\/\/api.w.org\/{rel}","templated":true}]}}