{"id":55525,"date":"2024-08-14T16:17:58","date_gmt":"2024-08-14T20:17:58","guid":{"rendered":"http:\/\/xactskateshop.com\/product\/apogee-3-diamond-sharpening-stone-starter-kit-2\/"},"modified":"2025-12-30T17:20:35","modified_gmt":"2025-12-30T22:20:35","slug":"ensemble-de-pierre-d-aiguisage-de-depart-apogee-3","status":"publish","type":"product","link":"https:\/\/xactskateshop.com\/fr\/produit\/ensemble-de-pierre-d-aiguisage-de-depart-apogee-3\/","title":{"rendered":"Ensemble de d\u00e9marrage de pierres diamant\u00e9es 3&#8243; APOGEE"},"content":{"rendered":"<p>Pierre diamant\u00e9e large APOGEE<\/p>\n<p>Les surfaces d&#8217;aff\u00fbtage sont fix\u00e9es sur une plaque d&#8217;aluminium parfaitement plate pour offrir une qualit\u00e9 d&#8217;aff\u00fbtage exceptionnelle.<\/p>\n<p>OPTIONS :<\/p>\n<ul>\n<li>Avec 2 faces<\/li>\n<li>Diff\u00e9rents grains : 400 &#8211; 600<\/li>\n<li>Taille de la plaque : 11&#8243; x 3&#8243;<\/li>\n<li>Bandes diamant\u00e9es rempla\u00e7ables : 4&#8243; x 3&#8243;.<\/li>\n<\/ul>\n<p><strong><span style=\"color: #ff0000;\">Outil d&#8217;\u00e9bavurage inclus<\/span><\/strong><\/p>\n<div data-hveid=\"CAEQAQ\" data-ved=\"2ahUKEwj1h76R0aKJAxUTkIkEHcv9Oj4Qj7gIegQIARAB\">\n<div class=\"dnXCYb\" tabindex=\"0\" role=\"button\" aria-controls=\"_EfEXZ7W7N5OgptQPy_vr8QM_1\" aria-expanded=\"true\">\n<h5 class=\"JlqpRe\"><span class=\"JCzEY tNxQIb\"><span class=\"CSkcDe\">Pourquoi utiliser une pierre de diamant ?<\/span><\/span><\/h5>\n<div class=\"p8Jhnd\">\n<div class=\"aj35ze\">Les pierres diamant\u00e9es sont <b>les pierres d&#8217;aff\u00fbtage les plus rapides<\/b>. Cette rapidit\u00e9 est particuli\u00e8rement utile lorsque vous travaillez avec des grains grossiers et que vous risquez de passer plus de temps sur un tranchant \u00e9mouss\u00e9. Les pierres diamant\u00e9es sont extr\u00eamement plates et le restent pendant toute la dur\u00e9e de vie de la pierre.  <\/div>\n<\/div>\n<\/div>\n<\/div>\n<h5>Avantages et b\u00e9n\u00e9fices :<\/h5>\n<p><span tabindex=\"0\" role=\"tooltip\"><span class=\"c5aZPb\" tabindex=\"0\" role=\"button\" data-enable-toggle-animation=\"true\" data-extra-container-classes=\"ZLo7Eb\" data-hover-hide-delay=\"1000\" data-hover-open-delay=\"500\" data-send-open-event=\"true\" data-theme=\"0\" data-width=\"250\" data-ved=\"2ahUKEwim8czb0KKJAxX1G9AFHU8nNtEQmpgGegQIIxAD\"><span class=\"JPfdse\" data-bubble-link=\"\" data-segment-text=\"Diamond stones\">Les pierres \u00e0 aiguiser Apogee Diamond<\/span><\/span><\/span> sont <b>extr\u00eamement plates et le restent pendant toute la dur\u00e9e de vie de la pierre<\/b>. Ceci est extr\u00eamement utile pour l&#8217;aff\u00fbtage d&#8217;outils qui n\u00e9cessitent une pierre absolument plate. Les pierres diamant\u00e9es sont \u00e9galement les plus faciles \u00e0 entretenir, il suffit de les s\u00e9cher apr\u00e8s utilisation.  <\/p>\n<p><b>Si les pierres de diamant sont correctement entretenues, c&#8217;est-\u00e0-dire qu&#8217;elles sont maintenues propres et conserv\u00e9es au sec, elles peuvent durer longtemps.<\/b> Pour ceux qui utilisent les pierres quotidiennement et les entretiennent correctement, le diamant durera probablement des ann\u00e9es. Pour ceux qui les utilisent r\u00e9guli\u00e8rement, il est probable que la pierre dure tr\u00e8s longtemps..<\/p>\n<div data-hveid=\"CAIQAQ\" data-ved=\"2ahUKEwj1h76R0aKJAxUTkIkEHcv9Oj4Qj7gIegQIAhAB\">\n<div class=\"dnXCYb\" tabindex=\"0\" role=\"button\" aria-controls=\"_EfEXZ7W7N5OgptQPy_vr8QM_3\" aria-expanded=\"true\">\n<h5 class=\"JlqpRe\"><span class=\"JCzEY tNxQIb\"><span class=\"CSkcDe\">Quelle est la pierre \u00e0 aiguiser la plus agressive ?<\/span><\/span><\/h5>\n<div class=\"p8Jhnd\">\n<div class=\"aj35ze\">Les pierres <b>diamant\u00e9es<\/b> sont les pierres d&#8217;aff\u00fbtage les plus rapides et les plus agressives. Elles sont produites en liant des cristaux de diamant microscopiques \u00e0 des plaques d&#8217;acier plates, perfor\u00e9es ou solides. Les pierres diamant\u00e9es sont durables, s&#8217;aff\u00fbtent rapidement et conservent leur plan\u00e9it\u00e9 plus longtemps que les pierres \u00e0 eau et les pierres d&#8217;\u00e9tabli.  <\/div>\n<div><\/div>\n<\/div>\n<\/div>\n<\/div>\n<p>Voir d&#8217;autres formats de pierres <a href=\"http:\/\/xactskateshop.com\/product-category\/speed-skating\/blade-maintenance\/\">ici<\/a><\/p>\n<p>Pour en savoir plus sur Apogee <a href=\"https:\/\/apogee-sports.com\/pages\/nous-sommes-apogee\">, cliquez ici<\/a><\/p>\n","protected":false},"excerpt":{"rendered":"<hr>\n<p style=\"text-align: center;\">Les surfaces d&#8217;aff\u00fbtage sont fix\u00e9es sur une plaque d&#8217;aluminium parfaitement plate pour offrir une qualit\u00e9 d&#8217;aff\u00fbtage exceptionnelle.<\/p>\n<hr>\n<p>&nbsp;<\/p>\n","protected":false},"featured_media":43576,"comment_status":"open","ping_status":"closed","template":"","meta":{"site-sidebar-layout":"default","site-content-layout":"default","ast-site-content-layout":"default","site-content-style":"default","site-sidebar-style":"default","ast-global-header-display":"","ast-banner-title-visibility":"","ast-main-header-display":"","ast-hfb-above-header-display":"","ast-hfb-below-header-display":"","ast-hfb-mobile-header-display":"","site-post-title":"","ast-breadcrumbs-content":"","ast-featured-img":"","footer-sml-layout":"","theme-transparent-header-meta":"default","adv-header-id-meta":"","stick-header-meta":"","header-above-stick-meta":"","header-main-stick-meta":"","header-below-stick-meta":"","astra-migrate-meta-layouts":"set","ast-page-background-enabled":"default","ast-page-background-meta":{"desktop":{"background-color":"","background-image":"","background-repeat":"repeat","background-position":"center center","background-size":"auto","background-attachment":"scroll","background-type":"","background-media":"","overlay-type":"","overlay-color":"","overlay-opacity":"","overlay-gradient":""},"tablet":{"background-color":"","background-image":"","background-repeat":"repeat","background-position":"center center","background-size":"auto","background-attachment":"scroll","background-type":"","background-media":"","overlay-type":"","overlay-color":"","overlay-opacity":"","overlay-gradient":""},"mobile":{"background-color":"","background-image":"","background-repeat":"repeat","background-position":"center center","background-size":"auto","background-attachment":"scroll","background-type":"","background-media":"","overlay-type":"","overlay-color":"","overlay-opacity":"","overlay-gradient":""}},"ast-content-background-meta":{"desktop":{"background-color":"var(--ast-global-color-5)","background-image":"","background-repeat":"repeat","background-position":"center center","background-size":"auto","background-attachment":"scroll","background-type":"","background-media":"","overlay-type":"","overlay-color":"","overlay-opacity":"","overlay-gradient":""},"tablet":{"background-color":"var(--ast-global-color-5)","background-image":"","background-repeat":"repeat","background-position":"center center","background-size":"auto","background-attachment":"scroll","background-type":"","background-media":"","overlay-type":"","overlay-color":"","overlay-opacity":"","overlay-gradient":""},"mobile":{"background-color":"var(--ast-global-color-5)","background-image":"","background-repeat":"repeat","background-position":"center center","background-size":"auto","background-attachment":"scroll","background-type":"","background-media":"","overlay-type":"","overlay-color":"","overlay-opacity":"","overlay-gradient":""}}},"product_brand":[],"product_cat":[1500,1353],"product_tag":[1503,1356,1464],"class_list":{"0":"post-55525","1":"product","2":"type-product","3":"status-publish","4":"has-post-thumbnail","6":"product_cat-entretien-des-lames-fr","7":"product_cat-patinage-de-vitesse","8":"product_tag-affutage","9":"product_tag-courte-piste-fr","10":"product_tag-voie-longue","11":"desktop-align-center","12":"tablet-align-center","13":"mobile-align-center","14":"ast-product-gallery-layout-horizontal","15":"ast-product-tabs-layout-horizontal","16":"ast-qv-on-image","18":"first","19":"instock","20":"taxable","21":"shipping-taxable","22":"purchasable","23":"product-type-simple"},"bundled_by":[],"bundle_stock_status":"instock","bundle_stock_quantity":2,"bundle_virtual":false,"bundle_layout":"","bundle_add_to_cart_form_location":"","bundle_editable_in_cart":false,"bundle_sold_individually_context":"","bundle_item_grouping":"","bundle_min_size":"","bundle_max_size":"","bundle_price":[],"bundled_items":[],"bundle_sell_ids":[],"yoast_head":"<!-- This site is optimized with the Yoast SEO plugin v27.3 - https:\/\/yoast.com\/product\/yoast-seo-wordpress\/ -->\n<title>Apogee diamond stone wide - Xact Skate Shop<\/title>\n<meta name=\"description\" content=\"Pierre diamant\u00e9e Apogee large. Les surfaces d&#039;aff\u00fbtage sont fix\u00e9es sur une plaque d&#039;aluminium parfaitement plate pour offrir une qualit\u00e9 d&#039;aff\u00fbtage exceptionnelle.\" \/>\n<meta name=\"robots\" content=\"index, follow, max-snippet:-1, max-image-preview:large, max-video-preview:-1\" \/>\n<link rel=\"canonical\" href=\"https:\/\/xactskateshop.com\/fr\/produit\/ensemble-de-pierre-d-aiguisage-de-depart-apogee-3\/\" \/>\n<meta property=\"og:locale\" content=\"fr_FR\" \/>\n<meta property=\"og:type\" content=\"article\" \/>\n<meta property=\"og:title\" content=\"Apogee diamond stone wide - Xact Skate Shop\" \/>\n<meta property=\"og:description\" content=\"Pierre diamant\u00e9e Apogee large. Les surfaces d&#039;aff\u00fbtage sont fix\u00e9es sur une plaque d&#039;aluminium parfaitement plate pour offrir une qualit\u00e9 d&#039;aff\u00fbtage exceptionnelle.\" \/>\n<meta property=\"og:url\" content=\"https:\/\/xactskateshop.com\/fr\/produit\/ensemble-de-pierre-d-aiguisage-de-depart-apogee-3\/\" \/>\n<meta property=\"og:site_name\" content=\"Xact Skate Shop\" \/>\n<meta property=\"article:publisher\" content=\"https:\/\/www.facebook.com\/JeanLouiskateshop\" \/>\n<meta property=\"article:modified_time\" content=\"2025-12-30T22:20:35+00:00\" \/>\n<meta property=\"og:image\" content=\"https:\/\/xactskateshop.com\/wp-content\/uploads\/2024\/08\/ensemble-3-starter.jpg\" \/>\n\t<meta property=\"og:image:width\" content=\"1000\" \/>\n\t<meta property=\"og:image:height\" content=\"1000\" \/>\n\t<meta property=\"og:image:type\" content=\"image\/jpeg\" \/>\n<meta name=\"twitter:card\" content=\"summary_large_image\" \/>\n<meta name=\"twitter:label1\" content=\"Dur\u00e9e de lecture estim\u00e9e\" \/>\n\t<meta name=\"twitter:data1\" content=\"2 minutes\" \/>\n<script type=\"application\/ld+json\" class=\"yoast-schema-graph\">{\"@context\":\"https:\\\/\\\/schema.org\",\"@graph\":[{\"@type\":\"WebPage\",\"@id\":\"https:\\\/\\\/xactskateshop.com\\\/fr\\\/produit\\\/ensemble-de-pierre-d-aiguisage-de-depart-apogee-3\\\/\",\"url\":\"https:\\\/\\\/xactskateshop.com\\\/fr\\\/produit\\\/ensemble-de-pierre-d-aiguisage-de-depart-apogee-3\\\/\",\"name\":\"Apogee diamond stone wide - Xact Skate Shop\",\"isPartOf\":{\"@id\":\"http:\\\/\\\/xactskateshop.com\\\/fr\\\/#website\"},\"primaryImageOfPage\":{\"@id\":\"https:\\\/\\\/xactskateshop.com\\\/fr\\\/produit\\\/ensemble-de-pierre-d-aiguisage-de-depart-apogee-3\\\/#primaryimage\"},\"image\":{\"@id\":\"https:\\\/\\\/xactskateshop.com\\\/fr\\\/produit\\\/ensemble-de-pierre-d-aiguisage-de-depart-apogee-3\\\/#primaryimage\"},\"thumbnailUrl\":\"https:\\\/\\\/xactskateshop.com\\\/wp-content\\\/uploads\\\/2024\\\/08\\\/ensemble-3-starter.jpg\",\"datePublished\":\"2024-08-14T20:17:58+00:00\",\"dateModified\":\"2025-12-30T22:20:35+00:00\",\"description\":\"Pierre diamant\u00e9e Apogee large. Les surfaces d'aff\u00fbtage sont fix\u00e9es sur une plaque d'aluminium parfaitement plate pour offrir une qualit\u00e9 d'aff\u00fbtage exceptionnelle.\",\"breadcrumb\":{\"@id\":\"https:\\\/\\\/xactskateshop.com\\\/fr\\\/produit\\\/ensemble-de-pierre-d-aiguisage-de-depart-apogee-3\\\/#breadcrumb\"},\"inLanguage\":\"fr-FR\",\"potentialAction\":[{\"@type\":\"ReadAction\",\"target\":[\"https:\\\/\\\/xactskateshop.com\\\/fr\\\/produit\\\/ensemble-de-pierre-d-aiguisage-de-depart-apogee-3\\\/\"]}]},{\"@type\":\"ImageObject\",\"inLanguage\":\"fr-FR\",\"@id\":\"https:\\\/\\\/xactskateshop.com\\\/fr\\\/produit\\\/ensemble-de-pierre-d-aiguisage-de-depart-apogee-3\\\/#primaryimage\",\"url\":\"https:\\\/\\\/xactskateshop.com\\\/wp-content\\\/uploads\\\/2024\\\/08\\\/ensemble-3-starter.jpg\",\"contentUrl\":\"https:\\\/\\\/xactskateshop.com\\\/wp-content\\\/uploads\\\/2024\\\/08\\\/ensemble-3-starter.jpg\",\"width\":1000,\"height\":1000,\"caption\":\"Apog\u00e9e pierre diamant\u00e9e large\"},{\"@type\":\"BreadcrumbList\",\"@id\":\"https:\\\/\\\/xactskateshop.com\\\/fr\\\/produit\\\/ensemble-de-pierre-d-aiguisage-de-depart-apogee-3\\\/#breadcrumb\",\"itemListElement\":[{\"@type\":\"ListItem\",\"position\":1,\"name\":\"Home\",\"item\":\"https:\\\/\\\/xactskateshop.com\\\/fr\\\/accueil\\\/\"},{\"@type\":\"ListItem\",\"position\":2,\"name\":\"Boutique\",\"item\":\"https:\\\/\\\/xactskateshop.com\\\/shop\\\/\"},{\"@type\":\"ListItem\",\"position\":3,\"name\":\"Ensemble de d\u00e9marrage de pierres diamant\u00e9es 3&#8243; APOGEE\"}]},{\"@type\":\"WebSite\",\"@id\":\"http:\\\/\\\/xactskateshop.com\\\/fr\\\/#website\",\"url\":\"http:\\\/\\\/xactskateshop.com\\\/fr\\\/\",\"name\":\"Xact Skate Shop\",\"description\":\"Un site utilisant WordPress\",\"publisher\":{\"@id\":\"http:\\\/\\\/xactskateshop.com\\\/fr\\\/#organization\"},\"potentialAction\":[{\"@type\":\"SearchAction\",\"target\":{\"@type\":\"EntryPoint\",\"urlTemplate\":\"http:\\\/\\\/xactskateshop.com\\\/fr\\\/?s={search_term_string}\"},\"query-input\":{\"@type\":\"PropertyValueSpecification\",\"valueRequired\":true,\"valueName\":\"search_term_string\"}}],\"inLanguage\":\"fr-FR\"},{\"@type\":\"Organization\",\"@id\":\"http:\\\/\\\/xactskateshop.com\\\/fr\\\/#organization\",\"name\":\"XACT Skate Shop\",\"url\":\"http:\\\/\\\/xactskateshop.com\\\/fr\\\/\",\"logo\":{\"@type\":\"ImageObject\",\"inLanguage\":\"fr-FR\",\"@id\":\"http:\\\/\\\/xactskateshop.com\\\/fr\\\/#\\\/schema\\\/logo\\\/image\\\/\",\"url\":\"http:\\\/\\\/xactskateshop.com\\\/wp-content\\\/uploads\\\/2024\\\/04\\\/xactskateshop-dot-com-avec-contour-noir-sans-fond-675x.jpg\",\"contentUrl\":\"http:\\\/\\\/xactskateshop.com\\\/wp-content\\\/uploads\\\/2024\\\/04\\\/xactskateshop-dot-com-avec-contour-noir-sans-fond-675x.jpg\",\"width\":675,\"height\":247,\"caption\":\"XACT Skate Shop\"},\"image\":{\"@id\":\"http:\\\/\\\/xactskateshop.com\\\/fr\\\/#\\\/schema\\\/logo\\\/image\\\/\"},\"sameAs\":[\"https:\\\/\\\/www.facebook.com\\\/JeanLouiskateshop\"]}]}<\/script>\n<!-- \/ Yoast SEO plugin. -->","yoast_head_json":{"title":"Apogee diamond stone wide - Xact Skate Shop","description":"Pierre diamant\u00e9e Apogee large. Les surfaces d'aff\u00fbtage sont fix\u00e9es sur une plaque d'aluminium parfaitement plate pour offrir une qualit\u00e9 d'aff\u00fbtage exceptionnelle.","robots":{"index":"index","follow":"follow","max-snippet":"max-snippet:-1","max-image-preview":"max-image-preview:large","max-video-preview":"max-video-preview:-1"},"canonical":"https:\/\/xactskateshop.com\/fr\/produit\/ensemble-de-pierre-d-aiguisage-de-depart-apogee-3\/","og_locale":"fr_FR","og_type":"article","og_title":"Apogee diamond stone wide - Xact Skate Shop","og_description":"Pierre diamant\u00e9e Apogee large. Les surfaces d'aff\u00fbtage sont fix\u00e9es sur une plaque d'aluminium parfaitement plate pour offrir une qualit\u00e9 d'aff\u00fbtage exceptionnelle.","og_url":"https:\/\/xactskateshop.com\/fr\/produit\/ensemble-de-pierre-d-aiguisage-de-depart-apogee-3\/","og_site_name":"Xact Skate Shop","article_publisher":"https:\/\/www.facebook.com\/JeanLouiskateshop","article_modified_time":"2025-12-30T22:20:35+00:00","og_image":[{"width":1000,"height":1000,"url":"https:\/\/xactskateshop.com\/wp-content\/uploads\/2024\/08\/ensemble-3-starter.jpg","type":"image\/jpeg"}],"twitter_card":"summary_large_image","twitter_misc":{"Dur\u00e9e de lecture estim\u00e9e":"2 minutes"},"schema":{"@context":"https:\/\/schema.org","@graph":[{"@type":"WebPage","@id":"https:\/\/xactskateshop.com\/fr\/produit\/ensemble-de-pierre-d-aiguisage-de-depart-apogee-3\/","url":"https:\/\/xactskateshop.com\/fr\/produit\/ensemble-de-pierre-d-aiguisage-de-depart-apogee-3\/","name":"Apogee diamond stone wide - Xact Skate Shop","isPartOf":{"@id":"http:\/\/xactskateshop.com\/fr\/#website"},"primaryImageOfPage":{"@id":"https:\/\/xactskateshop.com\/fr\/produit\/ensemble-de-pierre-d-aiguisage-de-depart-apogee-3\/#primaryimage"},"image":{"@id":"https:\/\/xactskateshop.com\/fr\/produit\/ensemble-de-pierre-d-aiguisage-de-depart-apogee-3\/#primaryimage"},"thumbnailUrl":"https:\/\/xactskateshop.com\/wp-content\/uploads\/2024\/08\/ensemble-3-starter.jpg","datePublished":"2024-08-14T20:17:58+00:00","dateModified":"2025-12-30T22:20:35+00:00","description":"Pierre diamant\u00e9e Apogee large. Les surfaces d'aff\u00fbtage sont fix\u00e9es sur une plaque d'aluminium parfaitement plate pour offrir une qualit\u00e9 d'aff\u00fbtage exceptionnelle.","breadcrumb":{"@id":"https:\/\/xactskateshop.com\/fr\/produit\/ensemble-de-pierre-d-aiguisage-de-depart-apogee-3\/#breadcrumb"},"inLanguage":"fr-FR","potentialAction":[{"@type":"ReadAction","target":["https:\/\/xactskateshop.com\/fr\/produit\/ensemble-de-pierre-d-aiguisage-de-depart-apogee-3\/"]}]},{"@type":"ImageObject","inLanguage":"fr-FR","@id":"https:\/\/xactskateshop.com\/fr\/produit\/ensemble-de-pierre-d-aiguisage-de-depart-apogee-3\/#primaryimage","url":"https:\/\/xactskateshop.com\/wp-content\/uploads\/2024\/08\/ensemble-3-starter.jpg","contentUrl":"https:\/\/xactskateshop.com\/wp-content\/uploads\/2024\/08\/ensemble-3-starter.jpg","width":1000,"height":1000,"caption":"Apog\u00e9e pierre diamant\u00e9e large"},{"@type":"BreadcrumbList","@id":"https:\/\/xactskateshop.com\/fr\/produit\/ensemble-de-pierre-d-aiguisage-de-depart-apogee-3\/#breadcrumb","itemListElement":[{"@type":"ListItem","position":1,"name":"Home","item":"https:\/\/xactskateshop.com\/fr\/accueil\/"},{"@type":"ListItem","position":2,"name":"Boutique","item":"https:\/\/xactskateshop.com\/shop\/"},{"@type":"ListItem","position":3,"name":"Ensemble de d\u00e9marrage de pierres diamant\u00e9es 3&#8243; APOGEE"}]},{"@type":"WebSite","@id":"http:\/\/xactskateshop.com\/fr\/#website","url":"http:\/\/xactskateshop.com\/fr\/","name":"Xact Skate Shop","description":"Un site utilisant WordPress","publisher":{"@id":"http:\/\/xactskateshop.com\/fr\/#organization"},"potentialAction":[{"@type":"SearchAction","target":{"@type":"EntryPoint","urlTemplate":"http:\/\/xactskateshop.com\/fr\/?s={search_term_string}"},"query-input":{"@type":"PropertyValueSpecification","valueRequired":true,"valueName":"search_term_string"}}],"inLanguage":"fr-FR"},{"@type":"Organization","@id":"http:\/\/xactskateshop.com\/fr\/#organization","name":"XACT Skate Shop","url":"http:\/\/xactskateshop.com\/fr\/","logo":{"@type":"ImageObject","inLanguage":"fr-FR","@id":"http:\/\/xactskateshop.com\/fr\/#\/schema\/logo\/image\/","url":"http:\/\/xactskateshop.com\/wp-content\/uploads\/2024\/04\/xactskateshop-dot-com-avec-contour-noir-sans-fond-675x.jpg","contentUrl":"http:\/\/xactskateshop.com\/wp-content\/uploads\/2024\/04\/xactskateshop-dot-com-avec-contour-noir-sans-fond-675x.jpg","width":675,"height":247,"caption":"XACT Skate Shop"},"image":{"@id":"http:\/\/xactskateshop.com\/fr\/#\/schema\/logo\/image\/"},"sameAs":["https:\/\/www.facebook.com\/JeanLouiskateshop"]}]}},"_links":{"self":[{"href":"https:\/\/xactskateshop.com\/fr\/wp-json\/wp\/v2\/product\/55525","targetHints":{"allow":["GET"]}}],"collection":[{"href":"https:\/\/xactskateshop.com\/fr\/wp-json\/wp\/v2\/product"}],"about":[{"href":"https:\/\/xactskateshop.com\/fr\/wp-json\/wp\/v2\/types\/product"}],"replies":[{"embeddable":true,"href":"https:\/\/xactskateshop.com\/fr\/wp-json\/wp\/v2\/comments?post=55525"}],"wp:featuredmedia":[{"embeddable":true,"href":"https:\/\/xactskateshop.com\/fr\/wp-json\/wp\/v2\/media\/43576"}],"wp:attachment":[{"href":"https:\/\/xactskateshop.com\/fr\/wp-json\/wp\/v2\/media?parent=55525"}],"wp:term":[{"taxonomy":"product_brand","embeddable":true,"href":"https:\/\/xactskateshop.com\/fr\/wp-json\/wp\/v2\/product_brand?post=55525"},{"taxonomy":"product_cat","embeddable":true,"href":"https:\/\/xactskateshop.com\/fr\/wp-json\/wp\/v2\/product_cat?post=55525"},{"taxonomy":"product_tag","embeddable":true,"href":"https:\/\/xactskateshop.com\/fr\/wp-json\/wp\/v2\/product_tag?post=55525"}],"curies":[{"name":"wp","href":"https:\/\/api.w.org\/{rel}","templated":true}]}}