{"id":55442,"date":"2023-05-24T11:15:10","date_gmt":"2023-05-24T15:15:10","guid":{"rendered":"http:\/\/xactskateshop.com\/product\/bont-r-w-patriot-carbon-boa-evo-krypton-se-package-2\/"},"modified":"2026-03-18T14:31:25","modified_gmt":"2026-03-18T18:31:25","slug":"ensemble-bont-r-b-patriot-carbon-boa-evo-krypton-es","status":"publish","type":"product","link":"https:\/\/xactskateshop.com\/fr\/produit\/ensemble-bont-r-b-patriot-carbon-boa-evo-krypton-es\/","title":{"rendered":"Ensemble BONT Patriot Carbon R\/B BOA\/EVO Krypton ES"},"content":{"rendered":"<h2>Ensemble BONT Patriot Carbon Rouge\/Blanc BOA\/EVO Krypton Edition Sp\u00e9ciale<\/h2>\n<p>L&#8217;ensemble BONT R\/B Patriot Carbon BOA\/EVO Krypton ES est un prolongement naturel de votre corps. Plus rigide que la Patriot, l&#8217;ensemble BONT R\/B Patriot Carbon BOA\/EVO Krypton ES offre plus de soutien aux patineurs qui cherchent \u00e0 atteindre des vitesses plus \u00e9lev\u00e9es. Ajoutez une molette Boa pour ajuster le serrage de votre bottine entre les s\u00e9ries.<\/p>\n<h3><strong>Caract\u00e9ristiques de la Patriot Carbon<\/strong><\/h3>\n<ul>\n<li>R\u00e9sine \u00e9poxy<\/li>\n<li>Construction monocoque faite \u00e0 la main<\/li>\n<li>Languette thermoformable<\/li>\n<\/ul>\n<div>\n<h3><strong>Attributs des bottines<\/strong><\/h3>\n<div>\n<ul>\n<li><strong>Base :<\/strong> Base en composite de carbone pos\u00e9e \u00e0 la main<\/li>\n<li><strong>Couche ext\u00e9rieur :<\/strong> Microfibre \/ microfibre mat<\/li>\n<li><strong>Doublure :<\/strong> Microfibre<\/li>\n<li><strong>Semelle int\u00e9rieure :<\/strong> Cuir<\/li>\n<li><strong>Thermomoulable :<\/strong> Base enti\u00e8rement thermomoulable utilisant une r\u00e9sine \u00e9poxy thermodurcissable.<\/li>\n<li><strong>Rembourrage :<\/strong> Mousse m\u00e9moire haute densit\u00e9<\/li>\n<li><strong>Options de fermeture<\/strong>: Cadran BOA, cache-lacet et deux sangles velcro<\/li>\n<li><strong>Options d\u2019ajustement :<\/strong>\u00a0Standard, \u00c9troit (+80$), Large (+80$)<strong>\u00a0(les options \u00c9troit ou Large peuvent prendre jusqu\u2019\u00e0 4-6 semaines pour \u00eatre livr\u00e9es. Factur\u00e9 s\u00e9par\u00e9ment)<\/strong><\/li>\n<li><strong>Monture : <\/strong>165mm<\/li>\n<\/ul>\n<p>L&#8217;ensemble BONT Patriot Carbon<span style=\"font-size: 16px; font-style: normal; font-weight: 400;\">\u00a0<\/span><span style=\"font-size: 16px; font-style: normal; font-weight: 400;\">R\/B<\/span><span style=\"font-size: 16px;\">\u00a0BOA\/EVO Krypton ES comporte la lame Krypton Sp\u00e9cial Edition<\/span><\/p>\n<h3>Caract\u00e9ristiques de la lame<\/h3>\n<\/div>\n<\/div>\n<ul>\n<li>Lames Krypton EDITION SP\u00c9CIALE con\u00e7ue au Canada !<\/li>\n<li>Con\u00e7ue comme une lame agile, r\u00e9active et durable<\/li>\n<li>Un produit de grande valeur offrant une excellente qualit\u00e9 \u00e0 un prix plus abordable<\/li>\n<li>Technologie du tube Krypton mise en \u0153uvre dans le mod\u00e8le 12C27<\/li>\n<li>Le 12C27 est un acier durable, qui conserve un tranchant et une qualit\u00e9 d&#8217;ar\u00eate excellents.<\/li>\n<li>Le 12C27 est fabriqu\u00e9 selon les m\u00eames sp\u00e9cifications et tol\u00e9rances que nos patins PM et bi-m\u00e9tal.<\/li>\n<li>Con\u00e7u au Canada et fabriqu\u00e9 en Hollande<\/li>\n<li>Aluminium et acier 12C27 de premi\u00e8re qualit\u00e9 d&#8217;origine n\u00e9erlandaise<\/li>\n<li>Le syst\u00e8me de potences innovant d&#8217;Evo offre une interface de montage solide avec une mise en place et un r\u00e9glage simples et efficaces.<\/li>\n<li>Des potences plus hautes de 5 mm sont \u00e9galement disponibles sur demande sp\u00e9ciale.<\/li>\n<li>Courbure : Courb\u00e9e \u00e0 la machine<\/li>\n<\/ul>\n<p><strong><em>LA LONGUEUR DE LA LAME PEUT \u00caTRE MODIFI\u00c9E, VEUILLEZ PR\u00c9CISER LA LONGUEUR SOUHAIT\u00c9E DANS LA CASE COMMENTAIRE LORS DE VOTRE COMMANDE.<\/em><\/strong><\/p>\n<h3><strong>L&#8217;avantage Boa<\/strong><\/h3>\n<ul>\n<li>Ajustement semblable \u00e0 celui d&#8217;un gant,<\/li>\n<li>Le syst\u00e8me de fermeture Boa offre un confort personnalis\u00e9 avec une fermeture r\u00e9guli\u00e8re et sans points de pression,<\/li>\n<li>\u00c0 la vol\u00e9e,<\/li>\n<li>R\u00e9glez-le facilement d&#8217;une seule main en tournant rapidement la molette Boa. Plus besoin de s&#8217;agenouiller sur la glace mouill\u00e9e,<\/li>\n<li>Fermeture puissante,<\/li>\n<li>Une fois verrouill\u00e9s, les enrouleurs et les lacets Boa restent en place. Les lacets de skate normaux s&#8217;\u00e9tirent de 7 \u00e0 10 %, ce qui explique pourquoi vous devez resserrer vos lacets,<\/li>\n<li>Durable,<\/li>\n<li>Fabriqu\u00e9s en acier inoxydable de qualit\u00e9 a\u00e9ronautique, les lacets Boa sont plus r\u00e9sistants au gramme qu&#8217;un blindage de char d&#8217;assaut,<\/li>\n<li>Micro-ajustement,<\/li>\n<li>Les molettes Boa offrent des possibilit\u00e9s de r\u00e9glage infinies,<\/li>\n<li>L\u00e9ger,<\/li>\n<li>Les fermetures Boa \u00e9vacuent l&#8217;eau et la glace, ce qui permet de gagner un poids pr\u00e9cieux,<\/li>\n<li>Rapide,<\/li>\n<li>Rapidement enfil\u00e9. Rapidement retir\u00e9. Le Boa vous permet de gagner du temps pour chausser vos patins,<\/li>\n<li>Rempla\u00e7able,<\/li>\n<li>Garantie \u00e0 vie si, dans de rares cas, il est endommag\u00e9.<\/li>\n<\/ul>\n<p><strong><em>LA LONGUEUR DE LA LAME PEUT \u00caTRE MODIFI\u00c9E, VEUILLEZ PR\u00c9CISER LA LONGUEUR SOUHAIT\u00c9E DANS LA CASE COMMENTAIRE LORS DE VOTRE COMMANDE.<\/em><\/strong><\/p>\n<h6><span style=\"color: #ff0000;\">Pr\u00e9paration des lames : Nous r\u00e9alisons un berceau progressif ST-3 sur ces lames.<\/span><span style=\"color: #0000ff;\"> <a style=\"color: #0000ff;\" href=\"https:\/\/xactskateshop.com\/fr\/produit\/berceau-sur-lame-de-courte-piste\/\">(voir les chiffres ici)<\/a> <\/span><span style=\"color: #ff0000;\">ainsi que la courbure correspondante<\/span><\/h6>\n<p>&nbsp;<\/p>\n<p><strong>TROUVEZ VOTRE TAILLE <a href=\"https:\/\/canada.bont.com\/pages\/sizing\">ici<\/a><\/strong><\/p>\n","protected":false},"excerpt":{"rendered":"<p>&nbsp;<\/p>\n<hr \/>\n<h5 style=\"text-align: center;\"><span style=\"color: #ff0000;\"><strong>*** veuillez nous contacter \u00e0 l&#8217;adresse info@xactskateshop.com pour conna\u00eetre la disponibilit\u00e9 des tailles\/couleurs avant de passer commande***.<\/strong><\/span><\/h5>\n<p>&nbsp;<\/p>\n<hr \/>\n<p>&nbsp;<\/p>\n","protected":false},"featured_media":30169,"comment_status":"open","ping_status":"closed","template":"","meta":{"site-sidebar-layout":"default","site-content-layout":"default","ast-site-content-layout":"default","site-content-style":"default","site-sidebar-style":"default","ast-global-header-display":"","ast-banner-title-visibility":"","ast-main-header-display":"","ast-hfb-above-header-display":"","ast-hfb-below-header-display":"","ast-hfb-mobile-header-display":"","site-post-title":"","ast-breadcrumbs-content":"","ast-featured-img":"","footer-sml-layout":"","theme-transparent-header-meta":"default","adv-header-id-meta":"","stick-header-meta":"","header-above-stick-meta":"","header-main-stick-meta":"","header-below-stick-meta":"","astra-migrate-meta-layouts":"set","ast-page-background-enabled":"default","ast-page-background-meta":{"desktop":{"background-color":"","background-image":"","background-repeat":"repeat","background-position":"center center","background-size":"auto","background-attachment":"scroll","background-type":"","background-media":"","overlay-type":"","overlay-color":"","overlay-opacity":"","overlay-gradient":""},"tablet":{"background-color":"","background-image":"","background-repeat":"repeat","background-position":"center center","background-size":"auto","background-attachment":"scroll","background-type":"","background-media":"","overlay-type":"","overlay-color":"","overlay-opacity":"","overlay-gradient":""},"mobile":{"background-color":"","background-image":"","background-repeat":"repeat","background-position":"center center","background-size":"auto","background-attachment":"scroll","background-type":"","background-media":"","overlay-type":"","overlay-color":"","overlay-opacity":"","overlay-gradient":""}},"ast-content-background-meta":{"desktop":{"background-color":"var(--ast-global-color-5)","background-image":"","background-repeat":"repeat","background-position":"center center","background-size":"auto","background-attachment":"scroll","background-type":"","background-media":"","overlay-type":"","overlay-color":"","overlay-opacity":"","overlay-gradient":""},"tablet":{"background-color":"var(--ast-global-color-5)","background-image":"","background-repeat":"repeat","background-position":"center center","background-size":"auto","background-attachment":"scroll","background-type":"","background-media":"","overlay-type":"","overlay-color":"","overlay-opacity":"","overlay-gradient":""},"mobile":{"background-color":"var(--ast-global-color-5)","background-image":"","background-repeat":"repeat","background-position":"center center","background-size":"auto","background-attachment":"scroll","background-type":"","background-media":"","overlay-type":"","overlay-color":"","overlay-opacity":"","overlay-gradient":""}}},"product_brand":[],"product_cat":[1354,1355,1353],"product_tag":[1391,1390,1445,1356,2363,1997,2440,1387,2009,2441,1392],"class_list":{"0":"post-55442","1":"product","2":"type-product","3":"status-publish","4":"has-post-thumbnail","6":"product_cat-courte-piste","7":"product_cat-ensembles-bottines-et-lames-courte-piste","8":"product_cat-patinage-de-vitesse","9":"product_tag-botte-en-carbone","10":"product_tag-bottes-bont","11":"product_tag-cadran-boa","12":"product_tag-courte-piste-fr","13":"product_tag-lames-de-krypton","14":"product_tag-lames-evo","15":"product_tag-paquet-boot-and-blade-bottes-et-lames","16":"product_tag-paquet-bont","17":"product_tag-paquet-de-st","18":"product_tag-patinage-de-vitesse-fr","19":"product_tag-thermo-moulable","20":"desktop-align-center","21":"tablet-align-center","22":"mobile-align-center","23":"ast-product-gallery-layout-horizontal","24":"ast-product-single-variable","25":"ast-product-tabs-layout-horizontal","26":"ast-qv-on-image","28":"first","29":"instock","30":"sale","31":"taxable","32":"shipping-taxable","33":"purchasable","34":"product-type-variable"},"bundled_by":[],"bundle_stock_status":"instock","bundle_stock_quantity":null,"bundle_virtual":false,"bundle_layout":"","bundle_add_to_cart_form_location":"","bundle_editable_in_cart":false,"bundle_sold_individually_context":"","bundle_item_grouping":"","bundle_min_size":"","bundle_max_size":"","bundle_price":[],"bundled_items":[],"bundle_sell_ids":[],"yoast_head":"<!-- This site is optimized with the Yoast SEO plugin v27.4 - https:\/\/yoast.com\/product\/yoast-seo-wordpress\/ -->\n<title>Ensemble BONT Patriot Carbon R\/B BOA\/EVO Krypton ES - Xact Skate Shop<\/title>\n<meta name=\"description\" content=\"BONT R\/B Patriot Carbon BOA\/EVO Krypton ES. Plus rigide que le Patriot, le Patriot Carbon Boa offre plus de soutien. L&#039;ajustement \u00e0 la vol\u00e9e !\" \/>\n<meta name=\"robots\" content=\"index, follow, max-snippet:-1, max-image-preview:large, max-video-preview:-1\" \/>\n<link rel=\"canonical\" href=\"https:\/\/xactskateshop.com\/fr\/produit\/ensemble-bont-r-b-patriot-carbon-boa-evo-krypton-es\/\" \/>\n<meta property=\"og:locale\" content=\"fr_FR\" \/>\n<meta property=\"og:type\" content=\"article\" \/>\n<meta property=\"og:title\" content=\"Ensemble BONT Patriot Carbon R\/B BOA\/EVO Krypton ES - Xact Skate Shop\" \/>\n<meta property=\"og:description\" content=\"BONT R\/B Patriot Carbon BOA\/EVO Krypton ES. Plus rigide que le Patriot, le Patriot Carbon Boa offre plus de soutien. L&#039;ajustement \u00e0 la vol\u00e9e !\" \/>\n<meta property=\"og:url\" content=\"https:\/\/xactskateshop.com\/fr\/produit\/ensemble-bont-r-b-patriot-carbon-boa-evo-krypton-es\/\" \/>\n<meta property=\"og:site_name\" content=\"Xact Skate Shop\" \/>\n<meta property=\"article:publisher\" content=\"https:\/\/www.facebook.com\/JeanLouiskateshop\" \/>\n<meta property=\"article:modified_time\" content=\"2026-03-18T18:31:25+00:00\" \/>\n<meta property=\"og:image\" content=\"https:\/\/xactskateshop.com\/wp-content\/uploads\/2023\/05\/Patriot-Carbon-boa-krypton-SE-white.jpg\" \/>\n\t<meta property=\"og:image:width\" content=\"1000\" \/>\n\t<meta property=\"og:image:height\" content=\"1000\" \/>\n\t<meta property=\"og:image:type\" content=\"image\/jpeg\" \/>\n<meta name=\"twitter:card\" content=\"summary_large_image\" \/>\n<meta name=\"twitter:label1\" content=\"Dur\u00e9e de lecture estim\u00e9e\" \/>\n\t<meta name=\"twitter:data1\" content=\"3 minutes\" \/>\n<script type=\"application\/ld+json\" class=\"yoast-schema-graph\">{\"@context\":\"https:\\\/\\\/schema.org\",\"@graph\":[{\"@type\":\"WebPage\",\"@id\":\"https:\\\/\\\/xactskateshop.com\\\/fr\\\/produit\\\/ensemble-bont-r-b-patriot-carbon-boa-evo-krypton-es\\\/\",\"url\":\"https:\\\/\\\/xactskateshop.com\\\/fr\\\/produit\\\/ensemble-bont-r-b-patriot-carbon-boa-evo-krypton-es\\\/\",\"name\":\"Ensemble BONT Patriot Carbon R\\\/B BOA\\\/EVO Krypton ES - Xact Skate Shop\",\"isPartOf\":{\"@id\":\"http:\\\/\\\/xactskateshop.com\\\/fr\\\/#website\"},\"primaryImageOfPage\":{\"@id\":\"https:\\\/\\\/xactskateshop.com\\\/fr\\\/produit\\\/ensemble-bont-r-b-patriot-carbon-boa-evo-krypton-es\\\/#primaryimage\"},\"image\":{\"@id\":\"https:\\\/\\\/xactskateshop.com\\\/fr\\\/produit\\\/ensemble-bont-r-b-patriot-carbon-boa-evo-krypton-es\\\/#primaryimage\"},\"thumbnailUrl\":\"https:\\\/\\\/xactskateshop.com\\\/wp-content\\\/uploads\\\/2023\\\/05\\\/Patriot-Carbon-boa-krypton-SE-white.jpg\",\"datePublished\":\"2023-05-24T15:15:10+00:00\",\"dateModified\":\"2026-03-18T18:31:25+00:00\",\"description\":\"BONT R\\\/B Patriot Carbon BOA\\\/EVO Krypton ES. Plus rigide que le Patriot, le Patriot Carbon Boa offre plus de soutien. L'ajustement \u00e0 la vol\u00e9e !\",\"breadcrumb\":{\"@id\":\"https:\\\/\\\/xactskateshop.com\\\/fr\\\/produit\\\/ensemble-bont-r-b-patriot-carbon-boa-evo-krypton-es\\\/#breadcrumb\"},\"inLanguage\":\"fr-FR\",\"potentialAction\":[{\"@type\":\"ReadAction\",\"target\":[\"https:\\\/\\\/xactskateshop.com\\\/fr\\\/produit\\\/ensemble-bont-r-b-patriot-carbon-boa-evo-krypton-es\\\/\"]}]},{\"@type\":\"ImageObject\",\"inLanguage\":\"fr-FR\",\"@id\":\"https:\\\/\\\/xactskateshop.com\\\/fr\\\/produit\\\/ensemble-bont-r-b-patriot-carbon-boa-evo-krypton-es\\\/#primaryimage\",\"url\":\"https:\\\/\\\/xactskateshop.com\\\/wp-content\\\/uploads\\\/2023\\\/05\\\/Patriot-Carbon-boa-krypton-SE-white.jpg\",\"contentUrl\":\"https:\\\/\\\/xactskateshop.com\\\/wp-content\\\/uploads\\\/2023\\\/05\\\/Patriot-Carbon-boa-krypton-SE-white.jpg\",\"width\":1000,\"height\":1000,\"caption\":\"L'ensemble BONT R\\\/B Patriot Carbon BOA\\\/EVO Krypton SE\"},{\"@type\":\"BreadcrumbList\",\"@id\":\"https:\\\/\\\/xactskateshop.com\\\/fr\\\/produit\\\/ensemble-bont-r-b-patriot-carbon-boa-evo-krypton-es\\\/#breadcrumb\",\"itemListElement\":[{\"@type\":\"ListItem\",\"position\":1,\"name\":\"Home\",\"item\":\"https:\\\/\\\/xactskateshop.com\\\/fr\\\/accueil\\\/\"},{\"@type\":\"ListItem\",\"position\":2,\"name\":\"Boutique\",\"item\":\"https:\\\/\\\/xactskateshop.com\\\/shop\\\/\"},{\"@type\":\"ListItem\",\"position\":3,\"name\":\"Ensemble BONT Patriot Carbon R\\\/B BOA\\\/EVO Krypton ES\"}]},{\"@type\":\"WebSite\",\"@id\":\"http:\\\/\\\/xactskateshop.com\\\/fr\\\/#website\",\"url\":\"http:\\\/\\\/xactskateshop.com\\\/fr\\\/\",\"name\":\"Xact Skate Shop\",\"description\":\"Un site utilisant WordPress\",\"publisher\":{\"@id\":\"http:\\\/\\\/xactskateshop.com\\\/fr\\\/#organization\"},\"potentialAction\":[{\"@type\":\"SearchAction\",\"target\":{\"@type\":\"EntryPoint\",\"urlTemplate\":\"http:\\\/\\\/xactskateshop.com\\\/fr\\\/?s={search_term_string}\"},\"query-input\":{\"@type\":\"PropertyValueSpecification\",\"valueRequired\":true,\"valueName\":\"search_term_string\"}}],\"inLanguage\":\"fr-FR\"},{\"@type\":\"Organization\",\"@id\":\"http:\\\/\\\/xactskateshop.com\\\/fr\\\/#organization\",\"name\":\"XACT Skate Shop\",\"url\":\"http:\\\/\\\/xactskateshop.com\\\/fr\\\/\",\"logo\":{\"@type\":\"ImageObject\",\"inLanguage\":\"fr-FR\",\"@id\":\"http:\\\/\\\/xactskateshop.com\\\/fr\\\/#\\\/schema\\\/logo\\\/image\\\/\",\"url\":\"http:\\\/\\\/xactskateshop.com\\\/wp-content\\\/uploads\\\/2024\\\/04\\\/xactskateshop-dot-com-avec-contour-noir-sans-fond-675x.jpg\",\"contentUrl\":\"http:\\\/\\\/xactskateshop.com\\\/wp-content\\\/uploads\\\/2024\\\/04\\\/xactskateshop-dot-com-avec-contour-noir-sans-fond-675x.jpg\",\"width\":675,\"height\":247,\"caption\":\"XACT Skate Shop\"},\"image\":{\"@id\":\"http:\\\/\\\/xactskateshop.com\\\/fr\\\/#\\\/schema\\\/logo\\\/image\\\/\"},\"sameAs\":[\"https:\\\/\\\/www.facebook.com\\\/JeanLouiskateshop\"]}]}<\/script>\n<!-- \/ Yoast SEO plugin. -->","yoast_head_json":{"title":"Ensemble BONT Patriot Carbon R\/B BOA\/EVO Krypton ES - Xact Skate Shop","description":"BONT R\/B Patriot Carbon BOA\/EVO Krypton ES. Plus rigide que le Patriot, le Patriot Carbon Boa offre plus de soutien. L'ajustement \u00e0 la vol\u00e9e !","robots":{"index":"index","follow":"follow","max-snippet":"max-snippet:-1","max-image-preview":"max-image-preview:large","max-video-preview":"max-video-preview:-1"},"canonical":"https:\/\/xactskateshop.com\/fr\/produit\/ensemble-bont-r-b-patriot-carbon-boa-evo-krypton-es\/","og_locale":"fr_FR","og_type":"article","og_title":"Ensemble BONT Patriot Carbon R\/B BOA\/EVO Krypton ES - Xact Skate Shop","og_description":"BONT R\/B Patriot Carbon BOA\/EVO Krypton ES. Plus rigide que le Patriot, le Patriot Carbon Boa offre plus de soutien. L'ajustement \u00e0 la vol\u00e9e !","og_url":"https:\/\/xactskateshop.com\/fr\/produit\/ensemble-bont-r-b-patriot-carbon-boa-evo-krypton-es\/","og_site_name":"Xact Skate Shop","article_publisher":"https:\/\/www.facebook.com\/JeanLouiskateshop","article_modified_time":"2026-03-18T18:31:25+00:00","og_image":[{"width":1000,"height":1000,"url":"https:\/\/xactskateshop.com\/wp-content\/uploads\/2023\/05\/Patriot-Carbon-boa-krypton-SE-white.jpg","type":"image\/jpeg"}],"twitter_card":"summary_large_image","twitter_misc":{"Dur\u00e9e de lecture estim\u00e9e":"3 minutes"},"schema":{"@context":"https:\/\/schema.org","@graph":[{"@type":"WebPage","@id":"https:\/\/xactskateshop.com\/fr\/produit\/ensemble-bont-r-b-patriot-carbon-boa-evo-krypton-es\/","url":"https:\/\/xactskateshop.com\/fr\/produit\/ensemble-bont-r-b-patriot-carbon-boa-evo-krypton-es\/","name":"Ensemble BONT Patriot Carbon R\/B BOA\/EVO Krypton ES - Xact Skate Shop","isPartOf":{"@id":"http:\/\/xactskateshop.com\/fr\/#website"},"primaryImageOfPage":{"@id":"https:\/\/xactskateshop.com\/fr\/produit\/ensemble-bont-r-b-patriot-carbon-boa-evo-krypton-es\/#primaryimage"},"image":{"@id":"https:\/\/xactskateshop.com\/fr\/produit\/ensemble-bont-r-b-patriot-carbon-boa-evo-krypton-es\/#primaryimage"},"thumbnailUrl":"https:\/\/xactskateshop.com\/wp-content\/uploads\/2023\/05\/Patriot-Carbon-boa-krypton-SE-white.jpg","datePublished":"2023-05-24T15:15:10+00:00","dateModified":"2026-03-18T18:31:25+00:00","description":"BONT R\/B Patriot Carbon BOA\/EVO Krypton ES. Plus rigide que le Patriot, le Patriot Carbon Boa offre plus de soutien. L'ajustement \u00e0 la vol\u00e9e !","breadcrumb":{"@id":"https:\/\/xactskateshop.com\/fr\/produit\/ensemble-bont-r-b-patriot-carbon-boa-evo-krypton-es\/#breadcrumb"},"inLanguage":"fr-FR","potentialAction":[{"@type":"ReadAction","target":["https:\/\/xactskateshop.com\/fr\/produit\/ensemble-bont-r-b-patriot-carbon-boa-evo-krypton-es\/"]}]},{"@type":"ImageObject","inLanguage":"fr-FR","@id":"https:\/\/xactskateshop.com\/fr\/produit\/ensemble-bont-r-b-patriot-carbon-boa-evo-krypton-es\/#primaryimage","url":"https:\/\/xactskateshop.com\/wp-content\/uploads\/2023\/05\/Patriot-Carbon-boa-krypton-SE-white.jpg","contentUrl":"https:\/\/xactskateshop.com\/wp-content\/uploads\/2023\/05\/Patriot-Carbon-boa-krypton-SE-white.jpg","width":1000,"height":1000,"caption":"L'ensemble BONT R\/B Patriot Carbon BOA\/EVO Krypton SE"},{"@type":"BreadcrumbList","@id":"https:\/\/xactskateshop.com\/fr\/produit\/ensemble-bont-r-b-patriot-carbon-boa-evo-krypton-es\/#breadcrumb","itemListElement":[{"@type":"ListItem","position":1,"name":"Home","item":"https:\/\/xactskateshop.com\/fr\/accueil\/"},{"@type":"ListItem","position":2,"name":"Boutique","item":"https:\/\/xactskateshop.com\/shop\/"},{"@type":"ListItem","position":3,"name":"Ensemble BONT Patriot Carbon R\/B BOA\/EVO Krypton ES"}]},{"@type":"WebSite","@id":"http:\/\/xactskateshop.com\/fr\/#website","url":"http:\/\/xactskateshop.com\/fr\/","name":"Xact Skate Shop","description":"Un site utilisant WordPress","publisher":{"@id":"http:\/\/xactskateshop.com\/fr\/#organization"},"potentialAction":[{"@type":"SearchAction","target":{"@type":"EntryPoint","urlTemplate":"http:\/\/xactskateshop.com\/fr\/?s={search_term_string}"},"query-input":{"@type":"PropertyValueSpecification","valueRequired":true,"valueName":"search_term_string"}}],"inLanguage":"fr-FR"},{"@type":"Organization","@id":"http:\/\/xactskateshop.com\/fr\/#organization","name":"XACT Skate Shop","url":"http:\/\/xactskateshop.com\/fr\/","logo":{"@type":"ImageObject","inLanguage":"fr-FR","@id":"http:\/\/xactskateshop.com\/fr\/#\/schema\/logo\/image\/","url":"http:\/\/xactskateshop.com\/wp-content\/uploads\/2024\/04\/xactskateshop-dot-com-avec-contour-noir-sans-fond-675x.jpg","contentUrl":"http:\/\/xactskateshop.com\/wp-content\/uploads\/2024\/04\/xactskateshop-dot-com-avec-contour-noir-sans-fond-675x.jpg","width":675,"height":247,"caption":"XACT Skate Shop"},"image":{"@id":"http:\/\/xactskateshop.com\/fr\/#\/schema\/logo\/image\/"},"sameAs":["https:\/\/www.facebook.com\/JeanLouiskateshop"]}]}},"_links":{"self":[{"href":"https:\/\/xactskateshop.com\/fr\/wp-json\/wp\/v2\/product\/55442","targetHints":{"allow":["GET"]}}],"collection":[{"href":"https:\/\/xactskateshop.com\/fr\/wp-json\/wp\/v2\/product"}],"about":[{"href":"https:\/\/xactskateshop.com\/fr\/wp-json\/wp\/v2\/types\/product"}],"replies":[{"embeddable":true,"href":"https:\/\/xactskateshop.com\/fr\/wp-json\/wp\/v2\/comments?post=55442"}],"wp:featuredmedia":[{"embeddable":true,"href":"https:\/\/xactskateshop.com\/fr\/wp-json\/wp\/v2\/media\/30169"}],"wp:attachment":[{"href":"https:\/\/xactskateshop.com\/fr\/wp-json\/wp\/v2\/media?parent=55442"}],"wp:term":[{"taxonomy":"product_brand","embeddable":true,"href":"https:\/\/xactskateshop.com\/fr\/wp-json\/wp\/v2\/product_brand?post=55442"},{"taxonomy":"product_cat","embeddable":true,"href":"https:\/\/xactskateshop.com\/fr\/wp-json\/wp\/v2\/product_cat?post=55442"},{"taxonomy":"product_tag","embeddable":true,"href":"https:\/\/xactskateshop.com\/fr\/wp-json\/wp\/v2\/product_tag?post=55442"}],"curies":[{"name":"wp","href":"https:\/\/api.w.org\/{rel}","templated":true}]}}