{"id":55399,"date":"2023-08-16T16:03:14","date_gmt":"2023-08-16T20:03:14","guid":{"rendered":"http:\/\/xactskateshop.com\/product\/gants-de-patinage-x-series-extreme\/"},"modified":"2025-10-29T09:48:40","modified_gmt":"2025-10-29T13:48:40","slug":"gants-de-patinage-x-series-extreme-2","status":"publish","type":"product","link":"https:\/\/xactskateshop.com\/fr\/produit\/gants-de-patinage-x-series-extreme-2\/","title":{"rendered":"Gants de patinage X-Series Extreme"},"content":{"rendered":"<div id=\"product-content\" class=\"product-content general-content content-col mobile-popup\" data-popup=\"product-content\">\n<div class=\"popup-inner\">\n<div id=\"product-content\" class=\"product-content general-content content-col mobile-popup\" data-popup=\"product-content\">\n<p>Gants X-Series Extreme blancs<\/p>\n<p>Le gant le plus confortable et le plus r\u00e9sistant aux coupures. Ce gant offre plus de chaleur et est de niveau de coupe 4. <\/p>\n<p>Ils sont disponibles en 2 versions : blanc\/noir et blanc\/blanc.<\/p>\n<p>&#8211; Elles sont fabriqu\u00e9es en cuir synth\u00e9tique et en micro-maille.<\/p>\n<p>&#8211; Le mat\u00e9riau anti-lac\u00e9ration Spectra est de r\u00e9sistance aux coupures niveau 4.<\/p>\n<p>Voir d&#8217;autres mod\u00e8les <a href=\"https:\/\/xactskateshop.com\/fr\/categorie-de-produits\/patinage-de-vitesse\/equipement-de-protection-patinage-de-vitesse-courte-piste\/gants-et-tips\/\">ici !<\/a><\/p>\n<h6>Durabilit\u00e9 et long\u00e9vit\u00e9<\/h6>\n<p>Les v\u00eatements fabriqu\u00e9s avec la fibre Spectra pr\u00e9sentent une excellente durabilit\u00e9 et ont une dur\u00e9e de vie plus longue que ceux fabriqu\u00e9s avec d&#8217;autres mat\u00e9riaux. Les propri\u00e9t\u00e9s exceptionnelles de r\u00e9sistance \u00e0 l&#8217;abrasion de la fibre Spectra, dont sont faits nos gants blancs X-Series Extreme, se traduisent par un v\u00eatement plus apte \u00e0 r\u00e9sister \u00e0 l&#8217;usure et aux d\u00e9chirures d&#8217;un usage intensif. <\/p>\n<h6>Confort<\/h6>\n<p>Le confort est essentiel dans les situations de travail physiquement exigeantes. La l\u00e9g\u00e8ret\u00e9, la respirabilit\u00e9 et la faible absorption d&#8217;humidit\u00e9 des v\u00eatements fabriqu\u00e9s avec la fibre Spectra permettent aux travailleurs de rester au frais, ce qui est particuli\u00e8rement important lorsque les t\u00e2ches sont effectu\u00e9es dans des environnements tr\u00e8s chauds, comme \u00e0 l&#8217;ext\u00e9rieur sur<br \/>\nun jour d&#8217;\u00e9t\u00e9 ou \u00e0 l&#8217;int\u00e9rieur d&#8217;une cuisine de restaurant br\u00fblante. <\/p>\n<h6>Notre leadership et notre expertise<\/h6>\n<p>dans la protection contre les coupures Les mat\u00e9riaux r\u00e9sistants aux coupures d&#8217;Honeywell sont \u00e0 la pointe de la s\u00e9curit\u00e9 sur le lieu de travail. Ils utilisent la fibre Spectra pour offrir une protection contre les coupures de haut niveau, une dext\u00e9rit\u00e9 et un confort optimaux dans les v\u00eatements de protection. Gr\u00e2ce \u00e0 ses vastes capacit\u00e9s internes de recherche et de d\u00e9veloppement de mat\u00e9riaux, associ\u00e9es \u00e0 un r\u00e9seau mondial de vente et d&#8217;assistance technique, Honeywell offre les ressources n\u00e9cessaires pour soutenir votre entreprise. <\/p>\n<p>Pour en savoir plus sur Honeywell <a href=\"https:\/\/industrial.honeywell.com\/content\/dam\/industrial\/en\/documents\/document-lists\/marketing\/SpectraFiber-CutProtection-SellSheet.pdf\">, cliquez ici !<\/a><\/p>\n<\/div>\n<\/div>\n<\/div>\n","protected":false},"excerpt":{"rendered":"<p>Gants X-Series Extreme blancs<\/p>\n<p>Le gant le plus confortable et le plus r\u00e9sistant aux coupures. Ce gant offre plus de chaleur et est de r\u00e9sistance aux coupures niveau 4. <\/p>\n<p>Ils sont disponibles en 2 versions : blanc\/noir et blanc\/blanc.<\/p>\n","protected":false},"featured_media":30185,"comment_status":"open","ping_status":"closed","template":"","meta":{"site-sidebar-layout":"default","site-content-layout":"default","ast-site-content-layout":"default","site-content-style":"default","site-sidebar-style":"default","ast-global-header-display":"","ast-banner-title-visibility":"","ast-main-header-display":"","ast-hfb-above-header-display":"","ast-hfb-below-header-display":"","ast-hfb-mobile-header-display":"","site-post-title":"","ast-breadcrumbs-content":"","ast-featured-img":"","footer-sml-layout":"","theme-transparent-header-meta":"default","adv-header-id-meta":"","stick-header-meta":"","header-above-stick-meta":"","header-main-stick-meta":"","header-below-stick-meta":"","astra-migrate-meta-layouts":"default","ast-page-background-enabled":"default","ast-page-background-meta":{"desktop":{"background-color":"","background-image":"","background-repeat":"repeat","background-position":"center center","background-size":"auto","background-attachment":"scroll","background-type":"","background-media":"","overlay-type":"","overlay-color":"","overlay-opacity":"","overlay-gradient":""},"tablet":{"background-color":"","background-image":"","background-repeat":"repeat","background-position":"center center","background-size":"auto","background-attachment":"scroll","background-type":"","background-media":"","overlay-type":"","overlay-color":"","overlay-opacity":"","overlay-gradient":""},"mobile":{"background-color":"","background-image":"","background-repeat":"repeat","background-position":"center center","background-size":"auto","background-attachment":"scroll","background-type":"","background-media":"","overlay-type":"","overlay-color":"","overlay-opacity":"","overlay-gradient":""}},"ast-content-background-meta":{"desktop":{"background-color":"var(--ast-global-color-5)","background-image":"","background-repeat":"repeat","background-position":"center center","background-size":"auto","background-attachment":"scroll","background-type":"","background-media":"","overlay-type":"","overlay-color":"","overlay-opacity":"","overlay-gradient":""},"tablet":{"background-color":"var(--ast-global-color-5)","background-image":"","background-repeat":"repeat","background-position":"center center","background-size":"auto","background-attachment":"scroll","background-type":"","background-media":"","overlay-type":"","overlay-color":"","overlay-opacity":"","overlay-gradient":""},"mobile":{"background-color":"var(--ast-global-color-5)","background-image":"","background-repeat":"repeat","background-position":"center center","background-size":"auto","background-attachment":"scroll","background-type":"","background-media":"","overlay-type":"","overlay-color":"","overlay-opacity":"","overlay-gradient":""}}},"product_brand":[],"product_cat":[1612,1613,1353],"product_tag":[1356],"class_list":{"0":"post-55399","1":"product","2":"type-product","3":"status-publish","4":"has-post-thumbnail","6":"product_cat-equipement-de-protection-patinage-de-vitesse-courte-piste","7":"product_cat-gants-et-tips","8":"product_cat-patinage-de-vitesse","9":"product_tag-courte-piste-fr","10":"desktop-align-center","11":"tablet-align-center","12":"mobile-align-center","13":"ast-product-gallery-layout-horizontal","14":"ast-product-single-variable","15":"ast-product-tabs-layout-horizontal","16":"ast-qv-on-image","18":"first","19":"instock","20":"sale","21":"taxable","22":"shipping-taxable","23":"purchasable","24":"product-type-variable"},"bundled_by":[],"bundle_stock_status":"instock","bundle_stock_quantity":null,"bundle_virtual":false,"bundle_layout":"","bundle_add_to_cart_form_location":"","bundle_editable_in_cart":false,"bundle_sold_individually_context":"","bundle_item_grouping":"","bundle_min_size":"","bundle_max_size":"","bundle_price":[],"bundled_items":[],"bundle_sell_ids":[],"yoast_head":"<!-- This site is optimized with the Yoast SEO plugin v27.4 - https:\/\/yoast.com\/product\/yoast-seo-wordpress\/ -->\n<title>Gants X-Series Extreme blancs - Xact Skate Shop<\/title>\n<meta name=\"description\" content=\"Gants X-Series Extreme blancs. Le gant le plus confortable et le plus r\u00e9sistant aux coupures. Ce gant offre plus de chaleur avec un niveau de r\u00e9sistance \u00e0 la coupure de 4. Achetez le v\u00f4tre ici !\" \/>\n<meta name=\"robots\" content=\"index, follow, max-snippet:-1, max-image-preview:large, max-video-preview:-1\" \/>\n<link rel=\"canonical\" href=\"https:\/\/xactskateshop.com\/fr\/produit\/gants-de-patinage-x-series-extreme-2\/\" \/>\n<meta property=\"og:locale\" content=\"fr_FR\" \/>\n<meta property=\"og:type\" content=\"article\" \/>\n<meta property=\"og:title\" content=\"Gants X-Series Extreme blancs - Xact Skate Shop\" \/>\n<meta property=\"og:description\" content=\"Gants X-Series Extreme blancs. Le gant le plus confortable et le plus r\u00e9sistant aux coupures. Ce gant offre plus de chaleur avec un niveau de r\u00e9sistance \u00e0 la coupure de 4. Achetez le v\u00f4tre ici !\" \/>\n<meta property=\"og:url\" content=\"https:\/\/xactskateshop.com\/fr\/produit\/gants-de-patinage-x-series-extreme-2\/\" \/>\n<meta property=\"og:site_name\" content=\"Xact Skate Shop\" \/>\n<meta property=\"article:publisher\" content=\"https:\/\/www.facebook.com\/JeanLouiskateshop\" \/>\n<meta property=\"article:modified_time\" content=\"2025-10-29T13:48:40+00:00\" \/>\n<meta property=\"og:image\" content=\"https:\/\/xactskateshop.com\/wp-content\/uploads\/2023\/08\/extreme-xseries-gloves-white.jpg\" \/>\n\t<meta property=\"og:image:width\" content=\"1000\" \/>\n\t<meta property=\"og:image:height\" content=\"1000\" \/>\n\t<meta property=\"og:image:type\" content=\"image\/jpeg\" \/>\n<meta name=\"twitter:card\" content=\"summary_large_image\" \/>\n<meta name=\"twitter:label1\" content=\"Dur\u00e9e de lecture estim\u00e9e\" \/>\n\t<meta name=\"twitter:data1\" content=\"2 minutes\" \/>\n<script type=\"application\/ld+json\" class=\"yoast-schema-graph\">{\"@context\":\"https:\\\/\\\/schema.org\",\"@graph\":[{\"@type\":\"WebPage\",\"@id\":\"https:\\\/\\\/xactskateshop.com\\\/fr\\\/produit\\\/gants-de-patinage-x-series-extreme-2\\\/\",\"url\":\"https:\\\/\\\/xactskateshop.com\\\/fr\\\/produit\\\/gants-de-patinage-x-series-extreme-2\\\/\",\"name\":\"Gants X-Series Extreme blancs - Xact Skate Shop\",\"isPartOf\":{\"@id\":\"http:\\\/\\\/xactskateshop.com\\\/fr\\\/#website\"},\"primaryImageOfPage\":{\"@id\":\"https:\\\/\\\/xactskateshop.com\\\/fr\\\/produit\\\/gants-de-patinage-x-series-extreme-2\\\/#primaryimage\"},\"image\":{\"@id\":\"https:\\\/\\\/xactskateshop.com\\\/fr\\\/produit\\\/gants-de-patinage-x-series-extreme-2\\\/#primaryimage\"},\"thumbnailUrl\":\"https:\\\/\\\/xactskateshop.com\\\/wp-content\\\/uploads\\\/2023\\\/08\\\/extreme-xseries-gloves-white.jpg\",\"datePublished\":\"2023-08-16T20:03:14+00:00\",\"dateModified\":\"2025-10-29T13:48:40+00:00\",\"description\":\"Gants X-Series Extreme blancs. Le gant le plus confortable et le plus r\u00e9sistant aux coupures. Ce gant offre plus de chaleur avec un niveau de r\u00e9sistance \u00e0 la coupure de 4. Achetez le v\u00f4tre ici !\",\"breadcrumb\":{\"@id\":\"https:\\\/\\\/xactskateshop.com\\\/fr\\\/produit\\\/gants-de-patinage-x-series-extreme-2\\\/#breadcrumb\"},\"inLanguage\":\"fr-FR\",\"potentialAction\":[{\"@type\":\"ReadAction\",\"target\":[\"https:\\\/\\\/xactskateshop.com\\\/fr\\\/produit\\\/gants-de-patinage-x-series-extreme-2\\\/\"]}]},{\"@type\":\"ImageObject\",\"inLanguage\":\"fr-FR\",\"@id\":\"https:\\\/\\\/xactskateshop.com\\\/fr\\\/produit\\\/gants-de-patinage-x-series-extreme-2\\\/#primaryimage\",\"url\":\"https:\\\/\\\/xactskateshop.com\\\/wp-content\\\/uploads\\\/2023\\\/08\\\/extreme-xseries-gloves-white.jpg\",\"contentUrl\":\"https:\\\/\\\/xactskateshop.com\\\/wp-content\\\/uploads\\\/2023\\\/08\\\/extreme-xseries-gloves-white.jpg\",\"width\":1000,\"height\":1000,\"caption\":\"Gants X-Series Extreme blancs\"},{\"@type\":\"BreadcrumbList\",\"@id\":\"https:\\\/\\\/xactskateshop.com\\\/fr\\\/produit\\\/gants-de-patinage-x-series-extreme-2\\\/#breadcrumb\",\"itemListElement\":[{\"@type\":\"ListItem\",\"position\":1,\"name\":\"Home\",\"item\":\"https:\\\/\\\/xactskateshop.com\\\/fr\\\/accueil\\\/\"},{\"@type\":\"ListItem\",\"position\":2,\"name\":\"Boutique\",\"item\":\"https:\\\/\\\/xactskateshop.com\\\/shop\\\/\"},{\"@type\":\"ListItem\",\"position\":3,\"name\":\"Gants de patinage X-Series Extreme\"}]},{\"@type\":\"WebSite\",\"@id\":\"http:\\\/\\\/xactskateshop.com\\\/fr\\\/#website\",\"url\":\"http:\\\/\\\/xactskateshop.com\\\/fr\\\/\",\"name\":\"Xact Skate Shop\",\"description\":\"Un site utilisant WordPress\",\"publisher\":{\"@id\":\"http:\\\/\\\/xactskateshop.com\\\/fr\\\/#organization\"},\"potentialAction\":[{\"@type\":\"SearchAction\",\"target\":{\"@type\":\"EntryPoint\",\"urlTemplate\":\"http:\\\/\\\/xactskateshop.com\\\/fr\\\/?s={search_term_string}\"},\"query-input\":{\"@type\":\"PropertyValueSpecification\",\"valueRequired\":true,\"valueName\":\"search_term_string\"}}],\"inLanguage\":\"fr-FR\"},{\"@type\":\"Organization\",\"@id\":\"http:\\\/\\\/xactskateshop.com\\\/fr\\\/#organization\",\"name\":\"XACT Skate Shop\",\"url\":\"http:\\\/\\\/xactskateshop.com\\\/fr\\\/\",\"logo\":{\"@type\":\"ImageObject\",\"inLanguage\":\"fr-FR\",\"@id\":\"http:\\\/\\\/xactskateshop.com\\\/fr\\\/#\\\/schema\\\/logo\\\/image\\\/\",\"url\":\"http:\\\/\\\/xactskateshop.com\\\/wp-content\\\/uploads\\\/2024\\\/04\\\/xactskateshop-dot-com-avec-contour-noir-sans-fond-675x.jpg\",\"contentUrl\":\"http:\\\/\\\/xactskateshop.com\\\/wp-content\\\/uploads\\\/2024\\\/04\\\/xactskateshop-dot-com-avec-contour-noir-sans-fond-675x.jpg\",\"width\":675,\"height\":247,\"caption\":\"XACT Skate Shop\"},\"image\":{\"@id\":\"http:\\\/\\\/xactskateshop.com\\\/fr\\\/#\\\/schema\\\/logo\\\/image\\\/\"},\"sameAs\":[\"https:\\\/\\\/www.facebook.com\\\/JeanLouiskateshop\"]}]}<\/script>\n<!-- \/ Yoast SEO plugin. -->","yoast_head_json":{"title":"Gants X-Series Extreme blancs - Xact Skate Shop","description":"Gants X-Series Extreme blancs. Le gant le plus confortable et le plus r\u00e9sistant aux coupures. Ce gant offre plus de chaleur avec un niveau de r\u00e9sistance \u00e0 la coupure de 4. Achetez le v\u00f4tre ici !","robots":{"index":"index","follow":"follow","max-snippet":"max-snippet:-1","max-image-preview":"max-image-preview:large","max-video-preview":"max-video-preview:-1"},"canonical":"https:\/\/xactskateshop.com\/fr\/produit\/gants-de-patinage-x-series-extreme-2\/","og_locale":"fr_FR","og_type":"article","og_title":"Gants X-Series Extreme blancs - Xact Skate Shop","og_description":"Gants X-Series Extreme blancs. Le gant le plus confortable et le plus r\u00e9sistant aux coupures. Ce gant offre plus de chaleur avec un niveau de r\u00e9sistance \u00e0 la coupure de 4. Achetez le v\u00f4tre ici !","og_url":"https:\/\/xactskateshop.com\/fr\/produit\/gants-de-patinage-x-series-extreme-2\/","og_site_name":"Xact Skate Shop","article_publisher":"https:\/\/www.facebook.com\/JeanLouiskateshop","article_modified_time":"2025-10-29T13:48:40+00:00","og_image":[{"width":1000,"height":1000,"url":"https:\/\/xactskateshop.com\/wp-content\/uploads\/2023\/08\/extreme-xseries-gloves-white.jpg","type":"image\/jpeg"}],"twitter_card":"summary_large_image","twitter_misc":{"Dur\u00e9e de lecture estim\u00e9e":"2 minutes"},"schema":{"@context":"https:\/\/schema.org","@graph":[{"@type":"WebPage","@id":"https:\/\/xactskateshop.com\/fr\/produit\/gants-de-patinage-x-series-extreme-2\/","url":"https:\/\/xactskateshop.com\/fr\/produit\/gants-de-patinage-x-series-extreme-2\/","name":"Gants X-Series Extreme blancs - Xact Skate Shop","isPartOf":{"@id":"http:\/\/xactskateshop.com\/fr\/#website"},"primaryImageOfPage":{"@id":"https:\/\/xactskateshop.com\/fr\/produit\/gants-de-patinage-x-series-extreme-2\/#primaryimage"},"image":{"@id":"https:\/\/xactskateshop.com\/fr\/produit\/gants-de-patinage-x-series-extreme-2\/#primaryimage"},"thumbnailUrl":"https:\/\/xactskateshop.com\/wp-content\/uploads\/2023\/08\/extreme-xseries-gloves-white.jpg","datePublished":"2023-08-16T20:03:14+00:00","dateModified":"2025-10-29T13:48:40+00:00","description":"Gants X-Series Extreme blancs. Le gant le plus confortable et le plus r\u00e9sistant aux coupures. Ce gant offre plus de chaleur avec un niveau de r\u00e9sistance \u00e0 la coupure de 4. Achetez le v\u00f4tre ici !","breadcrumb":{"@id":"https:\/\/xactskateshop.com\/fr\/produit\/gants-de-patinage-x-series-extreme-2\/#breadcrumb"},"inLanguage":"fr-FR","potentialAction":[{"@type":"ReadAction","target":["https:\/\/xactskateshop.com\/fr\/produit\/gants-de-patinage-x-series-extreme-2\/"]}]},{"@type":"ImageObject","inLanguage":"fr-FR","@id":"https:\/\/xactskateshop.com\/fr\/produit\/gants-de-patinage-x-series-extreme-2\/#primaryimage","url":"https:\/\/xactskateshop.com\/wp-content\/uploads\/2023\/08\/extreme-xseries-gloves-white.jpg","contentUrl":"https:\/\/xactskateshop.com\/wp-content\/uploads\/2023\/08\/extreme-xseries-gloves-white.jpg","width":1000,"height":1000,"caption":"Gants X-Series Extreme blancs"},{"@type":"BreadcrumbList","@id":"https:\/\/xactskateshop.com\/fr\/produit\/gants-de-patinage-x-series-extreme-2\/#breadcrumb","itemListElement":[{"@type":"ListItem","position":1,"name":"Home","item":"https:\/\/xactskateshop.com\/fr\/accueil\/"},{"@type":"ListItem","position":2,"name":"Boutique","item":"https:\/\/xactskateshop.com\/shop\/"},{"@type":"ListItem","position":3,"name":"Gants de patinage X-Series Extreme"}]},{"@type":"WebSite","@id":"http:\/\/xactskateshop.com\/fr\/#website","url":"http:\/\/xactskateshop.com\/fr\/","name":"Xact Skate Shop","description":"Un site utilisant WordPress","publisher":{"@id":"http:\/\/xactskateshop.com\/fr\/#organization"},"potentialAction":[{"@type":"SearchAction","target":{"@type":"EntryPoint","urlTemplate":"http:\/\/xactskateshop.com\/fr\/?s={search_term_string}"},"query-input":{"@type":"PropertyValueSpecification","valueRequired":true,"valueName":"search_term_string"}}],"inLanguage":"fr-FR"},{"@type":"Organization","@id":"http:\/\/xactskateshop.com\/fr\/#organization","name":"XACT Skate Shop","url":"http:\/\/xactskateshop.com\/fr\/","logo":{"@type":"ImageObject","inLanguage":"fr-FR","@id":"http:\/\/xactskateshop.com\/fr\/#\/schema\/logo\/image\/","url":"http:\/\/xactskateshop.com\/wp-content\/uploads\/2024\/04\/xactskateshop-dot-com-avec-contour-noir-sans-fond-675x.jpg","contentUrl":"http:\/\/xactskateshop.com\/wp-content\/uploads\/2024\/04\/xactskateshop-dot-com-avec-contour-noir-sans-fond-675x.jpg","width":675,"height":247,"caption":"XACT Skate Shop"},"image":{"@id":"http:\/\/xactskateshop.com\/fr\/#\/schema\/logo\/image\/"},"sameAs":["https:\/\/www.facebook.com\/JeanLouiskateshop"]}]}},"_links":{"self":[{"href":"https:\/\/xactskateshop.com\/fr\/wp-json\/wp\/v2\/product\/55399","targetHints":{"allow":["GET"]}}],"collection":[{"href":"https:\/\/xactskateshop.com\/fr\/wp-json\/wp\/v2\/product"}],"about":[{"href":"https:\/\/xactskateshop.com\/fr\/wp-json\/wp\/v2\/types\/product"}],"replies":[{"embeddable":true,"href":"https:\/\/xactskateshop.com\/fr\/wp-json\/wp\/v2\/comments?post=55399"}],"wp:featuredmedia":[{"embeddable":true,"href":"https:\/\/xactskateshop.com\/fr\/wp-json\/wp\/v2\/media\/30185"}],"wp:attachment":[{"href":"https:\/\/xactskateshop.com\/fr\/wp-json\/wp\/v2\/media?parent=55399"}],"wp:term":[{"taxonomy":"product_brand","embeddable":true,"href":"https:\/\/xactskateshop.com\/fr\/wp-json\/wp\/v2\/product_brand?post=55399"},{"taxonomy":"product_cat","embeddable":true,"href":"https:\/\/xactskateshop.com\/fr\/wp-json\/wp\/v2\/product_cat?post=55399"},{"taxonomy":"product_tag","embeddable":true,"href":"https:\/\/xactskateshop.com\/fr\/wp-json\/wp\/v2\/product_tag?post=55399"}],"curies":[{"name":"wp","href":"https:\/\/api.w.org\/{rel}","templated":true}]}}