{"id":55379,"date":"2023-08-11T12:50:02","date_gmt":"2023-08-11T16:50:02","guid":{"rendered":"http:\/\/xactskateshop.com\/product\/gants-de-patinage-en-cuir-xact-track-avec-bouts-de-doigts-renforces\/"},"modified":"2026-03-27T12:17:41","modified_gmt":"2026-03-27T16:17:41","slug":"gants-de-patinage-en-cuir-xact-track-avec-bouts-de-doigts-renforces","status":"publish","type":"product","link":"https:\/\/xactskateshop.com\/fr\/produit\/gants-de-patinage-en-cuir-xact-track-avec-bouts-de-doigts-renforces\/","title":{"rendered":"Gants de patinage en cuir XACT TRACK avec bouts de doigts renforc\u00e9s"},"content":{"rendered":"<div id=\"product-content\" class=\"product-content general-content content-col mobile-popup\" data-popup=\"product-content\">\n<div class=\"popup-inner\">\n<div id=\"product-content\" class=\"product-content general-content content-col mobile-popup\" data-popup=\"product-content\">\n<p>Gants de patinage en cuir<\/p>\n<p>Le gant parfait pour le d\u00e9butant. Excellente coupe, cuir de ch\u00e8vre de haute qualit\u00e9. <\/p>\n<p>&#8211; Syst\u00e8me de fermeture velcro<\/p>\n<p>&#8211; Disponible en taille 0-10<\/p>\n<p>&#8211; Doublure confortable pour la chaleur<\/p>\n<p>&#8211; Un nylon durable a \u00e9t\u00e9 ajout\u00e9 pour recouvrir le bout des doigts afin de mieux les prot\u00e9ger.<\/p>\n<\/div>\n<p>Cliquez <a href=\"http:\/\/xactskateshop.com\/product-category\/speed-skating\/short-track\/short-track-protection-gear\/gloves-tips\/\">ici<\/a> pour voir notre collection de gants<\/p>\n<p>&nbsp;<\/p>\n<\/div>\n<\/div>\n","protected":false},"excerpt":{"rendered":"<hr>\n<p style=\"text-align: center;\">Gants de patinage en cuir<\/p>\n<p style=\"text-align: center;\">Gants parfaits pour d\u00e9butants Excellente coupe, cuir de ch\u00e8vre de haute qualit\u00e9.<\/p>\n<hr>\n<p>&nbsp;<\/p>\n","protected":false},"featured_media":30182,"comment_status":"open","ping_status":"closed","template":"","meta":{"site-sidebar-layout":"default","site-content-layout":"default","ast-site-content-layout":"default","site-content-style":"default","site-sidebar-style":"default","ast-global-header-display":"","ast-banner-title-visibility":"","ast-main-header-display":"","ast-hfb-above-header-display":"","ast-hfb-below-header-display":"","ast-hfb-mobile-header-display":"","site-post-title":"","ast-breadcrumbs-content":"","ast-featured-img":"","footer-sml-layout":"","theme-transparent-header-meta":"default","adv-header-id-meta":"","stick-header-meta":"","header-above-stick-meta":"","header-main-stick-meta":"","header-below-stick-meta":"","astra-migrate-meta-layouts":"default","ast-page-background-enabled":"default","ast-page-background-meta":{"desktop":{"background-color":"","background-image":"","background-repeat":"repeat","background-position":"center center","background-size":"auto","background-attachment":"scroll","background-type":"","background-media":"","overlay-type":"","overlay-color":"","overlay-opacity":"","overlay-gradient":""},"tablet":{"background-color":"","background-image":"","background-repeat":"repeat","background-position":"center center","background-size":"auto","background-attachment":"scroll","background-type":"","background-media":"","overlay-type":"","overlay-color":"","overlay-opacity":"","overlay-gradient":""},"mobile":{"background-color":"","background-image":"","background-repeat":"repeat","background-position":"center center","background-size":"auto","background-attachment":"scroll","background-type":"","background-media":"","overlay-type":"","overlay-color":"","overlay-opacity":"","overlay-gradient":""}},"ast-content-background-meta":{"desktop":{"background-color":"var(--ast-global-color-5)","background-image":"","background-repeat":"repeat","background-position":"center center","background-size":"auto","background-attachment":"scroll","background-type":"","background-media":"","overlay-type":"","overlay-color":"","overlay-opacity":"","overlay-gradient":""},"tablet":{"background-color":"var(--ast-global-color-5)","background-image":"","background-repeat":"repeat","background-position":"center center","background-size":"auto","background-attachment":"scroll","background-type":"","background-media":"","overlay-type":"","overlay-color":"","overlay-opacity":"","overlay-gradient":""},"mobile":{"background-color":"var(--ast-global-color-5)","background-image":"","background-repeat":"repeat","background-position":"center center","background-size":"auto","background-attachment":"scroll","background-type":"","background-media":"","overlay-type":"","overlay-color":"","overlay-opacity":"","overlay-gradient":""}}},"product_brand":[],"product_cat":[1612,1613,1353],"product_tag":[1385,1356,1394,2374,2377,2372,2376,2230,2231,2375,2373,1945,1395,1403],"class_list":{"0":"post-55379","1":"product","2":"type-product","3":"status-publish","4":"has-post-thumbnail","6":"product_cat-equipement-de-protection-patinage-de-vitesse-courte-piste","7":"product_cat-gants-et-tips","8":"product_cat-patinage-de-vitesse","9":"product_tag-boutique-xactskate","10":"product_tag-courte-piste-fr","11":"product_tag-courte-piste-fr-2","12":"product_tag-cuir-fr","13":"product_tag-cuir-fr-2","14":"product_tag-equipement-de-patin-fr","15":"product_tag-gant-de-patin-fr","16":"product_tag-gants-fr","17":"product_tag-gants-fr-2","18":"product_tag-gants-de-patinage","19":"product_tag-materiel-de-patinage","20":"product_tag-nouveau","21":"product_tag-patin-de-vitesse-fr","22":"product_tag-patinage-de-vitesse","23":"desktop-align-center","24":"tablet-align-center","25":"mobile-align-center","26":"ast-product-gallery-layout-horizontal","27":"ast-product-single-variable","28":"ast-product-tabs-layout-horizontal","29":"ast-qv-on-image","31":"first","32":"instock","33":"sale","34":"taxable","35":"shipping-taxable","36":"purchasable","37":"product-type-variable"},"bundled_by":[],"bundle_stock_status":"instock","bundle_stock_quantity":null,"bundle_virtual":false,"bundle_layout":"","bundle_add_to_cart_form_location":"","bundle_editable_in_cart":false,"bundle_sold_individually_context":"","bundle_item_grouping":"","bundle_min_size":"","bundle_max_size":"","bundle_price":[],"bundled_items":[],"bundle_sell_ids":[],"yoast_head":"<!-- This site is optimized with the Yoast SEO plugin v27.4 - https:\/\/yoast.com\/product\/yoast-seo-wordpress\/ -->\n<title>Gants de patinage en cuir - Xact Skate Shop%.<\/title>\n<meta name=\"description\" content=\"Gants de patinage en cuir. Le gant parfait pour le d\u00e9butant. Excellente coupe, cuir de ch\u00e8vre de haute qualit\u00e9. Nylon pour les extr\u00e9mit\u00e9s des doigts pour une plus grande durabilit\u00e9.\" \/>\n<meta name=\"robots\" content=\"index, follow, max-snippet:-1, max-image-preview:large, max-video-preview:-1\" \/>\n<link rel=\"canonical\" href=\"https:\/\/xactskateshop.com\/fr\/produit\/gants-de-patinage-en-cuir-xact-track-avec-bouts-de-doigts-renforces\/\" \/>\n<meta property=\"og:locale\" content=\"fr_FR\" \/>\n<meta property=\"og:type\" content=\"article\" \/>\n<meta property=\"og:title\" content=\"Gants de patinage en cuir - Xact Skate Shop%.\" \/>\n<meta property=\"og:description\" content=\"Gants de patinage en cuir. Le gant parfait pour le d\u00e9butant. Excellente coupe, cuir de ch\u00e8vre de haute qualit\u00e9. Nylon pour les extr\u00e9mit\u00e9s des doigts pour une plus grande durabilit\u00e9.\" \/>\n<meta property=\"og:url\" content=\"https:\/\/xactskateshop.com\/fr\/produit\/gants-de-patinage-en-cuir-xact-track-avec-bouts-de-doigts-renforces\/\" \/>\n<meta property=\"og:site_name\" content=\"Xact Skate Shop\" \/>\n<meta property=\"article:publisher\" content=\"https:\/\/www.facebook.com\/JeanLouiskateshop\" \/>\n<meta property=\"article:modified_time\" content=\"2026-03-27T16:17:41+00:00\" \/>\n<meta property=\"og:image\" content=\"https:\/\/xactskateshop.com\/wp-content\/uploads\/2023\/08\/new-leather-glove-with-tip-protectors.jpg\" \/>\n\t<meta property=\"og:image:width\" content=\"1000\" \/>\n\t<meta property=\"og:image:height\" content=\"1000\" \/>\n\t<meta property=\"og:image:type\" content=\"image\/jpeg\" \/>\n<meta name=\"twitter:card\" content=\"summary_large_image\" \/>\n<script type=\"application\/ld+json\" class=\"yoast-schema-graph\">{\"@context\":\"https:\\\/\\\/schema.org\",\"@graph\":[{\"@type\":\"WebPage\",\"@id\":\"https:\\\/\\\/xactskateshop.com\\\/fr\\\/produit\\\/gants-de-patinage-en-cuir-xact-track-avec-bouts-de-doigts-renforces\\\/\",\"url\":\"https:\\\/\\\/xactskateshop.com\\\/fr\\\/produit\\\/gants-de-patinage-en-cuir-xact-track-avec-bouts-de-doigts-renforces\\\/\",\"name\":\"Gants de patinage en cuir - Xact Skate Shop%.\",\"isPartOf\":{\"@id\":\"http:\\\/\\\/xactskateshop.com\\\/fr\\\/#website\"},\"primaryImageOfPage\":{\"@id\":\"https:\\\/\\\/xactskateshop.com\\\/fr\\\/produit\\\/gants-de-patinage-en-cuir-xact-track-avec-bouts-de-doigts-renforces\\\/#primaryimage\"},\"image\":{\"@id\":\"https:\\\/\\\/xactskateshop.com\\\/fr\\\/produit\\\/gants-de-patinage-en-cuir-xact-track-avec-bouts-de-doigts-renforces\\\/#primaryimage\"},\"thumbnailUrl\":\"https:\\\/\\\/xactskateshop.com\\\/wp-content\\\/uploads\\\/2023\\\/08\\\/new-leather-glove-with-tip-protectors.jpg\",\"datePublished\":\"2023-08-11T16:50:02+00:00\",\"dateModified\":\"2026-03-27T16:17:41+00:00\",\"description\":\"Gants de patinage en cuir. Le gant parfait pour le d\u00e9butant. Excellente coupe, cuir de ch\u00e8vre de haute qualit\u00e9. Nylon pour les extr\u00e9mit\u00e9s des doigts pour une plus grande durabilit\u00e9.\",\"breadcrumb\":{\"@id\":\"https:\\\/\\\/xactskateshop.com\\\/fr\\\/produit\\\/gants-de-patinage-en-cuir-xact-track-avec-bouts-de-doigts-renforces\\\/#breadcrumb\"},\"inLanguage\":\"fr-FR\",\"potentialAction\":[{\"@type\":\"ReadAction\",\"target\":[\"https:\\\/\\\/xactskateshop.com\\\/fr\\\/produit\\\/gants-de-patinage-en-cuir-xact-track-avec-bouts-de-doigts-renforces\\\/\"]}]},{\"@type\":\"ImageObject\",\"inLanguage\":\"fr-FR\",\"@id\":\"https:\\\/\\\/xactskateshop.com\\\/fr\\\/produit\\\/gants-de-patinage-en-cuir-xact-track-avec-bouts-de-doigts-renforces\\\/#primaryimage\",\"url\":\"https:\\\/\\\/xactskateshop.com\\\/wp-content\\\/uploads\\\/2023\\\/08\\\/new-leather-glove-with-tip-protectors.jpg\",\"contentUrl\":\"https:\\\/\\\/xactskateshop.com\\\/wp-content\\\/uploads\\\/2023\\\/08\\\/new-leather-glove-with-tip-protectors.jpg\",\"width\":1000,\"height\":1000,\"caption\":\"Gants de patinage en cuir\"},{\"@type\":\"BreadcrumbList\",\"@id\":\"https:\\\/\\\/xactskateshop.com\\\/fr\\\/produit\\\/gants-de-patinage-en-cuir-xact-track-avec-bouts-de-doigts-renforces\\\/#breadcrumb\",\"itemListElement\":[{\"@type\":\"ListItem\",\"position\":1,\"name\":\"Home\",\"item\":\"https:\\\/\\\/xactskateshop.com\\\/fr\\\/accueil\\\/\"},{\"@type\":\"ListItem\",\"position\":2,\"name\":\"Boutique\",\"item\":\"https:\\\/\\\/xactskateshop.com\\\/shop\\\/\"},{\"@type\":\"ListItem\",\"position\":3,\"name\":\"Gants de patinage en cuir XACT TRACK avec bouts de doigts renforc\u00e9s\"}]},{\"@type\":\"WebSite\",\"@id\":\"http:\\\/\\\/xactskateshop.com\\\/fr\\\/#website\",\"url\":\"http:\\\/\\\/xactskateshop.com\\\/fr\\\/\",\"name\":\"Xact Skate Shop\",\"description\":\"Un site utilisant WordPress\",\"publisher\":{\"@id\":\"http:\\\/\\\/xactskateshop.com\\\/fr\\\/#organization\"},\"potentialAction\":[{\"@type\":\"SearchAction\",\"target\":{\"@type\":\"EntryPoint\",\"urlTemplate\":\"http:\\\/\\\/xactskateshop.com\\\/fr\\\/?s={search_term_string}\"},\"query-input\":{\"@type\":\"PropertyValueSpecification\",\"valueRequired\":true,\"valueName\":\"search_term_string\"}}],\"inLanguage\":\"fr-FR\"},{\"@type\":\"Organization\",\"@id\":\"http:\\\/\\\/xactskateshop.com\\\/fr\\\/#organization\",\"name\":\"XACT Skate Shop\",\"url\":\"http:\\\/\\\/xactskateshop.com\\\/fr\\\/\",\"logo\":{\"@type\":\"ImageObject\",\"inLanguage\":\"fr-FR\",\"@id\":\"http:\\\/\\\/xactskateshop.com\\\/fr\\\/#\\\/schema\\\/logo\\\/image\\\/\",\"url\":\"http:\\\/\\\/xactskateshop.com\\\/wp-content\\\/uploads\\\/2024\\\/04\\\/xactskateshop-dot-com-avec-contour-noir-sans-fond-675x.jpg\",\"contentUrl\":\"http:\\\/\\\/xactskateshop.com\\\/wp-content\\\/uploads\\\/2024\\\/04\\\/xactskateshop-dot-com-avec-contour-noir-sans-fond-675x.jpg\",\"width\":675,\"height\":247,\"caption\":\"XACT Skate Shop\"},\"image\":{\"@id\":\"http:\\\/\\\/xactskateshop.com\\\/fr\\\/#\\\/schema\\\/logo\\\/image\\\/\"},\"sameAs\":[\"https:\\\/\\\/www.facebook.com\\\/JeanLouiskateshop\"]}]}<\/script>\n<!-- \/ Yoast SEO plugin. -->","yoast_head_json":{"title":"Gants de patinage en cuir - Xact Skate Shop%.","description":"Gants de patinage en cuir. Le gant parfait pour le d\u00e9butant. Excellente coupe, cuir de ch\u00e8vre de haute qualit\u00e9. Nylon pour les extr\u00e9mit\u00e9s des doigts pour une plus grande durabilit\u00e9.","robots":{"index":"index","follow":"follow","max-snippet":"max-snippet:-1","max-image-preview":"max-image-preview:large","max-video-preview":"max-video-preview:-1"},"canonical":"https:\/\/xactskateshop.com\/fr\/produit\/gants-de-patinage-en-cuir-xact-track-avec-bouts-de-doigts-renforces\/","og_locale":"fr_FR","og_type":"article","og_title":"Gants de patinage en cuir - Xact Skate Shop%.","og_description":"Gants de patinage en cuir. Le gant parfait pour le d\u00e9butant. Excellente coupe, cuir de ch\u00e8vre de haute qualit\u00e9. Nylon pour les extr\u00e9mit\u00e9s des doigts pour une plus grande durabilit\u00e9.","og_url":"https:\/\/xactskateshop.com\/fr\/produit\/gants-de-patinage-en-cuir-xact-track-avec-bouts-de-doigts-renforces\/","og_site_name":"Xact Skate Shop","article_publisher":"https:\/\/www.facebook.com\/JeanLouiskateshop","article_modified_time":"2026-03-27T16:17:41+00:00","og_image":[{"width":1000,"height":1000,"url":"https:\/\/xactskateshop.com\/wp-content\/uploads\/2023\/08\/new-leather-glove-with-tip-protectors.jpg","type":"image\/jpeg"}],"twitter_card":"summary_large_image","schema":{"@context":"https:\/\/schema.org","@graph":[{"@type":"WebPage","@id":"https:\/\/xactskateshop.com\/fr\/produit\/gants-de-patinage-en-cuir-xact-track-avec-bouts-de-doigts-renforces\/","url":"https:\/\/xactskateshop.com\/fr\/produit\/gants-de-patinage-en-cuir-xact-track-avec-bouts-de-doigts-renforces\/","name":"Gants de patinage en cuir - Xact Skate Shop%.","isPartOf":{"@id":"http:\/\/xactskateshop.com\/fr\/#website"},"primaryImageOfPage":{"@id":"https:\/\/xactskateshop.com\/fr\/produit\/gants-de-patinage-en-cuir-xact-track-avec-bouts-de-doigts-renforces\/#primaryimage"},"image":{"@id":"https:\/\/xactskateshop.com\/fr\/produit\/gants-de-patinage-en-cuir-xact-track-avec-bouts-de-doigts-renforces\/#primaryimage"},"thumbnailUrl":"https:\/\/xactskateshop.com\/wp-content\/uploads\/2023\/08\/new-leather-glove-with-tip-protectors.jpg","datePublished":"2023-08-11T16:50:02+00:00","dateModified":"2026-03-27T16:17:41+00:00","description":"Gants de patinage en cuir. Le gant parfait pour le d\u00e9butant. Excellente coupe, cuir de ch\u00e8vre de haute qualit\u00e9. Nylon pour les extr\u00e9mit\u00e9s des doigts pour une plus grande durabilit\u00e9.","breadcrumb":{"@id":"https:\/\/xactskateshop.com\/fr\/produit\/gants-de-patinage-en-cuir-xact-track-avec-bouts-de-doigts-renforces\/#breadcrumb"},"inLanguage":"fr-FR","potentialAction":[{"@type":"ReadAction","target":["https:\/\/xactskateshop.com\/fr\/produit\/gants-de-patinage-en-cuir-xact-track-avec-bouts-de-doigts-renforces\/"]}]},{"@type":"ImageObject","inLanguage":"fr-FR","@id":"https:\/\/xactskateshop.com\/fr\/produit\/gants-de-patinage-en-cuir-xact-track-avec-bouts-de-doigts-renforces\/#primaryimage","url":"https:\/\/xactskateshop.com\/wp-content\/uploads\/2023\/08\/new-leather-glove-with-tip-protectors.jpg","contentUrl":"https:\/\/xactskateshop.com\/wp-content\/uploads\/2023\/08\/new-leather-glove-with-tip-protectors.jpg","width":1000,"height":1000,"caption":"Gants de patinage en cuir"},{"@type":"BreadcrumbList","@id":"https:\/\/xactskateshop.com\/fr\/produit\/gants-de-patinage-en-cuir-xact-track-avec-bouts-de-doigts-renforces\/#breadcrumb","itemListElement":[{"@type":"ListItem","position":1,"name":"Home","item":"https:\/\/xactskateshop.com\/fr\/accueil\/"},{"@type":"ListItem","position":2,"name":"Boutique","item":"https:\/\/xactskateshop.com\/shop\/"},{"@type":"ListItem","position":3,"name":"Gants de patinage en cuir XACT TRACK avec bouts de doigts renforc\u00e9s"}]},{"@type":"WebSite","@id":"http:\/\/xactskateshop.com\/fr\/#website","url":"http:\/\/xactskateshop.com\/fr\/","name":"Xact Skate Shop","description":"Un site utilisant WordPress","publisher":{"@id":"http:\/\/xactskateshop.com\/fr\/#organization"},"potentialAction":[{"@type":"SearchAction","target":{"@type":"EntryPoint","urlTemplate":"http:\/\/xactskateshop.com\/fr\/?s={search_term_string}"},"query-input":{"@type":"PropertyValueSpecification","valueRequired":true,"valueName":"search_term_string"}}],"inLanguage":"fr-FR"},{"@type":"Organization","@id":"http:\/\/xactskateshop.com\/fr\/#organization","name":"XACT Skate Shop","url":"http:\/\/xactskateshop.com\/fr\/","logo":{"@type":"ImageObject","inLanguage":"fr-FR","@id":"http:\/\/xactskateshop.com\/fr\/#\/schema\/logo\/image\/","url":"http:\/\/xactskateshop.com\/wp-content\/uploads\/2024\/04\/xactskateshop-dot-com-avec-contour-noir-sans-fond-675x.jpg","contentUrl":"http:\/\/xactskateshop.com\/wp-content\/uploads\/2024\/04\/xactskateshop-dot-com-avec-contour-noir-sans-fond-675x.jpg","width":675,"height":247,"caption":"XACT Skate Shop"},"image":{"@id":"http:\/\/xactskateshop.com\/fr\/#\/schema\/logo\/image\/"},"sameAs":["https:\/\/www.facebook.com\/JeanLouiskateshop"]}]}},"_links":{"self":[{"href":"https:\/\/xactskateshop.com\/fr\/wp-json\/wp\/v2\/product\/55379","targetHints":{"allow":["GET"]}}],"collection":[{"href":"https:\/\/xactskateshop.com\/fr\/wp-json\/wp\/v2\/product"}],"about":[{"href":"https:\/\/xactskateshop.com\/fr\/wp-json\/wp\/v2\/types\/product"}],"replies":[{"embeddable":true,"href":"https:\/\/xactskateshop.com\/fr\/wp-json\/wp\/v2\/comments?post=55379"}],"wp:featuredmedia":[{"embeddable":true,"href":"https:\/\/xactskateshop.com\/fr\/wp-json\/wp\/v2\/media\/30182"}],"wp:attachment":[{"href":"https:\/\/xactskateshop.com\/fr\/wp-json\/wp\/v2\/media?parent=55379"}],"wp:term":[{"taxonomy":"product_brand","embeddable":true,"href":"https:\/\/xactskateshop.com\/fr\/wp-json\/wp\/v2\/product_brand?post=55379"},{"taxonomy":"product_cat","embeddable":true,"href":"https:\/\/xactskateshop.com\/fr\/wp-json\/wp\/v2\/product_cat?post=55379"},{"taxonomy":"product_tag","embeddable":true,"href":"https:\/\/xactskateshop.com\/fr\/wp-json\/wp\/v2\/product_tag?post=55379"}],"curies":[{"name":"wp","href":"https:\/\/api.w.org\/{rel}","templated":true}]}}