{"id":55354,"date":"2023-10-12T16:24:14","date_gmt":"2023-10-12T20:24:14","guid":{"rendered":"http:\/\/xactskateshop.com\/product\/apogee-generic-x-st-skin-suit-2\/"},"modified":"2025-10-18T14:38:27","modified_gmt":"2025-10-18T18:38:27","slug":"apogee-generic-x-st-skin-suit-2","status":"publish","type":"product","link":"https:\/\/xactskateshop.com\/fr\/produit\/apogee-generic-x-st-skin-suit-2\/","title":{"rendered":"Combinaison courte piste APOGEE Generic X"},"content":{"rendered":"<div id=\"proCollapseOne\" class=\"panel-collapse collapse in\">\n<div class=\"panel-body\">\n<div class=\"rte\">\n<h4>Combinaison courte piste APOGEE Generic X<\/h4>\n<p>La combinaison de courte piste Apogee est un v\u00eatement de sport sp\u00e9cialis\u00e9. L&#8217;utilisation de lycra \u00e0 haute compression et de la fermeture frontale YKK auto-lock permet d&#8217;obtenir un v\u00eatement a\u00e9rodynamique et ajust\u00e9, con\u00e7u pour les sports de comp\u00e9tition. La protection int\u00e9gr\u00e9e des genoux est con\u00e7ue pour le patinage de vitesse sur piste courte, o\u00f9 les athl\u00e8tes utilisent fr\u00e9quemment leurs genoux et ont besoin d&#8217;un soutien ou d&#8217;une protection suppl\u00e9mentaire.<\/p>\n<p>Utilis\u00e9 par l&#8217;\u00e9quipe olympique canadienne depuis 2014 et fabriqu\u00e9 au Canada pour les sports de haute performance.<\/p>\n<h3>Sp\u00e9cifications :<\/h3>\n<ul>\n<li style=\"list-style-type: none;\">\n<ul>\n<li><strong>Tailles unisexes : <\/strong> XS, SM, MD, LA, XL, XXL<\/li>\n<li><strong>**Forme homme &#8211; Super Elite (Slim Fit)**<\/strong><\/li>\n<\/ul>\n<\/li>\n<\/ul>\n<div class=\"ks-table-content-wrapper ks-toggle-style-0\">\n<div class=\"ks-table-wrapper\">\n<div class=\"ks-unit-toggle-wrapper\">\n<div class=\"ks-unit-toggle\">\n<div class=\"ks-unit-toggle-label kiwi-active\" data-value=\"0\">Mesuments en pouces :<\/div>\n<div data-value=\"0\">\n<table style=\"height: 503px;\" width=\"1810\">\n<tbody>\n<tr>\n<td width=\"82\"><strong>TAILLE<\/strong><\/td>\n<td width=\"82\"><strong>POITRINE<\/strong><\/td>\n<td width=\"82\"><strong>TAILLE DE LA TAILLE<\/strong><\/td>\n<td width=\"82\"><strong>HIPS<\/strong><\/td>\n<td width=\"92\"><strong>TAILLE\/TAILLE<\/strong><\/td>\n<\/tr>\n<tr>\n<td width=\"82\">XS<\/td>\n<td width=\"82\">34<\/td>\n<td width=\"82\">29<\/td>\n<td width=\"82\">34<\/td>\n<td width=\"92\">64<\/td>\n<\/tr>\n<tr>\n<td width=\"82\">S<\/td>\n<td width=\"82\">36<\/td>\n<td width=\"82\">31<\/td>\n<td width=\"82\">36<\/td>\n<td width=\"92\">66<\/td>\n<\/tr>\n<tr>\n<td width=\"82\">M<\/td>\n<td width=\"82\">38<\/td>\n<td width=\"82\">33<\/td>\n<td width=\"82\">38<\/td>\n<td width=\"92\">68<\/td>\n<\/tr>\n<tr>\n<td width=\"82\">L<\/td>\n<td width=\"82\">40<\/td>\n<td width=\"82\">35<\/td>\n<td width=\"82\">40<\/td>\n<td width=\"92\">70<\/td>\n<\/tr>\n<tr>\n<td width=\"82\">XL<\/td>\n<td width=\"82\">42<\/td>\n<td width=\"82\">37<\/td>\n<td width=\"82\">42<\/td>\n<td width=\"92\">71<\/td>\n<\/tr>\n<tr>\n<td width=\"82\">2XL<\/td>\n<td width=\"82\">44<\/td>\n<td width=\"82\">39<\/td>\n<td width=\"82\">44<\/td>\n<td width=\"92\">72<\/td>\n<\/tr>\n<tr>\n<td width=\"82\">3XL<\/td>\n<td width=\"82\">46<\/td>\n<td width=\"82\">41<\/td>\n<td width=\"82\">46<\/td>\n<td width=\"92\">72<\/td>\n<\/tr>\n<tr>\n<td width=\"82\">4XL<\/td>\n<td width=\"82\">48<\/td>\n<td width=\"82\">43<\/td>\n<td width=\"82\">48<\/td>\n<td width=\"92\">72<\/td>\n<\/tr>\n<\/tbody>\n<\/table>\n<\/div>\n<\/div>\n<\/div>\n<h4><\/h4>\n<h4 class=\"ks-table-content-wrapper ks-toggle-style-0\">Comment mesurer :<\/h4>\n<div class=\"ks-image\"><img decoding=\"async\" class=\" lazyloaded\" src=\"https:\/\/cdn.shopify.com\/s\/files\/1\/1970\/7887\/files\/coupe-homme-club-elite-standard-fit_480x480.jpg?v=1619658984\" data-src=\"https:\/\/cdn.shopify.com\/s\/files\/1\/1970\/7887\/files\/coupe-homme-club-elite-standard-fit_480x480.jpg?v=1619658984\" \/><\/div>\n<div class=\"ks-html-content\">\n<ol>\n<li><strong>Poitrine<\/strong>: mesurez la partie la plus large, placez le ruban pr\u00e8s des bras et assurez-vous que le ruban repose \u00e0 plat dans le dos.<\/li>\n<li><strong>Taille<\/strong>: Mesurez autour du nombril, placez le ruban pr\u00e8s de la ceinture et veillez \u00e0 ne pas trop rentrer.<\/li>\n<li><strong>Hanches<\/strong>: Mesurez le tour du bassin, serrez vos pieds l&#8217;un contre l&#8217;autre et mesurez le point le plus large de vos fesses.<\/li>\n<li><strong>Taille<\/strong>: Il s&#8217;agit simplement de votre taille. Attention, ne trichez pas&#8230;<\/li>\n<\/ol>\n<\/div>\n<div class=\"ks-html-content\">\n<p>Ce tableau des tailles ne doit \u00eatre utilis\u00e9 qu&#8217;\u00e0 titre indicatif pour vous aider \u00e0 trouver la bonne taille. Chaque personne a des mesures et des pr\u00e9f\u00e9rences qui lui sont propres. Ce tableau ne peut donc pas garantir un ajustement parfait.<\/p>\n<p>V\u00eatement moulant con\u00e7u pour l&#8217;a\u00e9rodynamisme en position cycliste. Pour une sensation moins comprim\u00e9e sur le corps, prenez une taille au-dessus.<\/p>\n<\/div>\n<\/div>\n<p><span style=\"font-size: 20px;\">Besoin d&#8217;un sous-v\u00eatement r\u00e9sistant aux coupures ? Trouvez-le <\/span><a style=\"font-size: 20px; background-color: #ffffff;\" href=\"http:\/\/xactskateshop.com\/product\/apogee-cut-resistant-undersuit\/\">ici<\/a><\/p>\n<div class=\"ks-table-wrapper\">\n<div class=\"ks-html-content\">En savoir plus sur Apogee sports <a href=\"https:\/\/apogee-sports.com\/pages\/nous-sommes-apogee\">ici<\/a><\/div>\n<\/div>\n<\/div>\n<\/div>\n<\/div>\n<\/div>\n","protected":false},"excerpt":{"rendered":"<p>&nbsp;<\/p>\n<hr \/>\n<p style=\"text-align: center;\">La combinaison Courte Piste Apogee est une pi\u00e8ce d&#8217;\u00e9quipement athl\u00e9tique sp\u00e9cialis\u00e9e.<\/p>\n<hr \/>\n<p style=\"text-align: center;\">\n","protected":false},"featured_media":43603,"comment_status":"closed","ping_status":"closed","template":"","meta":{"site-sidebar-layout":"default","site-content-layout":"default","ast-site-content-layout":"default","site-content-style":"default","site-sidebar-style":"default","ast-global-header-display":"","ast-banner-title-visibility":"","ast-main-header-display":"","ast-hfb-above-header-display":"","ast-hfb-below-header-display":"","ast-hfb-mobile-header-display":"","site-post-title":"","ast-breadcrumbs-content":"","ast-featured-img":"","footer-sml-layout":"","theme-transparent-header-meta":"default","adv-header-id-meta":"","stick-header-meta":"","header-above-stick-meta":"","header-main-stick-meta":"","header-below-stick-meta":"","astra-migrate-meta-layouts":"set","ast-page-background-enabled":"default","ast-page-background-meta":{"desktop":{"background-color":"","background-image":"","background-repeat":"repeat","background-position":"center center","background-size":"auto","background-attachment":"scroll","background-type":"","background-media":"","overlay-type":"","overlay-color":"","overlay-opacity":"","overlay-gradient":""},"tablet":{"background-color":"","background-image":"","background-repeat":"repeat","background-position":"center center","background-size":"auto","background-attachment":"scroll","background-type":"","background-media":"","overlay-type":"","overlay-color":"","overlay-opacity":"","overlay-gradient":""},"mobile":{"background-color":"","background-image":"","background-repeat":"repeat","background-position":"center center","background-size":"auto","background-attachment":"scroll","background-type":"","background-media":"","overlay-type":"","overlay-color":"","overlay-opacity":"","overlay-gradient":""}},"ast-content-background-meta":{"desktop":{"background-color":"var(--ast-global-color-5)","background-image":"","background-repeat":"repeat","background-position":"center center","background-size":"auto","background-attachment":"scroll","background-type":"","background-media":"","overlay-type":"","overlay-color":"","overlay-opacity":"","overlay-gradient":""},"tablet":{"background-color":"var(--ast-global-color-5)","background-image":"","background-repeat":"repeat","background-position":"center center","background-size":"auto","background-attachment":"scroll","background-type":"","background-media":"","overlay-type":"","overlay-color":"","overlay-opacity":"","overlay-gradient":""},"mobile":{"background-color":"var(--ast-global-color-5)","background-image":"","background-repeat":"repeat","background-position":"center center","background-size":"auto","background-attachment":"scroll","background-type":"","background-media":"","overlay-type":"","overlay-color":"","overlay-opacity":"","overlay-gradient":""}}},"product_brand":[],"product_cat":[2264,1354,1612],"product_tag":[1385,2192,2199,1356,1394,1395,1403],"class_list":{"0":"post-55354","1":"product","2":"type-product","3":"status-publish","4":"has-post-thumbnail","6":"product_cat-combinaisons-de-patinage-de-vitesse","7":"product_cat-courte-piste","8":"product_cat-equipement-de-protection-patinage-de-vitesse-courte-piste","9":"product_tag-boutique-xactskate","10":"product_tag-combinaison-fr","11":"product_tag-costume","12":"product_tag-courte-piste-fr","13":"product_tag-courte-piste-fr-2","14":"product_tag-patin-de-vitesse-fr","15":"product_tag-patinage-de-vitesse","16":"desktop-align-center","17":"tablet-align-center","18":"mobile-align-center","19":"ast-product-gallery-layout-horizontal","20":"ast-product-gallery-with-no-image","21":"ast-product-single-variable","22":"ast-product-tabs-layout-horizontal","23":"ast-qv-on-image","25":"first","26":"instock","27":"taxable","28":"shipping-taxable","29":"purchasable","30":"product-type-variable"},"bundled_by":[],"bundle_stock_status":"instock","bundle_stock_quantity":null,"bundle_virtual":false,"bundle_layout":"","bundle_add_to_cart_form_location":"","bundle_editable_in_cart":false,"bundle_sold_individually_context":"","bundle_item_grouping":"","bundle_min_size":"","bundle_max_size":"","bundle_price":[],"bundled_items":[],"bundle_sell_ids":[],"yoast_head":"<!-- This site is optimized with the Yoast SEO plugin v27.4 - https:\/\/yoast.com\/product\/yoast-seo-wordpress\/ -->\n<title>Combinaison courte piste APOGEE Generic X - Xact Skate Shop.<\/title>\n<meta name=\"description\" content=\"La combinaison Apogee Courte Piste est une pi\u00e8ce sp\u00e9cialis\u00e9e d&#039;\u00e9quipement athl\u00e9tique. Fabriqu\u00e9e au Canada selon les normes les plus strictes.\" \/>\n<meta name=\"robots\" content=\"index, follow, max-snippet:-1, max-image-preview:large, max-video-preview:-1\" \/>\n<link rel=\"canonical\" href=\"https:\/\/xactskateshop.com\/fr\/produit\/apogee-generic-x-st-skin-suit-2\/\" \/>\n<meta property=\"og:locale\" content=\"fr_FR\" \/>\n<meta property=\"og:type\" content=\"article\" \/>\n<meta property=\"og:title\" content=\"Combinaison courte piste APOGEE Generic X - Xact Skate Shop.\" \/>\n<meta property=\"og:description\" content=\"La combinaison Apogee Courte Piste est une pi\u00e8ce sp\u00e9cialis\u00e9e d&#039;\u00e9quipement athl\u00e9tique. Fabriqu\u00e9e au Canada selon les normes les plus strictes.\" \/>\n<meta property=\"og:url\" content=\"https:\/\/xactskateshop.com\/fr\/produit\/apogee-generic-x-st-skin-suit-2\/\" \/>\n<meta property=\"og:site_name\" content=\"Xact Skate Shop\" \/>\n<meta property=\"article:publisher\" content=\"https:\/\/www.facebook.com\/JeanLouiskateshop\" \/>\n<meta property=\"article:modified_time\" content=\"2025-10-18T18:38:27+00:00\" \/>\n<meta property=\"og:image\" content=\"https:\/\/xactskateshop.com\/wp-content\/uploads\/2023\/10\/generic-x-logo.jpg\" \/>\n\t<meta property=\"og:image:width\" content=\"1000\" \/>\n\t<meta property=\"og:image:height\" content=\"1000\" \/>\n\t<meta property=\"og:image:type\" content=\"image\/jpeg\" \/>\n<meta name=\"twitter:card\" content=\"summary_large_image\" \/>\n<meta name=\"twitter:label1\" content=\"Dur\u00e9e de lecture estim\u00e9e\" \/>\n\t<meta name=\"twitter:data1\" content=\"2 minutes\" \/>\n<script type=\"application\/ld+json\" class=\"yoast-schema-graph\">{\"@context\":\"https:\\\/\\\/schema.org\",\"@graph\":[{\"@type\":\"WebPage\",\"@id\":\"https:\\\/\\\/xactskateshop.com\\\/fr\\\/produit\\\/apogee-generic-x-st-skin-suit-2\\\/\",\"url\":\"https:\\\/\\\/xactskateshop.com\\\/fr\\\/produit\\\/apogee-generic-x-st-skin-suit-2\\\/\",\"name\":\"Combinaison courte piste APOGEE Generic X - Xact Skate Shop.\",\"isPartOf\":{\"@id\":\"http:\\\/\\\/xactskateshop.com\\\/fr\\\/#website\"},\"primaryImageOfPage\":{\"@id\":\"https:\\\/\\\/xactskateshop.com\\\/fr\\\/produit\\\/apogee-generic-x-st-skin-suit-2\\\/#primaryimage\"},\"image\":{\"@id\":\"https:\\\/\\\/xactskateshop.com\\\/fr\\\/produit\\\/apogee-generic-x-st-skin-suit-2\\\/#primaryimage\"},\"thumbnailUrl\":\"https:\\\/\\\/xactskateshop.com\\\/wp-content\\\/uploads\\\/2023\\\/10\\\/generic-x-logo.jpg\",\"datePublished\":\"2023-10-12T20:24:14+00:00\",\"dateModified\":\"2025-10-18T18:38:27+00:00\",\"description\":\"La combinaison Apogee Courte Piste est une pi\u00e8ce sp\u00e9cialis\u00e9e d'\u00e9quipement athl\u00e9tique. Fabriqu\u00e9e au Canada selon les normes les plus strictes.\",\"breadcrumb\":{\"@id\":\"https:\\\/\\\/xactskateshop.com\\\/fr\\\/produit\\\/apogee-generic-x-st-skin-suit-2\\\/#breadcrumb\"},\"inLanguage\":\"fr-FR\",\"potentialAction\":[{\"@type\":\"ReadAction\",\"target\":[\"https:\\\/\\\/xactskateshop.com\\\/fr\\\/produit\\\/apogee-generic-x-st-skin-suit-2\\\/\"]}]},{\"@type\":\"ImageObject\",\"inLanguage\":\"fr-FR\",\"@id\":\"https:\\\/\\\/xactskateshop.com\\\/fr\\\/produit\\\/apogee-generic-x-st-skin-suit-2\\\/#primaryimage\",\"url\":\"https:\\\/\\\/xactskateshop.com\\\/wp-content\\\/uploads\\\/2023\\\/10\\\/generic-x-logo.jpg\",\"contentUrl\":\"https:\\\/\\\/xactskateshop.com\\\/wp-content\\\/uploads\\\/2023\\\/10\\\/generic-x-logo.jpg\",\"width\":1000,\"height\":1000,\"caption\":\"Combinaison Apogee ST\"},{\"@type\":\"BreadcrumbList\",\"@id\":\"https:\\\/\\\/xactskateshop.com\\\/fr\\\/produit\\\/apogee-generic-x-st-skin-suit-2\\\/#breadcrumb\",\"itemListElement\":[{\"@type\":\"ListItem\",\"position\":1,\"name\":\"Home\",\"item\":\"https:\\\/\\\/xactskateshop.com\\\/fr\\\/accueil\\\/\"},{\"@type\":\"ListItem\",\"position\":2,\"name\":\"Boutique\",\"item\":\"https:\\\/\\\/xactskateshop.com\\\/shop\\\/\"},{\"@type\":\"ListItem\",\"position\":3,\"name\":\"Combinaison courte piste APOGEE Generic X\"}]},{\"@type\":\"WebSite\",\"@id\":\"http:\\\/\\\/xactskateshop.com\\\/fr\\\/#website\",\"url\":\"http:\\\/\\\/xactskateshop.com\\\/fr\\\/\",\"name\":\"Xact Skate Shop\",\"description\":\"Un site utilisant WordPress\",\"publisher\":{\"@id\":\"http:\\\/\\\/xactskateshop.com\\\/fr\\\/#organization\"},\"potentialAction\":[{\"@type\":\"SearchAction\",\"target\":{\"@type\":\"EntryPoint\",\"urlTemplate\":\"http:\\\/\\\/xactskateshop.com\\\/fr\\\/?s={search_term_string}\"},\"query-input\":{\"@type\":\"PropertyValueSpecification\",\"valueRequired\":true,\"valueName\":\"search_term_string\"}}],\"inLanguage\":\"fr-FR\"},{\"@type\":\"Organization\",\"@id\":\"http:\\\/\\\/xactskateshop.com\\\/fr\\\/#organization\",\"name\":\"XACT Skate Shop\",\"url\":\"http:\\\/\\\/xactskateshop.com\\\/fr\\\/\",\"logo\":{\"@type\":\"ImageObject\",\"inLanguage\":\"fr-FR\",\"@id\":\"http:\\\/\\\/xactskateshop.com\\\/fr\\\/#\\\/schema\\\/logo\\\/image\\\/\",\"url\":\"http:\\\/\\\/xactskateshop.com\\\/wp-content\\\/uploads\\\/2024\\\/04\\\/xactskateshop-dot-com-avec-contour-noir-sans-fond-675x.jpg\",\"contentUrl\":\"http:\\\/\\\/xactskateshop.com\\\/wp-content\\\/uploads\\\/2024\\\/04\\\/xactskateshop-dot-com-avec-contour-noir-sans-fond-675x.jpg\",\"width\":675,\"height\":247,\"caption\":\"XACT Skate Shop\"},\"image\":{\"@id\":\"http:\\\/\\\/xactskateshop.com\\\/fr\\\/#\\\/schema\\\/logo\\\/image\\\/\"},\"sameAs\":[\"https:\\\/\\\/www.facebook.com\\\/JeanLouiskateshop\"]}]}<\/script>\n<!-- \/ Yoast SEO plugin. -->","yoast_head_json":{"title":"Combinaison courte piste APOGEE Generic X - Xact Skate Shop.","description":"La combinaison Apogee Courte Piste est une pi\u00e8ce sp\u00e9cialis\u00e9e d'\u00e9quipement athl\u00e9tique. Fabriqu\u00e9e au Canada selon les normes les plus strictes.","robots":{"index":"index","follow":"follow","max-snippet":"max-snippet:-1","max-image-preview":"max-image-preview:large","max-video-preview":"max-video-preview:-1"},"canonical":"https:\/\/xactskateshop.com\/fr\/produit\/apogee-generic-x-st-skin-suit-2\/","og_locale":"fr_FR","og_type":"article","og_title":"Combinaison courte piste APOGEE Generic X - Xact Skate Shop.","og_description":"La combinaison Apogee Courte Piste est une pi\u00e8ce sp\u00e9cialis\u00e9e d'\u00e9quipement athl\u00e9tique. Fabriqu\u00e9e au Canada selon les normes les plus strictes.","og_url":"https:\/\/xactskateshop.com\/fr\/produit\/apogee-generic-x-st-skin-suit-2\/","og_site_name":"Xact Skate Shop","article_publisher":"https:\/\/www.facebook.com\/JeanLouiskateshop","article_modified_time":"2025-10-18T18:38:27+00:00","og_image":[{"width":1000,"height":1000,"url":"https:\/\/xactskateshop.com\/wp-content\/uploads\/2023\/10\/generic-x-logo.jpg","type":"image\/jpeg"}],"twitter_card":"summary_large_image","twitter_misc":{"Dur\u00e9e de lecture estim\u00e9e":"2 minutes"},"schema":{"@context":"https:\/\/schema.org","@graph":[{"@type":"WebPage","@id":"https:\/\/xactskateshop.com\/fr\/produit\/apogee-generic-x-st-skin-suit-2\/","url":"https:\/\/xactskateshop.com\/fr\/produit\/apogee-generic-x-st-skin-suit-2\/","name":"Combinaison courte piste APOGEE Generic X - Xact Skate Shop.","isPartOf":{"@id":"http:\/\/xactskateshop.com\/fr\/#website"},"primaryImageOfPage":{"@id":"https:\/\/xactskateshop.com\/fr\/produit\/apogee-generic-x-st-skin-suit-2\/#primaryimage"},"image":{"@id":"https:\/\/xactskateshop.com\/fr\/produit\/apogee-generic-x-st-skin-suit-2\/#primaryimage"},"thumbnailUrl":"https:\/\/xactskateshop.com\/wp-content\/uploads\/2023\/10\/generic-x-logo.jpg","datePublished":"2023-10-12T20:24:14+00:00","dateModified":"2025-10-18T18:38:27+00:00","description":"La combinaison Apogee Courte Piste est une pi\u00e8ce sp\u00e9cialis\u00e9e d'\u00e9quipement athl\u00e9tique. Fabriqu\u00e9e au Canada selon les normes les plus strictes.","breadcrumb":{"@id":"https:\/\/xactskateshop.com\/fr\/produit\/apogee-generic-x-st-skin-suit-2\/#breadcrumb"},"inLanguage":"fr-FR","potentialAction":[{"@type":"ReadAction","target":["https:\/\/xactskateshop.com\/fr\/produit\/apogee-generic-x-st-skin-suit-2\/"]}]},{"@type":"ImageObject","inLanguage":"fr-FR","@id":"https:\/\/xactskateshop.com\/fr\/produit\/apogee-generic-x-st-skin-suit-2\/#primaryimage","url":"https:\/\/xactskateshop.com\/wp-content\/uploads\/2023\/10\/generic-x-logo.jpg","contentUrl":"https:\/\/xactskateshop.com\/wp-content\/uploads\/2023\/10\/generic-x-logo.jpg","width":1000,"height":1000,"caption":"Combinaison Apogee ST"},{"@type":"BreadcrumbList","@id":"https:\/\/xactskateshop.com\/fr\/produit\/apogee-generic-x-st-skin-suit-2\/#breadcrumb","itemListElement":[{"@type":"ListItem","position":1,"name":"Home","item":"https:\/\/xactskateshop.com\/fr\/accueil\/"},{"@type":"ListItem","position":2,"name":"Boutique","item":"https:\/\/xactskateshop.com\/shop\/"},{"@type":"ListItem","position":3,"name":"Combinaison courte piste APOGEE Generic X"}]},{"@type":"WebSite","@id":"http:\/\/xactskateshop.com\/fr\/#website","url":"http:\/\/xactskateshop.com\/fr\/","name":"Xact Skate Shop","description":"Un site utilisant WordPress","publisher":{"@id":"http:\/\/xactskateshop.com\/fr\/#organization"},"potentialAction":[{"@type":"SearchAction","target":{"@type":"EntryPoint","urlTemplate":"http:\/\/xactskateshop.com\/fr\/?s={search_term_string}"},"query-input":{"@type":"PropertyValueSpecification","valueRequired":true,"valueName":"search_term_string"}}],"inLanguage":"fr-FR"},{"@type":"Organization","@id":"http:\/\/xactskateshop.com\/fr\/#organization","name":"XACT Skate Shop","url":"http:\/\/xactskateshop.com\/fr\/","logo":{"@type":"ImageObject","inLanguage":"fr-FR","@id":"http:\/\/xactskateshop.com\/fr\/#\/schema\/logo\/image\/","url":"http:\/\/xactskateshop.com\/wp-content\/uploads\/2024\/04\/xactskateshop-dot-com-avec-contour-noir-sans-fond-675x.jpg","contentUrl":"http:\/\/xactskateshop.com\/wp-content\/uploads\/2024\/04\/xactskateshop-dot-com-avec-contour-noir-sans-fond-675x.jpg","width":675,"height":247,"caption":"XACT Skate Shop"},"image":{"@id":"http:\/\/xactskateshop.com\/fr\/#\/schema\/logo\/image\/"},"sameAs":["https:\/\/www.facebook.com\/JeanLouiskateshop"]}]}},"_links":{"self":[{"href":"https:\/\/xactskateshop.com\/fr\/wp-json\/wp\/v2\/product\/55354","targetHints":{"allow":["GET"]}}],"collection":[{"href":"https:\/\/xactskateshop.com\/fr\/wp-json\/wp\/v2\/product"}],"about":[{"href":"https:\/\/xactskateshop.com\/fr\/wp-json\/wp\/v2\/types\/product"}],"replies":[{"embeddable":true,"href":"https:\/\/xactskateshop.com\/fr\/wp-json\/wp\/v2\/comments?post=55354"}],"wp:featuredmedia":[{"embeddable":true,"href":"https:\/\/xactskateshop.com\/fr\/wp-json\/wp\/v2\/media\/43603"}],"wp:attachment":[{"href":"https:\/\/xactskateshop.com\/fr\/wp-json\/wp\/v2\/media?parent=55354"}],"wp:term":[{"taxonomy":"product_brand","embeddable":true,"href":"https:\/\/xactskateshop.com\/fr\/wp-json\/wp\/v2\/product_brand?post=55354"},{"taxonomy":"product_cat","embeddable":true,"href":"https:\/\/xactskateshop.com\/fr\/wp-json\/wp\/v2\/product_cat?post=55354"},{"taxonomy":"product_tag","embeddable":true,"href":"https:\/\/xactskateshop.com\/fr\/wp-json\/wp\/v2\/product_tag?post=55354"}],"curies":[{"name":"wp","href":"https:\/\/api.w.org\/{rel}","templated":true}]}}