{"id":55343,"date":"2023-10-11T14:20:51","date_gmt":"2023-10-11T18:20:51","guid":{"rendered":"http:\/\/xactskateshop.com\/product\/ehs-acs-st-lames-pm\/"},"modified":"2025-10-04T12:09:31","modified_gmt":"2025-10-04T16:09:31","slug":"ehs-acs-st-lames-pm","status":"publish","type":"product","link":"https:\/\/xactskateshop.com\/fr\/produit\/ehs-acs-st-lames-pm\/","title":{"rendered":"EHS ACS ST Lames PM"},"content":{"rendered":"<h2>EHS ACS ST BLADES<\/h2>\n<div class=\"flex-1 overflow-hidden\">\n<div class=\"react-scroll-to-bottom--css-hwtkh-79elbk h-full dark:bg-gray-800\">\n<div class=\"react-scroll-to-bottom--css-hwtkh-1n7m0yu\">\n<div class=\"flex flex-col text-sm dark:bg-gray-800\">\n<div class=\"group w-full text-token-text-primary border-b border-black\/10 gizmo:border-0 dark:border-gray-900\/50 gizmo:dark:border-0 bg-gray-50 gizmo:bg-transparent dark:bg-[#444654] gizmo:dark:bg-transparent\" data-testid=\"conversation-turn-7\">\n<div class=\"p-4 justify-center text-base md:gap-6 md:py-6 m-auto\">\n<div class=\"flex flex-1 gap-4 text-base mx-auto md:gap-6 gizmo:gap-3 gizmo:md:px-5 gizmo:lg:px-1 gizmo:xl:px-5 md:max-w-2xl lg:max-w-[38rem] gizmo:md:max-w-3xl gizmo:lg:max-w-[40rem] gizmo:xl:max-w-[48rem] xl:max-w-3xl }\">\n<div class=\"relative flex w-[calc(100%-50px)] flex-col gap-1 gizmo:w-full md:gap-3 lg:w-[calc(100%-115px)] agent-turn\">\n<div class=\"flex flex-grow flex-col gap-3 max-w-full\">\n<div class=\"min-h-[20px] flex flex-col items-start gap-3 whitespace-pre-wrap break-words overflow-x-auto\">\n<div class=\"markdown prose w-full break-words dark:prose-invert light\">\n<p>D\u00e9composition des principales caract\u00e9ristiques et sp\u00e9cifications de ces lames :<\/p>\n<ul>\n<li><strong>Mod\u00e8le pr\u00e9-courb\u00e9<\/strong>: Con\u00e7u comme un mod\u00e8le pr\u00e9-courb\u00e9, ce qui signifie qu&#8217;il a un rayon de courbure pr\u00e9d\u00e9termin\u00e9. Destin\u00e9e aux patineurs qui pr\u00e9f\u00e8rent une stabilit\u00e9 et une adh\u00e9rence accrues lorsqu&#8217;ils prennent des virages sur la glace, la forme pr\u00e9-courb\u00e9e peut aider les patineurs \u00e0 garder le contr\u00f4le dans les virages.<\/li>\n<li><strong>Mat\u00e9riau<\/strong>: Fabriqu\u00e9 \u00e0 partir d&#8217;aluminium de la plus haute qualit\u00e9 provenant des Pays-Bas ; mat\u00e9riau choisi pour sa durabilit\u00e9 et ses propri\u00e9t\u00e9s de l\u00e9g\u00e8ret\u00e9, qui sont importantes pour les patineurs de vitesse.<\/li>\n<li><strong>Mat\u00e9riau des patins<\/strong>: Fabriqu\u00e9s en acier PM (Powder Metallurgy) ou bi-m\u00e9tal de premi\u00e8re qualit\u00e9 provenant d&#8217;Autriche, les patins sont la partie de la lame qui entre en contact direct avec la glace. Pr\u00e9par\u00e9s avec les tol\u00e9rances les plus \u00e9lev\u00e9es de l&#8217;industrie, ces mat\u00e9riaux garantissent des performances constantes et de haute qualit\u00e9.<\/li>\n<li><strong>Poutrelles de renforcement<\/strong>: Les pales sont dot\u00e9es de poutres de renforcement au niveau des supports des coupelles. Ces poutres sont con\u00e7ues pour accro\u00eetre la stabilit\u00e9 et le contr\u00f4le. Les supports de coupelles sont les points de fixation entre les lames et la botte ou le cadre. Les poutres de renforcement am\u00e9liorent la rigidit\u00e9 et la fiabilit\u00e9 globales de la lame.<\/li>\n<li><strong>Assemblage<\/strong>: L&#8217;assemblage est r\u00e9alis\u00e9 en interne par les artisans de Hagen Techniek. R\u00e9alis\u00e9 avec pr\u00e9cision et expertise, le processus de fabrication et d&#8217;assemblage est important pour garantir la qualit\u00e9 du produit final.<\/li>\n<li><strong>Construction du gobelet<\/strong>: Construite en aluminium plus l\u00e9ger et plus r\u00e9sistant. Ce choix de construction ajoute de la rigidit\u00e9 et de la durabilit\u00e9 aux lames. L&#8217;utilisation d&#8217;aluminium \u00e0 haute r\u00e9sistance permet de maintenir l&#8217;int\u00e9grit\u00e9 structurelle tout en conservant la l\u00e9g\u00e8ret\u00e9 des lames.<\/li>\n<\/ul>\n<p>Dans l&#8217;ensemble, les lames EHS ACS ST sont con\u00e7ues pour les patineurs de vitesse qui privil\u00e9gient la stabilit\u00e9 et le contr\u00f4le, en particulier dans les virages. La combinaison d&#8217;aluminium de haute qualit\u00e9, de mat\u00e9riaux de glissement de premi\u00e8re qualit\u00e9, de poutres de renfort et l&#8217;assemblage pr\u00e9cis par des artisans qualifi\u00e9s sugg\u00e8rent que ces lames mettent l&#8217;accent sur la qualit\u00e9 et la performance. Le choix des mat\u00e9riaux et des caract\u00e9ristiques de conception s&#8217;aligne sur les exigences du patinage de vitesse de comp\u00e9tition.<\/p>\n<\/div>\n<\/div>\n<\/div>\n<\/div>\n<\/div>\n<\/div>\n<\/div>\n<\/div>\n<\/div>\n<\/div>\n<\/div>\n<h6><strong>Lames EHS ACS ST Rigidit\u00e9 : Ferme pour les patineurs de 145lbs &#8211; +<\/strong><\/h6>\n<h3><\/h3>\n<h3><\/h3>\n<h6><span style=\"color: #ff0000;\">Pr\u00e9paration des lames : Nous faisons un rocker progressif ST-9 sur ces lames.<\/span><span style=\"color: #0000ff;\"> <a style=\"color: #0000ff;\" href=\"http:\/\/xactskateshop.com\/product\/short-track-blade-rockering\/\">(voir les num\u00e9ros ici)<\/a> <\/span><span style=\"color: #ff0000;\">ainsi que le bend correspondant<\/span><\/h6>\n<h3 style=\"text-align: center;\"><\/h3>\n<h3><\/h3>\n<h3 style=\"text-align: left;\"><span style=\"font-size: 16px; font-style: normal; font-weight: 400;\">Pour en savoir plus sur l&#8217;ESS <\/span><a style=\"font-size: 16px; font-style: normal; font-weight: 400; background-color: #ffffff;\" href=\"https:\/\/www.ehskates.com\/team-1\">ici<\/a><\/h3>\n","protected":false},"excerpt":{"rendered":"<p>&nbsp;<\/p>\n<hr \/>\n<p style=\"text-align: center;\">Les lames EHS ACS ST sont con\u00e7ues pour les patineurs de vitesse qui privil\u00e9gient la stabilit\u00e9 et le contr\u00f4le, en particulier dans les virages.<\/p>\n<hr \/>\n<p>&nbsp;<\/p>\n","protected":false},"featured_media":30213,"comment_status":"open","ping_status":"closed","template":"","meta":{"site-sidebar-layout":"default","site-content-layout":"default","ast-site-content-layout":"default","site-content-style":"default","site-sidebar-style":"default","ast-global-header-display":"","ast-banner-title-visibility":"","ast-main-header-display":"","ast-hfb-above-header-display":"","ast-hfb-below-header-display":"","ast-hfb-mobile-header-display":"","site-post-title":"","ast-breadcrumbs-content":"","ast-featured-img":"","footer-sml-layout":"","theme-transparent-header-meta":"default","adv-header-id-meta":"","stick-header-meta":"","header-above-stick-meta":"","header-main-stick-meta":"","header-below-stick-meta":"","astra-migrate-meta-layouts":"set","ast-page-background-enabled":"default","ast-page-background-meta":{"desktop":{"background-color":"","background-image":"","background-repeat":"repeat","background-position":"center center","background-size":"auto","background-attachment":"scroll","background-type":"","background-media":"","overlay-type":"","overlay-color":"","overlay-opacity":"","overlay-gradient":""},"tablet":{"background-color":"","background-image":"","background-repeat":"repeat","background-position":"center center","background-size":"auto","background-attachment":"scroll","background-type":"","background-media":"","overlay-type":"","overlay-color":"","overlay-opacity":"","overlay-gradient":""},"mobile":{"background-color":"","background-image":"","background-repeat":"repeat","background-position":"center center","background-size":"auto","background-attachment":"scroll","background-type":"","background-media":"","overlay-type":"","overlay-color":"","overlay-opacity":"","overlay-gradient":""}},"ast-content-background-meta":{"desktop":{"background-color":"var(--ast-global-color-5)","background-image":"","background-repeat":"repeat","background-position":"center center","background-size":"auto","background-attachment":"scroll","background-type":"","background-media":"","overlay-type":"","overlay-color":"","overlay-opacity":"","overlay-gradient":""},"tablet":{"background-color":"var(--ast-global-color-5)","background-image":"","background-repeat":"repeat","background-position":"center center","background-size":"auto","background-attachment":"scroll","background-type":"","background-media":"","overlay-type":"","overlay-color":"","overlay-opacity":"","overlay-gradient":""},"mobile":{"background-color":"var(--ast-global-color-5)","background-image":"","background-repeat":"repeat","background-position":"center center","background-size":"auto","background-attachment":"scroll","background-type":"","background-media":"","overlay-type":"","overlay-color":"","overlay-opacity":"","overlay-gradient":""}}},"product_brand":[],"product_cat":[1354,1457,1353],"product_tag":[1356,2385,2388,1397,2380],"class_list":{"0":"post-55343","1":"product","2":"type-product","3":"status-publish","4":"has-post-thumbnail","6":"product_cat-courte-piste","7":"product_cat-lames-et-pieces-patinage-de-vitesse-courte-piste","8":"product_cat-patinage-de-vitesse","9":"product_tag-courte-piste-fr","10":"product_tag-ehs-fr","11":"product_tag-ehs-st-fr","12":"product_tag-lames-de-st","13":"product_tag-lames-de-st-ehs","14":"desktop-align-center","15":"tablet-align-center","16":"mobile-align-center","17":"ast-product-gallery-layout-horizontal","18":"ast-product-single-variable","19":"ast-product-tabs-layout-horizontal","20":"ast-qv-on-image","22":"first","23":"instock","24":"taxable","25":"shipping-taxable","26":"purchasable","27":"product-type-variable"},"bundled_by":[],"bundle_stock_status":"instock","bundle_stock_quantity":null,"bundle_virtual":false,"bundle_layout":"","bundle_add_to_cart_form_location":"","bundle_editable_in_cart":false,"bundle_sold_individually_context":"","bundle_item_grouping":"","bundle_min_size":"","bundle_max_size":"","bundle_price":[],"bundled_items":[],"bundle_sell_ids":[],"yoast_head":"<!-- This site is optimized with the Yoast SEO plugin v27.4 - https:\/\/yoast.com\/product\/yoast-seo-wordpress\/ -->\n<title>EHS ACS ST BLADES - %.<\/title>\n<meta name=\"description\" content=\"LAMES EHS ACS ST. Les lames EHS ACS ST sont con\u00e7ues pour les patineurs de vitesse qui privil\u00e9gient la stabilit\u00e9 et le contr\u00f4le, en particulier dans les virages.\" \/>\n<meta name=\"robots\" content=\"index, follow, max-snippet:-1, max-image-preview:large, max-video-preview:-1\" \/>\n<link rel=\"canonical\" href=\"https:\/\/xactskateshop.com\/fr\/produit\/ehs-acs-st-lames-pm\/\" \/>\n<meta property=\"og:locale\" content=\"fr_FR\" \/>\n<meta property=\"og:type\" content=\"article\" \/>\n<meta property=\"og:title\" content=\"EHS ACS ST BLADES - %.\" \/>\n<meta property=\"og:description\" content=\"LAMES EHS ACS ST. Les lames EHS ACS ST sont con\u00e7ues pour les patineurs de vitesse qui privil\u00e9gient la stabilit\u00e9 et le contr\u00f4le, en particulier dans les virages.\" \/>\n<meta property=\"og:url\" content=\"https:\/\/xactskateshop.com\/fr\/produit\/ehs-acs-st-lames-pm\/\" \/>\n<meta property=\"og:site_name\" content=\"Xact Skate Shop\" \/>\n<meta property=\"article:publisher\" content=\"https:\/\/www.facebook.com\/JeanLouiskateshop\" \/>\n<meta property=\"article:modified_time\" content=\"2025-10-04T16:09:31+00:00\" \/>\n<meta property=\"og:image\" content=\"https:\/\/xactskateshop.com\/wp-content\/uploads\/2023\/10\/acs-pm-1.jpg\" \/>\n\t<meta property=\"og:image:width\" content=\"1000\" \/>\n\t<meta property=\"og:image:height\" content=\"1000\" \/>\n\t<meta property=\"og:image:type\" content=\"image\/jpeg\" \/>\n<meta name=\"twitter:card\" content=\"summary_large_image\" \/>\n<meta name=\"twitter:label1\" content=\"Dur\u00e9e de lecture estim\u00e9e\" \/>\n\t<meta name=\"twitter:data1\" content=\"2 minutes\" \/>\n<script type=\"application\/ld+json\" class=\"yoast-schema-graph\">{\"@context\":\"https:\\\/\\\/schema.org\",\"@graph\":[{\"@type\":\"WebPage\",\"@id\":\"https:\\\/\\\/xactskateshop.com\\\/fr\\\/produit\\\/ehs-acs-st-lames-pm\\\/\",\"url\":\"https:\\\/\\\/xactskateshop.com\\\/fr\\\/produit\\\/ehs-acs-st-lames-pm\\\/\",\"name\":\"EHS ACS ST BLADES - %.\",\"isPartOf\":{\"@id\":\"http:\\\/\\\/xactskateshop.com\\\/fr\\\/#website\"},\"primaryImageOfPage\":{\"@id\":\"https:\\\/\\\/xactskateshop.com\\\/fr\\\/produit\\\/ehs-acs-st-lames-pm\\\/#primaryimage\"},\"image\":{\"@id\":\"https:\\\/\\\/xactskateshop.com\\\/fr\\\/produit\\\/ehs-acs-st-lames-pm\\\/#primaryimage\"},\"thumbnailUrl\":\"https:\\\/\\\/xactskateshop.com\\\/wp-content\\\/uploads\\\/2023\\\/10\\\/acs-pm-1.jpg\",\"datePublished\":\"2023-10-11T18:20:51+00:00\",\"dateModified\":\"2025-10-04T16:09:31+00:00\",\"description\":\"LAMES EHS ACS ST. Les lames EHS ACS ST sont con\u00e7ues pour les patineurs de vitesse qui privil\u00e9gient la stabilit\u00e9 et le contr\u00f4le, en particulier dans les virages.\",\"breadcrumb\":{\"@id\":\"https:\\\/\\\/xactskateshop.com\\\/fr\\\/produit\\\/ehs-acs-st-lames-pm\\\/#breadcrumb\"},\"inLanguage\":\"fr-FR\",\"potentialAction\":[{\"@type\":\"ReadAction\",\"target\":[\"https:\\\/\\\/xactskateshop.com\\\/fr\\\/produit\\\/ehs-acs-st-lames-pm\\\/\"]}]},{\"@type\":\"ImageObject\",\"inLanguage\":\"fr-FR\",\"@id\":\"https:\\\/\\\/xactskateshop.com\\\/fr\\\/produit\\\/ehs-acs-st-lames-pm\\\/#primaryimage\",\"url\":\"https:\\\/\\\/xactskateshop.com\\\/wp-content\\\/uploads\\\/2023\\\/10\\\/acs-pm-1.jpg\",\"contentUrl\":\"https:\\\/\\\/xactskateshop.com\\\/wp-content\\\/uploads\\\/2023\\\/10\\\/acs-pm-1.jpg\",\"width\":1000,\"height\":1000,\"caption\":\"Lames EHS ACS ST\"},{\"@type\":\"BreadcrumbList\",\"@id\":\"https:\\\/\\\/xactskateshop.com\\\/fr\\\/produit\\\/ehs-acs-st-lames-pm\\\/#breadcrumb\",\"itemListElement\":[{\"@type\":\"ListItem\",\"position\":1,\"name\":\"Home\",\"item\":\"https:\\\/\\\/xactskateshop.com\\\/fr\\\/accueil\\\/\"},{\"@type\":\"ListItem\",\"position\":2,\"name\":\"Boutique\",\"item\":\"https:\\\/\\\/xactskateshop.com\\\/shop\\\/\"},{\"@type\":\"ListItem\",\"position\":3,\"name\":\"EHS ACS ST Lames PM\"}]},{\"@type\":\"WebSite\",\"@id\":\"http:\\\/\\\/xactskateshop.com\\\/fr\\\/#website\",\"url\":\"http:\\\/\\\/xactskateshop.com\\\/fr\\\/\",\"name\":\"Xact Skate Shop\",\"description\":\"Un site utilisant WordPress\",\"publisher\":{\"@id\":\"http:\\\/\\\/xactskateshop.com\\\/fr\\\/#organization\"},\"potentialAction\":[{\"@type\":\"SearchAction\",\"target\":{\"@type\":\"EntryPoint\",\"urlTemplate\":\"http:\\\/\\\/xactskateshop.com\\\/fr\\\/?s={search_term_string}\"},\"query-input\":{\"@type\":\"PropertyValueSpecification\",\"valueRequired\":true,\"valueName\":\"search_term_string\"}}],\"inLanguage\":\"fr-FR\"},{\"@type\":\"Organization\",\"@id\":\"http:\\\/\\\/xactskateshop.com\\\/fr\\\/#organization\",\"name\":\"XACT Skate Shop\",\"url\":\"http:\\\/\\\/xactskateshop.com\\\/fr\\\/\",\"logo\":{\"@type\":\"ImageObject\",\"inLanguage\":\"fr-FR\",\"@id\":\"http:\\\/\\\/xactskateshop.com\\\/fr\\\/#\\\/schema\\\/logo\\\/image\\\/\",\"url\":\"http:\\\/\\\/xactskateshop.com\\\/wp-content\\\/uploads\\\/2024\\\/04\\\/xactskateshop-dot-com-avec-contour-noir-sans-fond-675x.jpg\",\"contentUrl\":\"http:\\\/\\\/xactskateshop.com\\\/wp-content\\\/uploads\\\/2024\\\/04\\\/xactskateshop-dot-com-avec-contour-noir-sans-fond-675x.jpg\",\"width\":675,\"height\":247,\"caption\":\"XACT Skate Shop\"},\"image\":{\"@id\":\"http:\\\/\\\/xactskateshop.com\\\/fr\\\/#\\\/schema\\\/logo\\\/image\\\/\"},\"sameAs\":[\"https:\\\/\\\/www.facebook.com\\\/JeanLouiskateshop\"]}]}<\/script>\n<!-- \/ Yoast SEO plugin. -->","yoast_head_json":{"title":"EHS ACS ST BLADES - %.","description":"LAMES EHS ACS ST. Les lames EHS ACS ST sont con\u00e7ues pour les patineurs de vitesse qui privil\u00e9gient la stabilit\u00e9 et le contr\u00f4le, en particulier dans les virages.","robots":{"index":"index","follow":"follow","max-snippet":"max-snippet:-1","max-image-preview":"max-image-preview:large","max-video-preview":"max-video-preview:-1"},"canonical":"https:\/\/xactskateshop.com\/fr\/produit\/ehs-acs-st-lames-pm\/","og_locale":"fr_FR","og_type":"article","og_title":"EHS ACS ST BLADES - %.","og_description":"LAMES EHS ACS ST. Les lames EHS ACS ST sont con\u00e7ues pour les patineurs de vitesse qui privil\u00e9gient la stabilit\u00e9 et le contr\u00f4le, en particulier dans les virages.","og_url":"https:\/\/xactskateshop.com\/fr\/produit\/ehs-acs-st-lames-pm\/","og_site_name":"Xact Skate Shop","article_publisher":"https:\/\/www.facebook.com\/JeanLouiskateshop","article_modified_time":"2025-10-04T16:09:31+00:00","og_image":[{"width":1000,"height":1000,"url":"https:\/\/xactskateshop.com\/wp-content\/uploads\/2023\/10\/acs-pm-1.jpg","type":"image\/jpeg"}],"twitter_card":"summary_large_image","twitter_misc":{"Dur\u00e9e de lecture estim\u00e9e":"2 minutes"},"schema":{"@context":"https:\/\/schema.org","@graph":[{"@type":"WebPage","@id":"https:\/\/xactskateshop.com\/fr\/produit\/ehs-acs-st-lames-pm\/","url":"https:\/\/xactskateshop.com\/fr\/produit\/ehs-acs-st-lames-pm\/","name":"EHS ACS ST BLADES - %.","isPartOf":{"@id":"http:\/\/xactskateshop.com\/fr\/#website"},"primaryImageOfPage":{"@id":"https:\/\/xactskateshop.com\/fr\/produit\/ehs-acs-st-lames-pm\/#primaryimage"},"image":{"@id":"https:\/\/xactskateshop.com\/fr\/produit\/ehs-acs-st-lames-pm\/#primaryimage"},"thumbnailUrl":"https:\/\/xactskateshop.com\/wp-content\/uploads\/2023\/10\/acs-pm-1.jpg","datePublished":"2023-10-11T18:20:51+00:00","dateModified":"2025-10-04T16:09:31+00:00","description":"LAMES EHS ACS ST. Les lames EHS ACS ST sont con\u00e7ues pour les patineurs de vitesse qui privil\u00e9gient la stabilit\u00e9 et le contr\u00f4le, en particulier dans les virages.","breadcrumb":{"@id":"https:\/\/xactskateshop.com\/fr\/produit\/ehs-acs-st-lames-pm\/#breadcrumb"},"inLanguage":"fr-FR","potentialAction":[{"@type":"ReadAction","target":["https:\/\/xactskateshop.com\/fr\/produit\/ehs-acs-st-lames-pm\/"]}]},{"@type":"ImageObject","inLanguage":"fr-FR","@id":"https:\/\/xactskateshop.com\/fr\/produit\/ehs-acs-st-lames-pm\/#primaryimage","url":"https:\/\/xactskateshop.com\/wp-content\/uploads\/2023\/10\/acs-pm-1.jpg","contentUrl":"https:\/\/xactskateshop.com\/wp-content\/uploads\/2023\/10\/acs-pm-1.jpg","width":1000,"height":1000,"caption":"Lames EHS ACS ST"},{"@type":"BreadcrumbList","@id":"https:\/\/xactskateshop.com\/fr\/produit\/ehs-acs-st-lames-pm\/#breadcrumb","itemListElement":[{"@type":"ListItem","position":1,"name":"Home","item":"https:\/\/xactskateshop.com\/fr\/accueil\/"},{"@type":"ListItem","position":2,"name":"Boutique","item":"https:\/\/xactskateshop.com\/shop\/"},{"@type":"ListItem","position":3,"name":"EHS ACS ST Lames PM"}]},{"@type":"WebSite","@id":"http:\/\/xactskateshop.com\/fr\/#website","url":"http:\/\/xactskateshop.com\/fr\/","name":"Xact Skate Shop","description":"Un site utilisant WordPress","publisher":{"@id":"http:\/\/xactskateshop.com\/fr\/#organization"},"potentialAction":[{"@type":"SearchAction","target":{"@type":"EntryPoint","urlTemplate":"http:\/\/xactskateshop.com\/fr\/?s={search_term_string}"},"query-input":{"@type":"PropertyValueSpecification","valueRequired":true,"valueName":"search_term_string"}}],"inLanguage":"fr-FR"},{"@type":"Organization","@id":"http:\/\/xactskateshop.com\/fr\/#organization","name":"XACT Skate Shop","url":"http:\/\/xactskateshop.com\/fr\/","logo":{"@type":"ImageObject","inLanguage":"fr-FR","@id":"http:\/\/xactskateshop.com\/fr\/#\/schema\/logo\/image\/","url":"http:\/\/xactskateshop.com\/wp-content\/uploads\/2024\/04\/xactskateshop-dot-com-avec-contour-noir-sans-fond-675x.jpg","contentUrl":"http:\/\/xactskateshop.com\/wp-content\/uploads\/2024\/04\/xactskateshop-dot-com-avec-contour-noir-sans-fond-675x.jpg","width":675,"height":247,"caption":"XACT Skate Shop"},"image":{"@id":"http:\/\/xactskateshop.com\/fr\/#\/schema\/logo\/image\/"},"sameAs":["https:\/\/www.facebook.com\/JeanLouiskateshop"]}]}},"_links":{"self":[{"href":"https:\/\/xactskateshop.com\/fr\/wp-json\/wp\/v2\/product\/55343","targetHints":{"allow":["GET"]}}],"collection":[{"href":"https:\/\/xactskateshop.com\/fr\/wp-json\/wp\/v2\/product"}],"about":[{"href":"https:\/\/xactskateshop.com\/fr\/wp-json\/wp\/v2\/types\/product"}],"replies":[{"embeddable":true,"href":"https:\/\/xactskateshop.com\/fr\/wp-json\/wp\/v2\/comments?post=55343"}],"wp:featuredmedia":[{"embeddable":true,"href":"https:\/\/xactskateshop.com\/fr\/wp-json\/wp\/v2\/media\/30213"}],"wp:attachment":[{"href":"https:\/\/xactskateshop.com\/fr\/wp-json\/wp\/v2\/media?parent=55343"}],"wp:term":[{"taxonomy":"product_brand","embeddable":true,"href":"https:\/\/xactskateshop.com\/fr\/wp-json\/wp\/v2\/product_brand?post=55343"},{"taxonomy":"product_cat","embeddable":true,"href":"https:\/\/xactskateshop.com\/fr\/wp-json\/wp\/v2\/product_cat?post=55343"},{"taxonomy":"product_tag","embeddable":true,"href":"https:\/\/xactskateshop.com\/fr\/wp-json\/wp\/v2\/product_tag?post=55343"}],"curies":[{"name":"wp","href":"https:\/\/api.w.org\/{rel}","templated":true}]}}