{"id":55258,"date":"2023-10-11T16:49:01","date_gmt":"2023-10-11T20:49:01","guid":{"rendered":"http:\/\/xactskateshop.com\/product\/ehs-quantum-st-lames-bi-metal\/"},"modified":"2025-10-18T14:51:09","modified_gmt":"2025-10-18T18:51:09","slug":"ehs-quantum-st-lames-bi-metal","status":"publish","type":"product","link":"https:\/\/xactskateshop.com\/fr\/produit\/ehs-quantum-st-lames-bi-metal\/","title":{"rendered":"Lames EHS QUANTUM ST Bi-M\u00e9tal"},"content":{"rendered":"<h4>LAMES EHS QUANTUM ST<\/h4>\n<div class=\"flex-1 overflow-hidden\">\n<div class=\"react-scroll-to-bottom--css-hwtkh-79elbk h-full dark:bg-gray-800\">\n<div class=\"react-scroll-to-bottom--css-hwtkh-1n7m0yu\">\n<div class=\"flex flex-col text-sm dark:bg-gray-800\">\n<div class=\"group w-full text-token-text-primary border-b border-black\/10 gizmo:border-0 dark:border-gray-900\/50 gizmo:dark:border-0 bg-gray-50 gizmo:bg-transparent dark:bg-[#444654] gizmo:dark:bg-transparent\" data-testid=\"conversation-turn-7\">\n<div class=\"p-4 justify-center text-base md:gap-6 md:py-6 m-auto\">\n<div class=\"flex flex-1 gap-4 text-base mx-auto md:gap-6 gizmo:gap-3 gizmo:md:px-5 gizmo:lg:px-1 gizmo:xl:px-5 md:max-w-2xl lg:max-w-[38rem] gizmo:md:max-w-3xl gizmo:lg:max-w-[40rem] gizmo:xl:max-w-[48rem] xl:max-w-3xl }\">\n<div class=\"relative flex w-[calc(100%-50px)] flex-col gap-1 gizmo:w-full md:gap-3 lg:w-[calc(100%-115px)] agent-turn\">\n<div class=\"flex flex-grow flex-col gap-3 max-w-full\">\n<div class=\"min-h-[20px] flex flex-col items-start gap-3 whitespace-pre-wrap break-words overflow-x-auto\">\n<div class=\"markdown prose w-full break-words dark:prose-invert light\">\n<p>Voici un aper\u00e7u des points cl\u00e9s des lames EHS QUANTUM ST :<\/p>\n<ul>\n<li><strong>Exp\u00e9rience et expertise<\/strong>: Des ann\u00e9es d&#8217;exp\u00e9rience dans la construction de lames Courte Piste.<\/li>\n<li><strong>Incorporation des derni\u00e8res technologies<\/strong>: Les derni\u00e8res technologies et techniques appliqu\u00e9es \u00e0 l&#8217;ing\u00e9nierie pour am\u00e9liorer la lame Quantum, c&#8217;est un engagement en faveur de l&#8217;innovation et de la mise \u00e0 jour des progr\u00e8s.<\/li>\n<li><strong>Flexibilit\u00e9 pour les patineurs<\/strong>: Con\u00e7ue pour les patineurs qui pr\u00e9f\u00e8rent une lame plus flexible, offrant plus de sensations et de retour d&#8217;information. Il s&#8217;agit d&#8217;une compr\u00e9hension des pr\u00e9f\u00e9rences et des besoins des diff\u00e9rents patineurs.<\/li>\n<li><strong>Mat\u00e9riaux de haute qualit\u00e9<\/strong>: L&#8217;aluminium et l&#8217;acier <span style=\"font-size: 16px; font-style: normal; font-weight: 400;\">proviennent <\/span>des Pays-Bas et d&#8217;Autriche, pays r\u00e9put\u00e9s pour leurs m\u00e9taux de haute qualit\u00e9. Cela souligne la qualit\u00e9 des mat\u00e9riaux utilis\u00e9s dans les lames Quantum.<\/li>\n<li><strong>Patins en acier de premi\u00e8re qualit\u00e9<\/strong>: Les patins en acier PM ou bi-m\u00e9tal de premi\u00e8re qualit\u00e9 soulignent l&#8217;attention port\u00e9e \u00e0 la qualit\u00e9 et \u00e0 la performance.<\/li>\n<li><strong>Fabrication aux Pays-Bas<\/strong>: Nous r\u00e9alisons toutes les \u00e9tapes du processus d&#8217;ing\u00e9nierie chez Hagen Techniek aux Pays-Bas. C&#8217;est un gage de qualit\u00e9 et de pr\u00e9cision dans la fabrication.<\/li>\n<li><strong>Coupes personnalisables<\/strong>: Les coupelles pour les lames sont fabriqu\u00e9es en aluminium l\u00e9ger de premi\u00e8re qualit\u00e9 et peuvent \u00eatre command\u00e9es en diff\u00e9rentes hauteurs, offrant aux patineurs des options de personnalisation en fonction de leurs pr\u00e9f\u00e9rences.<\/li>\n<\/ul>\n<p>Dans l&#8217;ensemble, la lame Quantum met l&#8217;accent sur la qualit\u00e9, la technologie et la satisfaction des besoins sp\u00e9cifiques des patineurs, ce qui est attrayant pour les patineurs \u00e0 la recherche de lames de patinage de haute performance.<\/p>\n<\/div>\n<\/div>\n<\/div>\n<\/div>\n<\/div>\n<\/div>\n<\/div>\n<\/div>\n<\/div>\n<\/div>\n<\/div>\n<p><strong>Lames EHS QUANTUM ST Rigidit\u00e9 : Flex pour les patineurs de 145lbs &#8211; moins<\/strong><\/p>\n<h6 style=\"text-align: left;\"><span style=\"color: #ff0000;\">Pr\u00e9paration des lames : Nous faisons un rocker progressif ST-9 sur ces lames.<\/span> <span style=\"color: #0000ff;\"><a style=\"color: #0000ff;\" href=\"http:\/\/xactskateshop.com\/product\/short-track-blade-rockering\/\">(voir les num\u00e9ros ici)<\/a><\/span> <span style=\"color: #ff0000;\">ainsi que le bend correspondant<\/span><\/h6>\n<p>Pour en savoir plus sur l&#8217;EHS <a href=\"https:\/\/ehs-staybent.com\/pages\/about-us\">ici<\/a><\/p>\n","protected":false},"excerpt":{"rendered":"<p>&nbsp;<\/p>\n<hr \/>\n<p style=\"text-align: center;\">Les lames EHS Quantum ST mettent l&#8217;accent sur la qualit\u00e9, la technologie et la satisfaction des besoins sp\u00e9cifiques des patineurs, ce qui s\u00e9duit les patineurs \u00e0 la recherche de lames de patinage de haute performance.<\/p>\n<hr \/>\n<p>&nbsp;<\/p>\n","protected":false},"featured_media":30215,"comment_status":"open","ping_status":"closed","template":"","meta":{"site-sidebar-layout":"default","site-content-layout":"default","ast-site-content-layout":"default","site-content-style":"default","site-sidebar-style":"default","ast-global-header-display":"","ast-banner-title-visibility":"","ast-main-header-display":"","ast-hfb-above-header-display":"","ast-hfb-below-header-display":"","ast-hfb-mobile-header-display":"","site-post-title":"","ast-breadcrumbs-content":"","ast-featured-img":"","footer-sml-layout":"","theme-transparent-header-meta":"default","adv-header-id-meta":"","stick-header-meta":"","header-above-stick-meta":"","header-main-stick-meta":"","header-below-stick-meta":"","astra-migrate-meta-layouts":"set","ast-page-background-enabled":"default","ast-page-background-meta":{"desktop":{"background-color":"","background-image":"","background-repeat":"repeat","background-position":"center center","background-size":"auto","background-attachment":"scroll","background-type":"","background-media":"","overlay-type":"","overlay-color":"","overlay-opacity":"","overlay-gradient":""},"tablet":{"background-color":"","background-image":"","background-repeat":"repeat","background-position":"center center","background-size":"auto","background-attachment":"scroll","background-type":"","background-media":"","overlay-type":"","overlay-color":"","overlay-opacity":"","overlay-gradient":""},"mobile":{"background-color":"","background-image":"","background-repeat":"repeat","background-position":"center center","background-size":"auto","background-attachment":"scroll","background-type":"","background-media":"","overlay-type":"","overlay-color":"","overlay-opacity":"","overlay-gradient":""}},"ast-content-background-meta":{"desktop":{"background-color":"var(--ast-global-color-5)","background-image":"","background-repeat":"repeat","background-position":"center center","background-size":"auto","background-attachment":"scroll","background-type":"","background-media":"","overlay-type":"","overlay-color":"","overlay-opacity":"","overlay-gradient":""},"tablet":{"background-color":"var(--ast-global-color-5)","background-image":"","background-repeat":"repeat","background-position":"center center","background-size":"auto","background-attachment":"scroll","background-type":"","background-media":"","overlay-type":"","overlay-color":"","overlay-opacity":"","overlay-gradient":""},"mobile":{"background-color":"var(--ast-global-color-5)","background-image":"","background-repeat":"repeat","background-position":"center center","background-size":"auto","background-attachment":"scroll","background-type":"","background-media":"","overlay-type":"","overlay-color":"","overlay-opacity":"","overlay-gradient":""}}},"product_brand":[],"product_cat":[1354,1457,1353],"product_tag":[1356,2385,2388,1397,2380],"class_list":{"0":"post-55258","1":"product","2":"type-product","3":"status-publish","4":"has-post-thumbnail","6":"product_cat-courte-piste","7":"product_cat-lames-et-pieces-patinage-de-vitesse-courte-piste","8":"product_cat-patinage-de-vitesse","9":"product_tag-courte-piste-fr","10":"product_tag-ehs-fr","11":"product_tag-ehs-st-fr","12":"product_tag-lames-de-st","13":"product_tag-lames-de-st-ehs","14":"desktop-align-center","15":"tablet-align-center","16":"mobile-align-center","17":"ast-product-gallery-layout-horizontal","18":"ast-product-single-variable","19":"ast-product-tabs-layout-horizontal","20":"ast-qv-on-image","22":"first","23":"instock","24":"taxable","25":"shipping-taxable","26":"purchasable","27":"product-type-variable"},"bundled_by":[],"bundle_stock_status":"instock","bundle_stock_quantity":null,"bundle_virtual":false,"bundle_layout":"","bundle_add_to_cart_form_location":"","bundle_editable_in_cart":false,"bundle_sold_individually_context":"","bundle_item_grouping":"","bundle_min_size":"","bundle_max_size":"","bundle_price":[],"bundled_items":[],"bundle_sell_ids":[],"yoast_head":"<!-- This site is optimized with the Yoast SEO plugin v27.4 - https:\/\/yoast.com\/product\/yoast-seo-wordpress\/ -->\n<title>Lames EHS QUANTUM ST Bi-M\u00e9tal - Xact Skate Shop<\/title>\n<meta name=\"description\" content=\"Les lames EHS QUANTUM ST sont con\u00e7ues pour les patineurs de vitesse qui privil\u00e9gient la stabilit\u00e9 et le contr\u00f4le, en particulier dans les virages.\" \/>\n<meta name=\"robots\" content=\"index, follow, max-snippet:-1, max-image-preview:large, max-video-preview:-1\" \/>\n<link rel=\"canonical\" href=\"https:\/\/xactskateshop.com\/fr\/produit\/ehs-quantum-st-lames-bi-metal\/\" \/>\n<meta property=\"og:locale\" content=\"fr_FR\" \/>\n<meta property=\"og:type\" content=\"article\" \/>\n<meta property=\"og:title\" content=\"Lames EHS QUANTUM ST Bi-M\u00e9tal - Xact Skate Shop\" \/>\n<meta property=\"og:description\" content=\"Les lames EHS QUANTUM ST sont con\u00e7ues pour les patineurs de vitesse qui privil\u00e9gient la stabilit\u00e9 et le contr\u00f4le, en particulier dans les virages.\" \/>\n<meta property=\"og:url\" content=\"https:\/\/xactskateshop.com\/fr\/produit\/ehs-quantum-st-lames-bi-metal\/\" \/>\n<meta property=\"og:site_name\" content=\"Xact Skate Shop\" \/>\n<meta property=\"article:publisher\" content=\"https:\/\/www.facebook.com\/JeanLouiskateshop\" \/>\n<meta property=\"article:modified_time\" content=\"2025-10-18T18:51:09+00:00\" \/>\n<meta property=\"og:image\" content=\"https:\/\/xactskateshop.com\/wp-content\/uploads\/2023\/10\/quantum-bm-1.jpg\" \/>\n\t<meta property=\"og:image:width\" content=\"1000\" \/>\n\t<meta property=\"og:image:height\" content=\"1000\" \/>\n\t<meta property=\"og:image:type\" content=\"image\/jpeg\" \/>\n<meta name=\"twitter:card\" content=\"summary_large_image\" \/>\n<meta name=\"twitter:label1\" content=\"Dur\u00e9e de lecture estim\u00e9e\" \/>\n\t<meta name=\"twitter:data1\" content=\"2 minutes\" \/>\n<script type=\"application\/ld+json\" class=\"yoast-schema-graph\">{\"@context\":\"https:\\\/\\\/schema.org\",\"@graph\":[{\"@type\":\"WebPage\",\"@id\":\"https:\\\/\\\/xactskateshop.com\\\/fr\\\/produit\\\/ehs-quantum-st-lames-bi-metal\\\/\",\"url\":\"https:\\\/\\\/xactskateshop.com\\\/fr\\\/produit\\\/ehs-quantum-st-lames-bi-metal\\\/\",\"name\":\"Lames EHS QUANTUM ST Bi-M\u00e9tal - Xact Skate Shop\",\"isPartOf\":{\"@id\":\"http:\\\/\\\/xactskateshop.com\\\/fr\\\/#website\"},\"primaryImageOfPage\":{\"@id\":\"https:\\\/\\\/xactskateshop.com\\\/fr\\\/produit\\\/ehs-quantum-st-lames-bi-metal\\\/#primaryimage\"},\"image\":{\"@id\":\"https:\\\/\\\/xactskateshop.com\\\/fr\\\/produit\\\/ehs-quantum-st-lames-bi-metal\\\/#primaryimage\"},\"thumbnailUrl\":\"https:\\\/\\\/xactskateshop.com\\\/wp-content\\\/uploads\\\/2023\\\/10\\\/quantum-bm-1.jpg\",\"datePublished\":\"2023-10-11T20:49:01+00:00\",\"dateModified\":\"2025-10-18T18:51:09+00:00\",\"description\":\"Les lames EHS QUANTUM ST sont con\u00e7ues pour les patineurs de vitesse qui privil\u00e9gient la stabilit\u00e9 et le contr\u00f4le, en particulier dans les virages.\",\"breadcrumb\":{\"@id\":\"https:\\\/\\\/xactskateshop.com\\\/fr\\\/produit\\\/ehs-quantum-st-lames-bi-metal\\\/#breadcrumb\"},\"inLanguage\":\"fr-FR\",\"potentialAction\":[{\"@type\":\"ReadAction\",\"target\":[\"https:\\\/\\\/xactskateshop.com\\\/fr\\\/produit\\\/ehs-quantum-st-lames-bi-metal\\\/\"]}]},{\"@type\":\"ImageObject\",\"inLanguage\":\"fr-FR\",\"@id\":\"https:\\\/\\\/xactskateshop.com\\\/fr\\\/produit\\\/ehs-quantum-st-lames-bi-metal\\\/#primaryimage\",\"url\":\"https:\\\/\\\/xactskateshop.com\\\/wp-content\\\/uploads\\\/2023\\\/10\\\/quantum-bm-1.jpg\",\"contentUrl\":\"https:\\\/\\\/xactskateshop.com\\\/wp-content\\\/uploads\\\/2023\\\/10\\\/quantum-bm-1.jpg\",\"width\":1000,\"height\":1000,\"caption\":\"LAMES EHS QUANTUM ST\"},{\"@type\":\"BreadcrumbList\",\"@id\":\"https:\\\/\\\/xactskateshop.com\\\/fr\\\/produit\\\/ehs-quantum-st-lames-bi-metal\\\/#breadcrumb\",\"itemListElement\":[{\"@type\":\"ListItem\",\"position\":1,\"name\":\"Home\",\"item\":\"https:\\\/\\\/xactskateshop.com\\\/fr\\\/accueil\\\/\"},{\"@type\":\"ListItem\",\"position\":2,\"name\":\"Boutique\",\"item\":\"https:\\\/\\\/xactskateshop.com\\\/shop\\\/\"},{\"@type\":\"ListItem\",\"position\":3,\"name\":\"Lames EHS QUANTUM ST Bi-M\u00e9tal\"}]},{\"@type\":\"WebSite\",\"@id\":\"http:\\\/\\\/xactskateshop.com\\\/fr\\\/#website\",\"url\":\"http:\\\/\\\/xactskateshop.com\\\/fr\\\/\",\"name\":\"Xact Skate Shop\",\"description\":\"Un site utilisant WordPress\",\"publisher\":{\"@id\":\"http:\\\/\\\/xactskateshop.com\\\/fr\\\/#organization\"},\"potentialAction\":[{\"@type\":\"SearchAction\",\"target\":{\"@type\":\"EntryPoint\",\"urlTemplate\":\"http:\\\/\\\/xactskateshop.com\\\/fr\\\/?s={search_term_string}\"},\"query-input\":{\"@type\":\"PropertyValueSpecification\",\"valueRequired\":true,\"valueName\":\"search_term_string\"}}],\"inLanguage\":\"fr-FR\"},{\"@type\":\"Organization\",\"@id\":\"http:\\\/\\\/xactskateshop.com\\\/fr\\\/#organization\",\"name\":\"XACT Skate Shop\",\"url\":\"http:\\\/\\\/xactskateshop.com\\\/fr\\\/\",\"logo\":{\"@type\":\"ImageObject\",\"inLanguage\":\"fr-FR\",\"@id\":\"http:\\\/\\\/xactskateshop.com\\\/fr\\\/#\\\/schema\\\/logo\\\/image\\\/\",\"url\":\"http:\\\/\\\/xactskateshop.com\\\/wp-content\\\/uploads\\\/2024\\\/04\\\/xactskateshop-dot-com-avec-contour-noir-sans-fond-675x.jpg\",\"contentUrl\":\"http:\\\/\\\/xactskateshop.com\\\/wp-content\\\/uploads\\\/2024\\\/04\\\/xactskateshop-dot-com-avec-contour-noir-sans-fond-675x.jpg\",\"width\":675,\"height\":247,\"caption\":\"XACT Skate Shop\"},\"image\":{\"@id\":\"http:\\\/\\\/xactskateshop.com\\\/fr\\\/#\\\/schema\\\/logo\\\/image\\\/\"},\"sameAs\":[\"https:\\\/\\\/www.facebook.com\\\/JeanLouiskateshop\"]}]}<\/script>\n<!-- \/ Yoast SEO plugin. -->","yoast_head_json":{"title":"Lames EHS QUANTUM ST Bi-M\u00e9tal - Xact Skate Shop","description":"Les lames EHS QUANTUM ST sont con\u00e7ues pour les patineurs de vitesse qui privil\u00e9gient la stabilit\u00e9 et le contr\u00f4le, en particulier dans les virages.","robots":{"index":"index","follow":"follow","max-snippet":"max-snippet:-1","max-image-preview":"max-image-preview:large","max-video-preview":"max-video-preview:-1"},"canonical":"https:\/\/xactskateshop.com\/fr\/produit\/ehs-quantum-st-lames-bi-metal\/","og_locale":"fr_FR","og_type":"article","og_title":"Lames EHS QUANTUM ST Bi-M\u00e9tal - Xact Skate Shop","og_description":"Les lames EHS QUANTUM ST sont con\u00e7ues pour les patineurs de vitesse qui privil\u00e9gient la stabilit\u00e9 et le contr\u00f4le, en particulier dans les virages.","og_url":"https:\/\/xactskateshop.com\/fr\/produit\/ehs-quantum-st-lames-bi-metal\/","og_site_name":"Xact Skate Shop","article_publisher":"https:\/\/www.facebook.com\/JeanLouiskateshop","article_modified_time":"2025-10-18T18:51:09+00:00","og_image":[{"width":1000,"height":1000,"url":"https:\/\/xactskateshop.com\/wp-content\/uploads\/2023\/10\/quantum-bm-1.jpg","type":"image\/jpeg"}],"twitter_card":"summary_large_image","twitter_misc":{"Dur\u00e9e de lecture estim\u00e9e":"2 minutes"},"schema":{"@context":"https:\/\/schema.org","@graph":[{"@type":"WebPage","@id":"https:\/\/xactskateshop.com\/fr\/produit\/ehs-quantum-st-lames-bi-metal\/","url":"https:\/\/xactskateshop.com\/fr\/produit\/ehs-quantum-st-lames-bi-metal\/","name":"Lames EHS QUANTUM ST Bi-M\u00e9tal - Xact Skate Shop","isPartOf":{"@id":"http:\/\/xactskateshop.com\/fr\/#website"},"primaryImageOfPage":{"@id":"https:\/\/xactskateshop.com\/fr\/produit\/ehs-quantum-st-lames-bi-metal\/#primaryimage"},"image":{"@id":"https:\/\/xactskateshop.com\/fr\/produit\/ehs-quantum-st-lames-bi-metal\/#primaryimage"},"thumbnailUrl":"https:\/\/xactskateshop.com\/wp-content\/uploads\/2023\/10\/quantum-bm-1.jpg","datePublished":"2023-10-11T20:49:01+00:00","dateModified":"2025-10-18T18:51:09+00:00","description":"Les lames EHS QUANTUM ST sont con\u00e7ues pour les patineurs de vitesse qui privil\u00e9gient la stabilit\u00e9 et le contr\u00f4le, en particulier dans les virages.","breadcrumb":{"@id":"https:\/\/xactskateshop.com\/fr\/produit\/ehs-quantum-st-lames-bi-metal\/#breadcrumb"},"inLanguage":"fr-FR","potentialAction":[{"@type":"ReadAction","target":["https:\/\/xactskateshop.com\/fr\/produit\/ehs-quantum-st-lames-bi-metal\/"]}]},{"@type":"ImageObject","inLanguage":"fr-FR","@id":"https:\/\/xactskateshop.com\/fr\/produit\/ehs-quantum-st-lames-bi-metal\/#primaryimage","url":"https:\/\/xactskateshop.com\/wp-content\/uploads\/2023\/10\/quantum-bm-1.jpg","contentUrl":"https:\/\/xactskateshop.com\/wp-content\/uploads\/2023\/10\/quantum-bm-1.jpg","width":1000,"height":1000,"caption":"LAMES EHS QUANTUM ST"},{"@type":"BreadcrumbList","@id":"https:\/\/xactskateshop.com\/fr\/produit\/ehs-quantum-st-lames-bi-metal\/#breadcrumb","itemListElement":[{"@type":"ListItem","position":1,"name":"Home","item":"https:\/\/xactskateshop.com\/fr\/accueil\/"},{"@type":"ListItem","position":2,"name":"Boutique","item":"https:\/\/xactskateshop.com\/shop\/"},{"@type":"ListItem","position":3,"name":"Lames EHS QUANTUM ST Bi-M\u00e9tal"}]},{"@type":"WebSite","@id":"http:\/\/xactskateshop.com\/fr\/#website","url":"http:\/\/xactskateshop.com\/fr\/","name":"Xact Skate Shop","description":"Un site utilisant WordPress","publisher":{"@id":"http:\/\/xactskateshop.com\/fr\/#organization"},"potentialAction":[{"@type":"SearchAction","target":{"@type":"EntryPoint","urlTemplate":"http:\/\/xactskateshop.com\/fr\/?s={search_term_string}"},"query-input":{"@type":"PropertyValueSpecification","valueRequired":true,"valueName":"search_term_string"}}],"inLanguage":"fr-FR"},{"@type":"Organization","@id":"http:\/\/xactskateshop.com\/fr\/#organization","name":"XACT Skate Shop","url":"http:\/\/xactskateshop.com\/fr\/","logo":{"@type":"ImageObject","inLanguage":"fr-FR","@id":"http:\/\/xactskateshop.com\/fr\/#\/schema\/logo\/image\/","url":"http:\/\/xactskateshop.com\/wp-content\/uploads\/2024\/04\/xactskateshop-dot-com-avec-contour-noir-sans-fond-675x.jpg","contentUrl":"http:\/\/xactskateshop.com\/wp-content\/uploads\/2024\/04\/xactskateshop-dot-com-avec-contour-noir-sans-fond-675x.jpg","width":675,"height":247,"caption":"XACT Skate Shop"},"image":{"@id":"http:\/\/xactskateshop.com\/fr\/#\/schema\/logo\/image\/"},"sameAs":["https:\/\/www.facebook.com\/JeanLouiskateshop"]}]}},"_links":{"self":[{"href":"https:\/\/xactskateshop.com\/fr\/wp-json\/wp\/v2\/product\/55258","targetHints":{"allow":["GET"]}}],"collection":[{"href":"https:\/\/xactskateshop.com\/fr\/wp-json\/wp\/v2\/product"}],"about":[{"href":"https:\/\/xactskateshop.com\/fr\/wp-json\/wp\/v2\/types\/product"}],"replies":[{"embeddable":true,"href":"https:\/\/xactskateshop.com\/fr\/wp-json\/wp\/v2\/comments?post=55258"}],"wp:featuredmedia":[{"embeddable":true,"href":"https:\/\/xactskateshop.com\/fr\/wp-json\/wp\/v2\/media\/30215"}],"wp:attachment":[{"href":"https:\/\/xactskateshop.com\/fr\/wp-json\/wp\/v2\/media?parent=55258"}],"wp:term":[{"taxonomy":"product_brand","embeddable":true,"href":"https:\/\/xactskateshop.com\/fr\/wp-json\/wp\/v2\/product_brand?post=55258"},{"taxonomy":"product_cat","embeddable":true,"href":"https:\/\/xactskateshop.com\/fr\/wp-json\/wp\/v2\/product_cat?post=55258"},{"taxonomy":"product_tag","embeddable":true,"href":"https:\/\/xactskateshop.com\/fr\/wp-json\/wp\/v2\/product_tag?post=55258"}],"curies":[{"name":"wp","href":"https:\/\/api.w.org\/{rel}","templated":true}]}}