{"id":55219,"date":"2023-10-12T12:02:03","date_gmt":"2023-10-12T16:02:03","guid":{"rendered":"http:\/\/xactskateshop.com\/product\/lames-ehs-xq-st-flex\/"},"modified":"2025-10-04T12:07:28","modified_gmt":"2025-10-04T16:07:28","slug":"lames-ehs-xq-st-flex","status":"publish","type":"product","link":"https:\/\/xactskateshop.com\/fr\/produit\/lames-ehs-xq-st-flex\/","title":{"rendered":"Lames EHS XQ ST FLEX"},"content":{"rendered":"<h3>Lames EHS XQ ST FLEX<\/h3>\n<div class=\"flex-1 overflow-hidden\">\n<div class=\"react-scroll-to-bottom--css-hwtkh-79elbk h-full dark:bg-gray-800\">\n<div class=\"react-scroll-to-bottom--css-hwtkh-1n7m0yu\">\n<div class=\"flex flex-col text-sm dark:bg-gray-800\">\n<div class=\"group w-full text-token-text-primary border-b border-black\/10 gizmo:border-0 dark:border-gray-900\/50 gizmo:dark:border-0 bg-gray-50 gizmo:bg-transparent dark:bg-[#444654] gizmo:dark:bg-transparent\" data-testid=\"conversation-turn-7\">\n<div class=\"p-4 justify-center text-base md:gap-6 md:py-6 m-auto\">\n<div class=\"flex flex-1 gap-4 text-base mx-auto md:gap-6 gizmo:gap-3 gizmo:md:px-5 gizmo:lg:px-1 gizmo:xl:px-5 md:max-w-2xl lg:max-w-[38rem] gizmo:md:max-w-3xl gizmo:lg:max-w-[40rem] gizmo:xl:max-w-[48rem] xl:max-w-3xl }\">\n<div class=\"relative flex w-[calc(100%-50px)] flex-col gap-1 gizmo:w-full md:gap-3 lg:w-[calc(100%-115px)] agent-turn\">\n<div class=\"flex flex-grow flex-col gap-3 max-w-full\">\n<div class=\"min-h-[20px] flex flex-col items-start gap-3 whitespace-pre-wrap break-words overflow-x-auto\">\n<div class=\"markdown prose w-full break-words dark:prose-invert light\">\n<p>Les lames EHS XQ ST FLEX &#8220;StayBent&#8221; d&#8217;EHS sont l&#8217;un de leurs mod\u00e8les phares les plus r\u00e9cents, en particulier le XQ\/005. Con\u00e7ues avec un accent sur le QCS, elles rassemblent les patineurs qui recherchent le contr\u00f4le, la sensation et la glisse ultimes pour leurs patins. Voici quelques caract\u00e9ristiques cl\u00e9s du XQ\/005 :<\/p>\n<p>&nbsp;<\/p>\n<h3>Sp\u00e9cifications :<\/h3>\n<ul>\n<li><strong>Mat\u00e9riaux de haute qualit\u00e9<\/strong>: Construit avec des tubes d&#8217;aluminium de la plus haute qualit\u00e9 provenant des Pays-Bas. Cela garantit la durabilit\u00e9 et la l\u00e9g\u00e8ret\u00e9 des patins.<\/li>\n<li><strong>Patins de qualit\u00e9 sup\u00e9rieure<\/strong>: EHS n&#8217;utilise que des patins en acier PM ou bi-m\u00e9tal de premi\u00e8re qualit\u00e9 pour les lames, ce qui est essentiel pour un patinage doux et pr\u00e9cis.<\/li>\n<li><strong>Technologie de flexion pr\u00e9cise<\/strong>: Les patins sont dot\u00e9s de la technologie Precise Bend brevet\u00e9e par EHS, qui permet un rayon de courbure tr\u00e8s pr\u00e9cis et r\u00e9gulier. Cette technologie contribue probablement \u00e0 am\u00e9liorer les performances et le contr\u00f4le du patinage.<\/li>\n<li><strong>Artisanat<\/strong>: Fabriqu\u00e9s enti\u00e8rement en interne par les artisans de Hagen Techniek aux Pays-Bas. Cela souligne l&#8217;attention port\u00e9e aux d\u00e9tails et le contr\u00f4le de la qualit\u00e9 de chaque paire de patins.<\/li>\n<li><strong>Coquilles plus l\u00e9g\u00e8res et plus rigides<\/strong>: Construites \u00e0 partir d&#8217;un aluminium plus l\u00e9ger et plus r\u00e9sistant, les coques des patins sont plus l\u00e9g\u00e8res et plus rigides. Cette conception permet non seulement de r\u00e9duire le poids, mais aussi d&#8217;ajouter de la rigidit\u00e9 aux patins, ce qui peut am\u00e9liorer le contr\u00f4le et la r\u00e9activit\u00e9.<\/li>\n<li><strong>Personnalisation<\/strong>: Permet la personnalisation en offrant diff\u00e9rentes hauteurs de gobelets, qui peuvent \u00eatre command\u00e9es en fonction des pr\u00e9f\u00e9rences individuelles.<\/li>\n<\/ul>\n<p>Dans l&#8217;ensemble, le EHS XQ\/005, connu sous le nom de &#8221; StayBent &#8220;, semble \u00eatre un mod\u00e8le de patin de haute qualit\u00e9 con\u00e7u pour les patineurs qui exigent des performances, une pr\u00e9cision et un contr\u00f4le de premier ordre. En mettant l&#8217;accent sur les mat\u00e9riaux, l&#8217;artisanat et les avanc\u00e9es technologiques, il vise \u00e0 offrir une excellente exp\u00e9rience de patinage aux utilisateurs.<\/p>\n<\/div>\n<\/div>\n<\/div>\n<\/div>\n<\/div>\n<\/div>\n<\/div>\n<\/div>\n<\/div>\n<\/div>\n<\/div>\n<h4><\/h4>\n<h4><strong>Lames EHS XQ ST Rigidit\u00e9 : Flex pour les patineurs de 145lbs &#8211; moins<\/strong><\/h4>\n<h3><\/h3>\n<h6 style=\"text-align: left;\"><span style=\"color: #ff0000;\">Pr\u00e9paration des lames : Nous faisons un rocker progressif ST-9 sur ces lames.<\/span> <span style=\"color: #0000ff;\"><a style=\"color: #0000ff;\" href=\"http:\/\/xactskateshop.com\/product\/short-track-blade-rockering\/\">(voir les num\u00e9ros ici)<\/a><\/span> <span style=\"color: #ff0000;\">ainsi que le bend correspondant<\/span><\/h6>\n<h3 style=\"text-align: center;\"><\/h3>\n<h3><\/h3>\n<h3 style=\"text-align: left;\"><span style=\"font-size: 16px; font-style: normal; font-weight: 400;\">Pour en savoir plus sur l&#8217;ESS <\/span><a style=\"font-size: 16px; font-style: normal; font-weight: 400; background-color: #ffffff;\" href=\"https:\/\/www.ehskates.com\/team-1\">ici<\/a><\/h3>\n","protected":false},"excerpt":{"rendered":"<p>&nbsp;<\/p>\n<hr \/>\n<p style=\"text-align: center;\">Les lames EHS XQ ST FLEX, connues sous le nom de &#8220;StayBent&#8221;, sont un mod\u00e8le de patin de haute qualit\u00e9 con\u00e7u pour les patineurs qui exigent des performances, une pr\u00e9cision et un contr\u00f4le de premier ordre.<\/p>\n<hr \/>\n<p>&nbsp;<\/p>\n","protected":false},"featured_media":30218,"comment_status":"open","ping_status":"closed","template":"","meta":{"site-sidebar-layout":"default","site-content-layout":"default","ast-site-content-layout":"default","site-content-style":"default","site-sidebar-style":"default","ast-global-header-display":"","ast-banner-title-visibility":"","ast-main-header-display":"","ast-hfb-above-header-display":"","ast-hfb-below-header-display":"","ast-hfb-mobile-header-display":"","site-post-title":"","ast-breadcrumbs-content":"","ast-featured-img":"","footer-sml-layout":"","theme-transparent-header-meta":"default","adv-header-id-meta":"","stick-header-meta":"","header-above-stick-meta":"","header-main-stick-meta":"","header-below-stick-meta":"","astra-migrate-meta-layouts":"set","ast-page-background-enabled":"default","ast-page-background-meta":{"desktop":{"background-color":"","background-image":"","background-repeat":"repeat","background-position":"center center","background-size":"auto","background-attachment":"scroll","background-type":"","background-media":"","overlay-type":"","overlay-color":"","overlay-opacity":"","overlay-gradient":""},"tablet":{"background-color":"","background-image":"","background-repeat":"repeat","background-position":"center center","background-size":"auto","background-attachment":"scroll","background-type":"","background-media":"","overlay-type":"","overlay-color":"","overlay-opacity":"","overlay-gradient":""},"mobile":{"background-color":"","background-image":"","background-repeat":"repeat","background-position":"center center","background-size":"auto","background-attachment":"scroll","background-type":"","background-media":"","overlay-type":"","overlay-color":"","overlay-opacity":"","overlay-gradient":""}},"ast-content-background-meta":{"desktop":{"background-color":"var(--ast-global-color-5)","background-image":"","background-repeat":"repeat","background-position":"center center","background-size":"auto","background-attachment":"scroll","background-type":"","background-media":"","overlay-type":"","overlay-color":"","overlay-opacity":"","overlay-gradient":""},"tablet":{"background-color":"var(--ast-global-color-5)","background-image":"","background-repeat":"repeat","background-position":"center center","background-size":"auto","background-attachment":"scroll","background-type":"","background-media":"","overlay-type":"","overlay-color":"","overlay-opacity":"","overlay-gradient":""},"mobile":{"background-color":"var(--ast-global-color-5)","background-image":"","background-repeat":"repeat","background-position":"center center","background-size":"auto","background-attachment":"scroll","background-type":"","background-media":"","overlay-type":"","overlay-color":"","overlay-opacity":"","overlay-gradient":""}}},"product_brand":[],"product_cat":[1354,1457,1353],"product_tag":[1356,2385,2388,1397,2380,2466],"class_list":{"0":"post-55219","1":"product","2":"type-product","3":"status-publish","4":"has-post-thumbnail","6":"product_cat-courte-piste","7":"product_cat-lames-et-pieces-patinage-de-vitesse-courte-piste","8":"product_cat-patinage-de-vitesse","9":"product_tag-courte-piste-fr","10":"product_tag-ehs-fr","11":"product_tag-ehs-st-fr","12":"product_tag-lames-de-st","13":"product_tag-lames-de-st-ehs","14":"product_tag-lames-staybent","15":"desktop-align-center","16":"tablet-align-center","17":"mobile-align-center","18":"ast-product-gallery-layout-horizontal","19":"ast-product-single-variable","20":"ast-product-tabs-layout-horizontal","21":"ast-qv-on-image","23":"first","24":"instock","25":"taxable","26":"shipping-taxable","27":"purchasable","28":"product-type-variable"},"bundled_by":[],"bundle_stock_status":"instock","bundle_stock_quantity":null,"bundle_virtual":false,"bundle_layout":"","bundle_add_to_cart_form_location":"","bundle_editable_in_cart":false,"bundle_sold_individually_context":"","bundle_item_grouping":"","bundle_min_size":"","bundle_max_size":"","bundle_price":[],"bundled_items":[],"bundle_sell_ids":[],"yoast_head":"<!-- This site is optimized with the Yoast SEO plugin v27.4 - https:\/\/yoast.com\/product\/yoast-seo-wordpress\/ -->\n<title>EHS XQ ST BLADES - %.<\/title>\n<meta name=\"description\" content=\"LAMES EHS XQ ST. Le &quot;StayBent&quot; est un mod\u00e8le de patin de haute qualit\u00e9 con\u00e7u pour les patineurs qui exigent des performances, une pr\u00e9cision et un contr\u00f4le de premier ordre.\" \/>\n<meta name=\"robots\" content=\"index, follow, max-snippet:-1, max-image-preview:large, max-video-preview:-1\" \/>\n<link rel=\"canonical\" href=\"https:\/\/xactskateshop.com\/fr\/produit\/lames-ehs-xq-st-flex\/\" \/>\n<meta property=\"og:locale\" content=\"fr_FR\" \/>\n<meta property=\"og:type\" content=\"article\" \/>\n<meta property=\"og:title\" content=\"EHS XQ ST BLADES - %.\" \/>\n<meta property=\"og:description\" content=\"LAMES EHS XQ ST. Le &quot;StayBent&quot; est un mod\u00e8le de patin de haute qualit\u00e9 con\u00e7u pour les patineurs qui exigent des performances, une pr\u00e9cision et un contr\u00f4le de premier ordre.\" \/>\n<meta property=\"og:url\" content=\"https:\/\/xactskateshop.com\/fr\/produit\/lames-ehs-xq-st-flex\/\" \/>\n<meta property=\"og:site_name\" content=\"Xact Skate Shop\" \/>\n<meta property=\"article:publisher\" content=\"https:\/\/www.facebook.com\/JeanLouiskateshop\" \/>\n<meta property=\"article:modified_time\" content=\"2025-10-04T16:07:28+00:00\" \/>\n<meta property=\"og:image\" content=\"https:\/\/xactskateshop.com\/wp-content\/uploads\/2023\/10\/xq-grey-1.jpg\" \/>\n\t<meta property=\"og:image:width\" content=\"1000\" \/>\n\t<meta property=\"og:image:height\" content=\"1000\" \/>\n\t<meta property=\"og:image:type\" content=\"image\/jpeg\" \/>\n<meta name=\"twitter:card\" content=\"summary_large_image\" \/>\n<meta name=\"twitter:label1\" content=\"Dur\u00e9e de lecture estim\u00e9e\" \/>\n\t<meta name=\"twitter:data1\" content=\"2 minutes\" \/>\n<script type=\"application\/ld+json\" class=\"yoast-schema-graph\">{\"@context\":\"https:\\\/\\\/schema.org\",\"@graph\":[{\"@type\":\"WebPage\",\"@id\":\"https:\\\/\\\/xactskateshop.com\\\/fr\\\/produit\\\/lames-ehs-xq-st-flex\\\/\",\"url\":\"https:\\\/\\\/xactskateshop.com\\\/fr\\\/produit\\\/lames-ehs-xq-st-flex\\\/\",\"name\":\"EHS XQ ST BLADES - %.\",\"isPartOf\":{\"@id\":\"http:\\\/\\\/xactskateshop.com\\\/fr\\\/#website\"},\"primaryImageOfPage\":{\"@id\":\"https:\\\/\\\/xactskateshop.com\\\/fr\\\/produit\\\/lames-ehs-xq-st-flex\\\/#primaryimage\"},\"image\":{\"@id\":\"https:\\\/\\\/xactskateshop.com\\\/fr\\\/produit\\\/lames-ehs-xq-st-flex\\\/#primaryimage\"},\"thumbnailUrl\":\"https:\\\/\\\/xactskateshop.com\\\/wp-content\\\/uploads\\\/2023\\\/10\\\/xq-grey-1.jpg\",\"datePublished\":\"2023-10-12T16:02:03+00:00\",\"dateModified\":\"2025-10-04T16:07:28+00:00\",\"description\":\"LAMES EHS XQ ST. Le \\\"StayBent\\\" est un mod\u00e8le de patin de haute qualit\u00e9 con\u00e7u pour les patineurs qui exigent des performances, une pr\u00e9cision et un contr\u00f4le de premier ordre.\",\"breadcrumb\":{\"@id\":\"https:\\\/\\\/xactskateshop.com\\\/fr\\\/produit\\\/lames-ehs-xq-st-flex\\\/#breadcrumb\"},\"inLanguage\":\"fr-FR\",\"potentialAction\":[{\"@type\":\"ReadAction\",\"target\":[\"https:\\\/\\\/xactskateshop.com\\\/fr\\\/produit\\\/lames-ehs-xq-st-flex\\\/\"]}]},{\"@type\":\"ImageObject\",\"inLanguage\":\"fr-FR\",\"@id\":\"https:\\\/\\\/xactskateshop.com\\\/fr\\\/produit\\\/lames-ehs-xq-st-flex\\\/#primaryimage\",\"url\":\"https:\\\/\\\/xactskateshop.com\\\/wp-content\\\/uploads\\\/2023\\\/10\\\/xq-grey-1.jpg\",\"contentUrl\":\"https:\\\/\\\/xactskateshop.com\\\/wp-content\\\/uploads\\\/2023\\\/10\\\/xq-grey-1.jpg\",\"width\":1000,\"height\":1000,\"caption\":\"LAMES EHS XQ ST\"},{\"@type\":\"BreadcrumbList\",\"@id\":\"https:\\\/\\\/xactskateshop.com\\\/fr\\\/produit\\\/lames-ehs-xq-st-flex\\\/#breadcrumb\",\"itemListElement\":[{\"@type\":\"ListItem\",\"position\":1,\"name\":\"Home\",\"item\":\"https:\\\/\\\/xactskateshop.com\\\/fr\\\/accueil\\\/\"},{\"@type\":\"ListItem\",\"position\":2,\"name\":\"Boutique\",\"item\":\"https:\\\/\\\/xactskateshop.com\\\/shop\\\/\"},{\"@type\":\"ListItem\",\"position\":3,\"name\":\"Lames EHS XQ ST FLEX\"}]},{\"@type\":\"WebSite\",\"@id\":\"http:\\\/\\\/xactskateshop.com\\\/fr\\\/#website\",\"url\":\"http:\\\/\\\/xactskateshop.com\\\/fr\\\/\",\"name\":\"Xact Skate Shop\",\"description\":\"Un site utilisant WordPress\",\"publisher\":{\"@id\":\"http:\\\/\\\/xactskateshop.com\\\/fr\\\/#organization\"},\"potentialAction\":[{\"@type\":\"SearchAction\",\"target\":{\"@type\":\"EntryPoint\",\"urlTemplate\":\"http:\\\/\\\/xactskateshop.com\\\/fr\\\/?s={search_term_string}\"},\"query-input\":{\"@type\":\"PropertyValueSpecification\",\"valueRequired\":true,\"valueName\":\"search_term_string\"}}],\"inLanguage\":\"fr-FR\"},{\"@type\":\"Organization\",\"@id\":\"http:\\\/\\\/xactskateshop.com\\\/fr\\\/#organization\",\"name\":\"XACT Skate Shop\",\"url\":\"http:\\\/\\\/xactskateshop.com\\\/fr\\\/\",\"logo\":{\"@type\":\"ImageObject\",\"inLanguage\":\"fr-FR\",\"@id\":\"http:\\\/\\\/xactskateshop.com\\\/fr\\\/#\\\/schema\\\/logo\\\/image\\\/\",\"url\":\"http:\\\/\\\/xactskateshop.com\\\/wp-content\\\/uploads\\\/2024\\\/04\\\/xactskateshop-dot-com-avec-contour-noir-sans-fond-675x.jpg\",\"contentUrl\":\"http:\\\/\\\/xactskateshop.com\\\/wp-content\\\/uploads\\\/2024\\\/04\\\/xactskateshop-dot-com-avec-contour-noir-sans-fond-675x.jpg\",\"width\":675,\"height\":247,\"caption\":\"XACT Skate Shop\"},\"image\":{\"@id\":\"http:\\\/\\\/xactskateshop.com\\\/fr\\\/#\\\/schema\\\/logo\\\/image\\\/\"},\"sameAs\":[\"https:\\\/\\\/www.facebook.com\\\/JeanLouiskateshop\"]}]}<\/script>\n<!-- \/ Yoast SEO plugin. -->","yoast_head_json":{"title":"EHS XQ ST BLADES - %.","description":"LAMES EHS XQ ST. Le \"StayBent\" est un mod\u00e8le de patin de haute qualit\u00e9 con\u00e7u pour les patineurs qui exigent des performances, une pr\u00e9cision et un contr\u00f4le de premier ordre.","robots":{"index":"index","follow":"follow","max-snippet":"max-snippet:-1","max-image-preview":"max-image-preview:large","max-video-preview":"max-video-preview:-1"},"canonical":"https:\/\/xactskateshop.com\/fr\/produit\/lames-ehs-xq-st-flex\/","og_locale":"fr_FR","og_type":"article","og_title":"EHS XQ ST BLADES - %.","og_description":"LAMES EHS XQ ST. Le \"StayBent\" est un mod\u00e8le de patin de haute qualit\u00e9 con\u00e7u pour les patineurs qui exigent des performances, une pr\u00e9cision et un contr\u00f4le de premier ordre.","og_url":"https:\/\/xactskateshop.com\/fr\/produit\/lames-ehs-xq-st-flex\/","og_site_name":"Xact Skate Shop","article_publisher":"https:\/\/www.facebook.com\/JeanLouiskateshop","article_modified_time":"2025-10-04T16:07:28+00:00","og_image":[{"width":1000,"height":1000,"url":"https:\/\/xactskateshop.com\/wp-content\/uploads\/2023\/10\/xq-grey-1.jpg","type":"image\/jpeg"}],"twitter_card":"summary_large_image","twitter_misc":{"Dur\u00e9e de lecture estim\u00e9e":"2 minutes"},"schema":{"@context":"https:\/\/schema.org","@graph":[{"@type":"WebPage","@id":"https:\/\/xactskateshop.com\/fr\/produit\/lames-ehs-xq-st-flex\/","url":"https:\/\/xactskateshop.com\/fr\/produit\/lames-ehs-xq-st-flex\/","name":"EHS XQ ST BLADES - %.","isPartOf":{"@id":"http:\/\/xactskateshop.com\/fr\/#website"},"primaryImageOfPage":{"@id":"https:\/\/xactskateshop.com\/fr\/produit\/lames-ehs-xq-st-flex\/#primaryimage"},"image":{"@id":"https:\/\/xactskateshop.com\/fr\/produit\/lames-ehs-xq-st-flex\/#primaryimage"},"thumbnailUrl":"https:\/\/xactskateshop.com\/wp-content\/uploads\/2023\/10\/xq-grey-1.jpg","datePublished":"2023-10-12T16:02:03+00:00","dateModified":"2025-10-04T16:07:28+00:00","description":"LAMES EHS XQ ST. Le \"StayBent\" est un mod\u00e8le de patin de haute qualit\u00e9 con\u00e7u pour les patineurs qui exigent des performances, une pr\u00e9cision et un contr\u00f4le de premier ordre.","breadcrumb":{"@id":"https:\/\/xactskateshop.com\/fr\/produit\/lames-ehs-xq-st-flex\/#breadcrumb"},"inLanguage":"fr-FR","potentialAction":[{"@type":"ReadAction","target":["https:\/\/xactskateshop.com\/fr\/produit\/lames-ehs-xq-st-flex\/"]}]},{"@type":"ImageObject","inLanguage":"fr-FR","@id":"https:\/\/xactskateshop.com\/fr\/produit\/lames-ehs-xq-st-flex\/#primaryimage","url":"https:\/\/xactskateshop.com\/wp-content\/uploads\/2023\/10\/xq-grey-1.jpg","contentUrl":"https:\/\/xactskateshop.com\/wp-content\/uploads\/2023\/10\/xq-grey-1.jpg","width":1000,"height":1000,"caption":"LAMES EHS XQ ST"},{"@type":"BreadcrumbList","@id":"https:\/\/xactskateshop.com\/fr\/produit\/lames-ehs-xq-st-flex\/#breadcrumb","itemListElement":[{"@type":"ListItem","position":1,"name":"Home","item":"https:\/\/xactskateshop.com\/fr\/accueil\/"},{"@type":"ListItem","position":2,"name":"Boutique","item":"https:\/\/xactskateshop.com\/shop\/"},{"@type":"ListItem","position":3,"name":"Lames EHS XQ ST FLEX"}]},{"@type":"WebSite","@id":"http:\/\/xactskateshop.com\/fr\/#website","url":"http:\/\/xactskateshop.com\/fr\/","name":"Xact Skate Shop","description":"Un site utilisant WordPress","publisher":{"@id":"http:\/\/xactskateshop.com\/fr\/#organization"},"potentialAction":[{"@type":"SearchAction","target":{"@type":"EntryPoint","urlTemplate":"http:\/\/xactskateshop.com\/fr\/?s={search_term_string}"},"query-input":{"@type":"PropertyValueSpecification","valueRequired":true,"valueName":"search_term_string"}}],"inLanguage":"fr-FR"},{"@type":"Organization","@id":"http:\/\/xactskateshop.com\/fr\/#organization","name":"XACT Skate Shop","url":"http:\/\/xactskateshop.com\/fr\/","logo":{"@type":"ImageObject","inLanguage":"fr-FR","@id":"http:\/\/xactskateshop.com\/fr\/#\/schema\/logo\/image\/","url":"http:\/\/xactskateshop.com\/wp-content\/uploads\/2024\/04\/xactskateshop-dot-com-avec-contour-noir-sans-fond-675x.jpg","contentUrl":"http:\/\/xactskateshop.com\/wp-content\/uploads\/2024\/04\/xactskateshop-dot-com-avec-contour-noir-sans-fond-675x.jpg","width":675,"height":247,"caption":"XACT Skate Shop"},"image":{"@id":"http:\/\/xactskateshop.com\/fr\/#\/schema\/logo\/image\/"},"sameAs":["https:\/\/www.facebook.com\/JeanLouiskateshop"]}]}},"_links":{"self":[{"href":"https:\/\/xactskateshop.com\/fr\/wp-json\/wp\/v2\/product\/55219","targetHints":{"allow":["GET"]}}],"collection":[{"href":"https:\/\/xactskateshop.com\/fr\/wp-json\/wp\/v2\/product"}],"about":[{"href":"https:\/\/xactskateshop.com\/fr\/wp-json\/wp\/v2\/types\/product"}],"replies":[{"embeddable":true,"href":"https:\/\/xactskateshop.com\/fr\/wp-json\/wp\/v2\/comments?post=55219"}],"wp:featuredmedia":[{"embeddable":true,"href":"https:\/\/xactskateshop.com\/fr\/wp-json\/wp\/v2\/media\/30218"}],"wp:attachment":[{"href":"https:\/\/xactskateshop.com\/fr\/wp-json\/wp\/v2\/media?parent=55219"}],"wp:term":[{"taxonomy":"product_brand","embeddable":true,"href":"https:\/\/xactskateshop.com\/fr\/wp-json\/wp\/v2\/product_brand?post=55219"},{"taxonomy":"product_cat","embeddable":true,"href":"https:\/\/xactskateshop.com\/fr\/wp-json\/wp\/v2\/product_cat?post=55219"},{"taxonomy":"product_tag","embeddable":true,"href":"https:\/\/xactskateshop.com\/fr\/wp-json\/wp\/v2\/product_tag?post=55219"}],"curies":[{"name":"wp","href":"https:\/\/api.w.org\/{rel}","templated":true}]}}